{"id":9050,"date":"2021-11-17T10:38:55","date_gmt":"2021-11-17T10:38:55","guid":{"rendered":"https:\/\/www.fecarotta.com\/amministrazione\/prodotto\/spilla-carrozza\/"},"modified":"2026-03-25T10:25:29","modified_gmt":"2026-03-25T10:25:29","slug":"spilla-carrozza","status":"publish","type":"product","link":"https:\/\/www.fecarotta.com\/it\/prodotto\/spilla-carrozza\/","title":{"rendered":"Spilla Carrozza Vintage Lunati"},"content":{"rendered":"<p>Questa\u00a0Spilla Carrozza\u00a0Spilla Carrozza Vintage cattura l&#8217;attenzione per la delicatezza delle forme, l&#8217;unicit\u00e0 del soggetto e per il valore intrinseco delle pietre e della sua manifattura.<\/p>\n<p>F.G. Fecarotta Gioielli si distingue per la competenza nella valutazione e scelta dei gioielli antichi, reperiti in Europa e nel Mondo. Oggi si pone come solido punto di riferimento nella vendita di gioielleria antica di pregio e vintage<\/p>\n<p>&nbsp;<\/p>\n<h4 class=\"js-el heading-tag la-unit-responsive\">F.G. Fecarotta Gioielli; Oltre due secoli di storia.<\/h4>\n<div class=\"js-el subheading-tag la-unit-responsive\">\n<p class=\"p1\"><strong>Siamo gioiellieri, da oltre 200 anni.<\/strong><\/p>\n<p class=\"p1\">\n<\/div>\n<p><a href=\"https:\/\/www.fecarotta.com\/it\/fecarotta-gioielli-company\/\" target=\"_blank\" rel=\"noopener noreferrer\">La nostra Azienda<\/a><\/p>\n<p>La Gioielleria F.G. Fecarotta vanta un\u00a0grande assortimento, sempre in evoluzione, di preziosi che vanno dagli anni \u201920 agli anni \u201970; acquistati con grande competenza e passione in giro per l\u2019Italia da Giorgio e Giuliano Fecarotta. Per noi \u00e8 fondamentale porre grande attenzione al rapporto qualit\u00e0 prezzo. Ogni gioiello viene corredato da un certificato di autenticit\u00e0 che ne attesta descrizione, foto e qualit\u00e0.I prodotti Vintage sono beni usati e pertanto soggetti alla legge art.36 ddl 41\/1995 che ci obbliga ad identificare gli acquirenti tramite un documento di identit\u00e0 in corso di validit\u00e0. Nella fase di acquisto sar\u00e0 richiesta una copia del documento.<\/p>\n","protected":false},"excerpt":{"rendered":"<p>Spilla Carrozza Vintage Lunati<\/p>\n<p>Delicata spilla a forma di carrozza disegnata e prodotta dalla ditta Lunati, in oro giallo e bianco smalto, rubini carr\u00e8 e brillantini .Italia anni 50<\/p>\n<p>Misure mm: 30,4&#215;20,2&#215;10<\/p>\n","protected":false},"featured_media":9051,"template":"","meta":{"_acf_changed":false},"product_brand":[],"product_cat":[2310,27,2521,853,2528,2351],"product_tag":[],"class_list":{"0":"post-9050","1":"product","2":"type-product","3":"status-publish","4":"has-post-thumbnail","6":"product_cat-donna","7":"product_cat-gioielli","8":"product_cat-gioielli-vintage","9":"product_cat-spille","10":"product_cat-spille-vintage","11":"product_cat-vintage","12":"pa_collection-vintage","13":"pa_gender-donna","15":"first","16":"outofstock","17":"purchasable","18":"product-type-simple","19":"add-to-wishlist-before_image"},"acf":[],"yoast_head":"<!-- This site is optimized with the Yoast SEO plugin v27.5 - https:\/\/yoast.com\/product\/yoast-seo-wordpress\/ -->\n<title>Spilla Carrozza Vintage Lunati - Fecarotta Gioielli<\/title>\n<meta name=\"description\" content=\"Questa\u00a0Spilla Carrozza\u00a0Spilla Carrozza Vintage cattura l&#039;attenzione per la delicatezza delle forme, l&#039;unicit\u00e0 del soggetto e per il valore intrinseco delle pietre e della sua manifattura.\" \/>\n<meta name=\"robots\" content=\"index, follow, max-snippet:-1, max-image-preview:large, max-video-preview:-1\" \/>\n<link rel=\"canonical\" href=\"https:\/\/www.fecarotta.com\/it\/prodotto\/spilla-carrozza\/\" \/>\n<meta property=\"og:locale\" content=\"it_IT\" \/>\n<meta property=\"og:type\" content=\"article\" \/>\n<meta property=\"og:title\" content=\"Spilla Carrozza Vintage Lunati - Fecarotta Gioielli\" \/>\n<meta property=\"og:description\" content=\"Questa\u00a0Spilla Carrozza\u00a0Spilla Carrozza Vintage cattura l&#039;attenzione per la delicatezza delle forme, l&#039;unicit\u00e0 del soggetto e per il valore intrinseco delle pietre e della sua manifattura.\" \/>\n<meta property=\"og:url\" content=\"https:\/\/www.fecarotta.com\/it\/prodotto\/spilla-carrozza\/\" \/>\n<meta property=\"og:site_name\" content=\"Fecarotta Gioielli\" \/>\n<meta property=\"article:publisher\" content=\"https:\/\/www.facebook.com\/fecarottagioielli\" \/>\n<meta property=\"article:modified_time\" content=\"2026-03-25T10:25:29+00:00\" \/>\n<meta property=\"og:image\" content=\"https:\/\/storage1208.cdn-immedia.net\/wp-content\/uploads\/2018\/11\/M2153.png\" \/>\n\t<meta property=\"og:image:width\" content=\"2000\" \/>\n\t<meta property=\"og:image:height\" content=\"2000\" \/>\n\t<meta property=\"og:image:type\" content=\"image\/png\" \/>\n<meta name=\"twitter:card\" content=\"summary_large_image\" \/>\n<meta name=\"twitter:label1\" content=\"Tempo di lettura stimato\" \/>\n\t<meta name=\"twitter:data1\" content=\"1 minuto\" \/>\n<script type=\"application\/ld+json\" class=\"yoast-schema-graph\">{\"@context\":\"https:\\\/\\\/schema.org\",\"@graph\":[{\"@type\":\"WebPage\",\"@id\":\"https:\\\/\\\/www.fecarotta.com\\\/it\\\/prodotto\\\/spilla-carrozza\\\/\",\"url\":\"https:\\\/\\\/www.fecarotta.com\\\/it\\\/prodotto\\\/spilla-carrozza\\\/\",\"name\":\"Spilla Carrozza Vintage Lunati - Fecarotta Gioielli\",\"isPartOf\":{\"@id\":\"https:\\\/\\\/www.fecarotta.com\\\/it\\\/#website\"},\"primaryImageOfPage\":{\"@id\":\"https:\\\/\\\/www.fecarotta.com\\\/it\\\/prodotto\\\/spilla-carrozza\\\/#primaryimage\"},\"image\":{\"@id\":\"https:\\\/\\\/www.fecarotta.com\\\/it\\\/prodotto\\\/spilla-carrozza\\\/#primaryimage\"},\"thumbnailUrl\":\"https:\\\/\\\/www.fecarotta.com\\\/wp-content\\\/uploads\\\/2018\\\/11\\\/M2153.png\",\"datePublished\":\"2021-11-17T10:38:55+00:00\",\"dateModified\":\"2026-03-25T10:25:29+00:00\",\"description\":\"Questa\u00a0Spilla Carrozza\u00a0Spilla Carrozza Vintage cattura l'attenzione per la delicatezza delle forme, l'unicit\u00e0 del soggetto e per il valore intrinseco delle pietre e della sua manifattura.\",\"breadcrumb\":{\"@id\":\"https:\\\/\\\/www.fecarotta.com\\\/it\\\/prodotto\\\/spilla-carrozza\\\/#breadcrumb\"},\"inLanguage\":\"it-IT\",\"potentialAction\":[{\"@type\":\"ReadAction\",\"target\":[\"https:\\\/\\\/www.fecarotta.com\\\/it\\\/prodotto\\\/spilla-carrozza\\\/\"]}]},{\"@type\":\"ImageObject\",\"inLanguage\":\"it-IT\",\"@id\":\"https:\\\/\\\/www.fecarotta.com\\\/it\\\/prodotto\\\/spilla-carrozza\\\/#primaryimage\",\"url\":\"https:\\\/\\\/www.fecarotta.com\\\/wp-content\\\/uploads\\\/2018\\\/11\\\/M2153.png\",\"contentUrl\":\"https:\\\/\\\/www.fecarotta.com\\\/wp-content\\\/uploads\\\/2018\\\/11\\\/M2153.png\",\"width\":2000,\"height\":2000,\"caption\":\"Spilla Carrozza Vintage\"},{\"@type\":\"BreadcrumbList\",\"@id\":\"https:\\\/\\\/www.fecarotta.com\\\/it\\\/prodotto\\\/spilla-carrozza\\\/#breadcrumb\",\"itemListElement\":[{\"@type\":\"ListItem\",\"position\":1,\"name\":\"Home\",\"item\":\"https:\\\/\\\/www.fecarotta.com\\\/it\\\/\"},{\"@type\":\"ListItem\",\"position\":2,\"name\":\"Negozio\",\"item\":\"https:\\\/\\\/www.fecarotta.com\\\/it\\\/negozio\\\/\"},{\"@type\":\"ListItem\",\"position\":3,\"name\":\"Spilla Carrozza Vintage Lunati\"}]},{\"@type\":\"WebSite\",\"@id\":\"https:\\\/\\\/www.fecarotta.com\\\/it\\\/#website\",\"url\":\"https:\\\/\\\/www.fecarotta.com\\\/it\\\/\",\"name\":\"Fecarotta Gioielli\",\"description\":\"\",\"publisher\":{\"@id\":\"https:\\\/\\\/www.fecarotta.com\\\/it\\\/#organization\"},\"potentialAction\":[{\"@type\":\"SearchAction\",\"target\":{\"@type\":\"EntryPoint\",\"urlTemplate\":\"https:\\\/\\\/www.fecarotta.com\\\/it\\\/?s={search_term_string}\"},\"query-input\":{\"@type\":\"PropertyValueSpecification\",\"valueRequired\":true,\"valueName\":\"search_term_string\"}}],\"inLanguage\":\"it-IT\"},{\"@type\":\"Organization\",\"@id\":\"https:\\\/\\\/www.fecarotta.com\\\/it\\\/#organization\",\"name\":\"Fecarotta Gioielli\",\"url\":\"https:\\\/\\\/www.fecarotta.com\\\/it\\\/\",\"logo\":{\"@type\":\"ImageObject\",\"inLanguage\":\"it-IT\",\"@id\":\"https:\\\/\\\/www.fecarotta.com\\\/it\\\/#\\\/schema\\\/logo\\\/image\\\/\",\"url\":\"https:\\\/\\\/www.fecarotta.com\\\/wp-content\\\/uploads\\\/2025\\\/03\\\/logo-gmb-fecarotta.jpg\",\"contentUrl\":\"https:\\\/\\\/www.fecarotta.com\\\/wp-content\\\/uploads\\\/2025\\\/03\\\/logo-gmb-fecarotta.jpg\",\"width\":500,\"height\":500,\"caption\":\"Fecarotta Gioielli\"},\"image\":{\"@id\":\"https:\\\/\\\/www.fecarotta.com\\\/it\\\/#\\\/schema\\\/logo\\\/image\\\/\"},\"sameAs\":[\"https:\\\/\\\/www.facebook.com\\\/fecarottagioielli\",\"http:\\\/\\\/www.instagram.com\\\/fecarotta.it\",\"https:\\\/\\\/www.linkedin.com\\\/company\\\/fecarotta-it\\\/\",\"https:\\\/\\\/api.whatsapp.com\\\/send?phone=393913323691&text=Salve, vorrei qualche informazione in merito ai vostri prodotti.\"]}]}<\/script>\n<!-- \/ Yoast SEO plugin. -->","yoast_head_json":{"title":"Spilla Carrozza Vintage Lunati - Fecarotta Gioielli","description":"Questa\u00a0Spilla Carrozza\u00a0Spilla Carrozza Vintage cattura l'attenzione per la delicatezza delle forme, l'unicit\u00e0 del soggetto e per il valore intrinseco delle pietre e della sua manifattura.","robots":{"index":"index","follow":"follow","max-snippet":"max-snippet:-1","max-image-preview":"max-image-preview:large","max-video-preview":"max-video-preview:-1"},"canonical":"https:\/\/www.fecarotta.com\/it\/prodotto\/spilla-carrozza\/","og_locale":"it_IT","og_type":"article","og_title":"Spilla Carrozza Vintage Lunati - Fecarotta Gioielli","og_description":"Questa\u00a0Spilla Carrozza\u00a0Spilla Carrozza Vintage cattura l'attenzione per la delicatezza delle forme, l'unicit\u00e0 del soggetto e per il valore intrinseco delle pietre e della sua manifattura.","og_url":"https:\/\/www.fecarotta.com\/it\/prodotto\/spilla-carrozza\/","og_site_name":"Fecarotta Gioielli","article_publisher":"https:\/\/www.facebook.com\/fecarottagioielli","article_modified_time":"2026-03-25T10:25:29+00:00","og_image":[{"width":2000,"height":2000,"url":"https:\/\/storage1208.cdn-immedia.net\/wp-content\/uploads\/2018\/11\/M2153.png","type":"image\/png"}],"twitter_card":"summary_large_image","twitter_misc":{"Tempo di lettura stimato":"1 minuto"},"schema":{"@context":"https:\/\/schema.org","@graph":[{"@type":"WebPage","@id":"https:\/\/www.fecarotta.com\/it\/prodotto\/spilla-carrozza\/","url":"https:\/\/www.fecarotta.com\/it\/prodotto\/spilla-carrozza\/","name":"Spilla Carrozza Vintage Lunati - Fecarotta Gioielli","isPartOf":{"@id":"https:\/\/www.fecarotta.com\/it\/#website"},"primaryImageOfPage":{"@id":"https:\/\/www.fecarotta.com\/it\/prodotto\/spilla-carrozza\/#primaryimage"},"image":{"@id":"https:\/\/www.fecarotta.com\/it\/prodotto\/spilla-carrozza\/#primaryimage"},"thumbnailUrl":"https:\/\/storage1208.cdn-immedia.net\/wp-content\/uploads\/2018\/11\/M2153.png","datePublished":"2021-11-17T10:38:55+00:00","dateModified":"2026-03-25T10:25:29+00:00","description":"Questa\u00a0Spilla Carrozza\u00a0Spilla Carrozza Vintage cattura l'attenzione per la delicatezza delle forme, l'unicit\u00e0 del soggetto e per il valore intrinseco delle pietre e della sua manifattura.","breadcrumb":{"@id":"https:\/\/www.fecarotta.com\/it\/prodotto\/spilla-carrozza\/#breadcrumb"},"inLanguage":"it-IT","potentialAction":[{"@type":"ReadAction","target":["https:\/\/www.fecarotta.com\/it\/prodotto\/spilla-carrozza\/"]}]},{"@type":"ImageObject","inLanguage":"it-IT","@id":"https:\/\/www.fecarotta.com\/it\/prodotto\/spilla-carrozza\/#primaryimage","url":"https:\/\/storage1208.cdn-immedia.net\/wp-content\/uploads\/2018\/11\/M2153.png","contentUrl":"https:\/\/storage1208.cdn-immedia.net\/wp-content\/uploads\/2018\/11\/M2153.png","width":2000,"height":2000,"caption":"Spilla Carrozza Vintage"},{"@type":"BreadcrumbList","@id":"https:\/\/www.fecarotta.com\/it\/prodotto\/spilla-carrozza\/#breadcrumb","itemListElement":[{"@type":"ListItem","position":1,"name":"Home","item":"https:\/\/www.fecarotta.com\/it\/"},{"@type":"ListItem","position":2,"name":"Negozio","item":"https:\/\/www.fecarotta.com\/it\/negozio\/"},{"@type":"ListItem","position":3,"name":"Spilla Carrozza Vintage Lunati"}]},{"@type":"WebSite","@id":"https:\/\/www.fecarotta.com\/it\/#website","url":"https:\/\/www.fecarotta.com\/it\/","name":"Fecarotta Gioielli","description":"","publisher":{"@id":"https:\/\/www.fecarotta.com\/it\/#organization"},"potentialAction":[{"@type":"SearchAction","target":{"@type":"EntryPoint","urlTemplate":"https:\/\/www.fecarotta.com\/it\/?s={search_term_string}"},"query-input":{"@type":"PropertyValueSpecification","valueRequired":true,"valueName":"search_term_string"}}],"inLanguage":"it-IT"},{"@type":"Organization","@id":"https:\/\/www.fecarotta.com\/it\/#organization","name":"Fecarotta Gioielli","url":"https:\/\/www.fecarotta.com\/it\/","logo":{"@type":"ImageObject","inLanguage":"it-IT","@id":"https:\/\/www.fecarotta.com\/it\/#\/schema\/logo\/image\/","url":"https:\/\/storage1208.cdn-immedia.net\/wp-content\/uploads\/2025\/03\/logo-gmb-fecarotta.jpg","contentUrl":"https:\/\/storage1208.cdn-immedia.net\/wp-content\/uploads\/2025\/03\/logo-gmb-fecarotta.jpg","width":500,"height":500,"caption":"Fecarotta Gioielli"},"image":{"@id":"https:\/\/www.fecarotta.com\/it\/#\/schema\/logo\/image\/"},"sameAs":["https:\/\/www.facebook.com\/fecarottagioielli","http:\/\/www.instagram.com\/fecarotta.it","https:\/\/www.linkedin.com\/company\/fecarotta-it\/","https:\/\/api.whatsapp.com\/send?phone=393913323691&text=Salve, vorrei qualche informazione in merito ai vostri prodotti."]}]}},"_links":{"self":[{"href":"https:\/\/www.fecarotta.com\/it\/wp-json\/wp\/v2\/product\/9050","targetHints":{"allow":["GET"]}}],"collection":[{"href":"https:\/\/www.fecarotta.com\/it\/wp-json\/wp\/v2\/product"}],"about":[{"href":"https:\/\/www.fecarotta.com\/it\/wp-json\/wp\/v2\/types\/product"}],"wp:featuredmedia":[{"embeddable":true,"href":"https:\/\/www.fecarotta.com\/it\/wp-json\/wp\/v2\/media\/9051"}],"wp:attachment":[{"href":"https:\/\/www.fecarotta.com\/it\/wp-json\/wp\/v2\/media?parent=9050"}],"wp:term":[{"taxonomy":"product_brand","embeddable":true,"href":"https:\/\/www.fecarotta.com\/it\/wp-json\/wp\/v2\/product_brand?post=9050"},{"taxonomy":"product_cat","embeddable":true,"href":"https:\/\/www.fecarotta.com\/it\/wp-json\/wp\/v2\/product_cat?post=9050"},{"taxonomy":"product_tag","embeddable":true,"href":"https:\/\/www.fecarotta.com\/it\/wp-json\/wp\/v2\/product_tag?post=9050"}],"curies":[{"name":"wp","href":"https:\/\/api.w.org\/{rel}","templated":true}]}}