{"id":8303,"date":"2022-05-17T05:00:41","date_gmt":"2022-05-17T05:00:41","guid":{"rendered":"https:\/\/www.fecarotta.com\/amministrazione\/prodotto\/orologio-octo-roma-2\/"},"modified":"2023-01-11T11:03:56","modified_gmt":"2023-01-11T11:03:56","slug":"orologio-octo-roma-2","status":"publish","type":"product","link":"https:\/\/www.fecarotta.com\/it\/prodotto\/orologio-octo-roma-2\/","title":{"rendered":"Orologio Octo Roma BVLGARI"},"content":{"rendered":"<p>Orologio Octo Roma BVLGARI<\/p>\n<p>Espressione distintiva di design audace e massima precisione, Octo circonda con semplicit\u00e0 sofisticata la creativit\u00e0 italiana e la maestria svizzera nell&#8217;arte dell&#8217;orologeria.<\/p>\n<p>Nel XV e XVI secolo, artisti italiani come Leonardo Da Vinci eccellevano nella creazione di capolavori innovativi e sempre belli. Spinto dallo stesso genio, Octo combina un design ottagonale unico &#8211; ispirato alla Basilica Massenzio di Roma del 310 dC &#8211; con meccanismi eccezionali. Rivolgendo la purezza formale dell&#8217;ottagono a estremi senza precedenti, Octo Roma introduce un design potente e innovativo.<\/p>\n<p>Concentrandosi sull&#8217;essenziale con uno stile innegabile, il segnatempo \u00e8 altamente contemporaneo per la linearit\u00e0 dei suoi contorni e la sua estetica misurata. Orologio Octo Roma con movimento meccanico, carica automatica, BVL 191 &#8211; Calibro Solotempo decorato con c\u00f4tes de Gen\u00e8ve, smussatura e finitura a sbalzo, riserva di carica di 42 ore, cassa in acciaio inossidabile 41 mm, fondello trasparente, corona con ceramica, laccato nero lucido quadrante, indici applicati a mano, bracciale in acciaio inossidabile e chiusura pieghevole. Resistente all&#8217;acqua fino a 50 metri.<\/p>\n<h4>La Storia della Maison Bvlgari<\/h4>\n<p>Fondato a Roma nel 1884 da Sotirio Bulgari, argentiere greco di talento, il marchio si afferma rapidamente come emblema dell\u2019eccellenza italiana, particolarmente evidente nel pregevole savoir-faire e nelle magnifiche creazioni gioielliere.<\/p>\n<p>Negli anni, le generazioni Bulgari hanno dato vita a uno stile distintivo caratterizzato da vivaci combinazioni di colori, volumi dall\u2019equilibrio raffinato e motivi inconfondibili che celebrano le origini romane della Maison. Senza mai dimenticare la propria tradizione culturale, Bvlgari ha introdotto innovazioni in grado di riscrivere le regole della gioielleria mondiale e ha lanciato nuove tendenze divenute icone del design contemporaneo.<\/p>\n<p>Durante gli anni della Dolce Vita il negozio di via Condotti diventa una delle mete preferite della mondanit\u00e0 e delle celebrit\u00e0 internazionali, contribuendo a consolidare la fama internazionale della Maison. All\u2019inizio degli anni Settanta Bvlgari conquista l\u2019Europa e gli Stati Uniti. I fratelli Bulgari della terza generazione infondono nuova linfa creativa attingendo da innumerevoli fonti di ispirazione che spaziano dall\u2019Estremo Oriente alla Pop Art e incontrano il gusto della donna moderna e dinamica. La loro visione pionieristica conduce all\u2019affermazione dell\u2019orologio BVLGARI BVLGARI, che diventa ben presto un grande classico e una dichiarazione di stile senza precedenti.<\/p>\n<h5 class=\"title style-scope ytd-video-primary-info-renderer\"><a href=\"https:\/\/www.youtube.com\/watch?v=X7aYCM2ijWU\" target=\"_blank\" rel=\"noopener noreferrer\">BVLGARI Prizes at GPHG 2019 \u2013 Jewellery Watch Prize<\/a><\/h5>\n<p><a href=\"https:\/\/www.fecarotta.com\/it\/fecarotta-gioielli-company\/\" target=\"_blank\" rel=\"noopener noreferrer\">La nostra Azienda<\/a><\/p>\n","protected":false},"excerpt":{"rendered":"<p>Con il suo audace design e la precisione dei suoi sofisticati meccanismi, l&#8217;orologio Octo \u00e8 un perfetto connubio tra la creativit\u00e0 italiana e l\u2019eccellenza svizzera nell\u2019arte dell\u2019orologeria. Nel XV e XVI secolo, artisti italiani come Leonardo da Vinci diedero vita a creazioni innovative dalla bellezza intramontabile. Frutto del medesimo genio, Octo combina uno straordinario design ottagonale ispirato alla Basilica romana di Massenzio (310 d.C.) con meccanismi d\u2019eccezione. Unendo alla purezza dell\u2019ottagono un design innovativo dal fascino contemporaneo, Octo Roma esalta il minimalismo delle forme con la perfezione e l\u2019equilibrio delle sue geometrie. Orologio Octo Roma con movimento meccanico di manifattura a carica automatica, calibro BVL 191 &#8211; Solotempo con finiture c\u00f4tes de Gen\u00e8ve, anglage e colima\u00e7onnage, riserva di carica di 42 ore. Cassa di 41 mm in acciaio inossidabile con fondello a vista, corona con inserto in ceramica, quadrante laccato lucido nero con indici applicati a mano, bracciale con fibbia d\u00e9ployante in acciaio inossidabile. Impermeabile fino a 50 metri.<\/p>\n<p>Ref.: 102704<br \/>\nDiametro (mm): 41<br \/>\nForma della cassa: Ottagonale<br \/>\nFunzioni: Ora-minuti-Secondi-data<br \/>\nTipo di movimento: Automatico<br \/>\nMateriale del cinturino: Acciaio inossidabile<br \/>\nRiserva di carica: 42 hours<br \/>\nFrequenza: 28&#8217;800 VpH (4Hz)<br \/>\nImpermeabilit\u00e0: 50 m<br \/>\nSpessore: 3,8 mm<br \/>\nFibbia: &#8211;<br \/>\nMateriale: Acciaio<\/p>\n<p>Colore: Nero<\/p>\n","protected":false},"featured_media":5862,"template":"","meta":{"_acf_changed":false},"product_brand":[],"product_cat":[24,206,99,71,2304],"product_tag":[],"class_list":{"0":"post-8303","1":"product","2":"type-product","3":"status-publish","4":"has-post-thumbnail","6":"product_cat-non-vendibile-online","7":"product_cat-orologi","8":"product_cat-orologi-automatici","9":"product_cat-orologi-uomo","10":"product_cat-uomo","11":"pa_brand-bulgari","12":"pa_collection-octo-watches","13":"pa_gender-uomo","15":"first","16":"instock","17":"purchasable","18":"product-type-simple","19":"add-to-wishlist-before_image"},"acf":[],"yoast_head":"<!-- This site is optimized with the Yoast SEO plugin v27.5 - https:\/\/yoast.com\/product\/yoast-seo-wordpress\/ -->\n<title>Orologio Octo Roma BVLGARI - Fecarotta Gioielli<\/title>\n<meta name=\"description\" content=\"Orologio Octo Roma BVLGARI, scopri tutte le collezioni BVLGARI su fecarotta.it - siamo gioiellieri in Italia da oltre 200 anni\" \/>\n<meta name=\"robots\" content=\"index, follow, max-snippet:-1, max-image-preview:large, max-video-preview:-1\" \/>\n<link rel=\"canonical\" href=\"https:\/\/www.fecarotta.com\/it\/prodotto\/orologio-octo-roma-2\/\" \/>\n<meta property=\"og:locale\" content=\"it_IT\" \/>\n<meta property=\"og:type\" content=\"article\" \/>\n<meta property=\"og:title\" content=\"Orologio Octo Roma BVLGARI - Fecarotta Gioielli\" \/>\n<meta property=\"og:description\" content=\"Orologio Octo Roma BVLGARI, scopri tutte le collezioni BVLGARI su fecarotta.it - siamo gioiellieri in Italia da oltre 200 anni\" \/>\n<meta property=\"og:url\" content=\"https:\/\/www.fecarotta.com\/it\/prodotto\/orologio-octo-roma-2\/\" \/>\n<meta property=\"og:site_name\" content=\"Fecarotta Gioielli\" \/>\n<meta property=\"article:publisher\" content=\"https:\/\/www.facebook.com\/fecarottagioielli\" \/>\n<meta property=\"article:modified_time\" content=\"2023-01-11T11:03:56+00:00\" \/>\n<meta property=\"og:image\" content=\"https:\/\/storage1208.cdn-immedia.net\/wp-content\/uploads\/2018\/10\/102704.png\" \/>\n\t<meta property=\"og:image:width\" content=\"2000\" \/>\n\t<meta property=\"og:image:height\" content=\"2000\" \/>\n\t<meta property=\"og:image:type\" content=\"image\/png\" \/>\n<meta name=\"twitter:card\" content=\"summary_large_image\" \/>\n<meta name=\"twitter:label1\" content=\"Tempo di lettura stimato\" \/>\n\t<meta name=\"twitter:data1\" content=\"2 minuti\" \/>\n<script type=\"application\/ld+json\" class=\"yoast-schema-graph\">{\"@context\":\"https:\\\/\\\/schema.org\",\"@graph\":[{\"@type\":\"WebPage\",\"@id\":\"https:\\\/\\\/www.fecarotta.com\\\/it\\\/prodotto\\\/orologio-octo-roma-2\\\/\",\"url\":\"https:\\\/\\\/www.fecarotta.com\\\/it\\\/prodotto\\\/orologio-octo-roma-2\\\/\",\"name\":\"Orologio Octo Roma BVLGARI - Fecarotta Gioielli\",\"isPartOf\":{\"@id\":\"https:\\\/\\\/www.fecarotta.com\\\/it\\\/#website\"},\"primaryImageOfPage\":{\"@id\":\"https:\\\/\\\/www.fecarotta.com\\\/it\\\/prodotto\\\/orologio-octo-roma-2\\\/#primaryimage\"},\"image\":{\"@id\":\"https:\\\/\\\/www.fecarotta.com\\\/it\\\/prodotto\\\/orologio-octo-roma-2\\\/#primaryimage\"},\"thumbnailUrl\":\"https:\\\/\\\/www.fecarotta.com\\\/wp-content\\\/uploads\\\/2018\\\/10\\\/102704.png\",\"datePublished\":\"2022-05-17T05:00:41+00:00\",\"dateModified\":\"2023-01-11T11:03:56+00:00\",\"description\":\"Orologio Octo Roma BVLGARI, scopri tutte le collezioni BVLGARI su fecarotta.it - siamo gioiellieri in Italia da oltre 200 anni\",\"breadcrumb\":{\"@id\":\"https:\\\/\\\/www.fecarotta.com\\\/it\\\/prodotto\\\/orologio-octo-roma-2\\\/#breadcrumb\"},\"inLanguage\":\"it-IT\",\"potentialAction\":[{\"@type\":\"ReadAction\",\"target\":[\"https:\\\/\\\/www.fecarotta.com\\\/it\\\/prodotto\\\/orologio-octo-roma-2\\\/\"]}]},{\"@type\":\"ImageObject\",\"inLanguage\":\"it-IT\",\"@id\":\"https:\\\/\\\/www.fecarotta.com\\\/it\\\/prodotto\\\/orologio-octo-roma-2\\\/#primaryimage\",\"url\":\"https:\\\/\\\/www.fecarotta.com\\\/wp-content\\\/uploads\\\/2018\\\/10\\\/102704.png\",\"contentUrl\":\"https:\\\/\\\/www.fecarotta.com\\\/wp-content\\\/uploads\\\/2018\\\/10\\\/102704.png\",\"width\":2000,\"height\":2000,\"caption\":\"Orologio Octo Roma BVLGARI\"},{\"@type\":\"BreadcrumbList\",\"@id\":\"https:\\\/\\\/www.fecarotta.com\\\/it\\\/prodotto\\\/orologio-octo-roma-2\\\/#breadcrumb\",\"itemListElement\":[{\"@type\":\"ListItem\",\"position\":1,\"name\":\"Home\",\"item\":\"https:\\\/\\\/www.fecarotta.com\\\/it\\\/\"},{\"@type\":\"ListItem\",\"position\":2,\"name\":\"Negozio\",\"item\":\"https:\\\/\\\/www.fecarotta.com\\\/it\\\/negozio\\\/\"},{\"@type\":\"ListItem\",\"position\":3,\"name\":\"Orologio Octo Roma BVLGARI\"}]},{\"@type\":\"WebSite\",\"@id\":\"https:\\\/\\\/www.fecarotta.com\\\/it\\\/#website\",\"url\":\"https:\\\/\\\/www.fecarotta.com\\\/it\\\/\",\"name\":\"Fecarotta Gioielli\",\"description\":\"\",\"publisher\":{\"@id\":\"https:\\\/\\\/www.fecarotta.com\\\/it\\\/#organization\"},\"potentialAction\":[{\"@type\":\"SearchAction\",\"target\":{\"@type\":\"EntryPoint\",\"urlTemplate\":\"https:\\\/\\\/www.fecarotta.com\\\/it\\\/?s={search_term_string}\"},\"query-input\":{\"@type\":\"PropertyValueSpecification\",\"valueRequired\":true,\"valueName\":\"search_term_string\"}}],\"inLanguage\":\"it-IT\"},{\"@type\":\"Organization\",\"@id\":\"https:\\\/\\\/www.fecarotta.com\\\/it\\\/#organization\",\"name\":\"Fecarotta Gioielli\",\"url\":\"https:\\\/\\\/www.fecarotta.com\\\/it\\\/\",\"logo\":{\"@type\":\"ImageObject\",\"inLanguage\":\"it-IT\",\"@id\":\"https:\\\/\\\/www.fecarotta.com\\\/it\\\/#\\\/schema\\\/logo\\\/image\\\/\",\"url\":\"https:\\\/\\\/www.fecarotta.com\\\/wp-content\\\/uploads\\\/2025\\\/03\\\/logo-gmb-fecarotta.jpg\",\"contentUrl\":\"https:\\\/\\\/www.fecarotta.com\\\/wp-content\\\/uploads\\\/2025\\\/03\\\/logo-gmb-fecarotta.jpg\",\"width\":500,\"height\":500,\"caption\":\"Fecarotta Gioielli\"},\"image\":{\"@id\":\"https:\\\/\\\/www.fecarotta.com\\\/it\\\/#\\\/schema\\\/logo\\\/image\\\/\"},\"sameAs\":[\"https:\\\/\\\/www.facebook.com\\\/fecarottagioielli\",\"http:\\\/\\\/www.instagram.com\\\/fecarotta.it\",\"https:\\\/\\\/www.linkedin.com\\\/company\\\/fecarotta-it\\\/\",\"https:\\\/\\\/api.whatsapp.com\\\/send?phone=393913323691&text=Salve, vorrei qualche informazione in merito ai vostri prodotti.\"]}]}<\/script>\n<!-- \/ Yoast SEO plugin. -->","yoast_head_json":{"title":"Orologio Octo Roma BVLGARI - Fecarotta Gioielli","description":"Orologio Octo Roma BVLGARI, scopri tutte le collezioni BVLGARI su fecarotta.it - siamo gioiellieri in Italia da oltre 200 anni","robots":{"index":"index","follow":"follow","max-snippet":"max-snippet:-1","max-image-preview":"max-image-preview:large","max-video-preview":"max-video-preview:-1"},"canonical":"https:\/\/www.fecarotta.com\/it\/prodotto\/orologio-octo-roma-2\/","og_locale":"it_IT","og_type":"article","og_title":"Orologio Octo Roma BVLGARI - Fecarotta Gioielli","og_description":"Orologio Octo Roma BVLGARI, scopri tutte le collezioni BVLGARI su fecarotta.it - siamo gioiellieri in Italia da oltre 200 anni","og_url":"https:\/\/www.fecarotta.com\/it\/prodotto\/orologio-octo-roma-2\/","og_site_name":"Fecarotta Gioielli","article_publisher":"https:\/\/www.facebook.com\/fecarottagioielli","article_modified_time":"2023-01-11T11:03:56+00:00","og_image":[{"width":2000,"height":2000,"url":"https:\/\/storage1208.cdn-immedia.net\/wp-content\/uploads\/2018\/10\/102704.png","type":"image\/png"}],"twitter_card":"summary_large_image","twitter_misc":{"Tempo di lettura stimato":"2 minuti"},"schema":{"@context":"https:\/\/schema.org","@graph":[{"@type":"WebPage","@id":"https:\/\/www.fecarotta.com\/it\/prodotto\/orologio-octo-roma-2\/","url":"https:\/\/www.fecarotta.com\/it\/prodotto\/orologio-octo-roma-2\/","name":"Orologio Octo Roma BVLGARI - Fecarotta Gioielli","isPartOf":{"@id":"https:\/\/www.fecarotta.com\/it\/#website"},"primaryImageOfPage":{"@id":"https:\/\/www.fecarotta.com\/it\/prodotto\/orologio-octo-roma-2\/#primaryimage"},"image":{"@id":"https:\/\/www.fecarotta.com\/it\/prodotto\/orologio-octo-roma-2\/#primaryimage"},"thumbnailUrl":"https:\/\/storage1208.cdn-immedia.net\/wp-content\/uploads\/2018\/10\/102704.png","datePublished":"2022-05-17T05:00:41+00:00","dateModified":"2023-01-11T11:03:56+00:00","description":"Orologio Octo Roma BVLGARI, scopri tutte le collezioni BVLGARI su fecarotta.it - siamo gioiellieri in Italia da oltre 200 anni","breadcrumb":{"@id":"https:\/\/www.fecarotta.com\/it\/prodotto\/orologio-octo-roma-2\/#breadcrumb"},"inLanguage":"it-IT","potentialAction":[{"@type":"ReadAction","target":["https:\/\/www.fecarotta.com\/it\/prodotto\/orologio-octo-roma-2\/"]}]},{"@type":"ImageObject","inLanguage":"it-IT","@id":"https:\/\/www.fecarotta.com\/it\/prodotto\/orologio-octo-roma-2\/#primaryimage","url":"https:\/\/storage1208.cdn-immedia.net\/wp-content\/uploads\/2018\/10\/102704.png","contentUrl":"https:\/\/storage1208.cdn-immedia.net\/wp-content\/uploads\/2018\/10\/102704.png","width":2000,"height":2000,"caption":"Orologio Octo Roma BVLGARI"},{"@type":"BreadcrumbList","@id":"https:\/\/www.fecarotta.com\/it\/prodotto\/orologio-octo-roma-2\/#breadcrumb","itemListElement":[{"@type":"ListItem","position":1,"name":"Home","item":"https:\/\/www.fecarotta.com\/it\/"},{"@type":"ListItem","position":2,"name":"Negozio","item":"https:\/\/www.fecarotta.com\/it\/negozio\/"},{"@type":"ListItem","position":3,"name":"Orologio Octo Roma BVLGARI"}]},{"@type":"WebSite","@id":"https:\/\/www.fecarotta.com\/it\/#website","url":"https:\/\/www.fecarotta.com\/it\/","name":"Fecarotta Gioielli","description":"","publisher":{"@id":"https:\/\/www.fecarotta.com\/it\/#organization"},"potentialAction":[{"@type":"SearchAction","target":{"@type":"EntryPoint","urlTemplate":"https:\/\/www.fecarotta.com\/it\/?s={search_term_string}"},"query-input":{"@type":"PropertyValueSpecification","valueRequired":true,"valueName":"search_term_string"}}],"inLanguage":"it-IT"},{"@type":"Organization","@id":"https:\/\/www.fecarotta.com\/it\/#organization","name":"Fecarotta Gioielli","url":"https:\/\/www.fecarotta.com\/it\/","logo":{"@type":"ImageObject","inLanguage":"it-IT","@id":"https:\/\/www.fecarotta.com\/it\/#\/schema\/logo\/image\/","url":"https:\/\/storage1208.cdn-immedia.net\/wp-content\/uploads\/2025\/03\/logo-gmb-fecarotta.jpg","contentUrl":"https:\/\/storage1208.cdn-immedia.net\/wp-content\/uploads\/2025\/03\/logo-gmb-fecarotta.jpg","width":500,"height":500,"caption":"Fecarotta Gioielli"},"image":{"@id":"https:\/\/www.fecarotta.com\/it\/#\/schema\/logo\/image\/"},"sameAs":["https:\/\/www.facebook.com\/fecarottagioielli","http:\/\/www.instagram.com\/fecarotta.it","https:\/\/www.linkedin.com\/company\/fecarotta-it\/","https:\/\/api.whatsapp.com\/send?phone=393913323691&text=Salve, vorrei qualche informazione in merito ai vostri prodotti."]}]}},"_links":{"self":[{"href":"https:\/\/www.fecarotta.com\/it\/wp-json\/wp\/v2\/product\/8303","targetHints":{"allow":["GET"]}}],"collection":[{"href":"https:\/\/www.fecarotta.com\/it\/wp-json\/wp\/v2\/product"}],"about":[{"href":"https:\/\/www.fecarotta.com\/it\/wp-json\/wp\/v2\/types\/product"}],"wp:featuredmedia":[{"embeddable":true,"href":"https:\/\/www.fecarotta.com\/it\/wp-json\/wp\/v2\/media\/5862"}],"wp:attachment":[{"href":"https:\/\/www.fecarotta.com\/it\/wp-json\/wp\/v2\/media?parent=8303"}],"wp:term":[{"taxonomy":"product_brand","embeddable":true,"href":"https:\/\/www.fecarotta.com\/it\/wp-json\/wp\/v2\/product_brand?post=8303"},{"taxonomy":"product_cat","embeddable":true,"href":"https:\/\/www.fecarotta.com\/it\/wp-json\/wp\/v2\/product_cat?post=8303"},{"taxonomy":"product_tag","embeddable":true,"href":"https:\/\/www.fecarotta.com\/it\/wp-json\/wp\/v2\/product_tag?post=8303"}],"curies":[{"name":"wp","href":"https:\/\/api.w.org\/{rel}","templated":true}]}}