{"id":8182,"date":"2018-11-21T15:37:56","date_gmt":"2018-11-21T15:37:56","guid":{"rendered":"https:\/\/www.fecarotta.com\/amministrazione\/prodotto\/tartufo\/"},"modified":"2026-02-13T17:52:23","modified_gmt":"2026-02-13T17:52:23","slug":"tartuffo","status":"publish","type":"product","link":"https:\/\/www.fecarotta.com\/it\/prodotto\/tartuffo\/","title":{"rendered":"SWATCH VINTAGE  OROLOGIO TARTUFFO"},"content":{"rendered":"<p>&nbsp;<\/p>\n<p>&nbsp;<\/p>\n<p><b>Il picco di popolarit\u00e0 viene raggiunto a met\u00e0 degli anni 80<\/b>\u00a0quando gli Swatch spopolano sul mercato statunitense grazie a una serie di Swatch Stores dedicati. \u00c8 davvero il periodo della Swatch-mania dove va di moda portarne due al polso o dove vengono addirittura utilizzati per legare i capelli a coda di cavallo.<\/p>\n<p><b>Swatch Irony<\/b>, distinti dagli altri per essere fatti in alluminio o acciaio (ne esistono di tantissimi tipi), rappresenta ancora un Must Have per i collezionisti di questo iconico Brand<\/p>\n<p>Marca Swatch<\/p>\n<p>Materiale cassa<br \/>\nAlluminio<br \/>\nMateriale Del Cinturino<br \/>\nCuoio<br \/>\nMovimento<br \/>\nNon definito<br \/>\nImpermeabilit\u00e0 all&#8217;acqua<br \/>\n3 bar<br \/>\nFunzioni<br \/>\nData<br \/>\nLarghezza cassa<br \/>\n33.00 mm<br \/>\nAltezza cassa<br \/>\n38.00 mm<br \/>\nSpessore cassa<br \/>\n9.00 mm<br \/>\nLinea di prodotti<br \/>\nSwatch Irony<br \/>\nFamiglia di prodotti<br \/>\nMedium<br \/>\nAnno<br \/>\n2000<\/p>\n","protected":false},"excerpt":{"rendered":"<p>&#8220;Swiss made&#8221;, l&#8217;orologio Swatch TARTUFFO (YLS4004) \u00e8 dotato di un movimento al quarzo, un cinturino cuoio e una cassa alluminio. L&#8217;orologio \u00e8 nuovo, mai indossato e corredato da scatola e garanzia ma non in corso di validit\u00e0 dato che si tratta di un modello vintage<\/p>\n","protected":false},"featured_media":5203,"template":"","meta":{"_acf_changed":false},"product_brand":[],"product_cat":[1089,206,74,2351],"product_tag":[],"class_list":{"0":"post-8182","1":"product","2":"type-product","3":"status-publish","4":"has-post-thumbnail","6":"product_cat-bf","7":"product_cat-orologi","8":"product_cat-orologi-unisex","9":"product_cat-vintage","10":"pa_brand-swatch","11":"pa_collection-irony","13":"first","14":"outofstock","15":"sale","16":"purchasable","17":"product-type-simple","18":"add-to-wishlist-before_image"},"acf":[],"yoast_head":"<!-- This site is optimized with the Yoast SEO plugin v27.5 - https:\/\/yoast.com\/product\/yoast-seo-wordpress\/ -->\n<title>SWATCH VINTAGE OROLOGIO TARTUFFO - Fecarotta Gioielli<\/title>\n<meta name=\"description\" content=\"L&#039;orologio Swatch TARTUFFO (YLS4004) da non perdere, infatti arricchisce la collezione per gli appassionati dei pezzi vintage. Altri Swatch in E-store!\" \/>\n<meta name=\"robots\" content=\"index, follow, max-snippet:-1, max-image-preview:large, max-video-preview:-1\" \/>\n<link rel=\"canonical\" href=\"https:\/\/www.fecarotta.com\/it\/prodotto\/tartuffo\/\" \/>\n<meta property=\"og:locale\" content=\"it_IT\" \/>\n<meta property=\"og:type\" content=\"article\" \/>\n<meta property=\"og:title\" content=\"SWATCH VINTAGE OROLOGIO TARTUFFO - Fecarotta Gioielli\" \/>\n<meta property=\"og:description\" content=\"L&#039;orologio Swatch TARTUFFO (YLS4004) da non perdere, infatti arricchisce la collezione per gli appassionati dei pezzi vintage. Altri Swatch in E-store!\" \/>\n<meta property=\"og:url\" content=\"https:\/\/www.fecarotta.com\/it\/prodotto\/tartuffo\/\" \/>\n<meta property=\"og:site_name\" content=\"Fecarotta Gioielli\" \/>\n<meta property=\"article:publisher\" content=\"https:\/\/www.facebook.com\/fecarottagioielli\" \/>\n<meta property=\"article:modified_time\" content=\"2026-02-13T17:52:23+00:00\" \/>\n<meta property=\"og:image\" content=\"https:\/\/storage1208.cdn-immedia.net\/wp-content\/uploads\/2018\/10\/YLS4004.png\" \/>\n\t<meta property=\"og:image:width\" content=\"1000\" \/>\n\t<meta property=\"og:image:height\" content=\"1000\" \/>\n\t<meta property=\"og:image:type\" content=\"image\/png\" \/>\n<meta name=\"twitter:card\" content=\"summary_large_image\" \/>\n<meta name=\"twitter:label1\" content=\"Tempo di lettura stimato\" \/>\n\t<meta name=\"twitter:data1\" content=\"1 minuto\" \/>\n<script type=\"application\/ld+json\" class=\"yoast-schema-graph\">{\"@context\":\"https:\\\/\\\/schema.org\",\"@graph\":[{\"@type\":\"WebPage\",\"@id\":\"https:\\\/\\\/www.fecarotta.com\\\/it\\\/prodotto\\\/tartuffo\\\/\",\"url\":\"https:\\\/\\\/www.fecarotta.com\\\/it\\\/prodotto\\\/tartuffo\\\/\",\"name\":\"SWATCH VINTAGE OROLOGIO TARTUFFO - Fecarotta Gioielli\",\"isPartOf\":{\"@id\":\"https:\\\/\\\/www.fecarotta.com\\\/it\\\/#website\"},\"primaryImageOfPage\":{\"@id\":\"https:\\\/\\\/www.fecarotta.com\\\/it\\\/prodotto\\\/tartuffo\\\/#primaryimage\"},\"image\":{\"@id\":\"https:\\\/\\\/www.fecarotta.com\\\/it\\\/prodotto\\\/tartuffo\\\/#primaryimage\"},\"thumbnailUrl\":\"https:\\\/\\\/www.fecarotta.com\\\/wp-content\\\/uploads\\\/2018\\\/10\\\/YLS4004.png\",\"datePublished\":\"2018-11-21T15:37:56+00:00\",\"dateModified\":\"2026-02-13T17:52:23+00:00\",\"description\":\"L'orologio Swatch TARTUFFO (YLS4004) da non perdere, infatti arricchisce la collezione per gli appassionati dei pezzi vintage. Altri Swatch in E-store!\",\"breadcrumb\":{\"@id\":\"https:\\\/\\\/www.fecarotta.com\\\/it\\\/prodotto\\\/tartuffo\\\/#breadcrumb\"},\"inLanguage\":\"it-IT\",\"potentialAction\":[{\"@type\":\"ReadAction\",\"target\":[\"https:\\\/\\\/www.fecarotta.com\\\/it\\\/prodotto\\\/tartuffo\\\/\"]}]},{\"@type\":\"ImageObject\",\"inLanguage\":\"it-IT\",\"@id\":\"https:\\\/\\\/www.fecarotta.com\\\/it\\\/prodotto\\\/tartuffo\\\/#primaryimage\",\"url\":\"https:\\\/\\\/www.fecarotta.com\\\/wp-content\\\/uploads\\\/2018\\\/10\\\/YLS4004.png\",\"contentUrl\":\"https:\\\/\\\/www.fecarotta.com\\\/wp-content\\\/uploads\\\/2018\\\/10\\\/YLS4004.png\",\"width\":1000,\"height\":1000,\"caption\":\"Orologio\"},{\"@type\":\"BreadcrumbList\",\"@id\":\"https:\\\/\\\/www.fecarotta.com\\\/it\\\/prodotto\\\/tartuffo\\\/#breadcrumb\",\"itemListElement\":[{\"@type\":\"ListItem\",\"position\":1,\"name\":\"Home\",\"item\":\"https:\\\/\\\/www.fecarotta.com\\\/it\\\/\"},{\"@type\":\"ListItem\",\"position\":2,\"name\":\"Negozio\",\"item\":\"https:\\\/\\\/www.fecarotta.com\\\/it\\\/negozio\\\/\"},{\"@type\":\"ListItem\",\"position\":3,\"name\":\"SWATCH VINTAGE OROLOGIO TARTUFFO\"}]},{\"@type\":\"WebSite\",\"@id\":\"https:\\\/\\\/www.fecarotta.com\\\/it\\\/#website\",\"url\":\"https:\\\/\\\/www.fecarotta.com\\\/it\\\/\",\"name\":\"Fecarotta Gioielli\",\"description\":\"\",\"publisher\":{\"@id\":\"https:\\\/\\\/www.fecarotta.com\\\/it\\\/#organization\"},\"potentialAction\":[{\"@type\":\"SearchAction\",\"target\":{\"@type\":\"EntryPoint\",\"urlTemplate\":\"https:\\\/\\\/www.fecarotta.com\\\/it\\\/?s={search_term_string}\"},\"query-input\":{\"@type\":\"PropertyValueSpecification\",\"valueRequired\":true,\"valueName\":\"search_term_string\"}}],\"inLanguage\":\"it-IT\"},{\"@type\":\"Organization\",\"@id\":\"https:\\\/\\\/www.fecarotta.com\\\/it\\\/#organization\",\"name\":\"Fecarotta Gioielli\",\"url\":\"https:\\\/\\\/www.fecarotta.com\\\/it\\\/\",\"logo\":{\"@type\":\"ImageObject\",\"inLanguage\":\"it-IT\",\"@id\":\"https:\\\/\\\/www.fecarotta.com\\\/it\\\/#\\\/schema\\\/logo\\\/image\\\/\",\"url\":\"https:\\\/\\\/www.fecarotta.com\\\/wp-content\\\/uploads\\\/2025\\\/03\\\/logo-gmb-fecarotta.jpg\",\"contentUrl\":\"https:\\\/\\\/www.fecarotta.com\\\/wp-content\\\/uploads\\\/2025\\\/03\\\/logo-gmb-fecarotta.jpg\",\"width\":500,\"height\":500,\"caption\":\"Fecarotta Gioielli\"},\"image\":{\"@id\":\"https:\\\/\\\/www.fecarotta.com\\\/it\\\/#\\\/schema\\\/logo\\\/image\\\/\"},\"sameAs\":[\"https:\\\/\\\/www.facebook.com\\\/fecarottagioielli\",\"http:\\\/\\\/www.instagram.com\\\/fecarotta.it\",\"https:\\\/\\\/www.linkedin.com\\\/company\\\/fecarotta-it\\\/\",\"https:\\\/\\\/api.whatsapp.com\\\/send?phone=393913323691&text=Salve, vorrei qualche informazione in merito ai vostri prodotti.\"]}]}<\/script>\n<!-- \/ Yoast SEO plugin. -->","yoast_head_json":{"title":"SWATCH VINTAGE OROLOGIO TARTUFFO - Fecarotta Gioielli","description":"L'orologio Swatch TARTUFFO (YLS4004) da non perdere, infatti arricchisce la collezione per gli appassionati dei pezzi vintage. Altri Swatch in E-store!","robots":{"index":"index","follow":"follow","max-snippet":"max-snippet:-1","max-image-preview":"max-image-preview:large","max-video-preview":"max-video-preview:-1"},"canonical":"https:\/\/www.fecarotta.com\/it\/prodotto\/tartuffo\/","og_locale":"it_IT","og_type":"article","og_title":"SWATCH VINTAGE OROLOGIO TARTUFFO - Fecarotta Gioielli","og_description":"L'orologio Swatch TARTUFFO (YLS4004) da non perdere, infatti arricchisce la collezione per gli appassionati dei pezzi vintage. Altri Swatch in E-store!","og_url":"https:\/\/www.fecarotta.com\/it\/prodotto\/tartuffo\/","og_site_name":"Fecarotta Gioielli","article_publisher":"https:\/\/www.facebook.com\/fecarottagioielli","article_modified_time":"2026-02-13T17:52:23+00:00","og_image":[{"width":1000,"height":1000,"url":"https:\/\/storage1208.cdn-immedia.net\/wp-content\/uploads\/2018\/10\/YLS4004.png","type":"image\/png"}],"twitter_card":"summary_large_image","twitter_misc":{"Tempo di lettura stimato":"1 minuto"},"schema":{"@context":"https:\/\/schema.org","@graph":[{"@type":"WebPage","@id":"https:\/\/www.fecarotta.com\/it\/prodotto\/tartuffo\/","url":"https:\/\/www.fecarotta.com\/it\/prodotto\/tartuffo\/","name":"SWATCH VINTAGE OROLOGIO TARTUFFO - Fecarotta Gioielli","isPartOf":{"@id":"https:\/\/www.fecarotta.com\/it\/#website"},"primaryImageOfPage":{"@id":"https:\/\/www.fecarotta.com\/it\/prodotto\/tartuffo\/#primaryimage"},"image":{"@id":"https:\/\/www.fecarotta.com\/it\/prodotto\/tartuffo\/#primaryimage"},"thumbnailUrl":"https:\/\/storage1208.cdn-immedia.net\/wp-content\/uploads\/2018\/10\/YLS4004.png","datePublished":"2018-11-21T15:37:56+00:00","dateModified":"2026-02-13T17:52:23+00:00","description":"L'orologio Swatch TARTUFFO (YLS4004) da non perdere, infatti arricchisce la collezione per gli appassionati dei pezzi vintage. Altri Swatch in E-store!","breadcrumb":{"@id":"https:\/\/www.fecarotta.com\/it\/prodotto\/tartuffo\/#breadcrumb"},"inLanguage":"it-IT","potentialAction":[{"@type":"ReadAction","target":["https:\/\/www.fecarotta.com\/it\/prodotto\/tartuffo\/"]}]},{"@type":"ImageObject","inLanguage":"it-IT","@id":"https:\/\/www.fecarotta.com\/it\/prodotto\/tartuffo\/#primaryimage","url":"https:\/\/storage1208.cdn-immedia.net\/wp-content\/uploads\/2018\/10\/YLS4004.png","contentUrl":"https:\/\/storage1208.cdn-immedia.net\/wp-content\/uploads\/2018\/10\/YLS4004.png","width":1000,"height":1000,"caption":"Orologio"},{"@type":"BreadcrumbList","@id":"https:\/\/www.fecarotta.com\/it\/prodotto\/tartuffo\/#breadcrumb","itemListElement":[{"@type":"ListItem","position":1,"name":"Home","item":"https:\/\/www.fecarotta.com\/it\/"},{"@type":"ListItem","position":2,"name":"Negozio","item":"https:\/\/www.fecarotta.com\/it\/negozio\/"},{"@type":"ListItem","position":3,"name":"SWATCH VINTAGE OROLOGIO TARTUFFO"}]},{"@type":"WebSite","@id":"https:\/\/www.fecarotta.com\/it\/#website","url":"https:\/\/www.fecarotta.com\/it\/","name":"Fecarotta Gioielli","description":"","publisher":{"@id":"https:\/\/www.fecarotta.com\/it\/#organization"},"potentialAction":[{"@type":"SearchAction","target":{"@type":"EntryPoint","urlTemplate":"https:\/\/www.fecarotta.com\/it\/?s={search_term_string}"},"query-input":{"@type":"PropertyValueSpecification","valueRequired":true,"valueName":"search_term_string"}}],"inLanguage":"it-IT"},{"@type":"Organization","@id":"https:\/\/www.fecarotta.com\/it\/#organization","name":"Fecarotta Gioielli","url":"https:\/\/www.fecarotta.com\/it\/","logo":{"@type":"ImageObject","inLanguage":"it-IT","@id":"https:\/\/www.fecarotta.com\/it\/#\/schema\/logo\/image\/","url":"https:\/\/storage1208.cdn-immedia.net\/wp-content\/uploads\/2025\/03\/logo-gmb-fecarotta.jpg","contentUrl":"https:\/\/storage1208.cdn-immedia.net\/wp-content\/uploads\/2025\/03\/logo-gmb-fecarotta.jpg","width":500,"height":500,"caption":"Fecarotta Gioielli"},"image":{"@id":"https:\/\/www.fecarotta.com\/it\/#\/schema\/logo\/image\/"},"sameAs":["https:\/\/www.facebook.com\/fecarottagioielli","http:\/\/www.instagram.com\/fecarotta.it","https:\/\/www.linkedin.com\/company\/fecarotta-it\/","https:\/\/api.whatsapp.com\/send?phone=393913323691&text=Salve, vorrei qualche informazione in merito ai vostri prodotti."]}]}},"_links":{"self":[{"href":"https:\/\/www.fecarotta.com\/it\/wp-json\/wp\/v2\/product\/8182","targetHints":{"allow":["GET"]}}],"collection":[{"href":"https:\/\/www.fecarotta.com\/it\/wp-json\/wp\/v2\/product"}],"about":[{"href":"https:\/\/www.fecarotta.com\/it\/wp-json\/wp\/v2\/types\/product"}],"wp:featuredmedia":[{"embeddable":true,"href":"https:\/\/www.fecarotta.com\/it\/wp-json\/wp\/v2\/media\/5203"}],"wp:attachment":[{"href":"https:\/\/www.fecarotta.com\/it\/wp-json\/wp\/v2\/media?parent=8182"}],"wp:term":[{"taxonomy":"product_brand","embeddable":true,"href":"https:\/\/www.fecarotta.com\/it\/wp-json\/wp\/v2\/product_brand?post=8182"},{"taxonomy":"product_cat","embeddable":true,"href":"https:\/\/www.fecarotta.com\/it\/wp-json\/wp\/v2\/product_cat?post=8182"},{"taxonomy":"product_tag","embeddable":true,"href":"https:\/\/www.fecarotta.com\/it\/wp-json\/wp\/v2\/product_tag?post=8182"}],"curies":[{"name":"wp","href":"https:\/\/api.w.org\/{rel}","templated":true}]}}