{"id":29553,"date":"2021-08-10T23:59:51","date_gmt":"2021-08-10T23:59:51","guid":{"rendered":"https:\/\/www.fecarotta.com\/?post_type=product&#038;p=29553"},"modified":"2026-03-04T17:21:26","modified_gmt":"2026-03-04T17:21:26","slug":"orecchini-a-catena-gucci-link-to-love-con-barretta-gucci-2","status":"publish","type":"product","link":"https:\/\/www.fecarotta.com\/it\/prodotto\/orecchini-a-catena-gucci-link-to-love-con-barretta-gucci-2\/","title":{"rendered":"Orecchini a catena Gucci Link to Love con barretta Gucci"},"content":{"rendered":"<div id=\"product-details\" class=\"accordion-drawer\">\n<div class=\"product-detail\">\n<p>Orecchini a catena Gucci Link to Love con barretta Gucci<\/p>\n<p>La Storia<\/p>\n<p>Gucci \u00e8 uno dei brand italiani di alta moda tra i pi\u00f9 famosi del mondo, e i suoi orologi e gioielli rispecchiano appieno la tradizione di stile e originalit\u00e0 di cui l\u2019azienda fondata a Firenze da Guccio Gucci nell\u2019ormai lontano 1921 si \u00e8 sempre fatta portabandiera.<\/p>\n<p>Nel 1921 Guccio Gucci fond\u00f2 a Firenze l\u2019azienda omonima per la produzione di articoli di pelletteria, guanti e valigeria. Nel 1923 il primo marchio della casa di moda riportava solamente il nome del fondatore nel carattere calligra\ufb01co, probabilmente derivato dalla sua \ufb01rma.<\/p>\n<p>E&#8217; il 1960 Aldo Gucci, uno dei tre \ufb01gli di Guccio, disegna il simbolo con le due \u201cG\u201d incrociate, chiaro riferimento alle iniziali del fondatore; questo segno grafico, non ancora diventato il marchio dell\u2019azienda, viene riproposto in diverse fogge e cio\u00e8; fuse in un cerchio, contrapposte, invertite e in forma astratta. Quindi nel 1971 il logot\u00ecpo sar\u00e0 composto con un carattere graziato mentre solo nel 1992,con la direzione artistica di Alessandro Michele, comparir\u00e0 ufficialmente nel marchio aziendale il simbolo della doppia \u201cG\u201d, fino ad allora utilizzato solo come griffe sulle borse, calzature e cinture.<\/p>\n<p>A partire dal 1998 la comunicazione ufficiale sar\u00e0 affidata al solo logot\u00ecpo composto con carattere graziato lapidario, molto spaziato; \u00e8 con questo marchio che l\u2019azienda si presenta nel mondo come espressione distintiva del \u201cmade in Italy\u201d.<\/p>\n<p>Nel 2019 il nuovo monogramma Gucci impreziosisce gli accessori come gioielli e borse; presenta le due G sovrapposte e rivolte entrambe a destra.<\/p>\n<p>Ogni oggetto \u00e8 corredato\u00a0 dalla confezione originale. FG Fecarotta Gioielli \u00e8 concessionario ufficiale del marchio Gucci.&#8221;<\/p>\n<p>&nbsp;<\/p>\n<p>&nbsp;<\/p>\n<p>&nbsp;<\/p>\n<p><a href=\"https:\/\/www.fecarotta.com\/it\/fecarotta-gioielli-company\/\" target=\"_blank\" rel=\"noopener noreferrer\">La nostra Azienda<\/a><\/p>\n<p><a href=\"https:\/\/www.youtube.com\/user\/gucciofficial\" target=\"_blank\" rel=\"noopener noreferrer\">Gucci official video<\/a><\/p>\n<\/div>\n<\/div>\n","protected":false},"excerpt":{"rendered":"<div id=\"product-details\" class=\"accordion-drawer\">\n<div class=\"product-detail\">\n<p>Orecchini a catena Gucci Link to Love con barretta Gucci<\/p>\n<p>La collezione Gucci Link to Love \u00e8 un&#8217;esplorazione del romanticismo moderno che caratterizza i nuovi simboli dell&#8217;amore. La collezione combina diverse tonalit\u00e0 d&#8217;oro e un mix di finiture che fondono le linee tra maschile e femminile. Ogni pezzo \u00e8 destinato a ispirare modi individualizzati di indossarli con caratteristiche impilabili e stratificate. Questi orecchini a catena in oro rosa 18 carati hanno un&#8217;incisione &#8216;Gucci&#8217; sulla barra pendente.<\/p>\n<p>Oro rosa 18 carati<br \/>\nCiondolo a barra con incisione &#8216;Gucci<br \/>\nPer orecchie forate<br \/>\nLunghezza: 12cm<br \/>\nRealizzati in Italia<br \/>\nGucci garantisce, internamente e nella sua catena di fornitura, il rispetto degli standard di responsabilit\u00e0 sociale e ambientale in linea con la sua strategia di sostenibilit\u00e0. L&#8217;oro, il platino e i diamanti Gucci sono certificati dal Responsible Jewelry Council, la cui missione \u00e8 promuovere pratiche responsabili, etiche, sociali e ambientali che garantiscano i diritti umani lungo tutta la catena di approvvigionamento di oro e diamanti, dalle miniere alla vendita al dettaglio<\/p>\n<p>&nbsp;<\/p>\n<\/div>\n<\/div>\n","protected":false},"featured_media":29555,"template":"","meta":{"_acf_changed":false},"product_brand":[],"product_cat":[2310,27,35],"product_tag":[],"class_list":{"0":"post-29553","1":"product","2":"type-product","3":"status-publish","4":"has-post-thumbnail","6":"product_cat-donna","7":"product_cat-gioielli","8":"product_cat-orecchini-2-jewels","9":"pa_brand-gucci-gioielli","10":"pa_collection-link-to-love","11":"pa_gender-donna","13":"first","14":"onbackorder","15":"shipping-taxable","16":"purchasable","17":"product-type-simple","18":"add-to-wishlist-before_image"},"acf":[],"yoast_head":"<!-- This site is optimized with the Yoast SEO plugin v27.5 - https:\/\/yoast.com\/product\/yoast-seo-wordpress\/ -->\n<title>Orecchini a catena Gucci Link to Love con barretta Gucci - Fecarotta Gioielli<\/title>\n<meta name=\"description\" content=\"Orecchini a catena Gucci Link to Love con barretta Gucci disponibile anche on line\" \/>\n<meta name=\"robots\" content=\"index, follow, max-snippet:-1, max-image-preview:large, max-video-preview:-1\" \/>\n<link rel=\"canonical\" href=\"https:\/\/www.fecarotta.com\/it\/prodotto\/orecchini-a-catena-gucci-link-to-love-con-barretta-gucci-2\/\" \/>\n<meta property=\"og:locale\" content=\"it_IT\" \/>\n<meta property=\"og:type\" content=\"article\" \/>\n<meta property=\"og:title\" content=\"Orecchini a catena Gucci Link to Love con barretta Gucci - Fecarotta Gioielli\" \/>\n<meta property=\"og:description\" content=\"Orecchini a catena Gucci Link to Love con barretta Gucci disponibile anche on line\" \/>\n<meta property=\"og:url\" content=\"https:\/\/www.fecarotta.com\/it\/prodotto\/orecchini-a-catena-gucci-link-to-love-con-barretta-gucci-2\/\" \/>\n<meta property=\"og:site_name\" content=\"Fecarotta Gioielli\" \/>\n<meta property=\"article:publisher\" content=\"https:\/\/www.facebook.com\/fecarottagioielli\" \/>\n<meta property=\"article:modified_time\" content=\"2026-03-04T17:21:26+00:00\" \/>\n<meta property=\"og:image\" content=\"https:\/\/storage1208.cdn-immedia.net\/wp-content\/uploads\/2021\/07\/YBD662115_002_001.jpg\" \/>\n\t<meta property=\"og:image:width\" content=\"2000\" \/>\n\t<meta property=\"og:image:height\" content=\"2000\" \/>\n\t<meta property=\"og:image:type\" content=\"image\/jpeg\" \/>\n<meta name=\"twitter:card\" content=\"summary_large_image\" \/>\n<meta name=\"twitter:label1\" content=\"Tempo di lettura stimato\" \/>\n\t<meta name=\"twitter:data1\" content=\"2 minuti\" \/>\n<script type=\"application\/ld+json\" class=\"yoast-schema-graph\">{\"@context\":\"https:\\\/\\\/schema.org\",\"@graph\":[{\"@type\":\"WebPage\",\"@id\":\"https:\\\/\\\/www.fecarotta.com\\\/it\\\/prodotto\\\/orecchini-a-catena-gucci-link-to-love-con-barretta-gucci-2\\\/\",\"url\":\"https:\\\/\\\/www.fecarotta.com\\\/it\\\/prodotto\\\/orecchini-a-catena-gucci-link-to-love-con-barretta-gucci-2\\\/\",\"name\":\"Orecchini a catena Gucci Link to Love con barretta Gucci - Fecarotta Gioielli\",\"isPartOf\":{\"@id\":\"https:\\\/\\\/www.fecarotta.com\\\/it\\\/#website\"},\"primaryImageOfPage\":{\"@id\":\"https:\\\/\\\/www.fecarotta.com\\\/it\\\/prodotto\\\/orecchini-a-catena-gucci-link-to-love-con-barretta-gucci-2\\\/#primaryimage\"},\"image\":{\"@id\":\"https:\\\/\\\/www.fecarotta.com\\\/it\\\/prodotto\\\/orecchini-a-catena-gucci-link-to-love-con-barretta-gucci-2\\\/#primaryimage\"},\"thumbnailUrl\":\"https:\\\/\\\/www.fecarotta.com\\\/wp-content\\\/uploads\\\/2021\\\/07\\\/YBD662115_002_001.jpg\",\"datePublished\":\"2021-08-10T23:59:51+00:00\",\"dateModified\":\"2026-03-04T17:21:26+00:00\",\"description\":\"Orecchini a catena Gucci Link to Love con barretta Gucci disponibile anche on line\",\"breadcrumb\":{\"@id\":\"https:\\\/\\\/www.fecarotta.com\\\/it\\\/prodotto\\\/orecchini-a-catena-gucci-link-to-love-con-barretta-gucci-2\\\/#breadcrumb\"},\"inLanguage\":\"it-IT\",\"potentialAction\":[{\"@type\":\"ReadAction\",\"target\":[\"https:\\\/\\\/www.fecarotta.com\\\/it\\\/prodotto\\\/orecchini-a-catena-gucci-link-to-love-con-barretta-gucci-2\\\/\"]}]},{\"@type\":\"ImageObject\",\"inLanguage\":\"it-IT\",\"@id\":\"https:\\\/\\\/www.fecarotta.com\\\/it\\\/prodotto\\\/orecchini-a-catena-gucci-link-to-love-con-barretta-gucci-2\\\/#primaryimage\",\"url\":\"https:\\\/\\\/www.fecarotta.com\\\/wp-content\\\/uploads\\\/2021\\\/07\\\/YBD662115_002_001.jpg\",\"contentUrl\":\"https:\\\/\\\/www.fecarotta.com\\\/wp-content\\\/uploads\\\/2021\\\/07\\\/YBD662115_002_001.jpg\",\"width\":2000,\"height\":2000,\"caption\":\"Orecchini a catena Gucci Link to Love con barra 'Gucci\"},{\"@type\":\"BreadcrumbList\",\"@id\":\"https:\\\/\\\/www.fecarotta.com\\\/it\\\/prodotto\\\/orecchini-a-catena-gucci-link-to-love-con-barretta-gucci-2\\\/#breadcrumb\",\"itemListElement\":[{\"@type\":\"ListItem\",\"position\":1,\"name\":\"Home\",\"item\":\"https:\\\/\\\/www.fecarotta.com\\\/it\\\/\"},{\"@type\":\"ListItem\",\"position\":2,\"name\":\"Negozio\",\"item\":\"https:\\\/\\\/www.fecarotta.com\\\/it\\\/negozio\\\/\"},{\"@type\":\"ListItem\",\"position\":3,\"name\":\"Orecchini a catena Gucci Link to Love con barretta Gucci\"}]},{\"@type\":\"WebSite\",\"@id\":\"https:\\\/\\\/www.fecarotta.com\\\/it\\\/#website\",\"url\":\"https:\\\/\\\/www.fecarotta.com\\\/it\\\/\",\"name\":\"Fecarotta Gioielli\",\"description\":\"\",\"publisher\":{\"@id\":\"https:\\\/\\\/www.fecarotta.com\\\/it\\\/#organization\"},\"potentialAction\":[{\"@type\":\"SearchAction\",\"target\":{\"@type\":\"EntryPoint\",\"urlTemplate\":\"https:\\\/\\\/www.fecarotta.com\\\/it\\\/?s={search_term_string}\"},\"query-input\":{\"@type\":\"PropertyValueSpecification\",\"valueRequired\":true,\"valueName\":\"search_term_string\"}}],\"inLanguage\":\"it-IT\"},{\"@type\":\"Organization\",\"@id\":\"https:\\\/\\\/www.fecarotta.com\\\/it\\\/#organization\",\"name\":\"Fecarotta Gioielli\",\"url\":\"https:\\\/\\\/www.fecarotta.com\\\/it\\\/\",\"logo\":{\"@type\":\"ImageObject\",\"inLanguage\":\"it-IT\",\"@id\":\"https:\\\/\\\/www.fecarotta.com\\\/it\\\/#\\\/schema\\\/logo\\\/image\\\/\",\"url\":\"https:\\\/\\\/www.fecarotta.com\\\/wp-content\\\/uploads\\\/2025\\\/03\\\/logo-gmb-fecarotta.jpg\",\"contentUrl\":\"https:\\\/\\\/www.fecarotta.com\\\/wp-content\\\/uploads\\\/2025\\\/03\\\/logo-gmb-fecarotta.jpg\",\"width\":500,\"height\":500,\"caption\":\"Fecarotta Gioielli\"},\"image\":{\"@id\":\"https:\\\/\\\/www.fecarotta.com\\\/it\\\/#\\\/schema\\\/logo\\\/image\\\/\"},\"sameAs\":[\"https:\\\/\\\/www.facebook.com\\\/fecarottagioielli\",\"http:\\\/\\\/www.instagram.com\\\/fecarotta.it\",\"https:\\\/\\\/www.linkedin.com\\\/company\\\/fecarotta-it\\\/\",\"https:\\\/\\\/api.whatsapp.com\\\/send?phone=393913323691&text=Salve, vorrei qualche informazione in merito ai vostri prodotti.\"]}]}<\/script>\n<!-- \/ Yoast SEO plugin. -->","yoast_head_json":{"title":"Orecchini a catena Gucci Link to Love con barretta Gucci - Fecarotta Gioielli","description":"Orecchini a catena Gucci Link to Love con barretta Gucci disponibile anche on line","robots":{"index":"index","follow":"follow","max-snippet":"max-snippet:-1","max-image-preview":"max-image-preview:large","max-video-preview":"max-video-preview:-1"},"canonical":"https:\/\/www.fecarotta.com\/it\/prodotto\/orecchini-a-catena-gucci-link-to-love-con-barretta-gucci-2\/","og_locale":"it_IT","og_type":"article","og_title":"Orecchini a catena Gucci Link to Love con barretta Gucci - Fecarotta Gioielli","og_description":"Orecchini a catena Gucci Link to Love con barretta Gucci disponibile anche on line","og_url":"https:\/\/www.fecarotta.com\/it\/prodotto\/orecchini-a-catena-gucci-link-to-love-con-barretta-gucci-2\/","og_site_name":"Fecarotta Gioielli","article_publisher":"https:\/\/www.facebook.com\/fecarottagioielli","article_modified_time":"2026-03-04T17:21:26+00:00","og_image":[{"width":2000,"height":2000,"url":"https:\/\/storage1208.cdn-immedia.net\/wp-content\/uploads\/2021\/07\/YBD662115_002_001.jpg","type":"image\/jpeg"}],"twitter_card":"summary_large_image","twitter_misc":{"Tempo di lettura stimato":"2 minuti"},"schema":{"@context":"https:\/\/schema.org","@graph":[{"@type":"WebPage","@id":"https:\/\/www.fecarotta.com\/it\/prodotto\/orecchini-a-catena-gucci-link-to-love-con-barretta-gucci-2\/","url":"https:\/\/www.fecarotta.com\/it\/prodotto\/orecchini-a-catena-gucci-link-to-love-con-barretta-gucci-2\/","name":"Orecchini a catena Gucci Link to Love con barretta Gucci - Fecarotta Gioielli","isPartOf":{"@id":"https:\/\/www.fecarotta.com\/it\/#website"},"primaryImageOfPage":{"@id":"https:\/\/www.fecarotta.com\/it\/prodotto\/orecchini-a-catena-gucci-link-to-love-con-barretta-gucci-2\/#primaryimage"},"image":{"@id":"https:\/\/www.fecarotta.com\/it\/prodotto\/orecchini-a-catena-gucci-link-to-love-con-barretta-gucci-2\/#primaryimage"},"thumbnailUrl":"https:\/\/storage1208.cdn-immedia.net\/wp-content\/uploads\/2021\/07\/YBD662115_002_001.jpg","datePublished":"2021-08-10T23:59:51+00:00","dateModified":"2026-03-04T17:21:26+00:00","description":"Orecchini a catena Gucci Link to Love con barretta Gucci disponibile anche on line","breadcrumb":{"@id":"https:\/\/www.fecarotta.com\/it\/prodotto\/orecchini-a-catena-gucci-link-to-love-con-barretta-gucci-2\/#breadcrumb"},"inLanguage":"it-IT","potentialAction":[{"@type":"ReadAction","target":["https:\/\/www.fecarotta.com\/it\/prodotto\/orecchini-a-catena-gucci-link-to-love-con-barretta-gucci-2\/"]}]},{"@type":"ImageObject","inLanguage":"it-IT","@id":"https:\/\/www.fecarotta.com\/it\/prodotto\/orecchini-a-catena-gucci-link-to-love-con-barretta-gucci-2\/#primaryimage","url":"https:\/\/storage1208.cdn-immedia.net\/wp-content\/uploads\/2021\/07\/YBD662115_002_001.jpg","contentUrl":"https:\/\/storage1208.cdn-immedia.net\/wp-content\/uploads\/2021\/07\/YBD662115_002_001.jpg","width":2000,"height":2000,"caption":"Orecchini a catena Gucci Link to Love con barra 'Gucci"},{"@type":"BreadcrumbList","@id":"https:\/\/www.fecarotta.com\/it\/prodotto\/orecchini-a-catena-gucci-link-to-love-con-barretta-gucci-2\/#breadcrumb","itemListElement":[{"@type":"ListItem","position":1,"name":"Home","item":"https:\/\/www.fecarotta.com\/it\/"},{"@type":"ListItem","position":2,"name":"Negozio","item":"https:\/\/www.fecarotta.com\/it\/negozio\/"},{"@type":"ListItem","position":3,"name":"Orecchini a catena Gucci Link to Love con barretta Gucci"}]},{"@type":"WebSite","@id":"https:\/\/www.fecarotta.com\/it\/#website","url":"https:\/\/www.fecarotta.com\/it\/","name":"Fecarotta Gioielli","description":"","publisher":{"@id":"https:\/\/www.fecarotta.com\/it\/#organization"},"potentialAction":[{"@type":"SearchAction","target":{"@type":"EntryPoint","urlTemplate":"https:\/\/www.fecarotta.com\/it\/?s={search_term_string}"},"query-input":{"@type":"PropertyValueSpecification","valueRequired":true,"valueName":"search_term_string"}}],"inLanguage":"it-IT"},{"@type":"Organization","@id":"https:\/\/www.fecarotta.com\/it\/#organization","name":"Fecarotta Gioielli","url":"https:\/\/www.fecarotta.com\/it\/","logo":{"@type":"ImageObject","inLanguage":"it-IT","@id":"https:\/\/www.fecarotta.com\/it\/#\/schema\/logo\/image\/","url":"https:\/\/storage1208.cdn-immedia.net\/wp-content\/uploads\/2025\/03\/logo-gmb-fecarotta.jpg","contentUrl":"https:\/\/storage1208.cdn-immedia.net\/wp-content\/uploads\/2025\/03\/logo-gmb-fecarotta.jpg","width":500,"height":500,"caption":"Fecarotta Gioielli"},"image":{"@id":"https:\/\/www.fecarotta.com\/it\/#\/schema\/logo\/image\/"},"sameAs":["https:\/\/www.facebook.com\/fecarottagioielli","http:\/\/www.instagram.com\/fecarotta.it","https:\/\/www.linkedin.com\/company\/fecarotta-it\/","https:\/\/api.whatsapp.com\/send?phone=393913323691&text=Salve, vorrei qualche informazione in merito ai vostri prodotti."]}]}},"_links":{"self":[{"href":"https:\/\/www.fecarotta.com\/it\/wp-json\/wp\/v2\/product\/29553","targetHints":{"allow":["GET"]}}],"collection":[{"href":"https:\/\/www.fecarotta.com\/it\/wp-json\/wp\/v2\/product"}],"about":[{"href":"https:\/\/www.fecarotta.com\/it\/wp-json\/wp\/v2\/types\/product"}],"wp:featuredmedia":[{"embeddable":true,"href":"https:\/\/www.fecarotta.com\/it\/wp-json\/wp\/v2\/media\/29555"}],"wp:attachment":[{"href":"https:\/\/www.fecarotta.com\/it\/wp-json\/wp\/v2\/media?parent=29553"}],"wp:term":[{"taxonomy":"product_brand","embeddable":true,"href":"https:\/\/www.fecarotta.com\/it\/wp-json\/wp\/v2\/product_brand?post=29553"},{"taxonomy":"product_cat","embeddable":true,"href":"https:\/\/www.fecarotta.com\/it\/wp-json\/wp\/v2\/product_cat?post=29553"},{"taxonomy":"product_tag","embeddable":true,"href":"https:\/\/www.fecarotta.com\/it\/wp-json\/wp\/v2\/product_tag?post=29553"}],"curies":[{"name":"wp","href":"https:\/\/api.w.org\/{rel}","templated":true}]}}