{"id":29495,"date":"2021-12-14T17:25:36","date_gmt":"2021-12-14T17:25:36","guid":{"rendered":"https:\/\/www.fecarotta.com\/?post_type=product&#038;p=29495"},"modified":"2026-02-02T21:33:10","modified_gmt":"2026-02-02T21:33:10","slug":"richard-ginori-piatto-gio-ponti-passeggiata-archeologica-bianco","status":"publish","type":"product","link":"https:\/\/www.fecarotta.com\/it\/prodotto\/richard-ginori-piatto-gio-ponti-passeggiata-archeologica-bianco\/","title":{"rendered":"PIATTO GIO PONTI"},"content":{"rendered":"<p>In questo decoro, l\u2019architetto Gio Ponti recupera l\u2019ispirazione classicistica della Manifattura, che evoca il gusto settecentesco dei viaggiatori del Grand Tour, ma presumibilmente fa anche riferimento al percorso, inaugurato nel 1918, presso gli scavi di Roma e indicato come Passeggiata archeologica. La Manifattura Richard Ginori propone questo decoro in entrambe le varianti ideate da Ponti, a fondo bianco e a fondo nero. L\u2019esemplare con fondo bianco evidenzia la capacit\u00e0 della Manifattura, perch\u00e9 \u00e8 composto di due decalcomanie che si devono perfettamente sovrapporre in modo da creare la lumeggiatura in oro sia delle silhouette blu scure, sia della pavimentazione. Dopo la cottura della decalcomania, per entrambi i decori, si procede con la filettatura in oro realizzata a pennello.<\/p>\n<p>&nbsp;<\/p>\n<div class=\"node-product--value-label\">Dimensioni: \u21a5 3.6cm\u00a0 \u00d8 33cm WT 1240g<\/div>\n<p>&nbsp;<\/p>\n","protected":false},"excerpt":{"rendered":"<p>Passeggiata Archeologica fondo bianco, piatto cm 33<\/p>\n<p>Arte di Gio Ponti<\/p>\n","protected":false},"featured_media":29499,"template":"","meta":{"_acf_changed":false},"product_brand":[],"product_cat":[1807,113,114],"product_tag":[],"class_list":{"0":"post-29495","1":"product","2":"type-product","3":"status-publish","4":"has-post-thumbnail","6":"product_cat-home-design","7":"product_cat-porcellane-e-cristalli","8":"product_cat-vasi","9":"pa_brand-richard-ginori","10":"pa_collection-arte-gio-ponti-decorato","12":"first","13":"onbackorder","14":"purchasable","15":"product-type-simple","16":"add-to-wishlist-before_image"},"acf":[],"yoast_head":"<!-- This site is optimized with the Yoast SEO plugin v27.5 - https:\/\/yoast.com\/product\/yoast-seo-wordpress\/ -->\n<title>PIATTO GIO PONTI - Fecarotta Gioielli<\/title>\n<meta name=\"description\" content=\"RICHARD GINORI PIATTO GIO PONTI PASSEGGIATA ARCHEOLOGICA Design, acquista online con coupon di benvenuto e codice sconto. fecarotta.com spedisce in Italia gratuitamente con Corriere Espresso Assicurato\" \/>\n<meta name=\"robots\" content=\"index, follow, max-snippet:-1, max-image-preview:large, max-video-preview:-1\" \/>\n<link rel=\"canonical\" href=\"https:\/\/www.fecarotta.com\/it\/prodotto\/richard-ginori-piatto-gio-ponti-passeggiata-archeologica-bianco\/\" \/>\n<meta property=\"og:locale\" content=\"it_IT\" \/>\n<meta property=\"og:type\" content=\"article\" \/>\n<meta property=\"og:title\" content=\"PIATTO GIO PONTI - Fecarotta Gioielli\" \/>\n<meta property=\"og:description\" content=\"RICHARD GINORI PIATTO GIO PONTI PASSEGGIATA ARCHEOLOGICA Design, acquista online con coupon di benvenuto e codice sconto. fecarotta.com spedisce in Italia gratuitamente con Corriere Espresso Assicurato\" \/>\n<meta property=\"og:url\" content=\"https:\/\/www.fecarotta.com\/it\/prodotto\/richard-ginori-piatto-gio-ponti-passeggiata-archeologica-bianco\/\" \/>\n<meta property=\"og:site_name\" content=\"Fecarotta Gioielli\" \/>\n<meta property=\"article:publisher\" content=\"https:\/\/www.facebook.com\/fecarottagioielli\" \/>\n<meta property=\"article:modified_time\" content=\"2026-02-02T21:33:10+00:00\" \/>\n<meta property=\"og:image\" content=\"https:\/\/storage1208.cdn-immedia.net\/wp-content\/uploads\/2021\/07\/passeggiata-archeologica-walk-gio-ponti-plate-sconto-discount.jpg\" \/>\n\t<meta property=\"og:image:width\" content=\"1022\" \/>\n\t<meta property=\"og:image:height\" content=\"1022\" \/>\n\t<meta property=\"og:image:type\" content=\"image\/jpeg\" \/>\n<meta name=\"twitter:card\" content=\"summary_large_image\" \/>\n<meta name=\"twitter:label1\" content=\"Tempo di lettura stimato\" \/>\n\t<meta name=\"twitter:data1\" content=\"2 minuti\" \/>\n<script type=\"application\/ld+json\" class=\"yoast-schema-graph\">{\"@context\":\"https:\\\/\\\/schema.org\",\"@graph\":[{\"@type\":\"WebPage\",\"@id\":\"https:\\\/\\\/www.fecarotta.com\\\/it\\\/prodotto\\\/richard-ginori-piatto-gio-ponti-passeggiata-archeologica-bianco\\\/\",\"url\":\"https:\\\/\\\/www.fecarotta.com\\\/it\\\/prodotto\\\/richard-ginori-piatto-gio-ponti-passeggiata-archeologica-bianco\\\/\",\"name\":\"PIATTO GIO PONTI - Fecarotta Gioielli\",\"isPartOf\":{\"@id\":\"https:\\\/\\\/www.fecarotta.com\\\/it\\\/#website\"},\"primaryImageOfPage\":{\"@id\":\"https:\\\/\\\/www.fecarotta.com\\\/it\\\/prodotto\\\/richard-ginori-piatto-gio-ponti-passeggiata-archeologica-bianco\\\/#primaryimage\"},\"image\":{\"@id\":\"https:\\\/\\\/www.fecarotta.com\\\/it\\\/prodotto\\\/richard-ginori-piatto-gio-ponti-passeggiata-archeologica-bianco\\\/#primaryimage\"},\"thumbnailUrl\":\"https:\\\/\\\/www.fecarotta.com\\\/wp-content\\\/uploads\\\/2021\\\/07\\\/passeggiata-archeologica-walk-gio-ponti-plate-sconto-discount.jpg\",\"datePublished\":\"2021-12-14T17:25:36+00:00\",\"dateModified\":\"2026-02-02T21:33:10+00:00\",\"description\":\"RICHARD GINORI PIATTO GIO PONTI PASSEGGIATA ARCHEOLOGICA Design, acquista online con coupon di benvenuto e codice sconto. fecarotta.com spedisce in Italia gratuitamente con Corriere Espresso Assicurato\",\"breadcrumb\":{\"@id\":\"https:\\\/\\\/www.fecarotta.com\\\/it\\\/prodotto\\\/richard-ginori-piatto-gio-ponti-passeggiata-archeologica-bianco\\\/#breadcrumb\"},\"inLanguage\":\"it-IT\",\"potentialAction\":[{\"@type\":\"ReadAction\",\"target\":[\"https:\\\/\\\/www.fecarotta.com\\\/it\\\/prodotto\\\/richard-ginori-piatto-gio-ponti-passeggiata-archeologica-bianco\\\/\"]}]},{\"@type\":\"ImageObject\",\"inLanguage\":\"it-IT\",\"@id\":\"https:\\\/\\\/www.fecarotta.com\\\/it\\\/prodotto\\\/richard-ginori-piatto-gio-ponti-passeggiata-archeologica-bianco\\\/#primaryimage\",\"url\":\"https:\\\/\\\/www.fecarotta.com\\\/wp-content\\\/uploads\\\/2021\\\/07\\\/passeggiata-archeologica-walk-gio-ponti-plate-sconto-discount.jpg\",\"contentUrl\":\"https:\\\/\\\/www.fecarotta.com\\\/wp-content\\\/uploads\\\/2021\\\/07\\\/passeggiata-archeologica-walk-gio-ponti-plate-sconto-discount.jpg\",\"width\":1022,\"height\":1022,\"caption\":\"Piatto\"},{\"@type\":\"BreadcrumbList\",\"@id\":\"https:\\\/\\\/www.fecarotta.com\\\/it\\\/prodotto\\\/richard-ginori-piatto-gio-ponti-passeggiata-archeologica-bianco\\\/#breadcrumb\",\"itemListElement\":[{\"@type\":\"ListItem\",\"position\":1,\"name\":\"Home\",\"item\":\"https:\\\/\\\/www.fecarotta.com\\\/it\\\/\"},{\"@type\":\"ListItem\",\"position\":2,\"name\":\"Negozio\",\"item\":\"https:\\\/\\\/www.fecarotta.com\\\/it\\\/negozio\\\/\"},{\"@type\":\"ListItem\",\"position\":3,\"name\":\"PIATTO GIO PONTI\"}]},{\"@type\":\"WebSite\",\"@id\":\"https:\\\/\\\/www.fecarotta.com\\\/it\\\/#website\",\"url\":\"https:\\\/\\\/www.fecarotta.com\\\/it\\\/\",\"name\":\"Fecarotta Gioielli\",\"description\":\"\",\"publisher\":{\"@id\":\"https:\\\/\\\/www.fecarotta.com\\\/it\\\/#organization\"},\"potentialAction\":[{\"@type\":\"SearchAction\",\"target\":{\"@type\":\"EntryPoint\",\"urlTemplate\":\"https:\\\/\\\/www.fecarotta.com\\\/it\\\/?s={search_term_string}\"},\"query-input\":{\"@type\":\"PropertyValueSpecification\",\"valueRequired\":true,\"valueName\":\"search_term_string\"}}],\"inLanguage\":\"it-IT\"},{\"@type\":\"Organization\",\"@id\":\"https:\\\/\\\/www.fecarotta.com\\\/it\\\/#organization\",\"name\":\"Fecarotta Gioielli\",\"url\":\"https:\\\/\\\/www.fecarotta.com\\\/it\\\/\",\"logo\":{\"@type\":\"ImageObject\",\"inLanguage\":\"it-IT\",\"@id\":\"https:\\\/\\\/www.fecarotta.com\\\/it\\\/#\\\/schema\\\/logo\\\/image\\\/\",\"url\":\"https:\\\/\\\/www.fecarotta.com\\\/wp-content\\\/uploads\\\/2025\\\/03\\\/logo-gmb-fecarotta.jpg\",\"contentUrl\":\"https:\\\/\\\/www.fecarotta.com\\\/wp-content\\\/uploads\\\/2025\\\/03\\\/logo-gmb-fecarotta.jpg\",\"width\":500,\"height\":500,\"caption\":\"Fecarotta Gioielli\"},\"image\":{\"@id\":\"https:\\\/\\\/www.fecarotta.com\\\/it\\\/#\\\/schema\\\/logo\\\/image\\\/\"},\"sameAs\":[\"https:\\\/\\\/www.facebook.com\\\/fecarottagioielli\",\"http:\\\/\\\/www.instagram.com\\\/fecarotta.it\",\"https:\\\/\\\/www.linkedin.com\\\/company\\\/fecarotta-it\\\/\",\"https:\\\/\\\/api.whatsapp.com\\\/send?phone=393913323691&text=Salve, vorrei qualche informazione in merito ai vostri prodotti.\"]}]}<\/script>\n<!-- \/ Yoast SEO plugin. -->","yoast_head_json":{"title":"PIATTO GIO PONTI - Fecarotta Gioielli","description":"RICHARD GINORI PIATTO GIO PONTI PASSEGGIATA ARCHEOLOGICA Design, acquista online con coupon di benvenuto e codice sconto. fecarotta.com spedisce in Italia gratuitamente con Corriere Espresso Assicurato","robots":{"index":"index","follow":"follow","max-snippet":"max-snippet:-1","max-image-preview":"max-image-preview:large","max-video-preview":"max-video-preview:-1"},"canonical":"https:\/\/www.fecarotta.com\/it\/prodotto\/richard-ginori-piatto-gio-ponti-passeggiata-archeologica-bianco\/","og_locale":"it_IT","og_type":"article","og_title":"PIATTO GIO PONTI - Fecarotta Gioielli","og_description":"RICHARD GINORI PIATTO GIO PONTI PASSEGGIATA ARCHEOLOGICA Design, acquista online con coupon di benvenuto e codice sconto. fecarotta.com spedisce in Italia gratuitamente con Corriere Espresso Assicurato","og_url":"https:\/\/www.fecarotta.com\/it\/prodotto\/richard-ginori-piatto-gio-ponti-passeggiata-archeologica-bianco\/","og_site_name":"Fecarotta Gioielli","article_publisher":"https:\/\/www.facebook.com\/fecarottagioielli","article_modified_time":"2026-02-02T21:33:10+00:00","og_image":[{"width":1022,"height":1022,"url":"https:\/\/storage1208.cdn-immedia.net\/wp-content\/uploads\/2021\/07\/passeggiata-archeologica-walk-gio-ponti-plate-sconto-discount.jpg","type":"image\/jpeg"}],"twitter_card":"summary_large_image","twitter_misc":{"Tempo di lettura stimato":"2 minuti"},"schema":{"@context":"https:\/\/schema.org","@graph":[{"@type":"WebPage","@id":"https:\/\/www.fecarotta.com\/it\/prodotto\/richard-ginori-piatto-gio-ponti-passeggiata-archeologica-bianco\/","url":"https:\/\/www.fecarotta.com\/it\/prodotto\/richard-ginori-piatto-gio-ponti-passeggiata-archeologica-bianco\/","name":"PIATTO GIO PONTI - Fecarotta Gioielli","isPartOf":{"@id":"https:\/\/www.fecarotta.com\/it\/#website"},"primaryImageOfPage":{"@id":"https:\/\/www.fecarotta.com\/it\/prodotto\/richard-ginori-piatto-gio-ponti-passeggiata-archeologica-bianco\/#primaryimage"},"image":{"@id":"https:\/\/www.fecarotta.com\/it\/prodotto\/richard-ginori-piatto-gio-ponti-passeggiata-archeologica-bianco\/#primaryimage"},"thumbnailUrl":"https:\/\/storage1208.cdn-immedia.net\/wp-content\/uploads\/2021\/07\/passeggiata-archeologica-walk-gio-ponti-plate-sconto-discount.jpg","datePublished":"2021-12-14T17:25:36+00:00","dateModified":"2026-02-02T21:33:10+00:00","description":"RICHARD GINORI PIATTO GIO PONTI PASSEGGIATA ARCHEOLOGICA Design, acquista online con coupon di benvenuto e codice sconto. fecarotta.com spedisce in Italia gratuitamente con Corriere Espresso Assicurato","breadcrumb":{"@id":"https:\/\/www.fecarotta.com\/it\/prodotto\/richard-ginori-piatto-gio-ponti-passeggiata-archeologica-bianco\/#breadcrumb"},"inLanguage":"it-IT","potentialAction":[{"@type":"ReadAction","target":["https:\/\/www.fecarotta.com\/it\/prodotto\/richard-ginori-piatto-gio-ponti-passeggiata-archeologica-bianco\/"]}]},{"@type":"ImageObject","inLanguage":"it-IT","@id":"https:\/\/www.fecarotta.com\/it\/prodotto\/richard-ginori-piatto-gio-ponti-passeggiata-archeologica-bianco\/#primaryimage","url":"https:\/\/storage1208.cdn-immedia.net\/wp-content\/uploads\/2021\/07\/passeggiata-archeologica-walk-gio-ponti-plate-sconto-discount.jpg","contentUrl":"https:\/\/storage1208.cdn-immedia.net\/wp-content\/uploads\/2021\/07\/passeggiata-archeologica-walk-gio-ponti-plate-sconto-discount.jpg","width":1022,"height":1022,"caption":"Piatto"},{"@type":"BreadcrumbList","@id":"https:\/\/www.fecarotta.com\/it\/prodotto\/richard-ginori-piatto-gio-ponti-passeggiata-archeologica-bianco\/#breadcrumb","itemListElement":[{"@type":"ListItem","position":1,"name":"Home","item":"https:\/\/www.fecarotta.com\/it\/"},{"@type":"ListItem","position":2,"name":"Negozio","item":"https:\/\/www.fecarotta.com\/it\/negozio\/"},{"@type":"ListItem","position":3,"name":"PIATTO GIO PONTI"}]},{"@type":"WebSite","@id":"https:\/\/www.fecarotta.com\/it\/#website","url":"https:\/\/www.fecarotta.com\/it\/","name":"Fecarotta Gioielli","description":"","publisher":{"@id":"https:\/\/www.fecarotta.com\/it\/#organization"},"potentialAction":[{"@type":"SearchAction","target":{"@type":"EntryPoint","urlTemplate":"https:\/\/www.fecarotta.com\/it\/?s={search_term_string}"},"query-input":{"@type":"PropertyValueSpecification","valueRequired":true,"valueName":"search_term_string"}}],"inLanguage":"it-IT"},{"@type":"Organization","@id":"https:\/\/www.fecarotta.com\/it\/#organization","name":"Fecarotta Gioielli","url":"https:\/\/www.fecarotta.com\/it\/","logo":{"@type":"ImageObject","inLanguage":"it-IT","@id":"https:\/\/www.fecarotta.com\/it\/#\/schema\/logo\/image\/","url":"https:\/\/storage1208.cdn-immedia.net\/wp-content\/uploads\/2025\/03\/logo-gmb-fecarotta.jpg","contentUrl":"https:\/\/storage1208.cdn-immedia.net\/wp-content\/uploads\/2025\/03\/logo-gmb-fecarotta.jpg","width":500,"height":500,"caption":"Fecarotta Gioielli"},"image":{"@id":"https:\/\/www.fecarotta.com\/it\/#\/schema\/logo\/image\/"},"sameAs":["https:\/\/www.facebook.com\/fecarottagioielli","http:\/\/www.instagram.com\/fecarotta.it","https:\/\/www.linkedin.com\/company\/fecarotta-it\/","https:\/\/api.whatsapp.com\/send?phone=393913323691&text=Salve, vorrei qualche informazione in merito ai vostri prodotti."]}]}},"_links":{"self":[{"href":"https:\/\/www.fecarotta.com\/it\/wp-json\/wp\/v2\/product\/29495","targetHints":{"allow":["GET"]}}],"collection":[{"href":"https:\/\/www.fecarotta.com\/it\/wp-json\/wp\/v2\/product"}],"about":[{"href":"https:\/\/www.fecarotta.com\/it\/wp-json\/wp\/v2\/types\/product"}],"wp:featuredmedia":[{"embeddable":true,"href":"https:\/\/www.fecarotta.com\/it\/wp-json\/wp\/v2\/media\/29499"}],"wp:attachment":[{"href":"https:\/\/www.fecarotta.com\/it\/wp-json\/wp\/v2\/media?parent=29495"}],"wp:term":[{"taxonomy":"product_brand","embeddable":true,"href":"https:\/\/www.fecarotta.com\/it\/wp-json\/wp\/v2\/product_brand?post=29495"},{"taxonomy":"product_cat","embeddable":true,"href":"https:\/\/www.fecarotta.com\/it\/wp-json\/wp\/v2\/product_cat?post=29495"},{"taxonomy":"product_tag","embeddable":true,"href":"https:\/\/www.fecarotta.com\/it\/wp-json\/wp\/v2\/product_tag?post=29495"}],"curies":[{"name":"wp","href":"https:\/\/api.w.org\/{rel}","templated":true}]}}