{"id":29323,"date":"2021-08-10T23:52:25","date_gmt":"2021-08-10T23:52:25","guid":{"rendered":"https:\/\/www.fecarotta.com\/?post_type=product&#038;p=29323"},"modified":"2025-01-29T11:17:54","modified_gmt":"2025-01-29T11:17:54","slug":"gucci-bracciale-doppia-g-con-fiore","status":"publish","type":"product","link":"https:\/\/www.fecarotta.com\/it\/prodotto\/gucci-bracciale-doppia-g-con-fiore\/","title":{"rendered":"Gucci Bracciale Doppia G con fiore"},"content":{"rendered":"<div class=\"product-detail\">\n<p>Gucci Bracciale Doppia G con fiore<\/p>\n<div class=\"product-detail\">\n<div id=\"product-details\" class=\"accordion-drawer\">\n<div class=\"product-detail\">\n<p>&nbsp;<\/p>\n<\/div>\n<\/div>\n<p>La Storia Gucci<\/p>\n<\/div>\n<\/div>\n<div class=\"product-detail\">\n<p>Gucci \u00e8 uno dei brand italiani di alta moda tra i pi\u00f9 famosi del mondo, e i suoi orologi e gioielli rispecchiano appieno la tradizione di stile e originalit\u00e0 di cui l\u2019azienda fondata a Firenze da Guccio Gucci nell\u2019ormai lontano 1921 si \u00e8 sempre fatta portabandiera.<\/p>\n<p>Nel 1921 Guccio Gucci fond\u00f2 a Firenze l\u2019azienda omonima per la produzione di articoli di pelletteria, guanti e valigeria. Nel 1923 il primo marchio della casa di moda riportava solamente il nome del fondatore nel carattere calligra\ufb01co, probabilmente derivato dalla sua \ufb01rma.<\/p>\n<p>E&#8217; il 1960 Aldo Gucci, uno dei tre \ufb01gli di Guccio, disegna il simbolo con le due \u201cG\u201d incrociate, chiaro riferimento alle iniziali del fondatore; questo segno grafico, non ancora diventato il marchio dell\u2019azienda, viene riproposto in diverse fogge e cio\u00e8; fuse in un cerchio, contrapposte, invertite e in forma astratta. Quindi nel 1971 il logot\u00ecpo sar\u00e0 composto con un carattere graziato mentre solo nel 1992,con la direzione artistica di Alessandro Michele, comparir\u00e0 ufficialmente nel marchio aziendale il simbolo della doppia \u201cG\u201d, fino ad allora utilizzato solo come griffe sulle borse, calzature e cinture.<\/p>\n<p>A partire dal 1998 la comunicazione ufficiale sar\u00e0 affidata al solo logot\u00ecpo composto con carattere graziato lapidario, molto spaziato; \u00e8 con questo marchio che l\u2019azienda si presenta nel mondo come espressione distintiva del \u201cmade in Italy\u201d.<\/p>\n<p>Nel 2019 il nuovo monogramma Gucci impreziosisce gli accessori come gioielli e borse; presenta le due G sovrapposte e rivolte entrambe a destra.<\/p>\n<p>Ogni oggetto \u00e8 corredato\u00a0 dalla confezione originale. FG Fecarotta Gioielli \u00e8 concessionario ufficiale del marchio Gucci.&#8221;<\/p>\n<p><a href=\"https:\/\/www.fecarotta.com\/it\/fecarotta-gioielli-company\/\" target=\"_blank\" rel=\"noopener noreferrer\">La nostra Azienda<\/a><\/p>\n<p><a href=\"https:\/\/www.youtube.com\/user\/gucciofficial\" target=\"_blank\" rel=\"noopener noreferrer\">Gucci official video<\/a><\/p>\n<\/div>\n","protected":false},"excerpt":{"rendered":"<p>Gucci Bracciale Doppia G con fiore<br \/>\nIl mondo floreale continua a rappresentare una ricca fonte di ispirazione per le collezioni della Maison. Realizzato in argento sterling, questo bracciale con Doppia G si caratterizza per la chiusura decorata da un delicato pendente con fiore.<\/p>\n<p>Argento 925 con finiture anticate<br \/>\nCiondolo Doppia G<br \/>\nMadreperla rosa<br \/>\n4 perle, per un totale di 1,02 carati circa<br \/>\nChiusura a scatto<br \/>\nFabbricato in Italia<br \/>\nGucci garantisce, al proprio interno e nella propria filiera, il rispetto degli standard di Responsabilit\u00e0 Sociale e Ambientale in linea con la sua strategia di sostenibilit\u00e0<\/p>\n","protected":false},"featured_media":29325,"template":"","meta":{"_acf_changed":false},"product_brand":[],"product_cat":[28,2310,27,1168],"product_tag":[],"class_list":{"0":"post-29323","1":"product","2":"type-product","3":"status-publish","4":"has-post-thumbnail","6":"product_cat-bracciali","7":"product_cat-donna","8":"product_cat-gioielli","9":"product_cat-innamorati","10":"pa_brand-gucci-gioielli","11":"pa_collection-gg-marmont","12":"pa_gender-donna","14":"first","15":"outofstock","16":"shipping-taxable","17":"purchasable","18":"product-type-variable","19":"add-to-wishlist-before_image"},"acf":[],"yoast_head":"<!-- This site is optimized with the Yoast SEO plugin v27.4 - https:\/\/yoast.com\/product\/yoast-seo-wordpress\/ -->\n<title>Gucci Bracciale Doppia G con fiore - Fecarotta Gioielli<\/title>\n<meta name=\"description\" content=\"Gucci Bracciale Doppia G con fiore. In vendita online su fecarotta.it approfitta del codice sconto di benvenuto!\" \/>\n<meta name=\"robots\" content=\"index, follow, max-snippet:-1, max-image-preview:large, max-video-preview:-1\" \/>\n<link rel=\"canonical\" href=\"https:\/\/www.fecarotta.com\/it\/prodotto\/gucci-bracciale-doppia-g-con-fiore\/\" \/>\n<meta property=\"og:locale\" content=\"it_IT\" \/>\n<meta property=\"og:type\" content=\"article\" \/>\n<meta property=\"og:title\" content=\"Gucci Bracciale Doppia G con fiore - Fecarotta Gioielli\" \/>\n<meta property=\"og:description\" content=\"Gucci Bracciale Doppia G con fiore. In vendita online su fecarotta.it approfitta del codice sconto di benvenuto!\" \/>\n<meta property=\"og:url\" content=\"https:\/\/www.fecarotta.com\/it\/prodotto\/gucci-bracciale-doppia-g-con-fiore\/\" \/>\n<meta property=\"og:site_name\" content=\"Fecarotta Gioielli\" \/>\n<meta property=\"article:publisher\" content=\"https:\/\/www.facebook.com\/fecarottagioielli\" \/>\n<meta property=\"article:modified_time\" content=\"2025-01-29T11:17:54+00:00\" \/>\n<meta property=\"og:image\" content=\"https:\/\/storage1208.cdn-immedia.net\/wp-content\/uploads\/2021\/06\/YBA527393_002_001.jpg\" \/>\n\t<meta property=\"og:image:width\" content=\"2000\" \/>\n\t<meta property=\"og:image:height\" content=\"2000\" \/>\n\t<meta property=\"og:image:type\" content=\"image\/jpeg\" \/>\n<meta name=\"twitter:card\" content=\"summary_large_image\" \/>\n<meta name=\"twitter:label1\" content=\"Tempo di lettura stimato\" \/>\n\t<meta name=\"twitter:data1\" content=\"2 minuti\" \/>\n<script type=\"application\/ld+json\" class=\"yoast-schema-graph\">{\"@context\":\"https:\\\/\\\/schema.org\",\"@graph\":[{\"@type\":\"WebPage\",\"@id\":\"https:\\\/\\\/www.fecarotta.com\\\/it\\\/prodotto\\\/gucci-bracciale-doppia-g-con-fiore\\\/\",\"url\":\"https:\\\/\\\/www.fecarotta.com\\\/it\\\/prodotto\\\/gucci-bracciale-doppia-g-con-fiore\\\/\",\"name\":\"Gucci Bracciale Doppia G con fiore - Fecarotta Gioielli\",\"isPartOf\":{\"@id\":\"https:\\\/\\\/www.fecarotta.com\\\/it\\\/#website\"},\"primaryImageOfPage\":{\"@id\":\"https:\\\/\\\/www.fecarotta.com\\\/it\\\/prodotto\\\/gucci-bracciale-doppia-g-con-fiore\\\/#primaryimage\"},\"image\":{\"@id\":\"https:\\\/\\\/www.fecarotta.com\\\/it\\\/prodotto\\\/gucci-bracciale-doppia-g-con-fiore\\\/#primaryimage\"},\"thumbnailUrl\":\"https:\\\/\\\/www.fecarotta.com\\\/wp-content\\\/uploads\\\/2021\\\/06\\\/YBA527393_002_001.jpg\",\"datePublished\":\"2021-08-10T23:52:25+00:00\",\"dateModified\":\"2025-01-29T11:17:54+00:00\",\"description\":\"Gucci Bracciale Doppia G con fiore. In vendita online su fecarotta.it approfitta del codice sconto di benvenuto!\",\"breadcrumb\":{\"@id\":\"https:\\\/\\\/www.fecarotta.com\\\/it\\\/prodotto\\\/gucci-bracciale-doppia-g-con-fiore\\\/#breadcrumb\"},\"inLanguage\":\"it-IT\",\"potentialAction\":[{\"@type\":\"ReadAction\",\"target\":[\"https:\\\/\\\/www.fecarotta.com\\\/it\\\/prodotto\\\/gucci-bracciale-doppia-g-con-fiore\\\/\"]}]},{\"@type\":\"ImageObject\",\"inLanguage\":\"it-IT\",\"@id\":\"https:\\\/\\\/www.fecarotta.com\\\/it\\\/prodotto\\\/gucci-bracciale-doppia-g-con-fiore\\\/#primaryimage\",\"url\":\"https:\\\/\\\/www.fecarotta.com\\\/wp-content\\\/uploads\\\/2021\\\/06\\\/YBA527393_002_001.jpg\",\"contentUrl\":\"https:\\\/\\\/www.fecarotta.com\\\/wp-content\\\/uploads\\\/2021\\\/06\\\/YBA527393_002_001.jpg\",\"width\":2000,\"height\":2000,\"caption\":\"Gucci Bracciale Doppia G con fiore bracelet sconto discount\"},{\"@type\":\"BreadcrumbList\",\"@id\":\"https:\\\/\\\/www.fecarotta.com\\\/it\\\/prodotto\\\/gucci-bracciale-doppia-g-con-fiore\\\/#breadcrumb\",\"itemListElement\":[{\"@type\":\"ListItem\",\"position\":1,\"name\":\"Home\",\"item\":\"https:\\\/\\\/www.fecarotta.com\\\/it\\\/\"},{\"@type\":\"ListItem\",\"position\":2,\"name\":\"Negozio\",\"item\":\"https:\\\/\\\/www.fecarotta.com\\\/it\\\/negozio\\\/\"},{\"@type\":\"ListItem\",\"position\":3,\"name\":\"Gucci Bracciale Doppia G con fiore\"}]},{\"@type\":\"WebSite\",\"@id\":\"https:\\\/\\\/www.fecarotta.com\\\/it\\\/#website\",\"url\":\"https:\\\/\\\/www.fecarotta.com\\\/it\\\/\",\"name\":\"Fecarotta Gioielli\",\"description\":\"\",\"publisher\":{\"@id\":\"https:\\\/\\\/www.fecarotta.com\\\/it\\\/#organization\"},\"potentialAction\":[{\"@type\":\"SearchAction\",\"target\":{\"@type\":\"EntryPoint\",\"urlTemplate\":\"https:\\\/\\\/www.fecarotta.com\\\/it\\\/?s={search_term_string}\"},\"query-input\":{\"@type\":\"PropertyValueSpecification\",\"valueRequired\":true,\"valueName\":\"search_term_string\"}}],\"inLanguage\":\"it-IT\"},{\"@type\":\"Organization\",\"@id\":\"https:\\\/\\\/www.fecarotta.com\\\/it\\\/#organization\",\"name\":\"Fecarotta Gioielli\",\"url\":\"https:\\\/\\\/www.fecarotta.com\\\/it\\\/\",\"logo\":{\"@type\":\"ImageObject\",\"inLanguage\":\"it-IT\",\"@id\":\"https:\\\/\\\/www.fecarotta.com\\\/it\\\/#\\\/schema\\\/logo\\\/image\\\/\",\"url\":\"https:\\\/\\\/www.fecarotta.com\\\/wp-content\\\/uploads\\\/2025\\\/03\\\/logo-gmb-fecarotta.jpg\",\"contentUrl\":\"https:\\\/\\\/www.fecarotta.com\\\/wp-content\\\/uploads\\\/2025\\\/03\\\/logo-gmb-fecarotta.jpg\",\"width\":500,\"height\":500,\"caption\":\"Fecarotta Gioielli\"},\"image\":{\"@id\":\"https:\\\/\\\/www.fecarotta.com\\\/it\\\/#\\\/schema\\\/logo\\\/image\\\/\"},\"sameAs\":[\"https:\\\/\\\/www.facebook.com\\\/fecarottagioielli\",\"http:\\\/\\\/www.instagram.com\\\/fecarotta.it\",\"https:\\\/\\\/www.linkedin.com\\\/company\\\/fecarotta-it\\\/\",\"https:\\\/\\\/api.whatsapp.com\\\/send?phone=393913323691&text=Salve, vorrei qualche informazione in merito ai vostri prodotti.\"]}]}<\/script>\n<!-- \/ Yoast SEO plugin. -->","yoast_head_json":{"title":"Gucci Bracciale Doppia G con fiore - Fecarotta Gioielli","description":"Gucci Bracciale Doppia G con fiore. In vendita online su fecarotta.it approfitta del codice sconto di benvenuto!","robots":{"index":"index","follow":"follow","max-snippet":"max-snippet:-1","max-image-preview":"max-image-preview:large","max-video-preview":"max-video-preview:-1"},"canonical":"https:\/\/www.fecarotta.com\/it\/prodotto\/gucci-bracciale-doppia-g-con-fiore\/","og_locale":"it_IT","og_type":"article","og_title":"Gucci Bracciale Doppia G con fiore - Fecarotta Gioielli","og_description":"Gucci Bracciale Doppia G con fiore. In vendita online su fecarotta.it approfitta del codice sconto di benvenuto!","og_url":"https:\/\/www.fecarotta.com\/it\/prodotto\/gucci-bracciale-doppia-g-con-fiore\/","og_site_name":"Fecarotta Gioielli","article_publisher":"https:\/\/www.facebook.com\/fecarottagioielli","article_modified_time":"2025-01-29T11:17:54+00:00","og_image":[{"width":2000,"height":2000,"url":"https:\/\/storage1208.cdn-immedia.net\/wp-content\/uploads\/2021\/06\/YBA527393_002_001.jpg","type":"image\/jpeg"}],"twitter_card":"summary_large_image","twitter_misc":{"Tempo di lettura stimato":"2 minuti"},"schema":{"@context":"https:\/\/schema.org","@graph":[{"@type":"WebPage","@id":"https:\/\/www.fecarotta.com\/it\/prodotto\/gucci-bracciale-doppia-g-con-fiore\/","url":"https:\/\/www.fecarotta.com\/it\/prodotto\/gucci-bracciale-doppia-g-con-fiore\/","name":"Gucci Bracciale Doppia G con fiore - Fecarotta Gioielli","isPartOf":{"@id":"https:\/\/www.fecarotta.com\/it\/#website"},"primaryImageOfPage":{"@id":"https:\/\/www.fecarotta.com\/it\/prodotto\/gucci-bracciale-doppia-g-con-fiore\/#primaryimage"},"image":{"@id":"https:\/\/www.fecarotta.com\/it\/prodotto\/gucci-bracciale-doppia-g-con-fiore\/#primaryimage"},"thumbnailUrl":"https:\/\/storage1208.cdn-immedia.net\/wp-content\/uploads\/2021\/06\/YBA527393_002_001.jpg","datePublished":"2021-08-10T23:52:25+00:00","dateModified":"2025-01-29T11:17:54+00:00","description":"Gucci Bracciale Doppia G con fiore. In vendita online su fecarotta.it approfitta del codice sconto di benvenuto!","breadcrumb":{"@id":"https:\/\/www.fecarotta.com\/it\/prodotto\/gucci-bracciale-doppia-g-con-fiore\/#breadcrumb"},"inLanguage":"it-IT","potentialAction":[{"@type":"ReadAction","target":["https:\/\/www.fecarotta.com\/it\/prodotto\/gucci-bracciale-doppia-g-con-fiore\/"]}]},{"@type":"ImageObject","inLanguage":"it-IT","@id":"https:\/\/www.fecarotta.com\/it\/prodotto\/gucci-bracciale-doppia-g-con-fiore\/#primaryimage","url":"https:\/\/storage1208.cdn-immedia.net\/wp-content\/uploads\/2021\/06\/YBA527393_002_001.jpg","contentUrl":"https:\/\/storage1208.cdn-immedia.net\/wp-content\/uploads\/2021\/06\/YBA527393_002_001.jpg","width":2000,"height":2000,"caption":"Gucci Bracciale Doppia G con fiore bracelet sconto discount"},{"@type":"BreadcrumbList","@id":"https:\/\/www.fecarotta.com\/it\/prodotto\/gucci-bracciale-doppia-g-con-fiore\/#breadcrumb","itemListElement":[{"@type":"ListItem","position":1,"name":"Home","item":"https:\/\/www.fecarotta.com\/it\/"},{"@type":"ListItem","position":2,"name":"Negozio","item":"https:\/\/www.fecarotta.com\/it\/negozio\/"},{"@type":"ListItem","position":3,"name":"Gucci Bracciale Doppia G con fiore"}]},{"@type":"WebSite","@id":"https:\/\/www.fecarotta.com\/it\/#website","url":"https:\/\/www.fecarotta.com\/it\/","name":"Fecarotta Gioielli","description":"","publisher":{"@id":"https:\/\/www.fecarotta.com\/it\/#organization"},"potentialAction":[{"@type":"SearchAction","target":{"@type":"EntryPoint","urlTemplate":"https:\/\/www.fecarotta.com\/it\/?s={search_term_string}"},"query-input":{"@type":"PropertyValueSpecification","valueRequired":true,"valueName":"search_term_string"}}],"inLanguage":"it-IT"},{"@type":"Organization","@id":"https:\/\/www.fecarotta.com\/it\/#organization","name":"Fecarotta Gioielli","url":"https:\/\/www.fecarotta.com\/it\/","logo":{"@type":"ImageObject","inLanguage":"it-IT","@id":"https:\/\/www.fecarotta.com\/it\/#\/schema\/logo\/image\/","url":"https:\/\/storage1208.cdn-immedia.net\/wp-content\/uploads\/2025\/03\/logo-gmb-fecarotta.jpg","contentUrl":"https:\/\/storage1208.cdn-immedia.net\/wp-content\/uploads\/2025\/03\/logo-gmb-fecarotta.jpg","width":500,"height":500,"caption":"Fecarotta Gioielli"},"image":{"@id":"https:\/\/www.fecarotta.com\/it\/#\/schema\/logo\/image\/"},"sameAs":["https:\/\/www.facebook.com\/fecarottagioielli","http:\/\/www.instagram.com\/fecarotta.it","https:\/\/www.linkedin.com\/company\/fecarotta-it\/","https:\/\/api.whatsapp.com\/send?phone=393913323691&text=Salve, vorrei qualche informazione in merito ai vostri prodotti."]}]}},"_links":{"self":[{"href":"https:\/\/www.fecarotta.com\/it\/wp-json\/wp\/v2\/product\/29323","targetHints":{"allow":["GET"]}}],"collection":[{"href":"https:\/\/www.fecarotta.com\/it\/wp-json\/wp\/v2\/product"}],"about":[{"href":"https:\/\/www.fecarotta.com\/it\/wp-json\/wp\/v2\/types\/product"}],"wp:featuredmedia":[{"embeddable":true,"href":"https:\/\/www.fecarotta.com\/it\/wp-json\/wp\/v2\/media\/29325"}],"wp:attachment":[{"href":"https:\/\/www.fecarotta.com\/it\/wp-json\/wp\/v2\/media?parent=29323"}],"wp:term":[{"taxonomy":"product_brand","embeddable":true,"href":"https:\/\/www.fecarotta.com\/it\/wp-json\/wp\/v2\/product_brand?post=29323"},{"taxonomy":"product_cat","embeddable":true,"href":"https:\/\/www.fecarotta.com\/it\/wp-json\/wp\/v2\/product_cat?post=29323"},{"taxonomy":"product_tag","embeddable":true,"href":"https:\/\/www.fecarotta.com\/it\/wp-json\/wp\/v2\/product_tag?post=29323"}],"curies":[{"name":"wp","href":"https:\/\/api.w.org\/{rel}","templated":true}]}}