{"id":29175,"date":"2021-06-08T13:34:14","date_gmt":"2021-06-08T13:34:14","guid":{"rendered":"https:\/\/www.fecarotta.com\/?post_type=product&#038;p=29175"},"modified":"2026-04-01T09:18:19","modified_gmt":"2026-04-01T09:18:19","slug":"vaso-venini-monofiori-balloton-g","status":"publish","type":"product","link":"https:\/\/www.fecarotta.com\/it\/prodotto\/vaso-venini-monofiori-balloton-g\/","title":{"rendered":"VASO MONOFIORI BALLOTON verde rio h.24,5"},"content":{"rendered":"<p class=\"e195cbst0 css-pk0noj e9nrmco0\">CARATTERISTICHE<\/p>\n<ul class=\"css-9a2xaq e195cbst3\">\n<li class=\"css-wlea3r e195cbst4\">\n<p class=\"e195cbst1 css-iynkaq e9nrmco0\">ALTEZZA: 24,5\u00a0cm<\/p>\n<\/li>\n<li class=\"css-wlea3r e195cbst4\">\n<p class=\"e195cbst1 css-iynkaq e9nrmco0\">DIAMETRO: 21,5\u00a0cm<\/p>\n<\/li>\n<li class=\"css-wlea3r e195cbst4\">\n<p class=\"e195cbst1 css-iynkaq e9nrmco0\">PESO UNITARIO: 1,3\u00a0kg<\/p>\n<\/li>\n<\/ul>\n<div class=\"css-tr0r3x e195cbst5\">\n<p class=\"e195cbst6 css-1xnij1x e9nrmco0\">SOFFIATO BALLOTON<\/p>\n<p class=\"e195cbst1 css-iynkaq e9nrmco0\">Il vetro soffiato \u00e8 lavorato a mano con la tradizionale lavorazione a balloton con stampo in metallo, per un effetto di rilievo incrociato.<\/p>\n<p>Colore: rosso sangue di bue\/verde rio<\/p>\n<\/div>\n<p class=\"elwxddj5 css-1tjr3ty e9nrmco0\"><a href=\"https:\/\/www.fecarotta.com\/it\/fecarotta-gioielli-company\/\" target=\"_blank\" rel=\"noopener noreferrer\">La nostra azienda<\/a><\/p>\n","protected":false},"excerpt":{"rendered":"<div class=\"css-pehtlc elwxddj3\">\n<div class=\"css-pehtlc elwxddj3\">\n<div class=\"css-pehtlc elwxddj3\">\n<div class=\"css-1i5x98u elwxddj8\"><span class=\"elwxddj6 css-1w6uwow e9nrmco0\">VASO VENINI MONOFIORI BALLOTON<\/span><\/div>\n<div class=\"css-1i5x98u elwxddj8\"><span class=\"elwxddj6 css-1w6uwow e9nrmco0\">VENINI<\/span><span class=\"css-1d3bsy6 elwxddj7\">\u00a0|\u00a0<\/span><span class=\"elwxddj6 css-1w6uwow e9nrmco0\">1970<\/span><\/div>\n<\/div>\n<p>\u201c\u201cSembra morbido, eppure \u00e8 vetro. L&#8217;illusione ottica del Monofiori di VENINI del 1970 \u00e8 nel suo nome: Balloton, la lavorazione unica che ricrea sulla superficie l&#8217;effetto matelass\u00e9. L&#8217;opera \u00e8 lavorata a mano, soffiata nel caratteristico stampo in metallo e finita nel collo sottile con un filo colorato applicato a caldo, che varia nel colore.\u201d\u201d<\/p>\n<\/div>\n<\/div>\n","protected":false},"featured_media":29165,"template":"","meta":{"_acf_changed":false},"product_brand":[],"product_cat":[1807,113,114],"product_tag":[],"class_list":{"0":"post-29175","1":"product","2":"type-product","3":"status-publish","4":"has-post-thumbnail","6":"product_cat-home-design","7":"product_cat-porcellane-e-cristalli","8":"product_cat-vasi","9":"pa_brand-venini","10":"pa_collection-art-glass","12":"first","13":"instock","14":"purchasable","15":"product-type-simple","16":"add-to-wishlist-before_image"},"acf":[],"yoast_head":"<!-- This site is optimized with the Yoast SEO plugin v27.5 - https:\/\/yoast.com\/product\/yoast-seo-wordpress\/ -->\n<title>VASO MONOFIORI BALLOTON verde rio h.24,5 - Fecarotta Gioielli SPEDIZIONI GRATUITE<\/title>\n<meta name=\"description\" content=\"VASO VENINI MONOFIORI BALLOTON, Acquista le collezioni dei vetri Venini su fecarotta.it con coupon di benvenuto e codice sconto\" \/>\n<meta name=\"robots\" content=\"index, follow, max-snippet:-1, max-image-preview:large, max-video-preview:-1\" \/>\n<link rel=\"canonical\" href=\"https:\/\/www.fecarotta.com\/it\/prodotto\/vaso-venini-monofiori-balloton-g\/\" \/>\n<meta property=\"og:locale\" content=\"it_IT\" \/>\n<meta property=\"og:type\" content=\"article\" \/>\n<meta property=\"og:title\" content=\"VASO MONOFIORI BALLOTON verde rio h.24,5 - Fecarotta Gioielli SPEDIZIONI GRATUITE\" \/>\n<meta property=\"og:description\" content=\"VASO VENINI MONOFIORI BALLOTON, Acquista le collezioni dei vetri Venini su fecarotta.it con coupon di benvenuto e codice sconto\" \/>\n<meta property=\"og:url\" content=\"https:\/\/www.fecarotta.com\/it\/prodotto\/vaso-venini-monofiori-balloton-g\/\" \/>\n<meta property=\"og:site_name\" content=\"Fecarotta Gioielli\" \/>\n<meta property=\"article:publisher\" content=\"https:\/\/www.facebook.com\/fecarottagioielli\" \/>\n<meta property=\"article:modified_time\" content=\"2026-04-01T09:18:19+00:00\" \/>\n<meta property=\"og:image\" content=\"https:\/\/storage1208.cdn-immedia.net\/wp-content\/uploads\/2021\/06\/100.16.jpg\" \/>\n\t<meta property=\"og:image:width\" content=\"2000\" \/>\n\t<meta property=\"og:image:height\" content=\"2000\" \/>\n\t<meta property=\"og:image:type\" content=\"image\/jpeg\" \/>\n<meta name=\"twitter:card\" content=\"summary_large_image\" \/>\n<script type=\"application\/ld+json\" class=\"yoast-schema-graph\">{\"@context\":\"https:\\\/\\\/schema.org\",\"@graph\":[{\"@type\":\"WebPage\",\"@id\":\"https:\\\/\\\/www.fecarotta.com\\\/it\\\/prodotto\\\/vaso-venini-monofiori-balloton-g\\\/\",\"url\":\"https:\\\/\\\/www.fecarotta.com\\\/it\\\/prodotto\\\/vaso-venini-monofiori-balloton-g\\\/\",\"name\":\"VASO MONOFIORI BALLOTON verde rio h.24,5 - Fecarotta Gioielli SPEDIZIONI GRATUITE\",\"isPartOf\":{\"@id\":\"https:\\\/\\\/www.fecarotta.com\\\/it\\\/#website\"},\"primaryImageOfPage\":{\"@id\":\"https:\\\/\\\/www.fecarotta.com\\\/it\\\/prodotto\\\/vaso-venini-monofiori-balloton-g\\\/#primaryimage\"},\"image\":{\"@id\":\"https:\\\/\\\/www.fecarotta.com\\\/it\\\/prodotto\\\/vaso-venini-monofiori-balloton-g\\\/#primaryimage\"},\"thumbnailUrl\":\"https:\\\/\\\/www.fecarotta.com\\\/wp-content\\\/uploads\\\/2021\\\/06\\\/100.16.jpg\",\"datePublished\":\"2021-06-08T13:34:14+00:00\",\"dateModified\":\"2026-04-01T09:18:19+00:00\",\"description\":\"VASO VENINI MONOFIORI BALLOTON, Acquista le collezioni dei vetri Venini su fecarotta.it con coupon di benvenuto e codice sconto\",\"breadcrumb\":{\"@id\":\"https:\\\/\\\/www.fecarotta.com\\\/it\\\/prodotto\\\/vaso-venini-monofiori-balloton-g\\\/#breadcrumb\"},\"inLanguage\":\"it-IT\",\"potentialAction\":[{\"@type\":\"ReadAction\",\"target\":[\"https:\\\/\\\/www.fecarotta.com\\\/it\\\/prodotto\\\/vaso-venini-monofiori-balloton-g\\\/\"]}]},{\"@type\":\"ImageObject\",\"inLanguage\":\"it-IT\",\"@id\":\"https:\\\/\\\/www.fecarotta.com\\\/it\\\/prodotto\\\/vaso-venini-monofiori-balloton-g\\\/#primaryimage\",\"url\":\"https:\\\/\\\/www.fecarotta.com\\\/wp-content\\\/uploads\\\/2021\\\/06\\\/100.16.jpg\",\"contentUrl\":\"https:\\\/\\\/www.fecarotta.com\\\/wp-content\\\/uploads\\\/2021\\\/06\\\/100.16.jpg\",\"width\":2000,\"height\":2000,\"caption\":\"MONOFIORI BALLOTON VENINI 100.16 rio MURANO VASE\"},{\"@type\":\"BreadcrumbList\",\"@id\":\"https:\\\/\\\/www.fecarotta.com\\\/it\\\/prodotto\\\/vaso-venini-monofiori-balloton-g\\\/#breadcrumb\",\"itemListElement\":[{\"@type\":\"ListItem\",\"position\":1,\"name\":\"Home\",\"item\":\"https:\\\/\\\/www.fecarotta.com\\\/it\\\/\"},{\"@type\":\"ListItem\",\"position\":2,\"name\":\"Negozio\",\"item\":\"https:\\\/\\\/www.fecarotta.com\\\/it\\\/negozio\\\/\"},{\"@type\":\"ListItem\",\"position\":3,\"name\":\"VASO MONOFIORI BALLOTON verde rio h.24,5\"}]},{\"@type\":\"WebSite\",\"@id\":\"https:\\\/\\\/www.fecarotta.com\\\/it\\\/#website\",\"url\":\"https:\\\/\\\/www.fecarotta.com\\\/it\\\/\",\"name\":\"Fecarotta Gioielli\",\"description\":\"\",\"publisher\":{\"@id\":\"https:\\\/\\\/www.fecarotta.com\\\/it\\\/#organization\"},\"potentialAction\":[{\"@type\":\"SearchAction\",\"target\":{\"@type\":\"EntryPoint\",\"urlTemplate\":\"https:\\\/\\\/www.fecarotta.com\\\/it\\\/?s={search_term_string}\"},\"query-input\":{\"@type\":\"PropertyValueSpecification\",\"valueRequired\":true,\"valueName\":\"search_term_string\"}}],\"inLanguage\":\"it-IT\"},{\"@type\":\"Organization\",\"@id\":\"https:\\\/\\\/www.fecarotta.com\\\/it\\\/#organization\",\"name\":\"Fecarotta Gioielli\",\"url\":\"https:\\\/\\\/www.fecarotta.com\\\/it\\\/\",\"logo\":{\"@type\":\"ImageObject\",\"inLanguage\":\"it-IT\",\"@id\":\"https:\\\/\\\/www.fecarotta.com\\\/it\\\/#\\\/schema\\\/logo\\\/image\\\/\",\"url\":\"https:\\\/\\\/www.fecarotta.com\\\/wp-content\\\/uploads\\\/2025\\\/03\\\/logo-gmb-fecarotta.jpg\",\"contentUrl\":\"https:\\\/\\\/www.fecarotta.com\\\/wp-content\\\/uploads\\\/2025\\\/03\\\/logo-gmb-fecarotta.jpg\",\"width\":500,\"height\":500,\"caption\":\"Fecarotta Gioielli\"},\"image\":{\"@id\":\"https:\\\/\\\/www.fecarotta.com\\\/it\\\/#\\\/schema\\\/logo\\\/image\\\/\"},\"sameAs\":[\"https:\\\/\\\/www.facebook.com\\\/fecarottagioielli\",\"http:\\\/\\\/www.instagram.com\\\/fecarotta.it\",\"https:\\\/\\\/www.linkedin.com\\\/company\\\/fecarotta-it\\\/\",\"https:\\\/\\\/api.whatsapp.com\\\/send?phone=393913323691&text=Salve, vorrei qualche informazione in merito ai vostri prodotti.\"]}]}<\/script>\n<!-- \/ Yoast SEO plugin. -->","yoast_head_json":{"title":"VASO MONOFIORI BALLOTON verde rio h.24,5 - Fecarotta Gioielli SPEDIZIONI GRATUITE","description":"VASO VENINI MONOFIORI BALLOTON, Acquista le collezioni dei vetri Venini su fecarotta.it con coupon di benvenuto e codice sconto","robots":{"index":"index","follow":"follow","max-snippet":"max-snippet:-1","max-image-preview":"max-image-preview:large","max-video-preview":"max-video-preview:-1"},"canonical":"https:\/\/www.fecarotta.com\/it\/prodotto\/vaso-venini-monofiori-balloton-g\/","og_locale":"it_IT","og_type":"article","og_title":"VASO MONOFIORI BALLOTON verde rio h.24,5 - Fecarotta Gioielli SPEDIZIONI GRATUITE","og_description":"VASO VENINI MONOFIORI BALLOTON, Acquista le collezioni dei vetri Venini su fecarotta.it con coupon di benvenuto e codice sconto","og_url":"https:\/\/www.fecarotta.com\/it\/prodotto\/vaso-venini-monofiori-balloton-g\/","og_site_name":"Fecarotta Gioielli","article_publisher":"https:\/\/www.facebook.com\/fecarottagioielli","article_modified_time":"2026-04-01T09:18:19+00:00","og_image":[{"width":2000,"height":2000,"url":"https:\/\/storage1208.cdn-immedia.net\/wp-content\/uploads\/2021\/06\/100.16.jpg","type":"image\/jpeg"}],"twitter_card":"summary_large_image","schema":{"@context":"https:\/\/schema.org","@graph":[{"@type":"WebPage","@id":"https:\/\/www.fecarotta.com\/it\/prodotto\/vaso-venini-monofiori-balloton-g\/","url":"https:\/\/www.fecarotta.com\/it\/prodotto\/vaso-venini-monofiori-balloton-g\/","name":"VASO MONOFIORI BALLOTON verde rio h.24,5 - Fecarotta Gioielli SPEDIZIONI GRATUITE","isPartOf":{"@id":"https:\/\/www.fecarotta.com\/it\/#website"},"primaryImageOfPage":{"@id":"https:\/\/www.fecarotta.com\/it\/prodotto\/vaso-venini-monofiori-balloton-g\/#primaryimage"},"image":{"@id":"https:\/\/www.fecarotta.com\/it\/prodotto\/vaso-venini-monofiori-balloton-g\/#primaryimage"},"thumbnailUrl":"https:\/\/storage1208.cdn-immedia.net\/wp-content\/uploads\/2021\/06\/100.16.jpg","datePublished":"2021-06-08T13:34:14+00:00","dateModified":"2026-04-01T09:18:19+00:00","description":"VASO VENINI MONOFIORI BALLOTON, Acquista le collezioni dei vetri Venini su fecarotta.it con coupon di benvenuto e codice sconto","breadcrumb":{"@id":"https:\/\/www.fecarotta.com\/it\/prodotto\/vaso-venini-monofiori-balloton-g\/#breadcrumb"},"inLanguage":"it-IT","potentialAction":[{"@type":"ReadAction","target":["https:\/\/www.fecarotta.com\/it\/prodotto\/vaso-venini-monofiori-balloton-g\/"]}]},{"@type":"ImageObject","inLanguage":"it-IT","@id":"https:\/\/www.fecarotta.com\/it\/prodotto\/vaso-venini-monofiori-balloton-g\/#primaryimage","url":"https:\/\/storage1208.cdn-immedia.net\/wp-content\/uploads\/2021\/06\/100.16.jpg","contentUrl":"https:\/\/storage1208.cdn-immedia.net\/wp-content\/uploads\/2021\/06\/100.16.jpg","width":2000,"height":2000,"caption":"MONOFIORI BALLOTON VENINI 100.16 rio MURANO VASE"},{"@type":"BreadcrumbList","@id":"https:\/\/www.fecarotta.com\/it\/prodotto\/vaso-venini-monofiori-balloton-g\/#breadcrumb","itemListElement":[{"@type":"ListItem","position":1,"name":"Home","item":"https:\/\/www.fecarotta.com\/it\/"},{"@type":"ListItem","position":2,"name":"Negozio","item":"https:\/\/www.fecarotta.com\/it\/negozio\/"},{"@type":"ListItem","position":3,"name":"VASO MONOFIORI BALLOTON verde rio h.24,5"}]},{"@type":"WebSite","@id":"https:\/\/www.fecarotta.com\/it\/#website","url":"https:\/\/www.fecarotta.com\/it\/","name":"Fecarotta Gioielli","description":"","publisher":{"@id":"https:\/\/www.fecarotta.com\/it\/#organization"},"potentialAction":[{"@type":"SearchAction","target":{"@type":"EntryPoint","urlTemplate":"https:\/\/www.fecarotta.com\/it\/?s={search_term_string}"},"query-input":{"@type":"PropertyValueSpecification","valueRequired":true,"valueName":"search_term_string"}}],"inLanguage":"it-IT"},{"@type":"Organization","@id":"https:\/\/www.fecarotta.com\/it\/#organization","name":"Fecarotta Gioielli","url":"https:\/\/www.fecarotta.com\/it\/","logo":{"@type":"ImageObject","inLanguage":"it-IT","@id":"https:\/\/www.fecarotta.com\/it\/#\/schema\/logo\/image\/","url":"https:\/\/storage1208.cdn-immedia.net\/wp-content\/uploads\/2025\/03\/logo-gmb-fecarotta.jpg","contentUrl":"https:\/\/storage1208.cdn-immedia.net\/wp-content\/uploads\/2025\/03\/logo-gmb-fecarotta.jpg","width":500,"height":500,"caption":"Fecarotta Gioielli"},"image":{"@id":"https:\/\/www.fecarotta.com\/it\/#\/schema\/logo\/image\/"},"sameAs":["https:\/\/www.facebook.com\/fecarottagioielli","http:\/\/www.instagram.com\/fecarotta.it","https:\/\/www.linkedin.com\/company\/fecarotta-it\/","https:\/\/api.whatsapp.com\/send?phone=393913323691&text=Salve, vorrei qualche informazione in merito ai vostri prodotti."]}]}},"_links":{"self":[{"href":"https:\/\/www.fecarotta.com\/it\/wp-json\/wp\/v2\/product\/29175","targetHints":{"allow":["GET"]}}],"collection":[{"href":"https:\/\/www.fecarotta.com\/it\/wp-json\/wp\/v2\/product"}],"about":[{"href":"https:\/\/www.fecarotta.com\/it\/wp-json\/wp\/v2\/types\/product"}],"wp:featuredmedia":[{"embeddable":true,"href":"https:\/\/www.fecarotta.com\/it\/wp-json\/wp\/v2\/media\/29165"}],"wp:attachment":[{"href":"https:\/\/www.fecarotta.com\/it\/wp-json\/wp\/v2\/media?parent=29175"}],"wp:term":[{"taxonomy":"product_brand","embeddable":true,"href":"https:\/\/www.fecarotta.com\/it\/wp-json\/wp\/v2\/product_brand?post=29175"},{"taxonomy":"product_cat","embeddable":true,"href":"https:\/\/www.fecarotta.com\/it\/wp-json\/wp\/v2\/product_cat?post=29175"},{"taxonomy":"product_tag","embeddable":true,"href":"https:\/\/www.fecarotta.com\/it\/wp-json\/wp\/v2\/product_tag?post=29175"}],"curies":[{"name":"wp","href":"https:\/\/api.w.org\/{rel}","templated":true}]}}