{"id":29108,"date":"2021-06-05T12:57:26","date_gmt":"2021-06-05T12:57:26","guid":{"rendered":"https:\/\/www.fecarotta.com\/?post_type=product&#038;p=29108"},"modified":"2023-04-14T09:17:13","modified_gmt":"2023-04-14T09:17:13","slug":"georg-jensen-sakura-vaso","status":"publish","type":"product","link":"https:\/\/www.fecarotta.com\/it\/prodotto\/georg-jensen-sakura-vaso\/","title":{"rendered":"Sakura Vaso"},"content":{"rendered":"<p>Georg Jensen Sakura Vaso<\/p>\n<p>Con una storia di oltre 100 anni, il marchio Georg Jensen rappresenta l&#8217;artigianato di qualit\u00e0 e design senza tempo applicati alla creazione di prodotti che segnano un vero e proprio stile di vita ed hanno dato luogo agli splendidi segnatempo, ai gioielli fino ad approdare ai prodotti per la casa.<\/p>\n<p>La filosofia di Georg Jensen stesso era di progettare oggetti che possedessero funzionalit\u00e0 e Bellezza insieme. La sua abilit\u00e0 artigianale ed il talento artistico, combinato con la sua continua capacit\u00e0 di individuare e sostenere talenti del design, \u00e8 stata il fondamento su cui ha costruito il brand &#8220;Georg Jensen&#8221; a Copenhagen, nel 1904.<\/p>\n<p>Georg Jensen ha abbracciato le linee dell&#8217;Art Nouveau, iniettando per\u00f2 un vigore talmente distintivo da poter risuonare sino ai nostri giorni. Le forme fluide sono arricchite da ornamenti squisitamente scolpiti ed il suo bouquet di fiori stilizzati e grappoli d&#8217;uva lussureggianti riflettono una sensualit\u00e0 del tutto naturale. Jensen oggi assolve il compito pi\u00f9 importante che \u00e8 quello di sfruttare le idee ed i principi del maestro stesso che si traducono in DESIGN CONTEMPORANEO. Il marchio Georg Jensen si basa su una serie di valori condivisi quali l&#8217;integrit\u00e0, l&#8217;autenticit\u00e0 ed il design danese. Tutti i valori peculiarmente Nord-Europei &#8211; la semplicit\u00e0 della vita, il Nordic Light, l&#8217;acqua pulita e l&#8217;aria pura &#8211; di fatto stiamo parlando di una &#8220;VISIONE&#8221; Georg Jensen con alti contenuti valoriali. Rispettando il nostro DNA ed i nostri valori cogliamo l&#8217;opportunit\u00e0 di offrire prodotti di valore rilevante e duraturo per il Cliente di oggi.<\/p>\n<p><a href=\"https:\/\/www.youtube.com\/watch?v=1iKzNh91sUk\" target=\"_blank\" rel=\"noopener noreferrer\">Georg Jensen Official Video<\/a><\/p>\n<p><a href=\"https:\/\/www.fecarotta.com\/it\/fecarotta-gioielli-company\/\" target=\"_blank\" rel=\"noopener noreferrer\">La nostra Azienda<\/a><\/p>\n","protected":false},"excerpt":{"rendered":"<p>Georg Jensen, vaso Sakura, disegnato da Hiromichi Konno. Contemporanea, minimalista e unica \u00e8 la gamma di vasi di Georg Jensen dalla Danimarca. L&#8217;acciaio inossidabile satinato\/opaco pu\u00f2 essere usato per dare un tocco contemporaneo al all&#8217;ambiente o usato praticamente come vaso per i fiori.<\/p>\n<p>L&#8217;interno \u00e8 foderato con materiale resinoso impermeabile<br \/>\nDimensioni: 22cm x 11cm x 7cm.<\/p>\n","protected":false},"featured_media":29431,"template":"","meta":{"_acf_changed":false},"product_brand":[],"product_cat":[51,50,1807,114],"product_tag":[],"class_list":{"0":"post-29108","1":"product","2":"type-product","3":"status-publish","4":"has-post-thumbnail","6":"product_cat-accessori-per-la-casa-argenti-e-leghe","7":"product_cat-argenti-e-leghe","8":"product_cat-home-design","9":"product_cat-vasi","10":"pa_brand-georg-jensen","11":"pa_collection-cobra","13":"first","14":"instock","15":"purchasable","16":"product-type-simple","17":"add-to-wishlist-before_image"},"acf":[],"yoast_head":"<!-- This site is optimized with the Yoast SEO plugin v27.5 - https:\/\/yoast.com\/product\/yoast-seo-wordpress\/ -->\n<title>Sakura Vaso - Fecarotta Gioielli<\/title>\n<meta name=\"description\" content=\"Georg Jensen Sakura Vaso. Acquista online tutte le collezioni homedesign di Georg Jensen. Su fecarotta.it tutti i migliori brand di design\" \/>\n<meta name=\"robots\" content=\"index, follow, max-snippet:-1, max-image-preview:large, max-video-preview:-1\" \/>\n<link rel=\"canonical\" href=\"https:\/\/www.fecarotta.com\/it\/prodotto\/georg-jensen-sakura-vaso\/\" \/>\n<meta property=\"og:locale\" content=\"it_IT\" \/>\n<meta property=\"og:type\" content=\"article\" \/>\n<meta property=\"og:title\" content=\"Sakura Vaso - Fecarotta Gioielli\" \/>\n<meta property=\"og:description\" content=\"Georg Jensen Sakura Vaso. Acquista online tutte le collezioni homedesign di Georg Jensen. Su fecarotta.it tutti i migliori brand di design\" \/>\n<meta property=\"og:url\" content=\"https:\/\/www.fecarotta.com\/it\/prodotto\/georg-jensen-sakura-vaso\/\" \/>\n<meta property=\"og:site_name\" content=\"Fecarotta Gioielli\" \/>\n<meta property=\"article:publisher\" content=\"https:\/\/www.facebook.com\/fecarottagioielli\" \/>\n<meta property=\"article:modified_time\" content=\"2023-04-14T09:17:13+00:00\" \/>\n<meta property=\"og:image\" content=\"https:\/\/storage1208.cdn-immedia.net\/wp-content\/uploads\/2021\/06\/vaso-sakura.jpeg\" \/>\n\t<meta property=\"og:image:width\" content=\"1080\" \/>\n\t<meta property=\"og:image:height\" content=\"1080\" \/>\n\t<meta property=\"og:image:type\" content=\"image\/jpeg\" \/>\n<meta name=\"twitter:card\" content=\"summary_large_image\" \/>\n<meta name=\"twitter:label1\" content=\"Tempo di lettura stimato\" \/>\n\t<meta name=\"twitter:data1\" content=\"2 minuti\" \/>\n<script type=\"application\/ld+json\" class=\"yoast-schema-graph\">{\"@context\":\"https:\\\/\\\/schema.org\",\"@graph\":[{\"@type\":\"WebPage\",\"@id\":\"https:\\\/\\\/www.fecarotta.com\\\/it\\\/prodotto\\\/georg-jensen-sakura-vaso\\\/\",\"url\":\"https:\\\/\\\/www.fecarotta.com\\\/it\\\/prodotto\\\/georg-jensen-sakura-vaso\\\/\",\"name\":\"Sakura Vaso - Fecarotta Gioielli\",\"isPartOf\":{\"@id\":\"https:\\\/\\\/www.fecarotta.com\\\/it\\\/#website\"},\"primaryImageOfPage\":{\"@id\":\"https:\\\/\\\/www.fecarotta.com\\\/it\\\/prodotto\\\/georg-jensen-sakura-vaso\\\/#primaryimage\"},\"image\":{\"@id\":\"https:\\\/\\\/www.fecarotta.com\\\/it\\\/prodotto\\\/georg-jensen-sakura-vaso\\\/#primaryimage\"},\"thumbnailUrl\":\"https:\\\/\\\/www.fecarotta.com\\\/wp-content\\\/uploads\\\/2021\\\/06\\\/vaso-sakura.jpeg\",\"datePublished\":\"2021-06-05T12:57:26+00:00\",\"dateModified\":\"2023-04-14T09:17:13+00:00\",\"description\":\"Georg Jensen Sakura Vaso. Acquista online tutte le collezioni homedesign di Georg Jensen. Su fecarotta.it tutti i migliori brand di design\",\"breadcrumb\":{\"@id\":\"https:\\\/\\\/www.fecarotta.com\\\/it\\\/prodotto\\\/georg-jensen-sakura-vaso\\\/#breadcrumb\"},\"inLanguage\":\"it-IT\",\"potentialAction\":[{\"@type\":\"ReadAction\",\"target\":[\"https:\\\/\\\/www.fecarotta.com\\\/it\\\/prodotto\\\/georg-jensen-sakura-vaso\\\/\"]}]},{\"@type\":\"ImageObject\",\"inLanguage\":\"it-IT\",\"@id\":\"https:\\\/\\\/www.fecarotta.com\\\/it\\\/prodotto\\\/georg-jensen-sakura-vaso\\\/#primaryimage\",\"url\":\"https:\\\/\\\/www.fecarotta.com\\\/wp-content\\\/uploads\\\/2021\\\/06\\\/vaso-sakura.jpeg\",\"contentUrl\":\"https:\\\/\\\/www.fecarotta.com\\\/wp-content\\\/uploads\\\/2021\\\/06\\\/vaso-sakura.jpeg\",\"width\":1080,\"height\":1080,\"caption\":\"Vaso Sakura\"},{\"@type\":\"BreadcrumbList\",\"@id\":\"https:\\\/\\\/www.fecarotta.com\\\/it\\\/prodotto\\\/georg-jensen-sakura-vaso\\\/#breadcrumb\",\"itemListElement\":[{\"@type\":\"ListItem\",\"position\":1,\"name\":\"Home\",\"item\":\"https:\\\/\\\/www.fecarotta.com\\\/it\\\/\"},{\"@type\":\"ListItem\",\"position\":2,\"name\":\"Negozio\",\"item\":\"https:\\\/\\\/www.fecarotta.com\\\/it\\\/negozio\\\/\"},{\"@type\":\"ListItem\",\"position\":3,\"name\":\"Sakura Vaso\"}]},{\"@type\":\"WebSite\",\"@id\":\"https:\\\/\\\/www.fecarotta.com\\\/it\\\/#website\",\"url\":\"https:\\\/\\\/www.fecarotta.com\\\/it\\\/\",\"name\":\"Fecarotta Gioielli\",\"description\":\"\",\"publisher\":{\"@id\":\"https:\\\/\\\/www.fecarotta.com\\\/it\\\/#organization\"},\"potentialAction\":[{\"@type\":\"SearchAction\",\"target\":{\"@type\":\"EntryPoint\",\"urlTemplate\":\"https:\\\/\\\/www.fecarotta.com\\\/it\\\/?s={search_term_string}\"},\"query-input\":{\"@type\":\"PropertyValueSpecification\",\"valueRequired\":true,\"valueName\":\"search_term_string\"}}],\"inLanguage\":\"it-IT\"},{\"@type\":\"Organization\",\"@id\":\"https:\\\/\\\/www.fecarotta.com\\\/it\\\/#organization\",\"name\":\"Fecarotta Gioielli\",\"url\":\"https:\\\/\\\/www.fecarotta.com\\\/it\\\/\",\"logo\":{\"@type\":\"ImageObject\",\"inLanguage\":\"it-IT\",\"@id\":\"https:\\\/\\\/www.fecarotta.com\\\/it\\\/#\\\/schema\\\/logo\\\/image\\\/\",\"url\":\"https:\\\/\\\/www.fecarotta.com\\\/wp-content\\\/uploads\\\/2025\\\/03\\\/logo-gmb-fecarotta.jpg\",\"contentUrl\":\"https:\\\/\\\/www.fecarotta.com\\\/wp-content\\\/uploads\\\/2025\\\/03\\\/logo-gmb-fecarotta.jpg\",\"width\":500,\"height\":500,\"caption\":\"Fecarotta Gioielli\"},\"image\":{\"@id\":\"https:\\\/\\\/www.fecarotta.com\\\/it\\\/#\\\/schema\\\/logo\\\/image\\\/\"},\"sameAs\":[\"https:\\\/\\\/www.facebook.com\\\/fecarottagioielli\",\"http:\\\/\\\/www.instagram.com\\\/fecarotta.it\",\"https:\\\/\\\/www.linkedin.com\\\/company\\\/fecarotta-it\\\/\",\"https:\\\/\\\/api.whatsapp.com\\\/send?phone=393913323691&text=Salve, vorrei qualche informazione in merito ai vostri prodotti.\"]}]}<\/script>\n<!-- \/ Yoast SEO plugin. -->","yoast_head_json":{"title":"Sakura Vaso - Fecarotta Gioielli","description":"Georg Jensen Sakura Vaso. Acquista online tutte le collezioni homedesign di Georg Jensen. Su fecarotta.it tutti i migliori brand di design","robots":{"index":"index","follow":"follow","max-snippet":"max-snippet:-1","max-image-preview":"max-image-preview:large","max-video-preview":"max-video-preview:-1"},"canonical":"https:\/\/www.fecarotta.com\/it\/prodotto\/georg-jensen-sakura-vaso\/","og_locale":"it_IT","og_type":"article","og_title":"Sakura Vaso - Fecarotta Gioielli","og_description":"Georg Jensen Sakura Vaso. Acquista online tutte le collezioni homedesign di Georg Jensen. Su fecarotta.it tutti i migliori brand di design","og_url":"https:\/\/www.fecarotta.com\/it\/prodotto\/georg-jensen-sakura-vaso\/","og_site_name":"Fecarotta Gioielli","article_publisher":"https:\/\/www.facebook.com\/fecarottagioielli","article_modified_time":"2023-04-14T09:17:13+00:00","og_image":[{"width":1080,"height":1080,"url":"https:\/\/storage1208.cdn-immedia.net\/wp-content\/uploads\/2021\/06\/vaso-sakura.jpeg","type":"image\/jpeg"}],"twitter_card":"summary_large_image","twitter_misc":{"Tempo di lettura stimato":"2 minuti"},"schema":{"@context":"https:\/\/schema.org","@graph":[{"@type":"WebPage","@id":"https:\/\/www.fecarotta.com\/it\/prodotto\/georg-jensen-sakura-vaso\/","url":"https:\/\/www.fecarotta.com\/it\/prodotto\/georg-jensen-sakura-vaso\/","name":"Sakura Vaso - Fecarotta Gioielli","isPartOf":{"@id":"https:\/\/www.fecarotta.com\/it\/#website"},"primaryImageOfPage":{"@id":"https:\/\/www.fecarotta.com\/it\/prodotto\/georg-jensen-sakura-vaso\/#primaryimage"},"image":{"@id":"https:\/\/www.fecarotta.com\/it\/prodotto\/georg-jensen-sakura-vaso\/#primaryimage"},"thumbnailUrl":"https:\/\/storage1208.cdn-immedia.net\/wp-content\/uploads\/2021\/06\/vaso-sakura.jpeg","datePublished":"2021-06-05T12:57:26+00:00","dateModified":"2023-04-14T09:17:13+00:00","description":"Georg Jensen Sakura Vaso. Acquista online tutte le collezioni homedesign di Georg Jensen. Su fecarotta.it tutti i migliori brand di design","breadcrumb":{"@id":"https:\/\/www.fecarotta.com\/it\/prodotto\/georg-jensen-sakura-vaso\/#breadcrumb"},"inLanguage":"it-IT","potentialAction":[{"@type":"ReadAction","target":["https:\/\/www.fecarotta.com\/it\/prodotto\/georg-jensen-sakura-vaso\/"]}]},{"@type":"ImageObject","inLanguage":"it-IT","@id":"https:\/\/www.fecarotta.com\/it\/prodotto\/georg-jensen-sakura-vaso\/#primaryimage","url":"https:\/\/storage1208.cdn-immedia.net\/wp-content\/uploads\/2021\/06\/vaso-sakura.jpeg","contentUrl":"https:\/\/storage1208.cdn-immedia.net\/wp-content\/uploads\/2021\/06\/vaso-sakura.jpeg","width":1080,"height":1080,"caption":"Vaso Sakura"},{"@type":"BreadcrumbList","@id":"https:\/\/www.fecarotta.com\/it\/prodotto\/georg-jensen-sakura-vaso\/#breadcrumb","itemListElement":[{"@type":"ListItem","position":1,"name":"Home","item":"https:\/\/www.fecarotta.com\/it\/"},{"@type":"ListItem","position":2,"name":"Negozio","item":"https:\/\/www.fecarotta.com\/it\/negozio\/"},{"@type":"ListItem","position":3,"name":"Sakura Vaso"}]},{"@type":"WebSite","@id":"https:\/\/www.fecarotta.com\/it\/#website","url":"https:\/\/www.fecarotta.com\/it\/","name":"Fecarotta Gioielli","description":"","publisher":{"@id":"https:\/\/www.fecarotta.com\/it\/#organization"},"potentialAction":[{"@type":"SearchAction","target":{"@type":"EntryPoint","urlTemplate":"https:\/\/www.fecarotta.com\/it\/?s={search_term_string}"},"query-input":{"@type":"PropertyValueSpecification","valueRequired":true,"valueName":"search_term_string"}}],"inLanguage":"it-IT"},{"@type":"Organization","@id":"https:\/\/www.fecarotta.com\/it\/#organization","name":"Fecarotta Gioielli","url":"https:\/\/www.fecarotta.com\/it\/","logo":{"@type":"ImageObject","inLanguage":"it-IT","@id":"https:\/\/www.fecarotta.com\/it\/#\/schema\/logo\/image\/","url":"https:\/\/storage1208.cdn-immedia.net\/wp-content\/uploads\/2025\/03\/logo-gmb-fecarotta.jpg","contentUrl":"https:\/\/storage1208.cdn-immedia.net\/wp-content\/uploads\/2025\/03\/logo-gmb-fecarotta.jpg","width":500,"height":500,"caption":"Fecarotta Gioielli"},"image":{"@id":"https:\/\/www.fecarotta.com\/it\/#\/schema\/logo\/image\/"},"sameAs":["https:\/\/www.facebook.com\/fecarottagioielli","http:\/\/www.instagram.com\/fecarotta.it","https:\/\/www.linkedin.com\/company\/fecarotta-it\/","https:\/\/api.whatsapp.com\/send?phone=393913323691&text=Salve, vorrei qualche informazione in merito ai vostri prodotti."]}]}},"_links":{"self":[{"href":"https:\/\/www.fecarotta.com\/it\/wp-json\/wp\/v2\/product\/29108","targetHints":{"allow":["GET"]}}],"collection":[{"href":"https:\/\/www.fecarotta.com\/it\/wp-json\/wp\/v2\/product"}],"about":[{"href":"https:\/\/www.fecarotta.com\/it\/wp-json\/wp\/v2\/types\/product"}],"wp:featuredmedia":[{"embeddable":true,"href":"https:\/\/www.fecarotta.com\/it\/wp-json\/wp\/v2\/media\/29431"}],"wp:attachment":[{"href":"https:\/\/www.fecarotta.com\/it\/wp-json\/wp\/v2\/media?parent=29108"}],"wp:term":[{"taxonomy":"product_brand","embeddable":true,"href":"https:\/\/www.fecarotta.com\/it\/wp-json\/wp\/v2\/product_brand?post=29108"},{"taxonomy":"product_cat","embeddable":true,"href":"https:\/\/www.fecarotta.com\/it\/wp-json\/wp\/v2\/product_cat?post=29108"},{"taxonomy":"product_tag","embeddable":true,"href":"https:\/\/www.fecarotta.com\/it\/wp-json\/wp\/v2\/product_tag?post=29108"}],"curies":[{"name":"wp","href":"https:\/\/api.w.org\/{rel}","templated":true}]}}