{"id":28408,"date":"2020-10-06T17:35:47","date_gmt":"2020-10-06T17:35:47","guid":{"rendered":"https:\/\/www.fecarotta.com\/?post_type=product&#038;p=28408"},"modified":"2026-03-04T18:40:16","modified_gmt":"2026-03-04T18:40:16","slug":"anello-gucci-gg-running-con-diamanti","status":"publish","type":"product","link":"https:\/\/www.fecarotta.com\/it\/prodotto\/anello-gucci-gg-running-con-diamanti\/","title":{"rendered":"Anello Gucci GG Running con diamanti"},"content":{"rendered":"<div id=\"product-details\" class=\"accordion-drawer\">\n<div class=\"style-number-title\">Anello Gucci GG Running con diamanti<\/div>\n<div><\/div>\n<div class=\"product-detail\">\n<ul>\n<li>\n<div class=\"style-number-title\">\n<p>Anello Gucci GG Running con diamanti<\/p>\n<p>La Doppia G, sotto forma di ciondolo tempestato di diamanti, definisce questo anello. Il dettaglio del monogramma \u00e8 impreziosito da elaborate righe diagonali incise, create con la tecnica del guilloch\u00e9. La sottile fascia in oro bianco sottolinea la delicatezza dell&#8217;accessorio.<\/p>\n<p>Oro bianco 18 carati<br \/>\n23\u00a0diamanti, per un totale di\u00a00,08 carati circa<br \/>\nCiondolo Doppia G<br \/>\nFascia con incisione guilloch\u00e9<br \/>\nDoppia G: 9 mm<br \/>\nMade in Italy<br \/>\nGucci garantisce, al proprio interno e nella propria filiera, il rispetto degli standard di Responsabilit\u00e0 Sociale e Ambientale in conformit\u00e0 con la sua strategia di sostenibilit\u00e0. L&#8217;oro, il platino e i diamanti Gucci sono certificati dal Responsible Jewellery Council, istituito per promuovere pratiche etiche, sociali e ambientali responsabili, volte a garantire il rispetto dei diritti umani in tutta la filiera dell&#8217;oro e dei diamanti, dalle miniere alla vendita<\/p>\n<\/div>\n<div class=\"product-detail\">\n<ul>\n<li><\/li>\n<\/ul>\n<\/div>\n<p><a href=\"https:\/\/www.fecarotta.com\/it\/fecarotta-gioielli-company\/\" target=\"_blank\" rel=\"noopener noreferrer\">La nostra Azienda<\/a><\/p>\n<p><a href=\"https:\/\/www.youtube.com\/user\/gucciofficial\" target=\"_blank\" rel=\"noopener noreferrer\">Gucci official video<\/a><\/li>\n<\/ul>\n<\/div>\n<\/div>\n","protected":false},"excerpt":{"rendered":"<div class=\"style-number-title\">\n<p>Anello Gucci GG Running con diamanti<\/p>\n<p>La Doppia G, sotto forma di ciondolo tempestato di diamanti, definisce questo anello. Il dettaglio del monogramma \u00e8 impreziosito da elaborate righe diagonali incise, create con la tecnica del guilloch\u00e9. La sottile fascia in oro bianco sottolinea la delicatezza dell&#8217;accessorio.<\/p>\n<p>Oro bianco 18 carati<br \/>\n23\u00a0diamanti, per un totale di\u00a00,08 carati circa<br \/>\nCiondolo Doppia G<br \/>\nFascia con incisione guilloch\u00e9<br \/>\nDoppia G: 9 mm<br \/>\nMade in Italy<br \/>\nGucci garantisce, al proprio interno e nella propria filiera, il rispetto degli standard di Responsabilit\u00e0 Sociale e Ambientale in conformit\u00e0 con la sua strategia di sostenibilit\u00e0. L&#8217;oro, il platino e i diamanti Gucci sono certificati dal Responsible Jewellery Council, istituito per promuovere pratiche etiche, sociali e ambientali responsabili, volte a garantire il rispetto dei diritti umani in tutta la filiera dell&#8217;oro e dei diamanti, dalle miniere alla vendita<\/p>\n<\/div>\n<div class=\"product-detail\">\n<ul>\n<li>\n<div class=\"content\">\n<div class=\"double-image-pdp \">\n<div class=\"product-detail-wrap\">\n<div class=\"detail-accordion \">\n<section class=\"product-detail-accordion product-detail-on-side\">\n<div class=\"accordion-wrapper standard\" data-module=\"accordion\">\n<div id=\"accordion-product-details\" class=\"product-details-nav-product-details accordion-item accordion-item-mutually-exclusive accordion-item-default accordion-item-standard accordion-item-medium accordion-item-small _close _ready\">\n<div id=\"product-details\" class=\"accordion-drawer\"><\/div>\n<\/div>\n<\/div>\n<\/section>\n<\/div>\n<\/div>\n<\/div>\n<\/div>\n<\/li>\n<\/ul>\n<\/div>\n","protected":false},"featured_media":28410,"template":"","meta":{"_acf_changed":false},"product_brand":[],"product_cat":[96,2310,27],"product_tag":[],"class_list":{"0":"post-28408","1":"product","2":"type-product","3":"status-publish","4":"has-post-thumbnail","6":"product_cat-anelli","7":"product_cat-donna","8":"product_cat-gioielli","9":"pa_brand-gucci-gioielli","10":"pa_collection-gg-running","11":"pa_gender-donna","12":"pa_size-813","14":"first","15":"outofstock","16":"shipping-taxable","17":"purchasable","18":"product-type-variable","19":"add-to-wishlist-before_image"},"acf":[],"yoast_head":"<!-- This site is optimized with the Yoast SEO plugin v27.4 - https:\/\/yoast.com\/product\/yoast-seo-wordpress\/ -->\n<title>Anello Gucci GG Running con diamanti - Fecarotta Gioielli<\/title>\n<meta name=\"description\" content=\"Anello Gucci GG Running con diamanti . L&#039;emblematico logo proviene dagli archivi Gucci degli anni &#039;70, un&#039;era distintiva nella storia della Maison.\" \/>\n<meta name=\"robots\" content=\"index, follow, max-snippet:-1, max-image-preview:large, max-video-preview:-1\" \/>\n<link rel=\"canonical\" href=\"https:\/\/www.fecarotta.com\/it\/prodotto\/anello-gucci-gg-running-con-diamanti\/\" \/>\n<meta property=\"og:locale\" content=\"it_IT\" \/>\n<meta property=\"og:type\" content=\"article\" \/>\n<meta property=\"og:title\" content=\"Anello Gucci GG Running con diamanti - Fecarotta Gioielli\" \/>\n<meta property=\"og:description\" content=\"Anello Gucci GG Running con diamanti . L&#039;emblematico logo proviene dagli archivi Gucci degli anni &#039;70, un&#039;era distintiva nella storia della Maison.\" \/>\n<meta property=\"og:url\" content=\"https:\/\/www.fecarotta.com\/it\/prodotto\/anello-gucci-gg-running-con-diamanti\/\" \/>\n<meta property=\"og:site_name\" content=\"Fecarotta Gioielli\" \/>\n<meta property=\"article:publisher\" content=\"https:\/\/www.facebook.com\/fecarottagioielli\" \/>\n<meta property=\"article:modified_time\" content=\"2026-03-04T18:40:16+00:00\" \/>\n<meta property=\"og:image\" content=\"https:\/\/storage1208.cdn-immedia.net\/wp-content\/uploads\/2021\/05\/648596_J8568_9066_002_100_0000_Light-Anello-GG-Running-18carati-con-diamanti-ring-GUCCI-diamonds-sconto-discount.jpeg\" \/>\n\t<meta property=\"og:image:width\" content=\"2000\" \/>\n\t<meta property=\"og:image:height\" content=\"2000\" \/>\n\t<meta property=\"og:image:type\" content=\"image\/jpeg\" \/>\n<meta name=\"twitter:card\" content=\"summary_large_image\" \/>\n<meta name=\"twitter:label1\" content=\"Tempo di lettura stimato\" \/>\n\t<meta name=\"twitter:data1\" content=\"1 minuto\" \/>\n<script type=\"application\/ld+json\" class=\"yoast-schema-graph\">{\"@context\":\"https:\\\/\\\/schema.org\",\"@graph\":[{\"@type\":\"WebPage\",\"@id\":\"https:\\\/\\\/www.fecarotta.com\\\/it\\\/prodotto\\\/anello-gucci-gg-running-con-diamanti\\\/\",\"url\":\"https:\\\/\\\/www.fecarotta.com\\\/it\\\/prodotto\\\/anello-gucci-gg-running-con-diamanti\\\/\",\"name\":\"Anello Gucci GG Running con diamanti - Fecarotta Gioielli\",\"isPartOf\":{\"@id\":\"https:\\\/\\\/www.fecarotta.com\\\/it\\\/#website\"},\"primaryImageOfPage\":{\"@id\":\"https:\\\/\\\/www.fecarotta.com\\\/it\\\/prodotto\\\/anello-gucci-gg-running-con-diamanti\\\/#primaryimage\"},\"image\":{\"@id\":\"https:\\\/\\\/www.fecarotta.com\\\/it\\\/prodotto\\\/anello-gucci-gg-running-con-diamanti\\\/#primaryimage\"},\"thumbnailUrl\":\"https:\\\/\\\/www.fecarotta.com\\\/wp-content\\\/uploads\\\/2021\\\/05\\\/648596_J8568_9066_002_100_0000_Light-Anello-GG-Running-18carati-con-diamanti-ring-GUCCI-diamonds-sconto-discount.jpeg\",\"datePublished\":\"2020-10-06T17:35:47+00:00\",\"dateModified\":\"2026-03-04T18:40:16+00:00\",\"description\":\"Anello Gucci GG Running con diamanti . L'emblematico logo proviene dagli archivi Gucci degli anni '70, un'era distintiva nella storia della Maison.\",\"breadcrumb\":{\"@id\":\"https:\\\/\\\/www.fecarotta.com\\\/it\\\/prodotto\\\/anello-gucci-gg-running-con-diamanti\\\/#breadcrumb\"},\"inLanguage\":\"it-IT\",\"potentialAction\":[{\"@type\":\"ReadAction\",\"target\":[\"https:\\\/\\\/www.fecarotta.com\\\/it\\\/prodotto\\\/anello-gucci-gg-running-con-diamanti\\\/\"]}]},{\"@type\":\"ImageObject\",\"inLanguage\":\"it-IT\",\"@id\":\"https:\\\/\\\/www.fecarotta.com\\\/it\\\/prodotto\\\/anello-gucci-gg-running-con-diamanti\\\/#primaryimage\",\"url\":\"https:\\\/\\\/www.fecarotta.com\\\/wp-content\\\/uploads\\\/2021\\\/05\\\/648596_J8568_9066_002_100_0000_Light-Anello-GG-Running-18carati-con-diamanti-ring-GUCCI-diamonds-sconto-discount.jpeg\",\"contentUrl\":\"https:\\\/\\\/www.fecarotta.com\\\/wp-content\\\/uploads\\\/2021\\\/05\\\/648596_J8568_9066_002_100_0000_Light-Anello-GG-Running-18carati-con-diamanti-ring-GUCCI-diamonds-sconto-discount.jpeg\",\"width\":2000,\"height\":2000,\"caption\":\"Gucci 648596_J8568_9066_002_100_0000_Light-Anello-GG-Running-18carati-con-diamanti ring GUCCI diamonds sconto discount\"},{\"@type\":\"BreadcrumbList\",\"@id\":\"https:\\\/\\\/www.fecarotta.com\\\/it\\\/prodotto\\\/anello-gucci-gg-running-con-diamanti\\\/#breadcrumb\",\"itemListElement\":[{\"@type\":\"ListItem\",\"position\":1,\"name\":\"Home\",\"item\":\"https:\\\/\\\/www.fecarotta.com\\\/it\\\/\"},{\"@type\":\"ListItem\",\"position\":2,\"name\":\"Negozio\",\"item\":\"https:\\\/\\\/www.fecarotta.com\\\/it\\\/negozio\\\/\"},{\"@type\":\"ListItem\",\"position\":3,\"name\":\"Anello Gucci GG Running con diamanti\"}]},{\"@type\":\"WebSite\",\"@id\":\"https:\\\/\\\/www.fecarotta.com\\\/it\\\/#website\",\"url\":\"https:\\\/\\\/www.fecarotta.com\\\/it\\\/\",\"name\":\"Fecarotta Gioielli\",\"description\":\"\",\"publisher\":{\"@id\":\"https:\\\/\\\/www.fecarotta.com\\\/it\\\/#organization\"},\"potentialAction\":[{\"@type\":\"SearchAction\",\"target\":{\"@type\":\"EntryPoint\",\"urlTemplate\":\"https:\\\/\\\/www.fecarotta.com\\\/it\\\/?s={search_term_string}\"},\"query-input\":{\"@type\":\"PropertyValueSpecification\",\"valueRequired\":true,\"valueName\":\"search_term_string\"}}],\"inLanguage\":\"it-IT\"},{\"@type\":\"Organization\",\"@id\":\"https:\\\/\\\/www.fecarotta.com\\\/it\\\/#organization\",\"name\":\"Fecarotta Gioielli\",\"url\":\"https:\\\/\\\/www.fecarotta.com\\\/it\\\/\",\"logo\":{\"@type\":\"ImageObject\",\"inLanguage\":\"it-IT\",\"@id\":\"https:\\\/\\\/www.fecarotta.com\\\/it\\\/#\\\/schema\\\/logo\\\/image\\\/\",\"url\":\"https:\\\/\\\/www.fecarotta.com\\\/wp-content\\\/uploads\\\/2025\\\/03\\\/logo-gmb-fecarotta.jpg\",\"contentUrl\":\"https:\\\/\\\/www.fecarotta.com\\\/wp-content\\\/uploads\\\/2025\\\/03\\\/logo-gmb-fecarotta.jpg\",\"width\":500,\"height\":500,\"caption\":\"Fecarotta Gioielli\"},\"image\":{\"@id\":\"https:\\\/\\\/www.fecarotta.com\\\/it\\\/#\\\/schema\\\/logo\\\/image\\\/\"},\"sameAs\":[\"https:\\\/\\\/www.facebook.com\\\/fecarottagioielli\",\"http:\\\/\\\/www.instagram.com\\\/fecarotta.it\",\"https:\\\/\\\/www.linkedin.com\\\/company\\\/fecarotta-it\\\/\",\"https:\\\/\\\/api.whatsapp.com\\\/send?phone=393913323691&text=Salve, vorrei qualche informazione in merito ai vostri prodotti.\"]}]}<\/script>\n<!-- \/ Yoast SEO plugin. -->","yoast_head_json":{"title":"Anello Gucci GG Running con diamanti - Fecarotta Gioielli","description":"Anello Gucci GG Running con diamanti . L'emblematico logo proviene dagli archivi Gucci degli anni '70, un'era distintiva nella storia della Maison.","robots":{"index":"index","follow":"follow","max-snippet":"max-snippet:-1","max-image-preview":"max-image-preview:large","max-video-preview":"max-video-preview:-1"},"canonical":"https:\/\/www.fecarotta.com\/it\/prodotto\/anello-gucci-gg-running-con-diamanti\/","og_locale":"it_IT","og_type":"article","og_title":"Anello Gucci GG Running con diamanti - Fecarotta Gioielli","og_description":"Anello Gucci GG Running con diamanti . L'emblematico logo proviene dagli archivi Gucci degli anni '70, un'era distintiva nella storia della Maison.","og_url":"https:\/\/www.fecarotta.com\/it\/prodotto\/anello-gucci-gg-running-con-diamanti\/","og_site_name":"Fecarotta Gioielli","article_publisher":"https:\/\/www.facebook.com\/fecarottagioielli","article_modified_time":"2026-03-04T18:40:16+00:00","og_image":[{"width":2000,"height":2000,"url":"https:\/\/storage1208.cdn-immedia.net\/wp-content\/uploads\/2021\/05\/648596_J8568_9066_002_100_0000_Light-Anello-GG-Running-18carati-con-diamanti-ring-GUCCI-diamonds-sconto-discount.jpeg","type":"image\/jpeg"}],"twitter_card":"summary_large_image","twitter_misc":{"Tempo di lettura stimato":"1 minuto"},"schema":{"@context":"https:\/\/schema.org","@graph":[{"@type":"WebPage","@id":"https:\/\/www.fecarotta.com\/it\/prodotto\/anello-gucci-gg-running-con-diamanti\/","url":"https:\/\/www.fecarotta.com\/it\/prodotto\/anello-gucci-gg-running-con-diamanti\/","name":"Anello Gucci GG Running con diamanti - Fecarotta Gioielli","isPartOf":{"@id":"https:\/\/www.fecarotta.com\/it\/#website"},"primaryImageOfPage":{"@id":"https:\/\/www.fecarotta.com\/it\/prodotto\/anello-gucci-gg-running-con-diamanti\/#primaryimage"},"image":{"@id":"https:\/\/www.fecarotta.com\/it\/prodotto\/anello-gucci-gg-running-con-diamanti\/#primaryimage"},"thumbnailUrl":"https:\/\/storage1208.cdn-immedia.net\/wp-content\/uploads\/2021\/05\/648596_J8568_9066_002_100_0000_Light-Anello-GG-Running-18carati-con-diamanti-ring-GUCCI-diamonds-sconto-discount.jpeg","datePublished":"2020-10-06T17:35:47+00:00","dateModified":"2026-03-04T18:40:16+00:00","description":"Anello Gucci GG Running con diamanti . L'emblematico logo proviene dagli archivi Gucci degli anni '70, un'era distintiva nella storia della Maison.","breadcrumb":{"@id":"https:\/\/www.fecarotta.com\/it\/prodotto\/anello-gucci-gg-running-con-diamanti\/#breadcrumb"},"inLanguage":"it-IT","potentialAction":[{"@type":"ReadAction","target":["https:\/\/www.fecarotta.com\/it\/prodotto\/anello-gucci-gg-running-con-diamanti\/"]}]},{"@type":"ImageObject","inLanguage":"it-IT","@id":"https:\/\/www.fecarotta.com\/it\/prodotto\/anello-gucci-gg-running-con-diamanti\/#primaryimage","url":"https:\/\/storage1208.cdn-immedia.net\/wp-content\/uploads\/2021\/05\/648596_J8568_9066_002_100_0000_Light-Anello-GG-Running-18carati-con-diamanti-ring-GUCCI-diamonds-sconto-discount.jpeg","contentUrl":"https:\/\/storage1208.cdn-immedia.net\/wp-content\/uploads\/2021\/05\/648596_J8568_9066_002_100_0000_Light-Anello-GG-Running-18carati-con-diamanti-ring-GUCCI-diamonds-sconto-discount.jpeg","width":2000,"height":2000,"caption":"Gucci 648596_J8568_9066_002_100_0000_Light-Anello-GG-Running-18carati-con-diamanti ring GUCCI diamonds sconto discount"},{"@type":"BreadcrumbList","@id":"https:\/\/www.fecarotta.com\/it\/prodotto\/anello-gucci-gg-running-con-diamanti\/#breadcrumb","itemListElement":[{"@type":"ListItem","position":1,"name":"Home","item":"https:\/\/www.fecarotta.com\/it\/"},{"@type":"ListItem","position":2,"name":"Negozio","item":"https:\/\/www.fecarotta.com\/it\/negozio\/"},{"@type":"ListItem","position":3,"name":"Anello Gucci GG Running con diamanti"}]},{"@type":"WebSite","@id":"https:\/\/www.fecarotta.com\/it\/#website","url":"https:\/\/www.fecarotta.com\/it\/","name":"Fecarotta Gioielli","description":"","publisher":{"@id":"https:\/\/www.fecarotta.com\/it\/#organization"},"potentialAction":[{"@type":"SearchAction","target":{"@type":"EntryPoint","urlTemplate":"https:\/\/www.fecarotta.com\/it\/?s={search_term_string}"},"query-input":{"@type":"PropertyValueSpecification","valueRequired":true,"valueName":"search_term_string"}}],"inLanguage":"it-IT"},{"@type":"Organization","@id":"https:\/\/www.fecarotta.com\/it\/#organization","name":"Fecarotta Gioielli","url":"https:\/\/www.fecarotta.com\/it\/","logo":{"@type":"ImageObject","inLanguage":"it-IT","@id":"https:\/\/www.fecarotta.com\/it\/#\/schema\/logo\/image\/","url":"https:\/\/storage1208.cdn-immedia.net\/wp-content\/uploads\/2025\/03\/logo-gmb-fecarotta.jpg","contentUrl":"https:\/\/storage1208.cdn-immedia.net\/wp-content\/uploads\/2025\/03\/logo-gmb-fecarotta.jpg","width":500,"height":500,"caption":"Fecarotta Gioielli"},"image":{"@id":"https:\/\/www.fecarotta.com\/it\/#\/schema\/logo\/image\/"},"sameAs":["https:\/\/www.facebook.com\/fecarottagioielli","http:\/\/www.instagram.com\/fecarotta.it","https:\/\/www.linkedin.com\/company\/fecarotta-it\/","https:\/\/api.whatsapp.com\/send?phone=393913323691&text=Salve, vorrei qualche informazione in merito ai vostri prodotti."]}]}},"_links":{"self":[{"href":"https:\/\/www.fecarotta.com\/it\/wp-json\/wp\/v2\/product\/28408","targetHints":{"allow":["GET"]}}],"collection":[{"href":"https:\/\/www.fecarotta.com\/it\/wp-json\/wp\/v2\/product"}],"about":[{"href":"https:\/\/www.fecarotta.com\/it\/wp-json\/wp\/v2\/types\/product"}],"wp:featuredmedia":[{"embeddable":true,"href":"https:\/\/www.fecarotta.com\/it\/wp-json\/wp\/v2\/media\/28410"}],"wp:attachment":[{"href":"https:\/\/www.fecarotta.com\/it\/wp-json\/wp\/v2\/media?parent=28408"}],"wp:term":[{"taxonomy":"product_brand","embeddable":true,"href":"https:\/\/www.fecarotta.com\/it\/wp-json\/wp\/v2\/product_brand?post=28408"},{"taxonomy":"product_cat","embeddable":true,"href":"https:\/\/www.fecarotta.com\/it\/wp-json\/wp\/v2\/product_cat?post=28408"},{"taxonomy":"product_tag","embeddable":true,"href":"https:\/\/www.fecarotta.com\/it\/wp-json\/wp\/v2\/product_tag?post=28408"}],"curies":[{"name":"wp","href":"https:\/\/api.w.org\/{rel}","templated":true}]}}