{"id":28337,"date":"2021-03-03T16:08:07","date_gmt":"2021-03-03T16:08:07","guid":{"rendered":"https:\/\/www.fecarotta.com\/?post_type=product&#038;p=28337"},"modified":"2026-03-31T15:26:16","modified_gmt":"2026-03-31T15:26:16","slug":"gucci-anello-icon-in-oro-rosa-con-gg","status":"publish","type":"product","link":"https:\/\/www.fecarotta.com\/it\/prodotto\/gucci-anello-icon-in-oro-rosa-con-gg\/","title":{"rendered":"Gucci Anello Icon in oro rosa con GG"},"content":{"rendered":"<p>Gucci Anello Icon in oro rosa con GG<\/p>\n<p>Ogni Gioiello Gucci \u00e8 corredato dal certificato originale di garanzia e dalla confezione originale. Gucci garantisce al proprio interno e nella propria filiera, il rispetto degli standard di Responsabilit\u00e0 Sociale e Ambientale in coerenza con la sua strategia di sostenibilit\u00e0.<\/p>\n<p>L\u2019oro, il platino e i diamanti Gucci sono certificati dal Responsible Jewellery Council che ha lo scopo di promuovere pratiche responsabili, etiche, sociali e ambientali rispettose dei diritti umani attraverso la catena di fornitura dei diamanti e dell\u2019oro, dalla miniera ai negozi.<\/p>\n<p>FG Fecarotta Gioielli \u00e8 concessionario ufficiale del marchio Gucci.<\/p>\n<h4>La Storia GUCCI<\/h4>\n<p>Nel 1921 Guccio Gucci fond\u00f2 a Firenze l\u2019azienda omonima per la produzione di articoli di pelletteria, guanti e valigeria. Nel 1923 il primo marchio della casa di moda riportava solamente il nome del fondatore nel carattere calligra\ufb01co, probabilmente derivato dalla sua \ufb01rma.<\/p>\n<p>E\u2019 il 1960 Aldo Gucci, uno dei tre \ufb01gli di Guccio, disegna il simbolo con le due \u201cG\u201d incrociate, chiaro riferimento alle iniziali del fondatore; questo segno grafico, non ancora diventato il marchio dell\u2019azienda, viene riproposto in diverse fogge e cio\u00e8; fuse in un cerchio, contrapposte, invertite e in forma astratta. Quindi nel 1971 il logot\u00ecpo sar\u00e0 composto con un carattere graziato mentre solo nel 1992,con la direzione artistica di Alessandro Michele, comparir\u00e0 ufficialmente nel marchio aziendale il simbolo della doppia \u201cG\u201d, fino ad allora utilizzato solo come griffe sulle borse, calzature e cinture.<\/p>\n<p>A partire dal 1998 la comunicazione ufficiale sar\u00e0 affidata al solo logot\u00ecpo composto con carattere graziato lapidario, molto spaziato; \u00e8 con questo marchio che l\u2019azienda si presenta nel mondo come espressione distintiva del \u201cmade in Italy\u201d.<\/p>\n<p><a href=\"https:\/\/www.fecarotta.com\/it\/fecarotta-gioielli-company\/\" target=\"_blank\" rel=\"noopener noreferrer\">La nostra Azienda<\/a><\/p>\n<p><a href=\"https:\/\/www.youtube.com\/user\/gucciofficial\" target=\"_blank\" rel=\"noopener noreferrer\">Gucci official video<\/a><\/p>\n","protected":false},"excerpt":{"rendered":"<p>Gucci Anello Icon in oro rosa con GG<\/p>\n<p>Questo anello in oro rosa 18 carati si caratterizza per l&#8217;incisione con l&#8217;emblematico motivo GG.<\/p>\n<ul>\n<li>Questo articolo verr\u00e0 spedito all&#8217;interno di una custodia in velluto disponibile in sei colori accesi.<\/li>\n<li>Oro rosa 18 carati<\/li>\n<li>Questo articolo pu\u00f2 essere personalizzato con il servizio di incisione nella tua Boutique Gucci pi\u00f9 vicina.<\/li>\n<li>Made in Italy<\/li>\n<li>Gucci garantisce, al proprio interno e nella propria filiera, il rispetto degli standard di Responsabilit\u00e0 Sociale e Ambientale in conformit\u00e0 con la sua strategia di sostenibilit\u00e0. L&#8217;oro, il platino e i diamanti Gucci sono certificati dal Responsible Jewellery Council, istituito per promuovere pratiche etiche, sociali e ambientali responsabili, volte a garantire il rispetto dei diritti umani in tutta la filiera dell&#8217;oro e dei diamanti, dalle miniere alla vendita<\/li>\n<\/ul>\n","protected":false},"featured_media":28351,"template":"","meta":{"_acf_changed":false},"product_brand":[],"product_cat":[96,2298,2310,27],"product_tag":[],"class_list":{"0":"post-28337","1":"product","2":"type-product","3":"status-publish","4":"has-post-thumbnail","6":"product_cat-anelli","7":"product_cat-anelli-uomo","8":"product_cat-donna","9":"product_cat-gioielli","10":"pa_brand-gucci-gioielli","11":"pa_collection-icon","12":"pa_gender-donna","13":"pa_size-859","15":"first","16":"instock","17":"purchasable","18":"product-type-variable","19":"add-to-wishlist-before_image"},"acf":[],"yoast_head":"<!-- This site is optimized with the Yoast SEO plugin v27.5 - https:\/\/yoast.com\/product\/yoast-seo-wordpress\/ -->\n<title>Gucci Anello Icon in oro rosa con GG - Fecarotta Gioielli<\/title>\n<meta name=\"description\" content=\"Gucci Anello Icon in oro rosa con GG, acquista online su fecarotta.it e utilizza il codice sconto di benvenuto\" \/>\n<meta name=\"robots\" content=\"index, follow, max-snippet:-1, max-image-preview:large, max-video-preview:-1\" \/>\n<link rel=\"canonical\" href=\"https:\/\/www.fecarotta.com\/it\/prodotto\/gucci-anello-icon-in-oro-rosa-con-gg\/\" \/>\n<meta property=\"og:locale\" content=\"it_IT\" \/>\n<meta property=\"og:type\" content=\"article\" \/>\n<meta property=\"og:title\" content=\"Gucci Anello Icon in oro rosa con GG - Fecarotta Gioielli\" \/>\n<meta property=\"og:description\" content=\"Gucci Anello Icon in oro rosa con GG, acquista online su fecarotta.it e utilizza il codice sconto di benvenuto\" \/>\n<meta property=\"og:url\" content=\"https:\/\/www.fecarotta.com\/it\/prodotto\/gucci-anello-icon-in-oro-rosa-con-gg\/\" \/>\n<meta property=\"og:site_name\" content=\"Fecarotta Gioielli\" \/>\n<meta property=\"article:publisher\" content=\"https:\/\/www.facebook.com\/fecarottagioielli\" \/>\n<meta property=\"article:modified_time\" content=\"2026-03-31T15:26:16+00:00\" \/>\n<meta property=\"og:image\" content=\"https:\/\/storage1208.cdn-immedia.net\/wp-content\/uploads\/2021\/03\/152045_J8500_5702_001_100_0000_Light-Anello-Icon-a-fascia-sottile-ring-sconto-discount-Gucci-.jpeg\" \/>\n\t<meta property=\"og:image:width\" content=\"2000\" \/>\n\t<meta property=\"og:image:height\" content=\"2000\" \/>\n\t<meta property=\"og:image:type\" content=\"image\/jpeg\" \/>\n<meta name=\"twitter:card\" content=\"summary_large_image\" \/>\n<meta name=\"twitter:label1\" content=\"Tempo di lettura stimato\" \/>\n\t<meta name=\"twitter:data1\" content=\"2 minuti\" \/>\n<script type=\"application\/ld+json\" class=\"yoast-schema-graph\">{\"@context\":\"https:\\\/\\\/schema.org\",\"@graph\":[{\"@type\":\"WebPage\",\"@id\":\"https:\\\/\\\/www.fecarotta.com\\\/it\\\/prodotto\\\/gucci-anello-icon-in-oro-rosa-con-gg\\\/\",\"url\":\"https:\\\/\\\/www.fecarotta.com\\\/it\\\/prodotto\\\/gucci-anello-icon-in-oro-rosa-con-gg\\\/\",\"name\":\"Gucci Anello Icon in oro rosa con GG - Fecarotta Gioielli\",\"isPartOf\":{\"@id\":\"https:\\\/\\\/www.fecarotta.com\\\/it\\\/#website\"},\"primaryImageOfPage\":{\"@id\":\"https:\\\/\\\/www.fecarotta.com\\\/it\\\/prodotto\\\/gucci-anello-icon-in-oro-rosa-con-gg\\\/#primaryimage\"},\"image\":{\"@id\":\"https:\\\/\\\/www.fecarotta.com\\\/it\\\/prodotto\\\/gucci-anello-icon-in-oro-rosa-con-gg\\\/#primaryimage\"},\"thumbnailUrl\":\"https:\\\/\\\/www.fecarotta.com\\\/wp-content\\\/uploads\\\/2021\\\/03\\\/152045_J8500_5702_001_100_0000_Light-Anello-Icon-a-fascia-sottile-ring-sconto-discount-Gucci-.jpeg\",\"datePublished\":\"2021-03-03T16:08:07+00:00\",\"dateModified\":\"2026-03-31T15:26:16+00:00\",\"description\":\"Gucci Anello Icon in oro rosa con GG, acquista online su fecarotta.it e utilizza il codice sconto di benvenuto\",\"breadcrumb\":{\"@id\":\"https:\\\/\\\/www.fecarotta.com\\\/it\\\/prodotto\\\/gucci-anello-icon-in-oro-rosa-con-gg\\\/#breadcrumb\"},\"inLanguage\":\"it-IT\",\"potentialAction\":[{\"@type\":\"ReadAction\",\"target\":[\"https:\\\/\\\/www.fecarotta.com\\\/it\\\/prodotto\\\/gucci-anello-icon-in-oro-rosa-con-gg\\\/\"]}]},{\"@type\":\"ImageObject\",\"inLanguage\":\"it-IT\",\"@id\":\"https:\\\/\\\/www.fecarotta.com\\\/it\\\/prodotto\\\/gucci-anello-icon-in-oro-rosa-con-gg\\\/#primaryimage\",\"url\":\"https:\\\/\\\/www.fecarotta.com\\\/wp-content\\\/uploads\\\/2021\\\/03\\\/152045_J8500_5702_001_100_0000_Light-Anello-Icon-a-fascia-sottile-ring-sconto-discount-Gucci-.jpeg\",\"contentUrl\":\"https:\\\/\\\/www.fecarotta.com\\\/wp-content\\\/uploads\\\/2021\\\/03\\\/152045_J8500_5702_001_100_0000_Light-Anello-Icon-a-fascia-sottile-ring-sconto-discount-Gucci-.jpeg\",\"width\":2000,\"height\":2000,\"caption\":\"152045_J8500_5702_001_100_0000_Light-Anello-Icon-a-fascia-sottile ring sconto discount Gucci\"},{\"@type\":\"BreadcrumbList\",\"@id\":\"https:\\\/\\\/www.fecarotta.com\\\/it\\\/prodotto\\\/gucci-anello-icon-in-oro-rosa-con-gg\\\/#breadcrumb\",\"itemListElement\":[{\"@type\":\"ListItem\",\"position\":1,\"name\":\"Home\",\"item\":\"https:\\\/\\\/www.fecarotta.com\\\/it\\\/\"},{\"@type\":\"ListItem\",\"position\":2,\"name\":\"Negozio\",\"item\":\"https:\\\/\\\/www.fecarotta.com\\\/it\\\/negozio\\\/\"},{\"@type\":\"ListItem\",\"position\":3,\"name\":\"Gucci Anello Icon in oro rosa con GG\"}]},{\"@type\":\"WebSite\",\"@id\":\"https:\\\/\\\/www.fecarotta.com\\\/it\\\/#website\",\"url\":\"https:\\\/\\\/www.fecarotta.com\\\/it\\\/\",\"name\":\"Fecarotta Gioielli\",\"description\":\"\",\"publisher\":{\"@id\":\"https:\\\/\\\/www.fecarotta.com\\\/it\\\/#organization\"},\"potentialAction\":[{\"@type\":\"SearchAction\",\"target\":{\"@type\":\"EntryPoint\",\"urlTemplate\":\"https:\\\/\\\/www.fecarotta.com\\\/it\\\/?s={search_term_string}\"},\"query-input\":{\"@type\":\"PropertyValueSpecification\",\"valueRequired\":true,\"valueName\":\"search_term_string\"}}],\"inLanguage\":\"it-IT\"},{\"@type\":\"Organization\",\"@id\":\"https:\\\/\\\/www.fecarotta.com\\\/it\\\/#organization\",\"name\":\"Fecarotta Gioielli\",\"url\":\"https:\\\/\\\/www.fecarotta.com\\\/it\\\/\",\"logo\":{\"@type\":\"ImageObject\",\"inLanguage\":\"it-IT\",\"@id\":\"https:\\\/\\\/www.fecarotta.com\\\/it\\\/#\\\/schema\\\/logo\\\/image\\\/\",\"url\":\"https:\\\/\\\/www.fecarotta.com\\\/wp-content\\\/uploads\\\/2025\\\/03\\\/logo-gmb-fecarotta.jpg\",\"contentUrl\":\"https:\\\/\\\/www.fecarotta.com\\\/wp-content\\\/uploads\\\/2025\\\/03\\\/logo-gmb-fecarotta.jpg\",\"width\":500,\"height\":500,\"caption\":\"Fecarotta Gioielli\"},\"image\":{\"@id\":\"https:\\\/\\\/www.fecarotta.com\\\/it\\\/#\\\/schema\\\/logo\\\/image\\\/\"},\"sameAs\":[\"https:\\\/\\\/www.facebook.com\\\/fecarottagioielli\",\"http:\\\/\\\/www.instagram.com\\\/fecarotta.it\",\"https:\\\/\\\/www.linkedin.com\\\/company\\\/fecarotta-it\\\/\",\"https:\\\/\\\/api.whatsapp.com\\\/send?phone=393913323691&text=Salve, vorrei qualche informazione in merito ai vostri prodotti.\"]}]}<\/script>\n<!-- \/ Yoast SEO plugin. -->","yoast_head_json":{"title":"Gucci Anello Icon in oro rosa con GG - Fecarotta Gioielli","description":"Gucci Anello Icon in oro rosa con GG, acquista online su fecarotta.it e utilizza il codice sconto di benvenuto","robots":{"index":"index","follow":"follow","max-snippet":"max-snippet:-1","max-image-preview":"max-image-preview:large","max-video-preview":"max-video-preview:-1"},"canonical":"https:\/\/www.fecarotta.com\/it\/prodotto\/gucci-anello-icon-in-oro-rosa-con-gg\/","og_locale":"it_IT","og_type":"article","og_title":"Gucci Anello Icon in oro rosa con GG - Fecarotta Gioielli","og_description":"Gucci Anello Icon in oro rosa con GG, acquista online su fecarotta.it e utilizza il codice sconto di benvenuto","og_url":"https:\/\/www.fecarotta.com\/it\/prodotto\/gucci-anello-icon-in-oro-rosa-con-gg\/","og_site_name":"Fecarotta Gioielli","article_publisher":"https:\/\/www.facebook.com\/fecarottagioielli","article_modified_time":"2026-03-31T15:26:16+00:00","og_image":[{"width":2000,"height":2000,"url":"https:\/\/storage1208.cdn-immedia.net\/wp-content\/uploads\/2021\/03\/152045_J8500_5702_001_100_0000_Light-Anello-Icon-a-fascia-sottile-ring-sconto-discount-Gucci-.jpeg","type":"image\/jpeg"}],"twitter_card":"summary_large_image","twitter_misc":{"Tempo di lettura stimato":"2 minuti"},"schema":{"@context":"https:\/\/schema.org","@graph":[{"@type":"WebPage","@id":"https:\/\/www.fecarotta.com\/it\/prodotto\/gucci-anello-icon-in-oro-rosa-con-gg\/","url":"https:\/\/www.fecarotta.com\/it\/prodotto\/gucci-anello-icon-in-oro-rosa-con-gg\/","name":"Gucci Anello Icon in oro rosa con GG - Fecarotta Gioielli","isPartOf":{"@id":"https:\/\/www.fecarotta.com\/it\/#website"},"primaryImageOfPage":{"@id":"https:\/\/www.fecarotta.com\/it\/prodotto\/gucci-anello-icon-in-oro-rosa-con-gg\/#primaryimage"},"image":{"@id":"https:\/\/www.fecarotta.com\/it\/prodotto\/gucci-anello-icon-in-oro-rosa-con-gg\/#primaryimage"},"thumbnailUrl":"https:\/\/storage1208.cdn-immedia.net\/wp-content\/uploads\/2021\/03\/152045_J8500_5702_001_100_0000_Light-Anello-Icon-a-fascia-sottile-ring-sconto-discount-Gucci-.jpeg","datePublished":"2021-03-03T16:08:07+00:00","dateModified":"2026-03-31T15:26:16+00:00","description":"Gucci Anello Icon in oro rosa con GG, acquista online su fecarotta.it e utilizza il codice sconto di benvenuto","breadcrumb":{"@id":"https:\/\/www.fecarotta.com\/it\/prodotto\/gucci-anello-icon-in-oro-rosa-con-gg\/#breadcrumb"},"inLanguage":"it-IT","potentialAction":[{"@type":"ReadAction","target":["https:\/\/www.fecarotta.com\/it\/prodotto\/gucci-anello-icon-in-oro-rosa-con-gg\/"]}]},{"@type":"ImageObject","inLanguage":"it-IT","@id":"https:\/\/www.fecarotta.com\/it\/prodotto\/gucci-anello-icon-in-oro-rosa-con-gg\/#primaryimage","url":"https:\/\/storage1208.cdn-immedia.net\/wp-content\/uploads\/2021\/03\/152045_J8500_5702_001_100_0000_Light-Anello-Icon-a-fascia-sottile-ring-sconto-discount-Gucci-.jpeg","contentUrl":"https:\/\/storage1208.cdn-immedia.net\/wp-content\/uploads\/2021\/03\/152045_J8500_5702_001_100_0000_Light-Anello-Icon-a-fascia-sottile-ring-sconto-discount-Gucci-.jpeg","width":2000,"height":2000,"caption":"152045_J8500_5702_001_100_0000_Light-Anello-Icon-a-fascia-sottile ring sconto discount Gucci"},{"@type":"BreadcrumbList","@id":"https:\/\/www.fecarotta.com\/it\/prodotto\/gucci-anello-icon-in-oro-rosa-con-gg\/#breadcrumb","itemListElement":[{"@type":"ListItem","position":1,"name":"Home","item":"https:\/\/www.fecarotta.com\/it\/"},{"@type":"ListItem","position":2,"name":"Negozio","item":"https:\/\/www.fecarotta.com\/it\/negozio\/"},{"@type":"ListItem","position":3,"name":"Gucci Anello Icon in oro rosa con GG"}]},{"@type":"WebSite","@id":"https:\/\/www.fecarotta.com\/it\/#website","url":"https:\/\/www.fecarotta.com\/it\/","name":"Fecarotta Gioielli","description":"","publisher":{"@id":"https:\/\/www.fecarotta.com\/it\/#organization"},"potentialAction":[{"@type":"SearchAction","target":{"@type":"EntryPoint","urlTemplate":"https:\/\/www.fecarotta.com\/it\/?s={search_term_string}"},"query-input":{"@type":"PropertyValueSpecification","valueRequired":true,"valueName":"search_term_string"}}],"inLanguage":"it-IT"},{"@type":"Organization","@id":"https:\/\/www.fecarotta.com\/it\/#organization","name":"Fecarotta Gioielli","url":"https:\/\/www.fecarotta.com\/it\/","logo":{"@type":"ImageObject","inLanguage":"it-IT","@id":"https:\/\/www.fecarotta.com\/it\/#\/schema\/logo\/image\/","url":"https:\/\/storage1208.cdn-immedia.net\/wp-content\/uploads\/2025\/03\/logo-gmb-fecarotta.jpg","contentUrl":"https:\/\/storage1208.cdn-immedia.net\/wp-content\/uploads\/2025\/03\/logo-gmb-fecarotta.jpg","width":500,"height":500,"caption":"Fecarotta Gioielli"},"image":{"@id":"https:\/\/www.fecarotta.com\/it\/#\/schema\/logo\/image\/"},"sameAs":["https:\/\/www.facebook.com\/fecarottagioielli","http:\/\/www.instagram.com\/fecarotta.it","https:\/\/www.linkedin.com\/company\/fecarotta-it\/","https:\/\/api.whatsapp.com\/send?phone=393913323691&text=Salve, vorrei qualche informazione in merito ai vostri prodotti."]}]}},"_links":{"self":[{"href":"https:\/\/www.fecarotta.com\/it\/wp-json\/wp\/v2\/product\/28337","targetHints":{"allow":["GET"]}}],"collection":[{"href":"https:\/\/www.fecarotta.com\/it\/wp-json\/wp\/v2\/product"}],"about":[{"href":"https:\/\/www.fecarotta.com\/it\/wp-json\/wp\/v2\/types\/product"}],"wp:featuredmedia":[{"embeddable":true,"href":"https:\/\/www.fecarotta.com\/it\/wp-json\/wp\/v2\/media\/28351"}],"wp:attachment":[{"href":"https:\/\/www.fecarotta.com\/it\/wp-json\/wp\/v2\/media?parent=28337"}],"wp:term":[{"taxonomy":"product_brand","embeddable":true,"href":"https:\/\/www.fecarotta.com\/it\/wp-json\/wp\/v2\/product_brand?post=28337"},{"taxonomy":"product_cat","embeddable":true,"href":"https:\/\/www.fecarotta.com\/it\/wp-json\/wp\/v2\/product_cat?post=28337"},{"taxonomy":"product_tag","embeddable":true,"href":"https:\/\/www.fecarotta.com\/it\/wp-json\/wp\/v2\/product_tag?post=28337"}],"curies":[{"name":"wp","href":"https:\/\/api.w.org\/{rel}","templated":true}]}}