{"id":28261,"date":"2021-03-03T09:12:07","date_gmt":"2021-03-03T09:12:07","guid":{"rendered":"https:\/\/www.fecarotta.com\/?post_type=product&#038;p=28261"},"modified":"2026-04-22T18:05:19","modified_gmt":"2026-04-22T18:05:19","slug":"gemelli-polso-argento-gucci-gg-e-lapislazzuli","status":"publish","type":"product","link":"https:\/\/www.fecarotta.com\/it\/prodotto\/gemelli-polso-argento-gucci-gg-e-lapislazzuli\/","title":{"rendered":"Gemelli polso argento GUCCI Interlocking GG e Lapislazzuli"},"content":{"rendered":"<p>Gemelli polso argento GUCCI GG e Lapislazzuli<\/p>\n<p>FG Fecarotta Gioielli \u00e8 concessionario ufficiale del marchio Gucci.<\/p>\n<h4>La Storia GUCCI<\/h4>\n<p>Nel 1921 Guccio Gucci fond\u00f2 a Firenze l\u2019azienda omonima per la produzione di articoli di pelletteria, guanti e valigeria. Nel 1923 il primo marchio della casa di moda riportava solamente il nome del fondatore nel carattere calligra\ufb01co, probabilmente derivato dalla sua \ufb01rma.<\/p>\n<p>E\u2019 il 1960 Aldo Gucci, uno dei tre \ufb01gli di Guccio, disegna il simbolo con le due \u201cG\u201d incrociate, chiaro riferimento alle iniziali del fondatore; questo segno grafico, non ancora diventato il marchio dell\u2019azienda, viene riproposto in diverse fogge e cio\u00e8; fuse in un cerchio, contrapposte, invertite e in forma astratta. Quindi nel 1971 il logot\u00ecpo sar\u00e0 composto con un carattere graziato mentre solo nel 1992,con la direzione artistica di Alessandro Michele, comparir\u00e0 ufficialmente nel marchio aziendale il simbolo della doppia \u201cG\u201d, fino ad allora utilizzato solo come griffe sulle borse, calzature e cinture.<\/p>\n<p>A partire dal 1998 la comunicazione ufficiale sar\u00e0 affidata al solo logot\u00ecpo composto con carattere graziato lapidario, molto spaziato; \u00e8 con questo marchio che l\u2019azienda si presenta nel mondo come espressione distintiva del \u201cmade in Italy\u201d.<\/p>\n<p><a href=\"https:\/\/www.fecarotta.com\/it\/fecarotta-gioielli-company\/\" target=\"_blank\" rel=\"noopener noreferrer\">La nostra Azienda<\/a><\/p>\n<p><a href=\"https:\/\/www.youtube.com\/user\/gucciofficial\" target=\"_blank\" rel=\"noopener noreferrer\">Gucci official video<\/a><\/p>\n","protected":false},"excerpt":{"rendered":"<p>Gemelli polso argento GUCCI GG e Lapislazzuli<\/p>\n<p>I lapislazzuli decorati con l&#8217;inconfondibile GG della Maison caratterizzano questi gemelli in argento 925, che rispecchiano alla perfezione la filosofia Gucci di stile senza tempo.<\/p>\n<ul>\n<li>Argento sterling 925<\/li>\n<li>Lapislazzuli blu<\/li>\n<li>Dettaglio GG<\/li>\n<li>Larghezza: 14 mm<\/li>\n<li>Made in Italy<\/li>\n<li>Gucci garantisce, al proprio interno e nella propria filiera, il rispetto degli standard di Responsabilit\u00e0 Sociale e Ambientale in coerenza con la sua strategia di sostenibilit\u00e0<\/li>\n<\/ul>\n","protected":false},"featured_media":28549,"template":"","meta":{"_acf_changed":false},"product_brand":[],"product_cat":[127,932,1168,2304],"product_tag":[],"class_list":{"0":"post-28261","1":"product","2":"type-product","3":"status-publish","4":"has-post-thumbnail","6":"product_cat-accessori","7":"product_cat-gemelli","8":"product_cat-innamorati","9":"product_cat-uomo","10":"pa_brand-gucci-gioielli","11":"pa_collection-interlocking-g","12":"pa_gender-uomo","14":"first","15":"onbackorder","16":"shipping-taxable","17":"purchasable","18":"product-type-simple","19":"add-to-wishlist-before_image"},"acf":[],"yoast_head":"<!-- This site is optimized with the Yoast SEO plugin v27.5 - https:\/\/yoast.com\/product\/yoast-seo-wordpress\/ -->\n<title>Gemelli polso argento GUCCI Interlocking GG e Lapislazzuli - Fecarotta Gioielli<\/title>\n<meta name=\"description\" content=\"Gemelli polso argento GUCCI GG e Lapislazzuli. Un logo proveniente dagli archivi Gucci degli anni &#039;70. Acquista GUCCi su fecarotta.it\" \/>\n<meta name=\"robots\" content=\"index, follow, max-snippet:-1, max-image-preview:large, max-video-preview:-1\" \/>\n<link rel=\"canonical\" href=\"https:\/\/www.fecarotta.com\/it\/prodotto\/gemelli-polso-argento-gucci-gg-e-lapislazzuli\/\" \/>\n<meta property=\"og:locale\" content=\"it_IT\" \/>\n<meta property=\"og:type\" content=\"article\" \/>\n<meta property=\"og:title\" content=\"Gemelli polso argento GUCCI Interlocking GG e Lapislazzuli - Fecarotta Gioielli\" \/>\n<meta property=\"og:description\" content=\"Gemelli polso argento GUCCI GG e Lapislazzuli. Un logo proveniente dagli archivi Gucci degli anni &#039;70. Acquista GUCCi su fecarotta.it\" \/>\n<meta property=\"og:url\" content=\"https:\/\/www.fecarotta.com\/it\/prodotto\/gemelli-polso-argento-gucci-gg-e-lapislazzuli\/\" \/>\n<meta property=\"og:site_name\" content=\"Fecarotta Gioielli\" \/>\n<meta property=\"article:publisher\" content=\"https:\/\/www.facebook.com\/fecarottagioielli\" \/>\n<meta property=\"article:modified_time\" content=\"2026-04-22T18:05:19+00:00\" \/>\n<meta property=\"og:image\" content=\"https:\/\/storage1208.cdn-immedia.net\/wp-content\/uploads\/2021\/03\/Gemelli-polso-argento-GUCCI-GG-e-Lapislazzuli-645589-I5930-8136-GUCCI-cufflinks-sconto-discount-silver.jpg\" \/>\n\t<meta property=\"og:image:width\" content=\"2000\" \/>\n\t<meta property=\"og:image:height\" content=\"2000\" \/>\n\t<meta property=\"og:image:type\" content=\"image\/jpeg\" \/>\n<meta name=\"twitter:card\" content=\"summary_large_image\" \/>\n<meta name=\"twitter:label1\" content=\"Tempo di lettura stimato\" \/>\n\t<meta name=\"twitter:data1\" content=\"1 minuto\" \/>\n<script type=\"application\/ld+json\" class=\"yoast-schema-graph\">{\"@context\":\"https:\\\/\\\/schema.org\",\"@graph\":[{\"@type\":\"WebPage\",\"@id\":\"https:\\\/\\\/www.fecarotta.com\\\/it\\\/prodotto\\\/gemelli-polso-argento-gucci-gg-e-lapislazzuli\\\/\",\"url\":\"https:\\\/\\\/www.fecarotta.com\\\/it\\\/prodotto\\\/gemelli-polso-argento-gucci-gg-e-lapislazzuli\\\/\",\"name\":\"Gemelli polso argento GUCCI Interlocking GG e Lapislazzuli - Fecarotta Gioielli\",\"isPartOf\":{\"@id\":\"https:\\\/\\\/www.fecarotta.com\\\/it\\\/#website\"},\"primaryImageOfPage\":{\"@id\":\"https:\\\/\\\/www.fecarotta.com\\\/it\\\/prodotto\\\/gemelli-polso-argento-gucci-gg-e-lapislazzuli\\\/#primaryimage\"},\"image\":{\"@id\":\"https:\\\/\\\/www.fecarotta.com\\\/it\\\/prodotto\\\/gemelli-polso-argento-gucci-gg-e-lapislazzuli\\\/#primaryimage\"},\"thumbnailUrl\":\"https:\\\/\\\/www.fecarotta.com\\\/wp-content\\\/uploads\\\/2021\\\/03\\\/Gemelli-polso-argento-GUCCI-GG-e-Lapislazzuli-645589-I5930-8136-GUCCI-cufflinks-sconto-discount-silver.jpg\",\"datePublished\":\"2021-03-03T09:12:07+00:00\",\"dateModified\":\"2026-04-22T18:05:19+00:00\",\"description\":\"Gemelli polso argento GUCCI GG e Lapislazzuli. Un logo proveniente dagli archivi Gucci degli anni '70. Acquista GUCCi su fecarotta.it\",\"breadcrumb\":{\"@id\":\"https:\\\/\\\/www.fecarotta.com\\\/it\\\/prodotto\\\/gemelli-polso-argento-gucci-gg-e-lapislazzuli\\\/#breadcrumb\"},\"inLanguage\":\"it-IT\",\"potentialAction\":[{\"@type\":\"ReadAction\",\"target\":[\"https:\\\/\\\/www.fecarotta.com\\\/it\\\/prodotto\\\/gemelli-polso-argento-gucci-gg-e-lapislazzuli\\\/\"]}]},{\"@type\":\"ImageObject\",\"inLanguage\":\"it-IT\",\"@id\":\"https:\\\/\\\/www.fecarotta.com\\\/it\\\/prodotto\\\/gemelli-polso-argento-gucci-gg-e-lapislazzuli\\\/#primaryimage\",\"url\":\"https:\\\/\\\/www.fecarotta.com\\\/wp-content\\\/uploads\\\/2021\\\/03\\\/Gemelli-polso-argento-GUCCI-GG-e-Lapislazzuli-645589-I5930-8136-GUCCI-cufflinks-sconto-discount-silver.jpg\",\"contentUrl\":\"https:\\\/\\\/www.fecarotta.com\\\/wp-content\\\/uploads\\\/2021\\\/03\\\/Gemelli-polso-argento-GUCCI-GG-e-Lapislazzuli-645589-I5930-8136-GUCCI-cufflinks-sconto-discount-silver.jpg\",\"width\":2000,\"height\":2000,\"caption\":\"Gemelli-polso-argento-GUCCI-GG-e-Lapislazzuli-645589-I5930-8136-GUCCI-cufflinks-sconto-discount-silver\"},{\"@type\":\"BreadcrumbList\",\"@id\":\"https:\\\/\\\/www.fecarotta.com\\\/it\\\/prodotto\\\/gemelli-polso-argento-gucci-gg-e-lapislazzuli\\\/#breadcrumb\",\"itemListElement\":[{\"@type\":\"ListItem\",\"position\":1,\"name\":\"Home\",\"item\":\"https:\\\/\\\/www.fecarotta.com\\\/it\\\/\"},{\"@type\":\"ListItem\",\"position\":2,\"name\":\"Negozio\",\"item\":\"https:\\\/\\\/www.fecarotta.com\\\/it\\\/negozio\\\/\"},{\"@type\":\"ListItem\",\"position\":3,\"name\":\"Gemelli polso argento GUCCI Interlocking GG e Lapislazzuli\"}]},{\"@type\":\"WebSite\",\"@id\":\"https:\\\/\\\/www.fecarotta.com\\\/it\\\/#website\",\"url\":\"https:\\\/\\\/www.fecarotta.com\\\/it\\\/\",\"name\":\"Fecarotta Gioielli\",\"description\":\"\",\"publisher\":{\"@id\":\"https:\\\/\\\/www.fecarotta.com\\\/it\\\/#organization\"},\"potentialAction\":[{\"@type\":\"SearchAction\",\"target\":{\"@type\":\"EntryPoint\",\"urlTemplate\":\"https:\\\/\\\/www.fecarotta.com\\\/it\\\/?s={search_term_string}\"},\"query-input\":{\"@type\":\"PropertyValueSpecification\",\"valueRequired\":true,\"valueName\":\"search_term_string\"}}],\"inLanguage\":\"it-IT\"},{\"@type\":\"Organization\",\"@id\":\"https:\\\/\\\/www.fecarotta.com\\\/it\\\/#organization\",\"name\":\"Fecarotta Gioielli\",\"url\":\"https:\\\/\\\/www.fecarotta.com\\\/it\\\/\",\"logo\":{\"@type\":\"ImageObject\",\"inLanguage\":\"it-IT\",\"@id\":\"https:\\\/\\\/www.fecarotta.com\\\/it\\\/#\\\/schema\\\/logo\\\/image\\\/\",\"url\":\"https:\\\/\\\/www.fecarotta.com\\\/wp-content\\\/uploads\\\/2025\\\/03\\\/logo-gmb-fecarotta.jpg\",\"contentUrl\":\"https:\\\/\\\/www.fecarotta.com\\\/wp-content\\\/uploads\\\/2025\\\/03\\\/logo-gmb-fecarotta.jpg\",\"width\":500,\"height\":500,\"caption\":\"Fecarotta Gioielli\"},\"image\":{\"@id\":\"https:\\\/\\\/www.fecarotta.com\\\/it\\\/#\\\/schema\\\/logo\\\/image\\\/\"},\"sameAs\":[\"https:\\\/\\\/www.facebook.com\\\/fecarottagioielli\",\"http:\\\/\\\/www.instagram.com\\\/fecarotta.it\",\"https:\\\/\\\/www.linkedin.com\\\/company\\\/fecarotta-it\\\/\",\"https:\\\/\\\/api.whatsapp.com\\\/send?phone=393913323691&text=Salve, vorrei qualche informazione in merito ai vostri prodotti.\"]}]}<\/script>\n<!-- \/ Yoast SEO plugin. -->","yoast_head_json":{"title":"Gemelli polso argento GUCCI Interlocking GG e Lapislazzuli - Fecarotta Gioielli","description":"Gemelli polso argento GUCCI GG e Lapislazzuli. Un logo proveniente dagli archivi Gucci degli anni '70. Acquista GUCCi su fecarotta.it","robots":{"index":"index","follow":"follow","max-snippet":"max-snippet:-1","max-image-preview":"max-image-preview:large","max-video-preview":"max-video-preview:-1"},"canonical":"https:\/\/www.fecarotta.com\/it\/prodotto\/gemelli-polso-argento-gucci-gg-e-lapislazzuli\/","og_locale":"it_IT","og_type":"article","og_title":"Gemelli polso argento GUCCI Interlocking GG e Lapislazzuli - Fecarotta Gioielli","og_description":"Gemelli polso argento GUCCI GG e Lapislazzuli. Un logo proveniente dagli archivi Gucci degli anni '70. Acquista GUCCi su fecarotta.it","og_url":"https:\/\/www.fecarotta.com\/it\/prodotto\/gemelli-polso-argento-gucci-gg-e-lapislazzuli\/","og_site_name":"Fecarotta Gioielli","article_publisher":"https:\/\/www.facebook.com\/fecarottagioielli","article_modified_time":"2026-04-22T18:05:19+00:00","og_image":[{"width":2000,"height":2000,"url":"https:\/\/storage1208.cdn-immedia.net\/wp-content\/uploads\/2021\/03\/Gemelli-polso-argento-GUCCI-GG-e-Lapislazzuli-645589-I5930-8136-GUCCI-cufflinks-sconto-discount-silver.jpg","type":"image\/jpeg"}],"twitter_card":"summary_large_image","twitter_misc":{"Tempo di lettura stimato":"1 minuto"},"schema":{"@context":"https:\/\/schema.org","@graph":[{"@type":"WebPage","@id":"https:\/\/www.fecarotta.com\/it\/prodotto\/gemelli-polso-argento-gucci-gg-e-lapislazzuli\/","url":"https:\/\/www.fecarotta.com\/it\/prodotto\/gemelli-polso-argento-gucci-gg-e-lapislazzuli\/","name":"Gemelli polso argento GUCCI Interlocking GG e Lapislazzuli - Fecarotta Gioielli","isPartOf":{"@id":"https:\/\/www.fecarotta.com\/it\/#website"},"primaryImageOfPage":{"@id":"https:\/\/www.fecarotta.com\/it\/prodotto\/gemelli-polso-argento-gucci-gg-e-lapislazzuli\/#primaryimage"},"image":{"@id":"https:\/\/www.fecarotta.com\/it\/prodotto\/gemelli-polso-argento-gucci-gg-e-lapislazzuli\/#primaryimage"},"thumbnailUrl":"https:\/\/storage1208.cdn-immedia.net\/wp-content\/uploads\/2021\/03\/Gemelli-polso-argento-GUCCI-GG-e-Lapislazzuli-645589-I5930-8136-GUCCI-cufflinks-sconto-discount-silver.jpg","datePublished":"2021-03-03T09:12:07+00:00","dateModified":"2026-04-22T18:05:19+00:00","description":"Gemelli polso argento GUCCI GG e Lapislazzuli. Un logo proveniente dagli archivi Gucci degli anni '70. Acquista GUCCi su fecarotta.it","breadcrumb":{"@id":"https:\/\/www.fecarotta.com\/it\/prodotto\/gemelli-polso-argento-gucci-gg-e-lapislazzuli\/#breadcrumb"},"inLanguage":"it-IT","potentialAction":[{"@type":"ReadAction","target":["https:\/\/www.fecarotta.com\/it\/prodotto\/gemelli-polso-argento-gucci-gg-e-lapislazzuli\/"]}]},{"@type":"ImageObject","inLanguage":"it-IT","@id":"https:\/\/www.fecarotta.com\/it\/prodotto\/gemelli-polso-argento-gucci-gg-e-lapislazzuli\/#primaryimage","url":"https:\/\/storage1208.cdn-immedia.net\/wp-content\/uploads\/2021\/03\/Gemelli-polso-argento-GUCCI-GG-e-Lapislazzuli-645589-I5930-8136-GUCCI-cufflinks-sconto-discount-silver.jpg","contentUrl":"https:\/\/storage1208.cdn-immedia.net\/wp-content\/uploads\/2021\/03\/Gemelli-polso-argento-GUCCI-GG-e-Lapislazzuli-645589-I5930-8136-GUCCI-cufflinks-sconto-discount-silver.jpg","width":2000,"height":2000,"caption":"Gemelli-polso-argento-GUCCI-GG-e-Lapislazzuli-645589-I5930-8136-GUCCI-cufflinks-sconto-discount-silver"},{"@type":"BreadcrumbList","@id":"https:\/\/www.fecarotta.com\/it\/prodotto\/gemelli-polso-argento-gucci-gg-e-lapislazzuli\/#breadcrumb","itemListElement":[{"@type":"ListItem","position":1,"name":"Home","item":"https:\/\/www.fecarotta.com\/it\/"},{"@type":"ListItem","position":2,"name":"Negozio","item":"https:\/\/www.fecarotta.com\/it\/negozio\/"},{"@type":"ListItem","position":3,"name":"Gemelli polso argento GUCCI Interlocking GG e Lapislazzuli"}]},{"@type":"WebSite","@id":"https:\/\/www.fecarotta.com\/it\/#website","url":"https:\/\/www.fecarotta.com\/it\/","name":"Fecarotta Gioielli","description":"","publisher":{"@id":"https:\/\/www.fecarotta.com\/it\/#organization"},"potentialAction":[{"@type":"SearchAction","target":{"@type":"EntryPoint","urlTemplate":"https:\/\/www.fecarotta.com\/it\/?s={search_term_string}"},"query-input":{"@type":"PropertyValueSpecification","valueRequired":true,"valueName":"search_term_string"}}],"inLanguage":"it-IT"},{"@type":"Organization","@id":"https:\/\/www.fecarotta.com\/it\/#organization","name":"Fecarotta Gioielli","url":"https:\/\/www.fecarotta.com\/it\/","logo":{"@type":"ImageObject","inLanguage":"it-IT","@id":"https:\/\/www.fecarotta.com\/it\/#\/schema\/logo\/image\/","url":"https:\/\/storage1208.cdn-immedia.net\/wp-content\/uploads\/2025\/03\/logo-gmb-fecarotta.jpg","contentUrl":"https:\/\/storage1208.cdn-immedia.net\/wp-content\/uploads\/2025\/03\/logo-gmb-fecarotta.jpg","width":500,"height":500,"caption":"Fecarotta Gioielli"},"image":{"@id":"https:\/\/www.fecarotta.com\/it\/#\/schema\/logo\/image\/"},"sameAs":["https:\/\/www.facebook.com\/fecarottagioielli","http:\/\/www.instagram.com\/fecarotta.it","https:\/\/www.linkedin.com\/company\/fecarotta-it\/","https:\/\/api.whatsapp.com\/send?phone=393913323691&text=Salve, vorrei qualche informazione in merito ai vostri prodotti."]}]}},"_links":{"self":[{"href":"https:\/\/www.fecarotta.com\/it\/wp-json\/wp\/v2\/product\/28261","targetHints":{"allow":["GET"]}}],"collection":[{"href":"https:\/\/www.fecarotta.com\/it\/wp-json\/wp\/v2\/product"}],"about":[{"href":"https:\/\/www.fecarotta.com\/it\/wp-json\/wp\/v2\/types\/product"}],"wp:featuredmedia":[{"embeddable":true,"href":"https:\/\/www.fecarotta.com\/it\/wp-json\/wp\/v2\/media\/28549"}],"wp:attachment":[{"href":"https:\/\/www.fecarotta.com\/it\/wp-json\/wp\/v2\/media?parent=28261"}],"wp:term":[{"taxonomy":"product_brand","embeddable":true,"href":"https:\/\/www.fecarotta.com\/it\/wp-json\/wp\/v2\/product_brand?post=28261"},{"taxonomy":"product_cat","embeddable":true,"href":"https:\/\/www.fecarotta.com\/it\/wp-json\/wp\/v2\/product_cat?post=28261"},{"taxonomy":"product_tag","embeddable":true,"href":"https:\/\/www.fecarotta.com\/it\/wp-json\/wp\/v2\/product_tag?post=28261"}],"curies":[{"name":"wp","href":"https:\/\/api.w.org\/{rel}","templated":true}]}}