{"id":27489,"date":"2020-12-05T15:30:52","date_gmt":"2020-12-05T15:30:52","guid":{"rendered":"https:\/\/www.fecarotta.com\/?post_type=product&#038;p=27489"},"modified":"2022-09-27T09:15:44","modified_gmt":"2022-09-27T09:15:44","slug":"jl-coquet-hemisphere-piatto-tondo-piano-maxi-35cm-bianco-satinato","status":"publish","type":"product","link":"https:\/\/www.fecarotta.com\/it\/prodotto\/jl-coquet-hemisphere-piatto-tondo-piano-maxi-35cm-bianco-satinato\/","title":{"rendered":"JL Coquet HEMISPHERE piatto tondo piano maxi 35cm bianco satinato"},"content":{"rendered":"<p>JL Coquet HEMISPHERE piatto tondo piano maxi 35cm bianco satinato<\/p>\n<p>JL COQUET &#8211; Fabbricazione di porcellana di Limoges dal 1824, al servizio degli chef e del grande pubblico! Scoprite il mondo delle collezioni JL Coquet, articoli per la tavola, decorazione e regali.<\/p>\n<p>Alcune curiosit\u00e0 sulle porcellane Limoges<\/p>\n<p>Nel\u00a01767\u00a0venne scoperto vicino a Limoges, un giacimento di\u00a0<a title=\"Caolino\" href=\"https:\/\/it.wikipedia.org\/wiki\/Caolino\">caolino<\/a>, materiale necessario alla produzione della porcellana a pasta dura. Fu questa scoperta che cambi\u00f2 la storia di Limoges e la fece diventare la capitale della ceramica francese.<\/p>\n<p>Due anni dopo il re\u00a0Luigi XV\u00a0compr\u00f2 il giacimento, rendendo la porcellana un monopolio regio, ed il\u00a0Contr\u00f4leur g\u00e9n\u00e9ral des finances\u00a0Turgot\u00a0concesse il privilegio della fabbricazione della porcellana ai fratelli Grellet e al loro socio Massi\u00e9-Fourn\u00e9rat, i quali fondarono la prima\u00a0manifattura\u00a0nel\u00a01771.<\/p>\n<p>Nel\u00a01774\u00a0la manifattura pass\u00f2 sotto la protezione del\u00a0conte d&#8217;Artois<sup id=\"cite_ref-a_2-0\" class=\"reference\"><\/sup>.<\/p>\n<p>Infine, nel\u00a01784, a causa di difficolt\u00e0 finanziarie, la fabbrica fu rilevata dal re e perci\u00f2 ottenne il titolo di &#8220;manifattura reale&#8221;, ma in realt\u00e0 era ormai solo un annesso della\u00a0<a title=\"Manufacture nationale de S\u00e8vres\" href=\"https:\/\/it.wikipedia.org\/wiki\/Manufacture_nationale_de_S%C3%A8vres\">manifattura di S\u00e8vres<\/a>.<\/p>\n<h5>Di pi\u00f9 su JL Coquet<\/h5>\n<p>Dalla loro manifattura, con sede a Saint-Leonard de Noblat, vicino a Limoges (Haute Vienne &#8211; Francia), J.L. Coquet e Jaune de Chrome creano e producono una delle pi\u00f9 belle porcellane, che associa originalit\u00e0 di design, forme sottili e qualit\u00e0 dei prodotti.<\/p>\n<p>Con un &#8220;savoir-faire&#8221; eccezionale, abbiamo realizzato tutto il processo di fabbricazione all&#8217;interno della nostra manifattura dal 1824 per proporre solo porcellane fatte e decorate in Haute-Vienne.<\/p>\n<p>Grazie a questo incredibile savoir-faire, Jl Coquet \u00e8 stata premiata con il marchio &#8220;Entreprise du Patrimoine Vivant&#8221; nel 2010. Questo \u00e8 rilasciato dal Ministero dell&#8217;Economia, delle Finanze e dell&#8217;Industria come riconoscimento alle aziende francesi che dimostrano un eccellente savoir-faire industriale e tradizionale. Jl Coquet ha anche dell&#8217;etichetta geografica ufficiale &#8220;Porcelaine de Limoges&#8221; poich\u00e9 tutti i suoi prodotti provengono dalla sua fabbricazione a Saint-Leonard-de-Noblat.<\/p>\n<p>&nbsp;<\/p>\n<p><a href=\"https:\/\/www.fecarotta.com\/it\/fecarotta-gioielli-company\/\" target=\"_blank\" rel=\"noopener noreferrer\">La nostra azienda<\/a><\/p>\n","protected":false},"excerpt":{"rendered":"<p class=\"p1\">JL Coquet HEMISPHERE piatto tondo piano maxi 35cm bianco satinato<\/p>\n","protected":false},"featured_media":27491,"template":"","meta":{"_acf_changed":false},"product_brand":[],"product_cat":[121,1807,2357,113],"product_tag":[],"class_list":{"0":"post-27489","1":"product","2":"type-product","3":"status-publish","4":"has-post-thumbnail","6":"product_cat-accessori-per-la-casa","7":"product_cat-home-design","8":"product_cat-piatti","9":"product_cat-porcellane-e-cristalli","10":"pa_brand-jl-coquet","12":"first","13":"instock","14":"purchasable","15":"product-type-simple","16":"add-to-wishlist-before_image"},"acf":[],"yoast_head":"<!-- This site is optimized with the Yoast SEO plugin v27.5 - https:\/\/yoast.com\/product\/yoast-seo-wordpress\/ -->\n<title>JL Coquet HEMISPHERE piatto tondo piano maxi 35cm bianco satinato - Fecarotta Gioielli SPEDIZIONI GRATUITE<\/title>\n<meta name=\"description\" content=\"JL Coquet HEMISPHERE piatto tondo piano maxi 35cm bianco satinato Acquista online su fecarotta.it\" \/>\n<meta name=\"robots\" content=\"index, follow, max-snippet:-1, max-image-preview:large, max-video-preview:-1\" \/>\n<link rel=\"canonical\" href=\"https:\/\/www.fecarotta.com\/it\/prodotto\/jl-coquet-hemisphere-piatto-tondo-piano-maxi-35cm-bianco-satinato\/\" \/>\n<meta property=\"og:locale\" content=\"it_IT\" \/>\n<meta property=\"og:type\" content=\"article\" \/>\n<meta property=\"og:title\" content=\"JL Coquet HEMISPHERE piatto tondo piano maxi 35cm bianco satinato - Fecarotta Gioielli SPEDIZIONI GRATUITE\" \/>\n<meta property=\"og:description\" content=\"JL Coquet HEMISPHERE piatto tondo piano maxi 35cm bianco satinato Acquista online su fecarotta.it\" \/>\n<meta property=\"og:url\" content=\"https:\/\/www.fecarotta.com\/it\/prodotto\/jl-coquet-hemisphere-piatto-tondo-piano-maxi-35cm-bianco-satinato\/\" \/>\n<meta property=\"og:site_name\" content=\"Fecarotta Gioielli\" \/>\n<meta property=\"article:publisher\" content=\"https:\/\/www.facebook.com\/fecarottagioielli\" \/>\n<meta property=\"article:modified_time\" content=\"2022-09-27T09:15:44+00:00\" \/>\n<meta property=\"og:image\" content=\"https:\/\/storage1208.cdn-immedia.net\/wp-content\/uploads\/2021\/04\/hem5043bs0000.jpg\" \/>\n\t<meta property=\"og:image:width\" content=\"700\" \/>\n\t<meta property=\"og:image:height\" content=\"700\" \/>\n\t<meta property=\"og:image:type\" content=\"image\/jpeg\" \/>\n<meta name=\"twitter:card\" content=\"summary_large_image\" \/>\n<meta name=\"twitter:label1\" content=\"Tempo di lettura stimato\" \/>\n\t<meta name=\"twitter:data1\" content=\"2 minuti\" \/>\n<script type=\"application\/ld+json\" class=\"yoast-schema-graph\">{\"@context\":\"https:\\\/\\\/schema.org\",\"@graph\":[{\"@type\":\"WebPage\",\"@id\":\"https:\\\/\\\/www.fecarotta.com\\\/it\\\/prodotto\\\/jl-coquet-hemisphere-piatto-tondo-piano-maxi-35cm-bianco-satinato\\\/\",\"url\":\"https:\\\/\\\/www.fecarotta.com\\\/it\\\/prodotto\\\/jl-coquet-hemisphere-piatto-tondo-piano-maxi-35cm-bianco-satinato\\\/\",\"name\":\"JL Coquet HEMISPHERE piatto tondo piano maxi 35cm bianco satinato - Fecarotta Gioielli SPEDIZIONI GRATUITE\",\"isPartOf\":{\"@id\":\"https:\\\/\\\/www.fecarotta.com\\\/it\\\/#website\"},\"primaryImageOfPage\":{\"@id\":\"https:\\\/\\\/www.fecarotta.com\\\/it\\\/prodotto\\\/jl-coquet-hemisphere-piatto-tondo-piano-maxi-35cm-bianco-satinato\\\/#primaryimage\"},\"image\":{\"@id\":\"https:\\\/\\\/www.fecarotta.com\\\/it\\\/prodotto\\\/jl-coquet-hemisphere-piatto-tondo-piano-maxi-35cm-bianco-satinato\\\/#primaryimage\"},\"thumbnailUrl\":\"https:\\\/\\\/www.fecarotta.com\\\/wp-content\\\/uploads\\\/2021\\\/04\\\/hem5043bs0000.jpg\",\"datePublished\":\"2020-12-05T15:30:52+00:00\",\"dateModified\":\"2022-09-27T09:15:44+00:00\",\"description\":\"JL Coquet HEMISPHERE piatto tondo piano maxi 35cm bianco satinato Acquista online su fecarotta.it\",\"breadcrumb\":{\"@id\":\"https:\\\/\\\/www.fecarotta.com\\\/it\\\/prodotto\\\/jl-coquet-hemisphere-piatto-tondo-piano-maxi-35cm-bianco-satinato\\\/#breadcrumb\"},\"inLanguage\":\"it-IT\",\"potentialAction\":[{\"@type\":\"ReadAction\",\"target\":[\"https:\\\/\\\/www.fecarotta.com\\\/it\\\/prodotto\\\/jl-coquet-hemisphere-piatto-tondo-piano-maxi-35cm-bianco-satinato\\\/\"]}]},{\"@type\":\"ImageObject\",\"inLanguage\":\"it-IT\",\"@id\":\"https:\\\/\\\/www.fecarotta.com\\\/it\\\/prodotto\\\/jl-coquet-hemisphere-piatto-tondo-piano-maxi-35cm-bianco-satinato\\\/#primaryimage\",\"url\":\"https:\\\/\\\/www.fecarotta.com\\\/wp-content\\\/uploads\\\/2021\\\/04\\\/hem5043bs0000.jpg\",\"contentUrl\":\"https:\\\/\\\/www.fecarotta.com\\\/wp-content\\\/uploads\\\/2021\\\/04\\\/hem5043bs0000.jpg\",\"width\":700,\"height\":700,\"caption\":\"hemisphere piatto tondo 35 cm round plate jl coquet sconto discount\"},{\"@type\":\"BreadcrumbList\",\"@id\":\"https:\\\/\\\/www.fecarotta.com\\\/it\\\/prodotto\\\/jl-coquet-hemisphere-piatto-tondo-piano-maxi-35cm-bianco-satinato\\\/#breadcrumb\",\"itemListElement\":[{\"@type\":\"ListItem\",\"position\":1,\"name\":\"Home\",\"item\":\"https:\\\/\\\/www.fecarotta.com\\\/it\\\/\"},{\"@type\":\"ListItem\",\"position\":2,\"name\":\"Negozio\",\"item\":\"https:\\\/\\\/www.fecarotta.com\\\/it\\\/negozio\\\/\"},{\"@type\":\"ListItem\",\"position\":3,\"name\":\"JL Coquet HEMISPHERE piatto tondo piano maxi 35cm bianco satinato\"}]},{\"@type\":\"WebSite\",\"@id\":\"https:\\\/\\\/www.fecarotta.com\\\/it\\\/#website\",\"url\":\"https:\\\/\\\/www.fecarotta.com\\\/it\\\/\",\"name\":\"Fecarotta Gioielli\",\"description\":\"\",\"publisher\":{\"@id\":\"https:\\\/\\\/www.fecarotta.com\\\/it\\\/#organization\"},\"potentialAction\":[{\"@type\":\"SearchAction\",\"target\":{\"@type\":\"EntryPoint\",\"urlTemplate\":\"https:\\\/\\\/www.fecarotta.com\\\/it\\\/?s={search_term_string}\"},\"query-input\":{\"@type\":\"PropertyValueSpecification\",\"valueRequired\":true,\"valueName\":\"search_term_string\"}}],\"inLanguage\":\"it-IT\"},{\"@type\":\"Organization\",\"@id\":\"https:\\\/\\\/www.fecarotta.com\\\/it\\\/#organization\",\"name\":\"Fecarotta Gioielli\",\"url\":\"https:\\\/\\\/www.fecarotta.com\\\/it\\\/\",\"logo\":{\"@type\":\"ImageObject\",\"inLanguage\":\"it-IT\",\"@id\":\"https:\\\/\\\/www.fecarotta.com\\\/it\\\/#\\\/schema\\\/logo\\\/image\\\/\",\"url\":\"https:\\\/\\\/www.fecarotta.com\\\/wp-content\\\/uploads\\\/2025\\\/03\\\/logo-gmb-fecarotta.jpg\",\"contentUrl\":\"https:\\\/\\\/www.fecarotta.com\\\/wp-content\\\/uploads\\\/2025\\\/03\\\/logo-gmb-fecarotta.jpg\",\"width\":500,\"height\":500,\"caption\":\"Fecarotta Gioielli\"},\"image\":{\"@id\":\"https:\\\/\\\/www.fecarotta.com\\\/it\\\/#\\\/schema\\\/logo\\\/image\\\/\"},\"sameAs\":[\"https:\\\/\\\/www.facebook.com\\\/fecarottagioielli\",\"http:\\\/\\\/www.instagram.com\\\/fecarotta.it\",\"https:\\\/\\\/www.linkedin.com\\\/company\\\/fecarotta-it\\\/\",\"https:\\\/\\\/api.whatsapp.com\\\/send?phone=393913323691&text=Salve, vorrei qualche informazione in merito ai vostri prodotti.\"]}]}<\/script>\n<!-- \/ Yoast SEO plugin. -->","yoast_head_json":{"title":"JL Coquet HEMISPHERE piatto tondo piano maxi 35cm bianco satinato - Fecarotta Gioielli SPEDIZIONI GRATUITE","description":"JL Coquet HEMISPHERE piatto tondo piano maxi 35cm bianco satinato Acquista online su fecarotta.it","robots":{"index":"index","follow":"follow","max-snippet":"max-snippet:-1","max-image-preview":"max-image-preview:large","max-video-preview":"max-video-preview:-1"},"canonical":"https:\/\/www.fecarotta.com\/it\/prodotto\/jl-coquet-hemisphere-piatto-tondo-piano-maxi-35cm-bianco-satinato\/","og_locale":"it_IT","og_type":"article","og_title":"JL Coquet HEMISPHERE piatto tondo piano maxi 35cm bianco satinato - Fecarotta Gioielli SPEDIZIONI GRATUITE","og_description":"JL Coquet HEMISPHERE piatto tondo piano maxi 35cm bianco satinato Acquista online su fecarotta.it","og_url":"https:\/\/www.fecarotta.com\/it\/prodotto\/jl-coquet-hemisphere-piatto-tondo-piano-maxi-35cm-bianco-satinato\/","og_site_name":"Fecarotta Gioielli","article_publisher":"https:\/\/www.facebook.com\/fecarottagioielli","article_modified_time":"2022-09-27T09:15:44+00:00","og_image":[{"width":700,"height":700,"url":"https:\/\/storage1208.cdn-immedia.net\/wp-content\/uploads\/2021\/04\/hem5043bs0000.jpg","type":"image\/jpeg"}],"twitter_card":"summary_large_image","twitter_misc":{"Tempo di lettura stimato":"2 minuti"},"schema":{"@context":"https:\/\/schema.org","@graph":[{"@type":"WebPage","@id":"https:\/\/www.fecarotta.com\/it\/prodotto\/jl-coquet-hemisphere-piatto-tondo-piano-maxi-35cm-bianco-satinato\/","url":"https:\/\/www.fecarotta.com\/it\/prodotto\/jl-coquet-hemisphere-piatto-tondo-piano-maxi-35cm-bianco-satinato\/","name":"JL Coquet HEMISPHERE piatto tondo piano maxi 35cm bianco satinato - Fecarotta Gioielli SPEDIZIONI GRATUITE","isPartOf":{"@id":"https:\/\/www.fecarotta.com\/it\/#website"},"primaryImageOfPage":{"@id":"https:\/\/www.fecarotta.com\/it\/prodotto\/jl-coquet-hemisphere-piatto-tondo-piano-maxi-35cm-bianco-satinato\/#primaryimage"},"image":{"@id":"https:\/\/www.fecarotta.com\/it\/prodotto\/jl-coquet-hemisphere-piatto-tondo-piano-maxi-35cm-bianco-satinato\/#primaryimage"},"thumbnailUrl":"https:\/\/storage1208.cdn-immedia.net\/wp-content\/uploads\/2021\/04\/hem5043bs0000.jpg","datePublished":"2020-12-05T15:30:52+00:00","dateModified":"2022-09-27T09:15:44+00:00","description":"JL Coquet HEMISPHERE piatto tondo piano maxi 35cm bianco satinato Acquista online su fecarotta.it","breadcrumb":{"@id":"https:\/\/www.fecarotta.com\/it\/prodotto\/jl-coquet-hemisphere-piatto-tondo-piano-maxi-35cm-bianco-satinato\/#breadcrumb"},"inLanguage":"it-IT","potentialAction":[{"@type":"ReadAction","target":["https:\/\/www.fecarotta.com\/it\/prodotto\/jl-coquet-hemisphere-piatto-tondo-piano-maxi-35cm-bianco-satinato\/"]}]},{"@type":"ImageObject","inLanguage":"it-IT","@id":"https:\/\/www.fecarotta.com\/it\/prodotto\/jl-coquet-hemisphere-piatto-tondo-piano-maxi-35cm-bianco-satinato\/#primaryimage","url":"https:\/\/storage1208.cdn-immedia.net\/wp-content\/uploads\/2021\/04\/hem5043bs0000.jpg","contentUrl":"https:\/\/storage1208.cdn-immedia.net\/wp-content\/uploads\/2021\/04\/hem5043bs0000.jpg","width":700,"height":700,"caption":"hemisphere piatto tondo 35 cm round plate jl coquet sconto discount"},{"@type":"BreadcrumbList","@id":"https:\/\/www.fecarotta.com\/it\/prodotto\/jl-coquet-hemisphere-piatto-tondo-piano-maxi-35cm-bianco-satinato\/#breadcrumb","itemListElement":[{"@type":"ListItem","position":1,"name":"Home","item":"https:\/\/www.fecarotta.com\/it\/"},{"@type":"ListItem","position":2,"name":"Negozio","item":"https:\/\/www.fecarotta.com\/it\/negozio\/"},{"@type":"ListItem","position":3,"name":"JL Coquet HEMISPHERE piatto tondo piano maxi 35cm bianco satinato"}]},{"@type":"WebSite","@id":"https:\/\/www.fecarotta.com\/it\/#website","url":"https:\/\/www.fecarotta.com\/it\/","name":"Fecarotta Gioielli","description":"","publisher":{"@id":"https:\/\/www.fecarotta.com\/it\/#organization"},"potentialAction":[{"@type":"SearchAction","target":{"@type":"EntryPoint","urlTemplate":"https:\/\/www.fecarotta.com\/it\/?s={search_term_string}"},"query-input":{"@type":"PropertyValueSpecification","valueRequired":true,"valueName":"search_term_string"}}],"inLanguage":"it-IT"},{"@type":"Organization","@id":"https:\/\/www.fecarotta.com\/it\/#organization","name":"Fecarotta Gioielli","url":"https:\/\/www.fecarotta.com\/it\/","logo":{"@type":"ImageObject","inLanguage":"it-IT","@id":"https:\/\/www.fecarotta.com\/it\/#\/schema\/logo\/image\/","url":"https:\/\/storage1208.cdn-immedia.net\/wp-content\/uploads\/2025\/03\/logo-gmb-fecarotta.jpg","contentUrl":"https:\/\/storage1208.cdn-immedia.net\/wp-content\/uploads\/2025\/03\/logo-gmb-fecarotta.jpg","width":500,"height":500,"caption":"Fecarotta Gioielli"},"image":{"@id":"https:\/\/www.fecarotta.com\/it\/#\/schema\/logo\/image\/"},"sameAs":["https:\/\/www.facebook.com\/fecarottagioielli","http:\/\/www.instagram.com\/fecarotta.it","https:\/\/www.linkedin.com\/company\/fecarotta-it\/","https:\/\/api.whatsapp.com\/send?phone=393913323691&text=Salve, vorrei qualche informazione in merito ai vostri prodotti."]}]}},"_links":{"self":[{"href":"https:\/\/www.fecarotta.com\/it\/wp-json\/wp\/v2\/product\/27489","targetHints":{"allow":["GET"]}}],"collection":[{"href":"https:\/\/www.fecarotta.com\/it\/wp-json\/wp\/v2\/product"}],"about":[{"href":"https:\/\/www.fecarotta.com\/it\/wp-json\/wp\/v2\/types\/product"}],"wp:featuredmedia":[{"embeddable":true,"href":"https:\/\/www.fecarotta.com\/it\/wp-json\/wp\/v2\/media\/27491"}],"wp:attachment":[{"href":"https:\/\/www.fecarotta.com\/it\/wp-json\/wp\/v2\/media?parent=27489"}],"wp:term":[{"taxonomy":"product_brand","embeddable":true,"href":"https:\/\/www.fecarotta.com\/it\/wp-json\/wp\/v2\/product_brand?post=27489"},{"taxonomy":"product_cat","embeddable":true,"href":"https:\/\/www.fecarotta.com\/it\/wp-json\/wp\/v2\/product_cat?post=27489"},{"taxonomy":"product_tag","embeddable":true,"href":"https:\/\/www.fecarotta.com\/it\/wp-json\/wp\/v2\/product_tag?post=27489"}],"curies":[{"name":"wp","href":"https:\/\/api.w.org\/{rel}","templated":true}]}}