{"id":27273,"date":"2021-01-22T14:24:19","date_gmt":"2021-01-22T14:24:19","guid":{"rendered":"https:\/\/www.fecarotta.com\/?post_type=product&#038;p=27273"},"modified":"2021-03-22T14:33:45","modified_gmt":"2021-03-22T14:33:45","slug":"herend-piatto-portata-tondo-nbh155","status":"publish","type":"product","link":"https:\/\/www.fecarotta.com\/it\/prodotto\/herend-piatto-portata-tondo-nbh155\/","title":{"rendered":"HEREND piatto portata tondo 35cm NBH155"},"content":{"rendered":"<p>HEREND piatto portata tondo NBH155<\/p>\n<p>Fondata nel 1826, Herend Porcelain Manufactory \u00e8 una delle pi\u00f9 importanti fabbriche di ceramica del Mondo, specializzata in porcellane di lusso dipinte a mano e dorate. A met\u00e0 del XIX secolo fu fornitrice della dinastia asburgica e di clienti aristocratici in tutta Europa. Molti dei suoi modelli classici sono ancora in produzione. Ancora oggi Herend adorna le pi\u00f9 belle case del Pianeta.<\/p>\n<p>&nbsp;<\/p>\n<h5>Di pi\u00f9 su Herend<\/h5>\n<p>La regina Vittoria vi ha cenato, e la principessa Diana si \u00e8 rallegrata con la sua calza di Natale annuale. Ora \u00e8 il momento di assaporare una speciale esperienza Herend.<br \/>\nPassate le dita lungo il corpo liscio di porcellana bianca di Herend e i disegni dipinti a mano, e percepite la passione di grandi scultori, maestri pittori e designer visionari. Destinato all&#8217;uso comune e alle grandi occasioni, oltre che l&#8217;apprezzamento artistico, la durata e la facilit\u00e0 di cura di Herend ne fa un prodotto si assoluta eccellenza che si adatta perfettamente al vostro stile di vita.<\/p>\n<p>Herend vanta una ricca storia che si estende per molti anni, attraversando molti oceani e affascinando generazioni molte generazioni gode di un apprezzamento mondiale come l&#8217;apice della porcellana suprema, conosciuta anche come &#8220;oro bianco&#8221;.<\/p>\n<p>Oggi \u00e8 la pi\u00f9 grande manifattura di porcellana d&#8217;Europa; Herend \u00e8 stata fondata nel 1826 nel piccolo villaggio di Herend, in Ungheria, per produrre ceramiche. Nel 1839 si verific\u00f2 una grande svolta quando <a href=\"https:\/\/en.wikipedia.org\/wiki\/M%C3%B3ric_Fischer_de_Farkash%C3%A1zy\" target=\"_blank\" rel=\"noopener noreferrer\">Mor Fischer<\/a> divenne il nuovo proprietario della manifattura. Portando Herend in una direzione completamente nuova, il visionario Fischer si \u00e8 ritagliato la nicchia unica di produrre pezzi di ricambio per le famiglie reali europee per completare i loro preziosi modelli di porcellana provenienti dalla Germania e dall&#8217;Estremo Oriente.<\/p>\n<p>Fischer ha progettato una serie di successi reali che hanno rapidamente messo Herend sulla rotta e hanno portato alla fase successiva della crescita di Herend, quando gli artisti della manifattura hanno iniziato a disegnare i propri modelli di stoviglie. L&#8217;acquisto da parte della regina Vittoria nel 1851 di un grande set per il castello di Windsor fu una pietra miliare, ponendo le basi per l&#8217;aristocrazia di tutta Europa per reclamare Herend nelle loro tenute.<\/p>\n<p>Negli anni Settanta del XIX secolo Herend aggiunse alle sue creazioni delle figurine meticolosamente realizzate. Le statuette popolari erano al centro della scena fino a quando la domanda di statuette di animali di Herend non crebbe gradualmente negli anni &#8217;30 del XIX secolo.<\/p>\n<p>Oggi Herend \u00e8 venduta in selezionati e raffinati negozi al dettaglio in tutto il mondo; Questi sono le uniche fonti autorizzate della porcellana autentica Herend. L&#8217;unico modo per essere sicuri che il vostro acquisto sia autentico \u00e8 fare acquisti presso un rivenditore autorizzato Herend.<\/p>\n<p><a href=\"https:\/\/www.fecarotta.com\/it\/fecarotta-gioielli-company\/\" target=\"_blank\" rel=\"noopener noreferrer\">La nostra azienda<\/a><\/p>\n","protected":false},"excerpt":{"rendered":"<p>HEREND piatto portata tondo 35cm NBH155<\/p>\n","protected":false},"featured_media":27275,"template":"","meta":{"_acf_changed":false},"product_brand":[],"product_cat":[121,1089,1807,2357,113],"product_tag":[],"class_list":{"0":"post-27273","1":"product","2":"type-product","3":"status-publish","4":"has-post-thumbnail","6":"product_cat-accessori-per-la-casa","7":"product_cat-bf","8":"product_cat-home-design","9":"product_cat-piatti","10":"product_cat-porcellane-e-cristalli","11":"pa_brand-herend","13":"first","14":"instock","15":"sale","16":"purchasable","17":"product-type-simple","18":"add-to-wishlist-before_image"},"acf":[],"yoast_head":"<!-- This site is optimized with the Yoast SEO plugin v27.5 - https:\/\/yoast.com\/product\/yoast-seo-wordpress\/ -->\n<title>HEREND piatto portata tondo 35cm NBH155 - Fecarotta Gioielli SPEDIZIONI GRATUITE<\/title>\n<meta name=\"description\" content=\"HEREND piatto portata tondo NBH155 Acquista su fecarotta.it con coupon di benvenuto e codice sconto\" \/>\n<meta name=\"robots\" content=\"index, follow, max-snippet:-1, max-image-preview:large, max-video-preview:-1\" \/>\n<link rel=\"canonical\" href=\"https:\/\/www.fecarotta.com\/it\/prodotto\/herend-piatto-portata-tondo-nbh155\/\" \/>\n<meta property=\"og:locale\" content=\"it_IT\" \/>\n<meta property=\"og:type\" content=\"article\" \/>\n<meta property=\"og:title\" content=\"HEREND piatto portata tondo 35cm NBH155 - Fecarotta Gioielli SPEDIZIONI GRATUITE\" \/>\n<meta property=\"og:description\" content=\"HEREND piatto portata tondo NBH155 Acquista su fecarotta.it con coupon di benvenuto e codice sconto\" \/>\n<meta property=\"og:url\" content=\"https:\/\/www.fecarotta.com\/it\/prodotto\/herend-piatto-portata-tondo-nbh155\/\" \/>\n<meta property=\"og:site_name\" content=\"Fecarotta Gioielli\" \/>\n<meta property=\"article:publisher\" content=\"https:\/\/www.facebook.com\/fecarottagioielli\" \/>\n<meta property=\"article:modified_time\" content=\"2021-03-22T14:33:45+00:00\" \/>\n<meta property=\"og:image\" content=\"https:\/\/storage1208.cdn-immedia.net\/wp-content\/uploads\/2021\/03\/NBH155-PIATTO-PORTATA-TONDO-.jpg\" \/>\n\t<meta property=\"og:image:width\" content=\"960\" \/>\n\t<meta property=\"og:image:height\" content=\"960\" \/>\n\t<meta property=\"og:image:type\" content=\"image\/jpeg\" \/>\n<meta name=\"twitter:card\" content=\"summary_large_image\" \/>\n<meta name=\"twitter:label1\" content=\"Tempo di lettura stimato\" \/>\n\t<meta name=\"twitter:data1\" content=\"2 minuti\" \/>\n<script type=\"application\/ld+json\" class=\"yoast-schema-graph\">{\"@context\":\"https:\\\/\\\/schema.org\",\"@graph\":[{\"@type\":\"WebPage\",\"@id\":\"https:\\\/\\\/www.fecarotta.com\\\/it\\\/prodotto\\\/herend-piatto-portata-tondo-nbh155\\\/\",\"url\":\"https:\\\/\\\/www.fecarotta.com\\\/it\\\/prodotto\\\/herend-piatto-portata-tondo-nbh155\\\/\",\"name\":\"HEREND piatto portata tondo 35cm NBH155 - Fecarotta Gioielli SPEDIZIONI GRATUITE\",\"isPartOf\":{\"@id\":\"https:\\\/\\\/www.fecarotta.com\\\/it\\\/#website\"},\"primaryImageOfPage\":{\"@id\":\"https:\\\/\\\/www.fecarotta.com\\\/it\\\/prodotto\\\/herend-piatto-portata-tondo-nbh155\\\/#primaryimage\"},\"image\":{\"@id\":\"https:\\\/\\\/www.fecarotta.com\\\/it\\\/prodotto\\\/herend-piatto-portata-tondo-nbh155\\\/#primaryimage\"},\"thumbnailUrl\":\"https:\\\/\\\/www.fecarotta.com\\\/wp-content\\\/uploads\\\/2021\\\/03\\\/NBH155-PIATTO-PORTATA-TONDO-.jpg\",\"datePublished\":\"2021-01-22T14:24:19+00:00\",\"dateModified\":\"2021-03-22T14:33:45+00:00\",\"description\":\"HEREND piatto portata tondo NBH155 Acquista su fecarotta.it con coupon di benvenuto e codice sconto\",\"breadcrumb\":{\"@id\":\"https:\\\/\\\/www.fecarotta.com\\\/it\\\/prodotto\\\/herend-piatto-portata-tondo-nbh155\\\/#breadcrumb\"},\"inLanguage\":\"it-IT\",\"potentialAction\":[{\"@type\":\"ReadAction\",\"target\":[\"https:\\\/\\\/www.fecarotta.com\\\/it\\\/prodotto\\\/herend-piatto-portata-tondo-nbh155\\\/\"]}]},{\"@type\":\"ImageObject\",\"inLanguage\":\"it-IT\",\"@id\":\"https:\\\/\\\/www.fecarotta.com\\\/it\\\/prodotto\\\/herend-piatto-portata-tondo-nbh155\\\/#primaryimage\",\"url\":\"https:\\\/\\\/www.fecarotta.com\\\/wp-content\\\/uploads\\\/2021\\\/03\\\/NBH155-PIATTO-PORTATA-TONDO-.jpg\",\"contentUrl\":\"https:\\\/\\\/www.fecarotta.com\\\/wp-content\\\/uploads\\\/2021\\\/03\\\/NBH155-PIATTO-PORTATA-TONDO-.jpg\",\"width\":960,\"height\":960,\"caption\":\"NBH155 PIATTO PORTATA TONDO ROUND PLATE SCONTO DISCOUNT\"},{\"@type\":\"BreadcrumbList\",\"@id\":\"https:\\\/\\\/www.fecarotta.com\\\/it\\\/prodotto\\\/herend-piatto-portata-tondo-nbh155\\\/#breadcrumb\",\"itemListElement\":[{\"@type\":\"ListItem\",\"position\":1,\"name\":\"Home\",\"item\":\"https:\\\/\\\/www.fecarotta.com\\\/it\\\/\"},{\"@type\":\"ListItem\",\"position\":2,\"name\":\"Negozio\",\"item\":\"https:\\\/\\\/www.fecarotta.com\\\/it\\\/negozio\\\/\"},{\"@type\":\"ListItem\",\"position\":3,\"name\":\"HEREND piatto portata tondo 35cm NBH155\"}]},{\"@type\":\"WebSite\",\"@id\":\"https:\\\/\\\/www.fecarotta.com\\\/it\\\/#website\",\"url\":\"https:\\\/\\\/www.fecarotta.com\\\/it\\\/\",\"name\":\"Fecarotta Gioielli\",\"description\":\"\",\"publisher\":{\"@id\":\"https:\\\/\\\/www.fecarotta.com\\\/it\\\/#organization\"},\"potentialAction\":[{\"@type\":\"SearchAction\",\"target\":{\"@type\":\"EntryPoint\",\"urlTemplate\":\"https:\\\/\\\/www.fecarotta.com\\\/it\\\/?s={search_term_string}\"},\"query-input\":{\"@type\":\"PropertyValueSpecification\",\"valueRequired\":true,\"valueName\":\"search_term_string\"}}],\"inLanguage\":\"it-IT\"},{\"@type\":\"Organization\",\"@id\":\"https:\\\/\\\/www.fecarotta.com\\\/it\\\/#organization\",\"name\":\"Fecarotta Gioielli\",\"url\":\"https:\\\/\\\/www.fecarotta.com\\\/it\\\/\",\"logo\":{\"@type\":\"ImageObject\",\"inLanguage\":\"it-IT\",\"@id\":\"https:\\\/\\\/www.fecarotta.com\\\/it\\\/#\\\/schema\\\/logo\\\/image\\\/\",\"url\":\"https:\\\/\\\/www.fecarotta.com\\\/wp-content\\\/uploads\\\/2025\\\/03\\\/logo-gmb-fecarotta.jpg\",\"contentUrl\":\"https:\\\/\\\/www.fecarotta.com\\\/wp-content\\\/uploads\\\/2025\\\/03\\\/logo-gmb-fecarotta.jpg\",\"width\":500,\"height\":500,\"caption\":\"Fecarotta Gioielli\"},\"image\":{\"@id\":\"https:\\\/\\\/www.fecarotta.com\\\/it\\\/#\\\/schema\\\/logo\\\/image\\\/\"},\"sameAs\":[\"https:\\\/\\\/www.facebook.com\\\/fecarottagioielli\",\"http:\\\/\\\/www.instagram.com\\\/fecarotta.it\",\"https:\\\/\\\/www.linkedin.com\\\/company\\\/fecarotta-it\\\/\",\"https:\\\/\\\/api.whatsapp.com\\\/send?phone=393913323691&text=Salve, vorrei qualche informazione in merito ai vostri prodotti.\"]}]}<\/script>\n<!-- \/ Yoast SEO plugin. -->","yoast_head_json":{"title":"HEREND piatto portata tondo 35cm NBH155 - Fecarotta Gioielli SPEDIZIONI GRATUITE","description":"HEREND piatto portata tondo NBH155 Acquista su fecarotta.it con coupon di benvenuto e codice sconto","robots":{"index":"index","follow":"follow","max-snippet":"max-snippet:-1","max-image-preview":"max-image-preview:large","max-video-preview":"max-video-preview:-1"},"canonical":"https:\/\/www.fecarotta.com\/it\/prodotto\/herend-piatto-portata-tondo-nbh155\/","og_locale":"it_IT","og_type":"article","og_title":"HEREND piatto portata tondo 35cm NBH155 - Fecarotta Gioielli SPEDIZIONI GRATUITE","og_description":"HEREND piatto portata tondo NBH155 Acquista su fecarotta.it con coupon di benvenuto e codice sconto","og_url":"https:\/\/www.fecarotta.com\/it\/prodotto\/herend-piatto-portata-tondo-nbh155\/","og_site_name":"Fecarotta Gioielli","article_publisher":"https:\/\/www.facebook.com\/fecarottagioielli","article_modified_time":"2021-03-22T14:33:45+00:00","og_image":[{"width":960,"height":960,"url":"https:\/\/storage1208.cdn-immedia.net\/wp-content\/uploads\/2021\/03\/NBH155-PIATTO-PORTATA-TONDO-.jpg","type":"image\/jpeg"}],"twitter_card":"summary_large_image","twitter_misc":{"Tempo di lettura stimato":"2 minuti"},"schema":{"@context":"https:\/\/schema.org","@graph":[{"@type":"WebPage","@id":"https:\/\/www.fecarotta.com\/it\/prodotto\/herend-piatto-portata-tondo-nbh155\/","url":"https:\/\/www.fecarotta.com\/it\/prodotto\/herend-piatto-portata-tondo-nbh155\/","name":"HEREND piatto portata tondo 35cm NBH155 - Fecarotta Gioielli SPEDIZIONI GRATUITE","isPartOf":{"@id":"https:\/\/www.fecarotta.com\/it\/#website"},"primaryImageOfPage":{"@id":"https:\/\/www.fecarotta.com\/it\/prodotto\/herend-piatto-portata-tondo-nbh155\/#primaryimage"},"image":{"@id":"https:\/\/www.fecarotta.com\/it\/prodotto\/herend-piatto-portata-tondo-nbh155\/#primaryimage"},"thumbnailUrl":"https:\/\/storage1208.cdn-immedia.net\/wp-content\/uploads\/2021\/03\/NBH155-PIATTO-PORTATA-TONDO-.jpg","datePublished":"2021-01-22T14:24:19+00:00","dateModified":"2021-03-22T14:33:45+00:00","description":"HEREND piatto portata tondo NBH155 Acquista su fecarotta.it con coupon di benvenuto e codice sconto","breadcrumb":{"@id":"https:\/\/www.fecarotta.com\/it\/prodotto\/herend-piatto-portata-tondo-nbh155\/#breadcrumb"},"inLanguage":"it-IT","potentialAction":[{"@type":"ReadAction","target":["https:\/\/www.fecarotta.com\/it\/prodotto\/herend-piatto-portata-tondo-nbh155\/"]}]},{"@type":"ImageObject","inLanguage":"it-IT","@id":"https:\/\/www.fecarotta.com\/it\/prodotto\/herend-piatto-portata-tondo-nbh155\/#primaryimage","url":"https:\/\/storage1208.cdn-immedia.net\/wp-content\/uploads\/2021\/03\/NBH155-PIATTO-PORTATA-TONDO-.jpg","contentUrl":"https:\/\/storage1208.cdn-immedia.net\/wp-content\/uploads\/2021\/03\/NBH155-PIATTO-PORTATA-TONDO-.jpg","width":960,"height":960,"caption":"NBH155 PIATTO PORTATA TONDO ROUND PLATE SCONTO DISCOUNT"},{"@type":"BreadcrumbList","@id":"https:\/\/www.fecarotta.com\/it\/prodotto\/herend-piatto-portata-tondo-nbh155\/#breadcrumb","itemListElement":[{"@type":"ListItem","position":1,"name":"Home","item":"https:\/\/www.fecarotta.com\/it\/"},{"@type":"ListItem","position":2,"name":"Negozio","item":"https:\/\/www.fecarotta.com\/it\/negozio\/"},{"@type":"ListItem","position":3,"name":"HEREND piatto portata tondo 35cm NBH155"}]},{"@type":"WebSite","@id":"https:\/\/www.fecarotta.com\/it\/#website","url":"https:\/\/www.fecarotta.com\/it\/","name":"Fecarotta Gioielli","description":"","publisher":{"@id":"https:\/\/www.fecarotta.com\/it\/#organization"},"potentialAction":[{"@type":"SearchAction","target":{"@type":"EntryPoint","urlTemplate":"https:\/\/www.fecarotta.com\/it\/?s={search_term_string}"},"query-input":{"@type":"PropertyValueSpecification","valueRequired":true,"valueName":"search_term_string"}}],"inLanguage":"it-IT"},{"@type":"Organization","@id":"https:\/\/www.fecarotta.com\/it\/#organization","name":"Fecarotta Gioielli","url":"https:\/\/www.fecarotta.com\/it\/","logo":{"@type":"ImageObject","inLanguage":"it-IT","@id":"https:\/\/www.fecarotta.com\/it\/#\/schema\/logo\/image\/","url":"https:\/\/storage1208.cdn-immedia.net\/wp-content\/uploads\/2025\/03\/logo-gmb-fecarotta.jpg","contentUrl":"https:\/\/storage1208.cdn-immedia.net\/wp-content\/uploads\/2025\/03\/logo-gmb-fecarotta.jpg","width":500,"height":500,"caption":"Fecarotta Gioielli"},"image":{"@id":"https:\/\/www.fecarotta.com\/it\/#\/schema\/logo\/image\/"},"sameAs":["https:\/\/www.facebook.com\/fecarottagioielli","http:\/\/www.instagram.com\/fecarotta.it","https:\/\/www.linkedin.com\/company\/fecarotta-it\/","https:\/\/api.whatsapp.com\/send?phone=393913323691&text=Salve, vorrei qualche informazione in merito ai vostri prodotti."]}]}},"_links":{"self":[{"href":"https:\/\/www.fecarotta.com\/it\/wp-json\/wp\/v2\/product\/27273","targetHints":{"allow":["GET"]}}],"collection":[{"href":"https:\/\/www.fecarotta.com\/it\/wp-json\/wp\/v2\/product"}],"about":[{"href":"https:\/\/www.fecarotta.com\/it\/wp-json\/wp\/v2\/types\/product"}],"wp:featuredmedia":[{"embeddable":true,"href":"https:\/\/www.fecarotta.com\/it\/wp-json\/wp\/v2\/media\/27275"}],"wp:attachment":[{"href":"https:\/\/www.fecarotta.com\/it\/wp-json\/wp\/v2\/media?parent=27273"}],"wp:term":[{"taxonomy":"product_brand","embeddable":true,"href":"https:\/\/www.fecarotta.com\/it\/wp-json\/wp\/v2\/product_brand?post=27273"},{"taxonomy":"product_cat","embeddable":true,"href":"https:\/\/www.fecarotta.com\/it\/wp-json\/wp\/v2\/product_cat?post=27273"},{"taxonomy":"product_tag","embeddable":true,"href":"https:\/\/www.fecarotta.com\/it\/wp-json\/wp\/v2\/product_tag?post=27273"}],"curies":[{"name":"wp","href":"https:\/\/api.w.org\/{rel}","templated":true}]}}