{"id":27151,"date":"2020-12-18T10:35:11","date_gmt":"2020-12-18T10:35:11","guid":{"rendered":"https:\/\/www.fecarotta.com\/?post_type=product&#038;p=27151"},"modified":"2023-02-04T17:17:02","modified_gmt":"2023-02-04T17:17:02","slug":"bicchiere-acqua-a81-nasonmoretti","status":"publish","type":"product","link":"https:\/\/www.fecarotta.com\/it\/prodotto\/bicchiere-acqua-a81-nasonmoretti\/","title":{"rendered":"BICCHIERE ACQUA A81 NASONMORETTI"},"content":{"rendered":"<p>BICCHIERE ACQUA A81 NASONMORETTI<\/p>\n<p>Nason Moretti, marchio 100% Made in Italy, \u00e8 nato sull&#8217;isola di Murano a Venezia. Nason Moretti si distingue per la sua abilit\u00e0 nella lavorazione del vetro attraverso le pi\u00f9 raffinate tecniche muranesi. Da sempre Nason Moretti pone la sua attenzione su Calici da vino, flute da champagne ma anche\u00a0 brocche, bicchieri e vasi dai colori vivaci e dal design elegante e originale allo stesso tempo; questo senza tradire la millenaria tradizione muranese. I prodotti Nason Moretti sono rinomati a livello internazionale e rappresentano un must per tutti gli amanti della tavola di lusso. Vetro di Murano Glass disegnato da Stefano Marcato. Vetro soffiato a mano nei laboratori di Murano Venezia &#8211; Ogni prodotto \u00e8 unico e le eventuali diversit\u00e0 devono essere considerate un valore &#8211; uso alimentare &#8211; lavabile in lavastoviglie. Flute Nason Moretti Superbe.<\/p>\n<p>Nato a Murano nel 1953, Stefano Marcato si \u00e8 laureato in Architettura nel 1978 a Venezia. La sua attivit\u00e0 professionale si concentra sulla conservazione del patrimonio. Oggi collabora con la vetreria NasonMoretti di Murano per la quale progetta collezioni di vetri, oggetti e lampade decorative per la casa.<\/p>\n<p>Nason Moretti ha origine da due importanti famiglie di vetrai muranesi, a partire dal 1923. Famose\u00a0 sono le sue linee, una classica ispirata a fogge tradizionali e una contemporanea secondo modelli di design. La linea classica utilizza vetro trasparente con qualche variante rossa e bordature oro, la linea contemporanea ha un&#8217;esplosione di\u00a0 colori. Una delle lavorazioni pi\u00f9 tipiche di questa vetreria \u00e8 la tecnica del vetro incamiciato che si ritrova in molti coloratissimi vasi. Nel 1955 con le coppette Lidia ottenute con questa tecnica, vincono il premio \u201c<strong><em>Compasso D\u2019oro<\/em><\/strong>\u201c. Numerose le collaborazioni con importanti griffes come\u00a0Tiffany,\u00a0Armani,\u00a0Valentino,\u00a0Bottega Veneta\u00a0e\u00a0The Merchant of Venice.<\/p>\n<p>&nbsp;<\/p>\n<p><a href=\"https:\/\/www.youtube.com\/watch?v=_zZgS9QjH2w\" target=\"_blank\" rel=\"noopener noreferrer\">Nason Moretti Video<\/a><\/p>\n<p><a href=\"https:\/\/www.fecarotta.com\/it\/fecarotta-gioielli-company\/\" target=\"_blank\" rel=\"noopener noreferrer\">La nostra Azienda<\/a><\/p>\n<p>&nbsp;<\/p>\n","protected":false},"excerpt":{"rendered":"<p>BICCHIERE ACQUA A81 NASONMORETTI<\/p>\n<p>h 18,2 cm<\/p>\n<p>d 9 cm<\/p>\n","protected":false},"featured_media":27154,"template":"","meta":{"_acf_changed":false},"product_brand":[],"product_cat":[121,2363,1807,113],"product_tag":[],"class_list":{"0":"post-27151","1":"product","2":"type-product","3":"status-publish","4":"has-post-thumbnail","6":"product_cat-accessori-per-la-casa","7":"product_cat-bicchieri","8":"product_cat-home-design","9":"product_cat-porcellane-e-cristalli","10":"pa_brand-nason-moretti","12":"first","13":"instock","14":"shipping-taxable","15":"purchasable","16":"product-type-simple","17":"add-to-wishlist-before_image"},"acf":[],"yoast_head":"<!-- This site is optimized with the Yoast SEO plugin v27.5 - https:\/\/yoast.com\/product\/yoast-seo-wordpress\/ -->\n<title>BICCHIERE ACQUA A81 NASONMORETTI - Fecarotta Gioielli<\/title>\n<meta name=\"description\" content=\"BICCHIERE ACQUA A81 NASONMORETTI. Acquista on line su fecarotta.it; gioiellieri da oltre 200 anni\" \/>\n<meta name=\"robots\" content=\"index, follow, max-snippet:-1, max-image-preview:large, max-video-preview:-1\" \/>\n<link rel=\"canonical\" href=\"https:\/\/www.fecarotta.com\/it\/prodotto\/bicchiere-acqua-a81-nasonmoretti\/\" \/>\n<meta property=\"og:locale\" content=\"it_IT\" \/>\n<meta property=\"og:type\" content=\"article\" \/>\n<meta property=\"og:title\" content=\"BICCHIERE ACQUA A81 NASONMORETTI - Fecarotta Gioielli\" \/>\n<meta property=\"og:description\" content=\"BICCHIERE ACQUA A81 NASONMORETTI. Acquista on line su fecarotta.it; gioiellieri da oltre 200 anni\" \/>\n<meta property=\"og:url\" content=\"https:\/\/www.fecarotta.com\/it\/prodotto\/bicchiere-acqua-a81-nasonmoretti\/\" \/>\n<meta property=\"og:site_name\" content=\"Fecarotta Gioielli\" \/>\n<meta property=\"article:publisher\" content=\"https:\/\/www.facebook.com\/fecarottagioielli\" \/>\n<meta property=\"article:modified_time\" content=\"2023-02-04T17:17:02+00:00\" \/>\n<meta property=\"og:image\" content=\"https:\/\/storage1208.cdn-immedia.net\/wp-content\/uploads\/2021\/03\/nasonmoretti-a81-acqua.jpg\" \/>\n\t<meta property=\"og:image:width\" content=\"870\" \/>\n\t<meta property=\"og:image:height\" content=\"869\" \/>\n\t<meta property=\"og:image:type\" content=\"image\/jpeg\" \/>\n<meta name=\"twitter:card\" content=\"summary_large_image\" \/>\n<meta name=\"twitter:label1\" content=\"Tempo di lettura stimato\" \/>\n\t<meta name=\"twitter:data1\" content=\"2 minuti\" \/>\n<script type=\"application\/ld+json\" class=\"yoast-schema-graph\">{\"@context\":\"https:\\\/\\\/schema.org\",\"@graph\":[{\"@type\":\"WebPage\",\"@id\":\"https:\\\/\\\/www.fecarotta.com\\\/it\\\/prodotto\\\/bicchiere-acqua-a81-nasonmoretti\\\/\",\"url\":\"https:\\\/\\\/www.fecarotta.com\\\/it\\\/prodotto\\\/bicchiere-acqua-a81-nasonmoretti\\\/\",\"name\":\"BICCHIERE ACQUA A81 NASONMORETTI - Fecarotta Gioielli\",\"isPartOf\":{\"@id\":\"https:\\\/\\\/www.fecarotta.com\\\/it\\\/#website\"},\"primaryImageOfPage\":{\"@id\":\"https:\\\/\\\/www.fecarotta.com\\\/it\\\/prodotto\\\/bicchiere-acqua-a81-nasonmoretti\\\/#primaryimage\"},\"image\":{\"@id\":\"https:\\\/\\\/www.fecarotta.com\\\/it\\\/prodotto\\\/bicchiere-acqua-a81-nasonmoretti\\\/#primaryimage\"},\"thumbnailUrl\":\"https:\\\/\\\/www.fecarotta.com\\\/wp-content\\\/uploads\\\/2021\\\/03\\\/nasonmoretti-a81-acqua.jpg\",\"datePublished\":\"2020-12-18T10:35:11+00:00\",\"dateModified\":\"2023-02-04T17:17:02+00:00\",\"description\":\"BICCHIERE ACQUA A81 NASONMORETTI. Acquista on line su fecarotta.it; gioiellieri da oltre 200 anni\",\"breadcrumb\":{\"@id\":\"https:\\\/\\\/www.fecarotta.com\\\/it\\\/prodotto\\\/bicchiere-acqua-a81-nasonmoretti\\\/#breadcrumb\"},\"inLanguage\":\"it-IT\",\"potentialAction\":[{\"@type\":\"ReadAction\",\"target\":[\"https:\\\/\\\/www.fecarotta.com\\\/it\\\/prodotto\\\/bicchiere-acqua-a81-nasonmoretti\\\/\"]}]},{\"@type\":\"ImageObject\",\"inLanguage\":\"it-IT\",\"@id\":\"https:\\\/\\\/www.fecarotta.com\\\/it\\\/prodotto\\\/bicchiere-acqua-a81-nasonmoretti\\\/#primaryimage\",\"url\":\"https:\\\/\\\/www.fecarotta.com\\\/wp-content\\\/uploads\\\/2021\\\/03\\\/nasonmoretti-a81-acqua.jpg\",\"contentUrl\":\"https:\\\/\\\/www.fecarotta.com\\\/wp-content\\\/uploads\\\/2021\\\/03\\\/nasonmoretti-a81-acqua.jpg\",\"width\":870,\"height\":869,\"caption\":\"nasonmoretti a81 acqua glass bicchiere sconto discount\"},{\"@type\":\"BreadcrumbList\",\"@id\":\"https:\\\/\\\/www.fecarotta.com\\\/it\\\/prodotto\\\/bicchiere-acqua-a81-nasonmoretti\\\/#breadcrumb\",\"itemListElement\":[{\"@type\":\"ListItem\",\"position\":1,\"name\":\"Home\",\"item\":\"https:\\\/\\\/www.fecarotta.com\\\/it\\\/\"},{\"@type\":\"ListItem\",\"position\":2,\"name\":\"Negozio\",\"item\":\"https:\\\/\\\/www.fecarotta.com\\\/it\\\/negozio\\\/\"},{\"@type\":\"ListItem\",\"position\":3,\"name\":\"BICCHIERE ACQUA A81 NASONMORETTI\"}]},{\"@type\":\"WebSite\",\"@id\":\"https:\\\/\\\/www.fecarotta.com\\\/it\\\/#website\",\"url\":\"https:\\\/\\\/www.fecarotta.com\\\/it\\\/\",\"name\":\"Fecarotta Gioielli\",\"description\":\"\",\"publisher\":{\"@id\":\"https:\\\/\\\/www.fecarotta.com\\\/it\\\/#organization\"},\"potentialAction\":[{\"@type\":\"SearchAction\",\"target\":{\"@type\":\"EntryPoint\",\"urlTemplate\":\"https:\\\/\\\/www.fecarotta.com\\\/it\\\/?s={search_term_string}\"},\"query-input\":{\"@type\":\"PropertyValueSpecification\",\"valueRequired\":true,\"valueName\":\"search_term_string\"}}],\"inLanguage\":\"it-IT\"},{\"@type\":\"Organization\",\"@id\":\"https:\\\/\\\/www.fecarotta.com\\\/it\\\/#organization\",\"name\":\"Fecarotta Gioielli\",\"url\":\"https:\\\/\\\/www.fecarotta.com\\\/it\\\/\",\"logo\":{\"@type\":\"ImageObject\",\"inLanguage\":\"it-IT\",\"@id\":\"https:\\\/\\\/www.fecarotta.com\\\/it\\\/#\\\/schema\\\/logo\\\/image\\\/\",\"url\":\"https:\\\/\\\/www.fecarotta.com\\\/wp-content\\\/uploads\\\/2025\\\/03\\\/logo-gmb-fecarotta.jpg\",\"contentUrl\":\"https:\\\/\\\/www.fecarotta.com\\\/wp-content\\\/uploads\\\/2025\\\/03\\\/logo-gmb-fecarotta.jpg\",\"width\":500,\"height\":500,\"caption\":\"Fecarotta Gioielli\"},\"image\":{\"@id\":\"https:\\\/\\\/www.fecarotta.com\\\/it\\\/#\\\/schema\\\/logo\\\/image\\\/\"},\"sameAs\":[\"https:\\\/\\\/www.facebook.com\\\/fecarottagioielli\",\"http:\\\/\\\/www.instagram.com\\\/fecarotta.it\",\"https:\\\/\\\/www.linkedin.com\\\/company\\\/fecarotta-it\\\/\",\"https:\\\/\\\/api.whatsapp.com\\\/send?phone=393913323691&text=Salve, vorrei qualche informazione in merito ai vostri prodotti.\"]}]}<\/script>\n<!-- \/ Yoast SEO plugin. -->","yoast_head_json":{"title":"BICCHIERE ACQUA A81 NASONMORETTI - Fecarotta Gioielli","description":"BICCHIERE ACQUA A81 NASONMORETTI. Acquista on line su fecarotta.it; gioiellieri da oltre 200 anni","robots":{"index":"index","follow":"follow","max-snippet":"max-snippet:-1","max-image-preview":"max-image-preview:large","max-video-preview":"max-video-preview:-1"},"canonical":"https:\/\/www.fecarotta.com\/it\/prodotto\/bicchiere-acqua-a81-nasonmoretti\/","og_locale":"it_IT","og_type":"article","og_title":"BICCHIERE ACQUA A81 NASONMORETTI - Fecarotta Gioielli","og_description":"BICCHIERE ACQUA A81 NASONMORETTI. Acquista on line su fecarotta.it; gioiellieri da oltre 200 anni","og_url":"https:\/\/www.fecarotta.com\/it\/prodotto\/bicchiere-acqua-a81-nasonmoretti\/","og_site_name":"Fecarotta Gioielli","article_publisher":"https:\/\/www.facebook.com\/fecarottagioielli","article_modified_time":"2023-02-04T17:17:02+00:00","og_image":[{"width":870,"height":869,"url":"https:\/\/storage1208.cdn-immedia.net\/wp-content\/uploads\/2021\/03\/nasonmoretti-a81-acqua.jpg","type":"image\/jpeg"}],"twitter_card":"summary_large_image","twitter_misc":{"Tempo di lettura stimato":"2 minuti"},"schema":{"@context":"https:\/\/schema.org","@graph":[{"@type":"WebPage","@id":"https:\/\/www.fecarotta.com\/it\/prodotto\/bicchiere-acqua-a81-nasonmoretti\/","url":"https:\/\/www.fecarotta.com\/it\/prodotto\/bicchiere-acqua-a81-nasonmoretti\/","name":"BICCHIERE ACQUA A81 NASONMORETTI - Fecarotta Gioielli","isPartOf":{"@id":"https:\/\/www.fecarotta.com\/it\/#website"},"primaryImageOfPage":{"@id":"https:\/\/www.fecarotta.com\/it\/prodotto\/bicchiere-acqua-a81-nasonmoretti\/#primaryimage"},"image":{"@id":"https:\/\/www.fecarotta.com\/it\/prodotto\/bicchiere-acqua-a81-nasonmoretti\/#primaryimage"},"thumbnailUrl":"https:\/\/storage1208.cdn-immedia.net\/wp-content\/uploads\/2021\/03\/nasonmoretti-a81-acqua.jpg","datePublished":"2020-12-18T10:35:11+00:00","dateModified":"2023-02-04T17:17:02+00:00","description":"BICCHIERE ACQUA A81 NASONMORETTI. Acquista on line su fecarotta.it; gioiellieri da oltre 200 anni","breadcrumb":{"@id":"https:\/\/www.fecarotta.com\/it\/prodotto\/bicchiere-acqua-a81-nasonmoretti\/#breadcrumb"},"inLanguage":"it-IT","potentialAction":[{"@type":"ReadAction","target":["https:\/\/www.fecarotta.com\/it\/prodotto\/bicchiere-acqua-a81-nasonmoretti\/"]}]},{"@type":"ImageObject","inLanguage":"it-IT","@id":"https:\/\/www.fecarotta.com\/it\/prodotto\/bicchiere-acqua-a81-nasonmoretti\/#primaryimage","url":"https:\/\/storage1208.cdn-immedia.net\/wp-content\/uploads\/2021\/03\/nasonmoretti-a81-acqua.jpg","contentUrl":"https:\/\/storage1208.cdn-immedia.net\/wp-content\/uploads\/2021\/03\/nasonmoretti-a81-acqua.jpg","width":870,"height":869,"caption":"nasonmoretti a81 acqua glass bicchiere sconto discount"},{"@type":"BreadcrumbList","@id":"https:\/\/www.fecarotta.com\/it\/prodotto\/bicchiere-acqua-a81-nasonmoretti\/#breadcrumb","itemListElement":[{"@type":"ListItem","position":1,"name":"Home","item":"https:\/\/www.fecarotta.com\/it\/"},{"@type":"ListItem","position":2,"name":"Negozio","item":"https:\/\/www.fecarotta.com\/it\/negozio\/"},{"@type":"ListItem","position":3,"name":"BICCHIERE ACQUA A81 NASONMORETTI"}]},{"@type":"WebSite","@id":"https:\/\/www.fecarotta.com\/it\/#website","url":"https:\/\/www.fecarotta.com\/it\/","name":"Fecarotta Gioielli","description":"","publisher":{"@id":"https:\/\/www.fecarotta.com\/it\/#organization"},"potentialAction":[{"@type":"SearchAction","target":{"@type":"EntryPoint","urlTemplate":"https:\/\/www.fecarotta.com\/it\/?s={search_term_string}"},"query-input":{"@type":"PropertyValueSpecification","valueRequired":true,"valueName":"search_term_string"}}],"inLanguage":"it-IT"},{"@type":"Organization","@id":"https:\/\/www.fecarotta.com\/it\/#organization","name":"Fecarotta Gioielli","url":"https:\/\/www.fecarotta.com\/it\/","logo":{"@type":"ImageObject","inLanguage":"it-IT","@id":"https:\/\/www.fecarotta.com\/it\/#\/schema\/logo\/image\/","url":"https:\/\/storage1208.cdn-immedia.net\/wp-content\/uploads\/2025\/03\/logo-gmb-fecarotta.jpg","contentUrl":"https:\/\/storage1208.cdn-immedia.net\/wp-content\/uploads\/2025\/03\/logo-gmb-fecarotta.jpg","width":500,"height":500,"caption":"Fecarotta Gioielli"},"image":{"@id":"https:\/\/www.fecarotta.com\/it\/#\/schema\/logo\/image\/"},"sameAs":["https:\/\/www.facebook.com\/fecarottagioielli","http:\/\/www.instagram.com\/fecarotta.it","https:\/\/www.linkedin.com\/company\/fecarotta-it\/","https:\/\/api.whatsapp.com\/send?phone=393913323691&text=Salve, vorrei qualche informazione in merito ai vostri prodotti."]}]}},"_links":{"self":[{"href":"https:\/\/www.fecarotta.com\/it\/wp-json\/wp\/v2\/product\/27151","targetHints":{"allow":["GET"]}}],"collection":[{"href":"https:\/\/www.fecarotta.com\/it\/wp-json\/wp\/v2\/product"}],"about":[{"href":"https:\/\/www.fecarotta.com\/it\/wp-json\/wp\/v2\/types\/product"}],"wp:featuredmedia":[{"embeddable":true,"href":"https:\/\/www.fecarotta.com\/it\/wp-json\/wp\/v2\/media\/27154"}],"wp:attachment":[{"href":"https:\/\/www.fecarotta.com\/it\/wp-json\/wp\/v2\/media?parent=27151"}],"wp:term":[{"taxonomy":"product_brand","embeddable":true,"href":"https:\/\/www.fecarotta.com\/it\/wp-json\/wp\/v2\/product_brand?post=27151"},{"taxonomy":"product_cat","embeddable":true,"href":"https:\/\/www.fecarotta.com\/it\/wp-json\/wp\/v2\/product_cat?post=27151"},{"taxonomy":"product_tag","embeddable":true,"href":"https:\/\/www.fecarotta.com\/it\/wp-json\/wp\/v2\/product_tag?post=27151"}],"curies":[{"name":"wp","href":"https:\/\/api.w.org\/{rel}","templated":true}]}}