{"id":26939,"date":"2021-01-10T14:52:11","date_gmt":"2021-01-10T14:52:11","guid":{"rendered":"https:\/\/www.fecarotta.com\/?post_type=product&#038;p=26939"},"modified":"2026-01-30T09:36:04","modified_gmt":"2026-01-30T09:36:04","slug":"richard-ginori-coppa-labirinto-scarlatto","status":"publish","type":"product","link":"https:\/\/www.fecarotta.com\/it\/prodotto\/richard-ginori-coppa-labirinto-scarlatto\/","title":{"rendered":"svuotatasche piccolo scarlatto"},"content":{"rendered":"<p>Un piccolo svuotatasche da porre su un mobile dell&#8217;atrio di una casa, utile per depositare tutti quei piccoli oggetti che altrimenti andrebbero persi chiss\u00e0 dove, oppure in un salotto o, perch\u00e9 no, sopra una scrivania di un ufficio che ancora non avete fatto a tempo a rendere pi\u00f9 intimo e accogliente. L&#8217;articolo \u00e8 disponibile anche in dimensioni di 30 cm.<\/p>\n<p>&nbsp;<\/p>\n<p>Materiali: pura porcellana<br \/>\nMade in Italy<\/p>\n<p>&nbsp;<\/p>\n<p><a href=\"https:\/\/www.fecarotta.com\/it\/fecarotta-gioielli-company\/\" target=\"_blank\" rel=\"noopener noreferrer\">La nostra Azienda<\/a><\/p>\n<p>&nbsp;<\/p>\n","protected":false},"excerpt":{"rendered":"<p><strong>Svuotatasche <\/strong><strong>in pura porcellana,<\/strong>\u00a0collezione\u00a0<strong>Labirinto, variante color Scarlatto<\/strong><\/p>\n<p>Coppa quadrata cm 13,5<\/p>\n<div class=\"node-product--value-label\">Dimensioni<\/div>\n<div class=\"field-group-wrapper\">\n<div>\u27f7 13.5cm\u00a0\u00a0\ud83e\udc59 13.5cm\u00a0\u00a0\u21a5 4.4cm\u00a0\u00a0WT 285g<\/div>\n<\/div>\n","protected":false},"featured_media":26937,"template":"","meta":{"_acf_changed":false},"product_brand":[],"product_cat":[121,1807,2357,113],"product_tag":[],"class_list":{"0":"post-26939","1":"product","2":"type-product","3":"status-publish","4":"has-post-thumbnail","6":"product_cat-accessori-per-la-casa","7":"product_cat-home-design","8":"product_cat-piatti","9":"product_cat-porcellane-e-cristalli","10":"pa_brand-richard-ginori","11":"pa_collection-catene","13":"first","14":"instock","15":"purchasable","16":"product-type-simple","17":"add-to-wishlist-before_image"},"acf":[],"yoast_head":"<!-- This site is optimized with the Yoast SEO plugin v27.5 - https:\/\/yoast.com\/product\/yoast-seo-wordpress\/ -->\n<title>svuotatasche piccolo scarlatto - Fecarotta Gioielli<\/title>\n<meta name=\"description\" content=\"RICHARD GINORI COPPA LABIRINTO SCARLATTO. Acquista online le collezioni Richard Ginori con codice sconto di benvenuto\" \/>\n<meta name=\"robots\" content=\"index, follow, max-snippet:-1, max-image-preview:large, max-video-preview:-1\" \/>\n<link rel=\"canonical\" href=\"https:\/\/www.fecarotta.com\/it\/prodotto\/richard-ginori-coppa-labirinto-scarlatto\/\" \/>\n<meta property=\"og:locale\" content=\"it_IT\" \/>\n<meta property=\"og:type\" content=\"article\" \/>\n<meta property=\"og:title\" content=\"svuotatasche piccolo scarlatto - Fecarotta Gioielli\" \/>\n<meta property=\"og:description\" content=\"RICHARD GINORI COPPA LABIRINTO SCARLATTO. Acquista online le collezioni Richard Ginori con codice sconto di benvenuto\" \/>\n<meta property=\"og:url\" content=\"https:\/\/www.fecarotta.com\/it\/prodotto\/richard-ginori-coppa-labirinto-scarlatto\/\" \/>\n<meta property=\"og:site_name\" content=\"Fecarotta Gioielli\" \/>\n<meta property=\"article:publisher\" content=\"https:\/\/www.facebook.com\/fecarottagioielli\" \/>\n<meta property=\"article:modified_time\" content=\"2026-01-30T09:36:04+00:00\" \/>\n<meta property=\"og:image\" content=\"https:\/\/storage1208.cdn-immedia.net\/wp-content\/uploads\/2021\/01\/172RG01_FCP2200113XG00125300.jpg\" \/>\n\t<meta property=\"og:image:width\" content=\"2000\" \/>\n\t<meta property=\"og:image:height\" content=\"2000\" \/>\n\t<meta property=\"og:image:type\" content=\"image\/jpeg\" \/>\n<meta name=\"twitter:card\" content=\"summary_large_image\" \/>\n<meta name=\"twitter:label1\" content=\"Tempo di lettura stimato\" \/>\n\t<meta name=\"twitter:data1\" content=\"2 minuti\" \/>\n<script type=\"application\/ld+json\" class=\"yoast-schema-graph\">{\"@context\":\"https:\\\/\\\/schema.org\",\"@graph\":[{\"@type\":\"WebPage\",\"@id\":\"https:\\\/\\\/www.fecarotta.com\\\/it\\\/prodotto\\\/richard-ginori-coppa-labirinto-scarlatto\\\/\",\"url\":\"https:\\\/\\\/www.fecarotta.com\\\/it\\\/prodotto\\\/richard-ginori-coppa-labirinto-scarlatto\\\/\",\"name\":\"svuotatasche piccolo scarlatto - Fecarotta Gioielli\",\"isPartOf\":{\"@id\":\"https:\\\/\\\/www.fecarotta.com\\\/it\\\/#website\"},\"primaryImageOfPage\":{\"@id\":\"https:\\\/\\\/www.fecarotta.com\\\/it\\\/prodotto\\\/richard-ginori-coppa-labirinto-scarlatto\\\/#primaryimage\"},\"image\":{\"@id\":\"https:\\\/\\\/www.fecarotta.com\\\/it\\\/prodotto\\\/richard-ginori-coppa-labirinto-scarlatto\\\/#primaryimage\"},\"thumbnailUrl\":\"https:\\\/\\\/www.fecarotta.com\\\/wp-content\\\/uploads\\\/2021\\\/01\\\/172RG01_FCP2200113XG00125300.jpg\",\"datePublished\":\"2021-01-10T14:52:11+00:00\",\"dateModified\":\"2026-01-30T09:36:04+00:00\",\"description\":\"RICHARD GINORI COPPA LABIRINTO SCARLATTO. Acquista online le collezioni Richard Ginori con codice sconto di benvenuto\",\"breadcrumb\":{\"@id\":\"https:\\\/\\\/www.fecarotta.com\\\/it\\\/prodotto\\\/richard-ginori-coppa-labirinto-scarlatto\\\/#breadcrumb\"},\"inLanguage\":\"it-IT\",\"potentialAction\":[{\"@type\":\"ReadAction\",\"target\":[\"https:\\\/\\\/www.fecarotta.com\\\/it\\\/prodotto\\\/richard-ginori-coppa-labirinto-scarlatto\\\/\"]}]},{\"@type\":\"ImageObject\",\"inLanguage\":\"it-IT\",\"@id\":\"https:\\\/\\\/www.fecarotta.com\\\/it\\\/prodotto\\\/richard-ginori-coppa-labirinto-scarlatto\\\/#primaryimage\",\"url\":\"https:\\\/\\\/www.fecarotta.com\\\/wp-content\\\/uploads\\\/2021\\\/01\\\/172RG01_FCP2200113XG00125300.jpg\",\"contentUrl\":\"https:\\\/\\\/www.fecarotta.com\\\/wp-content\\\/uploads\\\/2021\\\/01\\\/172RG01_FCP2200113XG00125300.jpg\",\"width\":2000,\"height\":2000,\"caption\":\"COPPA LABIRINTO SCARLATTO richard ginori tray red scarlet sconto discount 172RG01 FCP2200113XG00125300\"},{\"@type\":\"BreadcrumbList\",\"@id\":\"https:\\\/\\\/www.fecarotta.com\\\/it\\\/prodotto\\\/richard-ginori-coppa-labirinto-scarlatto\\\/#breadcrumb\",\"itemListElement\":[{\"@type\":\"ListItem\",\"position\":1,\"name\":\"Home\",\"item\":\"https:\\\/\\\/www.fecarotta.com\\\/it\\\/\"},{\"@type\":\"ListItem\",\"position\":2,\"name\":\"Negozio\",\"item\":\"https:\\\/\\\/www.fecarotta.com\\\/it\\\/negozio\\\/\"},{\"@type\":\"ListItem\",\"position\":3,\"name\":\"svuotatasche piccolo scarlatto\"}]},{\"@type\":\"WebSite\",\"@id\":\"https:\\\/\\\/www.fecarotta.com\\\/it\\\/#website\",\"url\":\"https:\\\/\\\/www.fecarotta.com\\\/it\\\/\",\"name\":\"Fecarotta Gioielli\",\"description\":\"\",\"publisher\":{\"@id\":\"https:\\\/\\\/www.fecarotta.com\\\/it\\\/#organization\"},\"potentialAction\":[{\"@type\":\"SearchAction\",\"target\":{\"@type\":\"EntryPoint\",\"urlTemplate\":\"https:\\\/\\\/www.fecarotta.com\\\/it\\\/?s={search_term_string}\"},\"query-input\":{\"@type\":\"PropertyValueSpecification\",\"valueRequired\":true,\"valueName\":\"search_term_string\"}}],\"inLanguage\":\"it-IT\"},{\"@type\":\"Organization\",\"@id\":\"https:\\\/\\\/www.fecarotta.com\\\/it\\\/#organization\",\"name\":\"Fecarotta Gioielli\",\"url\":\"https:\\\/\\\/www.fecarotta.com\\\/it\\\/\",\"logo\":{\"@type\":\"ImageObject\",\"inLanguage\":\"it-IT\",\"@id\":\"https:\\\/\\\/www.fecarotta.com\\\/it\\\/#\\\/schema\\\/logo\\\/image\\\/\",\"url\":\"https:\\\/\\\/www.fecarotta.com\\\/wp-content\\\/uploads\\\/2025\\\/03\\\/logo-gmb-fecarotta.jpg\",\"contentUrl\":\"https:\\\/\\\/www.fecarotta.com\\\/wp-content\\\/uploads\\\/2025\\\/03\\\/logo-gmb-fecarotta.jpg\",\"width\":500,\"height\":500,\"caption\":\"Fecarotta Gioielli\"},\"image\":{\"@id\":\"https:\\\/\\\/www.fecarotta.com\\\/it\\\/#\\\/schema\\\/logo\\\/image\\\/\"},\"sameAs\":[\"https:\\\/\\\/www.facebook.com\\\/fecarottagioielli\",\"http:\\\/\\\/www.instagram.com\\\/fecarotta.it\",\"https:\\\/\\\/www.linkedin.com\\\/company\\\/fecarotta-it\\\/\",\"https:\\\/\\\/api.whatsapp.com\\\/send?phone=393913323691&text=Salve, vorrei qualche informazione in merito ai vostri prodotti.\"]}]}<\/script>\n<!-- \/ Yoast SEO plugin. -->","yoast_head_json":{"title":"svuotatasche piccolo scarlatto - Fecarotta Gioielli","description":"RICHARD GINORI COPPA LABIRINTO SCARLATTO. Acquista online le collezioni Richard Ginori con codice sconto di benvenuto","robots":{"index":"index","follow":"follow","max-snippet":"max-snippet:-1","max-image-preview":"max-image-preview:large","max-video-preview":"max-video-preview:-1"},"canonical":"https:\/\/www.fecarotta.com\/it\/prodotto\/richard-ginori-coppa-labirinto-scarlatto\/","og_locale":"it_IT","og_type":"article","og_title":"svuotatasche piccolo scarlatto - Fecarotta Gioielli","og_description":"RICHARD GINORI COPPA LABIRINTO SCARLATTO. Acquista online le collezioni Richard Ginori con codice sconto di benvenuto","og_url":"https:\/\/www.fecarotta.com\/it\/prodotto\/richard-ginori-coppa-labirinto-scarlatto\/","og_site_name":"Fecarotta Gioielli","article_publisher":"https:\/\/www.facebook.com\/fecarottagioielli","article_modified_time":"2026-01-30T09:36:04+00:00","og_image":[{"width":2000,"height":2000,"url":"https:\/\/storage1208.cdn-immedia.net\/wp-content\/uploads\/2021\/01\/172RG01_FCP2200113XG00125300.jpg","type":"image\/jpeg"}],"twitter_card":"summary_large_image","twitter_misc":{"Tempo di lettura stimato":"2 minuti"},"schema":{"@context":"https:\/\/schema.org","@graph":[{"@type":"WebPage","@id":"https:\/\/www.fecarotta.com\/it\/prodotto\/richard-ginori-coppa-labirinto-scarlatto\/","url":"https:\/\/www.fecarotta.com\/it\/prodotto\/richard-ginori-coppa-labirinto-scarlatto\/","name":"svuotatasche piccolo scarlatto - Fecarotta Gioielli","isPartOf":{"@id":"https:\/\/www.fecarotta.com\/it\/#website"},"primaryImageOfPage":{"@id":"https:\/\/www.fecarotta.com\/it\/prodotto\/richard-ginori-coppa-labirinto-scarlatto\/#primaryimage"},"image":{"@id":"https:\/\/www.fecarotta.com\/it\/prodotto\/richard-ginori-coppa-labirinto-scarlatto\/#primaryimage"},"thumbnailUrl":"https:\/\/storage1208.cdn-immedia.net\/wp-content\/uploads\/2021\/01\/172RG01_FCP2200113XG00125300.jpg","datePublished":"2021-01-10T14:52:11+00:00","dateModified":"2026-01-30T09:36:04+00:00","description":"RICHARD GINORI COPPA LABIRINTO SCARLATTO. Acquista online le collezioni Richard Ginori con codice sconto di benvenuto","breadcrumb":{"@id":"https:\/\/www.fecarotta.com\/it\/prodotto\/richard-ginori-coppa-labirinto-scarlatto\/#breadcrumb"},"inLanguage":"it-IT","potentialAction":[{"@type":"ReadAction","target":["https:\/\/www.fecarotta.com\/it\/prodotto\/richard-ginori-coppa-labirinto-scarlatto\/"]}]},{"@type":"ImageObject","inLanguage":"it-IT","@id":"https:\/\/www.fecarotta.com\/it\/prodotto\/richard-ginori-coppa-labirinto-scarlatto\/#primaryimage","url":"https:\/\/storage1208.cdn-immedia.net\/wp-content\/uploads\/2021\/01\/172RG01_FCP2200113XG00125300.jpg","contentUrl":"https:\/\/storage1208.cdn-immedia.net\/wp-content\/uploads\/2021\/01\/172RG01_FCP2200113XG00125300.jpg","width":2000,"height":2000,"caption":"COPPA LABIRINTO SCARLATTO richard ginori tray red scarlet sconto discount 172RG01 FCP2200113XG00125300"},{"@type":"BreadcrumbList","@id":"https:\/\/www.fecarotta.com\/it\/prodotto\/richard-ginori-coppa-labirinto-scarlatto\/#breadcrumb","itemListElement":[{"@type":"ListItem","position":1,"name":"Home","item":"https:\/\/www.fecarotta.com\/it\/"},{"@type":"ListItem","position":2,"name":"Negozio","item":"https:\/\/www.fecarotta.com\/it\/negozio\/"},{"@type":"ListItem","position":3,"name":"svuotatasche piccolo scarlatto"}]},{"@type":"WebSite","@id":"https:\/\/www.fecarotta.com\/it\/#website","url":"https:\/\/www.fecarotta.com\/it\/","name":"Fecarotta Gioielli","description":"","publisher":{"@id":"https:\/\/www.fecarotta.com\/it\/#organization"},"potentialAction":[{"@type":"SearchAction","target":{"@type":"EntryPoint","urlTemplate":"https:\/\/www.fecarotta.com\/it\/?s={search_term_string}"},"query-input":{"@type":"PropertyValueSpecification","valueRequired":true,"valueName":"search_term_string"}}],"inLanguage":"it-IT"},{"@type":"Organization","@id":"https:\/\/www.fecarotta.com\/it\/#organization","name":"Fecarotta Gioielli","url":"https:\/\/www.fecarotta.com\/it\/","logo":{"@type":"ImageObject","inLanguage":"it-IT","@id":"https:\/\/www.fecarotta.com\/it\/#\/schema\/logo\/image\/","url":"https:\/\/storage1208.cdn-immedia.net\/wp-content\/uploads\/2025\/03\/logo-gmb-fecarotta.jpg","contentUrl":"https:\/\/storage1208.cdn-immedia.net\/wp-content\/uploads\/2025\/03\/logo-gmb-fecarotta.jpg","width":500,"height":500,"caption":"Fecarotta Gioielli"},"image":{"@id":"https:\/\/www.fecarotta.com\/it\/#\/schema\/logo\/image\/"},"sameAs":["https:\/\/www.facebook.com\/fecarottagioielli","http:\/\/www.instagram.com\/fecarotta.it","https:\/\/www.linkedin.com\/company\/fecarotta-it\/","https:\/\/api.whatsapp.com\/send?phone=393913323691&text=Salve, vorrei qualche informazione in merito ai vostri prodotti."]}]}},"_links":{"self":[{"href":"https:\/\/www.fecarotta.com\/it\/wp-json\/wp\/v2\/product\/26939","targetHints":{"allow":["GET"]}}],"collection":[{"href":"https:\/\/www.fecarotta.com\/it\/wp-json\/wp\/v2\/product"}],"about":[{"href":"https:\/\/www.fecarotta.com\/it\/wp-json\/wp\/v2\/types\/product"}],"wp:featuredmedia":[{"embeddable":true,"href":"https:\/\/www.fecarotta.com\/it\/wp-json\/wp\/v2\/media\/26937"}],"wp:attachment":[{"href":"https:\/\/www.fecarotta.com\/it\/wp-json\/wp\/v2\/media?parent=26939"}],"wp:term":[{"taxonomy":"product_brand","embeddable":true,"href":"https:\/\/www.fecarotta.com\/it\/wp-json\/wp\/v2\/product_brand?post=26939"},{"taxonomy":"product_cat","embeddable":true,"href":"https:\/\/www.fecarotta.com\/it\/wp-json\/wp\/v2\/product_cat?post=26939"},{"taxonomy":"product_tag","embeddable":true,"href":"https:\/\/www.fecarotta.com\/it\/wp-json\/wp\/v2\/product_tag?post=26939"}],"curies":[{"name":"wp","href":"https:\/\/api.w.org\/{rel}","templated":true}]}}