{"id":26196,"date":"2021-01-27T17:22:41","date_gmt":"2021-01-27T17:22:41","guid":{"rendered":"https:\/\/www.fecarotta.com\/?post_type=product&#038;p=26196"},"modified":"2024-06-29T10:52:16","modified_gmt":"2024-06-29T10:52:16","slug":"vassoio-wine-bar-georg-jensen","status":"publish","type":"product","link":"https:\/\/www.fecarotta.com\/it\/prodotto\/vassoio-wine-bar-georg-jensen\/","title":{"rendered":"Vassoio WINE &amp; BAR"},"content":{"rendered":"<p>Il background in architettura del designer Thomas Sandell \u00e8 evidente nelle linee pulite e sicure del suo lavoro per Georg Jensen. Pur non dimenticando mai la funzionalit\u00e0 di un pezzo, Sandell infonde ai suoi prodotti una bellezza elegante che \u00e8 sia scultorea che sobria.<\/p>\n<p>Materiale: Acciaio inossidabile lucidato a specchio<br \/>\nMisure: H: 22 mm. \u00d8: 394 mm.<br \/>\nAnno di progettazione: 2012<\/p>\n<p><a href=\"https:\/\/www.fecarotta.com\/it\/fecarotta-gioielli-company\/\" target=\"_blank\" rel=\"noopener noreferrer\">La nostra Azienda<\/a><\/p>\n<p><a href=\"https:\/\/www.youtube.com\/channel\/UCcV_-oORDKOKcSuy3sz19_g\" target=\"_blank\" rel=\"noopener noreferrer\">Georg Jensen Official Channel<\/a><\/p>\n","protected":false},"excerpt":{"rendered":"<p>Vassoio WINE &amp; BAR Georg Jensen<br \/>\nServite con stile con questo vassoio per il vino in acciaio inossidabile, minimale ma sofisticato. Il bordo naturale organico del vassoio aggiunge un bordo scandinavo ad una semplice forma ovale rendendolo il modo perfetto per servire bevande, snack o cibo per le feste.Il vassoio per il vino \u00e8 realizzato in acciaio inossidabile con una finitura lucida a specchio che riflette splendidamente i bicchieri e i piatti.<\/p>\n<p>&nbsp;<\/p>\n","protected":false},"featured_media":26205,"template":"","meta":{"_acf_changed":false},"product_brand":[],"product_cat":[51,50,1807],"product_tag":[],"class_list":{"0":"post-26196","1":"product","2":"type-product","3":"status-publish","4":"has-post-thumbnail","6":"product_cat-accessori-per-la-casa-argenti-e-leghe","7":"product_cat-argenti-e-leghe","8":"product_cat-home-design","9":"pa_brand-georg-jensen","11":"first","12":"instock","13":"purchasable","14":"product-type-simple","15":"add-to-wishlist-before_image"},"acf":[],"yoast_head":"<!-- This site is optimized with the Yoast SEO plugin v27.5 - https:\/\/yoast.com\/product\/yoast-seo-wordpress\/ -->\n<title>Vassoio WINE &amp; BAR - Fecarotta Gioielli<\/title>\n<meta name=\"description\" content=\"Vassoio WINE &amp; BAR Georg Jensen Con una storia di oltre 100 anni, il marchio Georg Jensen rappresenta l&#039;artigianato di qualit\u00e0 e design. Acquista online su fecarotta.it\" \/>\n<meta name=\"robots\" content=\"index, follow, max-snippet:-1, max-image-preview:large, max-video-preview:-1\" \/>\n<link rel=\"canonical\" href=\"https:\/\/www.fecarotta.com\/it\/prodotto\/vassoio-wine-bar-georg-jensen\/\" \/>\n<meta property=\"og:locale\" content=\"it_IT\" \/>\n<meta property=\"og:type\" content=\"article\" \/>\n<meta property=\"og:title\" content=\"Vassoio WINE &amp; BAR - Fecarotta Gioielli\" \/>\n<meta property=\"og:description\" content=\"Vassoio WINE &amp; BAR Georg Jensen Con una storia di oltre 100 anni, il marchio Georg Jensen rappresenta l&#039;artigianato di qualit\u00e0 e design. Acquista online su fecarotta.it\" \/>\n<meta property=\"og:url\" content=\"https:\/\/www.fecarotta.com\/it\/prodotto\/vassoio-wine-bar-georg-jensen\/\" \/>\n<meta property=\"og:site_name\" content=\"Fecarotta Gioielli\" \/>\n<meta property=\"article:publisher\" content=\"https:\/\/www.facebook.com\/fecarottagioielli\" \/>\n<meta property=\"article:modified_time\" content=\"2024-06-29T10:52:16+00:00\" \/>\n<meta property=\"og:image\" content=\"https:\/\/storage1208.cdn-immedia.net\/wp-content\/uploads\/2021\/01\/wine-tray-georg-jensen-vassoio.jpg\" \/>\n\t<meta property=\"og:image:width\" content=\"1080\" \/>\n\t<meta property=\"og:image:height\" content=\"1080\" \/>\n\t<meta property=\"og:image:type\" content=\"image\/jpeg\" \/>\n<meta name=\"twitter:card\" content=\"summary_large_image\" \/>\n<meta name=\"twitter:label1\" content=\"Tempo di lettura stimato\" \/>\n\t<meta name=\"twitter:data1\" content=\"2 minuti\" \/>\n<script type=\"application\/ld+json\" class=\"yoast-schema-graph\">{\"@context\":\"https:\\\/\\\/schema.org\",\"@graph\":[{\"@type\":\"WebPage\",\"@id\":\"https:\\\/\\\/www.fecarotta.com\\\/it\\\/prodotto\\\/vassoio-wine-bar-georg-jensen\\\/\",\"url\":\"https:\\\/\\\/www.fecarotta.com\\\/it\\\/prodotto\\\/vassoio-wine-bar-georg-jensen\\\/\",\"name\":\"Vassoio WINE &amp; BAR - Fecarotta Gioielli\",\"isPartOf\":{\"@id\":\"https:\\\/\\\/www.fecarotta.com\\\/it\\\/#website\"},\"primaryImageOfPage\":{\"@id\":\"https:\\\/\\\/www.fecarotta.com\\\/it\\\/prodotto\\\/vassoio-wine-bar-georg-jensen\\\/#primaryimage\"},\"image\":{\"@id\":\"https:\\\/\\\/www.fecarotta.com\\\/it\\\/prodotto\\\/vassoio-wine-bar-georg-jensen\\\/#primaryimage\"},\"thumbnailUrl\":\"https:\\\/\\\/www.fecarotta.com\\\/wp-content\\\/uploads\\\/2021\\\/01\\\/wine-tray-georg-jensen-vassoio.jpg\",\"datePublished\":\"2021-01-27T17:22:41+00:00\",\"dateModified\":\"2024-06-29T10:52:16+00:00\",\"description\":\"Vassoio WINE & BAR Georg Jensen Con una storia di oltre 100 anni, il marchio Georg Jensen rappresenta l'artigianato di qualit\u00e0 e design. Acquista online su fecarotta.it\",\"breadcrumb\":{\"@id\":\"https:\\\/\\\/www.fecarotta.com\\\/it\\\/prodotto\\\/vassoio-wine-bar-georg-jensen\\\/#breadcrumb\"},\"inLanguage\":\"it-IT\",\"potentialAction\":[{\"@type\":\"ReadAction\",\"target\":[\"https:\\\/\\\/www.fecarotta.com\\\/it\\\/prodotto\\\/vassoio-wine-bar-georg-jensen\\\/\"]}]},{\"@type\":\"ImageObject\",\"inLanguage\":\"it-IT\",\"@id\":\"https:\\\/\\\/www.fecarotta.com\\\/it\\\/prodotto\\\/vassoio-wine-bar-georg-jensen\\\/#primaryimage\",\"url\":\"https:\\\/\\\/www.fecarotta.com\\\/wp-content\\\/uploads\\\/2021\\\/01\\\/wine-tray-georg-jensen-vassoio.jpg\",\"contentUrl\":\"https:\\\/\\\/www.fecarotta.com\\\/wp-content\\\/uploads\\\/2021\\\/01\\\/wine-tray-georg-jensen-vassoio.jpg\",\"width\":1080,\"height\":1080,\"caption\":\"Vassoio WINE & BAR Georg Jensen wine tray sconto discount\"},{\"@type\":\"BreadcrumbList\",\"@id\":\"https:\\\/\\\/www.fecarotta.com\\\/it\\\/prodotto\\\/vassoio-wine-bar-georg-jensen\\\/#breadcrumb\",\"itemListElement\":[{\"@type\":\"ListItem\",\"position\":1,\"name\":\"Home\",\"item\":\"https:\\\/\\\/www.fecarotta.com\\\/it\\\/\"},{\"@type\":\"ListItem\",\"position\":2,\"name\":\"Negozio\",\"item\":\"https:\\\/\\\/www.fecarotta.com\\\/it\\\/negozio\\\/\"},{\"@type\":\"ListItem\",\"position\":3,\"name\":\"Vassoio WINE &amp; BAR\"}]},{\"@type\":\"WebSite\",\"@id\":\"https:\\\/\\\/www.fecarotta.com\\\/it\\\/#website\",\"url\":\"https:\\\/\\\/www.fecarotta.com\\\/it\\\/\",\"name\":\"Fecarotta Gioielli\",\"description\":\"\",\"publisher\":{\"@id\":\"https:\\\/\\\/www.fecarotta.com\\\/it\\\/#organization\"},\"potentialAction\":[{\"@type\":\"SearchAction\",\"target\":{\"@type\":\"EntryPoint\",\"urlTemplate\":\"https:\\\/\\\/www.fecarotta.com\\\/it\\\/?s={search_term_string}\"},\"query-input\":{\"@type\":\"PropertyValueSpecification\",\"valueRequired\":true,\"valueName\":\"search_term_string\"}}],\"inLanguage\":\"it-IT\"},{\"@type\":\"Organization\",\"@id\":\"https:\\\/\\\/www.fecarotta.com\\\/it\\\/#organization\",\"name\":\"Fecarotta Gioielli\",\"url\":\"https:\\\/\\\/www.fecarotta.com\\\/it\\\/\",\"logo\":{\"@type\":\"ImageObject\",\"inLanguage\":\"it-IT\",\"@id\":\"https:\\\/\\\/www.fecarotta.com\\\/it\\\/#\\\/schema\\\/logo\\\/image\\\/\",\"url\":\"https:\\\/\\\/www.fecarotta.com\\\/wp-content\\\/uploads\\\/2025\\\/03\\\/logo-gmb-fecarotta.jpg\",\"contentUrl\":\"https:\\\/\\\/www.fecarotta.com\\\/wp-content\\\/uploads\\\/2025\\\/03\\\/logo-gmb-fecarotta.jpg\",\"width\":500,\"height\":500,\"caption\":\"Fecarotta Gioielli\"},\"image\":{\"@id\":\"https:\\\/\\\/www.fecarotta.com\\\/it\\\/#\\\/schema\\\/logo\\\/image\\\/\"},\"sameAs\":[\"https:\\\/\\\/www.facebook.com\\\/fecarottagioielli\",\"http:\\\/\\\/www.instagram.com\\\/fecarotta.it\",\"https:\\\/\\\/www.linkedin.com\\\/company\\\/fecarotta-it\\\/\",\"https:\\\/\\\/api.whatsapp.com\\\/send?phone=393913323691&text=Salve, vorrei qualche informazione in merito ai vostri prodotti.\"]}]}<\/script>\n<!-- \/ Yoast SEO plugin. -->","yoast_head_json":{"title":"Vassoio WINE &amp; BAR - Fecarotta Gioielli","description":"Vassoio WINE & BAR Georg Jensen Con una storia di oltre 100 anni, il marchio Georg Jensen rappresenta l'artigianato di qualit\u00e0 e design. Acquista online su fecarotta.it","robots":{"index":"index","follow":"follow","max-snippet":"max-snippet:-1","max-image-preview":"max-image-preview:large","max-video-preview":"max-video-preview:-1"},"canonical":"https:\/\/www.fecarotta.com\/it\/prodotto\/vassoio-wine-bar-georg-jensen\/","og_locale":"it_IT","og_type":"article","og_title":"Vassoio WINE &amp; BAR - Fecarotta Gioielli","og_description":"Vassoio WINE & BAR Georg Jensen Con una storia di oltre 100 anni, il marchio Georg Jensen rappresenta l'artigianato di qualit\u00e0 e design. Acquista online su fecarotta.it","og_url":"https:\/\/www.fecarotta.com\/it\/prodotto\/vassoio-wine-bar-georg-jensen\/","og_site_name":"Fecarotta Gioielli","article_publisher":"https:\/\/www.facebook.com\/fecarottagioielli","article_modified_time":"2024-06-29T10:52:16+00:00","og_image":[{"width":1080,"height":1080,"url":"https:\/\/storage1208.cdn-immedia.net\/wp-content\/uploads\/2021\/01\/wine-tray-georg-jensen-vassoio.jpg","type":"image\/jpeg"}],"twitter_card":"summary_large_image","twitter_misc":{"Tempo di lettura stimato":"2 minuti"},"schema":{"@context":"https:\/\/schema.org","@graph":[{"@type":"WebPage","@id":"https:\/\/www.fecarotta.com\/it\/prodotto\/vassoio-wine-bar-georg-jensen\/","url":"https:\/\/www.fecarotta.com\/it\/prodotto\/vassoio-wine-bar-georg-jensen\/","name":"Vassoio WINE &amp; BAR - Fecarotta Gioielli","isPartOf":{"@id":"https:\/\/www.fecarotta.com\/it\/#website"},"primaryImageOfPage":{"@id":"https:\/\/www.fecarotta.com\/it\/prodotto\/vassoio-wine-bar-georg-jensen\/#primaryimage"},"image":{"@id":"https:\/\/www.fecarotta.com\/it\/prodotto\/vassoio-wine-bar-georg-jensen\/#primaryimage"},"thumbnailUrl":"https:\/\/storage1208.cdn-immedia.net\/wp-content\/uploads\/2021\/01\/wine-tray-georg-jensen-vassoio.jpg","datePublished":"2021-01-27T17:22:41+00:00","dateModified":"2024-06-29T10:52:16+00:00","description":"Vassoio WINE & BAR Georg Jensen Con una storia di oltre 100 anni, il marchio Georg Jensen rappresenta l'artigianato di qualit\u00e0 e design. Acquista online su fecarotta.it","breadcrumb":{"@id":"https:\/\/www.fecarotta.com\/it\/prodotto\/vassoio-wine-bar-georg-jensen\/#breadcrumb"},"inLanguage":"it-IT","potentialAction":[{"@type":"ReadAction","target":["https:\/\/www.fecarotta.com\/it\/prodotto\/vassoio-wine-bar-georg-jensen\/"]}]},{"@type":"ImageObject","inLanguage":"it-IT","@id":"https:\/\/www.fecarotta.com\/it\/prodotto\/vassoio-wine-bar-georg-jensen\/#primaryimage","url":"https:\/\/storage1208.cdn-immedia.net\/wp-content\/uploads\/2021\/01\/wine-tray-georg-jensen-vassoio.jpg","contentUrl":"https:\/\/storage1208.cdn-immedia.net\/wp-content\/uploads\/2021\/01\/wine-tray-georg-jensen-vassoio.jpg","width":1080,"height":1080,"caption":"Vassoio WINE & BAR Georg Jensen wine tray sconto discount"},{"@type":"BreadcrumbList","@id":"https:\/\/www.fecarotta.com\/it\/prodotto\/vassoio-wine-bar-georg-jensen\/#breadcrumb","itemListElement":[{"@type":"ListItem","position":1,"name":"Home","item":"https:\/\/www.fecarotta.com\/it\/"},{"@type":"ListItem","position":2,"name":"Negozio","item":"https:\/\/www.fecarotta.com\/it\/negozio\/"},{"@type":"ListItem","position":3,"name":"Vassoio WINE &amp; BAR"}]},{"@type":"WebSite","@id":"https:\/\/www.fecarotta.com\/it\/#website","url":"https:\/\/www.fecarotta.com\/it\/","name":"Fecarotta Gioielli","description":"","publisher":{"@id":"https:\/\/www.fecarotta.com\/it\/#organization"},"potentialAction":[{"@type":"SearchAction","target":{"@type":"EntryPoint","urlTemplate":"https:\/\/www.fecarotta.com\/it\/?s={search_term_string}"},"query-input":{"@type":"PropertyValueSpecification","valueRequired":true,"valueName":"search_term_string"}}],"inLanguage":"it-IT"},{"@type":"Organization","@id":"https:\/\/www.fecarotta.com\/it\/#organization","name":"Fecarotta Gioielli","url":"https:\/\/www.fecarotta.com\/it\/","logo":{"@type":"ImageObject","inLanguage":"it-IT","@id":"https:\/\/www.fecarotta.com\/it\/#\/schema\/logo\/image\/","url":"https:\/\/storage1208.cdn-immedia.net\/wp-content\/uploads\/2025\/03\/logo-gmb-fecarotta.jpg","contentUrl":"https:\/\/storage1208.cdn-immedia.net\/wp-content\/uploads\/2025\/03\/logo-gmb-fecarotta.jpg","width":500,"height":500,"caption":"Fecarotta Gioielli"},"image":{"@id":"https:\/\/www.fecarotta.com\/it\/#\/schema\/logo\/image\/"},"sameAs":["https:\/\/www.facebook.com\/fecarottagioielli","http:\/\/www.instagram.com\/fecarotta.it","https:\/\/www.linkedin.com\/company\/fecarotta-it\/","https:\/\/api.whatsapp.com\/send?phone=393913323691&text=Salve, vorrei qualche informazione in merito ai vostri prodotti."]}]}},"_links":{"self":[{"href":"https:\/\/www.fecarotta.com\/it\/wp-json\/wp\/v2\/product\/26196","targetHints":{"allow":["GET"]}}],"collection":[{"href":"https:\/\/www.fecarotta.com\/it\/wp-json\/wp\/v2\/product"}],"about":[{"href":"https:\/\/www.fecarotta.com\/it\/wp-json\/wp\/v2\/types\/product"}],"wp:featuredmedia":[{"embeddable":true,"href":"https:\/\/www.fecarotta.com\/it\/wp-json\/wp\/v2\/media\/26205"}],"wp:attachment":[{"href":"https:\/\/www.fecarotta.com\/it\/wp-json\/wp\/v2\/media?parent=26196"}],"wp:term":[{"taxonomy":"product_brand","embeddable":true,"href":"https:\/\/www.fecarotta.com\/it\/wp-json\/wp\/v2\/product_brand?post=26196"},{"taxonomy":"product_cat","embeddable":true,"href":"https:\/\/www.fecarotta.com\/it\/wp-json\/wp\/v2\/product_cat?post=26196"},{"taxonomy":"product_tag","embeddable":true,"href":"https:\/\/www.fecarotta.com\/it\/wp-json\/wp\/v2\/product_tag?post=26196"}],"curies":[{"name":"wp","href":"https:\/\/api.w.org\/{rel}","templated":true}]}}