{"id":26017,"date":"2021-01-27T00:17:11","date_gmt":"2021-01-27T00:17:11","guid":{"rendered":"https:\/\/www.fecarotta.com\/?post_type=product&#038;p=26017"},"modified":"2026-04-22T18:49:25","modified_gmt":"2026-04-22T18:49:25","slug":"orecchini-con-cuore-smaltato-gucci-e-gg","status":"publish","type":"product","link":"https:\/\/www.fecarotta.com\/it\/prodotto\/orecchini-con-cuore-smaltato-gucci-e-gg\/","title":{"rendered":"Orecchini Gucci Heart cuore smaltato rosso"},"content":{"rendered":"<p>Orecchini con cuore smaltato Gucci e GG<\/p>\n<p>La ricerca di sperimentazione oltre le regole tradizionali della moda d\u00e0 vita a questi orecchini a forma di cuore con Doppia G sulla base e smalto rosso. Il gioco di trasparenze tra questi dettagli ricercati raffigura il desiderio della Maison di svelare il mondo che si cela dietro le sue creazioni visionarie.<\/p>\n<p>Gucci \u00e8 uno dei brand italiani di alta moda tra i pi\u00f9 famosi del mondo, e i suoi orologi e gioielli rispecchiano appieno la tradizione di stile e originalit\u00e0 di cui l\u2019azienda fondata a Firenze da Guccio Gucci nell\u2019ormai lontano 1921 si \u00e8 sempre fatta portabandiera. Bracciale Gucci doppio in argento rappresenta questa Tradizione.<\/p>\n<h4>La Storia GUCCI<\/h4>\n<p>Nel 1921 Guccio Gucci fond\u00f2 a Firenze l\u2019azienda omonima per la produzione di articoli di pelletteria, guanti e valigeria. Nel 1923 il primo marchio della casa di moda riportava solamente il nome del fondatore nel carattere calligra\ufb01co, probabilmente derivato dalla sua \ufb01rma.<\/p>\n<p>E\u2019 il 1960 Aldo Gucci, uno dei tre \ufb01gli di Guccio, disegna il simbolo con le due \u201cG\u201d incrociate, chiaro riferimento alle iniziali del fondatore; questo segno grafico, non ancora diventato il marchio dell\u2019azienda, viene riproposto in diverse fogge e cio\u00e8; fuse in un cerchio, contrapposte, invertite e in forma astratta. Quindi nel 1971 il logot\u00ecpo sar\u00e0 composto con un carattere graziato mentre solo nel 1992,con la direzione artistica di Alessandro Michele, comparir\u00e0 ufficialmente nel marchio aziendale il simbolo della doppia \u201cG\u201d, fino ad allora utilizzato solo come griffe sulle borse, calzature e cinture.<\/p>\n<p>A partire dal 1998 la comunicazione ufficiale sar\u00e0 affidata al solo logot\u00ecpo composto con carattere graziato lapidario, molto spaziato; \u00e8 con questo marchio che l\u2019azienda si presenta nel mondo come espressione distintiva del \u201cmade in Italy\u201d.<\/p>\n<p><a href=\"https:\/\/www.fecarotta.com\/it\/fecarotta-gioielli-company\/\" target=\"_blank\" rel=\"noopener noreferrer\">La nostra Azienda<\/a><\/p>\n<p><a href=\"https:\/\/www.youtube.com\/user\/gucciofficial\" target=\"_blank\" rel=\"noopener noreferrer\">Gucci official video<\/a><\/p>\n<p>L\u2019oro, il platino e i diamanti Gucci sono certificati dal Responsible Jewellery Council che ha lo scopo di promuovere pratiche responsabili, etiche, sociali e ambientali rispettose dei diritti umani attraverso la catena di fornitura dei diamanti e dell\u2019oro, dalla miniera ai negozi.<\/p>\n","protected":false},"excerpt":{"rendered":"<p>Orecchini con cuore smaltato Gucci e GG<\/p>\n<p>La ricerca di sperimentazione oltre le regole tradizionali della moda d\u00e0 vita a questi orecchini a forma di cuore con Doppia G sulla base e smalto rosso. Il gioco di trasparenze tra questi dettagli ricercati raffigura il desiderio della Maison di svelare il mondo che si cela dietro le sue creazioni visionarie.<\/p>\n<p>argento 925<br \/>\nSmalto rosso con stencil GG in argento<br \/>\nDettagli incisi alla base dei cuori<br \/>\nPer lobi forati<br \/>\nCuore XS: 12 mm x 13 mm<br \/>\nMade in Italy<br \/>\nGucci garantisce, al proprio interno e nella propria filiera, il rispetto degli standard di Responsabilit\u00e0 Sociale e Ambientale in coerenza con la sua strategia di sostenibilit\u00e0.<\/p>\n<p>&nbsp;<\/p>\n","protected":false},"featured_media":26019,"template":"","meta":{"_acf_changed":false},"product_brand":[],"product_cat":[27,1168,35],"product_tag":[],"class_list":{"0":"post-26017","1":"product","2":"type-product","3":"status-publish","4":"has-post-thumbnail","6":"product_cat-gioielli","7":"product_cat-innamorati","8":"product_cat-orecchini-2-jewels","9":"pa_brand-gucci-gioielli","10":"pa_collection-gucci-heart","11":"pa_gender-donna","13":"first","14":"instock","15":"purchasable","16":"product-type-simple","17":"add-to-wishlist-before_image"},"acf":[],"yoast_head":"<!-- This site is optimized with the Yoast SEO plugin v27.5 - https:\/\/yoast.com\/product\/yoast-seo-wordpress\/ -->\n<title>Orecchini Gucci Heart cuore smaltato rosso - Fecarotta Gioielli<\/title>\n<meta name=\"description\" content=\"Orecchini con cuore smaltato Gucci e GG acquista online anelli orecchini collane ed orologi Gucci su fecarotta.it con codice sconto di benvenuto\" \/>\n<meta name=\"robots\" content=\"index, follow, max-snippet:-1, max-image-preview:large, max-video-preview:-1\" \/>\n<link rel=\"canonical\" href=\"https:\/\/www.fecarotta.com\/it\/prodotto\/orecchini-con-cuore-smaltato-gucci-e-gg\/\" \/>\n<meta property=\"og:locale\" content=\"it_IT\" \/>\n<meta property=\"og:type\" content=\"article\" \/>\n<meta property=\"og:title\" content=\"Orecchini Gucci Heart cuore smaltato rosso - Fecarotta Gioielli\" \/>\n<meta property=\"og:description\" content=\"Orecchini con cuore smaltato Gucci e GG acquista online anelli orecchini collane ed orologi Gucci su fecarotta.it con codice sconto di benvenuto\" \/>\n<meta property=\"og:url\" content=\"https:\/\/www.fecarotta.com\/it\/prodotto\/orecchini-con-cuore-smaltato-gucci-e-gg\/\" \/>\n<meta property=\"og:site_name\" content=\"Fecarotta Gioielli\" \/>\n<meta property=\"article:publisher\" content=\"https:\/\/www.facebook.com\/fecarottagioielli\" \/>\n<meta property=\"article:modified_time\" content=\"2026-04-22T18:49:25+00:00\" \/>\n<meta property=\"og:image\" content=\"https:\/\/storage1208.cdn-immedia.net\/wp-content\/uploads\/2021\/01\/645547_J8410_8166_001_100_0000_Light-Orecchini-con-cuore-in-smalto-GG-EARRINGS-RED-ENAMEL-SILVER-EARRINGS-GUCCI-SCONTO-DISCOUNT.jpg\" \/>\n\t<meta property=\"og:image:width\" content=\"1080\" \/>\n\t<meta property=\"og:image:height\" content=\"1080\" \/>\n\t<meta property=\"og:image:type\" content=\"image\/jpeg\" \/>\n<meta name=\"twitter:card\" content=\"summary_large_image\" \/>\n<meta name=\"twitter:label1\" content=\"Tempo di lettura stimato\" \/>\n\t<meta name=\"twitter:data1\" content=\"2 minuti\" \/>\n<script type=\"application\/ld+json\" class=\"yoast-schema-graph\">{\"@context\":\"https:\\\/\\\/schema.org\",\"@graph\":[{\"@type\":\"WebPage\",\"@id\":\"https:\\\/\\\/www.fecarotta.com\\\/it\\\/prodotto\\\/orecchini-con-cuore-smaltato-gucci-e-gg\\\/\",\"url\":\"https:\\\/\\\/www.fecarotta.com\\\/it\\\/prodotto\\\/orecchini-con-cuore-smaltato-gucci-e-gg\\\/\",\"name\":\"Orecchini Gucci Heart cuore smaltato rosso - Fecarotta Gioielli\",\"isPartOf\":{\"@id\":\"https:\\\/\\\/www.fecarotta.com\\\/it\\\/#website\"},\"primaryImageOfPage\":{\"@id\":\"https:\\\/\\\/www.fecarotta.com\\\/it\\\/prodotto\\\/orecchini-con-cuore-smaltato-gucci-e-gg\\\/#primaryimage\"},\"image\":{\"@id\":\"https:\\\/\\\/www.fecarotta.com\\\/it\\\/prodotto\\\/orecchini-con-cuore-smaltato-gucci-e-gg\\\/#primaryimage\"},\"thumbnailUrl\":\"https:\\\/\\\/www.fecarotta.com\\\/wp-content\\\/uploads\\\/2021\\\/01\\\/645547_J8410_8166_001_100_0000_Light-Orecchini-con-cuore-in-smalto-GG-EARRINGS-RED-ENAMEL-SILVER-EARRINGS-GUCCI-SCONTO-DISCOUNT.jpg\",\"datePublished\":\"2021-01-27T00:17:11+00:00\",\"dateModified\":\"2026-04-22T18:49:25+00:00\",\"description\":\"Orecchini con cuore smaltato Gucci e GG acquista online anelli orecchini collane ed orologi Gucci su fecarotta.it con codice sconto di benvenuto\",\"breadcrumb\":{\"@id\":\"https:\\\/\\\/www.fecarotta.com\\\/it\\\/prodotto\\\/orecchini-con-cuore-smaltato-gucci-e-gg\\\/#breadcrumb\"},\"inLanguage\":\"it-IT\",\"potentialAction\":[{\"@type\":\"ReadAction\",\"target\":[\"https:\\\/\\\/www.fecarotta.com\\\/it\\\/prodotto\\\/orecchini-con-cuore-smaltato-gucci-e-gg\\\/\"]}]},{\"@type\":\"ImageObject\",\"inLanguage\":\"it-IT\",\"@id\":\"https:\\\/\\\/www.fecarotta.com\\\/it\\\/prodotto\\\/orecchini-con-cuore-smaltato-gucci-e-gg\\\/#primaryimage\",\"url\":\"https:\\\/\\\/www.fecarotta.com\\\/wp-content\\\/uploads\\\/2021\\\/01\\\/645547_J8410_8166_001_100_0000_Light-Orecchini-con-cuore-in-smalto-GG-EARRINGS-RED-ENAMEL-SILVER-EARRINGS-GUCCI-SCONTO-DISCOUNT.jpg\",\"contentUrl\":\"https:\\\/\\\/www.fecarotta.com\\\/wp-content\\\/uploads\\\/2021\\\/01\\\/645547_J8410_8166_001_100_0000_Light-Orecchini-con-cuore-in-smalto-GG-EARRINGS-RED-ENAMEL-SILVER-EARRINGS-GUCCI-SCONTO-DISCOUNT.jpg\",\"width\":1080,\"height\":1080,\"caption\":\"645547_J8410_8166_001_100_0000_Light-Orecchini-con-cuore-in-smalto-GG EARRINGS RED ENAMEL SILVER EARRINGS GUCCI SCONTO DISCOUNT\"},{\"@type\":\"BreadcrumbList\",\"@id\":\"https:\\\/\\\/www.fecarotta.com\\\/it\\\/prodotto\\\/orecchini-con-cuore-smaltato-gucci-e-gg\\\/#breadcrumb\",\"itemListElement\":[{\"@type\":\"ListItem\",\"position\":1,\"name\":\"Home\",\"item\":\"https:\\\/\\\/www.fecarotta.com\\\/it\\\/\"},{\"@type\":\"ListItem\",\"position\":2,\"name\":\"Negozio\",\"item\":\"https:\\\/\\\/www.fecarotta.com\\\/it\\\/negozio\\\/\"},{\"@type\":\"ListItem\",\"position\":3,\"name\":\"Orecchini Gucci Heart cuore smaltato rosso\"}]},{\"@type\":\"WebSite\",\"@id\":\"https:\\\/\\\/www.fecarotta.com\\\/it\\\/#website\",\"url\":\"https:\\\/\\\/www.fecarotta.com\\\/it\\\/\",\"name\":\"Fecarotta Gioielli\",\"description\":\"\",\"publisher\":{\"@id\":\"https:\\\/\\\/www.fecarotta.com\\\/it\\\/#organization\"},\"potentialAction\":[{\"@type\":\"SearchAction\",\"target\":{\"@type\":\"EntryPoint\",\"urlTemplate\":\"https:\\\/\\\/www.fecarotta.com\\\/it\\\/?s={search_term_string}\"},\"query-input\":{\"@type\":\"PropertyValueSpecification\",\"valueRequired\":true,\"valueName\":\"search_term_string\"}}],\"inLanguage\":\"it-IT\"},{\"@type\":\"Organization\",\"@id\":\"https:\\\/\\\/www.fecarotta.com\\\/it\\\/#organization\",\"name\":\"Fecarotta Gioielli\",\"url\":\"https:\\\/\\\/www.fecarotta.com\\\/it\\\/\",\"logo\":{\"@type\":\"ImageObject\",\"inLanguage\":\"it-IT\",\"@id\":\"https:\\\/\\\/www.fecarotta.com\\\/it\\\/#\\\/schema\\\/logo\\\/image\\\/\",\"url\":\"https:\\\/\\\/www.fecarotta.com\\\/wp-content\\\/uploads\\\/2025\\\/03\\\/logo-gmb-fecarotta.jpg\",\"contentUrl\":\"https:\\\/\\\/www.fecarotta.com\\\/wp-content\\\/uploads\\\/2025\\\/03\\\/logo-gmb-fecarotta.jpg\",\"width\":500,\"height\":500,\"caption\":\"Fecarotta Gioielli\"},\"image\":{\"@id\":\"https:\\\/\\\/www.fecarotta.com\\\/it\\\/#\\\/schema\\\/logo\\\/image\\\/\"},\"sameAs\":[\"https:\\\/\\\/www.facebook.com\\\/fecarottagioielli\",\"http:\\\/\\\/www.instagram.com\\\/fecarotta.it\",\"https:\\\/\\\/www.linkedin.com\\\/company\\\/fecarotta-it\\\/\",\"https:\\\/\\\/api.whatsapp.com\\\/send?phone=393913323691&text=Salve, vorrei qualche informazione in merito ai vostri prodotti.\"]}]}<\/script>\n<!-- \/ Yoast SEO plugin. -->","yoast_head_json":{"title":"Orecchini Gucci Heart cuore smaltato rosso - Fecarotta Gioielli","description":"Orecchini con cuore smaltato Gucci e GG acquista online anelli orecchini collane ed orologi Gucci su fecarotta.it con codice sconto di benvenuto","robots":{"index":"index","follow":"follow","max-snippet":"max-snippet:-1","max-image-preview":"max-image-preview:large","max-video-preview":"max-video-preview:-1"},"canonical":"https:\/\/www.fecarotta.com\/it\/prodotto\/orecchini-con-cuore-smaltato-gucci-e-gg\/","og_locale":"it_IT","og_type":"article","og_title":"Orecchini Gucci Heart cuore smaltato rosso - Fecarotta Gioielli","og_description":"Orecchini con cuore smaltato Gucci e GG acquista online anelli orecchini collane ed orologi Gucci su fecarotta.it con codice sconto di benvenuto","og_url":"https:\/\/www.fecarotta.com\/it\/prodotto\/orecchini-con-cuore-smaltato-gucci-e-gg\/","og_site_name":"Fecarotta Gioielli","article_publisher":"https:\/\/www.facebook.com\/fecarottagioielli","article_modified_time":"2026-04-22T18:49:25+00:00","og_image":[{"width":1080,"height":1080,"url":"https:\/\/storage1208.cdn-immedia.net\/wp-content\/uploads\/2021\/01\/645547_J8410_8166_001_100_0000_Light-Orecchini-con-cuore-in-smalto-GG-EARRINGS-RED-ENAMEL-SILVER-EARRINGS-GUCCI-SCONTO-DISCOUNT.jpg","type":"image\/jpeg"}],"twitter_card":"summary_large_image","twitter_misc":{"Tempo di lettura stimato":"2 minuti"},"schema":{"@context":"https:\/\/schema.org","@graph":[{"@type":"WebPage","@id":"https:\/\/www.fecarotta.com\/it\/prodotto\/orecchini-con-cuore-smaltato-gucci-e-gg\/","url":"https:\/\/www.fecarotta.com\/it\/prodotto\/orecchini-con-cuore-smaltato-gucci-e-gg\/","name":"Orecchini Gucci Heart cuore smaltato rosso - Fecarotta Gioielli","isPartOf":{"@id":"https:\/\/www.fecarotta.com\/it\/#website"},"primaryImageOfPage":{"@id":"https:\/\/www.fecarotta.com\/it\/prodotto\/orecchini-con-cuore-smaltato-gucci-e-gg\/#primaryimage"},"image":{"@id":"https:\/\/www.fecarotta.com\/it\/prodotto\/orecchini-con-cuore-smaltato-gucci-e-gg\/#primaryimage"},"thumbnailUrl":"https:\/\/storage1208.cdn-immedia.net\/wp-content\/uploads\/2021\/01\/645547_J8410_8166_001_100_0000_Light-Orecchini-con-cuore-in-smalto-GG-EARRINGS-RED-ENAMEL-SILVER-EARRINGS-GUCCI-SCONTO-DISCOUNT.jpg","datePublished":"2021-01-27T00:17:11+00:00","dateModified":"2026-04-22T18:49:25+00:00","description":"Orecchini con cuore smaltato Gucci e GG acquista online anelli orecchini collane ed orologi Gucci su fecarotta.it con codice sconto di benvenuto","breadcrumb":{"@id":"https:\/\/www.fecarotta.com\/it\/prodotto\/orecchini-con-cuore-smaltato-gucci-e-gg\/#breadcrumb"},"inLanguage":"it-IT","potentialAction":[{"@type":"ReadAction","target":["https:\/\/www.fecarotta.com\/it\/prodotto\/orecchini-con-cuore-smaltato-gucci-e-gg\/"]}]},{"@type":"ImageObject","inLanguage":"it-IT","@id":"https:\/\/www.fecarotta.com\/it\/prodotto\/orecchini-con-cuore-smaltato-gucci-e-gg\/#primaryimage","url":"https:\/\/storage1208.cdn-immedia.net\/wp-content\/uploads\/2021\/01\/645547_J8410_8166_001_100_0000_Light-Orecchini-con-cuore-in-smalto-GG-EARRINGS-RED-ENAMEL-SILVER-EARRINGS-GUCCI-SCONTO-DISCOUNT.jpg","contentUrl":"https:\/\/storage1208.cdn-immedia.net\/wp-content\/uploads\/2021\/01\/645547_J8410_8166_001_100_0000_Light-Orecchini-con-cuore-in-smalto-GG-EARRINGS-RED-ENAMEL-SILVER-EARRINGS-GUCCI-SCONTO-DISCOUNT.jpg","width":1080,"height":1080,"caption":"645547_J8410_8166_001_100_0000_Light-Orecchini-con-cuore-in-smalto-GG EARRINGS RED ENAMEL SILVER EARRINGS GUCCI SCONTO DISCOUNT"},{"@type":"BreadcrumbList","@id":"https:\/\/www.fecarotta.com\/it\/prodotto\/orecchini-con-cuore-smaltato-gucci-e-gg\/#breadcrumb","itemListElement":[{"@type":"ListItem","position":1,"name":"Home","item":"https:\/\/www.fecarotta.com\/it\/"},{"@type":"ListItem","position":2,"name":"Negozio","item":"https:\/\/www.fecarotta.com\/it\/negozio\/"},{"@type":"ListItem","position":3,"name":"Orecchini Gucci Heart cuore smaltato rosso"}]},{"@type":"WebSite","@id":"https:\/\/www.fecarotta.com\/it\/#website","url":"https:\/\/www.fecarotta.com\/it\/","name":"Fecarotta Gioielli","description":"","publisher":{"@id":"https:\/\/www.fecarotta.com\/it\/#organization"},"potentialAction":[{"@type":"SearchAction","target":{"@type":"EntryPoint","urlTemplate":"https:\/\/www.fecarotta.com\/it\/?s={search_term_string}"},"query-input":{"@type":"PropertyValueSpecification","valueRequired":true,"valueName":"search_term_string"}}],"inLanguage":"it-IT"},{"@type":"Organization","@id":"https:\/\/www.fecarotta.com\/it\/#organization","name":"Fecarotta Gioielli","url":"https:\/\/www.fecarotta.com\/it\/","logo":{"@type":"ImageObject","inLanguage":"it-IT","@id":"https:\/\/www.fecarotta.com\/it\/#\/schema\/logo\/image\/","url":"https:\/\/storage1208.cdn-immedia.net\/wp-content\/uploads\/2025\/03\/logo-gmb-fecarotta.jpg","contentUrl":"https:\/\/storage1208.cdn-immedia.net\/wp-content\/uploads\/2025\/03\/logo-gmb-fecarotta.jpg","width":500,"height":500,"caption":"Fecarotta Gioielli"},"image":{"@id":"https:\/\/www.fecarotta.com\/it\/#\/schema\/logo\/image\/"},"sameAs":["https:\/\/www.facebook.com\/fecarottagioielli","http:\/\/www.instagram.com\/fecarotta.it","https:\/\/www.linkedin.com\/company\/fecarotta-it\/","https:\/\/api.whatsapp.com\/send?phone=393913323691&text=Salve, vorrei qualche informazione in merito ai vostri prodotti."]}]}},"_links":{"self":[{"href":"https:\/\/www.fecarotta.com\/it\/wp-json\/wp\/v2\/product\/26017","targetHints":{"allow":["GET"]}}],"collection":[{"href":"https:\/\/www.fecarotta.com\/it\/wp-json\/wp\/v2\/product"}],"about":[{"href":"https:\/\/www.fecarotta.com\/it\/wp-json\/wp\/v2\/types\/product"}],"wp:featuredmedia":[{"embeddable":true,"href":"https:\/\/www.fecarotta.com\/it\/wp-json\/wp\/v2\/media\/26019"}],"wp:attachment":[{"href":"https:\/\/www.fecarotta.com\/it\/wp-json\/wp\/v2\/media?parent=26017"}],"wp:term":[{"taxonomy":"product_brand","embeddable":true,"href":"https:\/\/www.fecarotta.com\/it\/wp-json\/wp\/v2\/product_brand?post=26017"},{"taxonomy":"product_cat","embeddable":true,"href":"https:\/\/www.fecarotta.com\/it\/wp-json\/wp\/v2\/product_cat?post=26017"},{"taxonomy":"product_tag","embeddable":true,"href":"https:\/\/www.fecarotta.com\/it\/wp-json\/wp\/v2\/product_tag?post=26017"}],"curies":[{"name":"wp","href":"https:\/\/api.w.org\/{rel}","templated":true}]}}