{"id":23995,"date":"2020-11-19T08:12:37","date_gmt":"2020-11-19T08:12:37","guid":{"rendered":"https:\/\/www.fecarotta.com\/?post_type=product&#038;p=23995"},"modified":"2025-12-02T11:19:24","modified_gmt":"2025-12-02T11:19:24","slug":"le-carre-helix-mono-orecchino-oro-diamante-solitario","status":"publish","type":"product","link":"https:\/\/www.fecarotta.com\/it\/prodotto\/le-carre-helix-mono-orecchino-oro-diamante-solitario\/","title":{"rendered":"LE CARR\u00c8 helix mono orecchino oro diamante solitario"},"content":{"rendered":"<p>LE CARR\u00c8 helix mono orecchino oro giallo diamante solitario<\/p>\n<p><strong>Le Carr\u00e8 Gioielli<\/strong><\/p>\n<p>Una collezione di gioielli dedicate alle donne ed alle ragazze con uno stile raffinato, contemporaneo e che vuole gioielli da indossare ogni giorno e da cui non separarsi mai.<br \/>\nOgnuno di questi gioielli \u00e8 fatto a mano, ma soprattutto \u00e8 ispirato e progettato in modo emozionale. Ci piace pensare che, al di l\u00e0 di un gioiello, per voi pu\u00f2 diventare un simbolo di quanto sia meraviglioso provare amore. Tenendo sempre presente che sei tu che lo completi, che gli dai un significato, che lo rendi speciale, tenendo sempre presente questo:<\/p>\n<p>&#8220;Tutto lo splendore che vedrete nei nostri pezzi<br \/>\nnon \u00e8 la met\u00e0 di quello che hai dentro di te.<br \/>\nOgnuno di loro \u00e8 stato creato,<br \/>\ncon tutto il cuore,<br \/>\nin modo che non si dimentichi mai&#8221;.<\/p>\n<p>Siamo la terza generazione di una famiglia che si dedica alla creazione di gioielli. Se c&#8217;\u00e8 una cosa che abbiamo ereditato, \u00e8 la passione per questo mestiere, il coraggio di cercare la perfezione e il desiderio di raggiungere direttamente il cuore delle donne. E se c&#8217;\u00e8 una cosa che vogliamo cambiare, \u00e8 il modo in cui la intendiamo.<\/p>\n<p>Perch\u00e9 il loro mondo \u00e8 cambiato, il loro modo di essere, di vivere, di amare non \u00e8 pi\u00f9 quello di una volta. E, d&#8217;ora in poi, nemmeno i loro gioielli.<\/p>\n<p>Acquista online Le Carr\u00e8, gioielleria contemporanea, Mono Orecchini, <a href=\"https:\/\/en.wikipedia.org\/wiki\/Helix_piercing\" target=\"_blank\" rel=\"noopener noreferrer\">helix<\/a>, anelli, braccialetti e collane, con coupon di benvenuto e codice sconto. Le spedizioni in Italia sono gratuite<\/p>\n<p>&nbsp;<\/p>\n<p><a href=\"https:\/\/www.fecarotta.com\/it\/fecarotta-gioielli-company\/\" target=\"_blank\" rel=\"noopener noreferrer\">La nostra Azienda<\/a><\/p>\n","protected":false},"excerpt":{"rendered":"<p class=\"product-title\">LE CARR\u00c8 helix mono orecchino oro giallo 18 ct diamante solitario 0,025 ct HSI<\/p>\n<p>&nbsp;<\/p>\n<p>&nbsp;<\/p>\n<p>&nbsp;<\/p>\n","protected":false},"featured_media":23999,"template":"","meta":{"_acf_changed":false},"product_brand":[],"product_cat":[2310,27,2608,35],"product_tag":[],"class_list":{"0":"post-23995","1":"product","2":"type-product","3":"status-publish","4":"has-post-thumbnail","6":"product_cat-donna","7":"product_cat-gioielli","8":"product_cat-mono-orecchini-helix","9":"product_cat-orecchini-2-jewels","10":"pa_brand-le-carre","11":"pa_gender-donna","13":"first","14":"instock","15":"shipping-taxable","16":"purchasable","17":"product-type-simple","18":"add-to-wishlist-before_image"},"acf":[],"yoast_head":"<!-- This site is optimized with the Yoast SEO plugin v27.5 - https:\/\/yoast.com\/product\/yoast-seo-wordpress\/ -->\n<title>LE CARR\u00c8 helix mono orecchino oro diamante solitario - Fecarotta Gioielli<\/title>\n<meta name=\"description\" content=\"LE CARR\u00c8 helix mono orecchino oro giallo diamante solitario. Acquista online Mono Orecchini, helix, anelli, braccialetti e collane con coupon di benvenuto e codice sconto. Spedizioni in Italia gratuite\" \/>\n<meta name=\"robots\" content=\"index, follow, max-snippet:-1, max-image-preview:large, max-video-preview:-1\" \/>\n<link rel=\"canonical\" href=\"https:\/\/www.fecarotta.com\/it\/prodotto\/le-carre-helix-mono-orecchino-oro-diamante-solitario\/\" \/>\n<meta property=\"og:locale\" content=\"it_IT\" \/>\n<meta property=\"og:type\" content=\"article\" \/>\n<meta property=\"og:title\" content=\"LE CARR\u00c8 helix mono orecchino oro diamante solitario - Fecarotta Gioielli\" \/>\n<meta property=\"og:description\" content=\"LE CARR\u00c8 helix mono orecchino oro giallo diamante solitario. Acquista online Mono Orecchini, helix, anelli, braccialetti e collane con coupon di benvenuto e codice sconto. Spedizioni in Italia gratuite\" \/>\n<meta property=\"og:url\" content=\"https:\/\/www.fecarotta.com\/it\/prodotto\/le-carre-helix-mono-orecchino-oro-diamante-solitario\/\" \/>\n<meta property=\"og:site_name\" content=\"Fecarotta Gioielli\" \/>\n<meta property=\"article:publisher\" content=\"https:\/\/www.facebook.com\/fecarottagioielli\" \/>\n<meta property=\"article:modified_time\" content=\"2025-12-02T11:19:24+00:00\" \/>\n<meta property=\"og:image\" content=\"https:\/\/storage1208.cdn-immedia.net\/wp-content\/uploads\/2020\/11\/GB109OA-mono-.jpg\" \/>\n\t<meta property=\"og:image:width\" content=\"2000\" \/>\n\t<meta property=\"og:image:height\" content=\"2000\" \/>\n\t<meta property=\"og:image:type\" content=\"image\/jpeg\" \/>\n<meta name=\"twitter:card\" content=\"summary_large_image\" \/>\n<meta name=\"twitter:label1\" content=\"Tempo di lettura stimato\" \/>\n\t<meta name=\"twitter:data1\" content=\"1 minuto\" \/>\n<script type=\"application\/ld+json\" class=\"yoast-schema-graph\">{\"@context\":\"https:\\\/\\\/schema.org\",\"@graph\":[{\"@type\":\"WebPage\",\"@id\":\"https:\\\/\\\/www.fecarotta.com\\\/it\\\/prodotto\\\/le-carre-helix-mono-orecchino-oro-diamante-solitario\\\/\",\"url\":\"https:\\\/\\\/www.fecarotta.com\\\/it\\\/prodotto\\\/le-carre-helix-mono-orecchino-oro-diamante-solitario\\\/\",\"name\":\"LE CARR\u00c8 helix mono orecchino oro diamante solitario - Fecarotta Gioielli\",\"isPartOf\":{\"@id\":\"https:\\\/\\\/www.fecarotta.com\\\/it\\\/#website\"},\"primaryImageOfPage\":{\"@id\":\"https:\\\/\\\/www.fecarotta.com\\\/it\\\/prodotto\\\/le-carre-helix-mono-orecchino-oro-diamante-solitario\\\/#primaryimage\"},\"image\":{\"@id\":\"https:\\\/\\\/www.fecarotta.com\\\/it\\\/prodotto\\\/le-carre-helix-mono-orecchino-oro-diamante-solitario\\\/#primaryimage\"},\"thumbnailUrl\":\"https:\\\/\\\/www.fecarotta.com\\\/wp-content\\\/uploads\\\/2020\\\/11\\\/GB109OA-mono-.jpg\",\"datePublished\":\"2020-11-19T08:12:37+00:00\",\"dateModified\":\"2025-12-02T11:19:24+00:00\",\"description\":\"LE CARR\u00c8 helix mono orecchino oro giallo diamante solitario. Acquista online Mono Orecchini, helix, anelli, braccialetti e collane con coupon di benvenuto e codice sconto. Spedizioni in Italia gratuite\",\"breadcrumb\":{\"@id\":\"https:\\\/\\\/www.fecarotta.com\\\/it\\\/prodotto\\\/le-carre-helix-mono-orecchino-oro-diamante-solitario\\\/#breadcrumb\"},\"inLanguage\":\"it-IT\",\"potentialAction\":[{\"@type\":\"ReadAction\",\"target\":[\"https:\\\/\\\/www.fecarotta.com\\\/it\\\/prodotto\\\/le-carre-helix-mono-orecchino-oro-diamante-solitario\\\/\"]}]},{\"@type\":\"ImageObject\",\"inLanguage\":\"it-IT\",\"@id\":\"https:\\\/\\\/www.fecarotta.com\\\/it\\\/prodotto\\\/le-carre-helix-mono-orecchino-oro-diamante-solitario\\\/#primaryimage\",\"url\":\"https:\\\/\\\/www.fecarotta.com\\\/wp-content\\\/uploads\\\/2020\\\/11\\\/GB109OA-mono-.jpg\",\"contentUrl\":\"https:\\\/\\\/www.fecarotta.com\\\/wp-content\\\/uploads\\\/2020\\\/11\\\/GB109OA-mono-.jpg\",\"width\":2000,\"height\":2000,\"caption\":\"LE CARR\u00c8 helix mono orecchino oro giallo diamante solitario diamond gold sconto discount\"},{\"@type\":\"BreadcrumbList\",\"@id\":\"https:\\\/\\\/www.fecarotta.com\\\/it\\\/prodotto\\\/le-carre-helix-mono-orecchino-oro-diamante-solitario\\\/#breadcrumb\",\"itemListElement\":[{\"@type\":\"ListItem\",\"position\":1,\"name\":\"Home\",\"item\":\"https:\\\/\\\/www.fecarotta.com\\\/it\\\/\"},{\"@type\":\"ListItem\",\"position\":2,\"name\":\"Negozio\",\"item\":\"https:\\\/\\\/www.fecarotta.com\\\/it\\\/negozio\\\/\"},{\"@type\":\"ListItem\",\"position\":3,\"name\":\"LE CARR\u00c8 helix mono orecchino oro diamante solitario\"}]},{\"@type\":\"WebSite\",\"@id\":\"https:\\\/\\\/www.fecarotta.com\\\/it\\\/#website\",\"url\":\"https:\\\/\\\/www.fecarotta.com\\\/it\\\/\",\"name\":\"Fecarotta Gioielli\",\"description\":\"\",\"publisher\":{\"@id\":\"https:\\\/\\\/www.fecarotta.com\\\/it\\\/#organization\"},\"potentialAction\":[{\"@type\":\"SearchAction\",\"target\":{\"@type\":\"EntryPoint\",\"urlTemplate\":\"https:\\\/\\\/www.fecarotta.com\\\/it\\\/?s={search_term_string}\"},\"query-input\":{\"@type\":\"PropertyValueSpecification\",\"valueRequired\":true,\"valueName\":\"search_term_string\"}}],\"inLanguage\":\"it-IT\"},{\"@type\":\"Organization\",\"@id\":\"https:\\\/\\\/www.fecarotta.com\\\/it\\\/#organization\",\"name\":\"Fecarotta Gioielli\",\"url\":\"https:\\\/\\\/www.fecarotta.com\\\/it\\\/\",\"logo\":{\"@type\":\"ImageObject\",\"inLanguage\":\"it-IT\",\"@id\":\"https:\\\/\\\/www.fecarotta.com\\\/it\\\/#\\\/schema\\\/logo\\\/image\\\/\",\"url\":\"https:\\\/\\\/www.fecarotta.com\\\/wp-content\\\/uploads\\\/2025\\\/03\\\/logo-gmb-fecarotta.jpg\",\"contentUrl\":\"https:\\\/\\\/www.fecarotta.com\\\/wp-content\\\/uploads\\\/2025\\\/03\\\/logo-gmb-fecarotta.jpg\",\"width\":500,\"height\":500,\"caption\":\"Fecarotta Gioielli\"},\"image\":{\"@id\":\"https:\\\/\\\/www.fecarotta.com\\\/it\\\/#\\\/schema\\\/logo\\\/image\\\/\"},\"sameAs\":[\"https:\\\/\\\/www.facebook.com\\\/fecarottagioielli\",\"http:\\\/\\\/www.instagram.com\\\/fecarotta.it\",\"https:\\\/\\\/www.linkedin.com\\\/company\\\/fecarotta-it\\\/\",\"https:\\\/\\\/api.whatsapp.com\\\/send?phone=393913323691&text=Salve, vorrei qualche informazione in merito ai vostri prodotti.\"]}]}<\/script>\n<!-- \/ Yoast SEO plugin. -->","yoast_head_json":{"title":"LE CARR\u00c8 helix mono orecchino oro diamante solitario - Fecarotta Gioielli","description":"LE CARR\u00c8 helix mono orecchino oro giallo diamante solitario. Acquista online Mono Orecchini, helix, anelli, braccialetti e collane con coupon di benvenuto e codice sconto. Spedizioni in Italia gratuite","robots":{"index":"index","follow":"follow","max-snippet":"max-snippet:-1","max-image-preview":"max-image-preview:large","max-video-preview":"max-video-preview:-1"},"canonical":"https:\/\/www.fecarotta.com\/it\/prodotto\/le-carre-helix-mono-orecchino-oro-diamante-solitario\/","og_locale":"it_IT","og_type":"article","og_title":"LE CARR\u00c8 helix mono orecchino oro diamante solitario - Fecarotta Gioielli","og_description":"LE CARR\u00c8 helix mono orecchino oro giallo diamante solitario. Acquista online Mono Orecchini, helix, anelli, braccialetti e collane con coupon di benvenuto e codice sconto. Spedizioni in Italia gratuite","og_url":"https:\/\/www.fecarotta.com\/it\/prodotto\/le-carre-helix-mono-orecchino-oro-diamante-solitario\/","og_site_name":"Fecarotta Gioielli","article_publisher":"https:\/\/www.facebook.com\/fecarottagioielli","article_modified_time":"2025-12-02T11:19:24+00:00","og_image":[{"width":2000,"height":2000,"url":"https:\/\/storage1208.cdn-immedia.net\/wp-content\/uploads\/2020\/11\/GB109OA-mono-.jpg","type":"image\/jpeg"}],"twitter_card":"summary_large_image","twitter_misc":{"Tempo di lettura stimato":"1 minuto"},"schema":{"@context":"https:\/\/schema.org","@graph":[{"@type":"WebPage","@id":"https:\/\/www.fecarotta.com\/it\/prodotto\/le-carre-helix-mono-orecchino-oro-diamante-solitario\/","url":"https:\/\/www.fecarotta.com\/it\/prodotto\/le-carre-helix-mono-orecchino-oro-diamante-solitario\/","name":"LE CARR\u00c8 helix mono orecchino oro diamante solitario - Fecarotta Gioielli","isPartOf":{"@id":"https:\/\/www.fecarotta.com\/it\/#website"},"primaryImageOfPage":{"@id":"https:\/\/www.fecarotta.com\/it\/prodotto\/le-carre-helix-mono-orecchino-oro-diamante-solitario\/#primaryimage"},"image":{"@id":"https:\/\/www.fecarotta.com\/it\/prodotto\/le-carre-helix-mono-orecchino-oro-diamante-solitario\/#primaryimage"},"thumbnailUrl":"https:\/\/storage1208.cdn-immedia.net\/wp-content\/uploads\/2020\/11\/GB109OA-mono-.jpg","datePublished":"2020-11-19T08:12:37+00:00","dateModified":"2025-12-02T11:19:24+00:00","description":"LE CARR\u00c8 helix mono orecchino oro giallo diamante solitario. Acquista online Mono Orecchini, helix, anelli, braccialetti e collane con coupon di benvenuto e codice sconto. Spedizioni in Italia gratuite","breadcrumb":{"@id":"https:\/\/www.fecarotta.com\/it\/prodotto\/le-carre-helix-mono-orecchino-oro-diamante-solitario\/#breadcrumb"},"inLanguage":"it-IT","potentialAction":[{"@type":"ReadAction","target":["https:\/\/www.fecarotta.com\/it\/prodotto\/le-carre-helix-mono-orecchino-oro-diamante-solitario\/"]}]},{"@type":"ImageObject","inLanguage":"it-IT","@id":"https:\/\/www.fecarotta.com\/it\/prodotto\/le-carre-helix-mono-orecchino-oro-diamante-solitario\/#primaryimage","url":"https:\/\/storage1208.cdn-immedia.net\/wp-content\/uploads\/2020\/11\/GB109OA-mono-.jpg","contentUrl":"https:\/\/storage1208.cdn-immedia.net\/wp-content\/uploads\/2020\/11\/GB109OA-mono-.jpg","width":2000,"height":2000,"caption":"LE CARR\u00c8 helix mono orecchino oro giallo diamante solitario diamond gold sconto discount"},{"@type":"BreadcrumbList","@id":"https:\/\/www.fecarotta.com\/it\/prodotto\/le-carre-helix-mono-orecchino-oro-diamante-solitario\/#breadcrumb","itemListElement":[{"@type":"ListItem","position":1,"name":"Home","item":"https:\/\/www.fecarotta.com\/it\/"},{"@type":"ListItem","position":2,"name":"Negozio","item":"https:\/\/www.fecarotta.com\/it\/negozio\/"},{"@type":"ListItem","position":3,"name":"LE CARR\u00c8 helix mono orecchino oro diamante solitario"}]},{"@type":"WebSite","@id":"https:\/\/www.fecarotta.com\/it\/#website","url":"https:\/\/www.fecarotta.com\/it\/","name":"Fecarotta Gioielli","description":"","publisher":{"@id":"https:\/\/www.fecarotta.com\/it\/#organization"},"potentialAction":[{"@type":"SearchAction","target":{"@type":"EntryPoint","urlTemplate":"https:\/\/www.fecarotta.com\/it\/?s={search_term_string}"},"query-input":{"@type":"PropertyValueSpecification","valueRequired":true,"valueName":"search_term_string"}}],"inLanguage":"it-IT"},{"@type":"Organization","@id":"https:\/\/www.fecarotta.com\/it\/#organization","name":"Fecarotta Gioielli","url":"https:\/\/www.fecarotta.com\/it\/","logo":{"@type":"ImageObject","inLanguage":"it-IT","@id":"https:\/\/www.fecarotta.com\/it\/#\/schema\/logo\/image\/","url":"https:\/\/storage1208.cdn-immedia.net\/wp-content\/uploads\/2025\/03\/logo-gmb-fecarotta.jpg","contentUrl":"https:\/\/storage1208.cdn-immedia.net\/wp-content\/uploads\/2025\/03\/logo-gmb-fecarotta.jpg","width":500,"height":500,"caption":"Fecarotta Gioielli"},"image":{"@id":"https:\/\/www.fecarotta.com\/it\/#\/schema\/logo\/image\/"},"sameAs":["https:\/\/www.facebook.com\/fecarottagioielli","http:\/\/www.instagram.com\/fecarotta.it","https:\/\/www.linkedin.com\/company\/fecarotta-it\/","https:\/\/api.whatsapp.com\/send?phone=393913323691&text=Salve, vorrei qualche informazione in merito ai vostri prodotti."]}]}},"_links":{"self":[{"href":"https:\/\/www.fecarotta.com\/it\/wp-json\/wp\/v2\/product\/23995","targetHints":{"allow":["GET"]}}],"collection":[{"href":"https:\/\/www.fecarotta.com\/it\/wp-json\/wp\/v2\/product"}],"about":[{"href":"https:\/\/www.fecarotta.com\/it\/wp-json\/wp\/v2\/types\/product"}],"wp:featuredmedia":[{"embeddable":true,"href":"https:\/\/www.fecarotta.com\/it\/wp-json\/wp\/v2\/media\/23999"}],"wp:attachment":[{"href":"https:\/\/www.fecarotta.com\/it\/wp-json\/wp\/v2\/media?parent=23995"}],"wp:term":[{"taxonomy":"product_brand","embeddable":true,"href":"https:\/\/www.fecarotta.com\/it\/wp-json\/wp\/v2\/product_brand?post=23995"},{"taxonomy":"product_cat","embeddable":true,"href":"https:\/\/www.fecarotta.com\/it\/wp-json\/wp\/v2\/product_cat?post=23995"},{"taxonomy":"product_tag","embeddable":true,"href":"https:\/\/www.fecarotta.com\/it\/wp-json\/wp\/v2\/product_tag?post=23995"}],"curies":[{"name":"wp","href":"https:\/\/api.w.org\/{rel}","templated":true}]}}