{"id":23099,"date":"2020-03-30T15:25:14","date_gmt":"2020-03-30T15:25:14","guid":{"rendered":"https:\/\/www.fecarotta.com\/?post_type=product&#038;p=23099"},"modified":"2026-03-23T18:04:11","modified_gmt":"2026-03-23T18:04:11","slug":"collana-con-ciondolo-diamanti-e-zaffiro-copia","status":"publish","type":"product","link":"https:\/\/www.fecarotta.com\/it\/prodotto\/collana-con-ciondolo-diamanti-e-zaffiro-copia\/","title":{"rendered":"Collana con Ciondolo diamanti e zaffiro"},"content":{"rendered":"<div class=\"page\" title=\"Page 14\">\n<div class=\"section\">\n<div class=\"layoutArea\">\n<div class=\"column\">\n<p>Collana con Ciondolo diamanti e zaffiro<\/p>\n<\/div>\n<\/div>\n<\/div>\n<\/div>\n<p>I cuori zaffiri brillanti fanno parte della collezione Bon Ton; gioielleria classica con brillanti, rubini e zaffiri naturali destinata ad un pubblico di tutte le et\u00e0 con un ottimo rapporto qualit\u00e0 prezzo. Ogni gioiello \u008f corredato da un certificato di garanzia con foto e caratteristiche che ne attestano la qualit\u00e0\u0088 ed autenticit\u00e0. Tutti i nostri gioielli con brillanti e pietre preziose sono corredati da un certificato di autenticit\u00e0. La collezione Bon Ton in oro monta rubini, smeraldi e zaffiri naturali e brillanti di colore G e purezza VS . Il peso delle pietre di colore pu\u00f2\u0098 variare di qualche centesimo di carato<\/p>\n<p>Alcune curiosit\u00e0<\/p>\n<p class=\"Body-sc-15q7shw-0 Paragraph-zudeyy-0 epvAkj\" data-test-id=\"Paragraph\">Non tutti gli zaffiri sono blu: ma lo sono i pi\u00f9 preziosi, soprattutto se ci giungono da regioni nobili come Kashmir, Birmania e Sri Lanka. Quella punta intensa che tende al blu profondo, che emette bagliori alla luce naturale, ha affascinato\u00a0 artisti che hanno scelto di dipingere le volte con tonalit\u00e0 intense zaffiro, mentre stilisti di ogni parte del Globo utilizzano queste tonalit\u00e0 blu per elegantissime proposte da giorno e da sera. E oggi questa gemma \u00e8 anche tornata di moda, dopo che <a href=\"https:\/\/www.vogue.it\/moda\/article\/outfit-2020-colore-moda-classic-blue-pantone\" rel=\"follow\">Pantone ha eletto il \u201cClassic Blue\u201d colore dell&#8217;anno 2020<\/a>.<\/p>\n<div class=\"ImageRowBase-s89gjf-10 ImageRowExpand-s89gjf-11 cMQPcr\" data-test-id=\"ArticleBodyImage\">\n<div class=\"Wrapper-sc-1nim9pn-0 bbmFpZ ImageCaption-s89gjf-9 crKWYx\">\n<div class=\"BaseText-sc-19af275-0 Detail-sc-1me9nov-0 Caption-sc-1vib5y2-0 Caption-sc-1nim9pn-1 byhsK\" data-test-id=\"Caption\">F.G. Fecarotta Gioielli; Oltre due secoli di storia.<\/div>\n<\/div>\n<\/div>\n<div class=\"js-el subheading-tag la-unit-responsive\">\n<p class=\"p1\"><strong>Siamo gioiellieri, da oltre 200 anni.<\/strong><\/p>\n<p class=\"p1\">Realizziamo collezioni di gioielli classici, di manifattura, definiti da un\u2019altissima qualit\u00e0 delle pietre lavorate.<\/p>\n<\/div>\n<p>&nbsp;<\/p>\n<p><a href=\"https:\/\/www.fecarotta.com\/it\/fecarotta-gioielli-company\/\" target=\"_blank\" rel=\"noopener noreferrer\">La nostra Azienda<\/a><\/p>\n","protected":false},"excerpt":{"rendered":"<p>Collana con Ciondolo diamanti e zaffiro<\/p>\n<p>Collana e Ciondolo in oro 18ct con<\/p>\n<p>Diamanti 0,20 ct<\/p>\n<p>Zaffiro 0,50<\/p>\n","protected":false},"featured_media":144934,"template":"","meta":{"_acf_changed":false},"product_brand":[],"product_cat":[132,33,2310,27],"product_tag":[],"class_list":{"0":"post-23099","1":"product","2":"type-product","3":"status-publish","4":"has-post-thumbnail","6":"product_cat-ciondoli","7":"product_cat-collane","8":"product_cat-donna","9":"product_cat-gioielli","10":"pa_brand-fecarotta","11":"pa_collection-bon-ton","12":"pa_gender-donna","14":"first","15":"instock","16":"purchasable","17":"product-type-simple","18":"add-to-wishlist-before_image"},"acf":[],"yoast_head":"<!-- This site is optimized with the Yoast SEO plugin v27.5 - https:\/\/yoast.com\/product\/yoast-seo-wordpress\/ -->\n<title>Collana con Ciondolo diamanti e zaffiro - Fecarotta Gioielli<\/title>\n<meta name=\"description\" content=\"Collana con Ciondolo diamanti e zaffiro parte della gioielleria con ottimo rapporto qualit\u00e0 prezzo. Acquista con coupon di benvenuto\" \/>\n<meta name=\"robots\" content=\"index, follow, max-snippet:-1, max-image-preview:large, max-video-preview:-1\" \/>\n<link rel=\"canonical\" href=\"https:\/\/www.fecarotta.com\/it\/prodotto\/collana-con-ciondolo-diamanti-e-zaffiro-copia\/\" \/>\n<meta property=\"og:locale\" content=\"it_IT\" \/>\n<meta property=\"og:type\" content=\"article\" \/>\n<meta property=\"og:title\" content=\"Collana con Ciondolo diamanti e zaffiro - Fecarotta Gioielli\" \/>\n<meta property=\"og:description\" content=\"Collana con Ciondolo diamanti e zaffiro parte della gioielleria con ottimo rapporto qualit\u00e0 prezzo. Acquista con coupon di benvenuto\" \/>\n<meta property=\"og:url\" content=\"https:\/\/www.fecarotta.com\/it\/prodotto\/collana-con-ciondolo-diamanti-e-zaffiro-copia\/\" \/>\n<meta property=\"og:site_name\" content=\"Fecarotta Gioielli\" \/>\n<meta property=\"article:publisher\" content=\"https:\/\/www.facebook.com\/fecarottagioielli\" \/>\n<meta property=\"article:modified_time\" content=\"2026-03-23T18:04:11+00:00\" \/>\n<meta property=\"og:image\" content=\"https:\/\/storage1208.cdn-immedia.net\/wp-content\/uploads\/2020\/03\/P6421Z-1.jpg\" \/>\n\t<meta property=\"og:image:width\" content=\"2000\" \/>\n\t<meta property=\"og:image:height\" content=\"2000\" \/>\n\t<meta property=\"og:image:type\" content=\"image\/jpeg\" \/>\n<meta name=\"twitter:card\" content=\"summary_large_image\" \/>\n<meta name=\"twitter:label1\" content=\"Tempo di lettura stimato\" \/>\n\t<meta name=\"twitter:data1\" content=\"1 minuto\" \/>\n<script type=\"application\/ld+json\" class=\"yoast-schema-graph\">{\"@context\":\"https:\\\/\\\/schema.org\",\"@graph\":[{\"@type\":\"WebPage\",\"@id\":\"https:\\\/\\\/www.fecarotta.com\\\/it\\\/prodotto\\\/collana-con-ciondolo-diamanti-e-zaffiro-copia\\\/\",\"url\":\"https:\\\/\\\/www.fecarotta.com\\\/it\\\/prodotto\\\/collana-con-ciondolo-diamanti-e-zaffiro-copia\\\/\",\"name\":\"Collana con Ciondolo diamanti e zaffiro - Fecarotta Gioielli\",\"isPartOf\":{\"@id\":\"https:\\\/\\\/www.fecarotta.com\\\/it\\\/#website\"},\"primaryImageOfPage\":{\"@id\":\"https:\\\/\\\/www.fecarotta.com\\\/it\\\/prodotto\\\/collana-con-ciondolo-diamanti-e-zaffiro-copia\\\/#primaryimage\"},\"image\":{\"@id\":\"https:\\\/\\\/www.fecarotta.com\\\/it\\\/prodotto\\\/collana-con-ciondolo-diamanti-e-zaffiro-copia\\\/#primaryimage\"},\"thumbnailUrl\":\"https:\\\/\\\/www.fecarotta.com\\\/wp-content\\\/uploads\\\/2020\\\/03\\\/P6421Z-1.jpg\",\"datePublished\":\"2020-03-30T15:25:14+00:00\",\"dateModified\":\"2026-03-23T18:04:11+00:00\",\"description\":\"Collana con Ciondolo diamanti e zaffiro parte della gioielleria con ottimo rapporto qualit\u00e0 prezzo. Acquista con coupon di benvenuto\",\"breadcrumb\":{\"@id\":\"https:\\\/\\\/www.fecarotta.com\\\/it\\\/prodotto\\\/collana-con-ciondolo-diamanti-e-zaffiro-copia\\\/#breadcrumb\"},\"inLanguage\":\"it-IT\",\"potentialAction\":[{\"@type\":\"ReadAction\",\"target\":[\"https:\\\/\\\/www.fecarotta.com\\\/it\\\/prodotto\\\/collana-con-ciondolo-diamanti-e-zaffiro-copia\\\/\"]}]},{\"@type\":\"ImageObject\",\"inLanguage\":\"it-IT\",\"@id\":\"https:\\\/\\\/www.fecarotta.com\\\/it\\\/prodotto\\\/collana-con-ciondolo-diamanti-e-zaffiro-copia\\\/#primaryimage\",\"url\":\"https:\\\/\\\/www.fecarotta.com\\\/wp-content\\\/uploads\\\/2020\\\/03\\\/P6421Z-1.jpg\",\"contentUrl\":\"https:\\\/\\\/www.fecarotta.com\\\/wp-content\\\/uploads\\\/2020\\\/03\\\/P6421Z-1.jpg\",\"width\":2000,\"height\":2000},{\"@type\":\"BreadcrumbList\",\"@id\":\"https:\\\/\\\/www.fecarotta.com\\\/it\\\/prodotto\\\/collana-con-ciondolo-diamanti-e-zaffiro-copia\\\/#breadcrumb\",\"itemListElement\":[{\"@type\":\"ListItem\",\"position\":1,\"name\":\"Home\",\"item\":\"https:\\\/\\\/www.fecarotta.com\\\/it\\\/\"},{\"@type\":\"ListItem\",\"position\":2,\"name\":\"Negozio\",\"item\":\"https:\\\/\\\/www.fecarotta.com\\\/it\\\/negozio\\\/\"},{\"@type\":\"ListItem\",\"position\":3,\"name\":\"Collana con Ciondolo diamanti e zaffiro\"}]},{\"@type\":\"WebSite\",\"@id\":\"https:\\\/\\\/www.fecarotta.com\\\/it\\\/#website\",\"url\":\"https:\\\/\\\/www.fecarotta.com\\\/it\\\/\",\"name\":\"Fecarotta Gioielli\",\"description\":\"\",\"publisher\":{\"@id\":\"https:\\\/\\\/www.fecarotta.com\\\/it\\\/#organization\"},\"potentialAction\":[{\"@type\":\"SearchAction\",\"target\":{\"@type\":\"EntryPoint\",\"urlTemplate\":\"https:\\\/\\\/www.fecarotta.com\\\/it\\\/?s={search_term_string}\"},\"query-input\":{\"@type\":\"PropertyValueSpecification\",\"valueRequired\":true,\"valueName\":\"search_term_string\"}}],\"inLanguage\":\"it-IT\"},{\"@type\":\"Organization\",\"@id\":\"https:\\\/\\\/www.fecarotta.com\\\/it\\\/#organization\",\"name\":\"Fecarotta Gioielli\",\"url\":\"https:\\\/\\\/www.fecarotta.com\\\/it\\\/\",\"logo\":{\"@type\":\"ImageObject\",\"inLanguage\":\"it-IT\",\"@id\":\"https:\\\/\\\/www.fecarotta.com\\\/it\\\/#\\\/schema\\\/logo\\\/image\\\/\",\"url\":\"https:\\\/\\\/www.fecarotta.com\\\/wp-content\\\/uploads\\\/2025\\\/03\\\/logo-gmb-fecarotta.jpg\",\"contentUrl\":\"https:\\\/\\\/www.fecarotta.com\\\/wp-content\\\/uploads\\\/2025\\\/03\\\/logo-gmb-fecarotta.jpg\",\"width\":500,\"height\":500,\"caption\":\"Fecarotta Gioielli\"},\"image\":{\"@id\":\"https:\\\/\\\/www.fecarotta.com\\\/it\\\/#\\\/schema\\\/logo\\\/image\\\/\"},\"sameAs\":[\"https:\\\/\\\/www.facebook.com\\\/fecarottagioielli\",\"http:\\\/\\\/www.instagram.com\\\/fecarotta.it\",\"https:\\\/\\\/www.linkedin.com\\\/company\\\/fecarotta-it\\\/\",\"https:\\\/\\\/api.whatsapp.com\\\/send?phone=393913323691&text=Salve, vorrei qualche informazione in merito ai vostri prodotti.\"]}]}<\/script>\n<!-- \/ Yoast SEO plugin. -->","yoast_head_json":{"title":"Collana con Ciondolo diamanti e zaffiro - Fecarotta Gioielli","description":"Collana con Ciondolo diamanti e zaffiro parte della gioielleria con ottimo rapporto qualit\u00e0 prezzo. Acquista con coupon di benvenuto","robots":{"index":"index","follow":"follow","max-snippet":"max-snippet:-1","max-image-preview":"max-image-preview:large","max-video-preview":"max-video-preview:-1"},"canonical":"https:\/\/www.fecarotta.com\/it\/prodotto\/collana-con-ciondolo-diamanti-e-zaffiro-copia\/","og_locale":"it_IT","og_type":"article","og_title":"Collana con Ciondolo diamanti e zaffiro - Fecarotta Gioielli","og_description":"Collana con Ciondolo diamanti e zaffiro parte della gioielleria con ottimo rapporto qualit\u00e0 prezzo. Acquista con coupon di benvenuto","og_url":"https:\/\/www.fecarotta.com\/it\/prodotto\/collana-con-ciondolo-diamanti-e-zaffiro-copia\/","og_site_name":"Fecarotta Gioielli","article_publisher":"https:\/\/www.facebook.com\/fecarottagioielli","article_modified_time":"2026-03-23T18:04:11+00:00","og_image":[{"width":2000,"height":2000,"url":"https:\/\/storage1208.cdn-immedia.net\/wp-content\/uploads\/2020\/03\/P6421Z-1.jpg","type":"image\/jpeg"}],"twitter_card":"summary_large_image","twitter_misc":{"Tempo di lettura stimato":"1 minuto"},"schema":{"@context":"https:\/\/schema.org","@graph":[{"@type":"WebPage","@id":"https:\/\/www.fecarotta.com\/it\/prodotto\/collana-con-ciondolo-diamanti-e-zaffiro-copia\/","url":"https:\/\/www.fecarotta.com\/it\/prodotto\/collana-con-ciondolo-diamanti-e-zaffiro-copia\/","name":"Collana con Ciondolo diamanti e zaffiro - Fecarotta Gioielli","isPartOf":{"@id":"https:\/\/www.fecarotta.com\/it\/#website"},"primaryImageOfPage":{"@id":"https:\/\/www.fecarotta.com\/it\/prodotto\/collana-con-ciondolo-diamanti-e-zaffiro-copia\/#primaryimage"},"image":{"@id":"https:\/\/www.fecarotta.com\/it\/prodotto\/collana-con-ciondolo-diamanti-e-zaffiro-copia\/#primaryimage"},"thumbnailUrl":"https:\/\/storage1208.cdn-immedia.net\/wp-content\/uploads\/2020\/03\/P6421Z-1.jpg","datePublished":"2020-03-30T15:25:14+00:00","dateModified":"2026-03-23T18:04:11+00:00","description":"Collana con Ciondolo diamanti e zaffiro parte della gioielleria con ottimo rapporto qualit\u00e0 prezzo. Acquista con coupon di benvenuto","breadcrumb":{"@id":"https:\/\/www.fecarotta.com\/it\/prodotto\/collana-con-ciondolo-diamanti-e-zaffiro-copia\/#breadcrumb"},"inLanguage":"it-IT","potentialAction":[{"@type":"ReadAction","target":["https:\/\/www.fecarotta.com\/it\/prodotto\/collana-con-ciondolo-diamanti-e-zaffiro-copia\/"]}]},{"@type":"ImageObject","inLanguage":"it-IT","@id":"https:\/\/www.fecarotta.com\/it\/prodotto\/collana-con-ciondolo-diamanti-e-zaffiro-copia\/#primaryimage","url":"https:\/\/storage1208.cdn-immedia.net\/wp-content\/uploads\/2020\/03\/P6421Z-1.jpg","contentUrl":"https:\/\/storage1208.cdn-immedia.net\/wp-content\/uploads\/2020\/03\/P6421Z-1.jpg","width":2000,"height":2000},{"@type":"BreadcrumbList","@id":"https:\/\/www.fecarotta.com\/it\/prodotto\/collana-con-ciondolo-diamanti-e-zaffiro-copia\/#breadcrumb","itemListElement":[{"@type":"ListItem","position":1,"name":"Home","item":"https:\/\/www.fecarotta.com\/it\/"},{"@type":"ListItem","position":2,"name":"Negozio","item":"https:\/\/www.fecarotta.com\/it\/negozio\/"},{"@type":"ListItem","position":3,"name":"Collana con Ciondolo diamanti e zaffiro"}]},{"@type":"WebSite","@id":"https:\/\/www.fecarotta.com\/it\/#website","url":"https:\/\/www.fecarotta.com\/it\/","name":"Fecarotta Gioielli","description":"","publisher":{"@id":"https:\/\/www.fecarotta.com\/it\/#organization"},"potentialAction":[{"@type":"SearchAction","target":{"@type":"EntryPoint","urlTemplate":"https:\/\/www.fecarotta.com\/it\/?s={search_term_string}"},"query-input":{"@type":"PropertyValueSpecification","valueRequired":true,"valueName":"search_term_string"}}],"inLanguage":"it-IT"},{"@type":"Organization","@id":"https:\/\/www.fecarotta.com\/it\/#organization","name":"Fecarotta Gioielli","url":"https:\/\/www.fecarotta.com\/it\/","logo":{"@type":"ImageObject","inLanguage":"it-IT","@id":"https:\/\/www.fecarotta.com\/it\/#\/schema\/logo\/image\/","url":"https:\/\/storage1208.cdn-immedia.net\/wp-content\/uploads\/2025\/03\/logo-gmb-fecarotta.jpg","contentUrl":"https:\/\/storage1208.cdn-immedia.net\/wp-content\/uploads\/2025\/03\/logo-gmb-fecarotta.jpg","width":500,"height":500,"caption":"Fecarotta Gioielli"},"image":{"@id":"https:\/\/www.fecarotta.com\/it\/#\/schema\/logo\/image\/"},"sameAs":["https:\/\/www.facebook.com\/fecarottagioielli","http:\/\/www.instagram.com\/fecarotta.it","https:\/\/www.linkedin.com\/company\/fecarotta-it\/","https:\/\/api.whatsapp.com\/send?phone=393913323691&text=Salve, vorrei qualche informazione in merito ai vostri prodotti."]}]}},"_links":{"self":[{"href":"https:\/\/www.fecarotta.com\/it\/wp-json\/wp\/v2\/product\/23099","targetHints":{"allow":["GET"]}}],"collection":[{"href":"https:\/\/www.fecarotta.com\/it\/wp-json\/wp\/v2\/product"}],"about":[{"href":"https:\/\/www.fecarotta.com\/it\/wp-json\/wp\/v2\/types\/product"}],"wp:featuredmedia":[{"embeddable":true,"href":"https:\/\/www.fecarotta.com\/it\/wp-json\/wp\/v2\/media\/144934"}],"wp:attachment":[{"href":"https:\/\/www.fecarotta.com\/it\/wp-json\/wp\/v2\/media?parent=23099"}],"wp:term":[{"taxonomy":"product_brand","embeddable":true,"href":"https:\/\/www.fecarotta.com\/it\/wp-json\/wp\/v2\/product_brand?post=23099"},{"taxonomy":"product_cat","embeddable":true,"href":"https:\/\/www.fecarotta.com\/it\/wp-json\/wp\/v2\/product_cat?post=23099"},{"taxonomy":"product_tag","embeddable":true,"href":"https:\/\/www.fecarotta.com\/it\/wp-json\/wp\/v2\/product_tag?post=23099"}],"curies":[{"name":"wp","href":"https:\/\/api.w.org\/{rel}","templated":true}]}}