{"id":21443,"date":"2022-02-08T19:29:22","date_gmt":"2022-02-08T19:29:22","guid":{"rendered":"https:\/\/www.fecarotta.com\/?post_type=product&#038;p=21443"},"modified":"2023-10-26T10:06:40","modified_gmt":"2023-10-26T10:06:40","slug":"orologio-hamilton-american-classic-intra-matic-auto-chrono","status":"publish","type":"product","link":"https:\/\/www.fecarotta.com\/it\/prodotto\/orologio-hamilton-american-classic-intra-matic-auto-chrono\/","title":{"rendered":"American Classic Intra Matic Auto Chrono"},"content":{"rendered":"<p>L\u2019Intra-Matic Auto Chrono di Hamilton \u00e8 una rivisitazione in chiave moderna di una creazione iconica del 1968 per un look allo stesso tempo classico e sportivo. Combinando un autentico stile anni \u201860 con l\u2019esclusivo movimento automatico H-31, lo speciale quadrante effetto \u201cpanda\u201d attirer\u00e0 sicuramente gli sguardi di tutti. Questo cinturino in pelle Hamilton \u00e8 realizzato con materiali naturali. La pelle, tinta, non \u00e8 n\u00e9 trattata, n\u00e9 pigmentata, n\u00e9 rifinita come per altri cinturini in pelle. In questo modo, conserva il suo aspetto naturale e le peculiarit\u00e0 che rendono unico ogni esemplare. Il colore di questo cinturino in pelle pu\u00f2 quindi essere diverso da quello mostrato nell\u2019immagine. Per ulteriori informazioni, puoi contattare il rivenditore ufficiale Hamilton pi\u00f9 vicino a te.<\/p>\n<p>&nbsp;<\/p>\n<p>&nbsp;<\/p>\n<p>&nbsp;<\/p>\n<p>Calibro : H-31<br \/>\nCollezione : American Classic<br \/>\nMovimento : Carica automatica<br \/>\nDimensioni della cassa : 40mm<br \/>\nSpessore (mm) : 14.45<br \/>\nColore quadrante : Blu<br \/>\nMateriale della cassa : Acciaio<br \/>\nVetro : Zaffiro<br \/>\nLarghezza ansa : 20 mm<br \/>\nRiserva di carica : 60 ore<br \/>\nImpermeabilit\u00e0 : 10 bar (100m)<\/p>\n<p>&nbsp;<\/p>\n<p>&nbsp;<\/p>\n<p>BRACCIALE\/CINTURINO<\/p>\n<p>Accessorio REF : H6003841121<br \/>\nTipo cinturino : Pelle di vitello<br \/>\nTipo di fibbia : Fibbia ad ardiglione<br \/>\nLarghezza fibbia : 18mm<\/p>\n","protected":false},"excerpt":{"rendered":"<p>Carica automatica | 40mm.<\/p>\n","protected":false},"featured_media":103963,"template":"","meta":{"_acf_changed":false},"product_brand":[],"product_cat":[206,102,71,2304],"product_tag":[],"class_list":{"0":"post-21443","1":"product","2":"type-product","3":"status-publish","4":"has-post-thumbnail","6":"product_cat-orologi","7":"product_cat-orologi-con-cronografo","8":"product_cat-orologi-uomo","9":"product_cat-uomo","10":"pa_brand-hamilton","11":"pa_collection-american-classic","12":"pa_gender-uomo","14":"first","15":"instock","16":"shipping-taxable","17":"purchasable","18":"product-type-simple","19":"add-to-wishlist-before_image"},"acf":[],"yoast_head":"<!-- This site is optimized with the Yoast SEO plugin v27.5 - https:\/\/yoast.com\/product\/yoast-seo-wordpress\/ -->\n<title>American Classic Intra Matic Auto Chrono - Fecarotta Gioielli<\/title>\n<meta name=\"description\" content=\"Orologio Hamilton American Classic Intra-Matic Auto Chrono. Acquista online su fecarotta.it\" \/>\n<meta name=\"robots\" content=\"index, follow, max-snippet:-1, max-image-preview:large, max-video-preview:-1\" \/>\n<link rel=\"canonical\" href=\"https:\/\/www.fecarotta.com\/it\/prodotto\/orologio-hamilton-american-classic-intra-matic-auto-chrono\/\" \/>\n<meta property=\"og:locale\" content=\"it_IT\" \/>\n<meta property=\"og:type\" content=\"article\" \/>\n<meta property=\"og:title\" content=\"American Classic Intra Matic Auto Chrono - Fecarotta Gioielli\" \/>\n<meta property=\"og:description\" content=\"Orologio Hamilton American Classic Intra-Matic Auto Chrono. Acquista online su fecarotta.it\" \/>\n<meta property=\"og:url\" content=\"https:\/\/www.fecarotta.com\/it\/prodotto\/orologio-hamilton-american-classic-intra-matic-auto-chrono\/\" \/>\n<meta property=\"og:site_name\" content=\"Fecarotta Gioielli\" \/>\n<meta property=\"article:publisher\" content=\"https:\/\/www.facebook.com\/fecarottagioielli\" \/>\n<meta property=\"article:modified_time\" content=\"2023-10-26T10:06:40+00:00\" \/>\n<meta property=\"og:image\" content=\"https:\/\/storage1208.cdn-immedia.net\/wp-content\/uploads\/2021\/05\/Orologio-Hamilton-American-Classic-Intra-Matic-Auto-Chrono.jpeg\" \/>\n\t<meta property=\"og:image:width\" content=\"1805\" \/>\n\t<meta property=\"og:image:height\" content=\"1805\" \/>\n\t<meta property=\"og:image:type\" content=\"image\/jpeg\" \/>\n<meta name=\"twitter:card\" content=\"summary_large_image\" \/>\n<meta name=\"twitter:label1\" content=\"Tempo di lettura stimato\" \/>\n\t<meta name=\"twitter:data1\" content=\"1 minuto\" \/>\n<script type=\"application\/ld+json\" class=\"yoast-schema-graph\">{\"@context\":\"https:\\\/\\\/schema.org\",\"@graph\":[{\"@type\":\"WebPage\",\"@id\":\"https:\\\/\\\/www.fecarotta.com\\\/it\\\/prodotto\\\/orologio-hamilton-american-classic-intra-matic-auto-chrono\\\/\",\"url\":\"https:\\\/\\\/www.fecarotta.com\\\/it\\\/prodotto\\\/orologio-hamilton-american-classic-intra-matic-auto-chrono\\\/\",\"name\":\"American Classic Intra Matic Auto Chrono - Fecarotta Gioielli\",\"isPartOf\":{\"@id\":\"https:\\\/\\\/www.fecarotta.com\\\/it\\\/#website\"},\"primaryImageOfPage\":{\"@id\":\"https:\\\/\\\/www.fecarotta.com\\\/it\\\/prodotto\\\/orologio-hamilton-american-classic-intra-matic-auto-chrono\\\/#primaryimage\"},\"image\":{\"@id\":\"https:\\\/\\\/www.fecarotta.com\\\/it\\\/prodotto\\\/orologio-hamilton-american-classic-intra-matic-auto-chrono\\\/#primaryimage\"},\"thumbnailUrl\":\"https:\\\/\\\/www.fecarotta.com\\\/wp-content\\\/uploads\\\/2021\\\/05\\\/Orologio-Hamilton-American-Classic-Intra-Matic-Auto-Chrono.jpeg\",\"datePublished\":\"2022-02-08T19:29:22+00:00\",\"dateModified\":\"2023-10-26T10:06:40+00:00\",\"description\":\"Orologio Hamilton American Classic Intra-Matic Auto Chrono. Acquista online su fecarotta.it\",\"breadcrumb\":{\"@id\":\"https:\\\/\\\/www.fecarotta.com\\\/it\\\/prodotto\\\/orologio-hamilton-american-classic-intra-matic-auto-chrono\\\/#breadcrumb\"},\"inLanguage\":\"it-IT\",\"potentialAction\":[{\"@type\":\"ReadAction\",\"target\":[\"https:\\\/\\\/www.fecarotta.com\\\/it\\\/prodotto\\\/orologio-hamilton-american-classic-intra-matic-auto-chrono\\\/\"]}]},{\"@type\":\"ImageObject\",\"inLanguage\":\"it-IT\",\"@id\":\"https:\\\/\\\/www.fecarotta.com\\\/it\\\/prodotto\\\/orologio-hamilton-american-classic-intra-matic-auto-chrono\\\/#primaryimage\",\"url\":\"https:\\\/\\\/www.fecarotta.com\\\/wp-content\\\/uploads\\\/2021\\\/05\\\/Orologio-Hamilton-American-Classic-Intra-Matic-Auto-Chrono.jpeg\",\"contentUrl\":\"https:\\\/\\\/www.fecarotta.com\\\/wp-content\\\/uploads\\\/2021\\\/05\\\/Orologio-Hamilton-American-Classic-Intra-Matic-Auto-Chrono.jpeg\",\"width\":1805,\"height\":1805,\"caption\":\"Orologio Hamilton American Classic Intra-Matic Auto Chrono sconto discount\"},{\"@type\":\"BreadcrumbList\",\"@id\":\"https:\\\/\\\/www.fecarotta.com\\\/it\\\/prodotto\\\/orologio-hamilton-american-classic-intra-matic-auto-chrono\\\/#breadcrumb\",\"itemListElement\":[{\"@type\":\"ListItem\",\"position\":1,\"name\":\"Home\",\"item\":\"https:\\\/\\\/www.fecarotta.com\\\/it\\\/\"},{\"@type\":\"ListItem\",\"position\":2,\"name\":\"Negozio\",\"item\":\"https:\\\/\\\/www.fecarotta.com\\\/it\\\/negozio\\\/\"},{\"@type\":\"ListItem\",\"position\":3,\"name\":\"American Classic Intra Matic Auto Chrono\"}]},{\"@type\":\"WebSite\",\"@id\":\"https:\\\/\\\/www.fecarotta.com\\\/it\\\/#website\",\"url\":\"https:\\\/\\\/www.fecarotta.com\\\/it\\\/\",\"name\":\"Fecarotta Gioielli\",\"description\":\"\",\"publisher\":{\"@id\":\"https:\\\/\\\/www.fecarotta.com\\\/it\\\/#organization\"},\"potentialAction\":[{\"@type\":\"SearchAction\",\"target\":{\"@type\":\"EntryPoint\",\"urlTemplate\":\"https:\\\/\\\/www.fecarotta.com\\\/it\\\/?s={search_term_string}\"},\"query-input\":{\"@type\":\"PropertyValueSpecification\",\"valueRequired\":true,\"valueName\":\"search_term_string\"}}],\"inLanguage\":\"it-IT\"},{\"@type\":\"Organization\",\"@id\":\"https:\\\/\\\/www.fecarotta.com\\\/it\\\/#organization\",\"name\":\"Fecarotta Gioielli\",\"url\":\"https:\\\/\\\/www.fecarotta.com\\\/it\\\/\",\"logo\":{\"@type\":\"ImageObject\",\"inLanguage\":\"it-IT\",\"@id\":\"https:\\\/\\\/www.fecarotta.com\\\/it\\\/#\\\/schema\\\/logo\\\/image\\\/\",\"url\":\"https:\\\/\\\/www.fecarotta.com\\\/wp-content\\\/uploads\\\/2025\\\/03\\\/logo-gmb-fecarotta.jpg\",\"contentUrl\":\"https:\\\/\\\/www.fecarotta.com\\\/wp-content\\\/uploads\\\/2025\\\/03\\\/logo-gmb-fecarotta.jpg\",\"width\":500,\"height\":500,\"caption\":\"Fecarotta Gioielli\"},\"image\":{\"@id\":\"https:\\\/\\\/www.fecarotta.com\\\/it\\\/#\\\/schema\\\/logo\\\/image\\\/\"},\"sameAs\":[\"https:\\\/\\\/www.facebook.com\\\/fecarottagioielli\",\"http:\\\/\\\/www.instagram.com\\\/fecarotta.it\",\"https:\\\/\\\/www.linkedin.com\\\/company\\\/fecarotta-it\\\/\",\"https:\\\/\\\/api.whatsapp.com\\\/send?phone=393913323691&text=Salve, vorrei qualche informazione in merito ai vostri prodotti.\"]}]}<\/script>\n<!-- \/ Yoast SEO plugin. -->","yoast_head_json":{"title":"American Classic Intra Matic Auto Chrono - Fecarotta Gioielli","description":"Orologio Hamilton American Classic Intra-Matic Auto Chrono. Acquista online su fecarotta.it","robots":{"index":"index","follow":"follow","max-snippet":"max-snippet:-1","max-image-preview":"max-image-preview:large","max-video-preview":"max-video-preview:-1"},"canonical":"https:\/\/www.fecarotta.com\/it\/prodotto\/orologio-hamilton-american-classic-intra-matic-auto-chrono\/","og_locale":"it_IT","og_type":"article","og_title":"American Classic Intra Matic Auto Chrono - Fecarotta Gioielli","og_description":"Orologio Hamilton American Classic Intra-Matic Auto Chrono. Acquista online su fecarotta.it","og_url":"https:\/\/www.fecarotta.com\/it\/prodotto\/orologio-hamilton-american-classic-intra-matic-auto-chrono\/","og_site_name":"Fecarotta Gioielli","article_publisher":"https:\/\/www.facebook.com\/fecarottagioielli","article_modified_time":"2023-10-26T10:06:40+00:00","og_image":[{"width":1805,"height":1805,"url":"https:\/\/storage1208.cdn-immedia.net\/wp-content\/uploads\/2021\/05\/Orologio-Hamilton-American-Classic-Intra-Matic-Auto-Chrono.jpeg","type":"image\/jpeg"}],"twitter_card":"summary_large_image","twitter_misc":{"Tempo di lettura stimato":"1 minuto"},"schema":{"@context":"https:\/\/schema.org","@graph":[{"@type":"WebPage","@id":"https:\/\/www.fecarotta.com\/it\/prodotto\/orologio-hamilton-american-classic-intra-matic-auto-chrono\/","url":"https:\/\/www.fecarotta.com\/it\/prodotto\/orologio-hamilton-american-classic-intra-matic-auto-chrono\/","name":"American Classic Intra Matic Auto Chrono - Fecarotta Gioielli","isPartOf":{"@id":"https:\/\/www.fecarotta.com\/it\/#website"},"primaryImageOfPage":{"@id":"https:\/\/www.fecarotta.com\/it\/prodotto\/orologio-hamilton-american-classic-intra-matic-auto-chrono\/#primaryimage"},"image":{"@id":"https:\/\/www.fecarotta.com\/it\/prodotto\/orologio-hamilton-american-classic-intra-matic-auto-chrono\/#primaryimage"},"thumbnailUrl":"https:\/\/storage1208.cdn-immedia.net\/wp-content\/uploads\/2021\/05\/Orologio-Hamilton-American-Classic-Intra-Matic-Auto-Chrono.jpeg","datePublished":"2022-02-08T19:29:22+00:00","dateModified":"2023-10-26T10:06:40+00:00","description":"Orologio Hamilton American Classic Intra-Matic Auto Chrono. Acquista online su fecarotta.it","breadcrumb":{"@id":"https:\/\/www.fecarotta.com\/it\/prodotto\/orologio-hamilton-american-classic-intra-matic-auto-chrono\/#breadcrumb"},"inLanguage":"it-IT","potentialAction":[{"@type":"ReadAction","target":["https:\/\/www.fecarotta.com\/it\/prodotto\/orologio-hamilton-american-classic-intra-matic-auto-chrono\/"]}]},{"@type":"ImageObject","inLanguage":"it-IT","@id":"https:\/\/www.fecarotta.com\/it\/prodotto\/orologio-hamilton-american-classic-intra-matic-auto-chrono\/#primaryimage","url":"https:\/\/storage1208.cdn-immedia.net\/wp-content\/uploads\/2021\/05\/Orologio-Hamilton-American-Classic-Intra-Matic-Auto-Chrono.jpeg","contentUrl":"https:\/\/storage1208.cdn-immedia.net\/wp-content\/uploads\/2021\/05\/Orologio-Hamilton-American-Classic-Intra-Matic-Auto-Chrono.jpeg","width":1805,"height":1805,"caption":"Orologio Hamilton American Classic Intra-Matic Auto Chrono sconto discount"},{"@type":"BreadcrumbList","@id":"https:\/\/www.fecarotta.com\/it\/prodotto\/orologio-hamilton-american-classic-intra-matic-auto-chrono\/#breadcrumb","itemListElement":[{"@type":"ListItem","position":1,"name":"Home","item":"https:\/\/www.fecarotta.com\/it\/"},{"@type":"ListItem","position":2,"name":"Negozio","item":"https:\/\/www.fecarotta.com\/it\/negozio\/"},{"@type":"ListItem","position":3,"name":"American Classic Intra Matic Auto Chrono"}]},{"@type":"WebSite","@id":"https:\/\/www.fecarotta.com\/it\/#website","url":"https:\/\/www.fecarotta.com\/it\/","name":"Fecarotta Gioielli","description":"","publisher":{"@id":"https:\/\/www.fecarotta.com\/it\/#organization"},"potentialAction":[{"@type":"SearchAction","target":{"@type":"EntryPoint","urlTemplate":"https:\/\/www.fecarotta.com\/it\/?s={search_term_string}"},"query-input":{"@type":"PropertyValueSpecification","valueRequired":true,"valueName":"search_term_string"}}],"inLanguage":"it-IT"},{"@type":"Organization","@id":"https:\/\/www.fecarotta.com\/it\/#organization","name":"Fecarotta Gioielli","url":"https:\/\/www.fecarotta.com\/it\/","logo":{"@type":"ImageObject","inLanguage":"it-IT","@id":"https:\/\/www.fecarotta.com\/it\/#\/schema\/logo\/image\/","url":"https:\/\/storage1208.cdn-immedia.net\/wp-content\/uploads\/2025\/03\/logo-gmb-fecarotta.jpg","contentUrl":"https:\/\/storage1208.cdn-immedia.net\/wp-content\/uploads\/2025\/03\/logo-gmb-fecarotta.jpg","width":500,"height":500,"caption":"Fecarotta Gioielli"},"image":{"@id":"https:\/\/www.fecarotta.com\/it\/#\/schema\/logo\/image\/"},"sameAs":["https:\/\/www.facebook.com\/fecarottagioielli","http:\/\/www.instagram.com\/fecarotta.it","https:\/\/www.linkedin.com\/company\/fecarotta-it\/","https:\/\/api.whatsapp.com\/send?phone=393913323691&text=Salve, vorrei qualche informazione in merito ai vostri prodotti."]}]}},"_links":{"self":[{"href":"https:\/\/www.fecarotta.com\/it\/wp-json\/wp\/v2\/product\/21443","targetHints":{"allow":["GET"]}}],"collection":[{"href":"https:\/\/www.fecarotta.com\/it\/wp-json\/wp\/v2\/product"}],"about":[{"href":"https:\/\/www.fecarotta.com\/it\/wp-json\/wp\/v2\/types\/product"}],"wp:featuredmedia":[{"embeddable":true,"href":"https:\/\/www.fecarotta.com\/it\/wp-json\/wp\/v2\/media\/103963"}],"wp:attachment":[{"href":"https:\/\/www.fecarotta.com\/it\/wp-json\/wp\/v2\/media?parent=21443"}],"wp:term":[{"taxonomy":"product_brand","embeddable":true,"href":"https:\/\/www.fecarotta.com\/it\/wp-json\/wp\/v2\/product_brand?post=21443"},{"taxonomy":"product_cat","embeddable":true,"href":"https:\/\/www.fecarotta.com\/it\/wp-json\/wp\/v2\/product_cat?post=21443"},{"taxonomy":"product_tag","embeddable":true,"href":"https:\/\/www.fecarotta.com\/it\/wp-json\/wp\/v2\/product_tag?post=21443"}],"curies":[{"name":"wp","href":"https:\/\/api.w.org\/{rel}","templated":true}]}}