{"id":21019,"date":"2020-09-08T15:04:38","date_gmt":"2020-09-08T15:04:38","guid":{"rendered":"https:\/\/www.fecarotta.com\/?post_type=product&#038;p=21019"},"modified":"2026-03-17T20:59:40","modified_gmt":"2026-03-17T20:59:40","slug":"lalique-vaso-champs-elysees-piccolo","status":"publish","type":"product","link":"https:\/\/www.fecarotta.com\/it\/prodotto\/lalique-vaso-champs-elysees-piccolo\/","title":{"rendered":"Vaso CHAMPS-\u00c9LYS\u00c9ES Piccolo"},"content":{"rendered":"<figure id=\"attachment_247078\" class=\"wp-caption alignleft\" aria-describedby=\"caption-attachment-247078\">\n<h4><\/h4>\n<p>&nbsp;<\/figure>\n<ul class=\"product-features\">\n<li>Cristallo trasparente<\/li>\n<li>Dimensioni: H 7.09&#8243; x D 5.71&#8243; (H 18 cm x D 14.5 cm)<\/li>\n<li>Peso: 3.31 lbs (1.5 kg)<\/li>\n<li>Handcrafted in France<\/li>\n<\/ul>\n<p><a href=\"https:\/\/www.fecarotta.com\/it\/fecarotta-gioielli-company\/\" target=\"_blank\" rel=\"noopener noreferrer\">La nostra Azienda<\/a><\/p>\n","protected":false},"excerpt":{"rendered":"<p>Le spettacolari file di platani che costeggiano &#8220;il viale pi\u00f9 bello del mondo&#8221; hanno ispirato il design delle foglie di cristallo finemente incise che adornano la ciotola degli Champs-Elys\u00e9es, progettata da Marc Lalique nel 1951. Questa scultura di luce e cristallo cattura l&#8217;essenza stessa di Parigi.<\/p>\n<p>&nbsp;<\/p>\n<p>&nbsp;<\/p>\n","protected":false},"featured_media":21025,"template":"","meta":{"_acf_changed":false},"product_brand":[],"product_cat":[121,1807,113,114],"product_tag":[],"class_list":{"0":"post-21019","1":"product","2":"type-product","3":"status-publish","4":"has-post-thumbnail","6":"product_cat-accessori-per-la-casa","7":"product_cat-home-design","8":"product_cat-porcellane-e-cristalli","9":"product_cat-vasi","10":"pa_brand-lalique","11":"pa_collection-lalique-vasi","13":"first","14":"onbackorder","15":"featured","16":"purchasable","17":"product-type-simple","18":"add-to-wishlist-before_image"},"acf":[],"yoast_head":"<!-- This site is optimized with the Yoast SEO plugin v27.5 - https:\/\/yoast.com\/product\/yoast-seo-wordpress\/ -->\n<title>Vaso CHAMPS-\u00c9LYS\u00c9ES Piccolo - Fecarotta Gioielli<\/title>\n<meta name=\"description\" content=\"Lalique Vaso CHAMPS-\u00c9LYS\u00c9ES Piccolo Acquista tutte le collezioni Lalique online. Gioielli ed homedesign entrati nella Storia su fecarotta.it\" \/>\n<meta name=\"robots\" content=\"index, follow, max-snippet:-1, max-image-preview:large, max-video-preview:-1\" \/>\n<link rel=\"canonical\" href=\"https:\/\/www.fecarotta.com\/it\/prodotto\/lalique-vaso-champs-elysees-piccolo\/\" \/>\n<meta property=\"og:locale\" content=\"it_IT\" \/>\n<meta property=\"og:type\" content=\"article\" \/>\n<meta property=\"og:title\" content=\"Vaso CHAMPS-\u00c9LYS\u00c9ES Piccolo - Fecarotta Gioielli\" \/>\n<meta property=\"og:description\" content=\"Lalique Vaso CHAMPS-\u00c9LYS\u00c9ES Piccolo Acquista tutte le collezioni Lalique online. Gioielli ed homedesign entrati nella Storia su fecarotta.it\" \/>\n<meta property=\"og:url\" content=\"https:\/\/www.fecarotta.com\/it\/prodotto\/lalique-vaso-champs-elysees-piccolo\/\" \/>\n<meta property=\"og:site_name\" content=\"Fecarotta Gioielli\" \/>\n<meta property=\"article:publisher\" content=\"https:\/\/www.facebook.com\/fecarottagioielli\" \/>\n<meta property=\"article:modified_time\" content=\"2026-03-17T20:59:40+00:00\" \/>\n<meta property=\"og:image\" content=\"https:\/\/storage1208.cdn-immedia.net\/wp-content\/uploads\/2020\/09\/Lalique-champs-elysees-small-vase-800x800-3.jpg\" \/>\n\t<meta property=\"og:image:width\" content=\"699\" \/>\n\t<meta property=\"og:image:height\" content=\"699\" \/>\n\t<meta property=\"og:image:type\" content=\"image\/jpeg\" \/>\n<meta name=\"twitter:card\" content=\"summary_large_image\" \/>\n<script type=\"application\/ld+json\" class=\"yoast-schema-graph\">{\"@context\":\"https:\\\/\\\/schema.org\",\"@graph\":[{\"@type\":\"WebPage\",\"@id\":\"https:\\\/\\\/www.fecarotta.com\\\/it\\\/prodotto\\\/lalique-vaso-champs-elysees-piccolo\\\/\",\"url\":\"https:\\\/\\\/www.fecarotta.com\\\/it\\\/prodotto\\\/lalique-vaso-champs-elysees-piccolo\\\/\",\"name\":\"Vaso CHAMPS-\u00c9LYS\u00c9ES Piccolo - Fecarotta Gioielli\",\"isPartOf\":{\"@id\":\"https:\\\/\\\/www.fecarotta.com\\\/it\\\/#website\"},\"primaryImageOfPage\":{\"@id\":\"https:\\\/\\\/www.fecarotta.com\\\/it\\\/prodotto\\\/lalique-vaso-champs-elysees-piccolo\\\/#primaryimage\"},\"image\":{\"@id\":\"https:\\\/\\\/www.fecarotta.com\\\/it\\\/prodotto\\\/lalique-vaso-champs-elysees-piccolo\\\/#primaryimage\"},\"thumbnailUrl\":\"https:\\\/\\\/www.fecarotta.com\\\/wp-content\\\/uploads\\\/2020\\\/09\\\/Lalique-champs-elysees-small-vase-800x800-3.jpg\",\"datePublished\":\"2020-09-08T15:04:38+00:00\",\"dateModified\":\"2026-03-17T20:59:40+00:00\",\"description\":\"Lalique Vaso CHAMPS-\u00c9LYS\u00c9ES Piccolo Acquista tutte le collezioni Lalique online. Gioielli ed homedesign entrati nella Storia su fecarotta.it\",\"breadcrumb\":{\"@id\":\"https:\\\/\\\/www.fecarotta.com\\\/it\\\/prodotto\\\/lalique-vaso-champs-elysees-piccolo\\\/#breadcrumb\"},\"inLanguage\":\"it-IT\",\"potentialAction\":[{\"@type\":\"ReadAction\",\"target\":[\"https:\\\/\\\/www.fecarotta.com\\\/it\\\/prodotto\\\/lalique-vaso-champs-elysees-piccolo\\\/\"]}]},{\"@type\":\"ImageObject\",\"inLanguage\":\"it-IT\",\"@id\":\"https:\\\/\\\/www.fecarotta.com\\\/it\\\/prodotto\\\/lalique-vaso-champs-elysees-piccolo\\\/#primaryimage\",\"url\":\"https:\\\/\\\/www.fecarotta.com\\\/wp-content\\\/uploads\\\/2020\\\/09\\\/Lalique-champs-elysees-small-vase-800x800-3.jpg\",\"contentUrl\":\"https:\\\/\\\/www.fecarotta.com\\\/wp-content\\\/uploads\\\/2020\\\/09\\\/Lalique-champs-elysees-small-vase-800x800-3.jpg\",\"width\":699,\"height\":699,\"caption\":\"Lalique champs-elysees-vaso piccolo\"},{\"@type\":\"BreadcrumbList\",\"@id\":\"https:\\\/\\\/www.fecarotta.com\\\/it\\\/prodotto\\\/lalique-vaso-champs-elysees-piccolo\\\/#breadcrumb\",\"itemListElement\":[{\"@type\":\"ListItem\",\"position\":1,\"name\":\"Home\",\"item\":\"https:\\\/\\\/www.fecarotta.com\\\/it\\\/\"},{\"@type\":\"ListItem\",\"position\":2,\"name\":\"Negozio\",\"item\":\"https:\\\/\\\/www.fecarotta.com\\\/it\\\/negozio\\\/\"},{\"@type\":\"ListItem\",\"position\":3,\"name\":\"Vaso CHAMPS-\u00c9LYS\u00c9ES Piccolo\"}]},{\"@type\":\"WebSite\",\"@id\":\"https:\\\/\\\/www.fecarotta.com\\\/it\\\/#website\",\"url\":\"https:\\\/\\\/www.fecarotta.com\\\/it\\\/\",\"name\":\"Fecarotta Gioielli\",\"description\":\"\",\"publisher\":{\"@id\":\"https:\\\/\\\/www.fecarotta.com\\\/it\\\/#organization\"},\"potentialAction\":[{\"@type\":\"SearchAction\",\"target\":{\"@type\":\"EntryPoint\",\"urlTemplate\":\"https:\\\/\\\/www.fecarotta.com\\\/it\\\/?s={search_term_string}\"},\"query-input\":{\"@type\":\"PropertyValueSpecification\",\"valueRequired\":true,\"valueName\":\"search_term_string\"}}],\"inLanguage\":\"it-IT\"},{\"@type\":\"Organization\",\"@id\":\"https:\\\/\\\/www.fecarotta.com\\\/it\\\/#organization\",\"name\":\"Fecarotta Gioielli\",\"url\":\"https:\\\/\\\/www.fecarotta.com\\\/it\\\/\",\"logo\":{\"@type\":\"ImageObject\",\"inLanguage\":\"it-IT\",\"@id\":\"https:\\\/\\\/www.fecarotta.com\\\/it\\\/#\\\/schema\\\/logo\\\/image\\\/\",\"url\":\"https:\\\/\\\/www.fecarotta.com\\\/wp-content\\\/uploads\\\/2025\\\/03\\\/logo-gmb-fecarotta.jpg\",\"contentUrl\":\"https:\\\/\\\/www.fecarotta.com\\\/wp-content\\\/uploads\\\/2025\\\/03\\\/logo-gmb-fecarotta.jpg\",\"width\":500,\"height\":500,\"caption\":\"Fecarotta Gioielli\"},\"image\":{\"@id\":\"https:\\\/\\\/www.fecarotta.com\\\/it\\\/#\\\/schema\\\/logo\\\/image\\\/\"},\"sameAs\":[\"https:\\\/\\\/www.facebook.com\\\/fecarottagioielli\",\"http:\\\/\\\/www.instagram.com\\\/fecarotta.it\",\"https:\\\/\\\/www.linkedin.com\\\/company\\\/fecarotta-it\\\/\",\"https:\\\/\\\/api.whatsapp.com\\\/send?phone=393913323691&text=Salve, vorrei qualche informazione in merito ai vostri prodotti.\"]}]}<\/script>\n<!-- \/ Yoast SEO plugin. -->","yoast_head_json":{"title":"Vaso CHAMPS-\u00c9LYS\u00c9ES Piccolo - Fecarotta Gioielli","description":"Lalique Vaso CHAMPS-\u00c9LYS\u00c9ES Piccolo Acquista tutte le collezioni Lalique online. Gioielli ed homedesign entrati nella Storia su fecarotta.it","robots":{"index":"index","follow":"follow","max-snippet":"max-snippet:-1","max-image-preview":"max-image-preview:large","max-video-preview":"max-video-preview:-1"},"canonical":"https:\/\/www.fecarotta.com\/it\/prodotto\/lalique-vaso-champs-elysees-piccolo\/","og_locale":"it_IT","og_type":"article","og_title":"Vaso CHAMPS-\u00c9LYS\u00c9ES Piccolo - Fecarotta Gioielli","og_description":"Lalique Vaso CHAMPS-\u00c9LYS\u00c9ES Piccolo Acquista tutte le collezioni Lalique online. Gioielli ed homedesign entrati nella Storia su fecarotta.it","og_url":"https:\/\/www.fecarotta.com\/it\/prodotto\/lalique-vaso-champs-elysees-piccolo\/","og_site_name":"Fecarotta Gioielli","article_publisher":"https:\/\/www.facebook.com\/fecarottagioielli","article_modified_time":"2026-03-17T20:59:40+00:00","og_image":[{"width":699,"height":699,"url":"https:\/\/storage1208.cdn-immedia.net\/wp-content\/uploads\/2020\/09\/Lalique-champs-elysees-small-vase-800x800-3.jpg","type":"image\/jpeg"}],"twitter_card":"summary_large_image","schema":{"@context":"https:\/\/schema.org","@graph":[{"@type":"WebPage","@id":"https:\/\/www.fecarotta.com\/it\/prodotto\/lalique-vaso-champs-elysees-piccolo\/","url":"https:\/\/www.fecarotta.com\/it\/prodotto\/lalique-vaso-champs-elysees-piccolo\/","name":"Vaso CHAMPS-\u00c9LYS\u00c9ES Piccolo - Fecarotta Gioielli","isPartOf":{"@id":"https:\/\/www.fecarotta.com\/it\/#website"},"primaryImageOfPage":{"@id":"https:\/\/www.fecarotta.com\/it\/prodotto\/lalique-vaso-champs-elysees-piccolo\/#primaryimage"},"image":{"@id":"https:\/\/www.fecarotta.com\/it\/prodotto\/lalique-vaso-champs-elysees-piccolo\/#primaryimage"},"thumbnailUrl":"https:\/\/storage1208.cdn-immedia.net\/wp-content\/uploads\/2020\/09\/Lalique-champs-elysees-small-vase-800x800-3.jpg","datePublished":"2020-09-08T15:04:38+00:00","dateModified":"2026-03-17T20:59:40+00:00","description":"Lalique Vaso CHAMPS-\u00c9LYS\u00c9ES Piccolo Acquista tutte le collezioni Lalique online. Gioielli ed homedesign entrati nella Storia su fecarotta.it","breadcrumb":{"@id":"https:\/\/www.fecarotta.com\/it\/prodotto\/lalique-vaso-champs-elysees-piccolo\/#breadcrumb"},"inLanguage":"it-IT","potentialAction":[{"@type":"ReadAction","target":["https:\/\/www.fecarotta.com\/it\/prodotto\/lalique-vaso-champs-elysees-piccolo\/"]}]},{"@type":"ImageObject","inLanguage":"it-IT","@id":"https:\/\/www.fecarotta.com\/it\/prodotto\/lalique-vaso-champs-elysees-piccolo\/#primaryimage","url":"https:\/\/storage1208.cdn-immedia.net\/wp-content\/uploads\/2020\/09\/Lalique-champs-elysees-small-vase-800x800-3.jpg","contentUrl":"https:\/\/storage1208.cdn-immedia.net\/wp-content\/uploads\/2020\/09\/Lalique-champs-elysees-small-vase-800x800-3.jpg","width":699,"height":699,"caption":"Lalique champs-elysees-vaso piccolo"},{"@type":"BreadcrumbList","@id":"https:\/\/www.fecarotta.com\/it\/prodotto\/lalique-vaso-champs-elysees-piccolo\/#breadcrumb","itemListElement":[{"@type":"ListItem","position":1,"name":"Home","item":"https:\/\/www.fecarotta.com\/it\/"},{"@type":"ListItem","position":2,"name":"Negozio","item":"https:\/\/www.fecarotta.com\/it\/negozio\/"},{"@type":"ListItem","position":3,"name":"Vaso CHAMPS-\u00c9LYS\u00c9ES Piccolo"}]},{"@type":"WebSite","@id":"https:\/\/www.fecarotta.com\/it\/#website","url":"https:\/\/www.fecarotta.com\/it\/","name":"Fecarotta Gioielli","description":"","publisher":{"@id":"https:\/\/www.fecarotta.com\/it\/#organization"},"potentialAction":[{"@type":"SearchAction","target":{"@type":"EntryPoint","urlTemplate":"https:\/\/www.fecarotta.com\/it\/?s={search_term_string}"},"query-input":{"@type":"PropertyValueSpecification","valueRequired":true,"valueName":"search_term_string"}}],"inLanguage":"it-IT"},{"@type":"Organization","@id":"https:\/\/www.fecarotta.com\/it\/#organization","name":"Fecarotta Gioielli","url":"https:\/\/www.fecarotta.com\/it\/","logo":{"@type":"ImageObject","inLanguage":"it-IT","@id":"https:\/\/www.fecarotta.com\/it\/#\/schema\/logo\/image\/","url":"https:\/\/storage1208.cdn-immedia.net\/wp-content\/uploads\/2025\/03\/logo-gmb-fecarotta.jpg","contentUrl":"https:\/\/storage1208.cdn-immedia.net\/wp-content\/uploads\/2025\/03\/logo-gmb-fecarotta.jpg","width":500,"height":500,"caption":"Fecarotta Gioielli"},"image":{"@id":"https:\/\/www.fecarotta.com\/it\/#\/schema\/logo\/image\/"},"sameAs":["https:\/\/www.facebook.com\/fecarottagioielli","http:\/\/www.instagram.com\/fecarotta.it","https:\/\/www.linkedin.com\/company\/fecarotta-it\/","https:\/\/api.whatsapp.com\/send?phone=393913323691&text=Salve, vorrei qualche informazione in merito ai vostri prodotti."]}]}},"_links":{"self":[{"href":"https:\/\/www.fecarotta.com\/it\/wp-json\/wp\/v2\/product\/21019","targetHints":{"allow":["GET"]}}],"collection":[{"href":"https:\/\/www.fecarotta.com\/it\/wp-json\/wp\/v2\/product"}],"about":[{"href":"https:\/\/www.fecarotta.com\/it\/wp-json\/wp\/v2\/types\/product"}],"wp:featuredmedia":[{"embeddable":true,"href":"https:\/\/www.fecarotta.com\/it\/wp-json\/wp\/v2\/media\/21025"}],"wp:attachment":[{"href":"https:\/\/www.fecarotta.com\/it\/wp-json\/wp\/v2\/media?parent=21019"}],"wp:term":[{"taxonomy":"product_brand","embeddable":true,"href":"https:\/\/www.fecarotta.com\/it\/wp-json\/wp\/v2\/product_brand?post=21019"},{"taxonomy":"product_cat","embeddable":true,"href":"https:\/\/www.fecarotta.com\/it\/wp-json\/wp\/v2\/product_cat?post=21019"},{"taxonomy":"product_tag","embeddable":true,"href":"https:\/\/www.fecarotta.com\/it\/wp-json\/wp\/v2\/product_tag?post=21019"}],"curies":[{"name":"wp","href":"https:\/\/api.w.org\/{rel}","templated":true}]}}