{"id":20330,"date":"2020-11-20T01:30:58","date_gmt":"2020-11-20T01:30:58","guid":{"rendered":"https:\/\/www.fecarotta.com\/?post_type=product&#038;p=20330"},"modified":"2025-09-29T16:49:40","modified_gmt":"2025-09-29T16:49:40","slug":"collana-chantecler-capriness-regolabile-blu","status":"publish","type":"product","link":"https:\/\/www.fecarotta.com\/it\/prodotto\/collana-chantecler-capriness-regolabile-blu\/","title":{"rendered":"Collana Chantecler Capriness regolabile"},"content":{"rendered":"<p>Collana Chantecler Capriness regolabile<\/p>\n<p>L\u2019argento incontra l\u2019Alta Gioielleria Chantecler. Et voil\u00e0! Rivive cos\u00ec lo spirito autentico dei gioielli Capresi con, in pi\u00f9, un pizzico di fresca leggerezza in una collezione che si arricchisce sempre di nuove emozioni. Argento, smalti e pietre preziose: l\u2019allegria diventa lusso da vivere ogni giorno.<\/p>\n<h3>La storia dei Gioielli Chantecler<\/h3>\n<p>Capri rappresenta per noi l&#8217;origine di tutto. Qui energie, colori e profumi creano quotidianamente qualcosa di irripetibile e straordinario che con amore abbiamo trasformato in gioielli.<\/p>\n<p>Oggi Chantecler non sarebbe la stessa azienda se Capri, oltre a essere fulcro del nostro equilibrio, non fosse anche centro di un mondo che decide gli stili e segna i tempi. La nostra Isola \u00e8 da sempre luogo d&#8217;incontro dei personaggi pi\u00f9 influenti, delle dive da copertina e degli intellettuali di spessore che le donano quello spirito internazionale che la rende cos\u00ec speciale e che a noi ha regalato il privilegio di poterci crescere.<\/p>\n<p>Chantecler \u00e8 la storia di una<a href=\"https:\/\/www.chantecler.it\/it\/la-maison\/storia.aspx\" target=\"_blank\" rel=\"noopener noreferrer\"> grande amicizia<\/a> tra Pietro Capuano e Salvatore Aprea, due uomini molto diversi tra loro, entrambi speciali. Pietro Capuano, soprannominato da tutti Chantecler per la sua abitudine di festeggiare fino all&#8217;alba, era un uomo dotato di una personalit\u00e0 stravagante. Un dandy, erede di una nobile famiglia di gioiellieri napoletani, che sapeva incantare gli ospiti delle sue memorabili feste.<\/p>\n<p>Salvatore Aprea era un giovane caprese, testardo e ribelle. Nonostante gli studi in giurisprudenza decise di dedicare la sua vita all&#8217;arte e soprattutto all&#8217;Alta Gioielleria. Una mente creativa che ha saputo sfruttare la sua immaginazione visionaria per realizzare capolavori di mirabile manifattura.<\/p>\n<p>&nbsp;<\/p>\n<p>&nbsp;<\/p>\n<p><a href=\"https:\/\/www.youtube.com\/watch?v=Y6p7RJg9O5Q&amp;t=1s\" target=\"_blank\" rel=\"noopener noreferrer\">Official Video Chantecler\u00a0<\/a><\/p>\n<p><a href=\"https:\/\/www.fecarotta.com\/it\/fecarotta-gioielli-company\/\" target=\"_blank\" rel=\"noopener noreferrer\">La nostra Azienda<\/a><\/p>\n","protected":false},"excerpt":{"rendered":"<div class=\"share\">\n<div class=\"addthis_custom_sharing\" data-url=\"https:\/\/www.chantecler.it\/it\/et-voila\/ciondolo-campanella-media-capriness-in-argento-e-smalto-bianco-e-blu_7015.aspx\" data-title=\"Ciondolo campanella media Capriness in argento e smalto bianco e blu in - Chantecler Capri\">\n<div id=\"atstbx\" class=\"at-share-tbx-element addthis-smartlayers addthis-animated at4-show\" role=\"region\" aria-labelledby=\"at-4ce00ce4-f94c-4f52-9459-c18061dcbfd7\">\n<p>&nbsp;<\/p>\n<h6 class=\"at-share-btn-elements\">Collana Chantecler regolabile Capriness 38\/42 cm in argento e smalto blu<\/h6>\n<\/div>\n<\/div>\n<\/div>\n","protected":false},"featured_media":20332,"template":"","meta":{"_acf_changed":false},"product_brand":[],"product_cat":[33,2310,27],"product_tag":[],"class_list":{"0":"post-20330","1":"product","2":"type-product","3":"status-publish","4":"has-post-thumbnail","6":"product_cat-collane","7":"product_cat-donna","8":"product_cat-gioielli","9":"pa_brand-chantecler","10":"pa_collection-et-voila","11":"pa_gender-donna","13":"first","14":"outofstock","15":"purchasable","16":"product-type-simple","17":"add-to-wishlist-before_image"},"acf":[],"yoast_head":"<!-- This site is optimized with the Yoast SEO plugin v27.5 - https:\/\/yoast.com\/product\/yoast-seo-wordpress\/ -->\n<title>Collana Chantecler Capriness regolabile - Fecarotta Gioielli<\/title>\n<meta name=\"description\" content=\"Collana Chantecler Capriness regolabile !\u00a0Acquista le collezioni Chantecler online su fecarotta.it - Gioiellieri in italia da oltre 200 anni\" \/>\n<meta name=\"robots\" content=\"index, follow, max-snippet:-1, max-image-preview:large, max-video-preview:-1\" \/>\n<link rel=\"canonical\" href=\"https:\/\/www.fecarotta.com\/it\/prodotto\/collana-chantecler-capriness-regolabile-blu\/\" \/>\n<meta property=\"og:locale\" content=\"it_IT\" \/>\n<meta property=\"og:type\" content=\"article\" \/>\n<meta property=\"og:title\" content=\"Collana Chantecler Capriness regolabile - Fecarotta Gioielli\" \/>\n<meta property=\"og:description\" content=\"Collana Chantecler Capriness regolabile !\u00a0Acquista le collezioni Chantecler online su fecarotta.it - Gioiellieri in italia da oltre 200 anni\" \/>\n<meta property=\"og:url\" content=\"https:\/\/www.fecarotta.com\/it\/prodotto\/collana-chantecler-capriness-regolabile-blu\/\" \/>\n<meta property=\"og:site_name\" content=\"Fecarotta Gioielli\" \/>\n<meta property=\"article:publisher\" content=\"https:\/\/www.facebook.com\/fecarottagioielli\" \/>\n<meta property=\"article:modified_time\" content=\"2025-09-29T16:49:40+00:00\" \/>\n<meta property=\"og:image\" content=\"https:\/\/storage1208.cdn-immedia.net\/wp-content\/uploads\/2020\/06\/Collana-Chantecler-Capriness-regolabile-39672.jpg\" \/>\n\t<meta property=\"og:image:width\" content=\"2000\" \/>\n\t<meta property=\"og:image:height\" content=\"2000\" \/>\n\t<meta property=\"og:image:type\" content=\"image\/jpeg\" \/>\n<meta name=\"twitter:card\" content=\"summary_large_image\" \/>\n<meta name=\"twitter:label1\" content=\"Tempo di lettura stimato\" \/>\n\t<meta name=\"twitter:data1\" content=\"1 minuto\" \/>\n<script type=\"application\/ld+json\" class=\"yoast-schema-graph\">{\"@context\":\"https:\\\/\\\/schema.org\",\"@graph\":[{\"@type\":\"WebPage\",\"@id\":\"https:\\\/\\\/www.fecarotta.com\\\/it\\\/prodotto\\\/collana-chantecler-capriness-regolabile-blu\\\/\",\"url\":\"https:\\\/\\\/www.fecarotta.com\\\/it\\\/prodotto\\\/collana-chantecler-capriness-regolabile-blu\\\/\",\"name\":\"Collana Chantecler Capriness regolabile - Fecarotta Gioielli\",\"isPartOf\":{\"@id\":\"https:\\\/\\\/www.fecarotta.com\\\/it\\\/#website\"},\"primaryImageOfPage\":{\"@id\":\"https:\\\/\\\/www.fecarotta.com\\\/it\\\/prodotto\\\/collana-chantecler-capriness-regolabile-blu\\\/#primaryimage\"},\"image\":{\"@id\":\"https:\\\/\\\/www.fecarotta.com\\\/it\\\/prodotto\\\/collana-chantecler-capriness-regolabile-blu\\\/#primaryimage\"},\"thumbnailUrl\":\"https:\\\/\\\/www.fecarotta.com\\\/wp-content\\\/uploads\\\/2020\\\/06\\\/Collana-Chantecler-Capriness-regolabile-39672.jpg\",\"datePublished\":\"2020-11-20T01:30:58+00:00\",\"dateModified\":\"2025-09-29T16:49:40+00:00\",\"description\":\"Collana Chantecler Capriness regolabile !\u00a0Acquista le collezioni Chantecler online su fecarotta.it - Gioiellieri in italia da oltre 200 anni\",\"breadcrumb\":{\"@id\":\"https:\\\/\\\/www.fecarotta.com\\\/it\\\/prodotto\\\/collana-chantecler-capriness-regolabile-blu\\\/#breadcrumb\"},\"inLanguage\":\"it-IT\",\"potentialAction\":[{\"@type\":\"ReadAction\",\"target\":[\"https:\\\/\\\/www.fecarotta.com\\\/it\\\/prodotto\\\/collana-chantecler-capriness-regolabile-blu\\\/\"]}]},{\"@type\":\"ImageObject\",\"inLanguage\":\"it-IT\",\"@id\":\"https:\\\/\\\/www.fecarotta.com\\\/it\\\/prodotto\\\/collana-chantecler-capriness-regolabile-blu\\\/#primaryimage\",\"url\":\"https:\\\/\\\/www.fecarotta.com\\\/wp-content\\\/uploads\\\/2020\\\/06\\\/Collana-Chantecler-Capriness-regolabile-39672.jpg\",\"contentUrl\":\"https:\\\/\\\/www.fecarotta.com\\\/wp-content\\\/uploads\\\/2020\\\/06\\\/Collana-Chantecler-Capriness-regolabile-39672.jpg\",\"width\":2000,\"height\":2000,\"caption\":\"Collana Chantecler Capriness regolabile 39672\"},{\"@type\":\"BreadcrumbList\",\"@id\":\"https:\\\/\\\/www.fecarotta.com\\\/it\\\/prodotto\\\/collana-chantecler-capriness-regolabile-blu\\\/#breadcrumb\",\"itemListElement\":[{\"@type\":\"ListItem\",\"position\":1,\"name\":\"Home\",\"item\":\"https:\\\/\\\/www.fecarotta.com\\\/it\\\/\"},{\"@type\":\"ListItem\",\"position\":2,\"name\":\"Negozio\",\"item\":\"https:\\\/\\\/www.fecarotta.com\\\/it\\\/negozio\\\/\"},{\"@type\":\"ListItem\",\"position\":3,\"name\":\"Collana Chantecler Capriness regolabile\"}]},{\"@type\":\"WebSite\",\"@id\":\"https:\\\/\\\/www.fecarotta.com\\\/it\\\/#website\",\"url\":\"https:\\\/\\\/www.fecarotta.com\\\/it\\\/\",\"name\":\"Fecarotta Gioielli\",\"description\":\"\",\"publisher\":{\"@id\":\"https:\\\/\\\/www.fecarotta.com\\\/it\\\/#organization\"},\"potentialAction\":[{\"@type\":\"SearchAction\",\"target\":{\"@type\":\"EntryPoint\",\"urlTemplate\":\"https:\\\/\\\/www.fecarotta.com\\\/it\\\/?s={search_term_string}\"},\"query-input\":{\"@type\":\"PropertyValueSpecification\",\"valueRequired\":true,\"valueName\":\"search_term_string\"}}],\"inLanguage\":\"it-IT\"},{\"@type\":\"Organization\",\"@id\":\"https:\\\/\\\/www.fecarotta.com\\\/it\\\/#organization\",\"name\":\"Fecarotta Gioielli\",\"url\":\"https:\\\/\\\/www.fecarotta.com\\\/it\\\/\",\"logo\":{\"@type\":\"ImageObject\",\"inLanguage\":\"it-IT\",\"@id\":\"https:\\\/\\\/www.fecarotta.com\\\/it\\\/#\\\/schema\\\/logo\\\/image\\\/\",\"url\":\"https:\\\/\\\/www.fecarotta.com\\\/wp-content\\\/uploads\\\/2025\\\/03\\\/logo-gmb-fecarotta.jpg\",\"contentUrl\":\"https:\\\/\\\/www.fecarotta.com\\\/wp-content\\\/uploads\\\/2025\\\/03\\\/logo-gmb-fecarotta.jpg\",\"width\":500,\"height\":500,\"caption\":\"Fecarotta Gioielli\"},\"image\":{\"@id\":\"https:\\\/\\\/www.fecarotta.com\\\/it\\\/#\\\/schema\\\/logo\\\/image\\\/\"},\"sameAs\":[\"https:\\\/\\\/www.facebook.com\\\/fecarottagioielli\",\"http:\\\/\\\/www.instagram.com\\\/fecarotta.it\",\"https:\\\/\\\/www.linkedin.com\\\/company\\\/fecarotta-it\\\/\",\"https:\\\/\\\/api.whatsapp.com\\\/send?phone=393913323691&text=Salve, vorrei qualche informazione in merito ai vostri prodotti.\"]}]}<\/script>\n<!-- \/ Yoast SEO plugin. -->","yoast_head_json":{"title":"Collana Chantecler Capriness regolabile - Fecarotta Gioielli","description":"Collana Chantecler Capriness regolabile !\u00a0Acquista le collezioni Chantecler online su fecarotta.it - Gioiellieri in italia da oltre 200 anni","robots":{"index":"index","follow":"follow","max-snippet":"max-snippet:-1","max-image-preview":"max-image-preview:large","max-video-preview":"max-video-preview:-1"},"canonical":"https:\/\/www.fecarotta.com\/it\/prodotto\/collana-chantecler-capriness-regolabile-blu\/","og_locale":"it_IT","og_type":"article","og_title":"Collana Chantecler Capriness regolabile - Fecarotta Gioielli","og_description":"Collana Chantecler Capriness regolabile !\u00a0Acquista le collezioni Chantecler online su fecarotta.it - Gioiellieri in italia da oltre 200 anni","og_url":"https:\/\/www.fecarotta.com\/it\/prodotto\/collana-chantecler-capriness-regolabile-blu\/","og_site_name":"Fecarotta Gioielli","article_publisher":"https:\/\/www.facebook.com\/fecarottagioielli","article_modified_time":"2025-09-29T16:49:40+00:00","og_image":[{"width":2000,"height":2000,"url":"https:\/\/storage1208.cdn-immedia.net\/wp-content\/uploads\/2020\/06\/Collana-Chantecler-Capriness-regolabile-39672.jpg","type":"image\/jpeg"}],"twitter_card":"summary_large_image","twitter_misc":{"Tempo di lettura stimato":"1 minuto"},"schema":{"@context":"https:\/\/schema.org","@graph":[{"@type":"WebPage","@id":"https:\/\/www.fecarotta.com\/it\/prodotto\/collana-chantecler-capriness-regolabile-blu\/","url":"https:\/\/www.fecarotta.com\/it\/prodotto\/collana-chantecler-capriness-regolabile-blu\/","name":"Collana Chantecler Capriness regolabile - Fecarotta Gioielli","isPartOf":{"@id":"https:\/\/www.fecarotta.com\/it\/#website"},"primaryImageOfPage":{"@id":"https:\/\/www.fecarotta.com\/it\/prodotto\/collana-chantecler-capriness-regolabile-blu\/#primaryimage"},"image":{"@id":"https:\/\/www.fecarotta.com\/it\/prodotto\/collana-chantecler-capriness-regolabile-blu\/#primaryimage"},"thumbnailUrl":"https:\/\/storage1208.cdn-immedia.net\/wp-content\/uploads\/2020\/06\/Collana-Chantecler-Capriness-regolabile-39672.jpg","datePublished":"2020-11-20T01:30:58+00:00","dateModified":"2025-09-29T16:49:40+00:00","description":"Collana Chantecler Capriness regolabile !\u00a0Acquista le collezioni Chantecler online su fecarotta.it - Gioiellieri in italia da oltre 200 anni","breadcrumb":{"@id":"https:\/\/www.fecarotta.com\/it\/prodotto\/collana-chantecler-capriness-regolabile-blu\/#breadcrumb"},"inLanguage":"it-IT","potentialAction":[{"@type":"ReadAction","target":["https:\/\/www.fecarotta.com\/it\/prodotto\/collana-chantecler-capriness-regolabile-blu\/"]}]},{"@type":"ImageObject","inLanguage":"it-IT","@id":"https:\/\/www.fecarotta.com\/it\/prodotto\/collana-chantecler-capriness-regolabile-blu\/#primaryimage","url":"https:\/\/storage1208.cdn-immedia.net\/wp-content\/uploads\/2020\/06\/Collana-Chantecler-Capriness-regolabile-39672.jpg","contentUrl":"https:\/\/storage1208.cdn-immedia.net\/wp-content\/uploads\/2020\/06\/Collana-Chantecler-Capriness-regolabile-39672.jpg","width":2000,"height":2000,"caption":"Collana Chantecler Capriness regolabile 39672"},{"@type":"BreadcrumbList","@id":"https:\/\/www.fecarotta.com\/it\/prodotto\/collana-chantecler-capriness-regolabile-blu\/#breadcrumb","itemListElement":[{"@type":"ListItem","position":1,"name":"Home","item":"https:\/\/www.fecarotta.com\/it\/"},{"@type":"ListItem","position":2,"name":"Negozio","item":"https:\/\/www.fecarotta.com\/it\/negozio\/"},{"@type":"ListItem","position":3,"name":"Collana Chantecler Capriness regolabile"}]},{"@type":"WebSite","@id":"https:\/\/www.fecarotta.com\/it\/#website","url":"https:\/\/www.fecarotta.com\/it\/","name":"Fecarotta Gioielli","description":"","publisher":{"@id":"https:\/\/www.fecarotta.com\/it\/#organization"},"potentialAction":[{"@type":"SearchAction","target":{"@type":"EntryPoint","urlTemplate":"https:\/\/www.fecarotta.com\/it\/?s={search_term_string}"},"query-input":{"@type":"PropertyValueSpecification","valueRequired":true,"valueName":"search_term_string"}}],"inLanguage":"it-IT"},{"@type":"Organization","@id":"https:\/\/www.fecarotta.com\/it\/#organization","name":"Fecarotta Gioielli","url":"https:\/\/www.fecarotta.com\/it\/","logo":{"@type":"ImageObject","inLanguage":"it-IT","@id":"https:\/\/www.fecarotta.com\/it\/#\/schema\/logo\/image\/","url":"https:\/\/storage1208.cdn-immedia.net\/wp-content\/uploads\/2025\/03\/logo-gmb-fecarotta.jpg","contentUrl":"https:\/\/storage1208.cdn-immedia.net\/wp-content\/uploads\/2025\/03\/logo-gmb-fecarotta.jpg","width":500,"height":500,"caption":"Fecarotta Gioielli"},"image":{"@id":"https:\/\/www.fecarotta.com\/it\/#\/schema\/logo\/image\/"},"sameAs":["https:\/\/www.facebook.com\/fecarottagioielli","http:\/\/www.instagram.com\/fecarotta.it","https:\/\/www.linkedin.com\/company\/fecarotta-it\/","https:\/\/api.whatsapp.com\/send?phone=393913323691&text=Salve, vorrei qualche informazione in merito ai vostri prodotti."]}]}},"_links":{"self":[{"href":"https:\/\/www.fecarotta.com\/it\/wp-json\/wp\/v2\/product\/20330","targetHints":{"allow":["GET"]}}],"collection":[{"href":"https:\/\/www.fecarotta.com\/it\/wp-json\/wp\/v2\/product"}],"about":[{"href":"https:\/\/www.fecarotta.com\/it\/wp-json\/wp\/v2\/types\/product"}],"wp:featuredmedia":[{"embeddable":true,"href":"https:\/\/www.fecarotta.com\/it\/wp-json\/wp\/v2\/media\/20332"}],"wp:attachment":[{"href":"https:\/\/www.fecarotta.com\/it\/wp-json\/wp\/v2\/media?parent=20330"}],"wp:term":[{"taxonomy":"product_brand","embeddable":true,"href":"https:\/\/www.fecarotta.com\/it\/wp-json\/wp\/v2\/product_brand?post=20330"},{"taxonomy":"product_cat","embeddable":true,"href":"https:\/\/www.fecarotta.com\/it\/wp-json\/wp\/v2\/product_cat?post=20330"},{"taxonomy":"product_tag","embeddable":true,"href":"https:\/\/www.fecarotta.com\/it\/wp-json\/wp\/v2\/product_tag?post=20330"}],"curies":[{"name":"wp","href":"https:\/\/api.w.org\/{rel}","templated":true}]}}