{"id":20048,"date":"2021-04-01T15:33:51","date_gmt":"2021-04-01T15:33:51","guid":{"rendered":"https:\/\/www.fecarotta.com\/?post_type=product&#038;p=20048"},"modified":"2026-03-19T17:29:07","modified_gmt":"2026-03-19T17:29:07","slug":"anello-tubogas-argento-testine-in-oro-malachite-e-onice","status":"publish","type":"product","link":"https:\/\/www.fecarotta.com\/it\/prodotto\/anello-tubogas-argento-testine-in-oro-malachite-e-onice\/","title":{"rendered":"Anello Tubogas contrari\u00e8 argento oro malachite onice"},"content":{"rendered":"<p>Anello Tubogas contrari\u00e8 argento oro malachite onice<br \/>\n&nbsp;<br \/>\n&nbsp;<br \/>\n&nbsp;<br \/>\nAnello Tubogas argento testine in oro malachite e onice afferisce all&#8217;et\u00e0 romana, quando un filo intrecciato su se stesso ha dato vita a una maglia che oggi \u00e8 nota al mondo come tubogas. I patrizi romani indossavano <a href=\"https:\/\/www.romanoimpero.com\/2015\/02\/i-gioielli-romani.html\" target=\"_blank\" rel=\"noopener noreferrer\">braccialetti flessibili<\/a> che potevano salire fino all&#8217;apice del braccio come se fossero avvolti nelle spire di un rettile splendente.<br \/>\n&nbsp;<br \/>\n&nbsp;<br \/>\nLa maglia TUBOGAS si \u00e8 evoluta nel corso dei millenni e grazie all&#8217;industria meccanica \u00e8 stata applicata tutta l&#8217;ingegneria che oggi rende questi oggetti in plastica particolarmente confortevoli.\u00a0A causa del dispositivo che circola attraverso il &#8220;tubo&#8221; del liquido o del gas, all&#8217;inizio del 900 questa spirale era chiamata proprio TUBOGAS.<br \/>\n&nbsp;<br \/>\n&nbsp;<br \/>\n&nbsp;<br \/>\nTUBOGAS \u00e8 un nobile e antico artigiano pensato per millenni;\u00a0\u00e8 un&#8217;eredit\u00e0 romana e italiana la cui ripetizione rafforza il suo mito.\u00a0Spetta a noi innovare preservando intatta la preziosit\u00e0 di questa Storia, che rispettiamo, anzi che amiamo.\u00a0E come ogni passione FG Fecarotta Gioielli punta a renderlo vivo, ogni volta di pi\u00f9, sulla pelle delle donne.<\/p>\n","protected":false},"excerpt":{"rendered":"<p>Anello Tubogas a molla in argento 925 con testine in oro 18ct, malachite e onice. La misura\u00a0<strong>misura M<\/strong> veste le misure da 12 a 15.<\/p>\n<p>&nbsp;<\/p>\n","protected":false},"featured_media":146499,"template":"","meta":{"_acf_changed":false},"product_brand":[],"product_cat":[96,27],"product_tag":[],"class_list":{"0":"post-20048","1":"product","2":"type-product","3":"status-publish","4":"has-post-thumbnail","6":"product_cat-anelli","7":"product_cat-gioielli","8":"pa_brand-fecarotta","9":"pa_collection-tubogas","10":"pa_gender-donna","11":"pa_size-814","12":"pa_size-813","13":"pa_size-855","14":"pa_size-859","16":"first","17":"instock","18":"shipping-taxable","19":"purchasable","20":"product-type-variable","21":"add-to-wishlist-before_image"},"acf":[],"yoast_head":"<!-- This site is optimized with the Yoast SEO plugin v27.5 - https:\/\/yoast.com\/product\/yoast-seo-wordpress\/ -->\n<title>Anello Tubogas contrari\u00e8 argento oro malachite onice - Fecarotta Gioielli<\/title>\n<meta name=\"description\" content=\"Anello Tubogas contrari\u00e8 argento oro malachite onice trae origine dall&#039;et\u00e0 romana, quando un filo intrecciato su se stesso ha dato vita a una maglia che oggi \u00e8 nota al mondo come tubogas\" \/>\n<meta name=\"robots\" content=\"index, follow, max-snippet:-1, max-image-preview:large, max-video-preview:-1\" \/>\n<link rel=\"canonical\" href=\"https:\/\/www.fecarotta.com\/it\/prodotto\/anello-tubogas-argento-testine-in-oro-malachite-e-onice\/\" \/>\n<meta property=\"og:locale\" content=\"it_IT\" \/>\n<meta property=\"og:type\" content=\"article\" \/>\n<meta property=\"og:title\" content=\"Anello Tubogas contrari\u00e8 argento oro malachite onice - Fecarotta Gioielli\" \/>\n<meta property=\"og:description\" content=\"Anello Tubogas contrari\u00e8 argento oro malachite onice trae origine dall&#039;et\u00e0 romana, quando un filo intrecciato su se stesso ha dato vita a una maglia che oggi \u00e8 nota al mondo come tubogas\" \/>\n<meta property=\"og:url\" content=\"https:\/\/www.fecarotta.com\/it\/prodotto\/anello-tubogas-argento-testine-in-oro-malachite-e-onice\/\" \/>\n<meta property=\"og:site_name\" content=\"Fecarotta Gioielli\" \/>\n<meta property=\"article:publisher\" content=\"https:\/\/www.facebook.com\/fecarottagioielli\" \/>\n<meta property=\"article:modified_time\" content=\"2026-03-19T17:29:07+00:00\" \/>\n<meta property=\"og:image\" content=\"https:\/\/storage1208.cdn-immedia.net\/wp-content\/uploads\/2021\/04\/TUB_ARG_AN_08_MAL_ONX-.jpg\" \/>\n\t<meta property=\"og:image:width\" content=\"2000\" \/>\n\t<meta property=\"og:image:height\" content=\"2000\" \/>\n\t<meta property=\"og:image:type\" content=\"image\/jpeg\" \/>\n<meta name=\"twitter:card\" content=\"summary_large_image\" \/>\n<meta name=\"twitter:label1\" content=\"Tempo di lettura stimato\" \/>\n\t<meta name=\"twitter:data1\" content=\"1 minuto\" \/>\n<script type=\"application\/ld+json\" class=\"yoast-schema-graph\">{\"@context\":\"https:\\\/\\\/schema.org\",\"@graph\":[{\"@type\":\"WebPage\",\"@id\":\"https:\\\/\\\/www.fecarotta.com\\\/it\\\/prodotto\\\/anello-tubogas-argento-testine-in-oro-malachite-e-onice\\\/\",\"url\":\"https:\\\/\\\/www.fecarotta.com\\\/it\\\/prodotto\\\/anello-tubogas-argento-testine-in-oro-malachite-e-onice\\\/\",\"name\":\"Anello Tubogas contrari\u00e8 argento oro malachite onice - Fecarotta Gioielli\",\"isPartOf\":{\"@id\":\"https:\\\/\\\/www.fecarotta.com\\\/it\\\/#website\"},\"primaryImageOfPage\":{\"@id\":\"https:\\\/\\\/www.fecarotta.com\\\/it\\\/prodotto\\\/anello-tubogas-argento-testine-in-oro-malachite-e-onice\\\/#primaryimage\"},\"image\":{\"@id\":\"https:\\\/\\\/www.fecarotta.com\\\/it\\\/prodotto\\\/anello-tubogas-argento-testine-in-oro-malachite-e-onice\\\/#primaryimage\"},\"thumbnailUrl\":\"https:\\\/\\\/www.fecarotta.com\\\/wp-content\\\/uploads\\\/2021\\\/04\\\/TUB_ARG_AN_08_MAL_ONX-.jpg\",\"datePublished\":\"2021-04-01T15:33:51+00:00\",\"dateModified\":\"2026-03-19T17:29:07+00:00\",\"description\":\"Anello Tubogas contrari\u00e8 argento oro malachite onice trae origine dall'et\u00e0 romana, quando un filo intrecciato su se stesso ha dato vita a una maglia che oggi \u00e8 nota al mondo come tubogas\",\"breadcrumb\":{\"@id\":\"https:\\\/\\\/www.fecarotta.com\\\/it\\\/prodotto\\\/anello-tubogas-argento-testine-in-oro-malachite-e-onice\\\/#breadcrumb\"},\"inLanguage\":\"it-IT\",\"potentialAction\":[{\"@type\":\"ReadAction\",\"target\":[\"https:\\\/\\\/www.fecarotta.com\\\/it\\\/prodotto\\\/anello-tubogas-argento-testine-in-oro-malachite-e-onice\\\/\"]}]},{\"@type\":\"ImageObject\",\"inLanguage\":\"it-IT\",\"@id\":\"https:\\\/\\\/www.fecarotta.com\\\/it\\\/prodotto\\\/anello-tubogas-argento-testine-in-oro-malachite-e-onice\\\/#primaryimage\",\"url\":\"https:\\\/\\\/www.fecarotta.com\\\/wp-content\\\/uploads\\\/2021\\\/04\\\/TUB_ARG_AN_08_MAL_ONX-.jpg\",\"contentUrl\":\"https:\\\/\\\/www.fecarotta.com\\\/wp-content\\\/uploads\\\/2021\\\/04\\\/TUB_ARG_AN_08_MAL_ONX-.jpg\",\"width\":2000,\"height\":2000,\"caption\":\"Anello Tubogas contrari\u00e8 argento oro malachite onice\"},{\"@type\":\"BreadcrumbList\",\"@id\":\"https:\\\/\\\/www.fecarotta.com\\\/it\\\/prodotto\\\/anello-tubogas-argento-testine-in-oro-malachite-e-onice\\\/#breadcrumb\",\"itemListElement\":[{\"@type\":\"ListItem\",\"position\":1,\"name\":\"Home\",\"item\":\"https:\\\/\\\/www.fecarotta.com\\\/it\\\/\"},{\"@type\":\"ListItem\",\"position\":2,\"name\":\"Negozio\",\"item\":\"https:\\\/\\\/www.fecarotta.com\\\/it\\\/negozio\\\/\"},{\"@type\":\"ListItem\",\"position\":3,\"name\":\"Anello Tubogas contrari\u00e8 argento oro malachite onice\"}]},{\"@type\":\"WebSite\",\"@id\":\"https:\\\/\\\/www.fecarotta.com\\\/it\\\/#website\",\"url\":\"https:\\\/\\\/www.fecarotta.com\\\/it\\\/\",\"name\":\"Fecarotta Gioielli\",\"description\":\"\",\"publisher\":{\"@id\":\"https:\\\/\\\/www.fecarotta.com\\\/it\\\/#organization\"},\"potentialAction\":[{\"@type\":\"SearchAction\",\"target\":{\"@type\":\"EntryPoint\",\"urlTemplate\":\"https:\\\/\\\/www.fecarotta.com\\\/it\\\/?s={search_term_string}\"},\"query-input\":{\"@type\":\"PropertyValueSpecification\",\"valueRequired\":true,\"valueName\":\"search_term_string\"}}],\"inLanguage\":\"it-IT\"},{\"@type\":\"Organization\",\"@id\":\"https:\\\/\\\/www.fecarotta.com\\\/it\\\/#organization\",\"name\":\"Fecarotta Gioielli\",\"url\":\"https:\\\/\\\/www.fecarotta.com\\\/it\\\/\",\"logo\":{\"@type\":\"ImageObject\",\"inLanguage\":\"it-IT\",\"@id\":\"https:\\\/\\\/www.fecarotta.com\\\/it\\\/#\\\/schema\\\/logo\\\/image\\\/\",\"url\":\"https:\\\/\\\/www.fecarotta.com\\\/wp-content\\\/uploads\\\/2025\\\/03\\\/logo-gmb-fecarotta.jpg\",\"contentUrl\":\"https:\\\/\\\/www.fecarotta.com\\\/wp-content\\\/uploads\\\/2025\\\/03\\\/logo-gmb-fecarotta.jpg\",\"width\":500,\"height\":500,\"caption\":\"Fecarotta Gioielli\"},\"image\":{\"@id\":\"https:\\\/\\\/www.fecarotta.com\\\/it\\\/#\\\/schema\\\/logo\\\/image\\\/\"},\"sameAs\":[\"https:\\\/\\\/www.facebook.com\\\/fecarottagioielli\",\"http:\\\/\\\/www.instagram.com\\\/fecarotta.it\",\"https:\\\/\\\/www.linkedin.com\\\/company\\\/fecarotta-it\\\/\",\"https:\\\/\\\/api.whatsapp.com\\\/send?phone=393913323691&text=Salve, vorrei qualche informazione in merito ai vostri prodotti.\"]}]}<\/script>\n<!-- \/ Yoast SEO plugin. -->","yoast_head_json":{"title":"Anello Tubogas contrari\u00e8 argento oro malachite onice - Fecarotta Gioielli","description":"Anello Tubogas contrari\u00e8 argento oro malachite onice trae origine dall'et\u00e0 romana, quando un filo intrecciato su se stesso ha dato vita a una maglia che oggi \u00e8 nota al mondo come tubogas","robots":{"index":"index","follow":"follow","max-snippet":"max-snippet:-1","max-image-preview":"max-image-preview:large","max-video-preview":"max-video-preview:-1"},"canonical":"https:\/\/www.fecarotta.com\/it\/prodotto\/anello-tubogas-argento-testine-in-oro-malachite-e-onice\/","og_locale":"it_IT","og_type":"article","og_title":"Anello Tubogas contrari\u00e8 argento oro malachite onice - Fecarotta Gioielli","og_description":"Anello Tubogas contrari\u00e8 argento oro malachite onice trae origine dall'et\u00e0 romana, quando un filo intrecciato su se stesso ha dato vita a una maglia che oggi \u00e8 nota al mondo come tubogas","og_url":"https:\/\/www.fecarotta.com\/it\/prodotto\/anello-tubogas-argento-testine-in-oro-malachite-e-onice\/","og_site_name":"Fecarotta Gioielli","article_publisher":"https:\/\/www.facebook.com\/fecarottagioielli","article_modified_time":"2026-03-19T17:29:07+00:00","og_image":[{"width":2000,"height":2000,"url":"https:\/\/storage1208.cdn-immedia.net\/wp-content\/uploads\/2021\/04\/TUB_ARG_AN_08_MAL_ONX-.jpg","type":"image\/jpeg"}],"twitter_card":"summary_large_image","twitter_misc":{"Tempo di lettura stimato":"1 minuto"},"schema":{"@context":"https:\/\/schema.org","@graph":[{"@type":"WebPage","@id":"https:\/\/www.fecarotta.com\/it\/prodotto\/anello-tubogas-argento-testine-in-oro-malachite-e-onice\/","url":"https:\/\/www.fecarotta.com\/it\/prodotto\/anello-tubogas-argento-testine-in-oro-malachite-e-onice\/","name":"Anello Tubogas contrari\u00e8 argento oro malachite onice - Fecarotta Gioielli","isPartOf":{"@id":"https:\/\/www.fecarotta.com\/it\/#website"},"primaryImageOfPage":{"@id":"https:\/\/www.fecarotta.com\/it\/prodotto\/anello-tubogas-argento-testine-in-oro-malachite-e-onice\/#primaryimage"},"image":{"@id":"https:\/\/www.fecarotta.com\/it\/prodotto\/anello-tubogas-argento-testine-in-oro-malachite-e-onice\/#primaryimage"},"thumbnailUrl":"https:\/\/storage1208.cdn-immedia.net\/wp-content\/uploads\/2021\/04\/TUB_ARG_AN_08_MAL_ONX-.jpg","datePublished":"2021-04-01T15:33:51+00:00","dateModified":"2026-03-19T17:29:07+00:00","description":"Anello Tubogas contrari\u00e8 argento oro malachite onice trae origine dall'et\u00e0 romana, quando un filo intrecciato su se stesso ha dato vita a una maglia che oggi \u00e8 nota al mondo come tubogas","breadcrumb":{"@id":"https:\/\/www.fecarotta.com\/it\/prodotto\/anello-tubogas-argento-testine-in-oro-malachite-e-onice\/#breadcrumb"},"inLanguage":"it-IT","potentialAction":[{"@type":"ReadAction","target":["https:\/\/www.fecarotta.com\/it\/prodotto\/anello-tubogas-argento-testine-in-oro-malachite-e-onice\/"]}]},{"@type":"ImageObject","inLanguage":"it-IT","@id":"https:\/\/www.fecarotta.com\/it\/prodotto\/anello-tubogas-argento-testine-in-oro-malachite-e-onice\/#primaryimage","url":"https:\/\/storage1208.cdn-immedia.net\/wp-content\/uploads\/2021\/04\/TUB_ARG_AN_08_MAL_ONX-.jpg","contentUrl":"https:\/\/storage1208.cdn-immedia.net\/wp-content\/uploads\/2021\/04\/TUB_ARG_AN_08_MAL_ONX-.jpg","width":2000,"height":2000,"caption":"Anello Tubogas contrari\u00e8 argento oro malachite onice"},{"@type":"BreadcrumbList","@id":"https:\/\/www.fecarotta.com\/it\/prodotto\/anello-tubogas-argento-testine-in-oro-malachite-e-onice\/#breadcrumb","itemListElement":[{"@type":"ListItem","position":1,"name":"Home","item":"https:\/\/www.fecarotta.com\/it\/"},{"@type":"ListItem","position":2,"name":"Negozio","item":"https:\/\/www.fecarotta.com\/it\/negozio\/"},{"@type":"ListItem","position":3,"name":"Anello Tubogas contrari\u00e8 argento oro malachite onice"}]},{"@type":"WebSite","@id":"https:\/\/www.fecarotta.com\/it\/#website","url":"https:\/\/www.fecarotta.com\/it\/","name":"Fecarotta Gioielli","description":"","publisher":{"@id":"https:\/\/www.fecarotta.com\/it\/#organization"},"potentialAction":[{"@type":"SearchAction","target":{"@type":"EntryPoint","urlTemplate":"https:\/\/www.fecarotta.com\/it\/?s={search_term_string}"},"query-input":{"@type":"PropertyValueSpecification","valueRequired":true,"valueName":"search_term_string"}}],"inLanguage":"it-IT"},{"@type":"Organization","@id":"https:\/\/www.fecarotta.com\/it\/#organization","name":"Fecarotta Gioielli","url":"https:\/\/www.fecarotta.com\/it\/","logo":{"@type":"ImageObject","inLanguage":"it-IT","@id":"https:\/\/www.fecarotta.com\/it\/#\/schema\/logo\/image\/","url":"https:\/\/storage1208.cdn-immedia.net\/wp-content\/uploads\/2025\/03\/logo-gmb-fecarotta.jpg","contentUrl":"https:\/\/storage1208.cdn-immedia.net\/wp-content\/uploads\/2025\/03\/logo-gmb-fecarotta.jpg","width":500,"height":500,"caption":"Fecarotta Gioielli"},"image":{"@id":"https:\/\/www.fecarotta.com\/it\/#\/schema\/logo\/image\/"},"sameAs":["https:\/\/www.facebook.com\/fecarottagioielli","http:\/\/www.instagram.com\/fecarotta.it","https:\/\/www.linkedin.com\/company\/fecarotta-it\/","https:\/\/api.whatsapp.com\/send?phone=393913323691&text=Salve, vorrei qualche informazione in merito ai vostri prodotti."]}]}},"_links":{"self":[{"href":"https:\/\/www.fecarotta.com\/it\/wp-json\/wp\/v2\/product\/20048","targetHints":{"allow":["GET"]}}],"collection":[{"href":"https:\/\/www.fecarotta.com\/it\/wp-json\/wp\/v2\/product"}],"about":[{"href":"https:\/\/www.fecarotta.com\/it\/wp-json\/wp\/v2\/types\/product"}],"wp:featuredmedia":[{"embeddable":true,"href":"https:\/\/www.fecarotta.com\/it\/wp-json\/wp\/v2\/media\/146499"}],"wp:attachment":[{"href":"https:\/\/www.fecarotta.com\/it\/wp-json\/wp\/v2\/media?parent=20048"}],"wp:term":[{"taxonomy":"product_brand","embeddable":true,"href":"https:\/\/www.fecarotta.com\/it\/wp-json\/wp\/v2\/product_brand?post=20048"},{"taxonomy":"product_cat","embeddable":true,"href":"https:\/\/www.fecarotta.com\/it\/wp-json\/wp\/v2\/product_cat?post=20048"},{"taxonomy":"product_tag","embeddable":true,"href":"https:\/\/www.fecarotta.com\/it\/wp-json\/wp\/v2\/product_tag?post=20048"}],"curies":[{"name":"wp","href":"https:\/\/api.w.org\/{rel}","templated":true}]}}