{"id":17521,"date":"2020-03-30T13:14:43","date_gmt":"2020-03-30T13:14:43","guid":{"rendered":"https:\/\/www.fecarotta.com\/?post_type=product&#038;p=17521"},"modified":"2026-03-23T18:43:45","modified_gmt":"2026-03-23T18:43:45","slug":"anello-bon-ton-zaffiri-e-brillanti","status":"publish","type":"product","link":"https:\/\/www.fecarotta.com\/it\/prodotto\/anello-bon-ton-zaffiri-e-brillanti\/","title":{"rendered":"Anello Bon Ton zaffiri brillanti"},"content":{"rendered":"<p>Anello Bon Ton in oro bianco brillanti e zaffiri fa parte della gioielleria classica con brillanti, rubini e zaffiri naturali destinata ad un pubblico di tutte le et\u00e0 con un ottimo rapporto qualit\u00e0 prezzo. Ogni gioiello \u008f corredato da un certificato di garanzia con foto e caratteristiche che ne attestano la qualit\u00e0 ed autenticit\u00e0. Tutti i nostri gioielli con brillanti e pietre preziose sono corredati da un certificato di autenticit\u00e0.<\/p>\n<p>&nbsp;<\/p>\n<h4 class=\"js-el heading-tag la-unit-responsive\">F.G. Fecarotta Gioielli; Oltre due secoli di storia.<\/h4>\n<div class=\"js-el subheading-tag la-unit-responsive\">\n<p class=\"p1\"><strong>Siamo gioiellieri, da oltre 200 anni.<\/strong><\/p>\n<p class=\"p1\">Realizziamo collezioni di gioielli classici di manifattura definiti da un\u2019altissima qualit\u00e0 delle pietre lavorate.<\/p>\n<\/div>\n<p>Molti non sanno che il nome\u00a0<i>zaffiro<\/i>\u00a0deriva probabilmente dal termine greco \u03c3\u03ac\u03c0\u03c6\u03b5\u03b9\u03c1\u03bf\u03c2 (<i>s\u00e0ppheiros<\/i>), ossia &#8220;azzurro&#8221;, oppure dall&#8217;ebraico \u05e1\u05e4\u05d9\u05e8 (<i>sappir<\/i>), ossia &#8220;la cosa pi\u00f9 bella&#8221;. Gli antichi persiani credevano che il colore del cielo derivasse da uno zaffiro gigantesco su cui posava la Terra. Il cosiddetto <i>Black Star of Queensland<\/i>, il pi\u00f9 grande zaffiro stellato di qualit\u00e0 gemmologica al mondo (733 karati, pari a 146,6 grammi di peso) fu scoperto in Australia, negli anni Trenta, da un ragazzo dodicenne, Roy Spencer, nella miniera di Reward Claim, vicino ad\u00a0Anakie, nel\u00a0<a title=\"Queensland\" href=\"https:\/\/it.wikipedia.org\/wiki\/Queensland\">Queensland<\/a>. Inizialmente scambiato da suo padre per un comune cristallo nero, fu usato per anni in casa come fermaporta. Soltanto in seguito, ad un esame specifico pi\u00f9 attento, si scopr\u00ec trattarsi di uno zaffiro di grandissimo valore.<\/p>\n<p><a href=\"https:\/\/www.fecarotta.com\/it\/fecarotta-gioielli-company\/\" target=\"_blank\" rel=\"noopener noreferrer\">La nostra Azienda<\/a><\/p>\n<p>&nbsp;<\/p>\n","protected":false},"excerpt":{"rendered":"<p>Anello Bon Ton zaffiri e brillanti ; fedina in oro bianco con 7 zaffiri e brillanti<\/p>\n<p>Zaffiri ct 0.55<\/p>\n<p>Diamanti ct o.28<\/p>\n","protected":false},"featured_media":144952,"template":"","meta":{"_acf_changed":false},"product_brand":[],"product_cat":[96,2381,27],"product_tag":[],"class_list":{"0":"post-17521","1":"product","2":"type-product","3":"status-publish","4":"has-post-thumbnail","6":"product_cat-anelli","7":"product_cat-fedine-e-verette","8":"product_cat-gioielli","9":"pa_brand-fecarotta","10":"pa_collection-bon-ton","11":"pa_gender-donna","12":"pa_size-814","13":"pa_size-813","15":"first","16":"instock","17":"shipping-taxable","18":"purchasable","19":"product-type-variable","20":"add-to-wishlist-before_image"},"acf":[],"yoast_head":"<!-- This site is optimized with the Yoast SEO plugin v27.5 - https:\/\/yoast.com\/product\/yoast-seo-wordpress\/ -->\n<title>Anello Bon Ton zaffiri brillanti - Fecarotta Gioielli<\/title>\n<meta name=\"description\" content=\"Anello Bon Ton zaffiri e brillanti , fa parte della gioielleria con brillanti, rubini e zaffiri con un ottimo rapporto qualit\u00e0 prezzo\" \/>\n<meta name=\"robots\" content=\"index, follow, max-snippet:-1, max-image-preview:large, max-video-preview:-1\" \/>\n<link rel=\"canonical\" href=\"https:\/\/www.fecarotta.com\/it\/prodotto\/anello-bon-ton-zaffiri-e-brillanti\/\" \/>\n<meta property=\"og:locale\" content=\"it_IT\" \/>\n<meta property=\"og:type\" content=\"article\" \/>\n<meta property=\"og:title\" content=\"Anello Bon Ton zaffiri brillanti - Fecarotta Gioielli\" \/>\n<meta property=\"og:description\" content=\"Anello Bon Ton zaffiri e brillanti , fa parte della gioielleria con brillanti, rubini e zaffiri con un ottimo rapporto qualit\u00e0 prezzo\" \/>\n<meta property=\"og:url\" content=\"https:\/\/www.fecarotta.com\/it\/prodotto\/anello-bon-ton-zaffiri-e-brillanti\/\" \/>\n<meta property=\"og:site_name\" content=\"Fecarotta Gioielli\" \/>\n<meta property=\"article:publisher\" content=\"https:\/\/www.facebook.com\/fecarottagioielli\" \/>\n<meta property=\"article:modified_time\" content=\"2026-03-23T18:43:45+00:00\" \/>\n<meta property=\"og:image\" content=\"https:\/\/storage1208.cdn-immedia.net\/wp-content\/uploads\/2020\/03\/R176366Z.jpg\" \/>\n\t<meta property=\"og:image:width\" content=\"2000\" \/>\n\t<meta property=\"og:image:height\" content=\"2000\" \/>\n\t<meta property=\"og:image:type\" content=\"image\/jpeg\" \/>\n<meta name=\"twitter:card\" content=\"summary_large_image\" \/>\n<meta name=\"twitter:label1\" content=\"Tempo di lettura stimato\" \/>\n\t<meta name=\"twitter:data1\" content=\"1 minuto\" \/>\n<script type=\"application\/ld+json\" class=\"yoast-schema-graph\">{\"@context\":\"https:\\\/\\\/schema.org\",\"@graph\":[{\"@type\":\"WebPage\",\"@id\":\"https:\\\/\\\/www.fecarotta.com\\\/it\\\/prodotto\\\/anello-bon-ton-zaffiri-e-brillanti\\\/\",\"url\":\"https:\\\/\\\/www.fecarotta.com\\\/it\\\/prodotto\\\/anello-bon-ton-zaffiri-e-brillanti\\\/\",\"name\":\"Anello Bon Ton zaffiri brillanti - Fecarotta Gioielli\",\"isPartOf\":{\"@id\":\"https:\\\/\\\/www.fecarotta.com\\\/it\\\/#website\"},\"primaryImageOfPage\":{\"@id\":\"https:\\\/\\\/www.fecarotta.com\\\/it\\\/prodotto\\\/anello-bon-ton-zaffiri-e-brillanti\\\/#primaryimage\"},\"image\":{\"@id\":\"https:\\\/\\\/www.fecarotta.com\\\/it\\\/prodotto\\\/anello-bon-ton-zaffiri-e-brillanti\\\/#primaryimage\"},\"thumbnailUrl\":\"https:\\\/\\\/www.fecarotta.com\\\/wp-content\\\/uploads\\\/2020\\\/03\\\/R176366Z.jpg\",\"datePublished\":\"2020-03-30T13:14:43+00:00\",\"dateModified\":\"2026-03-23T18:43:45+00:00\",\"description\":\"Anello Bon Ton zaffiri e brillanti , fa parte della gioielleria con brillanti, rubini e zaffiri con un ottimo rapporto qualit\u00e0 prezzo\",\"breadcrumb\":{\"@id\":\"https:\\\/\\\/www.fecarotta.com\\\/it\\\/prodotto\\\/anello-bon-ton-zaffiri-e-brillanti\\\/#breadcrumb\"},\"inLanguage\":\"it-IT\",\"potentialAction\":[{\"@type\":\"ReadAction\",\"target\":[\"https:\\\/\\\/www.fecarotta.com\\\/it\\\/prodotto\\\/anello-bon-ton-zaffiri-e-brillanti\\\/\"]}]},{\"@type\":\"ImageObject\",\"inLanguage\":\"it-IT\",\"@id\":\"https:\\\/\\\/www.fecarotta.com\\\/it\\\/prodotto\\\/anello-bon-ton-zaffiri-e-brillanti\\\/#primaryimage\",\"url\":\"https:\\\/\\\/www.fecarotta.com\\\/wp-content\\\/uploads\\\/2020\\\/03\\\/R176366Z.jpg\",\"contentUrl\":\"https:\\\/\\\/www.fecarotta.com\\\/wp-content\\\/uploads\\\/2020\\\/03\\\/R176366Z.jpg\",\"width\":2000,\"height\":2000},{\"@type\":\"BreadcrumbList\",\"@id\":\"https:\\\/\\\/www.fecarotta.com\\\/it\\\/prodotto\\\/anello-bon-ton-zaffiri-e-brillanti\\\/#breadcrumb\",\"itemListElement\":[{\"@type\":\"ListItem\",\"position\":1,\"name\":\"Home\",\"item\":\"https:\\\/\\\/www.fecarotta.com\\\/it\\\/\"},{\"@type\":\"ListItem\",\"position\":2,\"name\":\"Negozio\",\"item\":\"https:\\\/\\\/www.fecarotta.com\\\/it\\\/negozio\\\/\"},{\"@type\":\"ListItem\",\"position\":3,\"name\":\"Anello Bon Ton zaffiri brillanti\"}]},{\"@type\":\"WebSite\",\"@id\":\"https:\\\/\\\/www.fecarotta.com\\\/it\\\/#website\",\"url\":\"https:\\\/\\\/www.fecarotta.com\\\/it\\\/\",\"name\":\"Fecarotta Gioielli\",\"description\":\"\",\"publisher\":{\"@id\":\"https:\\\/\\\/www.fecarotta.com\\\/it\\\/#organization\"},\"potentialAction\":[{\"@type\":\"SearchAction\",\"target\":{\"@type\":\"EntryPoint\",\"urlTemplate\":\"https:\\\/\\\/www.fecarotta.com\\\/it\\\/?s={search_term_string}\"},\"query-input\":{\"@type\":\"PropertyValueSpecification\",\"valueRequired\":true,\"valueName\":\"search_term_string\"}}],\"inLanguage\":\"it-IT\"},{\"@type\":\"Organization\",\"@id\":\"https:\\\/\\\/www.fecarotta.com\\\/it\\\/#organization\",\"name\":\"Fecarotta Gioielli\",\"url\":\"https:\\\/\\\/www.fecarotta.com\\\/it\\\/\",\"logo\":{\"@type\":\"ImageObject\",\"inLanguage\":\"it-IT\",\"@id\":\"https:\\\/\\\/www.fecarotta.com\\\/it\\\/#\\\/schema\\\/logo\\\/image\\\/\",\"url\":\"https:\\\/\\\/www.fecarotta.com\\\/wp-content\\\/uploads\\\/2025\\\/03\\\/logo-gmb-fecarotta.jpg\",\"contentUrl\":\"https:\\\/\\\/www.fecarotta.com\\\/wp-content\\\/uploads\\\/2025\\\/03\\\/logo-gmb-fecarotta.jpg\",\"width\":500,\"height\":500,\"caption\":\"Fecarotta Gioielli\"},\"image\":{\"@id\":\"https:\\\/\\\/www.fecarotta.com\\\/it\\\/#\\\/schema\\\/logo\\\/image\\\/\"},\"sameAs\":[\"https:\\\/\\\/www.facebook.com\\\/fecarottagioielli\",\"http:\\\/\\\/www.instagram.com\\\/fecarotta.it\",\"https:\\\/\\\/www.linkedin.com\\\/company\\\/fecarotta-it\\\/\",\"https:\\\/\\\/api.whatsapp.com\\\/send?phone=393913323691&text=Salve, vorrei qualche informazione in merito ai vostri prodotti.\"]}]}<\/script>\n<!-- \/ Yoast SEO plugin. -->","yoast_head_json":{"title":"Anello Bon Ton zaffiri brillanti - Fecarotta Gioielli","description":"Anello Bon Ton zaffiri e brillanti , fa parte della gioielleria con brillanti, rubini e zaffiri con un ottimo rapporto qualit\u00e0 prezzo","robots":{"index":"index","follow":"follow","max-snippet":"max-snippet:-1","max-image-preview":"max-image-preview:large","max-video-preview":"max-video-preview:-1"},"canonical":"https:\/\/www.fecarotta.com\/it\/prodotto\/anello-bon-ton-zaffiri-e-brillanti\/","og_locale":"it_IT","og_type":"article","og_title":"Anello Bon Ton zaffiri brillanti - Fecarotta Gioielli","og_description":"Anello Bon Ton zaffiri e brillanti , fa parte della gioielleria con brillanti, rubini e zaffiri con un ottimo rapporto qualit\u00e0 prezzo","og_url":"https:\/\/www.fecarotta.com\/it\/prodotto\/anello-bon-ton-zaffiri-e-brillanti\/","og_site_name":"Fecarotta Gioielli","article_publisher":"https:\/\/www.facebook.com\/fecarottagioielli","article_modified_time":"2026-03-23T18:43:45+00:00","og_image":[{"width":2000,"height":2000,"url":"https:\/\/storage1208.cdn-immedia.net\/wp-content\/uploads\/2020\/03\/R176366Z.jpg","type":"image\/jpeg"}],"twitter_card":"summary_large_image","twitter_misc":{"Tempo di lettura stimato":"1 minuto"},"schema":{"@context":"https:\/\/schema.org","@graph":[{"@type":"WebPage","@id":"https:\/\/www.fecarotta.com\/it\/prodotto\/anello-bon-ton-zaffiri-e-brillanti\/","url":"https:\/\/www.fecarotta.com\/it\/prodotto\/anello-bon-ton-zaffiri-e-brillanti\/","name":"Anello Bon Ton zaffiri brillanti - Fecarotta Gioielli","isPartOf":{"@id":"https:\/\/www.fecarotta.com\/it\/#website"},"primaryImageOfPage":{"@id":"https:\/\/www.fecarotta.com\/it\/prodotto\/anello-bon-ton-zaffiri-e-brillanti\/#primaryimage"},"image":{"@id":"https:\/\/www.fecarotta.com\/it\/prodotto\/anello-bon-ton-zaffiri-e-brillanti\/#primaryimage"},"thumbnailUrl":"https:\/\/storage1208.cdn-immedia.net\/wp-content\/uploads\/2020\/03\/R176366Z.jpg","datePublished":"2020-03-30T13:14:43+00:00","dateModified":"2026-03-23T18:43:45+00:00","description":"Anello Bon Ton zaffiri e brillanti , fa parte della gioielleria con brillanti, rubini e zaffiri con un ottimo rapporto qualit\u00e0 prezzo","breadcrumb":{"@id":"https:\/\/www.fecarotta.com\/it\/prodotto\/anello-bon-ton-zaffiri-e-brillanti\/#breadcrumb"},"inLanguage":"it-IT","potentialAction":[{"@type":"ReadAction","target":["https:\/\/www.fecarotta.com\/it\/prodotto\/anello-bon-ton-zaffiri-e-brillanti\/"]}]},{"@type":"ImageObject","inLanguage":"it-IT","@id":"https:\/\/www.fecarotta.com\/it\/prodotto\/anello-bon-ton-zaffiri-e-brillanti\/#primaryimage","url":"https:\/\/storage1208.cdn-immedia.net\/wp-content\/uploads\/2020\/03\/R176366Z.jpg","contentUrl":"https:\/\/storage1208.cdn-immedia.net\/wp-content\/uploads\/2020\/03\/R176366Z.jpg","width":2000,"height":2000},{"@type":"BreadcrumbList","@id":"https:\/\/www.fecarotta.com\/it\/prodotto\/anello-bon-ton-zaffiri-e-brillanti\/#breadcrumb","itemListElement":[{"@type":"ListItem","position":1,"name":"Home","item":"https:\/\/www.fecarotta.com\/it\/"},{"@type":"ListItem","position":2,"name":"Negozio","item":"https:\/\/www.fecarotta.com\/it\/negozio\/"},{"@type":"ListItem","position":3,"name":"Anello Bon Ton zaffiri brillanti"}]},{"@type":"WebSite","@id":"https:\/\/www.fecarotta.com\/it\/#website","url":"https:\/\/www.fecarotta.com\/it\/","name":"Fecarotta Gioielli","description":"","publisher":{"@id":"https:\/\/www.fecarotta.com\/it\/#organization"},"potentialAction":[{"@type":"SearchAction","target":{"@type":"EntryPoint","urlTemplate":"https:\/\/www.fecarotta.com\/it\/?s={search_term_string}"},"query-input":{"@type":"PropertyValueSpecification","valueRequired":true,"valueName":"search_term_string"}}],"inLanguage":"it-IT"},{"@type":"Organization","@id":"https:\/\/www.fecarotta.com\/it\/#organization","name":"Fecarotta Gioielli","url":"https:\/\/www.fecarotta.com\/it\/","logo":{"@type":"ImageObject","inLanguage":"it-IT","@id":"https:\/\/www.fecarotta.com\/it\/#\/schema\/logo\/image\/","url":"https:\/\/storage1208.cdn-immedia.net\/wp-content\/uploads\/2025\/03\/logo-gmb-fecarotta.jpg","contentUrl":"https:\/\/storage1208.cdn-immedia.net\/wp-content\/uploads\/2025\/03\/logo-gmb-fecarotta.jpg","width":500,"height":500,"caption":"Fecarotta Gioielli"},"image":{"@id":"https:\/\/www.fecarotta.com\/it\/#\/schema\/logo\/image\/"},"sameAs":["https:\/\/www.facebook.com\/fecarottagioielli","http:\/\/www.instagram.com\/fecarotta.it","https:\/\/www.linkedin.com\/company\/fecarotta-it\/","https:\/\/api.whatsapp.com\/send?phone=393913323691&text=Salve, vorrei qualche informazione in merito ai vostri prodotti."]}]}},"_links":{"self":[{"href":"https:\/\/www.fecarotta.com\/it\/wp-json\/wp\/v2\/product\/17521","targetHints":{"allow":["GET"]}}],"collection":[{"href":"https:\/\/www.fecarotta.com\/it\/wp-json\/wp\/v2\/product"}],"about":[{"href":"https:\/\/www.fecarotta.com\/it\/wp-json\/wp\/v2\/types\/product"}],"wp:featuredmedia":[{"embeddable":true,"href":"https:\/\/www.fecarotta.com\/it\/wp-json\/wp\/v2\/media\/144952"}],"wp:attachment":[{"href":"https:\/\/www.fecarotta.com\/it\/wp-json\/wp\/v2\/media?parent=17521"}],"wp:term":[{"taxonomy":"product_brand","embeddable":true,"href":"https:\/\/www.fecarotta.com\/it\/wp-json\/wp\/v2\/product_brand?post=17521"},{"taxonomy":"product_cat","embeddable":true,"href":"https:\/\/www.fecarotta.com\/it\/wp-json\/wp\/v2\/product_cat?post=17521"},{"taxonomy":"product_tag","embeddable":true,"href":"https:\/\/www.fecarotta.com\/it\/wp-json\/wp\/v2\/product_tag?post=17521"}],"curies":[{"name":"wp","href":"https:\/\/api.w.org\/{rel}","templated":true}]}}