{"id":17454,"date":"2020-05-07T07:02:39","date_gmt":"2020-05-07T07:02:39","guid":{"rendered":"https:\/\/www.fecarotta.com\/?post_type=product&#038;p=17454"},"modified":"2021-11-17T17:48:13","modified_gmt":"2021-11-17T17:48:13","slug":"orologio-vacheron-e-constantin","status":"publish","type":"product","link":"https:\/\/www.fecarotta.com\/it\/prodotto\/orologio-vacheron-e-constantin\/","title":{"rendered":"Orologio Vacheron e Constantin"},"content":{"rendered":"<p>Orologio Vacheron e Constantin, fa parte della collezione Vintage.<\/p>\n<p>La Gioielleria F.G. Fecarotta vanta un grande assortimento, sempre in evoluzione, di preziosi che vanno dagli anni \u201920 agli anni \u201970; acquistati con grande competenza e passione in giro per l\u2019Italia da Giorgio e Giuliano Fecarotta. Per noi \u00e8 fondamentale porre grande attenzione al rapporto qualit\u00e0 prezzo. Ogni gioiello viene corredato da un certificato di autenticit\u00e0 che ne attesta descrizione, foto e qualit\u00e0.<\/p>\n<p>F.G. Fecarotta Gioielli si distingue per la competenza nella valutazione e scelta dei gioielli antichi e vintage, reperiti in Europa e nel Mondo. Oggi si pone come solido punto di riferimento nella vendita di gioielleria antica di pregio e vintage<\/p>\n<p>&nbsp;<\/p>\n<p>La\u00a0<i>Vacheron Constantin<\/i>\u00a0fu fondata il 17 settembre\u00a01755\u00a0nel quartiere\u00a0ginevrino\u00a0di Saint-Gervais dall&#8217;orologiaio\u00a0<a class=\"new\" title=\"Jean-Marc Vacheron (la pagina non esiste)\" href=\"https:\/\/it.wikipedia.org\/w\/index.php?title=Jean-Marc_Vacheron&amp;action=edit&amp;redlink=1\">Jean-Marc Vacheron<\/a>. Inizialmente il laboratorio orologiaio era composto da Jean-Marc e da un suo apprendista. Risale all&#8217;anno della fondazione l&#8217;unico orologio della manifattura a recare la firma del fondatore.<sup id=\"cite_ref-sito_1-2\" class=\"reference\"><\/sup>\u00a0Nel\u00a01785\u00a0subentr\u00f2 alla guida dell&#8217;attivit\u00e0 il figlio del fondatore, Abraham Vacheron. Durante gli anni della sua amministrazione l&#8217;attivit\u00e0, poi passata al figlio Jacques Barth\u00e9l\u00e9mi, ampli\u00f2 la propria produzione. Risale al\u00a01790\u00a0la prima complicazione realizzata dalla manifattura. Jacques Barth\u00e9l\u00e9mi Vacheron, nipote del fondatore, subentr\u00f2 al padre nel\u00a01810: da allora inizia la produzione di esemplari pi\u00f9 complicati, tra i quali si ricordano gli orologi in grado di produrre melodie differenziate.<sup id=\"cite_ref-sito_1-3\" class=\"reference\"><\/sup><\/p>\n<p>Esponendo in vari Paesi, riusc\u00ec ad affascinare clienti del calibro di\u00a0<a title=\"Carlo Alberto di Savoia\" href=\"https:\/\/it.wikipedia.org\/wiki\/Carlo_Alberto_di_Savoia\">Carlo Alberto di Carignano<\/a>. Nel\u00a01819 entr\u00f2 a far parte della societ\u00e0 Fran\u00e7ois Constantin, che si occup\u00f2 degli aspetti commerciali. <sup id=\"cite_ref-sito_1-4\" class=\"reference\"><\/sup>\u00c8 sua la paternit\u00e0 del motto della manifattura, che da questo momento assume il nome\u00a0<b>Vacheron&amp;Constantin<\/b>. Nonostante l&#8217;esportazione di orologi in direzione degli USA fosse gi\u00e0 cominciata nel\u00a01811, solo nel\u00a01832\u00a0apre il suo ufficio newyorchese il primo agente di commercio con sede americana, John Magnin. Tre anni dopo l&#8217;attivit\u00e0 si estende anche in America del Sud. Nel\u00a01875\u00a0l&#8217;azienda si trasfer\u00ec nei nuovi locali in Rue des Moulins, dove ancora oggi \u00e8 situata la sede<\/p>\n<p>&nbsp;<\/p>\n<h4 class=\"js-el heading-tag la-unit-responsive\">F.G. Fecarotta Gioielli; Oltre due secoli di storia.<\/h4>\n<div class=\"js-el subheading-tag la-unit-responsive\">\n<p class=\"p1\"><strong>Siamo gioiellieri, da oltre 200 anni.<\/strong><\/p>\n<p class=\"p1\">\n<\/div>\n<p><a href=\"https:\/\/www.fecarotta.com\/it\/fecarotta-gioielli-company\/\" target=\"_blank\" rel=\"noopener noreferrer\">La nostra Azienda<\/a><\/p>\n<p>&nbsp;<\/p>\n","protected":false},"excerpt":{"rendered":"<p>Orologio Vacheron e Constantin in oro 18 ct . La fibbia \u00e8 in oro rosa ma non originale. Anni 70, senza scatola ne garanzia. Cassa 31 movimento automatico. Corona non originale<\/p>\n<p>Collezione Vintage<\/p>\n","protected":false},"featured_media":17462,"template":"","meta":{"_acf_changed":false},"product_brand":[],"product_cat":[206,99,71],"product_tag":[],"class_list":{"0":"post-17454","1":"product","2":"type-product","3":"status-publish","4":"has-post-thumbnail","6":"product_cat-orologi","7":"product_cat-orologi-automatici","8":"product_cat-orologi-uomo","10":"first","11":"instock","12":"purchasable","13":"product-type-simple","14":"add-to-wishlist-before_image"},"acf":[],"yoast_head":"<!-- This site is optimized with the Yoast SEO plugin v27.5 - https:\/\/yoast.com\/product\/yoast-seo-wordpress\/ -->\n<title>Orologio Vacheron e Constantin - Fecarotta Gioielli<\/title>\n<meta name=\"description\" content=\"F.G. Fecarotta Gioielli si distingue per la competenza nella valutazione e scelta dei gioielli antichi e vintage, reperiti in Europa e nel Mondo.\" \/>\n<meta name=\"robots\" content=\"index, follow, max-snippet:-1, max-image-preview:large, max-video-preview:-1\" \/>\n<link rel=\"canonical\" href=\"https:\/\/www.fecarotta.com\/it\/prodotto\/orologio-vacheron-e-constantin\/\" \/>\n<meta property=\"og:locale\" content=\"it_IT\" \/>\n<meta property=\"og:type\" content=\"article\" \/>\n<meta property=\"og:title\" content=\"Orologio Vacheron e Constantin - Fecarotta Gioielli\" \/>\n<meta property=\"og:description\" content=\"F.G. Fecarotta Gioielli si distingue per la competenza nella valutazione e scelta dei gioielli antichi e vintage, reperiti in Europa e nel Mondo.\" \/>\n<meta property=\"og:url\" content=\"https:\/\/www.fecarotta.com\/it\/prodotto\/orologio-vacheron-e-constantin\/\" \/>\n<meta property=\"og:site_name\" content=\"Fecarotta Gioielli\" \/>\n<meta property=\"article:publisher\" content=\"https:\/\/www.facebook.com\/fecarottagioielli\" \/>\n<meta property=\"article:modified_time\" content=\"2021-11-17T17:48:13+00:00\" \/>\n<meta property=\"og:image\" content=\"https:\/\/storage1208.cdn-immedia.net\/wp-content\/uploads\/2020\/03\/Orologio-Vacheron-e-Constantin-M3530.jpg\" \/>\n\t<meta property=\"og:image:width\" content=\"2000\" \/>\n\t<meta property=\"og:image:height\" content=\"2000\" \/>\n\t<meta property=\"og:image:type\" content=\"image\/jpeg\" \/>\n<meta name=\"twitter:card\" content=\"summary_large_image\" \/>\n<meta name=\"twitter:label1\" content=\"Tempo di lettura stimato\" \/>\n\t<meta name=\"twitter:data1\" content=\"2 minuti\" \/>\n<script type=\"application\/ld+json\" class=\"yoast-schema-graph\">{\"@context\":\"https:\\\/\\\/schema.org\",\"@graph\":[{\"@type\":\"WebPage\",\"@id\":\"https:\\\/\\\/www.fecarotta.com\\\/it\\\/prodotto\\\/orologio-vacheron-e-constantin\\\/\",\"url\":\"https:\\\/\\\/www.fecarotta.com\\\/it\\\/prodotto\\\/orologio-vacheron-e-constantin\\\/\",\"name\":\"Orologio Vacheron e Constantin - Fecarotta Gioielli\",\"isPartOf\":{\"@id\":\"https:\\\/\\\/www.fecarotta.com\\\/it\\\/#website\"},\"primaryImageOfPage\":{\"@id\":\"https:\\\/\\\/www.fecarotta.com\\\/it\\\/prodotto\\\/orologio-vacheron-e-constantin\\\/#primaryimage\"},\"image\":{\"@id\":\"https:\\\/\\\/www.fecarotta.com\\\/it\\\/prodotto\\\/orologio-vacheron-e-constantin\\\/#primaryimage\"},\"thumbnailUrl\":\"https:\\\/\\\/www.fecarotta.com\\\/wp-content\\\/uploads\\\/2020\\\/03\\\/Orologio-Vacheron-e-Constantin-M3530.jpg\",\"datePublished\":\"2020-05-07T07:02:39+00:00\",\"dateModified\":\"2021-11-17T17:48:13+00:00\",\"description\":\"F.G. Fecarotta Gioielli si distingue per la competenza nella valutazione e scelta dei gioielli antichi e vintage, reperiti in Europa e nel Mondo.\",\"breadcrumb\":{\"@id\":\"https:\\\/\\\/www.fecarotta.com\\\/it\\\/prodotto\\\/orologio-vacheron-e-constantin\\\/#breadcrumb\"},\"inLanguage\":\"it-IT\",\"potentialAction\":[{\"@type\":\"ReadAction\",\"target\":[\"https:\\\/\\\/www.fecarotta.com\\\/it\\\/prodotto\\\/orologio-vacheron-e-constantin\\\/\"]}]},{\"@type\":\"ImageObject\",\"inLanguage\":\"it-IT\",\"@id\":\"https:\\\/\\\/www.fecarotta.com\\\/it\\\/prodotto\\\/orologio-vacheron-e-constantin\\\/#primaryimage\",\"url\":\"https:\\\/\\\/www.fecarotta.com\\\/wp-content\\\/uploads\\\/2020\\\/03\\\/Orologio-Vacheron-e-Constantin-M3530.jpg\",\"contentUrl\":\"https:\\\/\\\/www.fecarotta.com\\\/wp-content\\\/uploads\\\/2020\\\/03\\\/Orologio-Vacheron-e-Constantin-M3530.jpg\",\"width\":2000,\"height\":2000,\"caption\":\"Orologio Vacheron e Constantin\"},{\"@type\":\"BreadcrumbList\",\"@id\":\"https:\\\/\\\/www.fecarotta.com\\\/it\\\/prodotto\\\/orologio-vacheron-e-constantin\\\/#breadcrumb\",\"itemListElement\":[{\"@type\":\"ListItem\",\"position\":1,\"name\":\"Home\",\"item\":\"https:\\\/\\\/www.fecarotta.com\\\/it\\\/\"},{\"@type\":\"ListItem\",\"position\":2,\"name\":\"Negozio\",\"item\":\"https:\\\/\\\/www.fecarotta.com\\\/it\\\/negozio\\\/\"},{\"@type\":\"ListItem\",\"position\":3,\"name\":\"Orologio Vacheron e Constantin\"}]},{\"@type\":\"WebSite\",\"@id\":\"https:\\\/\\\/www.fecarotta.com\\\/it\\\/#website\",\"url\":\"https:\\\/\\\/www.fecarotta.com\\\/it\\\/\",\"name\":\"Fecarotta Gioielli\",\"description\":\"\",\"publisher\":{\"@id\":\"https:\\\/\\\/www.fecarotta.com\\\/it\\\/#organization\"},\"potentialAction\":[{\"@type\":\"SearchAction\",\"target\":{\"@type\":\"EntryPoint\",\"urlTemplate\":\"https:\\\/\\\/www.fecarotta.com\\\/it\\\/?s={search_term_string}\"},\"query-input\":{\"@type\":\"PropertyValueSpecification\",\"valueRequired\":true,\"valueName\":\"search_term_string\"}}],\"inLanguage\":\"it-IT\"},{\"@type\":\"Organization\",\"@id\":\"https:\\\/\\\/www.fecarotta.com\\\/it\\\/#organization\",\"name\":\"Fecarotta Gioielli\",\"url\":\"https:\\\/\\\/www.fecarotta.com\\\/it\\\/\",\"logo\":{\"@type\":\"ImageObject\",\"inLanguage\":\"it-IT\",\"@id\":\"https:\\\/\\\/www.fecarotta.com\\\/it\\\/#\\\/schema\\\/logo\\\/image\\\/\",\"url\":\"https:\\\/\\\/www.fecarotta.com\\\/wp-content\\\/uploads\\\/2025\\\/03\\\/logo-gmb-fecarotta.jpg\",\"contentUrl\":\"https:\\\/\\\/www.fecarotta.com\\\/wp-content\\\/uploads\\\/2025\\\/03\\\/logo-gmb-fecarotta.jpg\",\"width\":500,\"height\":500,\"caption\":\"Fecarotta Gioielli\"},\"image\":{\"@id\":\"https:\\\/\\\/www.fecarotta.com\\\/it\\\/#\\\/schema\\\/logo\\\/image\\\/\"},\"sameAs\":[\"https:\\\/\\\/www.facebook.com\\\/fecarottagioielli\",\"http:\\\/\\\/www.instagram.com\\\/fecarotta.it\",\"https:\\\/\\\/www.linkedin.com\\\/company\\\/fecarotta-it\\\/\",\"https:\\\/\\\/api.whatsapp.com\\\/send?phone=393913323691&text=Salve, vorrei qualche informazione in merito ai vostri prodotti.\"]}]}<\/script>\n<!-- \/ Yoast SEO plugin. -->","yoast_head_json":{"title":"Orologio Vacheron e Constantin - Fecarotta Gioielli","description":"F.G. Fecarotta Gioielli si distingue per la competenza nella valutazione e scelta dei gioielli antichi e vintage, reperiti in Europa e nel Mondo.","robots":{"index":"index","follow":"follow","max-snippet":"max-snippet:-1","max-image-preview":"max-image-preview:large","max-video-preview":"max-video-preview:-1"},"canonical":"https:\/\/www.fecarotta.com\/it\/prodotto\/orologio-vacheron-e-constantin\/","og_locale":"it_IT","og_type":"article","og_title":"Orologio Vacheron e Constantin - Fecarotta Gioielli","og_description":"F.G. Fecarotta Gioielli si distingue per la competenza nella valutazione e scelta dei gioielli antichi e vintage, reperiti in Europa e nel Mondo.","og_url":"https:\/\/www.fecarotta.com\/it\/prodotto\/orologio-vacheron-e-constantin\/","og_site_name":"Fecarotta Gioielli","article_publisher":"https:\/\/www.facebook.com\/fecarottagioielli","article_modified_time":"2021-11-17T17:48:13+00:00","og_image":[{"width":2000,"height":2000,"url":"https:\/\/storage1208.cdn-immedia.net\/wp-content\/uploads\/2020\/03\/Orologio-Vacheron-e-Constantin-M3530.jpg","type":"image\/jpeg"}],"twitter_card":"summary_large_image","twitter_misc":{"Tempo di lettura stimato":"2 minuti"},"schema":{"@context":"https:\/\/schema.org","@graph":[{"@type":"WebPage","@id":"https:\/\/www.fecarotta.com\/it\/prodotto\/orologio-vacheron-e-constantin\/","url":"https:\/\/www.fecarotta.com\/it\/prodotto\/orologio-vacheron-e-constantin\/","name":"Orologio Vacheron e Constantin - Fecarotta Gioielli","isPartOf":{"@id":"https:\/\/www.fecarotta.com\/it\/#website"},"primaryImageOfPage":{"@id":"https:\/\/www.fecarotta.com\/it\/prodotto\/orologio-vacheron-e-constantin\/#primaryimage"},"image":{"@id":"https:\/\/www.fecarotta.com\/it\/prodotto\/orologio-vacheron-e-constantin\/#primaryimage"},"thumbnailUrl":"https:\/\/storage1208.cdn-immedia.net\/wp-content\/uploads\/2020\/03\/Orologio-Vacheron-e-Constantin-M3530.jpg","datePublished":"2020-05-07T07:02:39+00:00","dateModified":"2021-11-17T17:48:13+00:00","description":"F.G. Fecarotta Gioielli si distingue per la competenza nella valutazione e scelta dei gioielli antichi e vintage, reperiti in Europa e nel Mondo.","breadcrumb":{"@id":"https:\/\/www.fecarotta.com\/it\/prodotto\/orologio-vacheron-e-constantin\/#breadcrumb"},"inLanguage":"it-IT","potentialAction":[{"@type":"ReadAction","target":["https:\/\/www.fecarotta.com\/it\/prodotto\/orologio-vacheron-e-constantin\/"]}]},{"@type":"ImageObject","inLanguage":"it-IT","@id":"https:\/\/www.fecarotta.com\/it\/prodotto\/orologio-vacheron-e-constantin\/#primaryimage","url":"https:\/\/storage1208.cdn-immedia.net\/wp-content\/uploads\/2020\/03\/Orologio-Vacheron-e-Constantin-M3530.jpg","contentUrl":"https:\/\/storage1208.cdn-immedia.net\/wp-content\/uploads\/2020\/03\/Orologio-Vacheron-e-Constantin-M3530.jpg","width":2000,"height":2000,"caption":"Orologio Vacheron e Constantin"},{"@type":"BreadcrumbList","@id":"https:\/\/www.fecarotta.com\/it\/prodotto\/orologio-vacheron-e-constantin\/#breadcrumb","itemListElement":[{"@type":"ListItem","position":1,"name":"Home","item":"https:\/\/www.fecarotta.com\/it\/"},{"@type":"ListItem","position":2,"name":"Negozio","item":"https:\/\/www.fecarotta.com\/it\/negozio\/"},{"@type":"ListItem","position":3,"name":"Orologio Vacheron e Constantin"}]},{"@type":"WebSite","@id":"https:\/\/www.fecarotta.com\/it\/#website","url":"https:\/\/www.fecarotta.com\/it\/","name":"Fecarotta Gioielli","description":"","publisher":{"@id":"https:\/\/www.fecarotta.com\/it\/#organization"},"potentialAction":[{"@type":"SearchAction","target":{"@type":"EntryPoint","urlTemplate":"https:\/\/www.fecarotta.com\/it\/?s={search_term_string}"},"query-input":{"@type":"PropertyValueSpecification","valueRequired":true,"valueName":"search_term_string"}}],"inLanguage":"it-IT"},{"@type":"Organization","@id":"https:\/\/www.fecarotta.com\/it\/#organization","name":"Fecarotta Gioielli","url":"https:\/\/www.fecarotta.com\/it\/","logo":{"@type":"ImageObject","inLanguage":"it-IT","@id":"https:\/\/www.fecarotta.com\/it\/#\/schema\/logo\/image\/","url":"https:\/\/storage1208.cdn-immedia.net\/wp-content\/uploads\/2025\/03\/logo-gmb-fecarotta.jpg","contentUrl":"https:\/\/storage1208.cdn-immedia.net\/wp-content\/uploads\/2025\/03\/logo-gmb-fecarotta.jpg","width":500,"height":500,"caption":"Fecarotta Gioielli"},"image":{"@id":"https:\/\/www.fecarotta.com\/it\/#\/schema\/logo\/image\/"},"sameAs":["https:\/\/www.facebook.com\/fecarottagioielli","http:\/\/www.instagram.com\/fecarotta.it","https:\/\/www.linkedin.com\/company\/fecarotta-it\/","https:\/\/api.whatsapp.com\/send?phone=393913323691&text=Salve, vorrei qualche informazione in merito ai vostri prodotti."]}]}},"_links":{"self":[{"href":"https:\/\/www.fecarotta.com\/it\/wp-json\/wp\/v2\/product\/17454","targetHints":{"allow":["GET"]}}],"collection":[{"href":"https:\/\/www.fecarotta.com\/it\/wp-json\/wp\/v2\/product"}],"about":[{"href":"https:\/\/www.fecarotta.com\/it\/wp-json\/wp\/v2\/types\/product"}],"wp:featuredmedia":[{"embeddable":true,"href":"https:\/\/www.fecarotta.com\/it\/wp-json\/wp\/v2\/media\/17462"}],"wp:attachment":[{"href":"https:\/\/www.fecarotta.com\/it\/wp-json\/wp\/v2\/media?parent=17454"}],"wp:term":[{"taxonomy":"product_brand","embeddable":true,"href":"https:\/\/www.fecarotta.com\/it\/wp-json\/wp\/v2\/product_brand?post=17454"},{"taxonomy":"product_cat","embeddable":true,"href":"https:\/\/www.fecarotta.com\/it\/wp-json\/wp\/v2\/product_cat?post=17454"},{"taxonomy":"product_tag","embeddable":true,"href":"https:\/\/www.fecarotta.com\/it\/wp-json\/wp\/v2\/product_tag?post=17454"}],"curies":[{"name":"wp","href":"https:\/\/api.w.org\/{rel}","templated":true}]}}