{"id":16725,"date":"2022-05-17T05:00:40","date_gmt":"2022-05-17T05:00:40","guid":{"rendered":"https:\/\/www.fecarotta.com\/?post_type=product&#038;p=16725"},"modified":"2025-06-25T09:47:40","modified_gmt":"2025-06-25T09:47:40","slug":"orologio-bvlgari-bvlgari-man","status":"publish","type":"product","link":"https:\/\/www.fecarotta.com\/it\/prodotto\/orologio-bvlgari-bvlgari-man\/","title":{"rendered":"Orologio BVLGARI BVLGARI"},"content":{"rendered":"<div class=\"cell description medium-shrink\">\n<div class=\"tab-container active\"><\/div>\n<\/div>\n<p class=\"spec-article small-6 medium-4 large-3\">Orologio BVLGARI BVLGARI<\/p>\n<h5>La Storia di Bvlgari<\/h5>\n<p>Fondato a Roma nel 1884 da Sotirio Bulgari, argentiere greco di talento, il marchio si afferma rapidamente come emblema dell\u2019eccellenza italiana, particolarmente evidente nel pregevole savoir-faire e nelle magnifiche creazioni gioielliere. Negli anni, le generazioni Bulgari hanno dato vita a uno stile distintivo caratterizzato da vivaci combinazioni di colori, volumi dall\u2019equilibrio raffinato e motivi inconfondibili che celebrano le origini romane della Maison. Senza mai dimenticare la propria tradizione culturale, Bvlgari ha introdotto innovazioni in grado di riscrivere le regole della gioielleria mondiale e ha lanciato nuove tendenze divenute icone del design contemporaneo.<\/p>\n<p>Durante i gloriosi anni della Dolce Vita il negozio di via Condotti diventa una delle mete preferite della mondanit\u00e0 e delle celebrit\u00e0 internazionali, contribuendo a consolidare la fama internazionale della Maison. Cavalcando l\u2019onda del successo, all\u2019inizio degli anni Settanta Bvlgari conquista l\u2019Europa e gli Stati Uniti. I fratelli Bulgari della terza generazione infondono nuova linfa creativa attingendo da innumerevoli fonti di ispirazione che spaziano dall\u2019Estremo Oriente alla Pop Art e incontrano il gusto della donna moderna e dinamica. La loro visione pionieristica conduce all\u2019affermazione dell\u2019orologio BVLGARI BVLGARI, che diventa ben presto un grande classico e una dichiarazione di stile senza precedenti.<\/p>\n<p>&nbsp;<\/p>\n<p>&nbsp;<\/p>\n<p><a href=\"https:\/\/www.fecarotta.com\/it\/fecarotta-gioielli-company\/\" target=\"_blank\" rel=\"noopener noreferrer\">La nostra Azienda<\/a><\/p>\n","protected":false},"excerpt":{"rendered":"<p>Dotato di un movimento di manifattura interamente realizzato in-house, l\u2019orologio BVLGARI BVLGARI Solotempo unisce all\u2019eccellenza dell\u2019orologeria svizzera il talento creativo del design italiano. Rievocando le origini romane della Maison, la collezione BVLGARI BVLGARI \u00e8 un perfetto connubio tra eleganza e performance, tradizione e modernit\u00e0. Una collezione dal fascino iconico che da oltre quarant\u2019anni incarna pienamente l\u2019audacia dello stile Bvlgari. Ispirato alle iscrizioni incise lungo il bordo delle antiche monete romane, il doppio logo \u00e8 oggi un simbolo dell\u2019impareggiabile maestria di Bvlgari nel tradurre la ricca tradizione del marchio in nuove creazioni dall\u2019eleganza senza tempo. In una perfetta sintesi tra memoria e immaginazione creativa, l&#8217;orologio rivisita il modello originario arricchendolo di un accattivante cinturino in caucci\u00f9. Orologio BVLGARI BVLGARI Solotempo con movimento meccanico di manifattura a carica automatica e datario, calibro BVL 191 &#8211; Solotempo con finiture c\u00f4tes de Gen\u00e8ve, anglage e colima\u00e7onnage, riserva di carica di 42 ore, cassa di 41 mm in acciaio inossidabile con trattamento DLC (Diamond-Like Carbon) nero, lunetta in acciaio inossidabile con trattamento DLC nero e doppio logo, corona in bronzo con inserto in ceramica, fondello a vista, quadrante nero, indici in bronzo applicati a mano e cinturino in caucci\u00f9 nero con fibbia ad ardiglione. Impermeabile fino a 50 metri.<\/p>\n<p>Ref.: 102929<br \/>\nDiametro (mm): 41<br \/>\nForma della cassa: Rotonda<br \/>\nFunzioni: Ora-minuti-Secondi-data<br \/>\nTipo di movimento: Automatico<br \/>\nMateriale del cinturino: Caucci\u00f9<br \/>\nRiserva di carica: 42 hours<br \/>\nFrequenza: 28&#8217;800 VpH (4Hz)<br \/>\nImpermeabilit\u00e0: 50 m<br \/>\nFibbia: Fibbia ad Ardiglione<br \/>\nMateriale: Metallo, Acciaio<br \/>\nMisura: M<br \/>\nColore: Nero, Bronzo<\/p>\n","protected":false},"featured_media":17139,"template":"","meta":{"_acf_changed":false},"product_brand":[],"product_cat":[24,206,99,71,2304],"product_tag":[],"class_list":{"0":"post-16725","1":"product","2":"type-product","3":"status-publish","4":"has-post-thumbnail","6":"product_cat-non-vendibile-online","7":"product_cat-orologi","8":"product_cat-orologi-automatici","9":"product_cat-orologi-uomo","10":"product_cat-uomo","11":"pa_brand-bulgari","12":"pa_collection-bvlgari-bvlgari","13":"pa_gender-uomo","15":"first","16":"instock","17":"purchasable","18":"product-type-simple","19":"add-to-wishlist-before_image"},"acf":[],"yoast_head":"<!-- This site is optimized with the Yoast SEO plugin v27.5 - https:\/\/yoast.com\/product\/yoast-seo-wordpress\/ -->\n<title>Orologio BVLGARI BVLGARI - Fecarotta Gioielli<\/title>\n<meta name=\"description\" content=\"L&#039;Orologio BVLGARI BVLGARI Solotempo unisce orologeria svizzera e design italiano. Scopri le collezioni Bvlgari su fecarotta.it\" \/>\n<meta name=\"robots\" content=\"index, follow, max-snippet:-1, max-image-preview:large, max-video-preview:-1\" \/>\n<link rel=\"canonical\" href=\"https:\/\/www.fecarotta.com\/it\/prodotto\/orologio-bvlgari-bvlgari-man\/\" \/>\n<meta property=\"og:locale\" content=\"it_IT\" \/>\n<meta property=\"og:type\" content=\"article\" \/>\n<meta property=\"og:title\" content=\"Orologio BVLGARI BVLGARI - Fecarotta Gioielli\" \/>\n<meta property=\"og:description\" content=\"L&#039;Orologio BVLGARI BVLGARI Solotempo unisce orologeria svizzera e design italiano. Scopri le collezioni Bvlgari su fecarotta.it\" \/>\n<meta property=\"og:url\" content=\"https:\/\/www.fecarotta.com\/it\/prodotto\/orologio-bvlgari-bvlgari-man\/\" \/>\n<meta property=\"og:site_name\" content=\"Fecarotta Gioielli\" \/>\n<meta property=\"article:publisher\" content=\"https:\/\/www.facebook.com\/fecarottagioielli\" \/>\n<meta property=\"article:modified_time\" content=\"2025-06-25T09:47:40+00:00\" \/>\n<meta property=\"og:image\" content=\"https:\/\/storage1208.cdn-immedia.net\/wp-content\/uploads\/2020\/03\/Orologio-BVLGARI-BVLGARI-102929.jpg\" \/>\n\t<meta property=\"og:image:width\" content=\"1405\" \/>\n\t<meta property=\"og:image:height\" content=\"1405\" \/>\n\t<meta property=\"og:image:type\" content=\"image\/jpeg\" \/>\n<meta name=\"twitter:card\" content=\"summary_large_image\" \/>\n<meta name=\"twitter:label1\" content=\"Tempo di lettura stimato\" \/>\n\t<meta name=\"twitter:data1\" content=\"2 minuti\" \/>\n<script type=\"application\/ld+json\" class=\"yoast-schema-graph\">{\"@context\":\"https:\\\/\\\/schema.org\",\"@graph\":[{\"@type\":\"WebPage\",\"@id\":\"https:\\\/\\\/www.fecarotta.com\\\/it\\\/prodotto\\\/orologio-bvlgari-bvlgari-man\\\/\",\"url\":\"https:\\\/\\\/www.fecarotta.com\\\/it\\\/prodotto\\\/orologio-bvlgari-bvlgari-man\\\/\",\"name\":\"Orologio BVLGARI BVLGARI - Fecarotta Gioielli\",\"isPartOf\":{\"@id\":\"https:\\\/\\\/www.fecarotta.com\\\/it\\\/#website\"},\"primaryImageOfPage\":{\"@id\":\"https:\\\/\\\/www.fecarotta.com\\\/it\\\/prodotto\\\/orologio-bvlgari-bvlgari-man\\\/#primaryimage\"},\"image\":{\"@id\":\"https:\\\/\\\/www.fecarotta.com\\\/it\\\/prodotto\\\/orologio-bvlgari-bvlgari-man\\\/#primaryimage\"},\"thumbnailUrl\":\"https:\\\/\\\/www.fecarotta.com\\\/wp-content\\\/uploads\\\/2020\\\/03\\\/Orologio-BVLGARI-BVLGARI-102929.jpg\",\"datePublished\":\"2022-05-17T05:00:40+00:00\",\"dateModified\":\"2025-06-25T09:47:40+00:00\",\"description\":\"L'Orologio BVLGARI BVLGARI Solotempo unisce orologeria svizzera e design italiano. Scopri le collezioni Bvlgari su fecarotta.it\",\"breadcrumb\":{\"@id\":\"https:\\\/\\\/www.fecarotta.com\\\/it\\\/prodotto\\\/orologio-bvlgari-bvlgari-man\\\/#breadcrumb\"},\"inLanguage\":\"it-IT\",\"potentialAction\":[{\"@type\":\"ReadAction\",\"target\":[\"https:\\\/\\\/www.fecarotta.com\\\/it\\\/prodotto\\\/orologio-bvlgari-bvlgari-man\\\/\"]}]},{\"@type\":\"ImageObject\",\"inLanguage\":\"it-IT\",\"@id\":\"https:\\\/\\\/www.fecarotta.com\\\/it\\\/prodotto\\\/orologio-bvlgari-bvlgari-man\\\/#primaryimage\",\"url\":\"https:\\\/\\\/www.fecarotta.com\\\/wp-content\\\/uploads\\\/2020\\\/03\\\/Orologio-BVLGARI-BVLGARI-102929.jpg\",\"contentUrl\":\"https:\\\/\\\/www.fecarotta.com\\\/wp-content\\\/uploads\\\/2020\\\/03\\\/Orologio-BVLGARI-BVLGARI-102929.jpg\",\"width\":1405,\"height\":1405,\"caption\":\"Orologio BVLGARI BVLGARI\"},{\"@type\":\"BreadcrumbList\",\"@id\":\"https:\\\/\\\/www.fecarotta.com\\\/it\\\/prodotto\\\/orologio-bvlgari-bvlgari-man\\\/#breadcrumb\",\"itemListElement\":[{\"@type\":\"ListItem\",\"position\":1,\"name\":\"Home\",\"item\":\"https:\\\/\\\/www.fecarotta.com\\\/it\\\/\"},{\"@type\":\"ListItem\",\"position\":2,\"name\":\"Negozio\",\"item\":\"https:\\\/\\\/www.fecarotta.com\\\/it\\\/negozio\\\/\"},{\"@type\":\"ListItem\",\"position\":3,\"name\":\"Orologio BVLGARI BVLGARI\"}]},{\"@type\":\"WebSite\",\"@id\":\"https:\\\/\\\/www.fecarotta.com\\\/it\\\/#website\",\"url\":\"https:\\\/\\\/www.fecarotta.com\\\/it\\\/\",\"name\":\"Fecarotta Gioielli\",\"description\":\"\",\"publisher\":{\"@id\":\"https:\\\/\\\/www.fecarotta.com\\\/it\\\/#organization\"},\"potentialAction\":[{\"@type\":\"SearchAction\",\"target\":{\"@type\":\"EntryPoint\",\"urlTemplate\":\"https:\\\/\\\/www.fecarotta.com\\\/it\\\/?s={search_term_string}\"},\"query-input\":{\"@type\":\"PropertyValueSpecification\",\"valueRequired\":true,\"valueName\":\"search_term_string\"}}],\"inLanguage\":\"it-IT\"},{\"@type\":\"Organization\",\"@id\":\"https:\\\/\\\/www.fecarotta.com\\\/it\\\/#organization\",\"name\":\"Fecarotta Gioielli\",\"url\":\"https:\\\/\\\/www.fecarotta.com\\\/it\\\/\",\"logo\":{\"@type\":\"ImageObject\",\"inLanguage\":\"it-IT\",\"@id\":\"https:\\\/\\\/www.fecarotta.com\\\/it\\\/#\\\/schema\\\/logo\\\/image\\\/\",\"url\":\"https:\\\/\\\/www.fecarotta.com\\\/wp-content\\\/uploads\\\/2025\\\/03\\\/logo-gmb-fecarotta.jpg\",\"contentUrl\":\"https:\\\/\\\/www.fecarotta.com\\\/wp-content\\\/uploads\\\/2025\\\/03\\\/logo-gmb-fecarotta.jpg\",\"width\":500,\"height\":500,\"caption\":\"Fecarotta Gioielli\"},\"image\":{\"@id\":\"https:\\\/\\\/www.fecarotta.com\\\/it\\\/#\\\/schema\\\/logo\\\/image\\\/\"},\"sameAs\":[\"https:\\\/\\\/www.facebook.com\\\/fecarottagioielli\",\"http:\\\/\\\/www.instagram.com\\\/fecarotta.it\",\"https:\\\/\\\/www.linkedin.com\\\/company\\\/fecarotta-it\\\/\",\"https:\\\/\\\/api.whatsapp.com\\\/send?phone=393913323691&text=Salve, vorrei qualche informazione in merito ai vostri prodotti.\"]}]}<\/script>\n<!-- \/ Yoast SEO plugin. -->","yoast_head_json":{"title":"Orologio BVLGARI BVLGARI - Fecarotta Gioielli","description":"L'Orologio BVLGARI BVLGARI Solotempo unisce orologeria svizzera e design italiano. Scopri le collezioni Bvlgari su fecarotta.it","robots":{"index":"index","follow":"follow","max-snippet":"max-snippet:-1","max-image-preview":"max-image-preview:large","max-video-preview":"max-video-preview:-1"},"canonical":"https:\/\/www.fecarotta.com\/it\/prodotto\/orologio-bvlgari-bvlgari-man\/","og_locale":"it_IT","og_type":"article","og_title":"Orologio BVLGARI BVLGARI - Fecarotta Gioielli","og_description":"L'Orologio BVLGARI BVLGARI Solotempo unisce orologeria svizzera e design italiano. Scopri le collezioni Bvlgari su fecarotta.it","og_url":"https:\/\/www.fecarotta.com\/it\/prodotto\/orologio-bvlgari-bvlgari-man\/","og_site_name":"Fecarotta Gioielli","article_publisher":"https:\/\/www.facebook.com\/fecarottagioielli","article_modified_time":"2025-06-25T09:47:40+00:00","og_image":[{"width":1405,"height":1405,"url":"https:\/\/storage1208.cdn-immedia.net\/wp-content\/uploads\/2020\/03\/Orologio-BVLGARI-BVLGARI-102929.jpg","type":"image\/jpeg"}],"twitter_card":"summary_large_image","twitter_misc":{"Tempo di lettura stimato":"2 minuti"},"schema":{"@context":"https:\/\/schema.org","@graph":[{"@type":"WebPage","@id":"https:\/\/www.fecarotta.com\/it\/prodotto\/orologio-bvlgari-bvlgari-man\/","url":"https:\/\/www.fecarotta.com\/it\/prodotto\/orologio-bvlgari-bvlgari-man\/","name":"Orologio BVLGARI BVLGARI - Fecarotta Gioielli","isPartOf":{"@id":"https:\/\/www.fecarotta.com\/it\/#website"},"primaryImageOfPage":{"@id":"https:\/\/www.fecarotta.com\/it\/prodotto\/orologio-bvlgari-bvlgari-man\/#primaryimage"},"image":{"@id":"https:\/\/www.fecarotta.com\/it\/prodotto\/orologio-bvlgari-bvlgari-man\/#primaryimage"},"thumbnailUrl":"https:\/\/storage1208.cdn-immedia.net\/wp-content\/uploads\/2020\/03\/Orologio-BVLGARI-BVLGARI-102929.jpg","datePublished":"2022-05-17T05:00:40+00:00","dateModified":"2025-06-25T09:47:40+00:00","description":"L'Orologio BVLGARI BVLGARI Solotempo unisce orologeria svizzera e design italiano. Scopri le collezioni Bvlgari su fecarotta.it","breadcrumb":{"@id":"https:\/\/www.fecarotta.com\/it\/prodotto\/orologio-bvlgari-bvlgari-man\/#breadcrumb"},"inLanguage":"it-IT","potentialAction":[{"@type":"ReadAction","target":["https:\/\/www.fecarotta.com\/it\/prodotto\/orologio-bvlgari-bvlgari-man\/"]}]},{"@type":"ImageObject","inLanguage":"it-IT","@id":"https:\/\/www.fecarotta.com\/it\/prodotto\/orologio-bvlgari-bvlgari-man\/#primaryimage","url":"https:\/\/storage1208.cdn-immedia.net\/wp-content\/uploads\/2020\/03\/Orologio-BVLGARI-BVLGARI-102929.jpg","contentUrl":"https:\/\/storage1208.cdn-immedia.net\/wp-content\/uploads\/2020\/03\/Orologio-BVLGARI-BVLGARI-102929.jpg","width":1405,"height":1405,"caption":"Orologio BVLGARI BVLGARI"},{"@type":"BreadcrumbList","@id":"https:\/\/www.fecarotta.com\/it\/prodotto\/orologio-bvlgari-bvlgari-man\/#breadcrumb","itemListElement":[{"@type":"ListItem","position":1,"name":"Home","item":"https:\/\/www.fecarotta.com\/it\/"},{"@type":"ListItem","position":2,"name":"Negozio","item":"https:\/\/www.fecarotta.com\/it\/negozio\/"},{"@type":"ListItem","position":3,"name":"Orologio BVLGARI BVLGARI"}]},{"@type":"WebSite","@id":"https:\/\/www.fecarotta.com\/it\/#website","url":"https:\/\/www.fecarotta.com\/it\/","name":"Fecarotta Gioielli","description":"","publisher":{"@id":"https:\/\/www.fecarotta.com\/it\/#organization"},"potentialAction":[{"@type":"SearchAction","target":{"@type":"EntryPoint","urlTemplate":"https:\/\/www.fecarotta.com\/it\/?s={search_term_string}"},"query-input":{"@type":"PropertyValueSpecification","valueRequired":true,"valueName":"search_term_string"}}],"inLanguage":"it-IT"},{"@type":"Organization","@id":"https:\/\/www.fecarotta.com\/it\/#organization","name":"Fecarotta Gioielli","url":"https:\/\/www.fecarotta.com\/it\/","logo":{"@type":"ImageObject","inLanguage":"it-IT","@id":"https:\/\/www.fecarotta.com\/it\/#\/schema\/logo\/image\/","url":"https:\/\/storage1208.cdn-immedia.net\/wp-content\/uploads\/2025\/03\/logo-gmb-fecarotta.jpg","contentUrl":"https:\/\/storage1208.cdn-immedia.net\/wp-content\/uploads\/2025\/03\/logo-gmb-fecarotta.jpg","width":500,"height":500,"caption":"Fecarotta Gioielli"},"image":{"@id":"https:\/\/www.fecarotta.com\/it\/#\/schema\/logo\/image\/"},"sameAs":["https:\/\/www.facebook.com\/fecarottagioielli","http:\/\/www.instagram.com\/fecarotta.it","https:\/\/www.linkedin.com\/company\/fecarotta-it\/","https:\/\/api.whatsapp.com\/send?phone=393913323691&text=Salve, vorrei qualche informazione in merito ai vostri prodotti."]}]}},"_links":{"self":[{"href":"https:\/\/www.fecarotta.com\/it\/wp-json\/wp\/v2\/product\/16725","targetHints":{"allow":["GET"]}}],"collection":[{"href":"https:\/\/www.fecarotta.com\/it\/wp-json\/wp\/v2\/product"}],"about":[{"href":"https:\/\/www.fecarotta.com\/it\/wp-json\/wp\/v2\/types\/product"}],"wp:featuredmedia":[{"embeddable":true,"href":"https:\/\/www.fecarotta.com\/it\/wp-json\/wp\/v2\/media\/17139"}],"wp:attachment":[{"href":"https:\/\/www.fecarotta.com\/it\/wp-json\/wp\/v2\/media?parent=16725"}],"wp:term":[{"taxonomy":"product_brand","embeddable":true,"href":"https:\/\/www.fecarotta.com\/it\/wp-json\/wp\/v2\/product_brand?post=16725"},{"taxonomy":"product_cat","embeddable":true,"href":"https:\/\/www.fecarotta.com\/it\/wp-json\/wp\/v2\/product_cat?post=16725"},{"taxonomy":"product_tag","embeddable":true,"href":"https:\/\/www.fecarotta.com\/it\/wp-json\/wp\/v2\/product_tag?post=16725"}],"curies":[{"name":"wp","href":"https:\/\/api.w.org\/{rel}","templated":true}]}}