{"id":16581,"date":"2020-03-14T10:25:26","date_gmt":"2020-03-14T10:25:26","guid":{"rendered":"https:\/\/www.fecarotta.com\/?post_type=product&#038;p=16581"},"modified":"2026-03-24T10:50:09","modified_gmt":"2026-03-24T10:50:09","slug":"anello-veretta-oro-rosa-anello-veretta-oro-rosa-diamanti-brown","status":"publish","type":"product","link":"https:\/\/www.fecarotta.com\/it\/prodotto\/anello-veretta-oro-rosa-anello-veretta-oro-rosa-diamanti-brown\/","title":{"rendered":"Anello veretta oro rosa diamanti brown"},"content":{"rendered":"<p>Attraverso quest&#8217;anello veretta in oro rosa con diamanti brown si suggella una relazione intima e personale: il design \u00e8 basato sulla purezza delle linee, sull&#8217;autenticit\u00e0 e sull&#8217;essenzialit\u00e0 delle forme. La forma minimale di questi gioielli ne fanno oggetti da indossare in ogni momento della giornata. Le verette Bon Ton donano a chi le indossa un tocco di luminosit\u00e0 e colore unico. La semplicit\u00e0 delle linee esprime tutta la bellezza dei diamanti e delle pietre<\/p>\n<p>L&#8217;anello veretta con brillanti, cos\u00ec come tutti i gioielli di FG Fecarotta Gioielli, sono accompagnati da certificato di garanzia.<\/p>\n<h5>La Storia delle Verette<\/h5>\n<p>A partire dal II secolo a.C., venivano consegnati due anelli alla sposa, uno d&#8217;oro da indossare in pubblico e uno di ferro da portare in casa durante i lavori domestici.\u00a0Ad oggi questi anelli vengono spesso portati a seconda della tradizione del paese, sull&#8217;anulare della mano sinistra o destra: infatti un tempo si credeva che questo dito contenesse una vena collegata con il cuore (<a class=\"new\" title=\"Vena amoris (la pagina non esiste)\" href=\"https:\/\/it.wikipedia.org\/w\/index.php?title=Vena_amoris&amp;action=edit&amp;redlink=1\">vena amoris<\/a>). Questa superstizione venne resa popolare da\u00a0<i>A treatise of Spousals, or Matrimonial Contracts<\/i>\u00a0(1686) di\u00a0Henry Swinburne, ma la credenza ha avuto origine con il libro romano\u00a0<i><a title=\"Noctes Atticae\" href=\"https:\/\/it.wikipedia.org\/wiki\/Noctes_Atticae\">Noctes Atticae<\/a><\/i> di Aulo Gellio.<\/p>\n<p>A met\u00e0 del VII secolo d.C. il\u00a0codice Visigoto\u00a0prevedeva &#8220;<i>che quando la cerimonia di fidanzamento si \u00e8 conclusa, \u2026, e l&#8217;anello deve essere donato o accettato come impegno, anche se non \u00e8 necessario impegnarsi per iscritto, la promessa non potr\u00e0 essere rotta sotto alcuna circostanza<\/i>.<\/p>\n<p>&nbsp;<\/p>\n<p><a href=\"https:\/\/www.fecarotta.com\/it\/fecarotta-gioielli-company\/\" target=\"_blank\" rel=\"noopener noreferrer\">La nostra Azienda<\/a><\/p>\n","protected":false},"excerpt":{"rendered":"<p>Anello veretta collezione Bon Ton oro rosa e diamanti brown\u00a0 ct.0,25<\/p>\n<p>&nbsp;<\/p>\n","protected":false},"featured_media":145498,"template":"","meta":{"_acf_changed":false},"product_brand":[],"product_cat":[96,2298,2381,27,1168],"product_tag":[],"class_list":{"0":"post-16581","1":"product","2":"type-product","3":"status-publish","4":"has-post-thumbnail","6":"product_cat-anelli","7":"product_cat-anelli-uomo","8":"product_cat-fedine-e-verette","9":"product_cat-gioielli","10":"product_cat-innamorati","11":"pa_brand-fecarotta","12":"pa_collection-bon-ton","13":"pa_gender-donna","14":"pa_gender-unisex","15":"pa_gender-uomo","16":"pa_size-858","17":"pa_size-814","18":"pa_size-813","19":"pa_size-855","20":"pa_size-859","21":"pa_size-808","22":"pa_size-807","23":"pa_size-958","25":"first","26":"instock","27":"purchasable","28":"product-type-variable","29":"add-to-wishlist-before_image"},"acf":[],"yoast_head":"<!-- This site is optimized with the Yoast SEO plugin v27.5 - https:\/\/yoast.com\/product\/yoast-seo-wordpress\/ -->\n<title>Anello veretta oro rosa diamanti brown - Fecarotta Gioielli<\/title>\n<meta name=\"description\" content=\"Anello veretta oro rosa diamanti brown Bon Ton; quest&#039;anello suggella una relazione intima e personale disponibile anche on line su fecarotta.it\" \/>\n<meta name=\"robots\" content=\"index, follow, max-snippet:-1, max-image-preview:large, max-video-preview:-1\" \/>\n<link rel=\"canonical\" href=\"https:\/\/www.fecarotta.com\/it\/prodotto\/anello-veretta-oro-rosa-anello-veretta-oro-rosa-diamanti-brown\/\" \/>\n<meta property=\"og:locale\" content=\"it_IT\" \/>\n<meta property=\"og:type\" content=\"article\" \/>\n<meta property=\"og:title\" content=\"Anello veretta oro rosa diamanti brown - Fecarotta Gioielli\" \/>\n<meta property=\"og:description\" content=\"Anello veretta oro rosa diamanti brown Bon Ton; quest&#039;anello suggella una relazione intima e personale disponibile anche on line su fecarotta.it\" \/>\n<meta property=\"og:url\" content=\"https:\/\/www.fecarotta.com\/it\/prodotto\/anello-veretta-oro-rosa-anello-veretta-oro-rosa-diamanti-brown\/\" \/>\n<meta property=\"og:site_name\" content=\"Fecarotta Gioielli\" \/>\n<meta property=\"article:publisher\" content=\"https:\/\/www.facebook.com\/fecarottagioielli\" \/>\n<meta property=\"article:modified_time\" content=\"2026-03-24T10:50:09+00:00\" \/>\n<meta property=\"og:image\" content=\"https:\/\/storage1208.cdn-immedia.net\/wp-content\/uploads\/2020\/03\/R176438DB.jpg\" \/>\n\t<meta property=\"og:image:width\" content=\"2000\" \/>\n\t<meta property=\"og:image:height\" content=\"2000\" \/>\n\t<meta property=\"og:image:type\" content=\"image\/jpeg\" \/>\n<meta name=\"twitter:card\" content=\"summary_large_image\" \/>\n<meta name=\"twitter:label1\" content=\"Tempo di lettura stimato\" \/>\n\t<meta name=\"twitter:data1\" content=\"1 minuto\" \/>\n<script type=\"application\/ld+json\" class=\"yoast-schema-graph\">{\"@context\":\"https:\\\/\\\/schema.org\",\"@graph\":[{\"@type\":\"WebPage\",\"@id\":\"https:\\\/\\\/www.fecarotta.com\\\/it\\\/prodotto\\\/anello-veretta-oro-rosa-anello-veretta-oro-rosa-diamanti-brown\\\/\",\"url\":\"https:\\\/\\\/www.fecarotta.com\\\/it\\\/prodotto\\\/anello-veretta-oro-rosa-anello-veretta-oro-rosa-diamanti-brown\\\/\",\"name\":\"Anello veretta oro rosa diamanti brown - Fecarotta Gioielli\",\"isPartOf\":{\"@id\":\"https:\\\/\\\/www.fecarotta.com\\\/it\\\/#website\"},\"primaryImageOfPage\":{\"@id\":\"https:\\\/\\\/www.fecarotta.com\\\/it\\\/prodotto\\\/anello-veretta-oro-rosa-anello-veretta-oro-rosa-diamanti-brown\\\/#primaryimage\"},\"image\":{\"@id\":\"https:\\\/\\\/www.fecarotta.com\\\/it\\\/prodotto\\\/anello-veretta-oro-rosa-anello-veretta-oro-rosa-diamanti-brown\\\/#primaryimage\"},\"thumbnailUrl\":\"https:\\\/\\\/www.fecarotta.com\\\/wp-content\\\/uploads\\\/2020\\\/03\\\/R176438DB.jpg\",\"datePublished\":\"2020-03-14T10:25:26+00:00\",\"dateModified\":\"2026-03-24T10:50:09+00:00\",\"description\":\"Anello veretta oro rosa diamanti brown Bon Ton; quest'anello suggella una relazione intima e personale disponibile anche on line su fecarotta.it\",\"breadcrumb\":{\"@id\":\"https:\\\/\\\/www.fecarotta.com\\\/it\\\/prodotto\\\/anello-veretta-oro-rosa-anello-veretta-oro-rosa-diamanti-brown\\\/#breadcrumb\"},\"inLanguage\":\"it-IT\",\"potentialAction\":[{\"@type\":\"ReadAction\",\"target\":[\"https:\\\/\\\/www.fecarotta.com\\\/it\\\/prodotto\\\/anello-veretta-oro-rosa-anello-veretta-oro-rosa-diamanti-brown\\\/\"]}]},{\"@type\":\"ImageObject\",\"inLanguage\":\"it-IT\",\"@id\":\"https:\\\/\\\/www.fecarotta.com\\\/it\\\/prodotto\\\/anello-veretta-oro-rosa-anello-veretta-oro-rosa-diamanti-brown\\\/#primaryimage\",\"url\":\"https:\\\/\\\/www.fecarotta.com\\\/wp-content\\\/uploads\\\/2020\\\/03\\\/R176438DB.jpg\",\"contentUrl\":\"https:\\\/\\\/www.fecarotta.com\\\/wp-content\\\/uploads\\\/2020\\\/03\\\/R176438DB.jpg\",\"width\":2000,\"height\":2000},{\"@type\":\"BreadcrumbList\",\"@id\":\"https:\\\/\\\/www.fecarotta.com\\\/it\\\/prodotto\\\/anello-veretta-oro-rosa-anello-veretta-oro-rosa-diamanti-brown\\\/#breadcrumb\",\"itemListElement\":[{\"@type\":\"ListItem\",\"position\":1,\"name\":\"Home\",\"item\":\"https:\\\/\\\/www.fecarotta.com\\\/it\\\/\"},{\"@type\":\"ListItem\",\"position\":2,\"name\":\"Negozio\",\"item\":\"https:\\\/\\\/www.fecarotta.com\\\/it\\\/negozio\\\/\"},{\"@type\":\"ListItem\",\"position\":3,\"name\":\"Anello veretta oro rosa diamanti brown\"}]},{\"@type\":\"WebSite\",\"@id\":\"https:\\\/\\\/www.fecarotta.com\\\/it\\\/#website\",\"url\":\"https:\\\/\\\/www.fecarotta.com\\\/it\\\/\",\"name\":\"Fecarotta Gioielli\",\"description\":\"\",\"publisher\":{\"@id\":\"https:\\\/\\\/www.fecarotta.com\\\/it\\\/#organization\"},\"potentialAction\":[{\"@type\":\"SearchAction\",\"target\":{\"@type\":\"EntryPoint\",\"urlTemplate\":\"https:\\\/\\\/www.fecarotta.com\\\/it\\\/?s={search_term_string}\"},\"query-input\":{\"@type\":\"PropertyValueSpecification\",\"valueRequired\":true,\"valueName\":\"search_term_string\"}}],\"inLanguage\":\"it-IT\"},{\"@type\":\"Organization\",\"@id\":\"https:\\\/\\\/www.fecarotta.com\\\/it\\\/#organization\",\"name\":\"Fecarotta Gioielli\",\"url\":\"https:\\\/\\\/www.fecarotta.com\\\/it\\\/\",\"logo\":{\"@type\":\"ImageObject\",\"inLanguage\":\"it-IT\",\"@id\":\"https:\\\/\\\/www.fecarotta.com\\\/it\\\/#\\\/schema\\\/logo\\\/image\\\/\",\"url\":\"https:\\\/\\\/www.fecarotta.com\\\/wp-content\\\/uploads\\\/2025\\\/03\\\/logo-gmb-fecarotta.jpg\",\"contentUrl\":\"https:\\\/\\\/www.fecarotta.com\\\/wp-content\\\/uploads\\\/2025\\\/03\\\/logo-gmb-fecarotta.jpg\",\"width\":500,\"height\":500,\"caption\":\"Fecarotta Gioielli\"},\"image\":{\"@id\":\"https:\\\/\\\/www.fecarotta.com\\\/it\\\/#\\\/schema\\\/logo\\\/image\\\/\"},\"sameAs\":[\"https:\\\/\\\/www.facebook.com\\\/fecarottagioielli\",\"http:\\\/\\\/www.instagram.com\\\/fecarotta.it\",\"https:\\\/\\\/www.linkedin.com\\\/company\\\/fecarotta-it\\\/\",\"https:\\\/\\\/api.whatsapp.com\\\/send?phone=393913323691&text=Salve, vorrei qualche informazione in merito ai vostri prodotti.\"]}]}<\/script>\n<!-- \/ Yoast SEO plugin. -->","yoast_head_json":{"title":"Anello veretta oro rosa diamanti brown - Fecarotta Gioielli","description":"Anello veretta oro rosa diamanti brown Bon Ton; quest'anello suggella una relazione intima e personale disponibile anche on line su fecarotta.it","robots":{"index":"index","follow":"follow","max-snippet":"max-snippet:-1","max-image-preview":"max-image-preview:large","max-video-preview":"max-video-preview:-1"},"canonical":"https:\/\/www.fecarotta.com\/it\/prodotto\/anello-veretta-oro-rosa-anello-veretta-oro-rosa-diamanti-brown\/","og_locale":"it_IT","og_type":"article","og_title":"Anello veretta oro rosa diamanti brown - Fecarotta Gioielli","og_description":"Anello veretta oro rosa diamanti brown Bon Ton; quest'anello suggella una relazione intima e personale disponibile anche on line su fecarotta.it","og_url":"https:\/\/www.fecarotta.com\/it\/prodotto\/anello-veretta-oro-rosa-anello-veretta-oro-rosa-diamanti-brown\/","og_site_name":"Fecarotta Gioielli","article_publisher":"https:\/\/www.facebook.com\/fecarottagioielli","article_modified_time":"2026-03-24T10:50:09+00:00","og_image":[{"width":2000,"height":2000,"url":"https:\/\/storage1208.cdn-immedia.net\/wp-content\/uploads\/2020\/03\/R176438DB.jpg","type":"image\/jpeg"}],"twitter_card":"summary_large_image","twitter_misc":{"Tempo di lettura stimato":"1 minuto"},"schema":{"@context":"https:\/\/schema.org","@graph":[{"@type":"WebPage","@id":"https:\/\/www.fecarotta.com\/it\/prodotto\/anello-veretta-oro-rosa-anello-veretta-oro-rosa-diamanti-brown\/","url":"https:\/\/www.fecarotta.com\/it\/prodotto\/anello-veretta-oro-rosa-anello-veretta-oro-rosa-diamanti-brown\/","name":"Anello veretta oro rosa diamanti brown - Fecarotta Gioielli","isPartOf":{"@id":"https:\/\/www.fecarotta.com\/it\/#website"},"primaryImageOfPage":{"@id":"https:\/\/www.fecarotta.com\/it\/prodotto\/anello-veretta-oro-rosa-anello-veretta-oro-rosa-diamanti-brown\/#primaryimage"},"image":{"@id":"https:\/\/www.fecarotta.com\/it\/prodotto\/anello-veretta-oro-rosa-anello-veretta-oro-rosa-diamanti-brown\/#primaryimage"},"thumbnailUrl":"https:\/\/storage1208.cdn-immedia.net\/wp-content\/uploads\/2020\/03\/R176438DB.jpg","datePublished":"2020-03-14T10:25:26+00:00","dateModified":"2026-03-24T10:50:09+00:00","description":"Anello veretta oro rosa diamanti brown Bon Ton; quest'anello suggella una relazione intima e personale disponibile anche on line su fecarotta.it","breadcrumb":{"@id":"https:\/\/www.fecarotta.com\/it\/prodotto\/anello-veretta-oro-rosa-anello-veretta-oro-rosa-diamanti-brown\/#breadcrumb"},"inLanguage":"it-IT","potentialAction":[{"@type":"ReadAction","target":["https:\/\/www.fecarotta.com\/it\/prodotto\/anello-veretta-oro-rosa-anello-veretta-oro-rosa-diamanti-brown\/"]}]},{"@type":"ImageObject","inLanguage":"it-IT","@id":"https:\/\/www.fecarotta.com\/it\/prodotto\/anello-veretta-oro-rosa-anello-veretta-oro-rosa-diamanti-brown\/#primaryimage","url":"https:\/\/storage1208.cdn-immedia.net\/wp-content\/uploads\/2020\/03\/R176438DB.jpg","contentUrl":"https:\/\/storage1208.cdn-immedia.net\/wp-content\/uploads\/2020\/03\/R176438DB.jpg","width":2000,"height":2000},{"@type":"BreadcrumbList","@id":"https:\/\/www.fecarotta.com\/it\/prodotto\/anello-veretta-oro-rosa-anello-veretta-oro-rosa-diamanti-brown\/#breadcrumb","itemListElement":[{"@type":"ListItem","position":1,"name":"Home","item":"https:\/\/www.fecarotta.com\/it\/"},{"@type":"ListItem","position":2,"name":"Negozio","item":"https:\/\/www.fecarotta.com\/it\/negozio\/"},{"@type":"ListItem","position":3,"name":"Anello veretta oro rosa diamanti brown"}]},{"@type":"WebSite","@id":"https:\/\/www.fecarotta.com\/it\/#website","url":"https:\/\/www.fecarotta.com\/it\/","name":"Fecarotta Gioielli","description":"","publisher":{"@id":"https:\/\/www.fecarotta.com\/it\/#organization"},"potentialAction":[{"@type":"SearchAction","target":{"@type":"EntryPoint","urlTemplate":"https:\/\/www.fecarotta.com\/it\/?s={search_term_string}"},"query-input":{"@type":"PropertyValueSpecification","valueRequired":true,"valueName":"search_term_string"}}],"inLanguage":"it-IT"},{"@type":"Organization","@id":"https:\/\/www.fecarotta.com\/it\/#organization","name":"Fecarotta Gioielli","url":"https:\/\/www.fecarotta.com\/it\/","logo":{"@type":"ImageObject","inLanguage":"it-IT","@id":"https:\/\/www.fecarotta.com\/it\/#\/schema\/logo\/image\/","url":"https:\/\/storage1208.cdn-immedia.net\/wp-content\/uploads\/2025\/03\/logo-gmb-fecarotta.jpg","contentUrl":"https:\/\/storage1208.cdn-immedia.net\/wp-content\/uploads\/2025\/03\/logo-gmb-fecarotta.jpg","width":500,"height":500,"caption":"Fecarotta Gioielli"},"image":{"@id":"https:\/\/www.fecarotta.com\/it\/#\/schema\/logo\/image\/"},"sameAs":["https:\/\/www.facebook.com\/fecarottagioielli","http:\/\/www.instagram.com\/fecarotta.it","https:\/\/www.linkedin.com\/company\/fecarotta-it\/","https:\/\/api.whatsapp.com\/send?phone=393913323691&text=Salve, vorrei qualche informazione in merito ai vostri prodotti."]}]}},"_links":{"self":[{"href":"https:\/\/www.fecarotta.com\/it\/wp-json\/wp\/v2\/product\/16581","targetHints":{"allow":["GET"]}}],"collection":[{"href":"https:\/\/www.fecarotta.com\/it\/wp-json\/wp\/v2\/product"}],"about":[{"href":"https:\/\/www.fecarotta.com\/it\/wp-json\/wp\/v2\/types\/product"}],"wp:featuredmedia":[{"embeddable":true,"href":"https:\/\/www.fecarotta.com\/it\/wp-json\/wp\/v2\/media\/145498"}],"wp:attachment":[{"href":"https:\/\/www.fecarotta.com\/it\/wp-json\/wp\/v2\/media?parent=16581"}],"wp:term":[{"taxonomy":"product_brand","embeddable":true,"href":"https:\/\/www.fecarotta.com\/it\/wp-json\/wp\/v2\/product_brand?post=16581"},{"taxonomy":"product_cat","embeddable":true,"href":"https:\/\/www.fecarotta.com\/it\/wp-json\/wp\/v2\/product_cat?post=16581"},{"taxonomy":"product_tag","embeddable":true,"href":"https:\/\/www.fecarotta.com\/it\/wp-json\/wp\/v2\/product_tag?post=16581"}],"curies":[{"name":"wp","href":"https:\/\/api.w.org\/{rel}","templated":true}]}}