{"id":15768,"date":"2020-02-11T17:44:31","date_gmt":"2020-02-11T17:44:31","guid":{"rendered":"https:\/\/www.fecarotta.com\/?post_type=product&#038;p=15768"},"modified":"2022-03-08T21:14:56","modified_gmt":"2022-03-08T21:14:56","slug":"collana-e-moschettone-a-forma-di-cuore-in-argento-le-bebe","status":"publish","type":"product","link":"https:\/\/www.fecarotta.com\/it\/prodotto\/collana-e-moschettone-a-forma-di-cuore-in-argento-le-bebe\/","title":{"rendered":"Collana e moschettone a forma di cuore in argento Le Beb\u00e8"},"content":{"rendered":"<p class=\"p2\">Collana e moschettone a forma di cuore in argento Le Beb\u00e8<\/p>\n<p>le Beb\u00e9 Lock Your Love; una collezione versatile e componibile disegnata perch\u00e9 tutte le mamme possano portare con loro i momenti pi\u00f9 intimi e dolci della loro vita. \u201ctieni stretto al cuore ci\u00f2 in cui credi\u201d \u00e8 l\u2019importante messaggio di Lock Your Love con preziosi charms che rappresentano pensieri e desideri che da sempre ispirano le infinite creazioni di gioielli leBeb\u00e9.<\/p>\n<p>&nbsp;<\/p>\n<p>&nbsp;<\/p>\n<p><a href=\"https:\/\/www.youtube.com\/channel\/UCp8HZ2aBsrOkBTu43OKaufg\" target=\"_blank\" rel=\"noopener noreferrer\">Le Beb\u00e8 Official Video<\/a><\/p>\n<p><a href=\"https:\/\/www.fecarotta.com\/it\/fecarotta-gioielli-company\/\" target=\"_blank\" rel=\"noopener noreferrer\">La nostra Azienda<\/a><\/p>\n","protected":false},"excerpt":{"rendered":"<p class=\"p1\">Collana e moschettone a forma di cuore in argento<\/p>\n<p class=\"p1\">Regolabile da 42 cm a 45 cm<\/p>\n","protected":false},"featured_media":15770,"template":"","meta":{"_acf_changed":false},"product_brand":[],"product_cat":[33,2310,27,1168],"product_tag":[],"class_list":{"0":"post-15768","1":"product","2":"type-product","3":"status-publish","4":"has-post-thumbnail","6":"product_cat-collane","7":"product_cat-donna","8":"product_cat-gioielli","9":"product_cat-innamorati","10":"pa_brand-le-bebe","11":"pa_gender-donna","13":"first","14":"onbackorder","15":"purchasable","16":"product-type-simple","17":"add-to-wishlist-before_image"},"acf":[],"yoast_head":"<!-- This site is optimized with the Yoast SEO plugin v27.5 - https:\/\/yoast.com\/product\/yoast-seo-wordpress\/ -->\n<title>Collana e moschettone a forma di cuore in argento Le Beb\u00e8 - Fecarotta Gioielli<\/title>\n<meta name=\"description\" content=\"Collana e moschettone a forma di cuore in argento Le Beb\u00e8 Lock Your Love Argento Le Beb\u00e8, una collezione versatile e disponibile on line su fecarotta.it\" \/>\n<meta name=\"robots\" content=\"index, follow, max-snippet:-1, max-image-preview:large, max-video-preview:-1\" \/>\n<link rel=\"canonical\" href=\"https:\/\/www.fecarotta.com\/it\/prodotto\/collana-e-moschettone-a-forma-di-cuore-in-argento-le-bebe\/\" \/>\n<meta property=\"og:locale\" content=\"it_IT\" \/>\n<meta property=\"og:type\" content=\"article\" \/>\n<meta property=\"og:title\" content=\"Collana e moschettone a forma di cuore in argento Le Beb\u00e8 - Fecarotta Gioielli\" \/>\n<meta property=\"og:description\" content=\"Collana e moschettone a forma di cuore in argento Le Beb\u00e8 Lock Your Love Argento Le Beb\u00e8, una collezione versatile e disponibile on line su fecarotta.it\" \/>\n<meta property=\"og:url\" content=\"https:\/\/www.fecarotta.com\/it\/prodotto\/collana-e-moschettone-a-forma-di-cuore-in-argento-le-bebe\/\" \/>\n<meta property=\"og:site_name\" content=\"Fecarotta Gioielli\" \/>\n<meta property=\"article:publisher\" content=\"https:\/\/www.facebook.com\/fecarottagioielli\" \/>\n<meta property=\"article:modified_time\" content=\"2022-03-08T21:14:56+00:00\" \/>\n<meta property=\"og:image\" content=\"https:\/\/storage1208.cdn-immedia.net\/wp-content\/uploads\/2020\/02\/LBBA163-.jpeg\" \/>\n\t<meta property=\"og:image:width\" content=\"1000\" \/>\n\t<meta property=\"og:image:height\" content=\"1000\" \/>\n\t<meta property=\"og:image:type\" content=\"image\/jpeg\" \/>\n<meta name=\"twitter:card\" content=\"summary_large_image\" \/>\n<script type=\"application\/ld+json\" class=\"yoast-schema-graph\">{\"@context\":\"https:\\\/\\\/schema.org\",\"@graph\":[{\"@type\":\"WebPage\",\"@id\":\"https:\\\/\\\/www.fecarotta.com\\\/it\\\/prodotto\\\/collana-e-moschettone-a-forma-di-cuore-in-argento-le-bebe\\\/\",\"url\":\"https:\\\/\\\/www.fecarotta.com\\\/it\\\/prodotto\\\/collana-e-moschettone-a-forma-di-cuore-in-argento-le-bebe\\\/\",\"name\":\"Collana e moschettone a forma di cuore in argento Le Beb\u00e8 - Fecarotta Gioielli\",\"isPartOf\":{\"@id\":\"https:\\\/\\\/www.fecarotta.com\\\/it\\\/#website\"},\"primaryImageOfPage\":{\"@id\":\"https:\\\/\\\/www.fecarotta.com\\\/it\\\/prodotto\\\/collana-e-moschettone-a-forma-di-cuore-in-argento-le-bebe\\\/#primaryimage\"},\"image\":{\"@id\":\"https:\\\/\\\/www.fecarotta.com\\\/it\\\/prodotto\\\/collana-e-moschettone-a-forma-di-cuore-in-argento-le-bebe\\\/#primaryimage\"},\"thumbnailUrl\":\"https:\\\/\\\/www.fecarotta.com\\\/wp-content\\\/uploads\\\/2020\\\/02\\\/LBBA163-.jpeg\",\"datePublished\":\"2020-02-11T17:44:31+00:00\",\"dateModified\":\"2022-03-08T21:14:56+00:00\",\"description\":\"Collana e moschettone a forma di cuore in argento Le Beb\u00e8 Lock Your Love Argento Le Beb\u00e8, una collezione versatile e disponibile on line su fecarotta.it\",\"breadcrumb\":{\"@id\":\"https:\\\/\\\/www.fecarotta.com\\\/it\\\/prodotto\\\/collana-e-moschettone-a-forma-di-cuore-in-argento-le-bebe\\\/#breadcrumb\"},\"inLanguage\":\"it-IT\",\"potentialAction\":[{\"@type\":\"ReadAction\",\"target\":[\"https:\\\/\\\/www.fecarotta.com\\\/it\\\/prodotto\\\/collana-e-moschettone-a-forma-di-cuore-in-argento-le-bebe\\\/\"]}]},{\"@type\":\"ImageObject\",\"inLanguage\":\"it-IT\",\"@id\":\"https:\\\/\\\/www.fecarotta.com\\\/it\\\/prodotto\\\/collana-e-moschettone-a-forma-di-cuore-in-argento-le-bebe\\\/#primaryimage\",\"url\":\"https:\\\/\\\/www.fecarotta.com\\\/wp-content\\\/uploads\\\/2020\\\/02\\\/LBBA163-.jpeg\",\"contentUrl\":\"https:\\\/\\\/www.fecarotta.com\\\/wp-content\\\/uploads\\\/2020\\\/02\\\/LBBA163-.jpeg\",\"width\":1000,\"height\":1000,\"caption\":\"Collana e moschettone a forma di cuore in argento Le Beb\u00e8\"},{\"@type\":\"BreadcrumbList\",\"@id\":\"https:\\\/\\\/www.fecarotta.com\\\/it\\\/prodotto\\\/collana-e-moschettone-a-forma-di-cuore-in-argento-le-bebe\\\/#breadcrumb\",\"itemListElement\":[{\"@type\":\"ListItem\",\"position\":1,\"name\":\"Home\",\"item\":\"https:\\\/\\\/www.fecarotta.com\\\/it\\\/\"},{\"@type\":\"ListItem\",\"position\":2,\"name\":\"Negozio\",\"item\":\"https:\\\/\\\/www.fecarotta.com\\\/it\\\/negozio\\\/\"},{\"@type\":\"ListItem\",\"position\":3,\"name\":\"Collana e moschettone a forma di cuore in argento Le Beb\u00e8\"}]},{\"@type\":\"WebSite\",\"@id\":\"https:\\\/\\\/www.fecarotta.com\\\/it\\\/#website\",\"url\":\"https:\\\/\\\/www.fecarotta.com\\\/it\\\/\",\"name\":\"Fecarotta Gioielli\",\"description\":\"\",\"publisher\":{\"@id\":\"https:\\\/\\\/www.fecarotta.com\\\/it\\\/#organization\"},\"potentialAction\":[{\"@type\":\"SearchAction\",\"target\":{\"@type\":\"EntryPoint\",\"urlTemplate\":\"https:\\\/\\\/www.fecarotta.com\\\/it\\\/?s={search_term_string}\"},\"query-input\":{\"@type\":\"PropertyValueSpecification\",\"valueRequired\":true,\"valueName\":\"search_term_string\"}}],\"inLanguage\":\"it-IT\"},{\"@type\":\"Organization\",\"@id\":\"https:\\\/\\\/www.fecarotta.com\\\/it\\\/#organization\",\"name\":\"Fecarotta Gioielli\",\"url\":\"https:\\\/\\\/www.fecarotta.com\\\/it\\\/\",\"logo\":{\"@type\":\"ImageObject\",\"inLanguage\":\"it-IT\",\"@id\":\"https:\\\/\\\/www.fecarotta.com\\\/it\\\/#\\\/schema\\\/logo\\\/image\\\/\",\"url\":\"https:\\\/\\\/www.fecarotta.com\\\/wp-content\\\/uploads\\\/2025\\\/03\\\/logo-gmb-fecarotta.jpg\",\"contentUrl\":\"https:\\\/\\\/www.fecarotta.com\\\/wp-content\\\/uploads\\\/2025\\\/03\\\/logo-gmb-fecarotta.jpg\",\"width\":500,\"height\":500,\"caption\":\"Fecarotta Gioielli\"},\"image\":{\"@id\":\"https:\\\/\\\/www.fecarotta.com\\\/it\\\/#\\\/schema\\\/logo\\\/image\\\/\"},\"sameAs\":[\"https:\\\/\\\/www.facebook.com\\\/fecarottagioielli\",\"http:\\\/\\\/www.instagram.com\\\/fecarotta.it\",\"https:\\\/\\\/www.linkedin.com\\\/company\\\/fecarotta-it\\\/\",\"https:\\\/\\\/api.whatsapp.com\\\/send?phone=393913323691&text=Salve, vorrei qualche informazione in merito ai vostri prodotti.\"]}]}<\/script>\n<!-- \/ Yoast SEO plugin. -->","yoast_head_json":{"title":"Collana e moschettone a forma di cuore in argento Le Beb\u00e8 - Fecarotta Gioielli","description":"Collana e moschettone a forma di cuore in argento Le Beb\u00e8 Lock Your Love Argento Le Beb\u00e8, una collezione versatile e disponibile on line su fecarotta.it","robots":{"index":"index","follow":"follow","max-snippet":"max-snippet:-1","max-image-preview":"max-image-preview:large","max-video-preview":"max-video-preview:-1"},"canonical":"https:\/\/www.fecarotta.com\/it\/prodotto\/collana-e-moschettone-a-forma-di-cuore-in-argento-le-bebe\/","og_locale":"it_IT","og_type":"article","og_title":"Collana e moschettone a forma di cuore in argento Le Beb\u00e8 - Fecarotta Gioielli","og_description":"Collana e moschettone a forma di cuore in argento Le Beb\u00e8 Lock Your Love Argento Le Beb\u00e8, una collezione versatile e disponibile on line su fecarotta.it","og_url":"https:\/\/www.fecarotta.com\/it\/prodotto\/collana-e-moschettone-a-forma-di-cuore-in-argento-le-bebe\/","og_site_name":"Fecarotta Gioielli","article_publisher":"https:\/\/www.facebook.com\/fecarottagioielli","article_modified_time":"2022-03-08T21:14:56+00:00","og_image":[{"width":1000,"height":1000,"url":"https:\/\/storage1208.cdn-immedia.net\/wp-content\/uploads\/2020\/02\/LBBA163-.jpeg","type":"image\/jpeg"}],"twitter_card":"summary_large_image","schema":{"@context":"https:\/\/schema.org","@graph":[{"@type":"WebPage","@id":"https:\/\/www.fecarotta.com\/it\/prodotto\/collana-e-moschettone-a-forma-di-cuore-in-argento-le-bebe\/","url":"https:\/\/www.fecarotta.com\/it\/prodotto\/collana-e-moschettone-a-forma-di-cuore-in-argento-le-bebe\/","name":"Collana e moschettone a forma di cuore in argento Le Beb\u00e8 - Fecarotta Gioielli","isPartOf":{"@id":"https:\/\/www.fecarotta.com\/it\/#website"},"primaryImageOfPage":{"@id":"https:\/\/www.fecarotta.com\/it\/prodotto\/collana-e-moschettone-a-forma-di-cuore-in-argento-le-bebe\/#primaryimage"},"image":{"@id":"https:\/\/www.fecarotta.com\/it\/prodotto\/collana-e-moschettone-a-forma-di-cuore-in-argento-le-bebe\/#primaryimage"},"thumbnailUrl":"https:\/\/storage1208.cdn-immedia.net\/wp-content\/uploads\/2020\/02\/LBBA163-.jpeg","datePublished":"2020-02-11T17:44:31+00:00","dateModified":"2022-03-08T21:14:56+00:00","description":"Collana e moschettone a forma di cuore in argento Le Beb\u00e8 Lock Your Love Argento Le Beb\u00e8, una collezione versatile e disponibile on line su fecarotta.it","breadcrumb":{"@id":"https:\/\/www.fecarotta.com\/it\/prodotto\/collana-e-moschettone-a-forma-di-cuore-in-argento-le-bebe\/#breadcrumb"},"inLanguage":"it-IT","potentialAction":[{"@type":"ReadAction","target":["https:\/\/www.fecarotta.com\/it\/prodotto\/collana-e-moschettone-a-forma-di-cuore-in-argento-le-bebe\/"]}]},{"@type":"ImageObject","inLanguage":"it-IT","@id":"https:\/\/www.fecarotta.com\/it\/prodotto\/collana-e-moschettone-a-forma-di-cuore-in-argento-le-bebe\/#primaryimage","url":"https:\/\/storage1208.cdn-immedia.net\/wp-content\/uploads\/2020\/02\/LBBA163-.jpeg","contentUrl":"https:\/\/storage1208.cdn-immedia.net\/wp-content\/uploads\/2020\/02\/LBBA163-.jpeg","width":1000,"height":1000,"caption":"Collana e moschettone a forma di cuore in argento Le Beb\u00e8"},{"@type":"BreadcrumbList","@id":"https:\/\/www.fecarotta.com\/it\/prodotto\/collana-e-moschettone-a-forma-di-cuore-in-argento-le-bebe\/#breadcrumb","itemListElement":[{"@type":"ListItem","position":1,"name":"Home","item":"https:\/\/www.fecarotta.com\/it\/"},{"@type":"ListItem","position":2,"name":"Negozio","item":"https:\/\/www.fecarotta.com\/it\/negozio\/"},{"@type":"ListItem","position":3,"name":"Collana e moschettone a forma di cuore in argento Le Beb\u00e8"}]},{"@type":"WebSite","@id":"https:\/\/www.fecarotta.com\/it\/#website","url":"https:\/\/www.fecarotta.com\/it\/","name":"Fecarotta Gioielli","description":"","publisher":{"@id":"https:\/\/www.fecarotta.com\/it\/#organization"},"potentialAction":[{"@type":"SearchAction","target":{"@type":"EntryPoint","urlTemplate":"https:\/\/www.fecarotta.com\/it\/?s={search_term_string}"},"query-input":{"@type":"PropertyValueSpecification","valueRequired":true,"valueName":"search_term_string"}}],"inLanguage":"it-IT"},{"@type":"Organization","@id":"https:\/\/www.fecarotta.com\/it\/#organization","name":"Fecarotta Gioielli","url":"https:\/\/www.fecarotta.com\/it\/","logo":{"@type":"ImageObject","inLanguage":"it-IT","@id":"https:\/\/www.fecarotta.com\/it\/#\/schema\/logo\/image\/","url":"https:\/\/storage1208.cdn-immedia.net\/wp-content\/uploads\/2025\/03\/logo-gmb-fecarotta.jpg","contentUrl":"https:\/\/storage1208.cdn-immedia.net\/wp-content\/uploads\/2025\/03\/logo-gmb-fecarotta.jpg","width":500,"height":500,"caption":"Fecarotta Gioielli"},"image":{"@id":"https:\/\/www.fecarotta.com\/it\/#\/schema\/logo\/image\/"},"sameAs":["https:\/\/www.facebook.com\/fecarottagioielli","http:\/\/www.instagram.com\/fecarotta.it","https:\/\/www.linkedin.com\/company\/fecarotta-it\/","https:\/\/api.whatsapp.com\/send?phone=393913323691&text=Salve, vorrei qualche informazione in merito ai vostri prodotti."]}]}},"_links":{"self":[{"href":"https:\/\/www.fecarotta.com\/it\/wp-json\/wp\/v2\/product\/15768","targetHints":{"allow":["GET"]}}],"collection":[{"href":"https:\/\/www.fecarotta.com\/it\/wp-json\/wp\/v2\/product"}],"about":[{"href":"https:\/\/www.fecarotta.com\/it\/wp-json\/wp\/v2\/types\/product"}],"wp:featuredmedia":[{"embeddable":true,"href":"https:\/\/www.fecarotta.com\/it\/wp-json\/wp\/v2\/media\/15770"}],"wp:attachment":[{"href":"https:\/\/www.fecarotta.com\/it\/wp-json\/wp\/v2\/media?parent=15768"}],"wp:term":[{"taxonomy":"product_brand","embeddable":true,"href":"https:\/\/www.fecarotta.com\/it\/wp-json\/wp\/v2\/product_brand?post=15768"},{"taxonomy":"product_cat","embeddable":true,"href":"https:\/\/www.fecarotta.com\/it\/wp-json\/wp\/v2\/product_cat?post=15768"},{"taxonomy":"product_tag","embeddable":true,"href":"https:\/\/www.fecarotta.com\/it\/wp-json\/wp\/v2\/product_tag?post=15768"}],"curies":[{"name":"wp","href":"https:\/\/api.w.org\/{rel}","templated":true}]}}