{"id":148142,"date":"2026-03-28T14:40:37","date_gmt":"2026-03-28T14:40:37","guid":{"rendered":"https:\/\/www.fecarotta.com\/?post_type=product&#038;p=148142"},"modified":"2026-03-28T15:30:49","modified_gmt":"2026-03-28T15:30:49","slug":"orecchini-argento-pendenti-con-finiture-oro-onice-e-malachite","status":"publish","type":"product","link":"https:\/\/www.fecarotta.com\/it\/prodotto\/orecchini-argento-pendenti-con-finiture-oro-onice-e-malachite\/","title":{"rendered":"Orecchini argento pendenti con finiture oro onice e malachite"},"content":{"rendered":"<p>La lavorazione \u00e8 totalmente artigianale e consiste nel ritagliare dalle lastre lunghi fili d\u2019oro, d\u2019argento o altro metallo; questi fili vengono poi passati in una trafila che li rende a forma di U ma con angoli retti, dopo due fili di questi vengono accoppiati, sino alla lunghezza necessaria senza mai lasciare le due estremita\u2019. Il tubolare \u00e8 pronto per assumere la forma desiderata e per essere modificato a seconda delle esigenze.<br \/>\n&nbsp;<br \/>\n&nbsp;<br \/>\n&nbsp;<br \/>\nLa forma pu\u00f2 essere tonda, quadra, triangolare retta, in definitiva pu\u00f2 essere di tutte le forme chiuse da tre lati in su, naturalmente quanti pi\u00f9 lati ci sono tanto meno il tubo \u00e8 flessibile, il massimo della flessibilita\u2019 naturalmente la raggiunge la forma rotonda. Altro aspetto importante \u00e8 lo spessore quanto piu\u2019 piccolo tanto meno definiti saranno gli angoli.<\/p>\n","protected":false},"excerpt":{"rendered":"<p>Orecchini argento 925 con catena pendente, finiture oro 18 ct onice e malachite.<\/p>\n","protected":false},"featured_media":148145,"template":"","meta":{"_acf_changed":false},"product_brand":[],"product_cat":[27,35],"product_tag":[],"class_list":{"0":"post-148142","1":"product","2":"type-product","3":"status-publish","4":"has-post-thumbnail","6":"product_cat-gioielli","7":"product_cat-orecchini-2-jewels","8":"pa_brand-fecarotta","9":"pa_collection-tubogas","10":"pa_gender-donna","12":"first","13":"instock","14":"shipping-taxable","15":"purchasable","16":"product-type-simple","17":"add-to-wishlist-before_image"},"acf":[],"yoast_head":"<!-- This site is optimized with the Yoast SEO plugin v27.6 - https:\/\/yoast.com\/product\/yoast-seo-wordpress\/ -->\n<title>Orecchini argento pendenti con finiture oro onice e malachite - Fecarotta Gioielli<\/title>\n<meta name=\"description\" content=\"Stai cercando Orecchini argento pendenti con finiture oro onice e malachite? Da Fecarotta Gioielli lo trovi. Entra nel sito, acquistalo e scopri tutti i nostri prodotti!\" \/>\n<meta name=\"robots\" content=\"index, follow, max-snippet:-1, max-image-preview:large, max-video-preview:-1\" \/>\n<link rel=\"canonical\" href=\"https:\/\/www.fecarotta.com\/it\/prodotto\/orecchini-argento-pendenti-con-finiture-oro-onice-e-malachite\/\" \/>\n<meta property=\"og:locale\" content=\"it_IT\" \/>\n<meta property=\"og:type\" content=\"article\" \/>\n<meta property=\"og:title\" content=\"Orecchini argento pendenti con finiture oro onice e malachite - Fecarotta Gioielli\" \/>\n<meta property=\"og:description\" content=\"Stai cercando Orecchini argento pendenti con finiture oro onice e malachite? Da Fecarotta Gioielli lo trovi. Entra nel sito, acquistalo e scopri tutti i nostri prodotti!\" \/>\n<meta property=\"og:url\" content=\"https:\/\/www.fecarotta.com\/it\/prodotto\/orecchini-argento-pendenti-con-finiture-oro-onice-e-malachite\/\" \/>\n<meta property=\"og:site_name\" content=\"Fecarotta Gioielli\" \/>\n<meta property=\"article:publisher\" content=\"https:\/\/www.facebook.com\/fecarottagioielli\" \/>\n<meta property=\"article:modified_time\" content=\"2026-03-28T15:30:49+00:00\" \/>\n<meta property=\"og:image\" content=\"https:\/\/storage1208.cdn-immedia.net\/wp-content\/uploads\/2026\/03\/TUB_ARG_OR_12OML-1.jpg\" \/>\n\t<meta property=\"og:image:width\" content=\"2000\" \/>\n\t<meta property=\"og:image:height\" content=\"2000\" \/>\n\t<meta property=\"og:image:type\" content=\"image\/jpeg\" \/>\n<meta name=\"twitter:card\" content=\"summary_large_image\" \/>\n<meta name=\"twitter:label1\" content=\"Tempo di lettura stimato\" \/>\n\t<meta name=\"twitter:data1\" content=\"1 minuto\" \/>\n<script type=\"application\/ld+json\" class=\"yoast-schema-graph\">{\"@context\":\"https:\\\/\\\/schema.org\",\"@graph\":[{\"@type\":\"WebPage\",\"@id\":\"https:\\\/\\\/www.fecarotta.com\\\/it\\\/prodotto\\\/orecchini-argento-pendenti-con-finiture-oro-onice-e-malachite\\\/\",\"url\":\"https:\\\/\\\/www.fecarotta.com\\\/it\\\/prodotto\\\/orecchini-argento-pendenti-con-finiture-oro-onice-e-malachite\\\/\",\"name\":\"Orecchini argento pendenti con finiture oro onice e malachite - Fecarotta Gioielli\",\"isPartOf\":{\"@id\":\"https:\\\/\\\/www.fecarotta.com\\\/it\\\/#website\"},\"primaryImageOfPage\":{\"@id\":\"https:\\\/\\\/www.fecarotta.com\\\/it\\\/prodotto\\\/orecchini-argento-pendenti-con-finiture-oro-onice-e-malachite\\\/#primaryimage\"},\"image\":{\"@id\":\"https:\\\/\\\/www.fecarotta.com\\\/it\\\/prodotto\\\/orecchini-argento-pendenti-con-finiture-oro-onice-e-malachite\\\/#primaryimage\"},\"thumbnailUrl\":\"https:\\\/\\\/www.fecarotta.com\\\/wp-content\\\/uploads\\\/2026\\\/03\\\/TUB_ARG_OR_12OML-1.jpg\",\"datePublished\":\"2026-03-28T14:40:37+00:00\",\"dateModified\":\"2026-03-28T15:30:49+00:00\",\"description\":\"Stai cercando Orecchini argento pendenti con finiture oro onice e malachite? Da Fecarotta Gioielli lo trovi. Entra nel sito, acquistalo e scopri tutti i nostri prodotti!\",\"breadcrumb\":{\"@id\":\"https:\\\/\\\/www.fecarotta.com\\\/it\\\/prodotto\\\/orecchini-argento-pendenti-con-finiture-oro-onice-e-malachite\\\/#breadcrumb\"},\"inLanguage\":\"it-IT\",\"potentialAction\":[{\"@type\":\"ReadAction\",\"target\":[\"https:\\\/\\\/www.fecarotta.com\\\/it\\\/prodotto\\\/orecchini-argento-pendenti-con-finiture-oro-onice-e-malachite\\\/\"]}]},{\"@type\":\"ImageObject\",\"inLanguage\":\"it-IT\",\"@id\":\"https:\\\/\\\/www.fecarotta.com\\\/it\\\/prodotto\\\/orecchini-argento-pendenti-con-finiture-oro-onice-e-malachite\\\/#primaryimage\",\"url\":\"https:\\\/\\\/www.fecarotta.com\\\/wp-content\\\/uploads\\\/2026\\\/03\\\/TUB_ARG_OR_12OML-1.jpg\",\"contentUrl\":\"https:\\\/\\\/www.fecarotta.com\\\/wp-content\\\/uploads\\\/2026\\\/03\\\/TUB_ARG_OR_12OML-1.jpg\",\"width\":2000,\"height\":2000,\"caption\":\"Orecchini argento pendenti con finiture oro onice e malachite\"},{\"@type\":\"BreadcrumbList\",\"@id\":\"https:\\\/\\\/www.fecarotta.com\\\/it\\\/prodotto\\\/orecchini-argento-pendenti-con-finiture-oro-onice-e-malachite\\\/#breadcrumb\",\"itemListElement\":[{\"@type\":\"ListItem\",\"position\":1,\"name\":\"Home\",\"item\":\"https:\\\/\\\/www.fecarotta.com\\\/it\\\/\"},{\"@type\":\"ListItem\",\"position\":2,\"name\":\"Negozio\",\"item\":\"https:\\\/\\\/www.fecarotta.com\\\/it\\\/negozio\\\/\"},{\"@type\":\"ListItem\",\"position\":3,\"name\":\"Orecchini argento pendenti con finiture oro onice e malachite\"}]},{\"@type\":\"WebSite\",\"@id\":\"https:\\\/\\\/www.fecarotta.com\\\/it\\\/#website\",\"url\":\"https:\\\/\\\/www.fecarotta.com\\\/it\\\/\",\"name\":\"Fecarotta Gioielli\",\"description\":\"\",\"publisher\":{\"@id\":\"https:\\\/\\\/www.fecarotta.com\\\/it\\\/#organization\"},\"potentialAction\":[{\"@type\":\"SearchAction\",\"target\":{\"@type\":\"EntryPoint\",\"urlTemplate\":\"https:\\\/\\\/www.fecarotta.com\\\/it\\\/?s={search_term_string}\"},\"query-input\":{\"@type\":\"PropertyValueSpecification\",\"valueRequired\":true,\"valueName\":\"search_term_string\"}}],\"inLanguage\":\"it-IT\"},{\"@type\":\"Organization\",\"@id\":\"https:\\\/\\\/www.fecarotta.com\\\/it\\\/#organization\",\"name\":\"Fecarotta Gioielli\",\"url\":\"https:\\\/\\\/www.fecarotta.com\\\/it\\\/\",\"logo\":{\"@type\":\"ImageObject\",\"inLanguage\":\"it-IT\",\"@id\":\"https:\\\/\\\/www.fecarotta.com\\\/it\\\/#\\\/schema\\\/logo\\\/image\\\/\",\"url\":\"https:\\\/\\\/www.fecarotta.com\\\/wp-content\\\/uploads\\\/2025\\\/03\\\/logo-gmb-fecarotta.jpg\",\"contentUrl\":\"https:\\\/\\\/www.fecarotta.com\\\/wp-content\\\/uploads\\\/2025\\\/03\\\/logo-gmb-fecarotta.jpg\",\"width\":500,\"height\":500,\"caption\":\"Fecarotta Gioielli\"},\"image\":{\"@id\":\"https:\\\/\\\/www.fecarotta.com\\\/it\\\/#\\\/schema\\\/logo\\\/image\\\/\"},\"sameAs\":[\"https:\\\/\\\/www.facebook.com\\\/fecarottagioielli\",\"http:\\\/\\\/www.instagram.com\\\/fecarotta.it\",\"https:\\\/\\\/www.linkedin.com\\\/company\\\/fecarotta-it\\\/\",\"https:\\\/\\\/api.whatsapp.com\\\/send?phone=393913323691&text=Salve, vorrei qualche informazione in merito ai vostri prodotti.\"]}]}<\/script>\n<!-- \/ Yoast SEO plugin. -->","yoast_head_json":{"title":"Orecchini argento pendenti con finiture oro onice e malachite - Fecarotta Gioielli","description":"Stai cercando Orecchini argento pendenti con finiture oro onice e malachite? Da Fecarotta Gioielli lo trovi. Entra nel sito, acquistalo e scopri tutti i nostri prodotti!","robots":{"index":"index","follow":"follow","max-snippet":"max-snippet:-1","max-image-preview":"max-image-preview:large","max-video-preview":"max-video-preview:-1"},"canonical":"https:\/\/www.fecarotta.com\/it\/prodotto\/orecchini-argento-pendenti-con-finiture-oro-onice-e-malachite\/","og_locale":"it_IT","og_type":"article","og_title":"Orecchini argento pendenti con finiture oro onice e malachite - Fecarotta Gioielli","og_description":"Stai cercando Orecchini argento pendenti con finiture oro onice e malachite? Da Fecarotta Gioielli lo trovi. Entra nel sito, acquistalo e scopri tutti i nostri prodotti!","og_url":"https:\/\/www.fecarotta.com\/it\/prodotto\/orecchini-argento-pendenti-con-finiture-oro-onice-e-malachite\/","og_site_name":"Fecarotta Gioielli","article_publisher":"https:\/\/www.facebook.com\/fecarottagioielli","article_modified_time":"2026-03-28T15:30:49+00:00","og_image":[{"width":2000,"height":2000,"url":"https:\/\/storage1208.cdn-immedia.net\/wp-content\/uploads\/2026\/03\/TUB_ARG_OR_12OML-1.jpg","type":"image\/jpeg"}],"twitter_card":"summary_large_image","twitter_misc":{"Tempo di lettura stimato":"1 minuto"},"schema":{"@context":"https:\/\/schema.org","@graph":[{"@type":"WebPage","@id":"https:\/\/www.fecarotta.com\/it\/prodotto\/orecchini-argento-pendenti-con-finiture-oro-onice-e-malachite\/","url":"https:\/\/www.fecarotta.com\/it\/prodotto\/orecchini-argento-pendenti-con-finiture-oro-onice-e-malachite\/","name":"Orecchini argento pendenti con finiture oro onice e malachite - Fecarotta Gioielli","isPartOf":{"@id":"https:\/\/www.fecarotta.com\/it\/#website"},"primaryImageOfPage":{"@id":"https:\/\/www.fecarotta.com\/it\/prodotto\/orecchini-argento-pendenti-con-finiture-oro-onice-e-malachite\/#primaryimage"},"image":{"@id":"https:\/\/www.fecarotta.com\/it\/prodotto\/orecchini-argento-pendenti-con-finiture-oro-onice-e-malachite\/#primaryimage"},"thumbnailUrl":"https:\/\/storage1208.cdn-immedia.net\/wp-content\/uploads\/2026\/03\/TUB_ARG_OR_12OML-1.jpg","datePublished":"2026-03-28T14:40:37+00:00","dateModified":"2026-03-28T15:30:49+00:00","description":"Stai cercando Orecchini argento pendenti con finiture oro onice e malachite? Da Fecarotta Gioielli lo trovi. Entra nel sito, acquistalo e scopri tutti i nostri prodotti!","breadcrumb":{"@id":"https:\/\/www.fecarotta.com\/it\/prodotto\/orecchini-argento-pendenti-con-finiture-oro-onice-e-malachite\/#breadcrumb"},"inLanguage":"it-IT","potentialAction":[{"@type":"ReadAction","target":["https:\/\/www.fecarotta.com\/it\/prodotto\/orecchini-argento-pendenti-con-finiture-oro-onice-e-malachite\/"]}]},{"@type":"ImageObject","inLanguage":"it-IT","@id":"https:\/\/www.fecarotta.com\/it\/prodotto\/orecchini-argento-pendenti-con-finiture-oro-onice-e-malachite\/#primaryimage","url":"https:\/\/storage1208.cdn-immedia.net\/wp-content\/uploads\/2026\/03\/TUB_ARG_OR_12OML-1.jpg","contentUrl":"https:\/\/storage1208.cdn-immedia.net\/wp-content\/uploads\/2026\/03\/TUB_ARG_OR_12OML-1.jpg","width":2000,"height":2000,"caption":"Orecchini argento pendenti con finiture oro onice e malachite"},{"@type":"BreadcrumbList","@id":"https:\/\/www.fecarotta.com\/it\/prodotto\/orecchini-argento-pendenti-con-finiture-oro-onice-e-malachite\/#breadcrumb","itemListElement":[{"@type":"ListItem","position":1,"name":"Home","item":"https:\/\/www.fecarotta.com\/it\/"},{"@type":"ListItem","position":2,"name":"Negozio","item":"https:\/\/www.fecarotta.com\/it\/negozio\/"},{"@type":"ListItem","position":3,"name":"Orecchini argento pendenti con finiture oro onice e malachite"}]},{"@type":"WebSite","@id":"https:\/\/www.fecarotta.com\/it\/#website","url":"https:\/\/www.fecarotta.com\/it\/","name":"Fecarotta Gioielli","description":"","publisher":{"@id":"https:\/\/www.fecarotta.com\/it\/#organization"},"potentialAction":[{"@type":"SearchAction","target":{"@type":"EntryPoint","urlTemplate":"https:\/\/www.fecarotta.com\/it\/?s={search_term_string}"},"query-input":{"@type":"PropertyValueSpecification","valueRequired":true,"valueName":"search_term_string"}}],"inLanguage":"it-IT"},{"@type":"Organization","@id":"https:\/\/www.fecarotta.com\/it\/#organization","name":"Fecarotta Gioielli","url":"https:\/\/www.fecarotta.com\/it\/","logo":{"@type":"ImageObject","inLanguage":"it-IT","@id":"https:\/\/www.fecarotta.com\/it\/#\/schema\/logo\/image\/","url":"https:\/\/storage1208.cdn-immedia.net\/wp-content\/uploads\/2025\/03\/logo-gmb-fecarotta.jpg","contentUrl":"https:\/\/storage1208.cdn-immedia.net\/wp-content\/uploads\/2025\/03\/logo-gmb-fecarotta.jpg","width":500,"height":500,"caption":"Fecarotta Gioielli"},"image":{"@id":"https:\/\/www.fecarotta.com\/it\/#\/schema\/logo\/image\/"},"sameAs":["https:\/\/www.facebook.com\/fecarottagioielli","http:\/\/www.instagram.com\/fecarotta.it","https:\/\/www.linkedin.com\/company\/fecarotta-it\/","https:\/\/api.whatsapp.com\/send?phone=393913323691&text=Salve, vorrei qualche informazione in merito ai vostri prodotti."]}]}},"_links":{"self":[{"href":"https:\/\/www.fecarotta.com\/it\/wp-json\/wp\/v2\/product\/148142","targetHints":{"allow":["GET"]}}],"collection":[{"href":"https:\/\/www.fecarotta.com\/it\/wp-json\/wp\/v2\/product"}],"about":[{"href":"https:\/\/www.fecarotta.com\/it\/wp-json\/wp\/v2\/types\/product"}],"wp:featuredmedia":[{"embeddable":true,"href":"https:\/\/www.fecarotta.com\/it\/wp-json\/wp\/v2\/media\/148145"}],"wp:attachment":[{"href":"https:\/\/www.fecarotta.com\/it\/wp-json\/wp\/v2\/media?parent=148142"}],"wp:term":[{"taxonomy":"product_brand","embeddable":true,"href":"https:\/\/www.fecarotta.com\/it\/wp-json\/wp\/v2\/product_brand?post=148142"},{"taxonomy":"product_cat","embeddable":true,"href":"https:\/\/www.fecarotta.com\/it\/wp-json\/wp\/v2\/product_cat?post=148142"},{"taxonomy":"product_tag","embeddable":true,"href":"https:\/\/www.fecarotta.com\/it\/wp-json\/wp\/v2\/product_tag?post=148142"}],"curies":[{"name":"wp","href":"https:\/\/api.w.org\/{rel}","templated":true}]}}