{"id":146814,"date":"2023-07-05T07:38:09","date_gmt":"2023-07-05T07:38:09","guid":{"rendered":"https:\/\/www.fecarotta.com\/?post_type=product&#038;p=146814"},"modified":"2026-03-19T16:11:55","modified_gmt":"2026-03-19T16:11:55","slug":"bracciale-tubogas-3-giri-argento-pietre-dure-onice-e-corallo","status":"publish","type":"product","link":"https:\/\/www.fecarotta.com\/it\/prodotto\/bracciale-tubogas-3-giri-argento-pietre-dure-onice-e-corallo\/","title":{"rendered":"BRACCIALE TUBOGAS 3 GIRI ARGENTO PIETRE DURE ONICE E CORALLO"},"content":{"rendered":"<p>La lavorazione \u00e8 totalmente artigianale e consiste nel ritagliare dalle lastre lunghi fili d\u2019oro, d\u2019argento o altro metallo; questi fili vengono poi passati in una trafila che li rende a forma di U ma con angoli retti, dopo due fili di questi vengono accoppiati, sino alla lunghezza necessaria senza mai lasciare le due estremita\u2019.<br \/>\n&nbsp;<br \/>\n&nbsp;<br \/>\nIl tubolare \u00e8 pronto per assumere la forma desiderata e per essere modificato a seconda delle esigenze. La forma pu\u00f2 essere tonda, quadra, triangolare retta, in definitiva pu\u00f2 essere di tutte le forme chiuse da tre lati in su, naturalmente quanti pi\u00f9 lati ci sono tanto meno il tubo \u00e8 flessibile, il massimo della flessibilita\u2019 naturalmente la raggiunge la forma rotonda. Altro aspetto importante \u00e8 lo spessore quanto piu\u2019 piccolo tanto meno definiti saranno gli angoli.<br \/>\n&nbsp;<br \/>\n&nbsp;<br \/>\nLa tecnica \u00e8 rimasta invariata nei secoli, totalmente manuale, l\u2019unico aiuto meccanico dei nostri giorni \u00e8 un motore che fa girare l\u2019asse sulla forma con cui vengono avvolti i fili che formeranno il tubo; ma le mani dell\u2019uomo sono presenti per tenere l\u2019estremita\u2019 che si avvolgono tra loro.<\/p>\n","protected":false},"excerpt":{"rendered":"<p>Bracciale tubogas 3 giri argento e pietre dure con finiture oro.<\/p>\n","protected":false},"featured_media":146815,"template":"","meta":{"_acf_changed":false},"product_brand":[],"product_cat":[28,27],"product_tag":[],"class_list":{"0":"post-146814","1":"product","2":"type-product","3":"status-publish","4":"has-post-thumbnail","6":"product_cat-bracciali","7":"product_cat-gioielli","8":"pa_brand-fecarotta","9":"pa_collection-tubogas","10":"pa_gender-donna","12":"first","13":"instock","14":"shipping-taxable","15":"purchasable","16":"product-type-simple","17":"add-to-wishlist-before_image"},"acf":[],"yoast_head":"<!-- This site is optimized with the Yoast SEO plugin v27.5 - https:\/\/yoast.com\/product\/yoast-seo-wordpress\/ -->\n<title>BRACCIALE TUBOGAS 3 GIRI ARGENTO PIETRE DURE ONICE E CORALLO - Fecarotta Gioielli<\/title>\n<meta name=\"description\" content=\"Stai cercando BRACCIALE TUBOGAS 3 GIRI ARGENTO PIETRE DURE ONICE E CORALLO? Da Fecarotta Gioielli lo trovi. Entra nel sito, acquistalo e scopri tutti i nostri prodotti!\" \/>\n<meta name=\"robots\" content=\"index, follow, max-snippet:-1, max-image-preview:large, max-video-preview:-1\" \/>\n<link rel=\"canonical\" href=\"https:\/\/www.fecarotta.com\/it\/prodotto\/bracciale-tubogas-3-giri-argento-pietre-dure-onice-e-corallo\/\" \/>\n<meta property=\"og:locale\" content=\"it_IT\" \/>\n<meta property=\"og:type\" content=\"article\" \/>\n<meta property=\"og:title\" content=\"BRACCIALE TUBOGAS 3 GIRI ARGENTO PIETRE DURE ONICE E CORALLO - Fecarotta Gioielli\" \/>\n<meta property=\"og:description\" content=\"Stai cercando BRACCIALE TUBOGAS 3 GIRI ARGENTO PIETRE DURE ONICE E CORALLO? Da Fecarotta Gioielli lo trovi. Entra nel sito, acquistalo e scopri tutti i nostri prodotti!\" \/>\n<meta property=\"og:url\" content=\"https:\/\/www.fecarotta.com\/it\/prodotto\/bracciale-tubogas-3-giri-argento-pietre-dure-onice-e-corallo\/\" \/>\n<meta property=\"og:site_name\" content=\"Fecarotta Gioielli\" \/>\n<meta property=\"article:publisher\" content=\"https:\/\/www.facebook.com\/fecarottagioielli\" \/>\n<meta property=\"article:modified_time\" content=\"2026-03-19T16:11:55+00:00\" \/>\n<meta property=\"og:image\" content=\"https:\/\/storage1208.cdn-immedia.net\/wp-content\/uploads\/2026\/02\/TUB_ARG_BR_15_COR_ONX.jpg\" \/>\n\t<meta property=\"og:image:width\" content=\"2000\" \/>\n\t<meta property=\"og:image:height\" content=\"2000\" \/>\n\t<meta property=\"og:image:type\" content=\"image\/jpeg\" \/>\n<meta name=\"twitter:card\" content=\"summary_large_image\" \/>\n<meta name=\"twitter:label1\" content=\"Tempo di lettura stimato\" \/>\n\t<meta name=\"twitter:data1\" content=\"1 minuto\" \/>\n<script type=\"application\/ld+json\" class=\"yoast-schema-graph\">{\"@context\":\"https:\\\/\\\/schema.org\",\"@graph\":[{\"@type\":\"WebPage\",\"@id\":\"https:\\\/\\\/www.fecarotta.com\\\/it\\\/prodotto\\\/bracciale-tubogas-3-giri-argento-pietre-dure-onice-e-corallo\\\/\",\"url\":\"https:\\\/\\\/www.fecarotta.com\\\/it\\\/prodotto\\\/bracciale-tubogas-3-giri-argento-pietre-dure-onice-e-corallo\\\/\",\"name\":\"BRACCIALE TUBOGAS 3 GIRI ARGENTO PIETRE DURE ONICE E CORALLO - Fecarotta Gioielli\",\"isPartOf\":{\"@id\":\"https:\\\/\\\/www.fecarotta.com\\\/it\\\/#website\"},\"primaryImageOfPage\":{\"@id\":\"https:\\\/\\\/www.fecarotta.com\\\/it\\\/prodotto\\\/bracciale-tubogas-3-giri-argento-pietre-dure-onice-e-corallo\\\/#primaryimage\"},\"image\":{\"@id\":\"https:\\\/\\\/www.fecarotta.com\\\/it\\\/prodotto\\\/bracciale-tubogas-3-giri-argento-pietre-dure-onice-e-corallo\\\/#primaryimage\"},\"thumbnailUrl\":\"https:\\\/\\\/www.fecarotta.com\\\/wp-content\\\/uploads\\\/2026\\\/02\\\/TUB_ARG_BR_15_COR_ONX.jpg\",\"datePublished\":\"2023-07-05T07:38:09+00:00\",\"dateModified\":\"2026-03-19T16:11:55+00:00\",\"description\":\"Stai cercando BRACCIALE TUBOGAS 3 GIRI ARGENTO PIETRE DURE ONICE E CORALLO? Da Fecarotta Gioielli lo trovi. Entra nel sito, acquistalo e scopri tutti i nostri prodotti!\",\"breadcrumb\":{\"@id\":\"https:\\\/\\\/www.fecarotta.com\\\/it\\\/prodotto\\\/bracciale-tubogas-3-giri-argento-pietre-dure-onice-e-corallo\\\/#breadcrumb\"},\"inLanguage\":\"it-IT\",\"potentialAction\":[{\"@type\":\"ReadAction\",\"target\":[\"https:\\\/\\\/www.fecarotta.com\\\/it\\\/prodotto\\\/bracciale-tubogas-3-giri-argento-pietre-dure-onice-e-corallo\\\/\"]}]},{\"@type\":\"ImageObject\",\"inLanguage\":\"it-IT\",\"@id\":\"https:\\\/\\\/www.fecarotta.com\\\/it\\\/prodotto\\\/bracciale-tubogas-3-giri-argento-pietre-dure-onice-e-corallo\\\/#primaryimage\",\"url\":\"https:\\\/\\\/www.fecarotta.com\\\/wp-content\\\/uploads\\\/2026\\\/02\\\/TUB_ARG_BR_15_COR_ONX.jpg\",\"contentUrl\":\"https:\\\/\\\/www.fecarotta.com\\\/wp-content\\\/uploads\\\/2026\\\/02\\\/TUB_ARG_BR_15_COR_ONX.jpg\",\"width\":2000,\"height\":2000,\"caption\":\"BRACCIALE TUBOGAS 3 GIRI ARGENTO PIETRE DURE ONICE E CORALLO\"},{\"@type\":\"BreadcrumbList\",\"@id\":\"https:\\\/\\\/www.fecarotta.com\\\/it\\\/prodotto\\\/bracciale-tubogas-3-giri-argento-pietre-dure-onice-e-corallo\\\/#breadcrumb\",\"itemListElement\":[{\"@type\":\"ListItem\",\"position\":1,\"name\":\"Home\",\"item\":\"https:\\\/\\\/www.fecarotta.com\\\/it\\\/\"},{\"@type\":\"ListItem\",\"position\":2,\"name\":\"Negozio\",\"item\":\"https:\\\/\\\/www.fecarotta.com\\\/it\\\/negozio\\\/\"},{\"@type\":\"ListItem\",\"position\":3,\"name\":\"BRACCIALE TUBOGAS 3 GIRI ARGENTO PIETRE DURE ONICE E CORALLO\"}]},{\"@type\":\"WebSite\",\"@id\":\"https:\\\/\\\/www.fecarotta.com\\\/it\\\/#website\",\"url\":\"https:\\\/\\\/www.fecarotta.com\\\/it\\\/\",\"name\":\"Fecarotta Gioielli\",\"description\":\"\",\"publisher\":{\"@id\":\"https:\\\/\\\/www.fecarotta.com\\\/it\\\/#organization\"},\"potentialAction\":[{\"@type\":\"SearchAction\",\"target\":{\"@type\":\"EntryPoint\",\"urlTemplate\":\"https:\\\/\\\/www.fecarotta.com\\\/it\\\/?s={search_term_string}\"},\"query-input\":{\"@type\":\"PropertyValueSpecification\",\"valueRequired\":true,\"valueName\":\"search_term_string\"}}],\"inLanguage\":\"it-IT\"},{\"@type\":\"Organization\",\"@id\":\"https:\\\/\\\/www.fecarotta.com\\\/it\\\/#organization\",\"name\":\"Fecarotta Gioielli\",\"url\":\"https:\\\/\\\/www.fecarotta.com\\\/it\\\/\",\"logo\":{\"@type\":\"ImageObject\",\"inLanguage\":\"it-IT\",\"@id\":\"https:\\\/\\\/www.fecarotta.com\\\/it\\\/#\\\/schema\\\/logo\\\/image\\\/\",\"url\":\"https:\\\/\\\/www.fecarotta.com\\\/wp-content\\\/uploads\\\/2025\\\/03\\\/logo-gmb-fecarotta.jpg\",\"contentUrl\":\"https:\\\/\\\/www.fecarotta.com\\\/wp-content\\\/uploads\\\/2025\\\/03\\\/logo-gmb-fecarotta.jpg\",\"width\":500,\"height\":500,\"caption\":\"Fecarotta Gioielli\"},\"image\":{\"@id\":\"https:\\\/\\\/www.fecarotta.com\\\/it\\\/#\\\/schema\\\/logo\\\/image\\\/\"},\"sameAs\":[\"https:\\\/\\\/www.facebook.com\\\/fecarottagioielli\",\"http:\\\/\\\/www.instagram.com\\\/fecarotta.it\",\"https:\\\/\\\/www.linkedin.com\\\/company\\\/fecarotta-it\\\/\",\"https:\\\/\\\/api.whatsapp.com\\\/send?phone=393913323691&text=Salve, vorrei qualche informazione in merito ai vostri prodotti.\"]}]}<\/script>\n<!-- \/ Yoast SEO plugin. -->","yoast_head_json":{"title":"BRACCIALE TUBOGAS 3 GIRI ARGENTO PIETRE DURE ONICE E CORALLO - Fecarotta Gioielli","description":"Stai cercando BRACCIALE TUBOGAS 3 GIRI ARGENTO PIETRE DURE ONICE E CORALLO? Da Fecarotta Gioielli lo trovi. Entra nel sito, acquistalo e scopri tutti i nostri prodotti!","robots":{"index":"index","follow":"follow","max-snippet":"max-snippet:-1","max-image-preview":"max-image-preview:large","max-video-preview":"max-video-preview:-1"},"canonical":"https:\/\/www.fecarotta.com\/it\/prodotto\/bracciale-tubogas-3-giri-argento-pietre-dure-onice-e-corallo\/","og_locale":"it_IT","og_type":"article","og_title":"BRACCIALE TUBOGAS 3 GIRI ARGENTO PIETRE DURE ONICE E CORALLO - Fecarotta Gioielli","og_description":"Stai cercando BRACCIALE TUBOGAS 3 GIRI ARGENTO PIETRE DURE ONICE E CORALLO? Da Fecarotta Gioielli lo trovi. Entra nel sito, acquistalo e scopri tutti i nostri prodotti!","og_url":"https:\/\/www.fecarotta.com\/it\/prodotto\/bracciale-tubogas-3-giri-argento-pietre-dure-onice-e-corallo\/","og_site_name":"Fecarotta Gioielli","article_publisher":"https:\/\/www.facebook.com\/fecarottagioielli","article_modified_time":"2026-03-19T16:11:55+00:00","og_image":[{"width":2000,"height":2000,"url":"https:\/\/storage1208.cdn-immedia.net\/wp-content\/uploads\/2026\/02\/TUB_ARG_BR_15_COR_ONX.jpg","type":"image\/jpeg"}],"twitter_card":"summary_large_image","twitter_misc":{"Tempo di lettura stimato":"1 minuto"},"schema":{"@context":"https:\/\/schema.org","@graph":[{"@type":"WebPage","@id":"https:\/\/www.fecarotta.com\/it\/prodotto\/bracciale-tubogas-3-giri-argento-pietre-dure-onice-e-corallo\/","url":"https:\/\/www.fecarotta.com\/it\/prodotto\/bracciale-tubogas-3-giri-argento-pietre-dure-onice-e-corallo\/","name":"BRACCIALE TUBOGAS 3 GIRI ARGENTO PIETRE DURE ONICE E CORALLO - Fecarotta Gioielli","isPartOf":{"@id":"https:\/\/www.fecarotta.com\/it\/#website"},"primaryImageOfPage":{"@id":"https:\/\/www.fecarotta.com\/it\/prodotto\/bracciale-tubogas-3-giri-argento-pietre-dure-onice-e-corallo\/#primaryimage"},"image":{"@id":"https:\/\/www.fecarotta.com\/it\/prodotto\/bracciale-tubogas-3-giri-argento-pietre-dure-onice-e-corallo\/#primaryimage"},"thumbnailUrl":"https:\/\/storage1208.cdn-immedia.net\/wp-content\/uploads\/2026\/02\/TUB_ARG_BR_15_COR_ONX.jpg","datePublished":"2023-07-05T07:38:09+00:00","dateModified":"2026-03-19T16:11:55+00:00","description":"Stai cercando BRACCIALE TUBOGAS 3 GIRI ARGENTO PIETRE DURE ONICE E CORALLO? Da Fecarotta Gioielli lo trovi. Entra nel sito, acquistalo e scopri tutti i nostri prodotti!","breadcrumb":{"@id":"https:\/\/www.fecarotta.com\/it\/prodotto\/bracciale-tubogas-3-giri-argento-pietre-dure-onice-e-corallo\/#breadcrumb"},"inLanguage":"it-IT","potentialAction":[{"@type":"ReadAction","target":["https:\/\/www.fecarotta.com\/it\/prodotto\/bracciale-tubogas-3-giri-argento-pietre-dure-onice-e-corallo\/"]}]},{"@type":"ImageObject","inLanguage":"it-IT","@id":"https:\/\/www.fecarotta.com\/it\/prodotto\/bracciale-tubogas-3-giri-argento-pietre-dure-onice-e-corallo\/#primaryimage","url":"https:\/\/storage1208.cdn-immedia.net\/wp-content\/uploads\/2026\/02\/TUB_ARG_BR_15_COR_ONX.jpg","contentUrl":"https:\/\/storage1208.cdn-immedia.net\/wp-content\/uploads\/2026\/02\/TUB_ARG_BR_15_COR_ONX.jpg","width":2000,"height":2000,"caption":"BRACCIALE TUBOGAS 3 GIRI ARGENTO PIETRE DURE ONICE E CORALLO"},{"@type":"BreadcrumbList","@id":"https:\/\/www.fecarotta.com\/it\/prodotto\/bracciale-tubogas-3-giri-argento-pietre-dure-onice-e-corallo\/#breadcrumb","itemListElement":[{"@type":"ListItem","position":1,"name":"Home","item":"https:\/\/www.fecarotta.com\/it\/"},{"@type":"ListItem","position":2,"name":"Negozio","item":"https:\/\/www.fecarotta.com\/it\/negozio\/"},{"@type":"ListItem","position":3,"name":"BRACCIALE TUBOGAS 3 GIRI ARGENTO PIETRE DURE ONICE E CORALLO"}]},{"@type":"WebSite","@id":"https:\/\/www.fecarotta.com\/it\/#website","url":"https:\/\/www.fecarotta.com\/it\/","name":"Fecarotta Gioielli","description":"","publisher":{"@id":"https:\/\/www.fecarotta.com\/it\/#organization"},"potentialAction":[{"@type":"SearchAction","target":{"@type":"EntryPoint","urlTemplate":"https:\/\/www.fecarotta.com\/it\/?s={search_term_string}"},"query-input":{"@type":"PropertyValueSpecification","valueRequired":true,"valueName":"search_term_string"}}],"inLanguage":"it-IT"},{"@type":"Organization","@id":"https:\/\/www.fecarotta.com\/it\/#organization","name":"Fecarotta Gioielli","url":"https:\/\/www.fecarotta.com\/it\/","logo":{"@type":"ImageObject","inLanguage":"it-IT","@id":"https:\/\/www.fecarotta.com\/it\/#\/schema\/logo\/image\/","url":"https:\/\/storage1208.cdn-immedia.net\/wp-content\/uploads\/2025\/03\/logo-gmb-fecarotta.jpg","contentUrl":"https:\/\/storage1208.cdn-immedia.net\/wp-content\/uploads\/2025\/03\/logo-gmb-fecarotta.jpg","width":500,"height":500,"caption":"Fecarotta Gioielli"},"image":{"@id":"https:\/\/www.fecarotta.com\/it\/#\/schema\/logo\/image\/"},"sameAs":["https:\/\/www.facebook.com\/fecarottagioielli","http:\/\/www.instagram.com\/fecarotta.it","https:\/\/www.linkedin.com\/company\/fecarotta-it\/","https:\/\/api.whatsapp.com\/send?phone=393913323691&text=Salve, vorrei qualche informazione in merito ai vostri prodotti."]}]}},"_links":{"self":[{"href":"https:\/\/www.fecarotta.com\/it\/wp-json\/wp\/v2\/product\/146814","targetHints":{"allow":["GET"]}}],"collection":[{"href":"https:\/\/www.fecarotta.com\/it\/wp-json\/wp\/v2\/product"}],"about":[{"href":"https:\/\/www.fecarotta.com\/it\/wp-json\/wp\/v2\/types\/product"}],"wp:featuredmedia":[{"embeddable":true,"href":"https:\/\/www.fecarotta.com\/it\/wp-json\/wp\/v2\/media\/146815"}],"wp:attachment":[{"href":"https:\/\/www.fecarotta.com\/it\/wp-json\/wp\/v2\/media?parent=146814"}],"wp:term":[{"taxonomy":"product_brand","embeddable":true,"href":"https:\/\/www.fecarotta.com\/it\/wp-json\/wp\/v2\/product_brand?post=146814"},{"taxonomy":"product_cat","embeddable":true,"href":"https:\/\/www.fecarotta.com\/it\/wp-json\/wp\/v2\/product_cat?post=146814"},{"taxonomy":"product_tag","embeddable":true,"href":"https:\/\/www.fecarotta.com\/it\/wp-json\/wp\/v2\/product_tag?post=146814"}],"curies":[{"name":"wp","href":"https:\/\/api.w.org\/{rel}","templated":true}]}}