{"id":14535,"date":"2020-11-11T15:39:51","date_gmt":"2020-11-11T15:39:51","guid":{"rendered":"https:\/\/www.fecarotta.com\/?post_type=product&#038;p=14535"},"modified":"2023-12-05T18:55:46","modified_gmt":"2023-12-05T18:55:46","slug":"gemelli-da-polso-cabochon-cristallo-blue","status":"publish","type":"product","link":"https:\/\/www.fecarotta.com\/it\/prodotto\/gemelli-da-polso-cabochon-cristallo-blue\/","title":{"rendered":"Gemelli polso Cabochon Cristallo Lalique"},"content":{"rendered":"<p>I Gemelli polso Cabochon Cristallo Blue conferiscono un&#8217;eleganza intramontabile; Nel 1931, Ren\u00e9 Lalique disegna l&#8217;anello cabochon, le sue linee pure in una tavolozza di colori diversi ne fanno il gioiello emblematico della Maison.<\/p>\n<p>&nbsp;<\/p>\n<h4>La Storia di Lalique<\/h4>\n<p>Ren\u00e9 Jules Lalique\u00a0nacque ad\u00a0<em>A\u00ff<\/em>-Champagne il 6 aprile del 1860. Affascinato dall\u2019arte orafa fin dalla sua infanzia, decise di dedicarsi totalmente all\u2019oreficeria. \u00c8 affiancando il gioielliere\u00a0<strong>Louis Aucoc<\/strong> , figlio d\u2019arte che nel 1877 acquist\u00f2 l\u2019azienda parigina Lobjois per poi mutarla in La Maison Aucoc , che Ren\u00e9 potette formare la sua carriera. Ad Aucoc, infatti, va il merito di avergli insegnato le tecniche orafe, trasmettendogli anche un elevato gusto estetico alimentato dalla corrente artistica <em>Art Nouveau<\/em>. Dopo l\u2019apprendistato con il maestro, Ren\u00e9 Lalique frequent\u00f2 la\u00a0<strong><a href=\"https:\/\/it.wikipedia.org\/wiki\/%C3%89cole_des_beaux-arts\" target=\"_blank\" rel=\"noopener noreferrer\">Scuola d\u2019Arti decorative di Parigi<\/a>\u00a0<\/strong>seguendo i corsi di disegno e modellato. Nel 1978 il suo cammino lavorativo prosegu\u00ec in Inghilterra, terra che lo ospit\u00f2 per circa due anni.<\/p>\n<figure id=\"attachment_247078\" class=\"wp-caption alignleft\" aria-describedby=\"caption-attachment-247078\"><figcaption id=\"caption-attachment-247078\" class=\"wp-caption-text\"><\/figcaption>Rientrato a Parigi, il giovane Lalique inizi\u00f2 a lavorare per, Gariod, Jacta e Acnuacquistando, nel 1886, la piccola ditta Jules Destape per poi trasferire il suo laboratorio al 20 rue Th\u00e9r\u00e8se, a Parigi. Il suo nome fece eco nell\u2019alta borghesia francese entrando, di merito, nelle grazie dell\u2019alto rango della societ\u00e0. Sarah Bernhardt,\u00a0<em>La voix d\u2019or<\/em>\u00a0\u00a0del teatro e del cinema francese, affid\u00f2 a Ren\u00e9 una serie di gioielli come la Tiara fatta disegnare dall\u2019illustratore\u00a0Alfonso Maria Mucha. Proprio all\u2019attrice, Ren\u00e9 Lalique intitol\u00f2 una medaglia in avorio raffigurante, in altorilievo, il volto della donna. La medaglia \u00e8 oggi conservata al Museo D\u2019Orsay.<\/p>\n<h4>Il successo di Lalique<\/h4>\n<p>Il successo dei gioielli realizzati da Lalique risiede nella loro ispirazione, ossia nella bellezza della natura e nel fascino delle nudit\u00e0 femminili, tratti tipici dell\u2019<em>Art Nouveau<\/em>. Il suoi monili si distinsero per la variet\u00e0 di materiali utilizzati. Con \u00a0il vetro, il corno, gli smalti e l\u2019avorio, riusc\u00ec a modellare meravigliosi insetti. La sua fama, assieme ad\u00a0<strong>Antonin Daum<\/strong>\u00a0\u2013 figlio dell\u2019imprenditore Jean Daum \u2013 ed\u00a0<strong>Emile Gall\u00e9<\/strong>\u00a0accrebbe grazie all\u2019<a href=\"https:\/\/www.mam-e.it\/arte\/mame-arte-auguste-rodin-parigi\/\" target=\"_blank\" rel=\"noopener noreferrer\"><strong>Esposizione Universale\u00a0<\/strong><\/a>tenutasi a Parigi nel 1900.<\/figure>\n<div id=\"gallery-247061-2-slideshow\" class=\"slideshow-window jetpack-slideshow slideshow-black\" data-trans=\"fade\" data-autostart=\"1\" data-gallery=\"[{&quot;src&quot;:&quot;https:\/\/i0.wp.com\/www.mam-e.it\/wp-content\/uploads\/2018\/04\/mame-moda-renu00e9-lalique-la-gemma-preziosa-delloreficeria.-libellula.jpg?fit=800%2C800u0026ssl=1&quot;,&quot;id&quot;:&quot;247081&quot;,&quot;title&quot;:&quot;mame moda renu00e9 lalique la gemma preziosa dellu0026#8217;oreficeria. libellula&quot;,&quot;alt&quot;:&quot;Mame Moda Renu00e9 Lalique la gemma preziosa dellu0026#039;oreficeria. Libellula&quot;,&quot;caption&quot;:&quot;Libellula, gioiello in oro, smalti, pietre di luna e diamanti. 1897&quot;,&quot;itemprop&quot;:&quot;image&quot;},{&quot;src&quot;:&quot;https:\/\/i1.wp.com\/www.mam-e.it\/wp-content\/uploads\/2018\/04\/mame-moda-renu00e9-lalique-la-gemma-preziosa-delloreficeria.-spilla-orchidea.jpg?fit=800%2C914u0026ssl=1&quot;,&quot;id&quot;:&quot;247095&quot;,&quot;title&quot;:&quot;mame moda renu00e9 lalique la gemma preziosa dellu0026#8217;oreficeria. spilla orchidea&quot;,&quot;alt&quot;:&quot;Mame Moda Renu00e9 Lalique la gemma preziosa dellu0026#039;oreficeria. Diadema orchidea&quot;,&quot;caption&quot;:&quot;Diadema orchidea in avorio e corno&quot;,&quot;itemprop&quot;:&quot;image&quot;},{&quot;src&quot;:&quot;https:\/\/i2.wp.com\/www.mam-e.it\/wp-content\/uploads\/2018\/04\/mame-moda-renu00e9-lalique-la-gemma-preziosa-delloreficeria.-spilla-api.jpg?fit=800%2C1179u0026ssl=1&quot;,&quot;id&quot;:&quot;247092&quot;,&quot;title&quot;:&quot;mame moda renu00e9 lalique la gemma preziosa dellu0026#8217;oreficeria. spilla api&quot;,&quot;alt&quot;:&quot;Mame Moda Renu00e9 Lalique la gemma preziosa dellu0026#039;oreficeria. Spilla vespe&quot;,&quot;caption&quot;:&quot;Spilla per capelli con vespe su Scabiosa Stellata. 1889-90&quot;,&quot;itemprop&quot;:&quot;image&quot;},{&quot;src&quot;:&quot;https:\/\/i2.wp.com\/www.mam-e.it\/wp-content\/uploads\/2018\/04\/mame-moda-renu00e9-lalique-la-gemma-preziosa-delloreficeria.-aquila.jpg?fit=800%2C536u0026ssl=1&quot;,&quot;id&quot;:&quot;247089&quot;,&quot;title&quot;:&quot;mame moda renu00e9 lalique la gemma preziosa dellu0026#8217;oreficeria. aquila&quot;,&quot;alt&quot;:&quot;Mame Moda Renu00e9 Lalique la gemma preziosa dellu0026#039;oreficeria. Aquila con rubino&quot;,&quot;caption&quot;:&quot;Aquila con rubino&quot;,&quot;itemprop&quot;:&quot;image&quot;},{&quot;src&quot;:&quot;https:\/\/i1.wp.com\/www.mam-e.it\/wp-content\/uploads\/2018\/04\/mame-moda-renu00e9-lalique-la-gemma-preziosa-delloreficeria.-gioiello-pavone.jpg?fit=800%2C493u0026ssl=1&quot;,&quot;id&quot;:&quot;247087&quot;,&quot;title&quot;:&quot;mame moda renu00e9 lalique la gemma preziosa dellu0026#8217;oreficeria. gioiello pavone&quot;,&quot;alt&quot;:&quot;Mame Moda Renu00e9 Lalique la gemma preziosa dellu0026#039;oreficeria. Gioiello pavone&quot;,&quot;caption&quot;:&quot;Gioiello Pavone in oro e smalti&quot;,&quot;itemprop&quot;:&quot;image&quot;},{&quot;src&quot;:&quot;https:\/\/i1.wp.com\/www.mam-e.it\/wp-content\/uploads\/2018\/04\/mame-moda-renu00e9-lalique-la-gemma-preziosa-delloreficeria-orientalism-medusa-1898-9.jpg?fit=800%2C956u0026ssl=1&quot;,&quot;id&quot;:&quot;247090&quot;,&quot;title&quot;:&quot;mame moda renu00e9 lalique la gemma preziosa dellu0026#8217;oreficeria orientalism medusa 1898-9&quot;,&quot;alt&quot;:&quot;Mame Moda Renu00e9 Lalique la gemma preziosa dellu0026#039;oreficeria. Medusa orientaleggiante&quot;,&quot;caption&quot;:&quot;Medusa orientaleggiante&quot;,&quot;itemprop&quot;:&quot;image&quot;},{&quot;src&quot;:&quot;https:\/\/i2.wp.com\/www.mam-e.it\/wp-content\/uploads\/2018\/04\/mame-moda-renu00e9-lalique-la-gemma-preziosa-delloreficeria.-pavone.jpg?fit=800%2C532u0026ssl=1&quot;,&quot;id&quot;:&quot;247091&quot;,&quot;title&quot;:&quot;mame moda renu00e9 lalique la gemma preziosa dellu0026#8217;oreficeria. pavone&quot;,&quot;alt&quot;:&quot;Mame Moda Renu00e9 Lalique la gemma preziosa dellu0026#039;oreficeria. Pavone smaltato&quot;,&quot;caption&quot;:&quot;Pavone smaltato&quot;,&quot;itemprop&quot;:&quot;image&quot;},{&quot;src&quot;:&quot;https:\/\/i1.wp.com\/www.mam-e.it\/wp-content\/uploads\/2018\/04\/mame-moda-renu00e9-lalique-la-gemma-preziosa-delloreficeria.-gioiello-polpo.jpg?fit=800%2C1111u0026ssl=1&quot;,&quot;id&quot;:&quot;247085&quot;,&quot;title&quot;:&quot;mame moda renu00e9 lalique la gemma preziosa dellu0026#8217;oreficeria. gioiello polpo&quot;,&quot;alt&quot;:&quot;Mame Moda Renu00e9 Lalique la gemma preziosa dellu0026#039;oreficeria. Gioiello Polpo&quot;,&quot;caption&quot;:&quot;Gioiello Polpo con perla, smalti, oro e diamanti&quot;,&quot;itemprop&quot;:&quot;image&quot;},{&quot;src&quot;:&quot;https:\/\/i1.wp.com\/www.mam-e.it\/wp-content\/uploads\/2018\/04\/mame-moda-renu00e9-lalique-la-gemma-preziosa-delloreficeria.-donna-farfalla.jpg?fit=800%2C532u0026ssl=1&quot;,&quot;id&quot;:&quot;247084&quot;,&quot;title&quot;:&quot;mame moda renu00e9 lalique la gemma preziosa dellu0026#8217;oreficeria. donna farfalla&quot;,&quot;alt&quot;:&quot;Mame Moda Renu00e9 Lalique la gemma preziosa dellu0026#039;oreficeria. Gioiello Donna Farfalla&quot;,&quot;caption&quot;:&quot;Donna farfalla in oro, corno e diamanti&quot;,&quot;itemprop&quot;:&quot;image&quot;},{&quot;src&quot;:&quot;https:\/\/i2.wp.com\/www.mam-e.it\/wp-content\/uploads\/2018\/04\/mame-moda-renu00e9-lalique-la-gemma-preziosa-delloreficeria.-medaglione-darah-bernhardt.jpg?fit=797%2C773u0026ssl=1&quot;,&quot;id&quot;:&quot;247082&quot;,&quot;title&quot;:&quot;mame moda renu00e9 lalique la gemma preziosa dellu0026#8217;oreficeria. medaglione darah bernhardt&quot;,&quot;alt&quot;:&quot;Mame Moda Renu00e9 Lalique la gemma preziosa dellu0026#039;oreficeria. Medaglione avorio&quot;,&quot;caption&quot;:&quot;Medaglione in avorio Sarah Barnhardt&quot;,&quot;itemprop&quot;:&quot;image&quot;}]\">\n<div class=\"slideshow-slide\"><span class=\"slideshow-line-height-hack\">\u00a0<\/span><\/div>\n<\/div>\n<p>Nel suo complesso percorso, sicuramente generoso di ingegno, Lalique ci ha lasciato bijou raffiguranti\u00a0<em>femme-fleu,<\/em> sirene, meduse, pavoni, cigni, farfalle, api \u2013 le ali degli insetti erano realizzate con la tecnica del \u201cplique-\u00e0-jour-\u00a0 , cigni, temi wagneriani. Le sue erano opere nobili, come lo dimostra il diadema a forma di orchidea in avorio, corno e piccolo topazio al centro, conservata al Museo Calouste Gulbenkian di Lisbona. Il monile diventa la chiave di lettura per inscrivere la padronanza tecnica di Ren\u00e9 Lalique nell\u2019arte dell\u2019oreficeria.<\/p>\n<p><a href=\"https:\/\/www.fecarotta.com\/it\/fecarotta-gioielli-company\/\" target=\"_blank\" rel=\"noopener noreferrer\">La nostra Azienda<\/a><\/p>\n","protected":false},"excerpt":{"rendered":"<p>Gemelli da polso in cristallo blu su finitura ottone palladio.<\/p>\n<p>2 cristalli blu: 3,7 grammi<br \/>\nDiametro : 1,5 cm<br \/>\nOttone finitura palladio, peso medio: 8 grammi<\/p>\n","protected":false},"featured_media":14537,"template":"","meta":{"_acf_changed":false},"product_brand":[],"product_cat":[127,932,1168,2304],"product_tag":[],"class_list":{"0":"post-14535","1":"product","2":"type-product","3":"status-publish","4":"has-post-thumbnail","6":"product_cat-accessori","7":"product_cat-gemelli","8":"product_cat-innamorati","9":"product_cat-uomo","10":"pa_brand-lalique","11":"pa_gender-uomo","13":"first","14":"outofstock","15":"shipping-taxable","16":"purchasable","17":"product-type-simple","18":"add-to-wishlist-before_image"},"acf":[],"yoast_head":"<!-- This site is optimized with the Yoast SEO plugin v27.5 - https:\/\/yoast.com\/product\/yoast-seo-wordpress\/ -->\n<title>Gemelli polso Cabochon Cristallo Lalique - Fecarotta Gioielli<\/title>\n<meta name=\"description\" content=\"I Gemelli da polso Cabochon Cristallo blue, finitura palladio conferiscono un&#039;eleganza intramontabile; Disponibili adesso on line su fecarotta.it\" \/>\n<meta name=\"robots\" content=\"index, follow, max-snippet:-1, max-image-preview:large, max-video-preview:-1\" \/>\n<link rel=\"canonical\" href=\"https:\/\/www.fecarotta.com\/it\/prodotto\/gemelli-da-polso-cabochon-cristallo-blue\/\" \/>\n<meta property=\"og:locale\" content=\"it_IT\" \/>\n<meta property=\"og:type\" content=\"article\" \/>\n<meta property=\"og:title\" content=\"Gemelli polso Cabochon Cristallo Lalique - Fecarotta Gioielli\" \/>\n<meta property=\"og:description\" content=\"I Gemelli da polso Cabochon Cristallo blue, finitura palladio conferiscono un&#039;eleganza intramontabile; Disponibili adesso on line su fecarotta.it\" \/>\n<meta property=\"og:url\" content=\"https:\/\/www.fecarotta.com\/it\/prodotto\/gemelli-da-polso-cabochon-cristallo-blue\/\" \/>\n<meta property=\"og:site_name\" content=\"Fecarotta Gioielli\" \/>\n<meta property=\"article:publisher\" content=\"https:\/\/www.facebook.com\/fecarottagioielli\" \/>\n<meta property=\"article:modified_time\" content=\"2023-12-05T18:55:46+00:00\" \/>\n<meta property=\"og:image\" content=\"https:\/\/storage1208.cdn-immedia.net\/wp-content\/uploads\/2019\/11\/10604200-cabochon-cufflinks1.jpg\" \/>\n\t<meta property=\"og:image:width\" content=\"1000\" \/>\n\t<meta property=\"og:image:height\" content=\"1000\" \/>\n\t<meta property=\"og:image:type\" content=\"image\/jpeg\" \/>\n<meta name=\"twitter:card\" content=\"summary_large_image\" \/>\n<meta name=\"twitter:label1\" content=\"Tempo di lettura stimato\" \/>\n\t<meta name=\"twitter:data1\" content=\"2 minuti\" \/>\n<script type=\"application\/ld+json\" class=\"yoast-schema-graph\">{\"@context\":\"https:\\\/\\\/schema.org\",\"@graph\":[{\"@type\":\"WebPage\",\"@id\":\"https:\\\/\\\/www.fecarotta.com\\\/it\\\/prodotto\\\/gemelli-da-polso-cabochon-cristallo-blue\\\/\",\"url\":\"https:\\\/\\\/www.fecarotta.com\\\/it\\\/prodotto\\\/gemelli-da-polso-cabochon-cristallo-blue\\\/\",\"name\":\"Gemelli polso Cabochon Cristallo Lalique - Fecarotta Gioielli\",\"isPartOf\":{\"@id\":\"https:\\\/\\\/www.fecarotta.com\\\/it\\\/#website\"},\"primaryImageOfPage\":{\"@id\":\"https:\\\/\\\/www.fecarotta.com\\\/it\\\/prodotto\\\/gemelli-da-polso-cabochon-cristallo-blue\\\/#primaryimage\"},\"image\":{\"@id\":\"https:\\\/\\\/www.fecarotta.com\\\/it\\\/prodotto\\\/gemelli-da-polso-cabochon-cristallo-blue\\\/#primaryimage\"},\"thumbnailUrl\":\"https:\\\/\\\/www.fecarotta.com\\\/wp-content\\\/uploads\\\/2019\\\/11\\\/10604200-cabochon-cufflinks1.jpg\",\"datePublished\":\"2020-11-11T15:39:51+00:00\",\"dateModified\":\"2023-12-05T18:55:46+00:00\",\"description\":\"I Gemelli da polso Cabochon Cristallo blue, finitura palladio conferiscono un'eleganza intramontabile; Disponibili adesso on line su fecarotta.it\",\"breadcrumb\":{\"@id\":\"https:\\\/\\\/www.fecarotta.com\\\/it\\\/prodotto\\\/gemelli-da-polso-cabochon-cristallo-blue\\\/#breadcrumb\"},\"inLanguage\":\"it-IT\",\"potentialAction\":[{\"@type\":\"ReadAction\",\"target\":[\"https:\\\/\\\/www.fecarotta.com\\\/it\\\/prodotto\\\/gemelli-da-polso-cabochon-cristallo-blue\\\/\"]}]},{\"@type\":\"ImageObject\",\"inLanguage\":\"it-IT\",\"@id\":\"https:\\\/\\\/www.fecarotta.com\\\/it\\\/prodotto\\\/gemelli-da-polso-cabochon-cristallo-blue\\\/#primaryimage\",\"url\":\"https:\\\/\\\/www.fecarotta.com\\\/wp-content\\\/uploads\\\/2019\\\/11\\\/10604200-cabochon-cufflinks1.jpg\",\"contentUrl\":\"https:\\\/\\\/www.fecarotta.com\\\/wp-content\\\/uploads\\\/2019\\\/11\\\/10604200-cabochon-cufflinks1.jpg\",\"width\":1000,\"height\":1000,\"caption\":\"Gemelli polso Cabochon Cristallo Lalique\"},{\"@type\":\"BreadcrumbList\",\"@id\":\"https:\\\/\\\/www.fecarotta.com\\\/it\\\/prodotto\\\/gemelli-da-polso-cabochon-cristallo-blue\\\/#breadcrumb\",\"itemListElement\":[{\"@type\":\"ListItem\",\"position\":1,\"name\":\"Home\",\"item\":\"https:\\\/\\\/www.fecarotta.com\\\/it\\\/\"},{\"@type\":\"ListItem\",\"position\":2,\"name\":\"Negozio\",\"item\":\"https:\\\/\\\/www.fecarotta.com\\\/it\\\/negozio\\\/\"},{\"@type\":\"ListItem\",\"position\":3,\"name\":\"Gemelli polso Cabochon Cristallo Lalique\"}]},{\"@type\":\"WebSite\",\"@id\":\"https:\\\/\\\/www.fecarotta.com\\\/it\\\/#website\",\"url\":\"https:\\\/\\\/www.fecarotta.com\\\/it\\\/\",\"name\":\"Fecarotta Gioielli\",\"description\":\"\",\"publisher\":{\"@id\":\"https:\\\/\\\/www.fecarotta.com\\\/it\\\/#organization\"},\"potentialAction\":[{\"@type\":\"SearchAction\",\"target\":{\"@type\":\"EntryPoint\",\"urlTemplate\":\"https:\\\/\\\/www.fecarotta.com\\\/it\\\/?s={search_term_string}\"},\"query-input\":{\"@type\":\"PropertyValueSpecification\",\"valueRequired\":true,\"valueName\":\"search_term_string\"}}],\"inLanguage\":\"it-IT\"},{\"@type\":\"Organization\",\"@id\":\"https:\\\/\\\/www.fecarotta.com\\\/it\\\/#organization\",\"name\":\"Fecarotta Gioielli\",\"url\":\"https:\\\/\\\/www.fecarotta.com\\\/it\\\/\",\"logo\":{\"@type\":\"ImageObject\",\"inLanguage\":\"it-IT\",\"@id\":\"https:\\\/\\\/www.fecarotta.com\\\/it\\\/#\\\/schema\\\/logo\\\/image\\\/\",\"url\":\"https:\\\/\\\/www.fecarotta.com\\\/wp-content\\\/uploads\\\/2025\\\/03\\\/logo-gmb-fecarotta.jpg\",\"contentUrl\":\"https:\\\/\\\/www.fecarotta.com\\\/wp-content\\\/uploads\\\/2025\\\/03\\\/logo-gmb-fecarotta.jpg\",\"width\":500,\"height\":500,\"caption\":\"Fecarotta Gioielli\"},\"image\":{\"@id\":\"https:\\\/\\\/www.fecarotta.com\\\/it\\\/#\\\/schema\\\/logo\\\/image\\\/\"},\"sameAs\":[\"https:\\\/\\\/www.facebook.com\\\/fecarottagioielli\",\"http:\\\/\\\/www.instagram.com\\\/fecarotta.it\",\"https:\\\/\\\/www.linkedin.com\\\/company\\\/fecarotta-it\\\/\",\"https:\\\/\\\/api.whatsapp.com\\\/send?phone=393913323691&text=Salve, vorrei qualche informazione in merito ai vostri prodotti.\"]}]}<\/script>\n<!-- \/ Yoast SEO plugin. -->","yoast_head_json":{"title":"Gemelli polso Cabochon Cristallo Lalique - Fecarotta Gioielli","description":"I Gemelli da polso Cabochon Cristallo blue, finitura palladio conferiscono un'eleganza intramontabile; Disponibili adesso on line su fecarotta.it","robots":{"index":"index","follow":"follow","max-snippet":"max-snippet:-1","max-image-preview":"max-image-preview:large","max-video-preview":"max-video-preview:-1"},"canonical":"https:\/\/www.fecarotta.com\/it\/prodotto\/gemelli-da-polso-cabochon-cristallo-blue\/","og_locale":"it_IT","og_type":"article","og_title":"Gemelli polso Cabochon Cristallo Lalique - Fecarotta Gioielli","og_description":"I Gemelli da polso Cabochon Cristallo blue, finitura palladio conferiscono un'eleganza intramontabile; Disponibili adesso on line su fecarotta.it","og_url":"https:\/\/www.fecarotta.com\/it\/prodotto\/gemelli-da-polso-cabochon-cristallo-blue\/","og_site_name":"Fecarotta Gioielli","article_publisher":"https:\/\/www.facebook.com\/fecarottagioielli","article_modified_time":"2023-12-05T18:55:46+00:00","og_image":[{"width":1000,"height":1000,"url":"https:\/\/storage1208.cdn-immedia.net\/wp-content\/uploads\/2019\/11\/10604200-cabochon-cufflinks1.jpg","type":"image\/jpeg"}],"twitter_card":"summary_large_image","twitter_misc":{"Tempo di lettura stimato":"2 minuti"},"schema":{"@context":"https:\/\/schema.org","@graph":[{"@type":"WebPage","@id":"https:\/\/www.fecarotta.com\/it\/prodotto\/gemelli-da-polso-cabochon-cristallo-blue\/","url":"https:\/\/www.fecarotta.com\/it\/prodotto\/gemelli-da-polso-cabochon-cristallo-blue\/","name":"Gemelli polso Cabochon Cristallo Lalique - Fecarotta Gioielli","isPartOf":{"@id":"https:\/\/www.fecarotta.com\/it\/#website"},"primaryImageOfPage":{"@id":"https:\/\/www.fecarotta.com\/it\/prodotto\/gemelli-da-polso-cabochon-cristallo-blue\/#primaryimage"},"image":{"@id":"https:\/\/www.fecarotta.com\/it\/prodotto\/gemelli-da-polso-cabochon-cristallo-blue\/#primaryimage"},"thumbnailUrl":"https:\/\/storage1208.cdn-immedia.net\/wp-content\/uploads\/2019\/11\/10604200-cabochon-cufflinks1.jpg","datePublished":"2020-11-11T15:39:51+00:00","dateModified":"2023-12-05T18:55:46+00:00","description":"I Gemelli da polso Cabochon Cristallo blue, finitura palladio conferiscono un'eleganza intramontabile; Disponibili adesso on line su fecarotta.it","breadcrumb":{"@id":"https:\/\/www.fecarotta.com\/it\/prodotto\/gemelli-da-polso-cabochon-cristallo-blue\/#breadcrumb"},"inLanguage":"it-IT","potentialAction":[{"@type":"ReadAction","target":["https:\/\/www.fecarotta.com\/it\/prodotto\/gemelli-da-polso-cabochon-cristallo-blue\/"]}]},{"@type":"ImageObject","inLanguage":"it-IT","@id":"https:\/\/www.fecarotta.com\/it\/prodotto\/gemelli-da-polso-cabochon-cristallo-blue\/#primaryimage","url":"https:\/\/storage1208.cdn-immedia.net\/wp-content\/uploads\/2019\/11\/10604200-cabochon-cufflinks1.jpg","contentUrl":"https:\/\/storage1208.cdn-immedia.net\/wp-content\/uploads\/2019\/11\/10604200-cabochon-cufflinks1.jpg","width":1000,"height":1000,"caption":"Gemelli polso Cabochon Cristallo Lalique"},{"@type":"BreadcrumbList","@id":"https:\/\/www.fecarotta.com\/it\/prodotto\/gemelli-da-polso-cabochon-cristallo-blue\/#breadcrumb","itemListElement":[{"@type":"ListItem","position":1,"name":"Home","item":"https:\/\/www.fecarotta.com\/it\/"},{"@type":"ListItem","position":2,"name":"Negozio","item":"https:\/\/www.fecarotta.com\/it\/negozio\/"},{"@type":"ListItem","position":3,"name":"Gemelli polso Cabochon Cristallo Lalique"}]},{"@type":"WebSite","@id":"https:\/\/www.fecarotta.com\/it\/#website","url":"https:\/\/www.fecarotta.com\/it\/","name":"Fecarotta Gioielli","description":"","publisher":{"@id":"https:\/\/www.fecarotta.com\/it\/#organization"},"potentialAction":[{"@type":"SearchAction","target":{"@type":"EntryPoint","urlTemplate":"https:\/\/www.fecarotta.com\/it\/?s={search_term_string}"},"query-input":{"@type":"PropertyValueSpecification","valueRequired":true,"valueName":"search_term_string"}}],"inLanguage":"it-IT"},{"@type":"Organization","@id":"https:\/\/www.fecarotta.com\/it\/#organization","name":"Fecarotta Gioielli","url":"https:\/\/www.fecarotta.com\/it\/","logo":{"@type":"ImageObject","inLanguage":"it-IT","@id":"https:\/\/www.fecarotta.com\/it\/#\/schema\/logo\/image\/","url":"https:\/\/storage1208.cdn-immedia.net\/wp-content\/uploads\/2025\/03\/logo-gmb-fecarotta.jpg","contentUrl":"https:\/\/storage1208.cdn-immedia.net\/wp-content\/uploads\/2025\/03\/logo-gmb-fecarotta.jpg","width":500,"height":500,"caption":"Fecarotta Gioielli"},"image":{"@id":"https:\/\/www.fecarotta.com\/it\/#\/schema\/logo\/image\/"},"sameAs":["https:\/\/www.facebook.com\/fecarottagioielli","http:\/\/www.instagram.com\/fecarotta.it","https:\/\/www.linkedin.com\/company\/fecarotta-it\/","https:\/\/api.whatsapp.com\/send?phone=393913323691&text=Salve, vorrei qualche informazione in merito ai vostri prodotti."]}]}},"_links":{"self":[{"href":"https:\/\/www.fecarotta.com\/it\/wp-json\/wp\/v2\/product\/14535","targetHints":{"allow":["GET"]}}],"collection":[{"href":"https:\/\/www.fecarotta.com\/it\/wp-json\/wp\/v2\/product"}],"about":[{"href":"https:\/\/www.fecarotta.com\/it\/wp-json\/wp\/v2\/types\/product"}],"wp:featuredmedia":[{"embeddable":true,"href":"https:\/\/www.fecarotta.com\/it\/wp-json\/wp\/v2\/media\/14537"}],"wp:attachment":[{"href":"https:\/\/www.fecarotta.com\/it\/wp-json\/wp\/v2\/media?parent=14535"}],"wp:term":[{"taxonomy":"product_brand","embeddable":true,"href":"https:\/\/www.fecarotta.com\/it\/wp-json\/wp\/v2\/product_brand?post=14535"},{"taxonomy":"product_cat","embeddable":true,"href":"https:\/\/www.fecarotta.com\/it\/wp-json\/wp\/v2\/product_cat?post=14535"},{"taxonomy":"product_tag","embeddable":true,"href":"https:\/\/www.fecarotta.com\/it\/wp-json\/wp\/v2\/product_tag?post=14535"}],"curies":[{"name":"wp","href":"https:\/\/api.w.org\/{rel}","templated":true}]}}