{"id":14445,"date":"2019-11-22T11:41:05","date_gmt":"2019-11-22T11:41:05","guid":{"rendered":"https:\/\/www.fecarotta.com\/?post_type=product&#038;p=14445"},"modified":"2026-01-16T18:46:09","modified_gmt":"2026-01-16T18:46:09","slug":"ciondolo-logo-grande-gallo-2","status":"publish","type":"product","link":"https:\/\/www.fecarotta.com\/it\/prodotto\/ciondolo-logo-grande-gallo-2\/","title":{"rendered":"Ciondolo Chantecler Logo grande gallo"},"content":{"rendered":"<p>Ciondolo Logo grande gallo fa parte di una delle collezioni storiche di Chantecler. Nata nel 1984 LOGO si \u00e8 arricchita negli anni di simboli sempre nuovi e originali, che hanno completato la proposta iniziale composta dal Gallo, simbolo della maison, dai celebri Faraglioni e dalla mitica \u201cPiazzetta\u201d. Logo rappresenta la sintesi perfetta della filosofia della Maison: lo spirito pi\u00f9 autentico dell\u2019isola di Capri, che da oltre duemila anni attira persone affascinanti, dive bellissime e uomini potenti di tutto il mondo, tutte accomunate da un unico desiderio: portarsene via un pezzettino con s\u00e9! Questa la mission affidata da Chantecler a Logo, il gioiello-souvenir con le immagini dei luoghi pi\u00f9 cari agli amanti di Capri, da portare con s\u00e9 in ogni istante insieme ai ricordi pi\u00f9 belli scolpiti nell\u2019anima. Ciondoli e orecchini di dimensioni diverse in oro giallo, oro rosa e diamanti da abbinare a piacere con collane e bracciali. Ciondolo Logo grande gallo interpreta la Storia di Chantecler<\/p>\n<h4>La storia di Chantecler<\/h4>\n<p>Capri rappresenta per Chantecler\u00a0 l&#8217;origine di tutto. Qui energie, colori e profumi creano quotidianamente qualcosa di irripetibile e straordinario che con amore abbiamo trasformato in gioielli.<\/p>\n<p>Oggi Chantecler non sarebbe la stessa azienda se Capri, oltre a essere fulcro del nostro equilibrio, non fosse anche centro di un mondo che decide gli stili e segna i tempi. Chantecler coniuga tradizione e contemporaneit\u00e0.\u00a0 La nostra Isola \u00e8 da sempre luogo d&#8217;incontro dei personaggi pi\u00f9 influenti, delle dive da copertina e degli intellettuali di spessore che le donano quello spirito internazionale che la rende cos\u00ec speciale e che a noi ha regalato il privilegio di poterci crescere.<\/p>\n<p>Chantecler \u00e8 la storia di una grande amicizia tra Pietro Capuano e Salvatore Aprea, due uomini molto diversi tra loro, entrambi speciali. Pietro Capuano, soprannominato da tutti Chantecler per la sua abitudine di festeggiare fino all&#8217;alba, era un uomo dotato di una personalit\u00e0 stravagante. Un dandy, erede di una nobile famiglia di gioiellieri napoletani, che sapeva incantare gli ospiti delle sue memorabili feste.<\/p>\n<p>Salvatore Aprea era un giovane caprese, testardo e ribelle. Nonostante gli studi in giurisprudenza decise di dedicare la sua vita all&#8217;arte e soprattutto all&#8217;Alta Gioielleria. Una mente creativa che ha saputo sfruttare la sua immaginazione visionaria per realizzare capolavori di mirabile manifattura.<\/p>\n<p><a href=\"https:\/\/www.fecarotta.com\/it\/fecarotta-gioielli-company\/\" target=\"_blank\" rel=\"noopener noreferrer\">La nostra Azienda<\/a><\/p>\n<p><a href=\"https:\/\/www.youtube.com\/user\/ChanteclerCapri\" target=\"_blank\" rel=\"noopener noreferrer\">Chantecler Official Video<\/a><\/p>\n","protected":false},"excerpt":{"rendered":"<p>Ciondolo Logo grande gallo, campanella, cornetto in oro giallo 18kt, diamanti, rubini, zaffiri blu, smeraldi e turchese<\/p>\n","protected":false},"featured_media":14447,"template":"","meta":{"_acf_changed":false},"product_brand":[],"product_cat":[132,2310,27],"product_tag":[],"class_list":{"0":"post-14445","1":"product","2":"type-product","3":"status-publish","4":"has-post-thumbnail","6":"product_cat-ciondoli","7":"product_cat-donna","8":"product_cat-gioielli","9":"pa_brand-chantecler","10":"pa_collection-logo","11":"pa_gender-donna","13":"first","14":"instock","15":"shipping-taxable","16":"purchasable","17":"product-type-simple","18":"add-to-wishlist-before_image"},"acf":[],"yoast_head":"<!-- This site is optimized with the Yoast SEO plugin v27.5 - https:\/\/yoast.com\/product\/yoast-seo-wordpress\/ -->\n<title>Ciondolo Chantecler Logo grande gallo - Fecarotta Gioielli<\/title>\n<meta name=\"description\" content=\"Ciondolo Logo grande gallo fa parte di una delle collezioni storiche di Chantecler. Disponibile adesso on line su fecarotta.it\" \/>\n<meta name=\"robots\" content=\"index, follow, max-snippet:-1, max-image-preview:large, max-video-preview:-1\" \/>\n<link rel=\"canonical\" href=\"https:\/\/www.fecarotta.com\/it\/prodotto\/ciondolo-logo-grande-gallo-2\/\" \/>\n<meta property=\"og:locale\" content=\"it_IT\" \/>\n<meta property=\"og:type\" content=\"article\" \/>\n<meta property=\"og:title\" content=\"Ciondolo Chantecler Logo grande gallo - Fecarotta Gioielli\" \/>\n<meta property=\"og:description\" content=\"Ciondolo Logo grande gallo fa parte di una delle collezioni storiche di Chantecler. Disponibile adesso on line su fecarotta.it\" \/>\n<meta property=\"og:url\" content=\"https:\/\/www.fecarotta.com\/it\/prodotto\/ciondolo-logo-grande-gallo-2\/\" \/>\n<meta property=\"og:site_name\" content=\"Fecarotta Gioielli\" \/>\n<meta property=\"article:publisher\" content=\"https:\/\/www.facebook.com\/fecarottagioielli\" \/>\n<meta property=\"article:modified_time\" content=\"2026-01-16T18:46:09+00:00\" \/>\n<meta property=\"og:image\" content=\"https:\/\/storage1208.cdn-immedia.net\/wp-content\/uploads\/2019\/11\/39583.png\" \/>\n\t<meta property=\"og:image:width\" content=\"2000\" \/>\n\t<meta property=\"og:image:height\" content=\"2000\" \/>\n\t<meta property=\"og:image:type\" content=\"image\/png\" \/>\n<meta name=\"twitter:card\" content=\"summary_large_image\" \/>\n<meta name=\"twitter:label1\" content=\"Tempo di lettura stimato\" \/>\n\t<meta name=\"twitter:data1\" content=\"2 minuti\" \/>\n<script type=\"application\/ld+json\" class=\"yoast-schema-graph\">{\"@context\":\"https:\\\/\\\/schema.org\",\"@graph\":[{\"@type\":\"WebPage\",\"@id\":\"https:\\\/\\\/www.fecarotta.com\\\/it\\\/prodotto\\\/ciondolo-logo-grande-gallo-2\\\/\",\"url\":\"https:\\\/\\\/www.fecarotta.com\\\/it\\\/prodotto\\\/ciondolo-logo-grande-gallo-2\\\/\",\"name\":\"Ciondolo Chantecler Logo grande gallo - Fecarotta Gioielli\",\"isPartOf\":{\"@id\":\"https:\\\/\\\/www.fecarotta.com\\\/it\\\/#website\"},\"primaryImageOfPage\":{\"@id\":\"https:\\\/\\\/www.fecarotta.com\\\/it\\\/prodotto\\\/ciondolo-logo-grande-gallo-2\\\/#primaryimage\"},\"image\":{\"@id\":\"https:\\\/\\\/www.fecarotta.com\\\/it\\\/prodotto\\\/ciondolo-logo-grande-gallo-2\\\/#primaryimage\"},\"thumbnailUrl\":\"https:\\\/\\\/www.fecarotta.com\\\/wp-content\\\/uploads\\\/2019\\\/11\\\/39583.png\",\"datePublished\":\"2019-11-22T11:41:05+00:00\",\"dateModified\":\"2026-01-16T18:46:09+00:00\",\"description\":\"Ciondolo Logo grande gallo fa parte di una delle collezioni storiche di Chantecler. Disponibile adesso on line su fecarotta.it\",\"breadcrumb\":{\"@id\":\"https:\\\/\\\/www.fecarotta.com\\\/it\\\/prodotto\\\/ciondolo-logo-grande-gallo-2\\\/#breadcrumb\"},\"inLanguage\":\"it-IT\",\"potentialAction\":[{\"@type\":\"ReadAction\",\"target\":[\"https:\\\/\\\/www.fecarotta.com\\\/it\\\/prodotto\\\/ciondolo-logo-grande-gallo-2\\\/\"]}]},{\"@type\":\"ImageObject\",\"inLanguage\":\"it-IT\",\"@id\":\"https:\\\/\\\/www.fecarotta.com\\\/it\\\/prodotto\\\/ciondolo-logo-grande-gallo-2\\\/#primaryimage\",\"url\":\"https:\\\/\\\/www.fecarotta.com\\\/wp-content\\\/uploads\\\/2019\\\/11\\\/39583.png\",\"contentUrl\":\"https:\\\/\\\/www.fecarotta.com\\\/wp-content\\\/uploads\\\/2019\\\/11\\\/39583.png\",\"width\":2000,\"height\":2000,\"caption\":\"Ciondolo Chantecler Logo grande gallo\"},{\"@type\":\"BreadcrumbList\",\"@id\":\"https:\\\/\\\/www.fecarotta.com\\\/it\\\/prodotto\\\/ciondolo-logo-grande-gallo-2\\\/#breadcrumb\",\"itemListElement\":[{\"@type\":\"ListItem\",\"position\":1,\"name\":\"Home\",\"item\":\"https:\\\/\\\/www.fecarotta.com\\\/it\\\/\"},{\"@type\":\"ListItem\",\"position\":2,\"name\":\"Negozio\",\"item\":\"https:\\\/\\\/www.fecarotta.com\\\/it\\\/negozio\\\/\"},{\"@type\":\"ListItem\",\"position\":3,\"name\":\"Ciondolo Chantecler Logo grande gallo\"}]},{\"@type\":\"WebSite\",\"@id\":\"https:\\\/\\\/www.fecarotta.com\\\/it\\\/#website\",\"url\":\"https:\\\/\\\/www.fecarotta.com\\\/it\\\/\",\"name\":\"Fecarotta Gioielli\",\"description\":\"\",\"publisher\":{\"@id\":\"https:\\\/\\\/www.fecarotta.com\\\/it\\\/#organization\"},\"potentialAction\":[{\"@type\":\"SearchAction\",\"target\":{\"@type\":\"EntryPoint\",\"urlTemplate\":\"https:\\\/\\\/www.fecarotta.com\\\/it\\\/?s={search_term_string}\"},\"query-input\":{\"@type\":\"PropertyValueSpecification\",\"valueRequired\":true,\"valueName\":\"search_term_string\"}}],\"inLanguage\":\"it-IT\"},{\"@type\":\"Organization\",\"@id\":\"https:\\\/\\\/www.fecarotta.com\\\/it\\\/#organization\",\"name\":\"Fecarotta Gioielli\",\"url\":\"https:\\\/\\\/www.fecarotta.com\\\/it\\\/\",\"logo\":{\"@type\":\"ImageObject\",\"inLanguage\":\"it-IT\",\"@id\":\"https:\\\/\\\/www.fecarotta.com\\\/it\\\/#\\\/schema\\\/logo\\\/image\\\/\",\"url\":\"https:\\\/\\\/www.fecarotta.com\\\/wp-content\\\/uploads\\\/2025\\\/03\\\/logo-gmb-fecarotta.jpg\",\"contentUrl\":\"https:\\\/\\\/www.fecarotta.com\\\/wp-content\\\/uploads\\\/2025\\\/03\\\/logo-gmb-fecarotta.jpg\",\"width\":500,\"height\":500,\"caption\":\"Fecarotta Gioielli\"},\"image\":{\"@id\":\"https:\\\/\\\/www.fecarotta.com\\\/it\\\/#\\\/schema\\\/logo\\\/image\\\/\"},\"sameAs\":[\"https:\\\/\\\/www.facebook.com\\\/fecarottagioielli\",\"http:\\\/\\\/www.instagram.com\\\/fecarotta.it\",\"https:\\\/\\\/www.linkedin.com\\\/company\\\/fecarotta-it\\\/\",\"https:\\\/\\\/api.whatsapp.com\\\/send?phone=393913323691&text=Salve, vorrei qualche informazione in merito ai vostri prodotti.\"]}]}<\/script>\n<!-- \/ Yoast SEO plugin. -->","yoast_head_json":{"title":"Ciondolo Chantecler Logo grande gallo - Fecarotta Gioielli","description":"Ciondolo Logo grande gallo fa parte di una delle collezioni storiche di Chantecler. Disponibile adesso on line su fecarotta.it","robots":{"index":"index","follow":"follow","max-snippet":"max-snippet:-1","max-image-preview":"max-image-preview:large","max-video-preview":"max-video-preview:-1"},"canonical":"https:\/\/www.fecarotta.com\/it\/prodotto\/ciondolo-logo-grande-gallo-2\/","og_locale":"it_IT","og_type":"article","og_title":"Ciondolo Chantecler Logo grande gallo - Fecarotta Gioielli","og_description":"Ciondolo Logo grande gallo fa parte di una delle collezioni storiche di Chantecler. Disponibile adesso on line su fecarotta.it","og_url":"https:\/\/www.fecarotta.com\/it\/prodotto\/ciondolo-logo-grande-gallo-2\/","og_site_name":"Fecarotta Gioielli","article_publisher":"https:\/\/www.facebook.com\/fecarottagioielli","article_modified_time":"2026-01-16T18:46:09+00:00","og_image":[{"width":2000,"height":2000,"url":"https:\/\/storage1208.cdn-immedia.net\/wp-content\/uploads\/2019\/11\/39583.png","type":"image\/png"}],"twitter_card":"summary_large_image","twitter_misc":{"Tempo di lettura stimato":"2 minuti"},"schema":{"@context":"https:\/\/schema.org","@graph":[{"@type":"WebPage","@id":"https:\/\/www.fecarotta.com\/it\/prodotto\/ciondolo-logo-grande-gallo-2\/","url":"https:\/\/www.fecarotta.com\/it\/prodotto\/ciondolo-logo-grande-gallo-2\/","name":"Ciondolo Chantecler Logo grande gallo - Fecarotta Gioielli","isPartOf":{"@id":"https:\/\/www.fecarotta.com\/it\/#website"},"primaryImageOfPage":{"@id":"https:\/\/www.fecarotta.com\/it\/prodotto\/ciondolo-logo-grande-gallo-2\/#primaryimage"},"image":{"@id":"https:\/\/www.fecarotta.com\/it\/prodotto\/ciondolo-logo-grande-gallo-2\/#primaryimage"},"thumbnailUrl":"https:\/\/storage1208.cdn-immedia.net\/wp-content\/uploads\/2019\/11\/39583.png","datePublished":"2019-11-22T11:41:05+00:00","dateModified":"2026-01-16T18:46:09+00:00","description":"Ciondolo Logo grande gallo fa parte di una delle collezioni storiche di Chantecler. Disponibile adesso on line su fecarotta.it","breadcrumb":{"@id":"https:\/\/www.fecarotta.com\/it\/prodotto\/ciondolo-logo-grande-gallo-2\/#breadcrumb"},"inLanguage":"it-IT","potentialAction":[{"@type":"ReadAction","target":["https:\/\/www.fecarotta.com\/it\/prodotto\/ciondolo-logo-grande-gallo-2\/"]}]},{"@type":"ImageObject","inLanguage":"it-IT","@id":"https:\/\/www.fecarotta.com\/it\/prodotto\/ciondolo-logo-grande-gallo-2\/#primaryimage","url":"https:\/\/storage1208.cdn-immedia.net\/wp-content\/uploads\/2019\/11\/39583.png","contentUrl":"https:\/\/storage1208.cdn-immedia.net\/wp-content\/uploads\/2019\/11\/39583.png","width":2000,"height":2000,"caption":"Ciondolo Chantecler Logo grande gallo"},{"@type":"BreadcrumbList","@id":"https:\/\/www.fecarotta.com\/it\/prodotto\/ciondolo-logo-grande-gallo-2\/#breadcrumb","itemListElement":[{"@type":"ListItem","position":1,"name":"Home","item":"https:\/\/www.fecarotta.com\/it\/"},{"@type":"ListItem","position":2,"name":"Negozio","item":"https:\/\/www.fecarotta.com\/it\/negozio\/"},{"@type":"ListItem","position":3,"name":"Ciondolo Chantecler Logo grande gallo"}]},{"@type":"WebSite","@id":"https:\/\/www.fecarotta.com\/it\/#website","url":"https:\/\/www.fecarotta.com\/it\/","name":"Fecarotta Gioielli","description":"","publisher":{"@id":"https:\/\/www.fecarotta.com\/it\/#organization"},"potentialAction":[{"@type":"SearchAction","target":{"@type":"EntryPoint","urlTemplate":"https:\/\/www.fecarotta.com\/it\/?s={search_term_string}"},"query-input":{"@type":"PropertyValueSpecification","valueRequired":true,"valueName":"search_term_string"}}],"inLanguage":"it-IT"},{"@type":"Organization","@id":"https:\/\/www.fecarotta.com\/it\/#organization","name":"Fecarotta Gioielli","url":"https:\/\/www.fecarotta.com\/it\/","logo":{"@type":"ImageObject","inLanguage":"it-IT","@id":"https:\/\/www.fecarotta.com\/it\/#\/schema\/logo\/image\/","url":"https:\/\/storage1208.cdn-immedia.net\/wp-content\/uploads\/2025\/03\/logo-gmb-fecarotta.jpg","contentUrl":"https:\/\/storage1208.cdn-immedia.net\/wp-content\/uploads\/2025\/03\/logo-gmb-fecarotta.jpg","width":500,"height":500,"caption":"Fecarotta Gioielli"},"image":{"@id":"https:\/\/www.fecarotta.com\/it\/#\/schema\/logo\/image\/"},"sameAs":["https:\/\/www.facebook.com\/fecarottagioielli","http:\/\/www.instagram.com\/fecarotta.it","https:\/\/www.linkedin.com\/company\/fecarotta-it\/","https:\/\/api.whatsapp.com\/send?phone=393913323691&text=Salve, vorrei qualche informazione in merito ai vostri prodotti."]}]}},"_links":{"self":[{"href":"https:\/\/www.fecarotta.com\/it\/wp-json\/wp\/v2\/product\/14445","targetHints":{"allow":["GET"]}}],"collection":[{"href":"https:\/\/www.fecarotta.com\/it\/wp-json\/wp\/v2\/product"}],"about":[{"href":"https:\/\/www.fecarotta.com\/it\/wp-json\/wp\/v2\/types\/product"}],"wp:featuredmedia":[{"embeddable":true,"href":"https:\/\/www.fecarotta.com\/it\/wp-json\/wp\/v2\/media\/14447"}],"wp:attachment":[{"href":"https:\/\/www.fecarotta.com\/it\/wp-json\/wp\/v2\/media?parent=14445"}],"wp:term":[{"taxonomy":"product_brand","embeddable":true,"href":"https:\/\/www.fecarotta.com\/it\/wp-json\/wp\/v2\/product_brand?post=14445"},{"taxonomy":"product_cat","embeddable":true,"href":"https:\/\/www.fecarotta.com\/it\/wp-json\/wp\/v2\/product_cat?post=14445"},{"taxonomy":"product_tag","embeddable":true,"href":"https:\/\/www.fecarotta.com\/it\/wp-json\/wp\/v2\/product_tag?post=14445"}],"curies":[{"name":"wp","href":"https:\/\/api.w.org\/{rel}","templated":true}]}}