{"id":141607,"date":"2025-10-06T16:01:14","date_gmt":"2025-10-06T16:01:14","guid":{"rendered":"https:\/\/www.fecarotta.com\/?post_type=product&#038;p=141607"},"modified":"2025-10-06T16:18:15","modified_gmt":"2025-10-06T16:18:15","slug":"orologio-bvlgari-bvlgari-50th-anniversary-limited-edition-quadrante-in-marmo-verde","status":"publish","type":"product","link":"https:\/\/www.fecarotta.com\/it\/prodotto\/orologio-bvlgari-bvlgari-50th-anniversary-limited-edition-quadrante-in-marmo-verde\/","title":{"rendered":"Orologio Bvlgari Bvlgari 50th Anniversary Limited Edition quadrante in marmo verde"},"content":{"rendered":"<p>Edizione limitata realizzata in occasione del 50\u00b0 anniversario dell&#8217;iconica collezione, l&#8217;orologio Bvlgari Bvlgari con cassa in oro giallo 18 kt \u00e8 un emblema dell&#8217;eccellenza dello stile italiano e dell&#8217;audace creativit\u00e0 della Maison.<br \/>\n&nbsp;<br \/>\n&nbsp;<br \/>\nContraddistinto dal celebre doppio logo inciso sulla lunetta, ispirato alle iscrizioni riportate lungo il bordo delle antiche monete romane, il leggendario orologio presenta lo speciale logo BVLGARI ROMA del modello originario. il quadrante in marmo verde Alpi, illuminato da indici con diamanti, \u00e8 una sublime attestazione della maestria della Maison nell&#8217;arte della gioielleria ed \u00e8 abbinato a un cinturino in alligatore verde scuro. Un perfetto connubio fra tradizione e modernit\u00e0, che va oltre ogni epoca e tendenza.<br \/>\n&nbsp;<br \/>\n&nbsp;<br \/>\nOrologio Bvlgari Bvlgari con movimento al quarzo, funzioni ore e minuti, cassa di 26 mm in oro giallo 18 kt e lunetta con logo BVLGARI ROMA, quadrante in marmo verde Alpi, indici con 12 diamanti tondi taglio brillante, lancette placcate oro, fondello personalizzato con incisione dedicata al 50\u00b0 anniversario, corona in oro giallo 18 kt, cinturino in alligatore verde scuro con fibbia ad ardiglione in oro giallo 18 kt. Impermeabile fino a 30 metri. Edizione limitata da 150 pezzi.<\/p>\n","protected":false},"excerpt":{"rendered":"<p>Orologio con cassa in oro giallo 18 kt quadrante in marmo verde Alpi, indici con 12 diamanti. 28 MM.<\/p>\n","protected":false},"featured_media":141608,"template":"","meta":{"_acf_changed":false},"product_brand":[],"product_cat":[24,206,83],"product_tag":[],"class_list":{"0":"post-141607","1":"product","2":"type-product","3":"status-publish","4":"has-post-thumbnail","6":"product_cat-non-vendibile-online","7":"product_cat-orologi","8":"product_cat-orologi-al-quarzo-orologi-donna","9":"pa_brand-bulgari","10":"pa_collection-bvlgari-bvlgari","11":"pa_gender-donna","13":"first","14":"instock","15":"shipping-taxable","16":"purchasable","17":"product-type-simple","18":"add-to-wishlist-before_image"},"acf":[],"yoast_head":"<!-- This site is optimized with the Yoast SEO plugin v27.5 - https:\/\/yoast.com\/product\/yoast-seo-wordpress\/ -->\n<title>Orologio Bvlgari Bvlgari 50th Anniversary Limited Edition quadrante in marmo verde - Fecarotta Gioielli<\/title>\n<meta name=\"description\" content=\"Stai cercando Orologio Bvlgari Bvlgari 50th Anniversary Limited Edition quadrante in marmo verde? Da Fecarotta Gioielli lo trovi. Entra nel sito, acquistalo e scopri tutti i nostri prodotti!\" \/>\n<meta name=\"robots\" content=\"index, follow, max-snippet:-1, max-image-preview:large, max-video-preview:-1\" \/>\n<link rel=\"canonical\" href=\"https:\/\/www.fecarotta.com\/it\/prodotto\/orologio-bvlgari-bvlgari-50th-anniversary-limited-edition-quadrante-in-marmo-verde\/\" \/>\n<meta property=\"og:locale\" content=\"it_IT\" \/>\n<meta property=\"og:type\" content=\"article\" \/>\n<meta property=\"og:title\" content=\"Orologio Bvlgari Bvlgari 50th Anniversary Limited Edition quadrante in marmo verde - Fecarotta Gioielli\" \/>\n<meta property=\"og:description\" content=\"Stai cercando Orologio Bvlgari Bvlgari 50th Anniversary Limited Edition quadrante in marmo verde? Da Fecarotta Gioielli lo trovi. Entra nel sito, acquistalo e scopri tutti i nostri prodotti!\" \/>\n<meta property=\"og:url\" content=\"https:\/\/www.fecarotta.com\/it\/prodotto\/orologio-bvlgari-bvlgari-50th-anniversary-limited-edition-quadrante-in-marmo-verde\/\" \/>\n<meta property=\"og:site_name\" content=\"Fecarotta Gioielli\" \/>\n<meta property=\"article:publisher\" content=\"https:\/\/www.facebook.com\/fecarottagioielli\" \/>\n<meta property=\"article:modified_time\" content=\"2025-10-06T16:18:15+00:00\" \/>\n<meta property=\"og:image\" content=\"https:\/\/storage1208.cdn-immedia.net\/wp-content\/uploads\/2025\/10\/104111_1.jpg\" \/>\n\t<meta property=\"og:image:width\" content=\"2000\" \/>\n\t<meta property=\"og:image:height\" content=\"2000\" \/>\n\t<meta property=\"og:image:type\" content=\"image\/jpeg\" \/>\n<meta name=\"twitter:card\" content=\"summary_large_image\" \/>\n<meta name=\"twitter:label1\" content=\"Tempo di lettura stimato\" \/>\n\t<meta name=\"twitter:data1\" content=\"1 minuto\" \/>\n<script type=\"application\/ld+json\" class=\"yoast-schema-graph\">{\"@context\":\"https:\\\/\\\/schema.org\",\"@graph\":[{\"@type\":\"WebPage\",\"@id\":\"https:\\\/\\\/www.fecarotta.com\\\/it\\\/prodotto\\\/orologio-bvlgari-bvlgari-50th-anniversary-limited-edition-quadrante-in-marmo-verde\\\/\",\"url\":\"https:\\\/\\\/www.fecarotta.com\\\/it\\\/prodotto\\\/orologio-bvlgari-bvlgari-50th-anniversary-limited-edition-quadrante-in-marmo-verde\\\/\",\"name\":\"Orologio Bvlgari Bvlgari 50th Anniversary Limited Edition quadrante in marmo verde - Fecarotta Gioielli\",\"isPartOf\":{\"@id\":\"https:\\\/\\\/www.fecarotta.com\\\/it\\\/#website\"},\"primaryImageOfPage\":{\"@id\":\"https:\\\/\\\/www.fecarotta.com\\\/it\\\/prodotto\\\/orologio-bvlgari-bvlgari-50th-anniversary-limited-edition-quadrante-in-marmo-verde\\\/#primaryimage\"},\"image\":{\"@id\":\"https:\\\/\\\/www.fecarotta.com\\\/it\\\/prodotto\\\/orologio-bvlgari-bvlgari-50th-anniversary-limited-edition-quadrante-in-marmo-verde\\\/#primaryimage\"},\"thumbnailUrl\":\"https:\\\/\\\/www.fecarotta.com\\\/wp-content\\\/uploads\\\/2025\\\/10\\\/104111_1.jpg\",\"datePublished\":\"2025-10-06T16:01:14+00:00\",\"dateModified\":\"2025-10-06T16:18:15+00:00\",\"description\":\"Stai cercando Orologio Bvlgari Bvlgari 50th Anniversary Limited Edition quadrante in marmo verde? Da Fecarotta Gioielli lo trovi. Entra nel sito, acquistalo e scopri tutti i nostri prodotti!\",\"breadcrumb\":{\"@id\":\"https:\\\/\\\/www.fecarotta.com\\\/it\\\/prodotto\\\/orologio-bvlgari-bvlgari-50th-anniversary-limited-edition-quadrante-in-marmo-verde\\\/#breadcrumb\"},\"inLanguage\":\"it-IT\",\"potentialAction\":[{\"@type\":\"ReadAction\",\"target\":[\"https:\\\/\\\/www.fecarotta.com\\\/it\\\/prodotto\\\/orologio-bvlgari-bvlgari-50th-anniversary-limited-edition-quadrante-in-marmo-verde\\\/\"]}]},{\"@type\":\"ImageObject\",\"inLanguage\":\"it-IT\",\"@id\":\"https:\\\/\\\/www.fecarotta.com\\\/it\\\/prodotto\\\/orologio-bvlgari-bvlgari-50th-anniversary-limited-edition-quadrante-in-marmo-verde\\\/#primaryimage\",\"url\":\"https:\\\/\\\/www.fecarotta.com\\\/wp-content\\\/uploads\\\/2025\\\/10\\\/104111_1.jpg\",\"contentUrl\":\"https:\\\/\\\/www.fecarotta.com\\\/wp-content\\\/uploads\\\/2025\\\/10\\\/104111_1.jpg\",\"width\":2000,\"height\":2000,\"caption\":\"Orologio Bvlgari Bvlgari 50th Anniversary Limited Edition\"},{\"@type\":\"BreadcrumbList\",\"@id\":\"https:\\\/\\\/www.fecarotta.com\\\/it\\\/prodotto\\\/orologio-bvlgari-bvlgari-50th-anniversary-limited-edition-quadrante-in-marmo-verde\\\/#breadcrumb\",\"itemListElement\":[{\"@type\":\"ListItem\",\"position\":1,\"name\":\"Home\",\"item\":\"https:\\\/\\\/www.fecarotta.com\\\/it\\\/\"},{\"@type\":\"ListItem\",\"position\":2,\"name\":\"Negozio\",\"item\":\"https:\\\/\\\/www.fecarotta.com\\\/it\\\/negozio\\\/\"},{\"@type\":\"ListItem\",\"position\":3,\"name\":\"Orologio Bvlgari Bvlgari 50th Anniversary Limited Edition quadrante in marmo verde\"}]},{\"@type\":\"WebSite\",\"@id\":\"https:\\\/\\\/www.fecarotta.com\\\/it\\\/#website\",\"url\":\"https:\\\/\\\/www.fecarotta.com\\\/it\\\/\",\"name\":\"Fecarotta Gioielli\",\"description\":\"\",\"publisher\":{\"@id\":\"https:\\\/\\\/www.fecarotta.com\\\/it\\\/#organization\"},\"potentialAction\":[{\"@type\":\"SearchAction\",\"target\":{\"@type\":\"EntryPoint\",\"urlTemplate\":\"https:\\\/\\\/www.fecarotta.com\\\/it\\\/?s={search_term_string}\"},\"query-input\":{\"@type\":\"PropertyValueSpecification\",\"valueRequired\":true,\"valueName\":\"search_term_string\"}}],\"inLanguage\":\"it-IT\"},{\"@type\":\"Organization\",\"@id\":\"https:\\\/\\\/www.fecarotta.com\\\/it\\\/#organization\",\"name\":\"Fecarotta Gioielli\",\"url\":\"https:\\\/\\\/www.fecarotta.com\\\/it\\\/\",\"logo\":{\"@type\":\"ImageObject\",\"inLanguage\":\"it-IT\",\"@id\":\"https:\\\/\\\/www.fecarotta.com\\\/it\\\/#\\\/schema\\\/logo\\\/image\\\/\",\"url\":\"https:\\\/\\\/www.fecarotta.com\\\/wp-content\\\/uploads\\\/2025\\\/03\\\/logo-gmb-fecarotta.jpg\",\"contentUrl\":\"https:\\\/\\\/www.fecarotta.com\\\/wp-content\\\/uploads\\\/2025\\\/03\\\/logo-gmb-fecarotta.jpg\",\"width\":500,\"height\":500,\"caption\":\"Fecarotta Gioielli\"},\"image\":{\"@id\":\"https:\\\/\\\/www.fecarotta.com\\\/it\\\/#\\\/schema\\\/logo\\\/image\\\/\"},\"sameAs\":[\"https:\\\/\\\/www.facebook.com\\\/fecarottagioielli\",\"http:\\\/\\\/www.instagram.com\\\/fecarotta.it\",\"https:\\\/\\\/www.linkedin.com\\\/company\\\/fecarotta-it\\\/\",\"https:\\\/\\\/api.whatsapp.com\\\/send?phone=393913323691&text=Salve, vorrei qualche informazione in merito ai vostri prodotti.\"]}]}<\/script>\n<!-- \/ Yoast SEO plugin. -->","yoast_head_json":{"title":"Orologio Bvlgari Bvlgari 50th Anniversary Limited Edition quadrante in marmo verde - Fecarotta Gioielli","description":"Stai cercando Orologio Bvlgari Bvlgari 50th Anniversary Limited Edition quadrante in marmo verde? Da Fecarotta Gioielli lo trovi. Entra nel sito, acquistalo e scopri tutti i nostri prodotti!","robots":{"index":"index","follow":"follow","max-snippet":"max-snippet:-1","max-image-preview":"max-image-preview:large","max-video-preview":"max-video-preview:-1"},"canonical":"https:\/\/www.fecarotta.com\/it\/prodotto\/orologio-bvlgari-bvlgari-50th-anniversary-limited-edition-quadrante-in-marmo-verde\/","og_locale":"it_IT","og_type":"article","og_title":"Orologio Bvlgari Bvlgari 50th Anniversary Limited Edition quadrante in marmo verde - Fecarotta Gioielli","og_description":"Stai cercando Orologio Bvlgari Bvlgari 50th Anniversary Limited Edition quadrante in marmo verde? Da Fecarotta Gioielli lo trovi. Entra nel sito, acquistalo e scopri tutti i nostri prodotti!","og_url":"https:\/\/www.fecarotta.com\/it\/prodotto\/orologio-bvlgari-bvlgari-50th-anniversary-limited-edition-quadrante-in-marmo-verde\/","og_site_name":"Fecarotta Gioielli","article_publisher":"https:\/\/www.facebook.com\/fecarottagioielli","article_modified_time":"2025-10-06T16:18:15+00:00","og_image":[{"width":2000,"height":2000,"url":"https:\/\/storage1208.cdn-immedia.net\/wp-content\/uploads\/2025\/10\/104111_1.jpg","type":"image\/jpeg"}],"twitter_card":"summary_large_image","twitter_misc":{"Tempo di lettura stimato":"1 minuto"},"schema":{"@context":"https:\/\/schema.org","@graph":[{"@type":"WebPage","@id":"https:\/\/www.fecarotta.com\/it\/prodotto\/orologio-bvlgari-bvlgari-50th-anniversary-limited-edition-quadrante-in-marmo-verde\/","url":"https:\/\/www.fecarotta.com\/it\/prodotto\/orologio-bvlgari-bvlgari-50th-anniversary-limited-edition-quadrante-in-marmo-verde\/","name":"Orologio Bvlgari Bvlgari 50th Anniversary Limited Edition quadrante in marmo verde - Fecarotta Gioielli","isPartOf":{"@id":"https:\/\/www.fecarotta.com\/it\/#website"},"primaryImageOfPage":{"@id":"https:\/\/www.fecarotta.com\/it\/prodotto\/orologio-bvlgari-bvlgari-50th-anniversary-limited-edition-quadrante-in-marmo-verde\/#primaryimage"},"image":{"@id":"https:\/\/www.fecarotta.com\/it\/prodotto\/orologio-bvlgari-bvlgari-50th-anniversary-limited-edition-quadrante-in-marmo-verde\/#primaryimage"},"thumbnailUrl":"https:\/\/storage1208.cdn-immedia.net\/wp-content\/uploads\/2025\/10\/104111_1.jpg","datePublished":"2025-10-06T16:01:14+00:00","dateModified":"2025-10-06T16:18:15+00:00","description":"Stai cercando Orologio Bvlgari Bvlgari 50th Anniversary Limited Edition quadrante in marmo verde? Da Fecarotta Gioielli lo trovi. Entra nel sito, acquistalo e scopri tutti i nostri prodotti!","breadcrumb":{"@id":"https:\/\/www.fecarotta.com\/it\/prodotto\/orologio-bvlgari-bvlgari-50th-anniversary-limited-edition-quadrante-in-marmo-verde\/#breadcrumb"},"inLanguage":"it-IT","potentialAction":[{"@type":"ReadAction","target":["https:\/\/www.fecarotta.com\/it\/prodotto\/orologio-bvlgari-bvlgari-50th-anniversary-limited-edition-quadrante-in-marmo-verde\/"]}]},{"@type":"ImageObject","inLanguage":"it-IT","@id":"https:\/\/www.fecarotta.com\/it\/prodotto\/orologio-bvlgari-bvlgari-50th-anniversary-limited-edition-quadrante-in-marmo-verde\/#primaryimage","url":"https:\/\/storage1208.cdn-immedia.net\/wp-content\/uploads\/2025\/10\/104111_1.jpg","contentUrl":"https:\/\/storage1208.cdn-immedia.net\/wp-content\/uploads\/2025\/10\/104111_1.jpg","width":2000,"height":2000,"caption":"Orologio Bvlgari Bvlgari 50th Anniversary Limited Edition"},{"@type":"BreadcrumbList","@id":"https:\/\/www.fecarotta.com\/it\/prodotto\/orologio-bvlgari-bvlgari-50th-anniversary-limited-edition-quadrante-in-marmo-verde\/#breadcrumb","itemListElement":[{"@type":"ListItem","position":1,"name":"Home","item":"https:\/\/www.fecarotta.com\/it\/"},{"@type":"ListItem","position":2,"name":"Negozio","item":"https:\/\/www.fecarotta.com\/it\/negozio\/"},{"@type":"ListItem","position":3,"name":"Orologio Bvlgari Bvlgari 50th Anniversary Limited Edition quadrante in marmo verde"}]},{"@type":"WebSite","@id":"https:\/\/www.fecarotta.com\/it\/#website","url":"https:\/\/www.fecarotta.com\/it\/","name":"Fecarotta Gioielli","description":"","publisher":{"@id":"https:\/\/www.fecarotta.com\/it\/#organization"},"potentialAction":[{"@type":"SearchAction","target":{"@type":"EntryPoint","urlTemplate":"https:\/\/www.fecarotta.com\/it\/?s={search_term_string}"},"query-input":{"@type":"PropertyValueSpecification","valueRequired":true,"valueName":"search_term_string"}}],"inLanguage":"it-IT"},{"@type":"Organization","@id":"https:\/\/www.fecarotta.com\/it\/#organization","name":"Fecarotta Gioielli","url":"https:\/\/www.fecarotta.com\/it\/","logo":{"@type":"ImageObject","inLanguage":"it-IT","@id":"https:\/\/www.fecarotta.com\/it\/#\/schema\/logo\/image\/","url":"https:\/\/storage1208.cdn-immedia.net\/wp-content\/uploads\/2025\/03\/logo-gmb-fecarotta.jpg","contentUrl":"https:\/\/storage1208.cdn-immedia.net\/wp-content\/uploads\/2025\/03\/logo-gmb-fecarotta.jpg","width":500,"height":500,"caption":"Fecarotta Gioielli"},"image":{"@id":"https:\/\/www.fecarotta.com\/it\/#\/schema\/logo\/image\/"},"sameAs":["https:\/\/www.facebook.com\/fecarottagioielli","http:\/\/www.instagram.com\/fecarotta.it","https:\/\/www.linkedin.com\/company\/fecarotta-it\/","https:\/\/api.whatsapp.com\/send?phone=393913323691&text=Salve, vorrei qualche informazione in merito ai vostri prodotti."]}]}},"_links":{"self":[{"href":"https:\/\/www.fecarotta.com\/it\/wp-json\/wp\/v2\/product\/141607","targetHints":{"allow":["GET"]}}],"collection":[{"href":"https:\/\/www.fecarotta.com\/it\/wp-json\/wp\/v2\/product"}],"about":[{"href":"https:\/\/www.fecarotta.com\/it\/wp-json\/wp\/v2\/types\/product"}],"wp:featuredmedia":[{"embeddable":true,"href":"https:\/\/www.fecarotta.com\/it\/wp-json\/wp\/v2\/media\/141608"}],"wp:attachment":[{"href":"https:\/\/www.fecarotta.com\/it\/wp-json\/wp\/v2\/media?parent=141607"}],"wp:term":[{"taxonomy":"product_brand","embeddable":true,"href":"https:\/\/www.fecarotta.com\/it\/wp-json\/wp\/v2\/product_brand?post=141607"},{"taxonomy":"product_cat","embeddable":true,"href":"https:\/\/www.fecarotta.com\/it\/wp-json\/wp\/v2\/product_cat?post=141607"},{"taxonomy":"product_tag","embeddable":true,"href":"https:\/\/www.fecarotta.com\/it\/wp-json\/wp\/v2\/product_tag?post=141607"}],"curies":[{"name":"wp","href":"https:\/\/api.w.org\/{rel}","templated":true}]}}