{"id":13813,"date":"2020-04-13T08:32:06","date_gmt":"2020-04-13T08:32:06","guid":{"rendered":"https:\/\/www.fecarotta.com\/?post_type=product&#038;p=13813"},"modified":"2026-03-23T17:58:19","modified_gmt":"2026-03-23T17:58:19","slug":"anello-bon-ton-oro-bianco-smeraldi-brillanti","status":"publish","type":"product","link":"https:\/\/www.fecarotta.com\/it\/prodotto\/anello-bon-ton-oro-bianco-smeraldi-brillanti\/","title":{"rendered":"Anello Bon Ton oro bianco smeraldi brillanti"},"content":{"rendered":"<p>Anello Bon Ton oro bianco smeraldi brillanti\u00a0fa parte della gioielleria classica con brillanti, rubini, smeraldi e zaffiri naturali destinata ad un pubblico di tutte le et\u00e0 con un ottimo rapporto qualit\u00e0 prezzo. Ogni gioiello \u008f corredato da un certificato di garanzia con foto e caratteristiche che ne attestano la qualit\u00e0 ed autenticit\u00e0. Tutti i nostri gioielli con brillanti e pietre preziose sono corredati da un certificato di autenticit\u00e0.<\/p>\n<p>&nbsp;<\/p>\n<p>Lo\u00a0<b>smeraldo<\/b>\u00a0nel\u00a0Buddhismo\u00a0\u00e8 considerato uno dei\u00a0<a title=\"Sette tesori\" href=\"https:\/\/it.wikipedia.org\/wiki\/Sette_tesori\">sette tesori<\/a>\u00a0ed equiparato alla\u00a0<i>saggezza<\/i>. La parola \u201csmeraldo\u201d deriva dal\u00a0latino\u00a0<i>smaragdus<\/i>, proveniente dal\u00a0greco\u00a0<i>\u03c3\u03bc\u03ac\u03c1\u03b1\u03b3\u03b4\u03bf\u03c2<\/i>\u00a0(sm\u00e0ragdos), ma la sua fonte originaria \u00e8\u00a0<i>izmargad<\/i>, un termine\u00a0semitico, oppure\u00a0<i>maragata<\/i>, un termine\u00a0sanscrito, che letteralmente significa \u201cpietra verde.<\/p>\n<h4 class=\"js-el heading-tag la-unit-responsive\">F.G. Fecarotta Gioielli; Oltre due secoli di storia.<\/h4>\n<div class=\"js-el subheading-tag la-unit-responsive\">\n<p class=\"p1\"><strong>Siamo gioiellieri, da oltre 200 anni.<\/strong><\/p>\n<p class=\"p1\">Realizziamo collezioni di gioielli classici, di manifattura, definiti da un\u2019altissima qualit\u00e0 delle pietre lavorate.<\/p>\n<\/div>\n<p>&nbsp;<\/p>\n<p><a href=\"https:\/\/www.fecarotta.com\/it\/fecarotta-gioielli-company\/\" target=\"_blank\" rel=\"noopener noreferrer\">La nostra Azienda<\/a><\/p>\n","protected":false},"excerpt":{"rendered":"<p>Anello Bon Ton oro bianco smeraldi brillanti<\/p>\n<p>Anello bon ton in oro bianco smeraldi 2,05 e brillanti 0,40<\/p>\n","protected":false},"featured_media":26069,"template":"","meta":{"_acf_changed":false},"product_brand":[],"product_cat":[96,2381,27],"product_tag":[],"class_list":{"0":"post-13813","1":"product","2":"type-product","3":"status-publish","4":"has-post-thumbnail","6":"product_cat-anelli","7":"product_cat-fedine-e-verette","8":"product_cat-gioielli","9":"pa_brand-fecarotta","10":"pa_collection-bon-ton","11":"pa_gender-donna","12":"pa_size-858","13":"pa_size-814","14":"pa_size-813","15":"pa_size-855","16":"pa_size-859","17":"pa_size-808","19":"first","20":"onbackorder","21":"shipping-taxable","22":"purchasable","23":"product-type-variable","24":"add-to-wishlist-before_image"},"acf":[],"yoast_head":"<!-- This site is optimized with the Yoast SEO plugin v27.5 - https:\/\/yoast.com\/product\/yoast-seo-wordpress\/ -->\n<title>Anello Bon Ton oro bianco smeraldi brillanti - Fecarotta Gioielli<\/title>\n<meta name=\"description\" content=\"Anello Bon Ton oro bianco smeraldi brillanti\u00a0fa parte della gioielleria classica con un ottimo rapporto qualit\u00e0 prezzo. In vendita online su fecarotta.it\" \/>\n<meta name=\"robots\" content=\"index, follow, max-snippet:-1, max-image-preview:large, max-video-preview:-1\" \/>\n<link rel=\"canonical\" href=\"https:\/\/www.fecarotta.com\/it\/prodotto\/anello-bon-ton-oro-bianco-smeraldi-brillanti\/\" \/>\n<meta property=\"og:locale\" content=\"it_IT\" \/>\n<meta property=\"og:type\" content=\"article\" \/>\n<meta property=\"og:title\" content=\"Anello Bon Ton oro bianco smeraldi brillanti - Fecarotta Gioielli\" \/>\n<meta property=\"og:description\" content=\"Anello Bon Ton oro bianco smeraldi brillanti\u00a0fa parte della gioielleria classica con un ottimo rapporto qualit\u00e0 prezzo. In vendita online su fecarotta.it\" \/>\n<meta property=\"og:url\" content=\"https:\/\/www.fecarotta.com\/it\/prodotto\/anello-bon-ton-oro-bianco-smeraldi-brillanti\/\" \/>\n<meta property=\"og:site_name\" content=\"Fecarotta Gioielli\" \/>\n<meta property=\"article:publisher\" content=\"https:\/\/www.facebook.com\/fecarottagioielli\" \/>\n<meta property=\"article:modified_time\" content=\"2026-03-23T17:58:19+00:00\" \/>\n<meta property=\"og:image\" content=\"https:\/\/storage1208.cdn-immedia.net\/wp-content\/uploads\/2020\/03\/R12085S.jpg\" \/>\n\t<meta property=\"og:image:width\" content=\"1500\" \/>\n\t<meta property=\"og:image:height\" content=\"1500\" \/>\n\t<meta property=\"og:image:type\" content=\"image\/jpeg\" \/>\n<meta name=\"twitter:card\" content=\"summary_large_image\" \/>\n<meta name=\"twitter:label1\" content=\"Tempo di lettura stimato\" \/>\n\t<meta name=\"twitter:data1\" content=\"1 minuto\" \/>\n<script type=\"application\/ld+json\" class=\"yoast-schema-graph\">{\"@context\":\"https:\\\/\\\/schema.org\",\"@graph\":[{\"@type\":\"WebPage\",\"@id\":\"https:\\\/\\\/www.fecarotta.com\\\/it\\\/prodotto\\\/anello-bon-ton-oro-bianco-smeraldi-brillanti\\\/\",\"url\":\"https:\\\/\\\/www.fecarotta.com\\\/it\\\/prodotto\\\/anello-bon-ton-oro-bianco-smeraldi-brillanti\\\/\",\"name\":\"Anello Bon Ton oro bianco smeraldi brillanti - Fecarotta Gioielli\",\"isPartOf\":{\"@id\":\"https:\\\/\\\/www.fecarotta.com\\\/it\\\/#website\"},\"primaryImageOfPage\":{\"@id\":\"https:\\\/\\\/www.fecarotta.com\\\/it\\\/prodotto\\\/anello-bon-ton-oro-bianco-smeraldi-brillanti\\\/#primaryimage\"},\"image\":{\"@id\":\"https:\\\/\\\/www.fecarotta.com\\\/it\\\/prodotto\\\/anello-bon-ton-oro-bianco-smeraldi-brillanti\\\/#primaryimage\"},\"thumbnailUrl\":\"https:\\\/\\\/www.fecarotta.com\\\/wp-content\\\/uploads\\\/2020\\\/03\\\/R12085S.jpg\",\"datePublished\":\"2020-04-13T08:32:06+00:00\",\"dateModified\":\"2026-03-23T17:58:19+00:00\",\"description\":\"Anello Bon Ton oro bianco smeraldi brillanti\u00a0fa parte della gioielleria classica con un ottimo rapporto qualit\u00e0 prezzo. In vendita online su fecarotta.it\",\"breadcrumb\":{\"@id\":\"https:\\\/\\\/www.fecarotta.com\\\/it\\\/prodotto\\\/anello-bon-ton-oro-bianco-smeraldi-brillanti\\\/#breadcrumb\"},\"inLanguage\":\"it-IT\",\"potentialAction\":[{\"@type\":\"ReadAction\",\"target\":[\"https:\\\/\\\/www.fecarotta.com\\\/it\\\/prodotto\\\/anello-bon-ton-oro-bianco-smeraldi-brillanti\\\/\"]}]},{\"@type\":\"ImageObject\",\"inLanguage\":\"it-IT\",\"@id\":\"https:\\\/\\\/www.fecarotta.com\\\/it\\\/prodotto\\\/anello-bon-ton-oro-bianco-smeraldi-brillanti\\\/#primaryimage\",\"url\":\"https:\\\/\\\/www.fecarotta.com\\\/wp-content\\\/uploads\\\/2020\\\/03\\\/R12085S.jpg\",\"contentUrl\":\"https:\\\/\\\/www.fecarotta.com\\\/wp-content\\\/uploads\\\/2020\\\/03\\\/R12085S.jpg\",\"width\":1500,\"height\":1500,\"caption\":\"Anello smeraldi diamanti emerald ring diamonds sconto discount Bon Ton R12085S\"},{\"@type\":\"BreadcrumbList\",\"@id\":\"https:\\\/\\\/www.fecarotta.com\\\/it\\\/prodotto\\\/anello-bon-ton-oro-bianco-smeraldi-brillanti\\\/#breadcrumb\",\"itemListElement\":[{\"@type\":\"ListItem\",\"position\":1,\"name\":\"Home\",\"item\":\"https:\\\/\\\/www.fecarotta.com\\\/it\\\/\"},{\"@type\":\"ListItem\",\"position\":2,\"name\":\"Negozio\",\"item\":\"https:\\\/\\\/www.fecarotta.com\\\/it\\\/negozio\\\/\"},{\"@type\":\"ListItem\",\"position\":3,\"name\":\"Anello Bon Ton oro bianco smeraldi brillanti\"}]},{\"@type\":\"WebSite\",\"@id\":\"https:\\\/\\\/www.fecarotta.com\\\/it\\\/#website\",\"url\":\"https:\\\/\\\/www.fecarotta.com\\\/it\\\/\",\"name\":\"Fecarotta Gioielli\",\"description\":\"\",\"publisher\":{\"@id\":\"https:\\\/\\\/www.fecarotta.com\\\/it\\\/#organization\"},\"potentialAction\":[{\"@type\":\"SearchAction\",\"target\":{\"@type\":\"EntryPoint\",\"urlTemplate\":\"https:\\\/\\\/www.fecarotta.com\\\/it\\\/?s={search_term_string}\"},\"query-input\":{\"@type\":\"PropertyValueSpecification\",\"valueRequired\":true,\"valueName\":\"search_term_string\"}}],\"inLanguage\":\"it-IT\"},{\"@type\":\"Organization\",\"@id\":\"https:\\\/\\\/www.fecarotta.com\\\/it\\\/#organization\",\"name\":\"Fecarotta Gioielli\",\"url\":\"https:\\\/\\\/www.fecarotta.com\\\/it\\\/\",\"logo\":{\"@type\":\"ImageObject\",\"inLanguage\":\"it-IT\",\"@id\":\"https:\\\/\\\/www.fecarotta.com\\\/it\\\/#\\\/schema\\\/logo\\\/image\\\/\",\"url\":\"https:\\\/\\\/www.fecarotta.com\\\/wp-content\\\/uploads\\\/2025\\\/03\\\/logo-gmb-fecarotta.jpg\",\"contentUrl\":\"https:\\\/\\\/www.fecarotta.com\\\/wp-content\\\/uploads\\\/2025\\\/03\\\/logo-gmb-fecarotta.jpg\",\"width\":500,\"height\":500,\"caption\":\"Fecarotta Gioielli\"},\"image\":{\"@id\":\"https:\\\/\\\/www.fecarotta.com\\\/it\\\/#\\\/schema\\\/logo\\\/image\\\/\"},\"sameAs\":[\"https:\\\/\\\/www.facebook.com\\\/fecarottagioielli\",\"http:\\\/\\\/www.instagram.com\\\/fecarotta.it\",\"https:\\\/\\\/www.linkedin.com\\\/company\\\/fecarotta-it\\\/\",\"https:\\\/\\\/api.whatsapp.com\\\/send?phone=393913323691&text=Salve, vorrei qualche informazione in merito ai vostri prodotti.\"]}]}<\/script>\n<!-- \/ Yoast SEO plugin. -->","yoast_head_json":{"title":"Anello Bon Ton oro bianco smeraldi brillanti - Fecarotta Gioielli","description":"Anello Bon Ton oro bianco smeraldi brillanti\u00a0fa parte della gioielleria classica con un ottimo rapporto qualit\u00e0 prezzo. In vendita online su fecarotta.it","robots":{"index":"index","follow":"follow","max-snippet":"max-snippet:-1","max-image-preview":"max-image-preview:large","max-video-preview":"max-video-preview:-1"},"canonical":"https:\/\/www.fecarotta.com\/it\/prodotto\/anello-bon-ton-oro-bianco-smeraldi-brillanti\/","og_locale":"it_IT","og_type":"article","og_title":"Anello Bon Ton oro bianco smeraldi brillanti - Fecarotta Gioielli","og_description":"Anello Bon Ton oro bianco smeraldi brillanti\u00a0fa parte della gioielleria classica con un ottimo rapporto qualit\u00e0 prezzo. In vendita online su fecarotta.it","og_url":"https:\/\/www.fecarotta.com\/it\/prodotto\/anello-bon-ton-oro-bianco-smeraldi-brillanti\/","og_site_name":"Fecarotta Gioielli","article_publisher":"https:\/\/www.facebook.com\/fecarottagioielli","article_modified_time":"2026-03-23T17:58:19+00:00","og_image":[{"width":1500,"height":1500,"url":"https:\/\/storage1208.cdn-immedia.net\/wp-content\/uploads\/2020\/03\/R12085S.jpg","type":"image\/jpeg"}],"twitter_card":"summary_large_image","twitter_misc":{"Tempo di lettura stimato":"1 minuto"},"schema":{"@context":"https:\/\/schema.org","@graph":[{"@type":"WebPage","@id":"https:\/\/www.fecarotta.com\/it\/prodotto\/anello-bon-ton-oro-bianco-smeraldi-brillanti\/","url":"https:\/\/www.fecarotta.com\/it\/prodotto\/anello-bon-ton-oro-bianco-smeraldi-brillanti\/","name":"Anello Bon Ton oro bianco smeraldi brillanti - Fecarotta Gioielli","isPartOf":{"@id":"https:\/\/www.fecarotta.com\/it\/#website"},"primaryImageOfPage":{"@id":"https:\/\/www.fecarotta.com\/it\/prodotto\/anello-bon-ton-oro-bianco-smeraldi-brillanti\/#primaryimage"},"image":{"@id":"https:\/\/www.fecarotta.com\/it\/prodotto\/anello-bon-ton-oro-bianco-smeraldi-brillanti\/#primaryimage"},"thumbnailUrl":"https:\/\/storage1208.cdn-immedia.net\/wp-content\/uploads\/2020\/03\/R12085S.jpg","datePublished":"2020-04-13T08:32:06+00:00","dateModified":"2026-03-23T17:58:19+00:00","description":"Anello Bon Ton oro bianco smeraldi brillanti\u00a0fa parte della gioielleria classica con un ottimo rapporto qualit\u00e0 prezzo. In vendita online su fecarotta.it","breadcrumb":{"@id":"https:\/\/www.fecarotta.com\/it\/prodotto\/anello-bon-ton-oro-bianco-smeraldi-brillanti\/#breadcrumb"},"inLanguage":"it-IT","potentialAction":[{"@type":"ReadAction","target":["https:\/\/www.fecarotta.com\/it\/prodotto\/anello-bon-ton-oro-bianco-smeraldi-brillanti\/"]}]},{"@type":"ImageObject","inLanguage":"it-IT","@id":"https:\/\/www.fecarotta.com\/it\/prodotto\/anello-bon-ton-oro-bianco-smeraldi-brillanti\/#primaryimage","url":"https:\/\/storage1208.cdn-immedia.net\/wp-content\/uploads\/2020\/03\/R12085S.jpg","contentUrl":"https:\/\/storage1208.cdn-immedia.net\/wp-content\/uploads\/2020\/03\/R12085S.jpg","width":1500,"height":1500,"caption":"Anello smeraldi diamanti emerald ring diamonds sconto discount Bon Ton R12085S"},{"@type":"BreadcrumbList","@id":"https:\/\/www.fecarotta.com\/it\/prodotto\/anello-bon-ton-oro-bianco-smeraldi-brillanti\/#breadcrumb","itemListElement":[{"@type":"ListItem","position":1,"name":"Home","item":"https:\/\/www.fecarotta.com\/it\/"},{"@type":"ListItem","position":2,"name":"Negozio","item":"https:\/\/www.fecarotta.com\/it\/negozio\/"},{"@type":"ListItem","position":3,"name":"Anello Bon Ton oro bianco smeraldi brillanti"}]},{"@type":"WebSite","@id":"https:\/\/www.fecarotta.com\/it\/#website","url":"https:\/\/www.fecarotta.com\/it\/","name":"Fecarotta Gioielli","description":"","publisher":{"@id":"https:\/\/www.fecarotta.com\/it\/#organization"},"potentialAction":[{"@type":"SearchAction","target":{"@type":"EntryPoint","urlTemplate":"https:\/\/www.fecarotta.com\/it\/?s={search_term_string}"},"query-input":{"@type":"PropertyValueSpecification","valueRequired":true,"valueName":"search_term_string"}}],"inLanguage":"it-IT"},{"@type":"Organization","@id":"https:\/\/www.fecarotta.com\/it\/#organization","name":"Fecarotta Gioielli","url":"https:\/\/www.fecarotta.com\/it\/","logo":{"@type":"ImageObject","inLanguage":"it-IT","@id":"https:\/\/www.fecarotta.com\/it\/#\/schema\/logo\/image\/","url":"https:\/\/storage1208.cdn-immedia.net\/wp-content\/uploads\/2025\/03\/logo-gmb-fecarotta.jpg","contentUrl":"https:\/\/storage1208.cdn-immedia.net\/wp-content\/uploads\/2025\/03\/logo-gmb-fecarotta.jpg","width":500,"height":500,"caption":"Fecarotta Gioielli"},"image":{"@id":"https:\/\/www.fecarotta.com\/it\/#\/schema\/logo\/image\/"},"sameAs":["https:\/\/www.facebook.com\/fecarottagioielli","http:\/\/www.instagram.com\/fecarotta.it","https:\/\/www.linkedin.com\/company\/fecarotta-it\/","https:\/\/api.whatsapp.com\/send?phone=393913323691&text=Salve, vorrei qualche informazione in merito ai vostri prodotti."]}]}},"_links":{"self":[{"href":"https:\/\/www.fecarotta.com\/it\/wp-json\/wp\/v2\/product\/13813","targetHints":{"allow":["GET"]}}],"collection":[{"href":"https:\/\/www.fecarotta.com\/it\/wp-json\/wp\/v2\/product"}],"about":[{"href":"https:\/\/www.fecarotta.com\/it\/wp-json\/wp\/v2\/types\/product"}],"wp:featuredmedia":[{"embeddable":true,"href":"https:\/\/www.fecarotta.com\/it\/wp-json\/wp\/v2\/media\/26069"}],"wp:attachment":[{"href":"https:\/\/www.fecarotta.com\/it\/wp-json\/wp\/v2\/media?parent=13813"}],"wp:term":[{"taxonomy":"product_brand","embeddable":true,"href":"https:\/\/www.fecarotta.com\/it\/wp-json\/wp\/v2\/product_brand?post=13813"},{"taxonomy":"product_cat","embeddable":true,"href":"https:\/\/www.fecarotta.com\/it\/wp-json\/wp\/v2\/product_cat?post=13813"},{"taxonomy":"product_tag","embeddable":true,"href":"https:\/\/www.fecarotta.com\/it\/wp-json\/wp\/v2\/product_tag?post=13813"}],"curies":[{"name":"wp","href":"https:\/\/api.w.org\/{rel}","templated":true}]}}