{"id":133542,"date":"2024-11-19T11:31:46","date_gmt":"2024-11-19T11:31:46","guid":{"rendered":"https:\/\/www.fecarotta.com\/?post_type=product&#038;p=133542"},"modified":"2026-04-03T10:28:29","modified_gmt":"2026-04-03T10:28:29","slug":"bvlgari-aluminium-x-fender-orologio","status":"publish","type":"product","link":"https:\/\/www.fecarotta.com\/it\/prodotto\/bvlgari-aluminium-x-fender-orologio\/","title":{"rendered":"Bvlgari Aluminium X Fender\u00ae Orologio Edizione Limitata"},"content":{"rendered":"<p>Nato dall\u2019incontro fra due icone del design, l\u2019orologio Bvlgari Aluminium GMT x Fender\u00ae Limited Edition rende omaggio all\u2019iconica chitarra Fender Stratocaster, un emblema della cultura contemporanea che nel 2024 celebra il suo settantesimo anniversario. Perfetto connubio fra la tradizione musicale e lo stile inconfondibile della Fender e lo spirito innovativo dell\u2019orologio Bvlgari Aluminium, questa edizione limitata rimane fedele all\u2019audace combinazione di materiali non convenzionali propria della collezione, unendo a una cassa in alluminio una lunetta e un cinturino in caucci\u00f9 marrone scuro. Dotato di funzione GMT 24 ore, questo lussuoso orologio sportivo \u00e8 animato da un quadrante d\u00e9grad\u00e9 marrone e color crema, che richiama le nuance della leggendaria chitarra.<\/p>\n<p>Orologio Bvlgari Aluminium GMT x Fender\u00ae Special Edition con movimento meccanico a carica automatica, funzioni ore, minuti, secondi, data e GMT 24 ore, riserva di carica di 42 ore, calibro B192. Cassa di 40 mm in alluminio, lunetta in caucci\u00f9 marrone con doppio logo BVLGARI BVLGARI, quadrante d\u00e9grad\u00e9 marrone e color crema, lancette rodiate, indici e lancetta 24 ore in Super-LumiNovaTM, finestrella della data a ore 3, fondello in titanio con trattamento DLC e logo Fender\u00ae, cinturino in caucci\u00f9 marrone con anse in alluminio, chiusura in velcro e fibbia ad ardiglione in alluminio. Impermeabile fino a 100 metri. Edizione limitata da 1.200 pezzi.<\/p>\n","protected":false},"excerpt":{"rendered":"<p>Bvlgari Aluminium GMT x Fender\u00ae Special Edition con movimento meccanico a carica automatica.<\/p>\n","protected":false},"featured_media":133554,"template":"","meta":{"_acf_changed":false},"product_brand":[],"product_cat":[24,206,191,99],"product_tag":[],"class_list":{"0":"post-133542","1":"product","2":"type-product","3":"status-publish","4":"has-post-thumbnail","6":"product_cat-non-vendibile-online","7":"product_cat-orologi","8":"product_cat-orologi-a-carica-manuale","9":"product_cat-orologi-automatici","10":"pa_brand-bulgari","11":"pa_collection-bvlgari-aluminium","12":"pa_gender-uomo","14":"first","15":"instock","16":"shipping-taxable","17":"purchasable","18":"product-type-simple","19":"add-to-wishlist-before_image"},"acf":[],"yoast_head":"<!-- This site is optimized with the Yoast SEO plugin v27.5 - https:\/\/yoast.com\/product\/yoast-seo-wordpress\/ -->\n<title>Bvlgari Aluminium X Fender\u00ae Orologio Edizione Limitata - Fecarotta Gioielli<\/title>\n<meta name=\"description\" content=\"Stai cercando Bvlgari Aluminium X Fender\u00ae Orologio Edizione Limitata? Da Fecarotta Gioielli lo trovi. Entra nel sito, acquistalo e scopri tutti i nostri prodotti!\" \/>\n<meta name=\"robots\" content=\"index, follow, max-snippet:-1, max-image-preview:large, max-video-preview:-1\" \/>\n<link rel=\"canonical\" href=\"https:\/\/www.fecarotta.com\/it\/prodotto\/bvlgari-aluminium-x-fender-orologio\/\" \/>\n<meta property=\"og:locale\" content=\"it_IT\" \/>\n<meta property=\"og:type\" content=\"article\" \/>\n<meta property=\"og:title\" content=\"Bvlgari Aluminium X Fender\u00ae Orologio Edizione Limitata - Fecarotta Gioielli\" \/>\n<meta property=\"og:description\" content=\"Stai cercando Bvlgari Aluminium X Fender\u00ae Orologio Edizione Limitata? Da Fecarotta Gioielli lo trovi. Entra nel sito, acquistalo e scopri tutti i nostri prodotti!\" \/>\n<meta property=\"og:url\" content=\"https:\/\/www.fecarotta.com\/it\/prodotto\/bvlgari-aluminium-x-fender-orologio\/\" \/>\n<meta property=\"og:site_name\" content=\"Fecarotta Gioielli\" \/>\n<meta property=\"article:publisher\" content=\"https:\/\/www.facebook.com\/fecarottagioielli\" \/>\n<meta property=\"article:modified_time\" content=\"2026-04-03T10:28:29+00:00\" \/>\n<meta property=\"og:image\" content=\"https:\/\/storage1208.cdn-immedia.net\/wp-content\/uploads\/2024\/11\/1041117.jpg\" \/>\n\t<meta property=\"og:image:width\" content=\"1000\" \/>\n\t<meta property=\"og:image:height\" content=\"1000\" \/>\n\t<meta property=\"og:image:type\" content=\"image\/jpeg\" \/>\n<meta name=\"twitter:card\" content=\"summary_large_image\" \/>\n<meta name=\"twitter:label1\" content=\"Tempo di lettura stimato\" \/>\n\t<meta name=\"twitter:data1\" content=\"1 minuto\" \/>\n<script type=\"application\/ld+json\" class=\"yoast-schema-graph\">{\"@context\":\"https:\\\/\\\/schema.org\",\"@graph\":[{\"@type\":\"WebPage\",\"@id\":\"https:\\\/\\\/www.fecarotta.com\\\/it\\\/prodotto\\\/bvlgari-aluminium-x-fender-orologio\\\/\",\"url\":\"https:\\\/\\\/www.fecarotta.com\\\/it\\\/prodotto\\\/bvlgari-aluminium-x-fender-orologio\\\/\",\"name\":\"Bvlgari Aluminium X Fender\u00ae Orologio Edizione Limitata - Fecarotta Gioielli\",\"isPartOf\":{\"@id\":\"https:\\\/\\\/www.fecarotta.com\\\/it\\\/#website\"},\"primaryImageOfPage\":{\"@id\":\"https:\\\/\\\/www.fecarotta.com\\\/it\\\/prodotto\\\/bvlgari-aluminium-x-fender-orologio\\\/#primaryimage\"},\"image\":{\"@id\":\"https:\\\/\\\/www.fecarotta.com\\\/it\\\/prodotto\\\/bvlgari-aluminium-x-fender-orologio\\\/#primaryimage\"},\"thumbnailUrl\":\"https:\\\/\\\/www.fecarotta.com\\\/wp-content\\\/uploads\\\/2024\\\/11\\\/1041117.jpg\",\"datePublished\":\"2024-11-19T11:31:46+00:00\",\"dateModified\":\"2026-04-03T10:28:29+00:00\",\"description\":\"Stai cercando Bvlgari Aluminium X Fender\u00ae Orologio Edizione Limitata? Da Fecarotta Gioielli lo trovi. Entra nel sito, acquistalo e scopri tutti i nostri prodotti!\",\"breadcrumb\":{\"@id\":\"https:\\\/\\\/www.fecarotta.com\\\/it\\\/prodotto\\\/bvlgari-aluminium-x-fender-orologio\\\/#breadcrumb\"},\"inLanguage\":\"it-IT\",\"potentialAction\":[{\"@type\":\"ReadAction\",\"target\":[\"https:\\\/\\\/www.fecarotta.com\\\/it\\\/prodotto\\\/bvlgari-aluminium-x-fender-orologio\\\/\"]}]},{\"@type\":\"ImageObject\",\"inLanguage\":\"it-IT\",\"@id\":\"https:\\\/\\\/www.fecarotta.com\\\/it\\\/prodotto\\\/bvlgari-aluminium-x-fender-orologio\\\/#primaryimage\",\"url\":\"https:\\\/\\\/www.fecarotta.com\\\/wp-content\\\/uploads\\\/2024\\\/11\\\/1041117.jpg\",\"contentUrl\":\"https:\\\/\\\/www.fecarotta.com\\\/wp-content\\\/uploads\\\/2024\\\/11\\\/1041117.jpg\",\"width\":1000,\"height\":1000},{\"@type\":\"BreadcrumbList\",\"@id\":\"https:\\\/\\\/www.fecarotta.com\\\/it\\\/prodotto\\\/bvlgari-aluminium-x-fender-orologio\\\/#breadcrumb\",\"itemListElement\":[{\"@type\":\"ListItem\",\"position\":1,\"name\":\"Home\",\"item\":\"https:\\\/\\\/www.fecarotta.com\\\/it\\\/\"},{\"@type\":\"ListItem\",\"position\":2,\"name\":\"Negozio\",\"item\":\"https:\\\/\\\/www.fecarotta.com\\\/it\\\/negozio\\\/\"},{\"@type\":\"ListItem\",\"position\":3,\"name\":\"Bvlgari Aluminium X Fender\u00ae Orologio Edizione Limitata\"}]},{\"@type\":\"WebSite\",\"@id\":\"https:\\\/\\\/www.fecarotta.com\\\/it\\\/#website\",\"url\":\"https:\\\/\\\/www.fecarotta.com\\\/it\\\/\",\"name\":\"Fecarotta Gioielli\",\"description\":\"\",\"publisher\":{\"@id\":\"https:\\\/\\\/www.fecarotta.com\\\/it\\\/#organization\"},\"potentialAction\":[{\"@type\":\"SearchAction\",\"target\":{\"@type\":\"EntryPoint\",\"urlTemplate\":\"https:\\\/\\\/www.fecarotta.com\\\/it\\\/?s={search_term_string}\"},\"query-input\":{\"@type\":\"PropertyValueSpecification\",\"valueRequired\":true,\"valueName\":\"search_term_string\"}}],\"inLanguage\":\"it-IT\"},{\"@type\":\"Organization\",\"@id\":\"https:\\\/\\\/www.fecarotta.com\\\/it\\\/#organization\",\"name\":\"Fecarotta Gioielli\",\"url\":\"https:\\\/\\\/www.fecarotta.com\\\/it\\\/\",\"logo\":{\"@type\":\"ImageObject\",\"inLanguage\":\"it-IT\",\"@id\":\"https:\\\/\\\/www.fecarotta.com\\\/it\\\/#\\\/schema\\\/logo\\\/image\\\/\",\"url\":\"https:\\\/\\\/www.fecarotta.com\\\/wp-content\\\/uploads\\\/2025\\\/03\\\/logo-gmb-fecarotta.jpg\",\"contentUrl\":\"https:\\\/\\\/www.fecarotta.com\\\/wp-content\\\/uploads\\\/2025\\\/03\\\/logo-gmb-fecarotta.jpg\",\"width\":500,\"height\":500,\"caption\":\"Fecarotta Gioielli\"},\"image\":{\"@id\":\"https:\\\/\\\/www.fecarotta.com\\\/it\\\/#\\\/schema\\\/logo\\\/image\\\/\"},\"sameAs\":[\"https:\\\/\\\/www.facebook.com\\\/fecarottagioielli\",\"http:\\\/\\\/www.instagram.com\\\/fecarotta.it\",\"https:\\\/\\\/www.linkedin.com\\\/company\\\/fecarotta-it\\\/\",\"https:\\\/\\\/api.whatsapp.com\\\/send?phone=393913323691&text=Salve, vorrei qualche informazione in merito ai vostri prodotti.\"]}]}<\/script>\n<!-- \/ Yoast SEO plugin. -->","yoast_head_json":{"title":"Bvlgari Aluminium X Fender\u00ae Orologio Edizione Limitata - Fecarotta Gioielli","description":"Stai cercando Bvlgari Aluminium X Fender\u00ae Orologio Edizione Limitata? Da Fecarotta Gioielli lo trovi. Entra nel sito, acquistalo e scopri tutti i nostri prodotti!","robots":{"index":"index","follow":"follow","max-snippet":"max-snippet:-1","max-image-preview":"max-image-preview:large","max-video-preview":"max-video-preview:-1"},"canonical":"https:\/\/www.fecarotta.com\/it\/prodotto\/bvlgari-aluminium-x-fender-orologio\/","og_locale":"it_IT","og_type":"article","og_title":"Bvlgari Aluminium X Fender\u00ae Orologio Edizione Limitata - Fecarotta Gioielli","og_description":"Stai cercando Bvlgari Aluminium X Fender\u00ae Orologio Edizione Limitata? Da Fecarotta Gioielli lo trovi. Entra nel sito, acquistalo e scopri tutti i nostri prodotti!","og_url":"https:\/\/www.fecarotta.com\/it\/prodotto\/bvlgari-aluminium-x-fender-orologio\/","og_site_name":"Fecarotta Gioielli","article_publisher":"https:\/\/www.facebook.com\/fecarottagioielli","article_modified_time":"2026-04-03T10:28:29+00:00","og_image":[{"width":1000,"height":1000,"url":"https:\/\/storage1208.cdn-immedia.net\/wp-content\/uploads\/2024\/11\/1041117.jpg","type":"image\/jpeg"}],"twitter_card":"summary_large_image","twitter_misc":{"Tempo di lettura stimato":"1 minuto"},"schema":{"@context":"https:\/\/schema.org","@graph":[{"@type":"WebPage","@id":"https:\/\/www.fecarotta.com\/it\/prodotto\/bvlgari-aluminium-x-fender-orologio\/","url":"https:\/\/www.fecarotta.com\/it\/prodotto\/bvlgari-aluminium-x-fender-orologio\/","name":"Bvlgari Aluminium X Fender\u00ae Orologio Edizione Limitata - Fecarotta Gioielli","isPartOf":{"@id":"https:\/\/www.fecarotta.com\/it\/#website"},"primaryImageOfPage":{"@id":"https:\/\/www.fecarotta.com\/it\/prodotto\/bvlgari-aluminium-x-fender-orologio\/#primaryimage"},"image":{"@id":"https:\/\/www.fecarotta.com\/it\/prodotto\/bvlgari-aluminium-x-fender-orologio\/#primaryimage"},"thumbnailUrl":"https:\/\/storage1208.cdn-immedia.net\/wp-content\/uploads\/2024\/11\/1041117.jpg","datePublished":"2024-11-19T11:31:46+00:00","dateModified":"2026-04-03T10:28:29+00:00","description":"Stai cercando Bvlgari Aluminium X Fender\u00ae Orologio Edizione Limitata? Da Fecarotta Gioielli lo trovi. Entra nel sito, acquistalo e scopri tutti i nostri prodotti!","breadcrumb":{"@id":"https:\/\/www.fecarotta.com\/it\/prodotto\/bvlgari-aluminium-x-fender-orologio\/#breadcrumb"},"inLanguage":"it-IT","potentialAction":[{"@type":"ReadAction","target":["https:\/\/www.fecarotta.com\/it\/prodotto\/bvlgari-aluminium-x-fender-orologio\/"]}]},{"@type":"ImageObject","inLanguage":"it-IT","@id":"https:\/\/www.fecarotta.com\/it\/prodotto\/bvlgari-aluminium-x-fender-orologio\/#primaryimage","url":"https:\/\/storage1208.cdn-immedia.net\/wp-content\/uploads\/2024\/11\/1041117.jpg","contentUrl":"https:\/\/storage1208.cdn-immedia.net\/wp-content\/uploads\/2024\/11\/1041117.jpg","width":1000,"height":1000},{"@type":"BreadcrumbList","@id":"https:\/\/www.fecarotta.com\/it\/prodotto\/bvlgari-aluminium-x-fender-orologio\/#breadcrumb","itemListElement":[{"@type":"ListItem","position":1,"name":"Home","item":"https:\/\/www.fecarotta.com\/it\/"},{"@type":"ListItem","position":2,"name":"Negozio","item":"https:\/\/www.fecarotta.com\/it\/negozio\/"},{"@type":"ListItem","position":3,"name":"Bvlgari Aluminium X Fender\u00ae Orologio Edizione Limitata"}]},{"@type":"WebSite","@id":"https:\/\/www.fecarotta.com\/it\/#website","url":"https:\/\/www.fecarotta.com\/it\/","name":"Fecarotta Gioielli","description":"","publisher":{"@id":"https:\/\/www.fecarotta.com\/it\/#organization"},"potentialAction":[{"@type":"SearchAction","target":{"@type":"EntryPoint","urlTemplate":"https:\/\/www.fecarotta.com\/it\/?s={search_term_string}"},"query-input":{"@type":"PropertyValueSpecification","valueRequired":true,"valueName":"search_term_string"}}],"inLanguage":"it-IT"},{"@type":"Organization","@id":"https:\/\/www.fecarotta.com\/it\/#organization","name":"Fecarotta Gioielli","url":"https:\/\/www.fecarotta.com\/it\/","logo":{"@type":"ImageObject","inLanguage":"it-IT","@id":"https:\/\/www.fecarotta.com\/it\/#\/schema\/logo\/image\/","url":"https:\/\/storage1208.cdn-immedia.net\/wp-content\/uploads\/2025\/03\/logo-gmb-fecarotta.jpg","contentUrl":"https:\/\/storage1208.cdn-immedia.net\/wp-content\/uploads\/2025\/03\/logo-gmb-fecarotta.jpg","width":500,"height":500,"caption":"Fecarotta Gioielli"},"image":{"@id":"https:\/\/www.fecarotta.com\/it\/#\/schema\/logo\/image\/"},"sameAs":["https:\/\/www.facebook.com\/fecarottagioielli","http:\/\/www.instagram.com\/fecarotta.it","https:\/\/www.linkedin.com\/company\/fecarotta-it\/","https:\/\/api.whatsapp.com\/send?phone=393913323691&text=Salve, vorrei qualche informazione in merito ai vostri prodotti."]}]}},"_links":{"self":[{"href":"https:\/\/www.fecarotta.com\/it\/wp-json\/wp\/v2\/product\/133542","targetHints":{"allow":["GET"]}}],"collection":[{"href":"https:\/\/www.fecarotta.com\/it\/wp-json\/wp\/v2\/product"}],"about":[{"href":"https:\/\/www.fecarotta.com\/it\/wp-json\/wp\/v2\/types\/product"}],"wp:featuredmedia":[{"embeddable":true,"href":"https:\/\/www.fecarotta.com\/it\/wp-json\/wp\/v2\/media\/133554"}],"wp:attachment":[{"href":"https:\/\/www.fecarotta.com\/it\/wp-json\/wp\/v2\/media?parent=133542"}],"wp:term":[{"taxonomy":"product_brand","embeddable":true,"href":"https:\/\/www.fecarotta.com\/it\/wp-json\/wp\/v2\/product_brand?post=133542"},{"taxonomy":"product_cat","embeddable":true,"href":"https:\/\/www.fecarotta.com\/it\/wp-json\/wp\/v2\/product_cat?post=133542"},{"taxonomy":"product_tag","embeddable":true,"href":"https:\/\/www.fecarotta.com\/it\/wp-json\/wp\/v2\/product_tag?post=133542"}],"curies":[{"name":"wp","href":"https:\/\/api.w.org\/{rel}","templated":true}]}}