{"id":12637,"date":"2021-03-11T08:55:45","date_gmt":"2021-03-11T08:55:45","guid":{"rendered":"https:\/\/www.fecarotta.com\/?post_type=product&#038;p=12637"},"modified":"2023-07-12T17:16:29","modified_gmt":"2023-07-12T17:16:29","slug":"collana-bvlgari-anniversary-collection","status":"publish","type":"product","link":"https:\/\/www.fecarotta.com\/it\/prodotto\/collana-bvlgari-anniversary-collection\/","title":{"rendered":"Collana Bvlgari Anniversary Save The Children"},"content":{"rendered":"<p>Bvlgari celebra il 10\u00b0 anniversario della partnership filantropica tra Bvlgari e Save the Children!\u00a0\u00a0Ecco quindi la collana creata per questa speciale occasione che si ispira all\u2019iconico design della collezione di gioielli BVLGARI BVLGARI. Questo gioiello infatti porta inciso sul retro del pendente il logo dell\u2019organizzazione benefica. Parte dei ricavati delle vendite andr\u00e0 a sostegno dei progetti Save the Children. L&#8217;impegno di Bvlgari \u00e8 come sempre volto a dare supporto e offrire nuove opportunit\u00e0 a bambini e ragazzi che vivono in condizioni di disagio.<br \/>\nPer questo nel 2009, Bvlgari inaugura la partnership con Save the Children, quindi per garantire un futuro migliore ai bambini pi\u00f9 vulnerabili attraverso il potere dell\u2019istruzione. Il pendente della Collana\u00a0 Bvlgari Anniversary Save The Children infatti rende omaggio al decimo anniversario della collaborazione, contribuendo cos\u00ec a finanziare la raccolta fondi di questa causa comune.<\/p>\n<p>Attraverso le vendite di questa linea di gioielli in argento e ceramica nera dedicati a Save the Children, la donazione di Bulgari ha superato la straordinaria cifra di oltre\u00a0<em>73 milioni di euro.\u00a0<\/em><\/p>\n<p>Bulgari supporta tutte le aree strategiche di intervento, con un focus particolare sull\u2019educazione come premessa indispensabile per lo sviluppo degli individui ma anche delle comunit\u00e0 locali e dell\u2019intera societ\u00e0. Ad oggi, grazie a Bulgari, abbiamo garantito la formazione di oltre 49.000 insegnanti e svolto attivit\u00e0 educative in oltre 4.900 scuole in 34 paesi al mondo.<\/p>\n<p>Scopri la gioielleria firmata\u00a0<em>Bulgari<\/em>! Gioielli di rara bellezza senza tempo realizzati dalla maestria artigianale! Scegli la collezione\u00a0<em>Save the Children<\/em>.<\/p>\n<p>Collana Save the Children 10th Anniversary in argento 925 con inserto in onice e rubino.<\/p>\n<p>&nbsp;<\/p>\n<p>&nbsp;<\/p>\n<p>&nbsp;<\/p>\n<p>&nbsp;<\/p>\n<p>Collana Bvlgari Save The Children<\/p>\n<p><a href=\"https:\/\/www.youtube.com\/watch?v=n9L6MyzSRbQ\" target=\"_blank\" rel=\"noopener noreferrer\">Give Hope &#8211; Bvlgari and Save The Children<\/a><\/p>\n<p>&nbsp;<\/p>\n<p><a href=\"https:\/\/www.fecarotta.com\/it\/fecarotta-gioielli-company\/\" target=\"_blank\" rel=\"noopener noreferrer\">La nostra Azienda<\/a><\/p>\n","protected":false},"excerpt":{"rendered":"<p>Collana Save the Children 10th Anniversary in argento 925 con elemento in onice e rubino.<\/p>\n","protected":false},"featured_media":12638,"template":"","meta":{"_acf_changed":false},"product_brand":[],"product_cat":[33,2310,27,24,2304],"product_tag":[],"class_list":{"0":"post-12637","1":"product","2":"type-product","3":"status-publish","4":"has-post-thumbnail","6":"product_cat-collane","7":"product_cat-donna","8":"product_cat-gioielli","9":"product_cat-non-vendibile-online","10":"product_cat-uomo","11":"pa_brand-bulgari","12":"pa_collection-save-the-children","13":"pa_gender-donna","14":"pa_gender-unisex","15":"pa_gender-uomo","17":"first","18":"instock","19":"shipping-taxable","20":"purchasable","21":"product-type-simple","22":"add-to-wishlist-before_image"},"acf":[],"yoast_head":"<!-- This site is optimized with the Yoast SEO plugin v27.5 - https:\/\/yoast.com\/product\/yoast-seo-wordpress\/ -->\n<title>Collana Bvlgari Anniversary Save The Children - Fecarotta Gioielli<\/title>\n<meta name=\"description\" content=\"Collana Bvlgari Save the Children 10th Anniversary rende omaggio al decimo anniversario della collaborazione, finanzia l&#039;istruzione per gli ultimi.\" \/>\n<meta name=\"robots\" content=\"index, follow, max-snippet:-1, max-image-preview:large, max-video-preview:-1\" \/>\n<link rel=\"canonical\" href=\"https:\/\/www.fecarotta.com\/it\/prodotto\/collana-bvlgari-anniversary-collection\/\" \/>\n<meta property=\"og:locale\" content=\"it_IT\" \/>\n<meta property=\"og:type\" content=\"article\" \/>\n<meta property=\"og:title\" content=\"Collana Bvlgari Anniversary Save The Children\" \/>\n<meta property=\"og:description\" content=\"Collana Save the Children 10th Anniversary in argento 925 con elemento in onice e rubino.\" \/>\n<meta property=\"og:url\" content=\"https:\/\/www.fecarotta.com\/it\/prodotto\/collana-bvlgari-anniversary-collection\/\" \/>\n<meta property=\"og:site_name\" content=\"Fecarotta Gioielli\" \/>\n<meta property=\"article:publisher\" content=\"https:\/\/www.facebook.com\/fecarottagioielli\" \/>\n<meta property=\"article:modified_time\" content=\"2023-07-12T17:16:29+00:00\" \/>\n<meta property=\"og:image\" content=\"https:\/\/storage1208.cdn-immedia.net\/wp-content\/uploads\/2019\/07\/356910.png\" \/>\n\t<meta property=\"og:image:width\" content=\"2000\" \/>\n\t<meta property=\"og:image:height\" content=\"2000\" \/>\n\t<meta property=\"og:image:type\" content=\"image\/png\" \/>\n<meta name=\"twitter:card\" content=\"summary_large_image\" \/>\n<meta name=\"twitter:label1\" content=\"Tempo di lettura stimato\" \/>\n\t<meta name=\"twitter:data1\" content=\"1 minuto\" \/>\n<script type=\"application\/ld+json\" class=\"yoast-schema-graph\">{\"@context\":\"https:\\\/\\\/schema.org\",\"@graph\":[{\"@type\":\"WebPage\",\"@id\":\"https:\\\/\\\/www.fecarotta.com\\\/it\\\/prodotto\\\/collana-bvlgari-anniversary-collection\\\/\",\"url\":\"https:\\\/\\\/www.fecarotta.com\\\/it\\\/prodotto\\\/collana-bvlgari-anniversary-collection\\\/\",\"name\":\"Collana Bvlgari Anniversary Save The Children - Fecarotta Gioielli\",\"isPartOf\":{\"@id\":\"https:\\\/\\\/www.fecarotta.com\\\/it\\\/#website\"},\"primaryImageOfPage\":{\"@id\":\"https:\\\/\\\/www.fecarotta.com\\\/it\\\/prodotto\\\/collana-bvlgari-anniversary-collection\\\/#primaryimage\"},\"image\":{\"@id\":\"https:\\\/\\\/www.fecarotta.com\\\/it\\\/prodotto\\\/collana-bvlgari-anniversary-collection\\\/#primaryimage\"},\"thumbnailUrl\":\"https:\\\/\\\/www.fecarotta.com\\\/wp-content\\\/uploads\\\/2019\\\/07\\\/356910.png\",\"datePublished\":\"2021-03-11T08:55:45+00:00\",\"dateModified\":\"2023-07-12T17:16:29+00:00\",\"description\":\"Collana Bvlgari Save the Children 10th Anniversary rende omaggio al decimo anniversario della collaborazione, finanzia l'istruzione per gli ultimi.\",\"breadcrumb\":{\"@id\":\"https:\\\/\\\/www.fecarotta.com\\\/it\\\/prodotto\\\/collana-bvlgari-anniversary-collection\\\/#breadcrumb\"},\"inLanguage\":\"it-IT\",\"potentialAction\":[{\"@type\":\"ReadAction\",\"target\":[\"https:\\\/\\\/www.fecarotta.com\\\/it\\\/prodotto\\\/collana-bvlgari-anniversary-collection\\\/\"]}]},{\"@type\":\"ImageObject\",\"inLanguage\":\"it-IT\",\"@id\":\"https:\\\/\\\/www.fecarotta.com\\\/it\\\/prodotto\\\/collana-bvlgari-anniversary-collection\\\/#primaryimage\",\"url\":\"https:\\\/\\\/www.fecarotta.com\\\/wp-content\\\/uploads\\\/2019\\\/07\\\/356910.png\",\"contentUrl\":\"https:\\\/\\\/www.fecarotta.com\\\/wp-content\\\/uploads\\\/2019\\\/07\\\/356910.png\",\"width\":2000,\"height\":2000,\"caption\":\"Collana Bvlgari Anniversary Save The Children\"},{\"@type\":\"BreadcrumbList\",\"@id\":\"https:\\\/\\\/www.fecarotta.com\\\/it\\\/prodotto\\\/collana-bvlgari-anniversary-collection\\\/#breadcrumb\",\"itemListElement\":[{\"@type\":\"ListItem\",\"position\":1,\"name\":\"Home\",\"item\":\"https:\\\/\\\/www.fecarotta.com\\\/it\\\/\"},{\"@type\":\"ListItem\",\"position\":2,\"name\":\"Negozio\",\"item\":\"https:\\\/\\\/www.fecarotta.com\\\/it\\\/negozio\\\/\"},{\"@type\":\"ListItem\",\"position\":3,\"name\":\"Collana Bvlgari Anniversary Save The Children\"}]},{\"@type\":\"WebSite\",\"@id\":\"https:\\\/\\\/www.fecarotta.com\\\/it\\\/#website\",\"url\":\"https:\\\/\\\/www.fecarotta.com\\\/it\\\/\",\"name\":\"Fecarotta Gioielli\",\"description\":\"\",\"publisher\":{\"@id\":\"https:\\\/\\\/www.fecarotta.com\\\/it\\\/#organization\"},\"potentialAction\":[{\"@type\":\"SearchAction\",\"target\":{\"@type\":\"EntryPoint\",\"urlTemplate\":\"https:\\\/\\\/www.fecarotta.com\\\/it\\\/?s={search_term_string}\"},\"query-input\":{\"@type\":\"PropertyValueSpecification\",\"valueRequired\":true,\"valueName\":\"search_term_string\"}}],\"inLanguage\":\"it-IT\"},{\"@type\":\"Organization\",\"@id\":\"https:\\\/\\\/www.fecarotta.com\\\/it\\\/#organization\",\"name\":\"Fecarotta Gioielli\",\"url\":\"https:\\\/\\\/www.fecarotta.com\\\/it\\\/\",\"logo\":{\"@type\":\"ImageObject\",\"inLanguage\":\"it-IT\",\"@id\":\"https:\\\/\\\/www.fecarotta.com\\\/it\\\/#\\\/schema\\\/logo\\\/image\\\/\",\"url\":\"https:\\\/\\\/www.fecarotta.com\\\/wp-content\\\/uploads\\\/2025\\\/03\\\/logo-gmb-fecarotta.jpg\",\"contentUrl\":\"https:\\\/\\\/www.fecarotta.com\\\/wp-content\\\/uploads\\\/2025\\\/03\\\/logo-gmb-fecarotta.jpg\",\"width\":500,\"height\":500,\"caption\":\"Fecarotta Gioielli\"},\"image\":{\"@id\":\"https:\\\/\\\/www.fecarotta.com\\\/it\\\/#\\\/schema\\\/logo\\\/image\\\/\"},\"sameAs\":[\"https:\\\/\\\/www.facebook.com\\\/fecarottagioielli\",\"http:\\\/\\\/www.instagram.com\\\/fecarotta.it\",\"https:\\\/\\\/www.linkedin.com\\\/company\\\/fecarotta-it\\\/\",\"https:\\\/\\\/api.whatsapp.com\\\/send?phone=393913323691&text=Salve, vorrei qualche informazione in merito ai vostri prodotti.\"]}]}<\/script>\n<!-- \/ Yoast SEO plugin. -->","yoast_head_json":{"title":"Collana Bvlgari Anniversary Save The Children - Fecarotta Gioielli","description":"Collana Bvlgari Save the Children 10th Anniversary rende omaggio al decimo anniversario della collaborazione, finanzia l'istruzione per gli ultimi.","robots":{"index":"index","follow":"follow","max-snippet":"max-snippet:-1","max-image-preview":"max-image-preview:large","max-video-preview":"max-video-preview:-1"},"canonical":"https:\/\/www.fecarotta.com\/it\/prodotto\/collana-bvlgari-anniversary-collection\/","og_locale":"it_IT","og_type":"article","og_title":"Collana Bvlgari Anniversary Save The Children","og_description":"Collana Save the Children 10th Anniversary in argento 925 con elemento in onice e rubino.","og_url":"https:\/\/www.fecarotta.com\/it\/prodotto\/collana-bvlgari-anniversary-collection\/","og_site_name":"Fecarotta Gioielli","article_publisher":"https:\/\/www.facebook.com\/fecarottagioielli","article_modified_time":"2023-07-12T17:16:29+00:00","og_image":[{"width":2000,"height":2000,"url":"https:\/\/storage1208.cdn-immedia.net\/wp-content\/uploads\/2019\/07\/356910.png","type":"image\/png"}],"twitter_card":"summary_large_image","twitter_misc":{"Tempo di lettura stimato":"1 minuto"},"schema":{"@context":"https:\/\/schema.org","@graph":[{"@type":"WebPage","@id":"https:\/\/www.fecarotta.com\/it\/prodotto\/collana-bvlgari-anniversary-collection\/","url":"https:\/\/www.fecarotta.com\/it\/prodotto\/collana-bvlgari-anniversary-collection\/","name":"Collana Bvlgari Anniversary Save The Children - Fecarotta Gioielli","isPartOf":{"@id":"https:\/\/www.fecarotta.com\/it\/#website"},"primaryImageOfPage":{"@id":"https:\/\/www.fecarotta.com\/it\/prodotto\/collana-bvlgari-anniversary-collection\/#primaryimage"},"image":{"@id":"https:\/\/www.fecarotta.com\/it\/prodotto\/collana-bvlgari-anniversary-collection\/#primaryimage"},"thumbnailUrl":"https:\/\/storage1208.cdn-immedia.net\/wp-content\/uploads\/2019\/07\/356910.png","datePublished":"2021-03-11T08:55:45+00:00","dateModified":"2023-07-12T17:16:29+00:00","description":"Collana Bvlgari Save the Children 10th Anniversary rende omaggio al decimo anniversario della collaborazione, finanzia l'istruzione per gli ultimi.","breadcrumb":{"@id":"https:\/\/www.fecarotta.com\/it\/prodotto\/collana-bvlgari-anniversary-collection\/#breadcrumb"},"inLanguage":"it-IT","potentialAction":[{"@type":"ReadAction","target":["https:\/\/www.fecarotta.com\/it\/prodotto\/collana-bvlgari-anniversary-collection\/"]}]},{"@type":"ImageObject","inLanguage":"it-IT","@id":"https:\/\/www.fecarotta.com\/it\/prodotto\/collana-bvlgari-anniversary-collection\/#primaryimage","url":"https:\/\/storage1208.cdn-immedia.net\/wp-content\/uploads\/2019\/07\/356910.png","contentUrl":"https:\/\/storage1208.cdn-immedia.net\/wp-content\/uploads\/2019\/07\/356910.png","width":2000,"height":2000,"caption":"Collana Bvlgari Anniversary Save The Children"},{"@type":"BreadcrumbList","@id":"https:\/\/www.fecarotta.com\/it\/prodotto\/collana-bvlgari-anniversary-collection\/#breadcrumb","itemListElement":[{"@type":"ListItem","position":1,"name":"Home","item":"https:\/\/www.fecarotta.com\/it\/"},{"@type":"ListItem","position":2,"name":"Negozio","item":"https:\/\/www.fecarotta.com\/it\/negozio\/"},{"@type":"ListItem","position":3,"name":"Collana Bvlgari Anniversary Save The Children"}]},{"@type":"WebSite","@id":"https:\/\/www.fecarotta.com\/it\/#website","url":"https:\/\/www.fecarotta.com\/it\/","name":"Fecarotta Gioielli","description":"","publisher":{"@id":"https:\/\/www.fecarotta.com\/it\/#organization"},"potentialAction":[{"@type":"SearchAction","target":{"@type":"EntryPoint","urlTemplate":"https:\/\/www.fecarotta.com\/it\/?s={search_term_string}"},"query-input":{"@type":"PropertyValueSpecification","valueRequired":true,"valueName":"search_term_string"}}],"inLanguage":"it-IT"},{"@type":"Organization","@id":"https:\/\/www.fecarotta.com\/it\/#organization","name":"Fecarotta Gioielli","url":"https:\/\/www.fecarotta.com\/it\/","logo":{"@type":"ImageObject","inLanguage":"it-IT","@id":"https:\/\/www.fecarotta.com\/it\/#\/schema\/logo\/image\/","url":"https:\/\/storage1208.cdn-immedia.net\/wp-content\/uploads\/2025\/03\/logo-gmb-fecarotta.jpg","contentUrl":"https:\/\/storage1208.cdn-immedia.net\/wp-content\/uploads\/2025\/03\/logo-gmb-fecarotta.jpg","width":500,"height":500,"caption":"Fecarotta Gioielli"},"image":{"@id":"https:\/\/www.fecarotta.com\/it\/#\/schema\/logo\/image\/"},"sameAs":["https:\/\/www.facebook.com\/fecarottagioielli","http:\/\/www.instagram.com\/fecarotta.it","https:\/\/www.linkedin.com\/company\/fecarotta-it\/","https:\/\/api.whatsapp.com\/send?phone=393913323691&text=Salve, vorrei qualche informazione in merito ai vostri prodotti."]}]}},"_links":{"self":[{"href":"https:\/\/www.fecarotta.com\/it\/wp-json\/wp\/v2\/product\/12637","targetHints":{"allow":["GET"]}}],"collection":[{"href":"https:\/\/www.fecarotta.com\/it\/wp-json\/wp\/v2\/product"}],"about":[{"href":"https:\/\/www.fecarotta.com\/it\/wp-json\/wp\/v2\/types\/product"}],"wp:featuredmedia":[{"embeddable":true,"href":"https:\/\/www.fecarotta.com\/it\/wp-json\/wp\/v2\/media\/12638"}],"wp:attachment":[{"href":"https:\/\/www.fecarotta.com\/it\/wp-json\/wp\/v2\/media?parent=12637"}],"wp:term":[{"taxonomy":"product_brand","embeddable":true,"href":"https:\/\/www.fecarotta.com\/it\/wp-json\/wp\/v2\/product_brand?post=12637"},{"taxonomy":"product_cat","embeddable":true,"href":"https:\/\/www.fecarotta.com\/it\/wp-json\/wp\/v2\/product_cat?post=12637"},{"taxonomy":"product_tag","embeddable":true,"href":"https:\/\/www.fecarotta.com\/it\/wp-json\/wp\/v2\/product_tag?post=12637"}],"curies":[{"name":"wp","href":"https:\/\/api.w.org\/{rel}","templated":true}]}}