{"id":118877,"date":"2023-10-14T08:36:33","date_gmt":"2023-10-14T08:36:33","guid":{"rendered":"https:\/\/www.fecarotta.com\/?post_type=product&#038;p=118877"},"modified":"2026-02-13T09:26:59","modified_gmt":"2026-02-13T09:26:59","slug":"vega-flutissimo-flutes-blu","status":"publish","type":"product","link":"https:\/\/www.fecarotta.com\/it\/prodotto\/vega-flutissimo-flutes-blu\/","title":{"rendered":"V\u00c9GA FLUTISSIMO FL\u00dbTES blu set da due"},"content":{"rendered":"<div class=\"pb-16\">\n<p class=\"mb-4 like-a-h8 color-grey-600 text-uppercase\">ALTEZZA<\/p>\n<p class=\"mb-0 like-a-h8 color-grey-500 font-lato-regular\">28.70 cm<\/p>\n<\/div>\n<div class=\"pb-16\">\n<p class=\"mb-4 like-a-h8 color-grey-600 text-uppercase\">DIAMETRO<\/p>\n<p class=\"mb-0 like-a-h8 color-grey-500 font-lato-regular\">7.20 cm<\/p>\n<\/div>\n<div class=\"pb-16\">\n<p class=\"mb-4 like-a-h8 color-grey-600 text-uppercase\">MATERIALE<\/p>\n<p class=\"mb-0 like-a-h8 color-grey-500 font-lato-regular\">Cristallo<\/p>\n<\/div>\n<div class=\"pb-16\">\n<p class=\"mb-4 like-a-h8 color-grey-600 text-uppercase\">UTILIZZO DEL BICCHIERE<\/p>\n<p class=\"mb-0 like-a-h8 color-grey-500 font-lato-regular\">Flute da champagne<\/p>\n<\/div>\n<div class=\"pb-16\">\n<p class=\"mb-4 like-a-h8 color-grey-600 text-uppercase\">COLORE<\/p>\n<p class=\"mb-0 like-a-h8 color-grey-500 font-lato-regular\">Blu<\/p>\n<\/div>\n<div class=\"pb-16\">\n<p class=\"mb-4 like-a-h8 color-grey-600 text-uppercase\">FABBRICATO IN<\/p>\n<p class=\"mb-0 like-a-h8 color-grey-500 font-lato-regular\">Francia<\/p>\n<\/div>\n<div class=\"pb-16\">\n<p class=\"mb-4 like-a-h8 color-grey-600 text-uppercase\">ANNO DI CREAZIONE<\/p>\n<p class=\"mb-0 like-a-h8 color-grey-500 font-lato-regular\">2017<\/p>\n<\/div>\n<div class=\"pb-16\">\n<p class=\"mb-4 like-a-h8 color-grey-600 text-uppercase\">DESIGNER DEL PRODOTTO<\/p>\n<p class=\"mb-0 like-a-h8 color-grey-500 font-lato-regular\">Savinel &amp; Roz\u00e9<\/p>\n<\/div>\n","protected":false},"excerpt":{"rendered":"<p>Il bicchiere Flutissimo V\u00e9ga di Baccarat \u00e8 moderno ed elegante. Il suffisso \u2013issimo enfatizza la straordinaria foggia della fl\u00fbte. La sua sagoma geometrica \u00e8 appariscente: lo stelo \u00e8 composto da sei fogge a forma di diamante sovrapposte che ricordano raffinate collane di perle. La spigolosit\u00e0 della met\u00e0 inferiore \u00e8 abilmente accostata alla levigatezza della coppa a colonna. Disegnato per Baccarat da Savinel &amp; Roz\u00e9. Set da due bicchieri<\/p>\n","protected":false},"featured_media":118904,"template":"","meta":{"_acf_changed":false},"product_brand":[],"product_cat":[2310,1807,113,2304],"product_tag":[],"class_list":{"0":"post-118877","1":"product","2":"type-product","3":"status-publish","4":"has-post-thumbnail","6":"product_cat-donna","7":"product_cat-home-design","8":"product_cat-porcellane-e-cristalli","9":"product_cat-uomo","10":"pa_brand-baccarat","11":"pa_collection-vega","13":"first","14":"instock","15":"sale","16":"shipping-taxable","17":"purchasable","18":"product-type-simple","19":"add-to-wishlist-before_image"},"acf":[],"yoast_head":"<!-- This site is optimized with the Yoast SEO plugin v27.5 - https:\/\/yoast.com\/product\/yoast-seo-wordpress\/ -->\n<title>V\u00c9GA FLUTISSIMO FL\u00dbTES blu set da due - Fecarotta Gioielli<\/title>\n<meta name=\"description\" content=\"Stai cercando V\u00c9GA FLUTISSIMO FL\u00dbTES blu set da due? Da Fecarotta Gioielli lo trovi. Entra nel sito, acquistalo e scopri tutti i nostri prodotti!\" \/>\n<meta name=\"robots\" content=\"index, follow, max-snippet:-1, max-image-preview:large, max-video-preview:-1\" \/>\n<link rel=\"canonical\" href=\"https:\/\/www.fecarotta.com\/it\/prodotto\/vega-flutissimo-flutes-blu\/\" \/>\n<meta property=\"og:locale\" content=\"it_IT\" \/>\n<meta property=\"og:type\" content=\"article\" \/>\n<meta property=\"og:title\" content=\"V\u00c9GA FLUTISSIMO FL\u00dbTES blu set da due - Fecarotta Gioielli\" \/>\n<meta property=\"og:description\" content=\"Stai cercando V\u00c9GA FLUTISSIMO FL\u00dbTES blu set da due? Da Fecarotta Gioielli lo trovi. Entra nel sito, acquistalo e scopri tutti i nostri prodotti!\" \/>\n<meta property=\"og:url\" content=\"https:\/\/www.fecarotta.com\/it\/prodotto\/vega-flutissimo-flutes-blu\/\" \/>\n<meta property=\"og:site_name\" content=\"Fecarotta Gioielli\" \/>\n<meta property=\"article:publisher\" content=\"https:\/\/www.facebook.com\/fecarottagioielli\" \/>\n<meta property=\"article:modified_time\" content=\"2026-02-13T09:26:59+00:00\" \/>\n<meta property=\"og:image\" content=\"https:\/\/storage1208.cdn-immedia.net\/wp-content\/uploads\/2023\/10\/fluttissimovega2.jpg\" \/>\n\t<meta property=\"og:image:width\" content=\"2000\" \/>\n\t<meta property=\"og:image:height\" content=\"2000\" \/>\n\t<meta property=\"og:image:type\" content=\"image\/jpeg\" \/>\n<meta name=\"twitter:card\" content=\"summary_large_image\" \/>\n<script type=\"application\/ld+json\" class=\"yoast-schema-graph\">{\"@context\":\"https:\\\/\\\/schema.org\",\"@graph\":[{\"@type\":\"WebPage\",\"@id\":\"https:\\\/\\\/www.fecarotta.com\\\/it\\\/prodotto\\\/vega-flutissimo-flutes-blu\\\/\",\"url\":\"https:\\\/\\\/www.fecarotta.com\\\/it\\\/prodotto\\\/vega-flutissimo-flutes-blu\\\/\",\"name\":\"V\u00c9GA FLUTISSIMO FL\u00dbTES blu set da due - Fecarotta Gioielli\",\"isPartOf\":{\"@id\":\"https:\\\/\\\/www.fecarotta.com\\\/it\\\/#website\"},\"primaryImageOfPage\":{\"@id\":\"https:\\\/\\\/www.fecarotta.com\\\/it\\\/prodotto\\\/vega-flutissimo-flutes-blu\\\/#primaryimage\"},\"image\":{\"@id\":\"https:\\\/\\\/www.fecarotta.com\\\/it\\\/prodotto\\\/vega-flutissimo-flutes-blu\\\/#primaryimage\"},\"thumbnailUrl\":\"https:\\\/\\\/www.fecarotta.com\\\/wp-content\\\/uploads\\\/2023\\\/10\\\/fluttissimovega2.jpg\",\"datePublished\":\"2023-10-14T08:36:33+00:00\",\"dateModified\":\"2026-02-13T09:26:59+00:00\",\"description\":\"Stai cercando V\u00c9GA FLUTISSIMO FL\u00dbTES blu set da due? Da Fecarotta Gioielli lo trovi. Entra nel sito, acquistalo e scopri tutti i nostri prodotti!\",\"breadcrumb\":{\"@id\":\"https:\\\/\\\/www.fecarotta.com\\\/it\\\/prodotto\\\/vega-flutissimo-flutes-blu\\\/#breadcrumb\"},\"inLanguage\":\"it-IT\",\"potentialAction\":[{\"@type\":\"ReadAction\",\"target\":[\"https:\\\/\\\/www.fecarotta.com\\\/it\\\/prodotto\\\/vega-flutissimo-flutes-blu\\\/\"]}]},{\"@type\":\"ImageObject\",\"inLanguage\":\"it-IT\",\"@id\":\"https:\\\/\\\/www.fecarotta.com\\\/it\\\/prodotto\\\/vega-flutissimo-flutes-blu\\\/#primaryimage\",\"url\":\"https:\\\/\\\/www.fecarotta.com\\\/wp-content\\\/uploads\\\/2023\\\/10\\\/fluttissimovega2.jpg\",\"contentUrl\":\"https:\\\/\\\/www.fecarotta.com\\\/wp-content\\\/uploads\\\/2023\\\/10\\\/fluttissimovega2.jpg\",\"width\":2000,\"height\":2000},{\"@type\":\"BreadcrumbList\",\"@id\":\"https:\\\/\\\/www.fecarotta.com\\\/it\\\/prodotto\\\/vega-flutissimo-flutes-blu\\\/#breadcrumb\",\"itemListElement\":[{\"@type\":\"ListItem\",\"position\":1,\"name\":\"Home\",\"item\":\"https:\\\/\\\/www.fecarotta.com\\\/it\\\/\"},{\"@type\":\"ListItem\",\"position\":2,\"name\":\"Negozio\",\"item\":\"https:\\\/\\\/www.fecarotta.com\\\/it\\\/negozio\\\/\"},{\"@type\":\"ListItem\",\"position\":3,\"name\":\"V\u00c9GA FLUTISSIMO FL\u00dbTES blu set da due\"}]},{\"@type\":\"WebSite\",\"@id\":\"https:\\\/\\\/www.fecarotta.com\\\/it\\\/#website\",\"url\":\"https:\\\/\\\/www.fecarotta.com\\\/it\\\/\",\"name\":\"Fecarotta Gioielli\",\"description\":\"\",\"publisher\":{\"@id\":\"https:\\\/\\\/www.fecarotta.com\\\/it\\\/#organization\"},\"potentialAction\":[{\"@type\":\"SearchAction\",\"target\":{\"@type\":\"EntryPoint\",\"urlTemplate\":\"https:\\\/\\\/www.fecarotta.com\\\/it\\\/?s={search_term_string}\"},\"query-input\":{\"@type\":\"PropertyValueSpecification\",\"valueRequired\":true,\"valueName\":\"search_term_string\"}}],\"inLanguage\":\"it-IT\"},{\"@type\":\"Organization\",\"@id\":\"https:\\\/\\\/www.fecarotta.com\\\/it\\\/#organization\",\"name\":\"Fecarotta Gioielli\",\"url\":\"https:\\\/\\\/www.fecarotta.com\\\/it\\\/\",\"logo\":{\"@type\":\"ImageObject\",\"inLanguage\":\"it-IT\",\"@id\":\"https:\\\/\\\/www.fecarotta.com\\\/it\\\/#\\\/schema\\\/logo\\\/image\\\/\",\"url\":\"https:\\\/\\\/www.fecarotta.com\\\/wp-content\\\/uploads\\\/2025\\\/03\\\/logo-gmb-fecarotta.jpg\",\"contentUrl\":\"https:\\\/\\\/www.fecarotta.com\\\/wp-content\\\/uploads\\\/2025\\\/03\\\/logo-gmb-fecarotta.jpg\",\"width\":500,\"height\":500,\"caption\":\"Fecarotta Gioielli\"},\"image\":{\"@id\":\"https:\\\/\\\/www.fecarotta.com\\\/it\\\/#\\\/schema\\\/logo\\\/image\\\/\"},\"sameAs\":[\"https:\\\/\\\/www.facebook.com\\\/fecarottagioielli\",\"http:\\\/\\\/www.instagram.com\\\/fecarotta.it\",\"https:\\\/\\\/www.linkedin.com\\\/company\\\/fecarotta-it\\\/\",\"https:\\\/\\\/api.whatsapp.com\\\/send?phone=393913323691&text=Salve, vorrei qualche informazione in merito ai vostri prodotti.\"]}]}<\/script>\n<!-- \/ Yoast SEO plugin. -->","yoast_head_json":{"title":"V\u00c9GA FLUTISSIMO FL\u00dbTES blu set da due - Fecarotta Gioielli","description":"Stai cercando V\u00c9GA FLUTISSIMO FL\u00dbTES blu set da due? Da Fecarotta Gioielli lo trovi. Entra nel sito, acquistalo e scopri tutti i nostri prodotti!","robots":{"index":"index","follow":"follow","max-snippet":"max-snippet:-1","max-image-preview":"max-image-preview:large","max-video-preview":"max-video-preview:-1"},"canonical":"https:\/\/www.fecarotta.com\/it\/prodotto\/vega-flutissimo-flutes-blu\/","og_locale":"it_IT","og_type":"article","og_title":"V\u00c9GA FLUTISSIMO FL\u00dbTES blu set da due - Fecarotta Gioielli","og_description":"Stai cercando V\u00c9GA FLUTISSIMO FL\u00dbTES blu set da due? Da Fecarotta Gioielli lo trovi. Entra nel sito, acquistalo e scopri tutti i nostri prodotti!","og_url":"https:\/\/www.fecarotta.com\/it\/prodotto\/vega-flutissimo-flutes-blu\/","og_site_name":"Fecarotta Gioielli","article_publisher":"https:\/\/www.facebook.com\/fecarottagioielli","article_modified_time":"2026-02-13T09:26:59+00:00","og_image":[{"width":2000,"height":2000,"url":"https:\/\/storage1208.cdn-immedia.net\/wp-content\/uploads\/2023\/10\/fluttissimovega2.jpg","type":"image\/jpeg"}],"twitter_card":"summary_large_image","schema":{"@context":"https:\/\/schema.org","@graph":[{"@type":"WebPage","@id":"https:\/\/www.fecarotta.com\/it\/prodotto\/vega-flutissimo-flutes-blu\/","url":"https:\/\/www.fecarotta.com\/it\/prodotto\/vega-flutissimo-flutes-blu\/","name":"V\u00c9GA FLUTISSIMO FL\u00dbTES blu set da due - Fecarotta Gioielli","isPartOf":{"@id":"https:\/\/www.fecarotta.com\/it\/#website"},"primaryImageOfPage":{"@id":"https:\/\/www.fecarotta.com\/it\/prodotto\/vega-flutissimo-flutes-blu\/#primaryimage"},"image":{"@id":"https:\/\/www.fecarotta.com\/it\/prodotto\/vega-flutissimo-flutes-blu\/#primaryimage"},"thumbnailUrl":"https:\/\/storage1208.cdn-immedia.net\/wp-content\/uploads\/2023\/10\/fluttissimovega2.jpg","datePublished":"2023-10-14T08:36:33+00:00","dateModified":"2026-02-13T09:26:59+00:00","description":"Stai cercando V\u00c9GA FLUTISSIMO FL\u00dbTES blu set da due? Da Fecarotta Gioielli lo trovi. Entra nel sito, acquistalo e scopri tutti i nostri prodotti!","breadcrumb":{"@id":"https:\/\/www.fecarotta.com\/it\/prodotto\/vega-flutissimo-flutes-blu\/#breadcrumb"},"inLanguage":"it-IT","potentialAction":[{"@type":"ReadAction","target":["https:\/\/www.fecarotta.com\/it\/prodotto\/vega-flutissimo-flutes-blu\/"]}]},{"@type":"ImageObject","inLanguage":"it-IT","@id":"https:\/\/www.fecarotta.com\/it\/prodotto\/vega-flutissimo-flutes-blu\/#primaryimage","url":"https:\/\/storage1208.cdn-immedia.net\/wp-content\/uploads\/2023\/10\/fluttissimovega2.jpg","contentUrl":"https:\/\/storage1208.cdn-immedia.net\/wp-content\/uploads\/2023\/10\/fluttissimovega2.jpg","width":2000,"height":2000},{"@type":"BreadcrumbList","@id":"https:\/\/www.fecarotta.com\/it\/prodotto\/vega-flutissimo-flutes-blu\/#breadcrumb","itemListElement":[{"@type":"ListItem","position":1,"name":"Home","item":"https:\/\/www.fecarotta.com\/it\/"},{"@type":"ListItem","position":2,"name":"Negozio","item":"https:\/\/www.fecarotta.com\/it\/negozio\/"},{"@type":"ListItem","position":3,"name":"V\u00c9GA FLUTISSIMO FL\u00dbTES blu set da due"}]},{"@type":"WebSite","@id":"https:\/\/www.fecarotta.com\/it\/#website","url":"https:\/\/www.fecarotta.com\/it\/","name":"Fecarotta Gioielli","description":"","publisher":{"@id":"https:\/\/www.fecarotta.com\/it\/#organization"},"potentialAction":[{"@type":"SearchAction","target":{"@type":"EntryPoint","urlTemplate":"https:\/\/www.fecarotta.com\/it\/?s={search_term_string}"},"query-input":{"@type":"PropertyValueSpecification","valueRequired":true,"valueName":"search_term_string"}}],"inLanguage":"it-IT"},{"@type":"Organization","@id":"https:\/\/www.fecarotta.com\/it\/#organization","name":"Fecarotta Gioielli","url":"https:\/\/www.fecarotta.com\/it\/","logo":{"@type":"ImageObject","inLanguage":"it-IT","@id":"https:\/\/www.fecarotta.com\/it\/#\/schema\/logo\/image\/","url":"https:\/\/storage1208.cdn-immedia.net\/wp-content\/uploads\/2025\/03\/logo-gmb-fecarotta.jpg","contentUrl":"https:\/\/storage1208.cdn-immedia.net\/wp-content\/uploads\/2025\/03\/logo-gmb-fecarotta.jpg","width":500,"height":500,"caption":"Fecarotta Gioielli"},"image":{"@id":"https:\/\/www.fecarotta.com\/it\/#\/schema\/logo\/image\/"},"sameAs":["https:\/\/www.facebook.com\/fecarottagioielli","http:\/\/www.instagram.com\/fecarotta.it","https:\/\/www.linkedin.com\/company\/fecarotta-it\/","https:\/\/api.whatsapp.com\/send?phone=393913323691&text=Salve, vorrei qualche informazione in merito ai vostri prodotti."]}]}},"_links":{"self":[{"href":"https:\/\/www.fecarotta.com\/it\/wp-json\/wp\/v2\/product\/118877","targetHints":{"allow":["GET"]}}],"collection":[{"href":"https:\/\/www.fecarotta.com\/it\/wp-json\/wp\/v2\/product"}],"about":[{"href":"https:\/\/www.fecarotta.com\/it\/wp-json\/wp\/v2\/types\/product"}],"wp:featuredmedia":[{"embeddable":true,"href":"https:\/\/www.fecarotta.com\/it\/wp-json\/wp\/v2\/media\/118904"}],"wp:attachment":[{"href":"https:\/\/www.fecarotta.com\/it\/wp-json\/wp\/v2\/media?parent=118877"}],"wp:term":[{"taxonomy":"product_brand","embeddable":true,"href":"https:\/\/www.fecarotta.com\/it\/wp-json\/wp\/v2\/product_brand?post=118877"},{"taxonomy":"product_cat","embeddable":true,"href":"https:\/\/www.fecarotta.com\/it\/wp-json\/wp\/v2\/product_cat?post=118877"},{"taxonomy":"product_tag","embeddable":true,"href":"https:\/\/www.fecarotta.com\/it\/wp-json\/wp\/v2\/product_tag?post=118877"}],"curies":[{"name":"wp","href":"https:\/\/api.w.org\/{rel}","templated":true}]}}