{"id":117522,"date":"2023-08-30T15:14:01","date_gmt":"2023-08-30T15:14:01","guid":{"rendered":"https:\/\/www.fecarotta.com\/?post_type=product&#038;p=117522"},"modified":"2026-04-22T09:24:01","modified_gmt":"2026-04-22T09:24:01","slug":"bracciale-jaipur-colour","status":"publish","type":"product","link":"https:\/\/www.fecarotta.com\/it\/prodotto\/bracciale-jaipur-colour\/","title":{"rendered":"Bracciale Jaipur Colour"},"content":{"rendered":"<p>Questo bracciale, montato su una finissima catena, \u00e8 il gioiello perfetto da indossare tutti i giorni: gemme colorate, accuratamente selezionate e alternate a monete d&#8217;oro giallo 18kt, finemente incise a mano con l&#8217;antica tecnica del bulino millerighe.<\/p>\n<p>&nbsp;<\/p>\n<p>&nbsp;<\/p>\n<div class=\"rte align-left cc-fade-in-up cc-animate-init -in cc-animate-complete\" data-cc-animate=\"cc-fade-in-up\" data-cc-animate-delay=\"0.3s\">\n<p><span class=\"metafield-multi_line_text_field\">Ispirata alla Citt\u00e0 Rosa nel nord dell&#8217;India, lacollezione JAIPUR COLOUR unisce la pi\u00f9 squisita maestria artigianale a gemme naturalidi qualit\u00e0 superiore, dalla pi\u00f9 straordinaria gamma di colori e dal tipicotaglio a rosetta. \u00c8 un omaggio alla bellezza radiosa delle pietre preziose intutta la loro favolosa carica di luci e colori. Le gemme naturali provengono daJaipur, la capitale del Rajasthan famosa per i suoi edifici di quarzite rosa.Qui il processo del taglio delle pietre \u00e8 stato perfezionato nel corso deisecoli da incisori specializzati, abili nel trovare il taglio ideale in gradodi esaltare al massimo l&#8217;unicit\u00e0, la bellezza e la luce di ciascuna pietra.<\/span><\/p>\n<\/div>\n<p>&nbsp;<\/p>\n","protected":false},"excerpt":{"rendered":"<p>Bracciale Multicolour Leggero.<\/p>\n","protected":false},"featured_media":117523,"template":"","meta":{"_acf_changed":false},"product_brand":[],"product_cat":[28,2310,27],"product_tag":[],"class_list":{"0":"post-117522","1":"product","2":"type-product","3":"status-publish","4":"has-post-thumbnail","6":"product_cat-bracciali","7":"product_cat-donna","8":"product_cat-gioielli","9":"pa_brand-marco-bicego","10":"pa_collection-jaipur-colour","11":"pa_gender-donna","12":"pa_size-18-5","14":"first","15":"onbackorder","16":"shipping-taxable","17":"purchasable","18":"product-type-simple","19":"add-to-wishlist-before_image"},"acf":[],"yoast_head":"<!-- This site is optimized with the Yoast SEO plugin v27.5 - https:\/\/yoast.com\/product\/yoast-seo-wordpress\/ -->\n<title>Bracciale Jaipur Colour - Fecarotta Gioielli<\/title>\n<meta name=\"description\" content=\"Stai cercando Bracciale Jaipur Colour? Da Fecarotta Gioielli lo trovi. Entra nel sito, acquistalo e scopri tutti i nostri prodotti!\" \/>\n<meta name=\"robots\" content=\"index, follow, max-snippet:-1, max-image-preview:large, max-video-preview:-1\" \/>\n<link rel=\"canonical\" href=\"https:\/\/www.fecarotta.com\/it\/prodotto\/bracciale-jaipur-colour\/\" \/>\n<meta property=\"og:locale\" content=\"it_IT\" \/>\n<meta property=\"og:type\" content=\"article\" \/>\n<meta property=\"og:title\" content=\"Bracciale Jaipur Colour - Fecarotta Gioielli\" \/>\n<meta property=\"og:description\" content=\"Stai cercando Bracciale Jaipur Colour? Da Fecarotta Gioielli lo trovi. Entra nel sito, acquistalo e scopri tutti i nostri prodotti!\" \/>\n<meta property=\"og:url\" content=\"https:\/\/www.fecarotta.com\/it\/prodotto\/bracciale-jaipur-colour\/\" \/>\n<meta property=\"og:site_name\" content=\"Fecarotta Gioielli\" \/>\n<meta property=\"article:publisher\" content=\"https:\/\/www.facebook.com\/fecarottagioielli\" \/>\n<meta property=\"article:modified_time\" content=\"2026-04-22T09:24:01+00:00\" \/>\n<meta property=\"og:image\" content=\"https:\/\/storage1208.cdn-immedia.net\/wp-content\/uploads\/2023\/09\/BB1485-MIX01_Y_01_2048x.jpg\" \/>\n\t<meta property=\"og:image:width\" content=\"2000\" \/>\n\t<meta property=\"og:image:height\" content=\"2000\" \/>\n\t<meta property=\"og:image:type\" content=\"image\/jpeg\" \/>\n<meta name=\"twitter:card\" content=\"summary_large_image\" \/>\n<meta name=\"twitter:label1\" content=\"Tempo di lettura stimato\" \/>\n\t<meta name=\"twitter:data1\" content=\"1 minuto\" \/>\n<script type=\"application\/ld+json\" class=\"yoast-schema-graph\">{\"@context\":\"https:\\\/\\\/schema.org\",\"@graph\":[{\"@type\":\"WebPage\",\"@id\":\"https:\\\/\\\/www.fecarotta.com\\\/it\\\/prodotto\\\/bracciale-jaipur-colour\\\/\",\"url\":\"https:\\\/\\\/www.fecarotta.com\\\/it\\\/prodotto\\\/bracciale-jaipur-colour\\\/\",\"name\":\"Bracciale Jaipur Colour - Fecarotta Gioielli\",\"isPartOf\":{\"@id\":\"https:\\\/\\\/www.fecarotta.com\\\/it\\\/#website\"},\"primaryImageOfPage\":{\"@id\":\"https:\\\/\\\/www.fecarotta.com\\\/it\\\/prodotto\\\/bracciale-jaipur-colour\\\/#primaryimage\"},\"image\":{\"@id\":\"https:\\\/\\\/www.fecarotta.com\\\/it\\\/prodotto\\\/bracciale-jaipur-colour\\\/#primaryimage\"},\"thumbnailUrl\":\"https:\\\/\\\/www.fecarotta.com\\\/wp-content\\\/uploads\\\/2023\\\/09\\\/BB1485-MIX01_Y_01_2048x.jpg\",\"datePublished\":\"2023-08-30T15:14:01+00:00\",\"dateModified\":\"2026-04-22T09:24:01+00:00\",\"description\":\"Stai cercando Bracciale Jaipur Colour? Da Fecarotta Gioielli lo trovi. Entra nel sito, acquistalo e scopri tutti i nostri prodotti!\",\"breadcrumb\":{\"@id\":\"https:\\\/\\\/www.fecarotta.com\\\/it\\\/prodotto\\\/bracciale-jaipur-colour\\\/#breadcrumb\"},\"inLanguage\":\"it-IT\",\"potentialAction\":[{\"@type\":\"ReadAction\",\"target\":[\"https:\\\/\\\/www.fecarotta.com\\\/it\\\/prodotto\\\/bracciale-jaipur-colour\\\/\"]}]},{\"@type\":\"ImageObject\",\"inLanguage\":\"it-IT\",\"@id\":\"https:\\\/\\\/www.fecarotta.com\\\/it\\\/prodotto\\\/bracciale-jaipur-colour\\\/#primaryimage\",\"url\":\"https:\\\/\\\/www.fecarotta.com\\\/wp-content\\\/uploads\\\/2023\\\/09\\\/BB1485-MIX01_Y_01_2048x.jpg\",\"contentUrl\":\"https:\\\/\\\/www.fecarotta.com\\\/wp-content\\\/uploads\\\/2023\\\/09\\\/BB1485-MIX01_Y_01_2048x.jpg\",\"width\":2000,\"height\":2000},{\"@type\":\"BreadcrumbList\",\"@id\":\"https:\\\/\\\/www.fecarotta.com\\\/it\\\/prodotto\\\/bracciale-jaipur-colour\\\/#breadcrumb\",\"itemListElement\":[{\"@type\":\"ListItem\",\"position\":1,\"name\":\"Home\",\"item\":\"https:\\\/\\\/www.fecarotta.com\\\/it\\\/\"},{\"@type\":\"ListItem\",\"position\":2,\"name\":\"Negozio\",\"item\":\"https:\\\/\\\/www.fecarotta.com\\\/it\\\/negozio\\\/\"},{\"@type\":\"ListItem\",\"position\":3,\"name\":\"Bracciale Jaipur Colour\"}]},{\"@type\":\"WebSite\",\"@id\":\"https:\\\/\\\/www.fecarotta.com\\\/it\\\/#website\",\"url\":\"https:\\\/\\\/www.fecarotta.com\\\/it\\\/\",\"name\":\"Fecarotta Gioielli\",\"description\":\"\",\"publisher\":{\"@id\":\"https:\\\/\\\/www.fecarotta.com\\\/it\\\/#organization\"},\"potentialAction\":[{\"@type\":\"SearchAction\",\"target\":{\"@type\":\"EntryPoint\",\"urlTemplate\":\"https:\\\/\\\/www.fecarotta.com\\\/it\\\/?s={search_term_string}\"},\"query-input\":{\"@type\":\"PropertyValueSpecification\",\"valueRequired\":true,\"valueName\":\"search_term_string\"}}],\"inLanguage\":\"it-IT\"},{\"@type\":\"Organization\",\"@id\":\"https:\\\/\\\/www.fecarotta.com\\\/it\\\/#organization\",\"name\":\"Fecarotta Gioielli\",\"url\":\"https:\\\/\\\/www.fecarotta.com\\\/it\\\/\",\"logo\":{\"@type\":\"ImageObject\",\"inLanguage\":\"it-IT\",\"@id\":\"https:\\\/\\\/www.fecarotta.com\\\/it\\\/#\\\/schema\\\/logo\\\/image\\\/\",\"url\":\"https:\\\/\\\/www.fecarotta.com\\\/wp-content\\\/uploads\\\/2025\\\/03\\\/logo-gmb-fecarotta.jpg\",\"contentUrl\":\"https:\\\/\\\/www.fecarotta.com\\\/wp-content\\\/uploads\\\/2025\\\/03\\\/logo-gmb-fecarotta.jpg\",\"width\":500,\"height\":500,\"caption\":\"Fecarotta Gioielli\"},\"image\":{\"@id\":\"https:\\\/\\\/www.fecarotta.com\\\/it\\\/#\\\/schema\\\/logo\\\/image\\\/\"},\"sameAs\":[\"https:\\\/\\\/www.facebook.com\\\/fecarottagioielli\",\"http:\\\/\\\/www.instagram.com\\\/fecarotta.it\",\"https:\\\/\\\/www.linkedin.com\\\/company\\\/fecarotta-it\\\/\",\"https:\\\/\\\/api.whatsapp.com\\\/send?phone=393913323691&text=Salve, vorrei qualche informazione in merito ai vostri prodotti.\"]}]}<\/script>\n<!-- \/ Yoast SEO plugin. -->","yoast_head_json":{"title":"Bracciale Jaipur Colour - Fecarotta Gioielli","description":"Stai cercando Bracciale Jaipur Colour? Da Fecarotta Gioielli lo trovi. Entra nel sito, acquistalo e scopri tutti i nostri prodotti!","robots":{"index":"index","follow":"follow","max-snippet":"max-snippet:-1","max-image-preview":"max-image-preview:large","max-video-preview":"max-video-preview:-1"},"canonical":"https:\/\/www.fecarotta.com\/it\/prodotto\/bracciale-jaipur-colour\/","og_locale":"it_IT","og_type":"article","og_title":"Bracciale Jaipur Colour - Fecarotta Gioielli","og_description":"Stai cercando Bracciale Jaipur Colour? Da Fecarotta Gioielli lo trovi. Entra nel sito, acquistalo e scopri tutti i nostri prodotti!","og_url":"https:\/\/www.fecarotta.com\/it\/prodotto\/bracciale-jaipur-colour\/","og_site_name":"Fecarotta Gioielli","article_publisher":"https:\/\/www.facebook.com\/fecarottagioielli","article_modified_time":"2026-04-22T09:24:01+00:00","og_image":[{"width":2000,"height":2000,"url":"https:\/\/storage1208.cdn-immedia.net\/wp-content\/uploads\/2023\/09\/BB1485-MIX01_Y_01_2048x.jpg","type":"image\/jpeg"}],"twitter_card":"summary_large_image","twitter_misc":{"Tempo di lettura stimato":"1 minuto"},"schema":{"@context":"https:\/\/schema.org","@graph":[{"@type":"WebPage","@id":"https:\/\/www.fecarotta.com\/it\/prodotto\/bracciale-jaipur-colour\/","url":"https:\/\/www.fecarotta.com\/it\/prodotto\/bracciale-jaipur-colour\/","name":"Bracciale Jaipur Colour - Fecarotta Gioielli","isPartOf":{"@id":"https:\/\/www.fecarotta.com\/it\/#website"},"primaryImageOfPage":{"@id":"https:\/\/www.fecarotta.com\/it\/prodotto\/bracciale-jaipur-colour\/#primaryimage"},"image":{"@id":"https:\/\/www.fecarotta.com\/it\/prodotto\/bracciale-jaipur-colour\/#primaryimage"},"thumbnailUrl":"https:\/\/storage1208.cdn-immedia.net\/wp-content\/uploads\/2023\/09\/BB1485-MIX01_Y_01_2048x.jpg","datePublished":"2023-08-30T15:14:01+00:00","dateModified":"2026-04-22T09:24:01+00:00","description":"Stai cercando Bracciale Jaipur Colour? Da Fecarotta Gioielli lo trovi. Entra nel sito, acquistalo e scopri tutti i nostri prodotti!","breadcrumb":{"@id":"https:\/\/www.fecarotta.com\/it\/prodotto\/bracciale-jaipur-colour\/#breadcrumb"},"inLanguage":"it-IT","potentialAction":[{"@type":"ReadAction","target":["https:\/\/www.fecarotta.com\/it\/prodotto\/bracciale-jaipur-colour\/"]}]},{"@type":"ImageObject","inLanguage":"it-IT","@id":"https:\/\/www.fecarotta.com\/it\/prodotto\/bracciale-jaipur-colour\/#primaryimage","url":"https:\/\/storage1208.cdn-immedia.net\/wp-content\/uploads\/2023\/09\/BB1485-MIX01_Y_01_2048x.jpg","contentUrl":"https:\/\/storage1208.cdn-immedia.net\/wp-content\/uploads\/2023\/09\/BB1485-MIX01_Y_01_2048x.jpg","width":2000,"height":2000},{"@type":"BreadcrumbList","@id":"https:\/\/www.fecarotta.com\/it\/prodotto\/bracciale-jaipur-colour\/#breadcrumb","itemListElement":[{"@type":"ListItem","position":1,"name":"Home","item":"https:\/\/www.fecarotta.com\/it\/"},{"@type":"ListItem","position":2,"name":"Negozio","item":"https:\/\/www.fecarotta.com\/it\/negozio\/"},{"@type":"ListItem","position":3,"name":"Bracciale Jaipur Colour"}]},{"@type":"WebSite","@id":"https:\/\/www.fecarotta.com\/it\/#website","url":"https:\/\/www.fecarotta.com\/it\/","name":"Fecarotta Gioielli","description":"","publisher":{"@id":"https:\/\/www.fecarotta.com\/it\/#organization"},"potentialAction":[{"@type":"SearchAction","target":{"@type":"EntryPoint","urlTemplate":"https:\/\/www.fecarotta.com\/it\/?s={search_term_string}"},"query-input":{"@type":"PropertyValueSpecification","valueRequired":true,"valueName":"search_term_string"}}],"inLanguage":"it-IT"},{"@type":"Organization","@id":"https:\/\/www.fecarotta.com\/it\/#organization","name":"Fecarotta Gioielli","url":"https:\/\/www.fecarotta.com\/it\/","logo":{"@type":"ImageObject","inLanguage":"it-IT","@id":"https:\/\/www.fecarotta.com\/it\/#\/schema\/logo\/image\/","url":"https:\/\/storage1208.cdn-immedia.net\/wp-content\/uploads\/2025\/03\/logo-gmb-fecarotta.jpg","contentUrl":"https:\/\/storage1208.cdn-immedia.net\/wp-content\/uploads\/2025\/03\/logo-gmb-fecarotta.jpg","width":500,"height":500,"caption":"Fecarotta Gioielli"},"image":{"@id":"https:\/\/www.fecarotta.com\/it\/#\/schema\/logo\/image\/"},"sameAs":["https:\/\/www.facebook.com\/fecarottagioielli","http:\/\/www.instagram.com\/fecarotta.it","https:\/\/www.linkedin.com\/company\/fecarotta-it\/","https:\/\/api.whatsapp.com\/send?phone=393913323691&text=Salve, vorrei qualche informazione in merito ai vostri prodotti."]}]}},"_links":{"self":[{"href":"https:\/\/www.fecarotta.com\/it\/wp-json\/wp\/v2\/product\/117522","targetHints":{"allow":["GET"]}}],"collection":[{"href":"https:\/\/www.fecarotta.com\/it\/wp-json\/wp\/v2\/product"}],"about":[{"href":"https:\/\/www.fecarotta.com\/it\/wp-json\/wp\/v2\/types\/product"}],"wp:featuredmedia":[{"embeddable":true,"href":"https:\/\/www.fecarotta.com\/it\/wp-json\/wp\/v2\/media\/117523"}],"wp:attachment":[{"href":"https:\/\/www.fecarotta.com\/it\/wp-json\/wp\/v2\/media?parent=117522"}],"wp:term":[{"taxonomy":"product_brand","embeddable":true,"href":"https:\/\/www.fecarotta.com\/it\/wp-json\/wp\/v2\/product_brand?post=117522"},{"taxonomy":"product_cat","embeddable":true,"href":"https:\/\/www.fecarotta.com\/it\/wp-json\/wp\/v2\/product_cat?post=117522"},{"taxonomy":"product_tag","embeddable":true,"href":"https:\/\/www.fecarotta.com\/it\/wp-json\/wp\/v2\/product_tag?post=117522"}],"curies":[{"name":"wp","href":"https:\/\/api.w.org\/{rel}","templated":true}]}}