{"id":117422,"date":"2023-08-30T15:13:40","date_gmt":"2023-08-30T15:13:40","guid":{"rendered":"https:\/\/www.fecarotta.com\/?post_type=product&#038;p=117422"},"modified":"2026-03-16T17:36:18","modified_gmt":"2026-03-16T17:36:18","slug":"orecchini-chandelier-multicolore","status":"publish","type":"product","link":"https:\/\/www.fecarotta.com\/it\/prodotto\/orecchini-chandelier-multicolore\/","title":{"rendered":"Orecchini Chandelier Multicolore"},"content":{"rendered":"<p>Questo orecchino celebra l\u2019amore del designer per gli abbinamenti cromatici originali: monta una selezione di gemme di diverso colore, accuratamente selezionate per intensit\u00e0 e purezza, impreziosite da una ghiera d&#8217;oro giallo 18kt finemente incisa a mano con l\u2019antica tecnica del bulino millerighe.<\/p>\n<p>&nbsp;<\/p>\n<p>&nbsp;<\/p>\n<p>Ispirata alla Citt\u00e0 Rosa nel nord dell&#8217;India, lacollezione JAIPUR COLOUR unisce la pi\u00f9 squisita maestria artigianale a gemme naturalidi qualit\u00e0 superiore, dalla pi\u00f9 straordinaria gamma di colori e dal tipicotaglio a rosetta. \u00c8 un omaggio alla bellezza radiosa delle pietre preziose intutta la loro favolosa carica di luci e colori. Le gemme naturali provengono daJaipur, la capitale del Rajasthan famosa per i suoi edifici di quarzite rosa.Qui il processo del taglio delle pietre \u00e8 stato perfezionato nel corso deisecoli da incisori specializzati, abili nel trovare il taglio ideale in gradodi esaltare al massimo l&#8217;unicit\u00e0, la bellezza e la luce di ciascuna pietra.<\/p>\n","protected":false},"excerpt":{"rendered":"<p>Orecchini chandelier multicolore.<\/p>\n","protected":false},"featured_media":117423,"template":"","meta":{"_acf_changed":false},"product_brand":[],"product_cat":[27,35],"product_tag":[],"class_list":{"0":"post-117422","1":"product","2":"type-product","3":"status-publish","4":"has-post-thumbnail","6":"product_cat-gioielli","7":"product_cat-orecchini-2-jewels","8":"pa_brand-marco-bicego","9":"pa_collection-jaipur-colour","10":"pa_gender-donna","12":"first","13":"instock","14":"shipping-taxable","15":"purchasable","16":"product-type-simple","17":"add-to-wishlist-before_image"},"acf":[],"yoast_head":"<!-- This site is optimized with the Yoast SEO plugin v27.5 - https:\/\/yoast.com\/product\/yoast-seo-wordpress\/ -->\n<title>Orecchini Chandelier Multicolore - Fecarotta Gioielli<\/title>\n<meta name=\"description\" content=\"Stai cercando Orecchini Chandelier Multicolore? Da Fecarotta Gioielli lo trovi. Entra nel sito, acquistalo e scopri tutti i nostri prodotti!\" \/>\n<meta name=\"robots\" content=\"index, follow, max-snippet:-1, max-image-preview:large, max-video-preview:-1\" \/>\n<link rel=\"canonical\" href=\"https:\/\/www.fecarotta.com\/it\/prodotto\/orecchini-chandelier-multicolore\/\" \/>\n<meta property=\"og:locale\" content=\"it_IT\" \/>\n<meta property=\"og:type\" content=\"article\" \/>\n<meta property=\"og:title\" content=\"Orecchini Chandelier Multicolore - Fecarotta Gioielli\" \/>\n<meta property=\"og:description\" content=\"Stai cercando Orecchini Chandelier Multicolore? Da Fecarotta Gioielli lo trovi. Entra nel sito, acquistalo e scopri tutti i nostri prodotti!\" \/>\n<meta property=\"og:url\" content=\"https:\/\/www.fecarotta.com\/it\/prodotto\/orecchini-chandelier-multicolore\/\" \/>\n<meta property=\"og:site_name\" content=\"Fecarotta Gioielli\" \/>\n<meta property=\"article:publisher\" content=\"https:\/\/www.facebook.com\/fecarottagioielli\" \/>\n<meta property=\"article:modified_time\" content=\"2026-03-16T17:36:18+00:00\" \/>\n<meta property=\"og:image\" content=\"https:\/\/storage1208.cdn-immedia.net\/wp-content\/uploads\/2023\/08\/OB901_MIX01_Y_02.jpg\" \/>\n\t<meta property=\"og:image:width\" content=\"2000\" \/>\n\t<meta property=\"og:image:height\" content=\"2000\" \/>\n\t<meta property=\"og:image:type\" content=\"image\/jpeg\" \/>\n<meta name=\"twitter:card\" content=\"summary_large_image\" \/>\n<meta name=\"twitter:label1\" content=\"Tempo di lettura stimato\" \/>\n\t<meta name=\"twitter:data1\" content=\"1 minuto\" \/>\n<script type=\"application\/ld+json\" class=\"yoast-schema-graph\">{\"@context\":\"https:\\\/\\\/schema.org\",\"@graph\":[{\"@type\":\"WebPage\",\"@id\":\"https:\\\/\\\/www.fecarotta.com\\\/it\\\/prodotto\\\/orecchini-chandelier-multicolore\\\/\",\"url\":\"https:\\\/\\\/www.fecarotta.com\\\/it\\\/prodotto\\\/orecchini-chandelier-multicolore\\\/\",\"name\":\"Orecchini Chandelier Multicolore - Fecarotta Gioielli\",\"isPartOf\":{\"@id\":\"https:\\\/\\\/www.fecarotta.com\\\/it\\\/#website\"},\"primaryImageOfPage\":{\"@id\":\"https:\\\/\\\/www.fecarotta.com\\\/it\\\/prodotto\\\/orecchini-chandelier-multicolore\\\/#primaryimage\"},\"image\":{\"@id\":\"https:\\\/\\\/www.fecarotta.com\\\/it\\\/prodotto\\\/orecchini-chandelier-multicolore\\\/#primaryimage\"},\"thumbnailUrl\":\"https:\\\/\\\/www.fecarotta.com\\\/wp-content\\\/uploads\\\/2023\\\/08\\\/OB901_MIX01_Y_02.jpg\",\"datePublished\":\"2023-08-30T15:13:40+00:00\",\"dateModified\":\"2026-03-16T17:36:18+00:00\",\"description\":\"Stai cercando Orecchini Chandelier Multicolore? Da Fecarotta Gioielli lo trovi. Entra nel sito, acquistalo e scopri tutti i nostri prodotti!\",\"breadcrumb\":{\"@id\":\"https:\\\/\\\/www.fecarotta.com\\\/it\\\/prodotto\\\/orecchini-chandelier-multicolore\\\/#breadcrumb\"},\"inLanguage\":\"it-IT\",\"potentialAction\":[{\"@type\":\"ReadAction\",\"target\":[\"https:\\\/\\\/www.fecarotta.com\\\/it\\\/prodotto\\\/orecchini-chandelier-multicolore\\\/\"]}]},{\"@type\":\"ImageObject\",\"inLanguage\":\"it-IT\",\"@id\":\"https:\\\/\\\/www.fecarotta.com\\\/it\\\/prodotto\\\/orecchini-chandelier-multicolore\\\/#primaryimage\",\"url\":\"https:\\\/\\\/www.fecarotta.com\\\/wp-content\\\/uploads\\\/2023\\\/08\\\/OB901_MIX01_Y_02.jpg\",\"contentUrl\":\"https:\\\/\\\/www.fecarotta.com\\\/wp-content\\\/uploads\\\/2023\\\/08\\\/OB901_MIX01_Y_02.jpg\",\"width\":2000,\"height\":2000},{\"@type\":\"BreadcrumbList\",\"@id\":\"https:\\\/\\\/www.fecarotta.com\\\/it\\\/prodotto\\\/orecchini-chandelier-multicolore\\\/#breadcrumb\",\"itemListElement\":[{\"@type\":\"ListItem\",\"position\":1,\"name\":\"Home\",\"item\":\"https:\\\/\\\/www.fecarotta.com\\\/it\\\/\"},{\"@type\":\"ListItem\",\"position\":2,\"name\":\"Negozio\",\"item\":\"https:\\\/\\\/www.fecarotta.com\\\/it\\\/negozio\\\/\"},{\"@type\":\"ListItem\",\"position\":3,\"name\":\"Orecchini Chandelier Multicolore\"}]},{\"@type\":\"WebSite\",\"@id\":\"https:\\\/\\\/www.fecarotta.com\\\/it\\\/#website\",\"url\":\"https:\\\/\\\/www.fecarotta.com\\\/it\\\/\",\"name\":\"Fecarotta Gioielli\",\"description\":\"\",\"publisher\":{\"@id\":\"https:\\\/\\\/www.fecarotta.com\\\/it\\\/#organization\"},\"potentialAction\":[{\"@type\":\"SearchAction\",\"target\":{\"@type\":\"EntryPoint\",\"urlTemplate\":\"https:\\\/\\\/www.fecarotta.com\\\/it\\\/?s={search_term_string}\"},\"query-input\":{\"@type\":\"PropertyValueSpecification\",\"valueRequired\":true,\"valueName\":\"search_term_string\"}}],\"inLanguage\":\"it-IT\"},{\"@type\":\"Organization\",\"@id\":\"https:\\\/\\\/www.fecarotta.com\\\/it\\\/#organization\",\"name\":\"Fecarotta Gioielli\",\"url\":\"https:\\\/\\\/www.fecarotta.com\\\/it\\\/\",\"logo\":{\"@type\":\"ImageObject\",\"inLanguage\":\"it-IT\",\"@id\":\"https:\\\/\\\/www.fecarotta.com\\\/it\\\/#\\\/schema\\\/logo\\\/image\\\/\",\"url\":\"https:\\\/\\\/www.fecarotta.com\\\/wp-content\\\/uploads\\\/2025\\\/03\\\/logo-gmb-fecarotta.jpg\",\"contentUrl\":\"https:\\\/\\\/www.fecarotta.com\\\/wp-content\\\/uploads\\\/2025\\\/03\\\/logo-gmb-fecarotta.jpg\",\"width\":500,\"height\":500,\"caption\":\"Fecarotta Gioielli\"},\"image\":{\"@id\":\"https:\\\/\\\/www.fecarotta.com\\\/it\\\/#\\\/schema\\\/logo\\\/image\\\/\"},\"sameAs\":[\"https:\\\/\\\/www.facebook.com\\\/fecarottagioielli\",\"http:\\\/\\\/www.instagram.com\\\/fecarotta.it\",\"https:\\\/\\\/www.linkedin.com\\\/company\\\/fecarotta-it\\\/\",\"https:\\\/\\\/api.whatsapp.com\\\/send?phone=393913323691&text=Salve, vorrei qualche informazione in merito ai vostri prodotti.\"]}]}<\/script>\n<!-- \/ Yoast SEO plugin. -->","yoast_head_json":{"title":"Orecchini Chandelier Multicolore - Fecarotta Gioielli","description":"Stai cercando Orecchini Chandelier Multicolore? Da Fecarotta Gioielli lo trovi. Entra nel sito, acquistalo e scopri tutti i nostri prodotti!","robots":{"index":"index","follow":"follow","max-snippet":"max-snippet:-1","max-image-preview":"max-image-preview:large","max-video-preview":"max-video-preview:-1"},"canonical":"https:\/\/www.fecarotta.com\/it\/prodotto\/orecchini-chandelier-multicolore\/","og_locale":"it_IT","og_type":"article","og_title":"Orecchini Chandelier Multicolore - Fecarotta Gioielli","og_description":"Stai cercando Orecchini Chandelier Multicolore? Da Fecarotta Gioielli lo trovi. Entra nel sito, acquistalo e scopri tutti i nostri prodotti!","og_url":"https:\/\/www.fecarotta.com\/it\/prodotto\/orecchini-chandelier-multicolore\/","og_site_name":"Fecarotta Gioielli","article_publisher":"https:\/\/www.facebook.com\/fecarottagioielli","article_modified_time":"2026-03-16T17:36:18+00:00","og_image":[{"width":2000,"height":2000,"url":"https:\/\/storage1208.cdn-immedia.net\/wp-content\/uploads\/2023\/08\/OB901_MIX01_Y_02.jpg","type":"image\/jpeg"}],"twitter_card":"summary_large_image","twitter_misc":{"Tempo di lettura stimato":"1 minuto"},"schema":{"@context":"https:\/\/schema.org","@graph":[{"@type":"WebPage","@id":"https:\/\/www.fecarotta.com\/it\/prodotto\/orecchini-chandelier-multicolore\/","url":"https:\/\/www.fecarotta.com\/it\/prodotto\/orecchini-chandelier-multicolore\/","name":"Orecchini Chandelier Multicolore - Fecarotta Gioielli","isPartOf":{"@id":"https:\/\/www.fecarotta.com\/it\/#website"},"primaryImageOfPage":{"@id":"https:\/\/www.fecarotta.com\/it\/prodotto\/orecchini-chandelier-multicolore\/#primaryimage"},"image":{"@id":"https:\/\/www.fecarotta.com\/it\/prodotto\/orecchini-chandelier-multicolore\/#primaryimage"},"thumbnailUrl":"https:\/\/storage1208.cdn-immedia.net\/wp-content\/uploads\/2023\/08\/OB901_MIX01_Y_02.jpg","datePublished":"2023-08-30T15:13:40+00:00","dateModified":"2026-03-16T17:36:18+00:00","description":"Stai cercando Orecchini Chandelier Multicolore? Da Fecarotta Gioielli lo trovi. Entra nel sito, acquistalo e scopri tutti i nostri prodotti!","breadcrumb":{"@id":"https:\/\/www.fecarotta.com\/it\/prodotto\/orecchini-chandelier-multicolore\/#breadcrumb"},"inLanguage":"it-IT","potentialAction":[{"@type":"ReadAction","target":["https:\/\/www.fecarotta.com\/it\/prodotto\/orecchini-chandelier-multicolore\/"]}]},{"@type":"ImageObject","inLanguage":"it-IT","@id":"https:\/\/www.fecarotta.com\/it\/prodotto\/orecchini-chandelier-multicolore\/#primaryimage","url":"https:\/\/storage1208.cdn-immedia.net\/wp-content\/uploads\/2023\/08\/OB901_MIX01_Y_02.jpg","contentUrl":"https:\/\/storage1208.cdn-immedia.net\/wp-content\/uploads\/2023\/08\/OB901_MIX01_Y_02.jpg","width":2000,"height":2000},{"@type":"BreadcrumbList","@id":"https:\/\/www.fecarotta.com\/it\/prodotto\/orecchini-chandelier-multicolore\/#breadcrumb","itemListElement":[{"@type":"ListItem","position":1,"name":"Home","item":"https:\/\/www.fecarotta.com\/it\/"},{"@type":"ListItem","position":2,"name":"Negozio","item":"https:\/\/www.fecarotta.com\/it\/negozio\/"},{"@type":"ListItem","position":3,"name":"Orecchini Chandelier Multicolore"}]},{"@type":"WebSite","@id":"https:\/\/www.fecarotta.com\/it\/#website","url":"https:\/\/www.fecarotta.com\/it\/","name":"Fecarotta Gioielli","description":"","publisher":{"@id":"https:\/\/www.fecarotta.com\/it\/#organization"},"potentialAction":[{"@type":"SearchAction","target":{"@type":"EntryPoint","urlTemplate":"https:\/\/www.fecarotta.com\/it\/?s={search_term_string}"},"query-input":{"@type":"PropertyValueSpecification","valueRequired":true,"valueName":"search_term_string"}}],"inLanguage":"it-IT"},{"@type":"Organization","@id":"https:\/\/www.fecarotta.com\/it\/#organization","name":"Fecarotta Gioielli","url":"https:\/\/www.fecarotta.com\/it\/","logo":{"@type":"ImageObject","inLanguage":"it-IT","@id":"https:\/\/www.fecarotta.com\/it\/#\/schema\/logo\/image\/","url":"https:\/\/storage1208.cdn-immedia.net\/wp-content\/uploads\/2025\/03\/logo-gmb-fecarotta.jpg","contentUrl":"https:\/\/storage1208.cdn-immedia.net\/wp-content\/uploads\/2025\/03\/logo-gmb-fecarotta.jpg","width":500,"height":500,"caption":"Fecarotta Gioielli"},"image":{"@id":"https:\/\/www.fecarotta.com\/it\/#\/schema\/logo\/image\/"},"sameAs":["https:\/\/www.facebook.com\/fecarottagioielli","http:\/\/www.instagram.com\/fecarotta.it","https:\/\/www.linkedin.com\/company\/fecarotta-it\/","https:\/\/api.whatsapp.com\/send?phone=393913323691&text=Salve, vorrei qualche informazione in merito ai vostri prodotti."]}]}},"_links":{"self":[{"href":"https:\/\/www.fecarotta.com\/it\/wp-json\/wp\/v2\/product\/117422","targetHints":{"allow":["GET"]}}],"collection":[{"href":"https:\/\/www.fecarotta.com\/it\/wp-json\/wp\/v2\/product"}],"about":[{"href":"https:\/\/www.fecarotta.com\/it\/wp-json\/wp\/v2\/types\/product"}],"wp:featuredmedia":[{"embeddable":true,"href":"https:\/\/www.fecarotta.com\/it\/wp-json\/wp\/v2\/media\/117423"}],"wp:attachment":[{"href":"https:\/\/www.fecarotta.com\/it\/wp-json\/wp\/v2\/media?parent=117422"}],"wp:term":[{"taxonomy":"product_brand","embeddable":true,"href":"https:\/\/www.fecarotta.com\/it\/wp-json\/wp\/v2\/product_brand?post=117422"},{"taxonomy":"product_cat","embeddable":true,"href":"https:\/\/www.fecarotta.com\/it\/wp-json\/wp\/v2\/product_cat?post=117422"},{"taxonomy":"product_tag","embeddable":true,"href":"https:\/\/www.fecarotta.com\/it\/wp-json\/wp\/v2\/product_tag?post=117422"}],"curies":[{"name":"wp","href":"https:\/\/api.w.org\/{rel}","templated":true}]}}