{"id":117396,"date":"2023-08-29T17:23:13","date_gmt":"2023-08-29T17:23:13","guid":{"rendered":"https:\/\/www.fecarotta.com\/?post_type=product&#038;p=117396"},"modified":"2026-02-20T17:51:32","modified_gmt":"2026-02-20T17:51:32","slug":"orecchini-siviglia-doppi-con-diamanti","status":"publish","type":"product","link":"https:\/\/www.fecarotta.com\/it\/prodotto\/orecchini-siviglia-doppi-con-diamanti\/","title":{"rendered":"Orecchini Siviglia Doppi con diamanti"},"content":{"rendered":"<p>Delicato e senza tempo, questo orecchino in oro giallo 18kt, finemente inciso a mano con l&#8217;antica tecnica del bulino millerighe, \u00e8 composto da due piccoli ovali, impreziositi da un elegante pav\u00e9 di diamanti taglio brillante.<\/p>\n<p>&nbsp;<\/p>\n<p>&nbsp;<\/p>\n<div class=\"rte align-left cc-fade-in-up cc-animate-init -in cc-animate-complete\" data-cc-animate=\"cc-fade-in-up\" data-cc-animate-delay=\"0.3s\">\n<p><span class=\"metafield-multi_line_text_field\">La collezione SIVIGLIA \u00e8 un omaggio alla cultura andalusa ed \u00e8 ispirata dalle sfumature e dalle tradizioni di questa citt\u00e0 magica. Sottili catene d\u2019oro giallo 18 carati intervallate da piccole ovaline baroccate, incise a mano e talvolta impreziosite da pav\u00e9 di diamanti. Nell\u2019insieme il design risulta essenziale e delicato, ma \u00e8 reso speciale dalle forme irregolari e volutamente imperfette delle ovaline e dai riflessi vellutati dell\u2019oro giallo inciso a mano, che restituisce un\u2019infinita modulazione di luci e di toni.<\/span><\/p>\n<\/div>\n","protected":false},"excerpt":{"rendered":"<p>Orecchini doppi con diamanti.<\/p>\n","protected":false},"featured_media":117397,"template":"","meta":{"_acf_changed":false},"product_brand":[],"product_cat":[2310,27,35],"product_tag":[],"class_list":{"0":"post-117396","1":"product","2":"type-product","3":"status-publish","4":"has-post-thumbnail","6":"product_cat-donna","7":"product_cat-gioielli","8":"product_cat-orecchini-2-jewels","9":"pa_brand-marco-bicego","10":"pa_collection-siviglia","11":"pa_gender-donna","13":"first","14":"onbackorder","15":"shipping-taxable","16":"purchasable","17":"product-type-simple","18":"add-to-wishlist-before_image"},"acf":[],"yoast_head":"<!-- This site is optimized with the Yoast SEO plugin v27.5 - https:\/\/yoast.com\/product\/yoast-seo-wordpress\/ -->\n<title>Orecchini Siviglia Doppi con diamanti - Fecarotta Gioielli<\/title>\n<meta name=\"description\" content=\"Stai cercando Orecchini Siviglia Doppi con diamanti? Da Fecarotta Gioielli lo trovi. Entra nel sito, acquistalo e scopri tutti i nostri prodotti!\" \/>\n<meta name=\"robots\" content=\"index, follow, max-snippet:-1, max-image-preview:large, max-video-preview:-1\" \/>\n<link rel=\"canonical\" href=\"https:\/\/www.fecarotta.com\/it\/prodotto\/orecchini-siviglia-doppi-con-diamanti\/\" \/>\n<meta property=\"og:locale\" content=\"it_IT\" \/>\n<meta property=\"og:type\" content=\"article\" \/>\n<meta property=\"og:title\" content=\"Orecchini Siviglia Doppi con diamanti - Fecarotta Gioielli\" \/>\n<meta property=\"og:description\" content=\"Stai cercando Orecchini Siviglia Doppi con diamanti? Da Fecarotta Gioielli lo trovi. Entra nel sito, acquistalo e scopri tutti i nostri prodotti!\" \/>\n<meta property=\"og:url\" content=\"https:\/\/www.fecarotta.com\/it\/prodotto\/orecchini-siviglia-doppi-con-diamanti\/\" \/>\n<meta property=\"og:site_name\" content=\"Fecarotta Gioielli\" \/>\n<meta property=\"article:publisher\" content=\"https:\/\/www.facebook.com\/fecarottagioielli\" \/>\n<meta property=\"article:modified_time\" content=\"2026-02-20T17:51:32+00:00\" \/>\n<meta property=\"og:image\" content=\"https:\/\/storage1208.cdn-immedia.net\/wp-content\/uploads\/2023\/08\/OB1289_B_YW_Q6_01.jpg\" \/>\n\t<meta property=\"og:image:width\" content=\"2000\" \/>\n\t<meta property=\"og:image:height\" content=\"2000\" \/>\n\t<meta property=\"og:image:type\" content=\"image\/jpeg\" \/>\n<meta name=\"twitter:card\" content=\"summary_large_image\" \/>\n<meta name=\"twitter:label1\" content=\"Tempo di lettura stimato\" \/>\n\t<meta name=\"twitter:data1\" content=\"1 minuto\" \/>\n<script type=\"application\/ld+json\" class=\"yoast-schema-graph\">{\"@context\":\"https:\\\/\\\/schema.org\",\"@graph\":[{\"@type\":\"WebPage\",\"@id\":\"https:\\\/\\\/www.fecarotta.com\\\/it\\\/prodotto\\\/orecchini-siviglia-doppi-con-diamanti\\\/\",\"url\":\"https:\\\/\\\/www.fecarotta.com\\\/it\\\/prodotto\\\/orecchini-siviglia-doppi-con-diamanti\\\/\",\"name\":\"Orecchini Siviglia Doppi con diamanti - Fecarotta Gioielli\",\"isPartOf\":{\"@id\":\"https:\\\/\\\/www.fecarotta.com\\\/it\\\/#website\"},\"primaryImageOfPage\":{\"@id\":\"https:\\\/\\\/www.fecarotta.com\\\/it\\\/prodotto\\\/orecchini-siviglia-doppi-con-diamanti\\\/#primaryimage\"},\"image\":{\"@id\":\"https:\\\/\\\/www.fecarotta.com\\\/it\\\/prodotto\\\/orecchini-siviglia-doppi-con-diamanti\\\/#primaryimage\"},\"thumbnailUrl\":\"https:\\\/\\\/www.fecarotta.com\\\/wp-content\\\/uploads\\\/2023\\\/08\\\/OB1289_B_YW_Q6_01.jpg\",\"datePublished\":\"2023-08-29T17:23:13+00:00\",\"dateModified\":\"2026-02-20T17:51:32+00:00\",\"description\":\"Stai cercando Orecchini Siviglia Doppi con diamanti? Da Fecarotta Gioielli lo trovi. Entra nel sito, acquistalo e scopri tutti i nostri prodotti!\",\"breadcrumb\":{\"@id\":\"https:\\\/\\\/www.fecarotta.com\\\/it\\\/prodotto\\\/orecchini-siviglia-doppi-con-diamanti\\\/#breadcrumb\"},\"inLanguage\":\"it-IT\",\"potentialAction\":[{\"@type\":\"ReadAction\",\"target\":[\"https:\\\/\\\/www.fecarotta.com\\\/it\\\/prodotto\\\/orecchini-siviglia-doppi-con-diamanti\\\/\"]}]},{\"@type\":\"ImageObject\",\"inLanguage\":\"it-IT\",\"@id\":\"https:\\\/\\\/www.fecarotta.com\\\/it\\\/prodotto\\\/orecchini-siviglia-doppi-con-diamanti\\\/#primaryimage\",\"url\":\"https:\\\/\\\/www.fecarotta.com\\\/wp-content\\\/uploads\\\/2023\\\/08\\\/OB1289_B_YW_Q6_01.jpg\",\"contentUrl\":\"https:\\\/\\\/www.fecarotta.com\\\/wp-content\\\/uploads\\\/2023\\\/08\\\/OB1289_B_YW_Q6_01.jpg\",\"width\":2000,\"height\":2000},{\"@type\":\"BreadcrumbList\",\"@id\":\"https:\\\/\\\/www.fecarotta.com\\\/it\\\/prodotto\\\/orecchini-siviglia-doppi-con-diamanti\\\/#breadcrumb\",\"itemListElement\":[{\"@type\":\"ListItem\",\"position\":1,\"name\":\"Home\",\"item\":\"https:\\\/\\\/www.fecarotta.com\\\/it\\\/\"},{\"@type\":\"ListItem\",\"position\":2,\"name\":\"Negozio\",\"item\":\"https:\\\/\\\/www.fecarotta.com\\\/it\\\/negozio\\\/\"},{\"@type\":\"ListItem\",\"position\":3,\"name\":\"Orecchini Siviglia Doppi con diamanti\"}]},{\"@type\":\"WebSite\",\"@id\":\"https:\\\/\\\/www.fecarotta.com\\\/it\\\/#website\",\"url\":\"https:\\\/\\\/www.fecarotta.com\\\/it\\\/\",\"name\":\"Fecarotta Gioielli\",\"description\":\"\",\"publisher\":{\"@id\":\"https:\\\/\\\/www.fecarotta.com\\\/it\\\/#organization\"},\"potentialAction\":[{\"@type\":\"SearchAction\",\"target\":{\"@type\":\"EntryPoint\",\"urlTemplate\":\"https:\\\/\\\/www.fecarotta.com\\\/it\\\/?s={search_term_string}\"},\"query-input\":{\"@type\":\"PropertyValueSpecification\",\"valueRequired\":true,\"valueName\":\"search_term_string\"}}],\"inLanguage\":\"it-IT\"},{\"@type\":\"Organization\",\"@id\":\"https:\\\/\\\/www.fecarotta.com\\\/it\\\/#organization\",\"name\":\"Fecarotta Gioielli\",\"url\":\"https:\\\/\\\/www.fecarotta.com\\\/it\\\/\",\"logo\":{\"@type\":\"ImageObject\",\"inLanguage\":\"it-IT\",\"@id\":\"https:\\\/\\\/www.fecarotta.com\\\/it\\\/#\\\/schema\\\/logo\\\/image\\\/\",\"url\":\"https:\\\/\\\/www.fecarotta.com\\\/wp-content\\\/uploads\\\/2025\\\/03\\\/logo-gmb-fecarotta.jpg\",\"contentUrl\":\"https:\\\/\\\/www.fecarotta.com\\\/wp-content\\\/uploads\\\/2025\\\/03\\\/logo-gmb-fecarotta.jpg\",\"width\":500,\"height\":500,\"caption\":\"Fecarotta Gioielli\"},\"image\":{\"@id\":\"https:\\\/\\\/www.fecarotta.com\\\/it\\\/#\\\/schema\\\/logo\\\/image\\\/\"},\"sameAs\":[\"https:\\\/\\\/www.facebook.com\\\/fecarottagioielli\",\"http:\\\/\\\/www.instagram.com\\\/fecarotta.it\",\"https:\\\/\\\/www.linkedin.com\\\/company\\\/fecarotta-it\\\/\",\"https:\\\/\\\/api.whatsapp.com\\\/send?phone=393913323691&text=Salve, vorrei qualche informazione in merito ai vostri prodotti.\"]}]}<\/script>\n<!-- \/ Yoast SEO plugin. -->","yoast_head_json":{"title":"Orecchini Siviglia Doppi con diamanti - Fecarotta Gioielli","description":"Stai cercando Orecchini Siviglia Doppi con diamanti? Da Fecarotta Gioielli lo trovi. Entra nel sito, acquistalo e scopri tutti i nostri prodotti!","robots":{"index":"index","follow":"follow","max-snippet":"max-snippet:-1","max-image-preview":"max-image-preview:large","max-video-preview":"max-video-preview:-1"},"canonical":"https:\/\/www.fecarotta.com\/it\/prodotto\/orecchini-siviglia-doppi-con-diamanti\/","og_locale":"it_IT","og_type":"article","og_title":"Orecchini Siviglia Doppi con diamanti - Fecarotta Gioielli","og_description":"Stai cercando Orecchini Siviglia Doppi con diamanti? Da Fecarotta Gioielli lo trovi. Entra nel sito, acquistalo e scopri tutti i nostri prodotti!","og_url":"https:\/\/www.fecarotta.com\/it\/prodotto\/orecchini-siviglia-doppi-con-diamanti\/","og_site_name":"Fecarotta Gioielli","article_publisher":"https:\/\/www.facebook.com\/fecarottagioielli","article_modified_time":"2026-02-20T17:51:32+00:00","og_image":[{"width":2000,"height":2000,"url":"https:\/\/storage1208.cdn-immedia.net\/wp-content\/uploads\/2023\/08\/OB1289_B_YW_Q6_01.jpg","type":"image\/jpeg"}],"twitter_card":"summary_large_image","twitter_misc":{"Tempo di lettura stimato":"1 minuto"},"schema":{"@context":"https:\/\/schema.org","@graph":[{"@type":"WebPage","@id":"https:\/\/www.fecarotta.com\/it\/prodotto\/orecchini-siviglia-doppi-con-diamanti\/","url":"https:\/\/www.fecarotta.com\/it\/prodotto\/orecchini-siviglia-doppi-con-diamanti\/","name":"Orecchini Siviglia Doppi con diamanti - Fecarotta Gioielli","isPartOf":{"@id":"https:\/\/www.fecarotta.com\/it\/#website"},"primaryImageOfPage":{"@id":"https:\/\/www.fecarotta.com\/it\/prodotto\/orecchini-siviglia-doppi-con-diamanti\/#primaryimage"},"image":{"@id":"https:\/\/www.fecarotta.com\/it\/prodotto\/orecchini-siviglia-doppi-con-diamanti\/#primaryimage"},"thumbnailUrl":"https:\/\/storage1208.cdn-immedia.net\/wp-content\/uploads\/2023\/08\/OB1289_B_YW_Q6_01.jpg","datePublished":"2023-08-29T17:23:13+00:00","dateModified":"2026-02-20T17:51:32+00:00","description":"Stai cercando Orecchini Siviglia Doppi con diamanti? Da Fecarotta Gioielli lo trovi. Entra nel sito, acquistalo e scopri tutti i nostri prodotti!","breadcrumb":{"@id":"https:\/\/www.fecarotta.com\/it\/prodotto\/orecchini-siviglia-doppi-con-diamanti\/#breadcrumb"},"inLanguage":"it-IT","potentialAction":[{"@type":"ReadAction","target":["https:\/\/www.fecarotta.com\/it\/prodotto\/orecchini-siviglia-doppi-con-diamanti\/"]}]},{"@type":"ImageObject","inLanguage":"it-IT","@id":"https:\/\/www.fecarotta.com\/it\/prodotto\/orecchini-siviglia-doppi-con-diamanti\/#primaryimage","url":"https:\/\/storage1208.cdn-immedia.net\/wp-content\/uploads\/2023\/08\/OB1289_B_YW_Q6_01.jpg","contentUrl":"https:\/\/storage1208.cdn-immedia.net\/wp-content\/uploads\/2023\/08\/OB1289_B_YW_Q6_01.jpg","width":2000,"height":2000},{"@type":"BreadcrumbList","@id":"https:\/\/www.fecarotta.com\/it\/prodotto\/orecchini-siviglia-doppi-con-diamanti\/#breadcrumb","itemListElement":[{"@type":"ListItem","position":1,"name":"Home","item":"https:\/\/www.fecarotta.com\/it\/"},{"@type":"ListItem","position":2,"name":"Negozio","item":"https:\/\/www.fecarotta.com\/it\/negozio\/"},{"@type":"ListItem","position":3,"name":"Orecchini Siviglia Doppi con diamanti"}]},{"@type":"WebSite","@id":"https:\/\/www.fecarotta.com\/it\/#website","url":"https:\/\/www.fecarotta.com\/it\/","name":"Fecarotta Gioielli","description":"","publisher":{"@id":"https:\/\/www.fecarotta.com\/it\/#organization"},"potentialAction":[{"@type":"SearchAction","target":{"@type":"EntryPoint","urlTemplate":"https:\/\/www.fecarotta.com\/it\/?s={search_term_string}"},"query-input":{"@type":"PropertyValueSpecification","valueRequired":true,"valueName":"search_term_string"}}],"inLanguage":"it-IT"},{"@type":"Organization","@id":"https:\/\/www.fecarotta.com\/it\/#organization","name":"Fecarotta Gioielli","url":"https:\/\/www.fecarotta.com\/it\/","logo":{"@type":"ImageObject","inLanguage":"it-IT","@id":"https:\/\/www.fecarotta.com\/it\/#\/schema\/logo\/image\/","url":"https:\/\/storage1208.cdn-immedia.net\/wp-content\/uploads\/2025\/03\/logo-gmb-fecarotta.jpg","contentUrl":"https:\/\/storage1208.cdn-immedia.net\/wp-content\/uploads\/2025\/03\/logo-gmb-fecarotta.jpg","width":500,"height":500,"caption":"Fecarotta Gioielli"},"image":{"@id":"https:\/\/www.fecarotta.com\/it\/#\/schema\/logo\/image\/"},"sameAs":["https:\/\/www.facebook.com\/fecarottagioielli","http:\/\/www.instagram.com\/fecarotta.it","https:\/\/www.linkedin.com\/company\/fecarotta-it\/","https:\/\/api.whatsapp.com\/send?phone=393913323691&text=Salve, vorrei qualche informazione in merito ai vostri prodotti."]}]}},"_links":{"self":[{"href":"https:\/\/www.fecarotta.com\/it\/wp-json\/wp\/v2\/product\/117396","targetHints":{"allow":["GET"]}}],"collection":[{"href":"https:\/\/www.fecarotta.com\/it\/wp-json\/wp\/v2\/product"}],"about":[{"href":"https:\/\/www.fecarotta.com\/it\/wp-json\/wp\/v2\/types\/product"}],"wp:featuredmedia":[{"embeddable":true,"href":"https:\/\/www.fecarotta.com\/it\/wp-json\/wp\/v2\/media\/117397"}],"wp:attachment":[{"href":"https:\/\/www.fecarotta.com\/it\/wp-json\/wp\/v2\/media?parent=117396"}],"wp:term":[{"taxonomy":"product_brand","embeddable":true,"href":"https:\/\/www.fecarotta.com\/it\/wp-json\/wp\/v2\/product_brand?post=117396"},{"taxonomy":"product_cat","embeddable":true,"href":"https:\/\/www.fecarotta.com\/it\/wp-json\/wp\/v2\/product_cat?post=117396"},{"taxonomy":"product_tag","embeddable":true,"href":"https:\/\/www.fecarotta.com\/it\/wp-json\/wp\/v2\/product_tag?post=117396"}],"curies":[{"name":"wp","href":"https:\/\/api.w.org\/{rel}","templated":true}]}}