{"id":11708,"date":"2019-03-27T16:20:34","date_gmt":"2019-03-27T16:20:34","guid":{"rendered":"https:\/\/www.fecarotta.com\/prodotto\/collana-in-oro-bianco-con-gg-running\/"},"modified":"2026-03-04T18:20:39","modified_gmt":"2026-03-04T18:20:39","slug":"collana-in-oro-bianco-con-gg-running","status":"publish","type":"product","link":"https:\/\/www.fecarotta.com\/it\/prodotto\/collana-in-oro-bianco-con-gg-running\/","title":{"rendered":"Collana oro bianco GG Running GUCCI"},"content":{"rendered":"<p>Collana oro bianco GG Running GUCCI<\/p>\n<p>Ispirata da un dettaglio proveniente dagli archivi degli anni &#8217;70, la Doppia G \u008f ancora protagonista dell&#8217;iconico marchio Italiano . Made in Italy<br \/>\nGucci garantisce, al proprio interno e nella propria filiera, il rispetto degli standard di Responsabilit\u0088 Sociale e Ambientale in coerenza con la sua strategia di sostenibilit\u0088. L&#8217;oro, il platino e i diamanti Gucci sono certificati dal Responsible Jewellery Council, istituito per promuovere pratiche etiche, sociali e ambientali responsabili, volte a garantire il rispetto dei diritti umani in tutta la filiera dell&#8217;oro e dei diamanti, dalle miniere alla vendita<\/p>\n<p>Ogni Gioiello Gucci\u00ca\u008f corredato dal certificato originale di garanzia e dalla confezione originale. FG Fecarotta Gioielli \u008f concessionario ufficiale del marchio Gucci.<\/p>\n<h4>La Storia GUCCI<\/h4>\n<p>Nel 1921 Guccio Gucci fond\u00f2 a Firenze l\u2019azienda omonima per la produzione di articoli di pelletteria, guanti e valigeria. Nel 1923 il primo marchio della casa di moda riportava solamente il nome del fondatore nel carattere calligra\ufb01co, probabilmente derivato dalla sua \ufb01rma.<\/p>\n<p>E\u2019 il 1960 Aldo Gucci, uno dei tre \ufb01gli di Guccio, disegna il simbolo con le due \u201cG\u201d incrociate, chiaro riferimento alle iniziali del fondatore; questo segno grafico, non ancora diventato il marchio dell\u2019azienda, viene riproposto in diverse fogge e cio\u00e8; fuse in un cerchio, contrapposte, invertite e in forma astratta. Quindi nel 1971 il logot\u00ecpo sar\u00e0 composto con un carattere graziato mentre solo nel 1992,con la direzione artistica di Alessandro Michele, comparir\u00e0 ufficialmente nel marchio aziendale il simbolo della doppia \u201cG\u201d, fino ad allora utilizzato solo come griffe sulle borse, calzature e cinture.<\/p>\n<p>A partire dal 1998 la comunicazione ufficiale sar\u00e0 affidata al solo logot\u00ecpo composto con carattere graziato lapidario, molto spaziato; \u00e8 con questo marchio che l\u2019azienda si presenta nel mondo come espressione distintiva del \u201cmade in Italy\u201d.<\/p>\n<p><a href=\"https:\/\/www.fecarotta.com\/it\/fecarotta-gioielli-company\/\" target=\"_blank\" rel=\"noopener noreferrer\">La nostra Azienda<\/a><\/p>\n<p><a href=\"https:\/\/www.youtube.com\/user\/gucciofficial\" target=\"_blank\" rel=\"noopener noreferrer\">Gucci official video<\/a><\/p>\n","protected":false},"excerpt":{"rendered":"<p>Collana oro bianco GG Running GUCCI<\/p>\n<p>Ispirato a un dettaglio d&#8217;archivio degli anni &#8217;70, il logo GG \u008f riproposto nel ciondolo in oro bianco 18 carati impreziosito da diamanti che completa questa delicata catenina.<\/p>\n<p>Oro bianco 18 carati<br \/>\nDoppia G<br \/>\nDiamante bianco<br \/>\nChiusura con moschettone<br \/>\nLunghezza 37cm, regolabile a 42cm<\/p>\n","protected":false},"featured_media":28244,"template":"","meta":{"_acf_changed":false},"product_brand":[],"product_cat":[33,2310,27],"product_tag":[],"class_list":{"0":"post-11708","1":"product","2":"type-product","3":"status-publish","4":"has-post-thumbnail","6":"product_cat-collane","7":"product_cat-donna","8":"product_cat-gioielli","9":"pa_brand-gucci-gioielli","10":"pa_collection-gg-running","11":"pa_gender-donna","12":"pa_gender-unisex","14":"first","15":"instock","16":"purchasable","17":"product-type-simple","18":"add-to-wishlist-before_image"},"acf":[],"yoast_head":"<!-- This site is optimized with the Yoast SEO plugin v27.5 - https:\/\/yoast.com\/product\/yoast-seo-wordpress\/ -->\n<title>Collana oro bianco GG Running GUCCI - Fecarotta Gioielli<\/title>\n<meta name=\"description\" content=\"Collana oro bianco GG Running GUCCI, Ispirata da un dettaglio proveniente dagli archivi degli anni &#039;70, la Doppia G \u008f ancora protagonista dell&#039;iconico marchio Italiano . Made in Italy\" \/>\n<meta name=\"robots\" content=\"index, follow, max-snippet:-1, max-image-preview:large, max-video-preview:-1\" \/>\n<link rel=\"canonical\" href=\"https:\/\/www.fecarotta.com\/it\/prodotto\/collana-in-oro-bianco-con-gg-running\/\" \/>\n<meta property=\"og:locale\" content=\"it_IT\" \/>\n<meta property=\"og:type\" content=\"article\" \/>\n<meta property=\"og:title\" content=\"Collana oro bianco GG Running GUCCI - Fecarotta Gioielli\" \/>\n<meta property=\"og:description\" content=\"Collana oro bianco GG Running GUCCI, Ispirata da un dettaglio proveniente dagli archivi degli anni &#039;70, la Doppia G \u008f ancora protagonista dell&#039;iconico marchio Italiano . Made in Italy\" \/>\n<meta property=\"og:url\" content=\"https:\/\/www.fecarotta.com\/it\/prodotto\/collana-in-oro-bianco-con-gg-running\/\" \/>\n<meta property=\"og:site_name\" content=\"Fecarotta Gioielli\" \/>\n<meta property=\"article:publisher\" content=\"https:\/\/www.facebook.com\/fecarottagioielli\" \/>\n<meta property=\"article:modified_time\" content=\"2026-03-04T18:20:39+00:00\" \/>\n<meta property=\"og:image\" content=\"https:\/\/storage1208.cdn-immedia.net\/wp-content\/uploads\/2019\/03\/YBB481638002.jpeg\" \/>\n\t<meta property=\"og:image:width\" content=\"1500\" \/>\n\t<meta property=\"og:image:height\" content=\"1500\" \/>\n\t<meta property=\"og:image:type\" content=\"image\/jpeg\" \/>\n<meta name=\"twitter:card\" content=\"summary_large_image\" \/>\n<meta name=\"twitter:label1\" content=\"Tempo di lettura stimato\" \/>\n\t<meta name=\"twitter:data1\" content=\"2 minuti\" \/>\n<script type=\"application\/ld+json\" class=\"yoast-schema-graph\">{\"@context\":\"https:\\\/\\\/schema.org\",\"@graph\":[{\"@type\":\"WebPage\",\"@id\":\"https:\\\/\\\/www.fecarotta.com\\\/it\\\/prodotto\\\/collana-in-oro-bianco-con-gg-running\\\/\",\"url\":\"https:\\\/\\\/www.fecarotta.com\\\/it\\\/prodotto\\\/collana-in-oro-bianco-con-gg-running\\\/\",\"name\":\"Collana oro bianco GG Running GUCCI - Fecarotta Gioielli\",\"isPartOf\":{\"@id\":\"https:\\\/\\\/www.fecarotta.com\\\/it\\\/#website\"},\"primaryImageOfPage\":{\"@id\":\"https:\\\/\\\/www.fecarotta.com\\\/it\\\/prodotto\\\/collana-in-oro-bianco-con-gg-running\\\/#primaryimage\"},\"image\":{\"@id\":\"https:\\\/\\\/www.fecarotta.com\\\/it\\\/prodotto\\\/collana-in-oro-bianco-con-gg-running\\\/#primaryimage\"},\"thumbnailUrl\":\"https:\\\/\\\/www.fecarotta.com\\\/wp-content\\\/uploads\\\/2019\\\/03\\\/YBB481638002.jpeg\",\"datePublished\":\"2019-03-27T16:20:34+00:00\",\"dateModified\":\"2026-03-04T18:20:39+00:00\",\"description\":\"Collana oro bianco GG Running GUCCI, Ispirata da un dettaglio proveniente dagli archivi degli anni '70, la Doppia G \u008f ancora protagonista dell'iconico marchio Italiano . Made in Italy\",\"breadcrumb\":{\"@id\":\"https:\\\/\\\/www.fecarotta.com\\\/it\\\/prodotto\\\/collana-in-oro-bianco-con-gg-running\\\/#breadcrumb\"},\"inLanguage\":\"it-IT\",\"potentialAction\":[{\"@type\":\"ReadAction\",\"target\":[\"https:\\\/\\\/www.fecarotta.com\\\/it\\\/prodotto\\\/collana-in-oro-bianco-con-gg-running\\\/\"]}]},{\"@type\":\"ImageObject\",\"inLanguage\":\"it-IT\",\"@id\":\"https:\\\/\\\/www.fecarotta.com\\\/it\\\/prodotto\\\/collana-in-oro-bianco-con-gg-running\\\/#primaryimage\",\"url\":\"https:\\\/\\\/www.fecarotta.com\\\/wp-content\\\/uploads\\\/2019\\\/03\\\/YBB481638002.jpeg\",\"contentUrl\":\"https:\\\/\\\/www.fecarotta.com\\\/wp-content\\\/uploads\\\/2019\\\/03\\\/YBB481638002.jpeg\",\"width\":1500,\"height\":1500,\"caption\":\"gucci gg running necklace collana sconto discount\"},{\"@type\":\"BreadcrumbList\",\"@id\":\"https:\\\/\\\/www.fecarotta.com\\\/it\\\/prodotto\\\/collana-in-oro-bianco-con-gg-running\\\/#breadcrumb\",\"itemListElement\":[{\"@type\":\"ListItem\",\"position\":1,\"name\":\"Home\",\"item\":\"https:\\\/\\\/www.fecarotta.com\\\/it\\\/\"},{\"@type\":\"ListItem\",\"position\":2,\"name\":\"Negozio\",\"item\":\"https:\\\/\\\/www.fecarotta.com\\\/it\\\/negozio\\\/\"},{\"@type\":\"ListItem\",\"position\":3,\"name\":\"Collana oro bianco GG Running GUCCI\"}]},{\"@type\":\"WebSite\",\"@id\":\"https:\\\/\\\/www.fecarotta.com\\\/it\\\/#website\",\"url\":\"https:\\\/\\\/www.fecarotta.com\\\/it\\\/\",\"name\":\"Fecarotta Gioielli\",\"description\":\"\",\"publisher\":{\"@id\":\"https:\\\/\\\/www.fecarotta.com\\\/it\\\/#organization\"},\"potentialAction\":[{\"@type\":\"SearchAction\",\"target\":{\"@type\":\"EntryPoint\",\"urlTemplate\":\"https:\\\/\\\/www.fecarotta.com\\\/it\\\/?s={search_term_string}\"},\"query-input\":{\"@type\":\"PropertyValueSpecification\",\"valueRequired\":true,\"valueName\":\"search_term_string\"}}],\"inLanguage\":\"it-IT\"},{\"@type\":\"Organization\",\"@id\":\"https:\\\/\\\/www.fecarotta.com\\\/it\\\/#organization\",\"name\":\"Fecarotta Gioielli\",\"url\":\"https:\\\/\\\/www.fecarotta.com\\\/it\\\/\",\"logo\":{\"@type\":\"ImageObject\",\"inLanguage\":\"it-IT\",\"@id\":\"https:\\\/\\\/www.fecarotta.com\\\/it\\\/#\\\/schema\\\/logo\\\/image\\\/\",\"url\":\"https:\\\/\\\/www.fecarotta.com\\\/wp-content\\\/uploads\\\/2025\\\/03\\\/logo-gmb-fecarotta.jpg\",\"contentUrl\":\"https:\\\/\\\/www.fecarotta.com\\\/wp-content\\\/uploads\\\/2025\\\/03\\\/logo-gmb-fecarotta.jpg\",\"width\":500,\"height\":500,\"caption\":\"Fecarotta Gioielli\"},\"image\":{\"@id\":\"https:\\\/\\\/www.fecarotta.com\\\/it\\\/#\\\/schema\\\/logo\\\/image\\\/\"},\"sameAs\":[\"https:\\\/\\\/www.facebook.com\\\/fecarottagioielli\",\"http:\\\/\\\/www.instagram.com\\\/fecarotta.it\",\"https:\\\/\\\/www.linkedin.com\\\/company\\\/fecarotta-it\\\/\",\"https:\\\/\\\/api.whatsapp.com\\\/send?phone=393913323691&text=Salve, vorrei qualche informazione in merito ai vostri prodotti.\"]}]}<\/script>\n<!-- \/ Yoast SEO plugin. -->","yoast_head_json":{"title":"Collana oro bianco GG Running GUCCI - Fecarotta Gioielli","description":"Collana oro bianco GG Running GUCCI, Ispirata da un dettaglio proveniente dagli archivi degli anni '70, la Doppia G \u008f ancora protagonista dell'iconico marchio Italiano . Made in Italy","robots":{"index":"index","follow":"follow","max-snippet":"max-snippet:-1","max-image-preview":"max-image-preview:large","max-video-preview":"max-video-preview:-1"},"canonical":"https:\/\/www.fecarotta.com\/it\/prodotto\/collana-in-oro-bianco-con-gg-running\/","og_locale":"it_IT","og_type":"article","og_title":"Collana oro bianco GG Running GUCCI - Fecarotta Gioielli","og_description":"Collana oro bianco GG Running GUCCI, Ispirata da un dettaglio proveniente dagli archivi degli anni '70, la Doppia G \u008f ancora protagonista dell'iconico marchio Italiano . Made in Italy","og_url":"https:\/\/www.fecarotta.com\/it\/prodotto\/collana-in-oro-bianco-con-gg-running\/","og_site_name":"Fecarotta Gioielli","article_publisher":"https:\/\/www.facebook.com\/fecarottagioielli","article_modified_time":"2026-03-04T18:20:39+00:00","og_image":[{"width":1500,"height":1500,"url":"https:\/\/storage1208.cdn-immedia.net\/wp-content\/uploads\/2019\/03\/YBB481638002.jpeg","type":"image\/jpeg"}],"twitter_card":"summary_large_image","twitter_misc":{"Tempo di lettura stimato":"2 minuti"},"schema":{"@context":"https:\/\/schema.org","@graph":[{"@type":"WebPage","@id":"https:\/\/www.fecarotta.com\/it\/prodotto\/collana-in-oro-bianco-con-gg-running\/","url":"https:\/\/www.fecarotta.com\/it\/prodotto\/collana-in-oro-bianco-con-gg-running\/","name":"Collana oro bianco GG Running GUCCI - Fecarotta Gioielli","isPartOf":{"@id":"https:\/\/www.fecarotta.com\/it\/#website"},"primaryImageOfPage":{"@id":"https:\/\/www.fecarotta.com\/it\/prodotto\/collana-in-oro-bianco-con-gg-running\/#primaryimage"},"image":{"@id":"https:\/\/www.fecarotta.com\/it\/prodotto\/collana-in-oro-bianco-con-gg-running\/#primaryimage"},"thumbnailUrl":"https:\/\/storage1208.cdn-immedia.net\/wp-content\/uploads\/2019\/03\/YBB481638002.jpeg","datePublished":"2019-03-27T16:20:34+00:00","dateModified":"2026-03-04T18:20:39+00:00","description":"Collana oro bianco GG Running GUCCI, Ispirata da un dettaglio proveniente dagli archivi degli anni '70, la Doppia G \u008f ancora protagonista dell'iconico marchio Italiano . Made in Italy","breadcrumb":{"@id":"https:\/\/www.fecarotta.com\/it\/prodotto\/collana-in-oro-bianco-con-gg-running\/#breadcrumb"},"inLanguage":"it-IT","potentialAction":[{"@type":"ReadAction","target":["https:\/\/www.fecarotta.com\/it\/prodotto\/collana-in-oro-bianco-con-gg-running\/"]}]},{"@type":"ImageObject","inLanguage":"it-IT","@id":"https:\/\/www.fecarotta.com\/it\/prodotto\/collana-in-oro-bianco-con-gg-running\/#primaryimage","url":"https:\/\/storage1208.cdn-immedia.net\/wp-content\/uploads\/2019\/03\/YBB481638002.jpeg","contentUrl":"https:\/\/storage1208.cdn-immedia.net\/wp-content\/uploads\/2019\/03\/YBB481638002.jpeg","width":1500,"height":1500,"caption":"gucci gg running necklace collana sconto discount"},{"@type":"BreadcrumbList","@id":"https:\/\/www.fecarotta.com\/it\/prodotto\/collana-in-oro-bianco-con-gg-running\/#breadcrumb","itemListElement":[{"@type":"ListItem","position":1,"name":"Home","item":"https:\/\/www.fecarotta.com\/it\/"},{"@type":"ListItem","position":2,"name":"Negozio","item":"https:\/\/www.fecarotta.com\/it\/negozio\/"},{"@type":"ListItem","position":3,"name":"Collana oro bianco GG Running GUCCI"}]},{"@type":"WebSite","@id":"https:\/\/www.fecarotta.com\/it\/#website","url":"https:\/\/www.fecarotta.com\/it\/","name":"Fecarotta Gioielli","description":"","publisher":{"@id":"https:\/\/www.fecarotta.com\/it\/#organization"},"potentialAction":[{"@type":"SearchAction","target":{"@type":"EntryPoint","urlTemplate":"https:\/\/www.fecarotta.com\/it\/?s={search_term_string}"},"query-input":{"@type":"PropertyValueSpecification","valueRequired":true,"valueName":"search_term_string"}}],"inLanguage":"it-IT"},{"@type":"Organization","@id":"https:\/\/www.fecarotta.com\/it\/#organization","name":"Fecarotta Gioielli","url":"https:\/\/www.fecarotta.com\/it\/","logo":{"@type":"ImageObject","inLanguage":"it-IT","@id":"https:\/\/www.fecarotta.com\/it\/#\/schema\/logo\/image\/","url":"https:\/\/storage1208.cdn-immedia.net\/wp-content\/uploads\/2025\/03\/logo-gmb-fecarotta.jpg","contentUrl":"https:\/\/storage1208.cdn-immedia.net\/wp-content\/uploads\/2025\/03\/logo-gmb-fecarotta.jpg","width":500,"height":500,"caption":"Fecarotta Gioielli"},"image":{"@id":"https:\/\/www.fecarotta.com\/it\/#\/schema\/logo\/image\/"},"sameAs":["https:\/\/www.facebook.com\/fecarottagioielli","http:\/\/www.instagram.com\/fecarotta.it","https:\/\/www.linkedin.com\/company\/fecarotta-it\/","https:\/\/api.whatsapp.com\/send?phone=393913323691&text=Salve, vorrei qualche informazione in merito ai vostri prodotti."]}]}},"_links":{"self":[{"href":"https:\/\/www.fecarotta.com\/it\/wp-json\/wp\/v2\/product\/11708","targetHints":{"allow":["GET"]}}],"collection":[{"href":"https:\/\/www.fecarotta.com\/it\/wp-json\/wp\/v2\/product"}],"about":[{"href":"https:\/\/www.fecarotta.com\/it\/wp-json\/wp\/v2\/types\/product"}],"wp:featuredmedia":[{"embeddable":true,"href":"https:\/\/www.fecarotta.com\/it\/wp-json\/wp\/v2\/media\/28244"}],"wp:attachment":[{"href":"https:\/\/www.fecarotta.com\/it\/wp-json\/wp\/v2\/media?parent=11708"}],"wp:term":[{"taxonomy":"product_brand","embeddable":true,"href":"https:\/\/www.fecarotta.com\/it\/wp-json\/wp\/v2\/product_brand?post=11708"},{"taxonomy":"product_cat","embeddable":true,"href":"https:\/\/www.fecarotta.com\/it\/wp-json\/wp\/v2\/product_cat?post=11708"},{"taxonomy":"product_tag","embeddable":true,"href":"https:\/\/www.fecarotta.com\/it\/wp-json\/wp\/v2\/product_tag?post=11708"}],"curies":[{"name":"wp","href":"https:\/\/api.w.org\/{rel}","templated":true}]}}