{"id":114237,"date":"2023-03-04T10:45:17","date_gmt":"2023-03-04T10:45:17","guid":{"rendered":"https:\/\/www.fecarotta.com\/?post_type=product&#038;p=114237"},"modified":"2025-10-09T08:11:54","modified_gmt":"2025-10-09T08:11:54","slug":"collana-bollicine-oro-rosa-e-onice","status":"publish","type":"product","link":"https:\/\/www.fecarotta.com\/it\/prodotto\/collana-bollicine-oro-rosa-e-onice\/","title":{"rendered":"Collana Bollicine Oro Rosa e Onice"},"content":{"rendered":"<p>Oro Rosa<\/p>\n<p>&nbsp;<\/p>\n<p>Collana Bollicine Oro rosa e Corniola, si distinguono per la luminosit\u00e0 e per la maestria nella realizzazione; fanno parte della gioielleria classica\u00a0 destinata ad un pubblico di tutte le et\u00e0 con un ottimo rapporto qualit\u00e0 prezzo. Ogni gioiello \u00e8 accompagnato da un certificato di garanzia per attestare la qualit\u00e0 ed autenticit\u00e0.<\/p>\n<p class=\"js-el heading-tag la-unit-responsive\">F.G. Fecarotta Gioielli;<\/p>\n<p class=\"js-el heading-tag la-unit-responsive\">Oltre due secoli di storia.<\/p>\n<div class=\"js-el subheading-tag la-unit-responsive\">\n<p>Siamo gioiellieri, da oltre 200 anni.<\/p>\n<p class=\"p1\">Realizziamo collezioni di gioielli classici, di manifattura, definiti da un\u2019altissima qualit\u00e0 delle pietre lavorate.<\/p>\n<\/div>\n<p><a href=\"https:\/\/www.fecarotta.com\/it\/fecarotta-gioielli-company\/\" target=\"_blank\" rel=\"noopener noreferrer\">La nostra Azienda<\/a><\/p>\n","protected":false},"excerpt":{"rendered":"<p>Collana Bollicine corniola<\/p>\n","protected":false},"featured_media":114238,"template":"","meta":{"_acf_changed":false},"product_brand":[],"product_cat":[33,2310,27],"product_tag":[],"class_list":{"0":"post-114237","1":"product","2":"type-product","3":"status-publish","4":"has-post-thumbnail","6":"product_cat-collane","7":"product_cat-donna","8":"product_cat-gioielli","9":"pa_brand-fecarotta","10":"pa_collection-bollicine","11":"pa_gender-donna","13":"first","14":"onbackorder","15":"shipping-taxable","16":"purchasable","17":"product-type-simple","18":"add-to-wishlist-before_image"},"acf":[],"yoast_head":"<!-- This site is optimized with the Yoast SEO plugin v27.5 - https:\/\/yoast.com\/product\/yoast-seo-wordpress\/ -->\n<title>Collana Bollicine Oro Rosa e Onice - Fecarotta Gioielli<\/title>\n<meta name=\"description\" content=\"Stai cercando Collana Bollicine Oro Rosa e Onice? Da Fecarotta Gioielli lo trovi. Entra nel sito, acquistalo e scopri tutti i nostri prodotti!\" \/>\n<meta name=\"robots\" content=\"index, follow, max-snippet:-1, max-image-preview:large, max-video-preview:-1\" \/>\n<link rel=\"canonical\" href=\"https:\/\/www.fecarotta.com\/it\/prodotto\/collana-bollicine-oro-rosa-e-onice\/\" \/>\n<meta property=\"og:locale\" content=\"it_IT\" \/>\n<meta property=\"og:type\" content=\"article\" \/>\n<meta property=\"og:title\" content=\"Collana Bollicine Oro Rosa e Onice - Fecarotta Gioielli\" \/>\n<meta property=\"og:description\" content=\"Stai cercando Collana Bollicine Oro Rosa e Onice? Da Fecarotta Gioielli lo trovi. Entra nel sito, acquistalo e scopri tutti i nostri prodotti!\" \/>\n<meta property=\"og:url\" content=\"https:\/\/www.fecarotta.com\/it\/prodotto\/collana-bollicine-oro-rosa-e-onice\/\" \/>\n<meta property=\"og:site_name\" content=\"Fecarotta Gioielli\" \/>\n<meta property=\"article:publisher\" content=\"https:\/\/www.facebook.com\/fecarottagioielli\" \/>\n<meta property=\"article:modified_time\" content=\"2025-10-09T08:11:54+00:00\" \/>\n<meta property=\"og:image\" content=\"https:\/\/storage1208.cdn-immedia.net\/wp-content\/uploads\/2023\/03\/BOL_cl_G_onx-1.jpg\" \/>\n\t<meta property=\"og:image:width\" content=\"2000\" \/>\n\t<meta property=\"og:image:height\" content=\"2000\" \/>\n\t<meta property=\"og:image:type\" content=\"image\/jpeg\" \/>\n<meta name=\"twitter:card\" content=\"summary_large_image\" \/>\n<script type=\"application\/ld+json\" class=\"yoast-schema-graph\">{\"@context\":\"https:\\\/\\\/schema.org\",\"@graph\":[{\"@type\":\"WebPage\",\"@id\":\"https:\\\/\\\/www.fecarotta.com\\\/it\\\/prodotto\\\/collana-bollicine-oro-rosa-e-onice\\\/\",\"url\":\"https:\\\/\\\/www.fecarotta.com\\\/it\\\/prodotto\\\/collana-bollicine-oro-rosa-e-onice\\\/\",\"name\":\"Collana Bollicine Oro Rosa e Onice - Fecarotta Gioielli\",\"isPartOf\":{\"@id\":\"https:\\\/\\\/www.fecarotta.com\\\/it\\\/#website\"},\"primaryImageOfPage\":{\"@id\":\"https:\\\/\\\/www.fecarotta.com\\\/it\\\/prodotto\\\/collana-bollicine-oro-rosa-e-onice\\\/#primaryimage\"},\"image\":{\"@id\":\"https:\\\/\\\/www.fecarotta.com\\\/it\\\/prodotto\\\/collana-bollicine-oro-rosa-e-onice\\\/#primaryimage\"},\"thumbnailUrl\":\"https:\\\/\\\/www.fecarotta.com\\\/wp-content\\\/uploads\\\/2023\\\/03\\\/BOL_cl_G_onx-1.jpg\",\"datePublished\":\"2023-03-04T10:45:17+00:00\",\"dateModified\":\"2025-10-09T08:11:54+00:00\",\"description\":\"Stai cercando Collana Bollicine Oro Rosa e Onice? Da Fecarotta Gioielli lo trovi. Entra nel sito, acquistalo e scopri tutti i nostri prodotti!\",\"breadcrumb\":{\"@id\":\"https:\\\/\\\/www.fecarotta.com\\\/it\\\/prodotto\\\/collana-bollicine-oro-rosa-e-onice\\\/#breadcrumb\"},\"inLanguage\":\"it-IT\",\"potentialAction\":[{\"@type\":\"ReadAction\",\"target\":[\"https:\\\/\\\/www.fecarotta.com\\\/it\\\/prodotto\\\/collana-bollicine-oro-rosa-e-onice\\\/\"]}]},{\"@type\":\"ImageObject\",\"inLanguage\":\"it-IT\",\"@id\":\"https:\\\/\\\/www.fecarotta.com\\\/it\\\/prodotto\\\/collana-bollicine-oro-rosa-e-onice\\\/#primaryimage\",\"url\":\"https:\\\/\\\/www.fecarotta.com\\\/wp-content\\\/uploads\\\/2023\\\/03\\\/BOL_cl_G_onx-1.jpg\",\"contentUrl\":\"https:\\\/\\\/www.fecarotta.com\\\/wp-content\\\/uploads\\\/2023\\\/03\\\/BOL_cl_G_onx-1.jpg\",\"width\":2000,\"height\":2000},{\"@type\":\"BreadcrumbList\",\"@id\":\"https:\\\/\\\/www.fecarotta.com\\\/it\\\/prodotto\\\/collana-bollicine-oro-rosa-e-onice\\\/#breadcrumb\",\"itemListElement\":[{\"@type\":\"ListItem\",\"position\":1,\"name\":\"Home\",\"item\":\"https:\\\/\\\/www.fecarotta.com\\\/it\\\/\"},{\"@type\":\"ListItem\",\"position\":2,\"name\":\"Negozio\",\"item\":\"https:\\\/\\\/www.fecarotta.com\\\/it\\\/negozio\\\/\"},{\"@type\":\"ListItem\",\"position\":3,\"name\":\"Collana Bollicine Oro Rosa e Onice\"}]},{\"@type\":\"WebSite\",\"@id\":\"https:\\\/\\\/www.fecarotta.com\\\/it\\\/#website\",\"url\":\"https:\\\/\\\/www.fecarotta.com\\\/it\\\/\",\"name\":\"Fecarotta Gioielli\",\"description\":\"\",\"publisher\":{\"@id\":\"https:\\\/\\\/www.fecarotta.com\\\/it\\\/#organization\"},\"potentialAction\":[{\"@type\":\"SearchAction\",\"target\":{\"@type\":\"EntryPoint\",\"urlTemplate\":\"https:\\\/\\\/www.fecarotta.com\\\/it\\\/?s={search_term_string}\"},\"query-input\":{\"@type\":\"PropertyValueSpecification\",\"valueRequired\":true,\"valueName\":\"search_term_string\"}}],\"inLanguage\":\"it-IT\"},{\"@type\":\"Organization\",\"@id\":\"https:\\\/\\\/www.fecarotta.com\\\/it\\\/#organization\",\"name\":\"Fecarotta Gioielli\",\"url\":\"https:\\\/\\\/www.fecarotta.com\\\/it\\\/\",\"logo\":{\"@type\":\"ImageObject\",\"inLanguage\":\"it-IT\",\"@id\":\"https:\\\/\\\/www.fecarotta.com\\\/it\\\/#\\\/schema\\\/logo\\\/image\\\/\",\"url\":\"https:\\\/\\\/www.fecarotta.com\\\/wp-content\\\/uploads\\\/2025\\\/03\\\/logo-gmb-fecarotta.jpg\",\"contentUrl\":\"https:\\\/\\\/www.fecarotta.com\\\/wp-content\\\/uploads\\\/2025\\\/03\\\/logo-gmb-fecarotta.jpg\",\"width\":500,\"height\":500,\"caption\":\"Fecarotta Gioielli\"},\"image\":{\"@id\":\"https:\\\/\\\/www.fecarotta.com\\\/it\\\/#\\\/schema\\\/logo\\\/image\\\/\"},\"sameAs\":[\"https:\\\/\\\/www.facebook.com\\\/fecarottagioielli\",\"http:\\\/\\\/www.instagram.com\\\/fecarotta.it\",\"https:\\\/\\\/www.linkedin.com\\\/company\\\/fecarotta-it\\\/\",\"https:\\\/\\\/api.whatsapp.com\\\/send?phone=393913323691&text=Salve, vorrei qualche informazione in merito ai vostri prodotti.\"]}]}<\/script>\n<!-- \/ Yoast SEO plugin. -->","yoast_head_json":{"title":"Collana Bollicine Oro Rosa e Onice - Fecarotta Gioielli","description":"Stai cercando Collana Bollicine Oro Rosa e Onice? Da Fecarotta Gioielli lo trovi. Entra nel sito, acquistalo e scopri tutti i nostri prodotti!","robots":{"index":"index","follow":"follow","max-snippet":"max-snippet:-1","max-image-preview":"max-image-preview:large","max-video-preview":"max-video-preview:-1"},"canonical":"https:\/\/www.fecarotta.com\/it\/prodotto\/collana-bollicine-oro-rosa-e-onice\/","og_locale":"it_IT","og_type":"article","og_title":"Collana Bollicine Oro Rosa e Onice - Fecarotta Gioielli","og_description":"Stai cercando Collana Bollicine Oro Rosa e Onice? Da Fecarotta Gioielli lo trovi. Entra nel sito, acquistalo e scopri tutti i nostri prodotti!","og_url":"https:\/\/www.fecarotta.com\/it\/prodotto\/collana-bollicine-oro-rosa-e-onice\/","og_site_name":"Fecarotta Gioielli","article_publisher":"https:\/\/www.facebook.com\/fecarottagioielli","article_modified_time":"2025-10-09T08:11:54+00:00","og_image":[{"width":2000,"height":2000,"url":"https:\/\/storage1208.cdn-immedia.net\/wp-content\/uploads\/2023\/03\/BOL_cl_G_onx-1.jpg","type":"image\/jpeg"}],"twitter_card":"summary_large_image","schema":{"@context":"https:\/\/schema.org","@graph":[{"@type":"WebPage","@id":"https:\/\/www.fecarotta.com\/it\/prodotto\/collana-bollicine-oro-rosa-e-onice\/","url":"https:\/\/www.fecarotta.com\/it\/prodotto\/collana-bollicine-oro-rosa-e-onice\/","name":"Collana Bollicine Oro Rosa e Onice - Fecarotta Gioielli","isPartOf":{"@id":"https:\/\/www.fecarotta.com\/it\/#website"},"primaryImageOfPage":{"@id":"https:\/\/www.fecarotta.com\/it\/prodotto\/collana-bollicine-oro-rosa-e-onice\/#primaryimage"},"image":{"@id":"https:\/\/www.fecarotta.com\/it\/prodotto\/collana-bollicine-oro-rosa-e-onice\/#primaryimage"},"thumbnailUrl":"https:\/\/storage1208.cdn-immedia.net\/wp-content\/uploads\/2023\/03\/BOL_cl_G_onx-1.jpg","datePublished":"2023-03-04T10:45:17+00:00","dateModified":"2025-10-09T08:11:54+00:00","description":"Stai cercando Collana Bollicine Oro Rosa e Onice? Da Fecarotta Gioielli lo trovi. Entra nel sito, acquistalo e scopri tutti i nostri prodotti!","breadcrumb":{"@id":"https:\/\/www.fecarotta.com\/it\/prodotto\/collana-bollicine-oro-rosa-e-onice\/#breadcrumb"},"inLanguage":"it-IT","potentialAction":[{"@type":"ReadAction","target":["https:\/\/www.fecarotta.com\/it\/prodotto\/collana-bollicine-oro-rosa-e-onice\/"]}]},{"@type":"ImageObject","inLanguage":"it-IT","@id":"https:\/\/www.fecarotta.com\/it\/prodotto\/collana-bollicine-oro-rosa-e-onice\/#primaryimage","url":"https:\/\/storage1208.cdn-immedia.net\/wp-content\/uploads\/2023\/03\/BOL_cl_G_onx-1.jpg","contentUrl":"https:\/\/storage1208.cdn-immedia.net\/wp-content\/uploads\/2023\/03\/BOL_cl_G_onx-1.jpg","width":2000,"height":2000},{"@type":"BreadcrumbList","@id":"https:\/\/www.fecarotta.com\/it\/prodotto\/collana-bollicine-oro-rosa-e-onice\/#breadcrumb","itemListElement":[{"@type":"ListItem","position":1,"name":"Home","item":"https:\/\/www.fecarotta.com\/it\/"},{"@type":"ListItem","position":2,"name":"Negozio","item":"https:\/\/www.fecarotta.com\/it\/negozio\/"},{"@type":"ListItem","position":3,"name":"Collana Bollicine Oro Rosa e Onice"}]},{"@type":"WebSite","@id":"https:\/\/www.fecarotta.com\/it\/#website","url":"https:\/\/www.fecarotta.com\/it\/","name":"Fecarotta Gioielli","description":"","publisher":{"@id":"https:\/\/www.fecarotta.com\/it\/#organization"},"potentialAction":[{"@type":"SearchAction","target":{"@type":"EntryPoint","urlTemplate":"https:\/\/www.fecarotta.com\/it\/?s={search_term_string}"},"query-input":{"@type":"PropertyValueSpecification","valueRequired":true,"valueName":"search_term_string"}}],"inLanguage":"it-IT"},{"@type":"Organization","@id":"https:\/\/www.fecarotta.com\/it\/#organization","name":"Fecarotta Gioielli","url":"https:\/\/www.fecarotta.com\/it\/","logo":{"@type":"ImageObject","inLanguage":"it-IT","@id":"https:\/\/www.fecarotta.com\/it\/#\/schema\/logo\/image\/","url":"https:\/\/storage1208.cdn-immedia.net\/wp-content\/uploads\/2025\/03\/logo-gmb-fecarotta.jpg","contentUrl":"https:\/\/storage1208.cdn-immedia.net\/wp-content\/uploads\/2025\/03\/logo-gmb-fecarotta.jpg","width":500,"height":500,"caption":"Fecarotta Gioielli"},"image":{"@id":"https:\/\/www.fecarotta.com\/it\/#\/schema\/logo\/image\/"},"sameAs":["https:\/\/www.facebook.com\/fecarottagioielli","http:\/\/www.instagram.com\/fecarotta.it","https:\/\/www.linkedin.com\/company\/fecarotta-it\/","https:\/\/api.whatsapp.com\/send?phone=393913323691&text=Salve, vorrei qualche informazione in merito ai vostri prodotti."]}]}},"_links":{"self":[{"href":"https:\/\/www.fecarotta.com\/it\/wp-json\/wp\/v2\/product\/114237","targetHints":{"allow":["GET"]}}],"collection":[{"href":"https:\/\/www.fecarotta.com\/it\/wp-json\/wp\/v2\/product"}],"about":[{"href":"https:\/\/www.fecarotta.com\/it\/wp-json\/wp\/v2\/types\/product"}],"wp:featuredmedia":[{"embeddable":true,"href":"https:\/\/www.fecarotta.com\/it\/wp-json\/wp\/v2\/media\/114238"}],"wp:attachment":[{"href":"https:\/\/www.fecarotta.com\/it\/wp-json\/wp\/v2\/media?parent=114237"}],"wp:term":[{"taxonomy":"product_brand","embeddable":true,"href":"https:\/\/www.fecarotta.com\/it\/wp-json\/wp\/v2\/product_brand?post=114237"},{"taxonomy":"product_cat","embeddable":true,"href":"https:\/\/www.fecarotta.com\/it\/wp-json\/wp\/v2\/product_cat?post=114237"},{"taxonomy":"product_tag","embeddable":true,"href":"https:\/\/www.fecarotta.com\/it\/wp-json\/wp\/v2\/product_tag?post=114237"}],"curies":[{"name":"wp","href":"https:\/\/api.w.org\/{rel}","templated":true}]}}