{"id":113387,"date":"2022-12-28T18:33:48","date_gmt":"2022-12-28T18:33:48","guid":{"rendered":"https:\/\/www.fecarotta.com\/?post_type=product&#038;p=113387"},"modified":"2022-12-28T18:37:25","modified_gmt":"2022-12-28T18:37:25","slug":"piatto-zuppa-doppia-rouche-florence-furnace-blu","status":"publish","type":"product","link":"https:\/\/www.fecarotta.com\/it\/prodotto\/piatto-zuppa-doppia-rouche-florence-furnace-blu\/","title":{"rendered":"Piatto Zuppa Doppia Rouche Florence Furnace Blu"},"content":{"rendered":"<div class=\"page\" title=\"Page 1\">\n<div class=\"layoutArea\">\n<div>Ispirata alla collezione di argenti Double Rouche, la collezione di porcellane Buccellati replica gli stessi motivi decorativi e diventa completamento e complemento della linea in argento. Prodotta dalle mani esperte degli artigiani di Ginori, a Firenze, la collezione \u00e8 la combinazione perfetta di due prestigiosi marchi italiani.<\/div>\n<div><\/div>\n<div class=\"column\">Creare oggetti perfetti, con procedimenti che nessuno utilizza pi\u00f9, con pietre splendide e rarissime, ormai non \u00e8 pi\u00f9 solo un vezzo; \u00e8 divenuta tradizione orafa.<\/div>\n<\/div>\n<\/div>\n<div class=\"page\" title=\"Page 1\">\n<div class=\"layoutArea\">\n<div class=\"column\">\n<p>Estetica del design e maestria sono sempre stati al centro dell\u2019universo Buccellati. Spinto dall\u2019insaziabile desiderio di creare pezzi di rara bellezza, il \u00a0marchio ha acquisito uno stile inconfondibile, inequivocabile. La nobile eredit\u00e0 milanese di Buccellati ha influenzato molto l\u2019approccio raffinato, discreto ed elegante della casa alla gioielleria, grazie al quale il marchio pu\u00f2 vantare un\u2019estetica del tutto particolare.<\/p>\n<\/div>\n<\/div>\n<\/div>\n<p>Ogni oggetto Buccellati \u00e8 corredato dal certificato originale di garanzia e dalla confezione originale.<br \/>\nFG Fecarotta Gioielli \u00e8 concessionario ufficiale del marchio Buccellati.<\/p>\n<p>&nbsp;<\/p>\n<p><a href=\"https:\/\/www.youtube.com\/watch?v=G-rfLtTaRKI\" target=\"_blank\" rel=\"noopener noreferrer\">Buccellati Official Video<\/a><\/p>\n<p><a href=\"https:\/\/www.fecarotta.com\/it\/fecarotta-gioielli-company\/\" target=\"_blank\" rel=\"noopener noreferrer\">La nostra Azienda<\/a><\/p>\n","protected":false},"excerpt":{"rendered":"<p>Piatto per zuppa in fine porcellana Ginori 1735.<\/p>\n<p>Diametro: 23 cm.<\/p>\n","protected":false},"featured_media":113389,"template":"","meta":{"_acf_changed":false},"product_brand":[],"product_cat":[127,1807,2357,113],"product_tag":[],"class_list":{"0":"post-113387","1":"product","2":"type-product","3":"status-publish","4":"has-post-thumbnail","6":"product_cat-accessori","7":"product_cat-home-design","8":"product_cat-piatti","9":"product_cat-porcellane-e-cristalli","10":"pa_brand-buccellati-ceramica","11":"pa_collection-rouche-buccellati","13":"first","14":"instock","15":"shipping-taxable","16":"purchasable","17":"product-type-simple","18":"add-to-wishlist-before_image"},"acf":[],"yoast_head":"<!-- This site is optimized with the Yoast SEO plugin v27.5 - https:\/\/yoast.com\/product\/yoast-seo-wordpress\/ -->\n<title>Piatto Zuppa Doppia Rouche Florence Furnace Blu - Fecarotta Gioielli<\/title>\n<meta name=\"description\" content=\"Stai cercando Piatto Zuppa Doppia Rouche Florence Furnace Blu? Da Fecarotta Gioielli lo trovi. Entra nel sito, acquistalo e scopri tutti i nostri prodotti!\" \/>\n<meta name=\"robots\" content=\"index, follow, max-snippet:-1, max-image-preview:large, max-video-preview:-1\" \/>\n<link rel=\"canonical\" href=\"https:\/\/www.fecarotta.com\/it\/prodotto\/piatto-zuppa-doppia-rouche-florence-furnace-blu\/\" \/>\n<meta property=\"og:locale\" content=\"it_IT\" \/>\n<meta property=\"og:type\" content=\"article\" \/>\n<meta property=\"og:title\" content=\"Piatto Zuppa Doppia Rouche Florence Furnace Blu - Fecarotta Gioielli\" \/>\n<meta property=\"og:description\" content=\"Stai cercando Piatto Zuppa Doppia Rouche Florence Furnace Blu? Da Fecarotta Gioielli lo trovi. Entra nel sito, acquistalo e scopri tutti i nostri prodotti!\" \/>\n<meta property=\"og:url\" content=\"https:\/\/www.fecarotta.com\/it\/prodotto\/piatto-zuppa-doppia-rouche-florence-furnace-blu\/\" \/>\n<meta property=\"og:site_name\" content=\"Fecarotta Gioielli\" \/>\n<meta property=\"article:publisher\" content=\"https:\/\/www.facebook.com\/fecarottagioielli\" \/>\n<meta property=\"article:modified_time\" content=\"2022-12-28T18:37:25+00:00\" \/>\n<meta property=\"og:image\" content=\"https:\/\/storage1208.cdn-immedia.net\/wp-content\/uploads\/2022\/12\/HPOTAB022043-V1xxl_2.jpg\" \/>\n\t<meta property=\"og:image:width\" content=\"1000\" \/>\n\t<meta property=\"og:image:height\" content=\"1000\" \/>\n\t<meta property=\"og:image:type\" content=\"image\/jpeg\" \/>\n<meta name=\"twitter:card\" content=\"summary_large_image\" \/>\n<meta name=\"twitter:label1\" content=\"Tempo di lettura stimato\" \/>\n\t<meta name=\"twitter:data1\" content=\"1 minuto\" \/>\n<script type=\"application\/ld+json\" class=\"yoast-schema-graph\">{\"@context\":\"https:\\\/\\\/schema.org\",\"@graph\":[{\"@type\":\"WebPage\",\"@id\":\"https:\\\/\\\/www.fecarotta.com\\\/it\\\/prodotto\\\/piatto-zuppa-doppia-rouche-florence-furnace-blu\\\/\",\"url\":\"https:\\\/\\\/www.fecarotta.com\\\/it\\\/prodotto\\\/piatto-zuppa-doppia-rouche-florence-furnace-blu\\\/\",\"name\":\"Piatto Zuppa Doppia Rouche Florence Furnace Blu - Fecarotta Gioielli\",\"isPartOf\":{\"@id\":\"https:\\\/\\\/www.fecarotta.com\\\/it\\\/#website\"},\"primaryImageOfPage\":{\"@id\":\"https:\\\/\\\/www.fecarotta.com\\\/it\\\/prodotto\\\/piatto-zuppa-doppia-rouche-florence-furnace-blu\\\/#primaryimage\"},\"image\":{\"@id\":\"https:\\\/\\\/www.fecarotta.com\\\/it\\\/prodotto\\\/piatto-zuppa-doppia-rouche-florence-furnace-blu\\\/#primaryimage\"},\"thumbnailUrl\":\"https:\\\/\\\/www.fecarotta.com\\\/wp-content\\\/uploads\\\/2022\\\/12\\\/HPOTAB022043-V1xxl_2.jpg\",\"datePublished\":\"2022-12-28T18:33:48+00:00\",\"dateModified\":\"2022-12-28T18:37:25+00:00\",\"description\":\"Stai cercando Piatto Zuppa Doppia Rouche Florence Furnace Blu? Da Fecarotta Gioielli lo trovi. Entra nel sito, acquistalo e scopri tutti i nostri prodotti!\",\"breadcrumb\":{\"@id\":\"https:\\\/\\\/www.fecarotta.com\\\/it\\\/prodotto\\\/piatto-zuppa-doppia-rouche-florence-furnace-blu\\\/#breadcrumb\"},\"inLanguage\":\"it-IT\",\"potentialAction\":[{\"@type\":\"ReadAction\",\"target\":[\"https:\\\/\\\/www.fecarotta.com\\\/it\\\/prodotto\\\/piatto-zuppa-doppia-rouche-florence-furnace-blu\\\/\"]}]},{\"@type\":\"ImageObject\",\"inLanguage\":\"it-IT\",\"@id\":\"https:\\\/\\\/www.fecarotta.com\\\/it\\\/prodotto\\\/piatto-zuppa-doppia-rouche-florence-furnace-blu\\\/#primaryimage\",\"url\":\"https:\\\/\\\/www.fecarotta.com\\\/wp-content\\\/uploads\\\/2022\\\/12\\\/HPOTAB022043-V1xxl_2.jpg\",\"contentUrl\":\"https:\\\/\\\/www.fecarotta.com\\\/wp-content\\\/uploads\\\/2022\\\/12\\\/HPOTAB022043-V1xxl_2.jpg\",\"width\":1000,\"height\":1000},{\"@type\":\"BreadcrumbList\",\"@id\":\"https:\\\/\\\/www.fecarotta.com\\\/it\\\/prodotto\\\/piatto-zuppa-doppia-rouche-florence-furnace-blu\\\/#breadcrumb\",\"itemListElement\":[{\"@type\":\"ListItem\",\"position\":1,\"name\":\"Home\",\"item\":\"https:\\\/\\\/www.fecarotta.com\\\/it\\\/\"},{\"@type\":\"ListItem\",\"position\":2,\"name\":\"Negozio\",\"item\":\"https:\\\/\\\/www.fecarotta.com\\\/it\\\/negozio\\\/\"},{\"@type\":\"ListItem\",\"position\":3,\"name\":\"Piatto Zuppa Doppia Rouche Florence Furnace Blu\"}]},{\"@type\":\"WebSite\",\"@id\":\"https:\\\/\\\/www.fecarotta.com\\\/it\\\/#website\",\"url\":\"https:\\\/\\\/www.fecarotta.com\\\/it\\\/\",\"name\":\"Fecarotta Gioielli\",\"description\":\"\",\"publisher\":{\"@id\":\"https:\\\/\\\/www.fecarotta.com\\\/it\\\/#organization\"},\"potentialAction\":[{\"@type\":\"SearchAction\",\"target\":{\"@type\":\"EntryPoint\",\"urlTemplate\":\"https:\\\/\\\/www.fecarotta.com\\\/it\\\/?s={search_term_string}\"},\"query-input\":{\"@type\":\"PropertyValueSpecification\",\"valueRequired\":true,\"valueName\":\"search_term_string\"}}],\"inLanguage\":\"it-IT\"},{\"@type\":\"Organization\",\"@id\":\"https:\\\/\\\/www.fecarotta.com\\\/it\\\/#organization\",\"name\":\"Fecarotta Gioielli\",\"url\":\"https:\\\/\\\/www.fecarotta.com\\\/it\\\/\",\"logo\":{\"@type\":\"ImageObject\",\"inLanguage\":\"it-IT\",\"@id\":\"https:\\\/\\\/www.fecarotta.com\\\/it\\\/#\\\/schema\\\/logo\\\/image\\\/\",\"url\":\"https:\\\/\\\/www.fecarotta.com\\\/wp-content\\\/uploads\\\/2025\\\/03\\\/logo-gmb-fecarotta.jpg\",\"contentUrl\":\"https:\\\/\\\/www.fecarotta.com\\\/wp-content\\\/uploads\\\/2025\\\/03\\\/logo-gmb-fecarotta.jpg\",\"width\":500,\"height\":500,\"caption\":\"Fecarotta Gioielli\"},\"image\":{\"@id\":\"https:\\\/\\\/www.fecarotta.com\\\/it\\\/#\\\/schema\\\/logo\\\/image\\\/\"},\"sameAs\":[\"https:\\\/\\\/www.facebook.com\\\/fecarottagioielli\",\"http:\\\/\\\/www.instagram.com\\\/fecarotta.it\",\"https:\\\/\\\/www.linkedin.com\\\/company\\\/fecarotta-it\\\/\",\"https:\\\/\\\/api.whatsapp.com\\\/send?phone=393913323691&text=Salve, vorrei qualche informazione in merito ai vostri prodotti.\"]}]}<\/script>\n<!-- \/ Yoast SEO plugin. -->","yoast_head_json":{"title":"Piatto Zuppa Doppia Rouche Florence Furnace Blu - Fecarotta Gioielli","description":"Stai cercando Piatto Zuppa Doppia Rouche Florence Furnace Blu? Da Fecarotta Gioielli lo trovi. Entra nel sito, acquistalo e scopri tutti i nostri prodotti!","robots":{"index":"index","follow":"follow","max-snippet":"max-snippet:-1","max-image-preview":"max-image-preview:large","max-video-preview":"max-video-preview:-1"},"canonical":"https:\/\/www.fecarotta.com\/it\/prodotto\/piatto-zuppa-doppia-rouche-florence-furnace-blu\/","og_locale":"it_IT","og_type":"article","og_title":"Piatto Zuppa Doppia Rouche Florence Furnace Blu - Fecarotta Gioielli","og_description":"Stai cercando Piatto Zuppa Doppia Rouche Florence Furnace Blu? Da Fecarotta Gioielli lo trovi. Entra nel sito, acquistalo e scopri tutti i nostri prodotti!","og_url":"https:\/\/www.fecarotta.com\/it\/prodotto\/piatto-zuppa-doppia-rouche-florence-furnace-blu\/","og_site_name":"Fecarotta Gioielli","article_publisher":"https:\/\/www.facebook.com\/fecarottagioielli","article_modified_time":"2022-12-28T18:37:25+00:00","og_image":[{"width":1000,"height":1000,"url":"https:\/\/storage1208.cdn-immedia.net\/wp-content\/uploads\/2022\/12\/HPOTAB022043-V1xxl_2.jpg","type":"image\/jpeg"}],"twitter_card":"summary_large_image","twitter_misc":{"Tempo di lettura stimato":"1 minuto"},"schema":{"@context":"https:\/\/schema.org","@graph":[{"@type":"WebPage","@id":"https:\/\/www.fecarotta.com\/it\/prodotto\/piatto-zuppa-doppia-rouche-florence-furnace-blu\/","url":"https:\/\/www.fecarotta.com\/it\/prodotto\/piatto-zuppa-doppia-rouche-florence-furnace-blu\/","name":"Piatto Zuppa Doppia Rouche Florence Furnace Blu - Fecarotta Gioielli","isPartOf":{"@id":"https:\/\/www.fecarotta.com\/it\/#website"},"primaryImageOfPage":{"@id":"https:\/\/www.fecarotta.com\/it\/prodotto\/piatto-zuppa-doppia-rouche-florence-furnace-blu\/#primaryimage"},"image":{"@id":"https:\/\/www.fecarotta.com\/it\/prodotto\/piatto-zuppa-doppia-rouche-florence-furnace-blu\/#primaryimage"},"thumbnailUrl":"https:\/\/storage1208.cdn-immedia.net\/wp-content\/uploads\/2022\/12\/HPOTAB022043-V1xxl_2.jpg","datePublished":"2022-12-28T18:33:48+00:00","dateModified":"2022-12-28T18:37:25+00:00","description":"Stai cercando Piatto Zuppa Doppia Rouche Florence Furnace Blu? Da Fecarotta Gioielli lo trovi. Entra nel sito, acquistalo e scopri tutti i nostri prodotti!","breadcrumb":{"@id":"https:\/\/www.fecarotta.com\/it\/prodotto\/piatto-zuppa-doppia-rouche-florence-furnace-blu\/#breadcrumb"},"inLanguage":"it-IT","potentialAction":[{"@type":"ReadAction","target":["https:\/\/www.fecarotta.com\/it\/prodotto\/piatto-zuppa-doppia-rouche-florence-furnace-blu\/"]}]},{"@type":"ImageObject","inLanguage":"it-IT","@id":"https:\/\/www.fecarotta.com\/it\/prodotto\/piatto-zuppa-doppia-rouche-florence-furnace-blu\/#primaryimage","url":"https:\/\/storage1208.cdn-immedia.net\/wp-content\/uploads\/2022\/12\/HPOTAB022043-V1xxl_2.jpg","contentUrl":"https:\/\/storage1208.cdn-immedia.net\/wp-content\/uploads\/2022\/12\/HPOTAB022043-V1xxl_2.jpg","width":1000,"height":1000},{"@type":"BreadcrumbList","@id":"https:\/\/www.fecarotta.com\/it\/prodotto\/piatto-zuppa-doppia-rouche-florence-furnace-blu\/#breadcrumb","itemListElement":[{"@type":"ListItem","position":1,"name":"Home","item":"https:\/\/www.fecarotta.com\/it\/"},{"@type":"ListItem","position":2,"name":"Negozio","item":"https:\/\/www.fecarotta.com\/it\/negozio\/"},{"@type":"ListItem","position":3,"name":"Piatto Zuppa Doppia Rouche Florence Furnace Blu"}]},{"@type":"WebSite","@id":"https:\/\/www.fecarotta.com\/it\/#website","url":"https:\/\/www.fecarotta.com\/it\/","name":"Fecarotta Gioielli","description":"","publisher":{"@id":"https:\/\/www.fecarotta.com\/it\/#organization"},"potentialAction":[{"@type":"SearchAction","target":{"@type":"EntryPoint","urlTemplate":"https:\/\/www.fecarotta.com\/it\/?s={search_term_string}"},"query-input":{"@type":"PropertyValueSpecification","valueRequired":true,"valueName":"search_term_string"}}],"inLanguage":"it-IT"},{"@type":"Organization","@id":"https:\/\/www.fecarotta.com\/it\/#organization","name":"Fecarotta Gioielli","url":"https:\/\/www.fecarotta.com\/it\/","logo":{"@type":"ImageObject","inLanguage":"it-IT","@id":"https:\/\/www.fecarotta.com\/it\/#\/schema\/logo\/image\/","url":"https:\/\/storage1208.cdn-immedia.net\/wp-content\/uploads\/2025\/03\/logo-gmb-fecarotta.jpg","contentUrl":"https:\/\/storage1208.cdn-immedia.net\/wp-content\/uploads\/2025\/03\/logo-gmb-fecarotta.jpg","width":500,"height":500,"caption":"Fecarotta Gioielli"},"image":{"@id":"https:\/\/www.fecarotta.com\/it\/#\/schema\/logo\/image\/"},"sameAs":["https:\/\/www.facebook.com\/fecarottagioielli","http:\/\/www.instagram.com\/fecarotta.it","https:\/\/www.linkedin.com\/company\/fecarotta-it\/","https:\/\/api.whatsapp.com\/send?phone=393913323691&text=Salve, vorrei qualche informazione in merito ai vostri prodotti."]}]}},"_links":{"self":[{"href":"https:\/\/www.fecarotta.com\/it\/wp-json\/wp\/v2\/product\/113387","targetHints":{"allow":["GET"]}}],"collection":[{"href":"https:\/\/www.fecarotta.com\/it\/wp-json\/wp\/v2\/product"}],"about":[{"href":"https:\/\/www.fecarotta.com\/it\/wp-json\/wp\/v2\/types\/product"}],"wp:featuredmedia":[{"embeddable":true,"href":"https:\/\/www.fecarotta.com\/it\/wp-json\/wp\/v2\/media\/113389"}],"wp:attachment":[{"href":"https:\/\/www.fecarotta.com\/it\/wp-json\/wp\/v2\/media?parent=113387"}],"wp:term":[{"taxonomy":"product_brand","embeddable":true,"href":"https:\/\/www.fecarotta.com\/it\/wp-json\/wp\/v2\/product_brand?post=113387"},{"taxonomy":"product_cat","embeddable":true,"href":"https:\/\/www.fecarotta.com\/it\/wp-json\/wp\/v2\/product_cat?post=113387"},{"taxonomy":"product_tag","embeddable":true,"href":"https:\/\/www.fecarotta.com\/it\/wp-json\/wp\/v2\/product_tag?post=113387"}],"curies":[{"name":"wp","href":"https:\/\/api.w.org\/{rel}","templated":true}]}}