{"id":113301,"date":"2022-12-24T11:53:36","date_gmt":"2022-12-24T11:53:36","guid":{"rendered":"https:\/\/www.fecarotta.com\/?post_type=product&#038;p=113301"},"modified":"2026-04-01T09:09:54","modified_gmt":"2026-04-01T09:09:54","slug":"venini-vaso-regina-effetto-metallo-30-cm","status":"publish","type":"product","link":"https:\/\/www.fecarotta.com\/it\/prodotto\/venini-vaso-regina-effetto-metallo-30-cm\/","title":{"rendered":"VASO PRINCIPE"},"content":{"rendered":"<div class=\"css-1i5x98u elwxddj8\"><a href=\"https:\/\/de.wikipedia.org\/wiki\/Rodolfo_Dordoni\" target=\"_blank\" rel=\"noopener noreferrer\"><span class=\"elwxddj6 css-1w6uwow e9nrmco0\">RODOLFO DORDONI<\/span><\/a><span class=\"css-1d3bsy6 elwxddj7\">\u00a0|\u00a0<\/span><span class=\"elwxddj6 css-1w6uwow e9nrmco0\">1996<\/span><\/div>\n<div><\/div>\n<ul class=\"css-9a2xaq e195cbst3\">\n<li class=\"css-wlea3r e195cbst4\">\n<p class=\"e195cbst1 css-iynkaq e9nrmco0\">ALTEZZA: 30\u00a0cm<\/p>\n<\/li>\n<li class=\"css-wlea3r e195cbst4\">\n<p class=\"e195cbst1 css-iynkaq e9nrmco0\">DIAMETRO: 13\u00a0cm<\/p>\n<\/li>\n<li class=\"css-wlea3r e195cbst4\">\n<p class=\"e195cbst1 css-iynkaq e9nrmco0\">PESO UNITARIO: 1,15\u00a0kg<\/p>\n<\/li>\n<\/ul>\n<div class=\"css-tr0r3x e195cbst5\">\n<p class=\"e195cbst6 css-1xnij1x e9nrmco0\">OPALINO, DECORO EFFETTO METALLO APPLICATO A CALDO + SABBIATO<\/p>\n<\/div>\n","protected":false},"excerpt":{"rendered":"<p>\u201c\u00c8 il pi\u00f9 piccolo e gi\u00e0 gli occhi sono su di lui. Un giorno tutto il regno sar\u00e0 suo. Nel frattempo indossa il suo manto che ricorda l&#8217;argento, corredato dall&#8217;immancabile corona.\u201d<\/p>\n","protected":false},"featured_media":113303,"template":"","meta":{"_acf_changed":false},"product_brand":[],"product_cat":[1807,113,114],"product_tag":[],"class_list":{"0":"post-113301","1":"product","2":"type-product","3":"status-publish","4":"has-post-thumbnail","6":"product_cat-home-design","7":"product_cat-porcellane-e-cristalli","8":"product_cat-vasi","9":"pa_brand-venini","10":"pa_collection-art-glass","12":"first","13":"onbackorder","14":"purchasable","15":"product-type-simple","16":"add-to-wishlist-before_image"},"acf":[],"yoast_head":"<!-- This site is optimized with the Yoast SEO plugin v27.5 - https:\/\/yoast.com\/product\/yoast-seo-wordpress\/ -->\n<title>VASO PRINCIPE - Fecarotta Gioielli SPEDIZIONI GRATUITE<\/title>\n<meta name=\"description\" content=\"VENINI VASO REGINA. Acquista le collezioni dei vetri Venini su fecarotta.it con coupon di benvenuto e codice sconto\" \/>\n<meta name=\"robots\" content=\"index, follow, max-snippet:-1, max-image-preview:large, max-video-preview:-1\" \/>\n<link rel=\"canonical\" href=\"https:\/\/www.fecarotta.com\/it\/prodotto\/venini-vaso-regina-effetto-metallo-30-cm\/\" \/>\n<meta property=\"og:locale\" content=\"it_IT\" \/>\n<meta property=\"og:type\" content=\"article\" \/>\n<meta property=\"og:title\" content=\"VASO PRINCIPE - Fecarotta Gioielli SPEDIZIONI GRATUITE\" \/>\n<meta property=\"og:description\" content=\"VENINI VASO REGINA. Acquista le collezioni dei vetri Venini su fecarotta.it con coupon di benvenuto e codice sconto\" \/>\n<meta property=\"og:url\" content=\"https:\/\/www.fecarotta.com\/it\/prodotto\/venini-vaso-regina-effetto-metallo-30-cm\/\" \/>\n<meta property=\"og:site_name\" content=\"Fecarotta Gioielli\" \/>\n<meta property=\"article:publisher\" content=\"https:\/\/www.facebook.com\/fecarottagioielli\" \/>\n<meta property=\"article:modified_time\" content=\"2026-04-01T09:09:54+00:00\" \/>\n<meta property=\"og:image\" content=\"https:\/\/storage1208.cdn-immedia.net\/wp-content\/uploads\/2022\/12\/FO351509000H0AL5.jpg\" \/>\n\t<meta property=\"og:image:width\" content=\"1000\" \/>\n\t<meta property=\"og:image:height\" content=\"1000\" \/>\n\t<meta property=\"og:image:type\" content=\"image\/jpeg\" \/>\n<meta name=\"twitter:card\" content=\"summary_large_image\" \/>\n<script type=\"application\/ld+json\" class=\"yoast-schema-graph\">{\"@context\":\"https:\\\/\\\/schema.org\",\"@graph\":[{\"@type\":\"WebPage\",\"@id\":\"https:\\\/\\\/www.fecarotta.com\\\/it\\\/prodotto\\\/venini-vaso-regina-effetto-metallo-30-cm\\\/\",\"url\":\"https:\\\/\\\/www.fecarotta.com\\\/it\\\/prodotto\\\/venini-vaso-regina-effetto-metallo-30-cm\\\/\",\"name\":\"VASO PRINCIPE - Fecarotta Gioielli SPEDIZIONI GRATUITE\",\"isPartOf\":{\"@id\":\"https:\\\/\\\/www.fecarotta.com\\\/it\\\/#website\"},\"primaryImageOfPage\":{\"@id\":\"https:\\\/\\\/www.fecarotta.com\\\/it\\\/prodotto\\\/venini-vaso-regina-effetto-metallo-30-cm\\\/#primaryimage\"},\"image\":{\"@id\":\"https:\\\/\\\/www.fecarotta.com\\\/it\\\/prodotto\\\/venini-vaso-regina-effetto-metallo-30-cm\\\/#primaryimage\"},\"thumbnailUrl\":\"https:\\\/\\\/www.fecarotta.com\\\/wp-content\\\/uploads\\\/2022\\\/12\\\/FO351509000H0AL5.jpg\",\"datePublished\":\"2022-12-24T11:53:36+00:00\",\"dateModified\":\"2026-04-01T09:09:54+00:00\",\"description\":\"VENINI VASO REGINA. Acquista le collezioni dei vetri Venini su fecarotta.it con coupon di benvenuto e codice sconto\",\"breadcrumb\":{\"@id\":\"https:\\\/\\\/www.fecarotta.com\\\/it\\\/prodotto\\\/venini-vaso-regina-effetto-metallo-30-cm\\\/#breadcrumb\"},\"inLanguage\":\"it-IT\",\"potentialAction\":[{\"@type\":\"ReadAction\",\"target\":[\"https:\\\/\\\/www.fecarotta.com\\\/it\\\/prodotto\\\/venini-vaso-regina-effetto-metallo-30-cm\\\/\"]}]},{\"@type\":\"ImageObject\",\"inLanguage\":\"it-IT\",\"@id\":\"https:\\\/\\\/www.fecarotta.com\\\/it\\\/prodotto\\\/venini-vaso-regina-effetto-metallo-30-cm\\\/#primaryimage\",\"url\":\"https:\\\/\\\/www.fecarotta.com\\\/wp-content\\\/uploads\\\/2022\\\/12\\\/FO351509000H0AL5.jpg\",\"contentUrl\":\"https:\\\/\\\/www.fecarotta.com\\\/wp-content\\\/uploads\\\/2022\\\/12\\\/FO351509000H0AL5.jpg\",\"width\":1000,\"height\":1000},{\"@type\":\"BreadcrumbList\",\"@id\":\"https:\\\/\\\/www.fecarotta.com\\\/it\\\/prodotto\\\/venini-vaso-regina-effetto-metallo-30-cm\\\/#breadcrumb\",\"itemListElement\":[{\"@type\":\"ListItem\",\"position\":1,\"name\":\"Home\",\"item\":\"https:\\\/\\\/www.fecarotta.com\\\/it\\\/\"},{\"@type\":\"ListItem\",\"position\":2,\"name\":\"Negozio\",\"item\":\"https:\\\/\\\/www.fecarotta.com\\\/it\\\/negozio\\\/\"},{\"@type\":\"ListItem\",\"position\":3,\"name\":\"VASO PRINCIPE\"}]},{\"@type\":\"WebSite\",\"@id\":\"https:\\\/\\\/www.fecarotta.com\\\/it\\\/#website\",\"url\":\"https:\\\/\\\/www.fecarotta.com\\\/it\\\/\",\"name\":\"Fecarotta Gioielli\",\"description\":\"\",\"publisher\":{\"@id\":\"https:\\\/\\\/www.fecarotta.com\\\/it\\\/#organization\"},\"potentialAction\":[{\"@type\":\"SearchAction\",\"target\":{\"@type\":\"EntryPoint\",\"urlTemplate\":\"https:\\\/\\\/www.fecarotta.com\\\/it\\\/?s={search_term_string}\"},\"query-input\":{\"@type\":\"PropertyValueSpecification\",\"valueRequired\":true,\"valueName\":\"search_term_string\"}}],\"inLanguage\":\"it-IT\"},{\"@type\":\"Organization\",\"@id\":\"https:\\\/\\\/www.fecarotta.com\\\/it\\\/#organization\",\"name\":\"Fecarotta Gioielli\",\"url\":\"https:\\\/\\\/www.fecarotta.com\\\/it\\\/\",\"logo\":{\"@type\":\"ImageObject\",\"inLanguage\":\"it-IT\",\"@id\":\"https:\\\/\\\/www.fecarotta.com\\\/it\\\/#\\\/schema\\\/logo\\\/image\\\/\",\"url\":\"https:\\\/\\\/www.fecarotta.com\\\/wp-content\\\/uploads\\\/2025\\\/03\\\/logo-gmb-fecarotta.jpg\",\"contentUrl\":\"https:\\\/\\\/www.fecarotta.com\\\/wp-content\\\/uploads\\\/2025\\\/03\\\/logo-gmb-fecarotta.jpg\",\"width\":500,\"height\":500,\"caption\":\"Fecarotta Gioielli\"},\"image\":{\"@id\":\"https:\\\/\\\/www.fecarotta.com\\\/it\\\/#\\\/schema\\\/logo\\\/image\\\/\"},\"sameAs\":[\"https:\\\/\\\/www.facebook.com\\\/fecarottagioielli\",\"http:\\\/\\\/www.instagram.com\\\/fecarotta.it\",\"https:\\\/\\\/www.linkedin.com\\\/company\\\/fecarotta-it\\\/\",\"https:\\\/\\\/api.whatsapp.com\\\/send?phone=393913323691&text=Salve, vorrei qualche informazione in merito ai vostri prodotti.\"]}]}<\/script>\n<!-- \/ Yoast SEO plugin. -->","yoast_head_json":{"title":"VASO PRINCIPE - Fecarotta Gioielli SPEDIZIONI GRATUITE","description":"VENINI VASO REGINA. Acquista le collezioni dei vetri Venini su fecarotta.it con coupon di benvenuto e codice sconto","robots":{"index":"index","follow":"follow","max-snippet":"max-snippet:-1","max-image-preview":"max-image-preview:large","max-video-preview":"max-video-preview:-1"},"canonical":"https:\/\/www.fecarotta.com\/it\/prodotto\/venini-vaso-regina-effetto-metallo-30-cm\/","og_locale":"it_IT","og_type":"article","og_title":"VASO PRINCIPE - Fecarotta Gioielli SPEDIZIONI GRATUITE","og_description":"VENINI VASO REGINA. Acquista le collezioni dei vetri Venini su fecarotta.it con coupon di benvenuto e codice sconto","og_url":"https:\/\/www.fecarotta.com\/it\/prodotto\/venini-vaso-regina-effetto-metallo-30-cm\/","og_site_name":"Fecarotta Gioielli","article_publisher":"https:\/\/www.facebook.com\/fecarottagioielli","article_modified_time":"2026-04-01T09:09:54+00:00","og_image":[{"width":1000,"height":1000,"url":"https:\/\/storage1208.cdn-immedia.net\/wp-content\/uploads\/2022\/12\/FO351509000H0AL5.jpg","type":"image\/jpeg"}],"twitter_card":"summary_large_image","schema":{"@context":"https:\/\/schema.org","@graph":[{"@type":"WebPage","@id":"https:\/\/www.fecarotta.com\/it\/prodotto\/venini-vaso-regina-effetto-metallo-30-cm\/","url":"https:\/\/www.fecarotta.com\/it\/prodotto\/venini-vaso-regina-effetto-metallo-30-cm\/","name":"VASO PRINCIPE - Fecarotta Gioielli SPEDIZIONI GRATUITE","isPartOf":{"@id":"https:\/\/www.fecarotta.com\/it\/#website"},"primaryImageOfPage":{"@id":"https:\/\/www.fecarotta.com\/it\/prodotto\/venini-vaso-regina-effetto-metallo-30-cm\/#primaryimage"},"image":{"@id":"https:\/\/www.fecarotta.com\/it\/prodotto\/venini-vaso-regina-effetto-metallo-30-cm\/#primaryimage"},"thumbnailUrl":"https:\/\/storage1208.cdn-immedia.net\/wp-content\/uploads\/2022\/12\/FO351509000H0AL5.jpg","datePublished":"2022-12-24T11:53:36+00:00","dateModified":"2026-04-01T09:09:54+00:00","description":"VENINI VASO REGINA. Acquista le collezioni dei vetri Venini su fecarotta.it con coupon di benvenuto e codice sconto","breadcrumb":{"@id":"https:\/\/www.fecarotta.com\/it\/prodotto\/venini-vaso-regina-effetto-metallo-30-cm\/#breadcrumb"},"inLanguage":"it-IT","potentialAction":[{"@type":"ReadAction","target":["https:\/\/www.fecarotta.com\/it\/prodotto\/venini-vaso-regina-effetto-metallo-30-cm\/"]}]},{"@type":"ImageObject","inLanguage":"it-IT","@id":"https:\/\/www.fecarotta.com\/it\/prodotto\/venini-vaso-regina-effetto-metallo-30-cm\/#primaryimage","url":"https:\/\/storage1208.cdn-immedia.net\/wp-content\/uploads\/2022\/12\/FO351509000H0AL5.jpg","contentUrl":"https:\/\/storage1208.cdn-immedia.net\/wp-content\/uploads\/2022\/12\/FO351509000H0AL5.jpg","width":1000,"height":1000},{"@type":"BreadcrumbList","@id":"https:\/\/www.fecarotta.com\/it\/prodotto\/venini-vaso-regina-effetto-metallo-30-cm\/#breadcrumb","itemListElement":[{"@type":"ListItem","position":1,"name":"Home","item":"https:\/\/www.fecarotta.com\/it\/"},{"@type":"ListItem","position":2,"name":"Negozio","item":"https:\/\/www.fecarotta.com\/it\/negozio\/"},{"@type":"ListItem","position":3,"name":"VASO PRINCIPE"}]},{"@type":"WebSite","@id":"https:\/\/www.fecarotta.com\/it\/#website","url":"https:\/\/www.fecarotta.com\/it\/","name":"Fecarotta Gioielli","description":"","publisher":{"@id":"https:\/\/www.fecarotta.com\/it\/#organization"},"potentialAction":[{"@type":"SearchAction","target":{"@type":"EntryPoint","urlTemplate":"https:\/\/www.fecarotta.com\/it\/?s={search_term_string}"},"query-input":{"@type":"PropertyValueSpecification","valueRequired":true,"valueName":"search_term_string"}}],"inLanguage":"it-IT"},{"@type":"Organization","@id":"https:\/\/www.fecarotta.com\/it\/#organization","name":"Fecarotta Gioielli","url":"https:\/\/www.fecarotta.com\/it\/","logo":{"@type":"ImageObject","inLanguage":"it-IT","@id":"https:\/\/www.fecarotta.com\/it\/#\/schema\/logo\/image\/","url":"https:\/\/storage1208.cdn-immedia.net\/wp-content\/uploads\/2025\/03\/logo-gmb-fecarotta.jpg","contentUrl":"https:\/\/storage1208.cdn-immedia.net\/wp-content\/uploads\/2025\/03\/logo-gmb-fecarotta.jpg","width":500,"height":500,"caption":"Fecarotta Gioielli"},"image":{"@id":"https:\/\/www.fecarotta.com\/it\/#\/schema\/logo\/image\/"},"sameAs":["https:\/\/www.facebook.com\/fecarottagioielli","http:\/\/www.instagram.com\/fecarotta.it","https:\/\/www.linkedin.com\/company\/fecarotta-it\/","https:\/\/api.whatsapp.com\/send?phone=393913323691&text=Salve, vorrei qualche informazione in merito ai vostri prodotti."]}]}},"_links":{"self":[{"href":"https:\/\/www.fecarotta.com\/it\/wp-json\/wp\/v2\/product\/113301","targetHints":{"allow":["GET"]}}],"collection":[{"href":"https:\/\/www.fecarotta.com\/it\/wp-json\/wp\/v2\/product"}],"about":[{"href":"https:\/\/www.fecarotta.com\/it\/wp-json\/wp\/v2\/types\/product"}],"wp:featuredmedia":[{"embeddable":true,"href":"https:\/\/www.fecarotta.com\/it\/wp-json\/wp\/v2\/media\/113303"}],"wp:attachment":[{"href":"https:\/\/www.fecarotta.com\/it\/wp-json\/wp\/v2\/media?parent=113301"}],"wp:term":[{"taxonomy":"product_brand","embeddable":true,"href":"https:\/\/www.fecarotta.com\/it\/wp-json\/wp\/v2\/product_brand?post=113301"},{"taxonomy":"product_cat","embeddable":true,"href":"https:\/\/www.fecarotta.com\/it\/wp-json\/wp\/v2\/product_cat?post=113301"},{"taxonomy":"product_tag","embeddable":true,"href":"https:\/\/www.fecarotta.com\/it\/wp-json\/wp\/v2\/product_tag?post=113301"}],"curies":[{"name":"wp","href":"https:\/\/api.w.org\/{rel}","templated":true}]}}