{"id":113124,"date":"2022-12-16T15:23:04","date_gmt":"2022-12-16T15:23:04","guid":{"rendered":"https:\/\/www.fecarotta.com\/?post_type=product&#038;p=113124"},"modified":"2026-04-01T09:15:31","modified_gmt":"2026-04-01T09:15:31","slug":"vaso-fazzoletto-venini-cristallo","status":"publish","type":"product","link":"https:\/\/www.fecarotta.com\/it\/prodotto\/vaso-fazzoletto-venini-cristallo\/","title":{"rendered":"Vaso FAZZOLETTO VENINI frozen h.24"},"content":{"rendered":"<p>Vaso FAZZOLETTO VENINI CRISTALLO<\/p>\n<p>&#8211; Fulvio Bianconi e <a href=\"https:\/\/en.wikipedia.org\/wiki\/Paolo_Venini\" target=\"_blank\" rel=\"noopener noreferrer\">Paolo Venini<\/a> &#8211; 1948<\/p>\n<p>Venini \u00e8 nato nella citt\u00e0 di Cusano, vicino a Milano. Dopo aver prestato servizio nell&#8217;esercito italiano nella prima guerra mondiale, si \u00e8 formato come avvocato e ha iniziato il suo studio a Milano. Ben presto conobbe Giacomo Cappellin, originario di Venezia e proprietario di un negozio di antiquariato milanese.<\/p>\n<h4>Carriera di Paolo Venini<\/h4>\n<p>Nel 1921 Venini e Cappellin aprirono una vetreria nelle isole di Murano, lo storico centro di produzione del vetro nella laguna di Venezia, con il nome di Vetri Soffiati Muranesi Cappellin Venini &amp; C. .Con Luigi Ceresa ed Emilio Hochs come investitori, si accordarono per acquistare la vetreria di Murano di Andrea Rioda, recentemente chiusa, assumere i soffiatori dell&#8217;ex azienda e mantenere Rioda stesso come direttore tecnico dell&#8217;impresa.<\/p>\n<p>I loro piani andarono rapidamente storti, tuttavia, quando Rioda mor\u00ec prima dell&#8217;inizio della produzione. Molti dei principali soffiatori di vetro decampeggiarono per fondare un&#8217;azienda concorrente con il nome di Successori Andrea Rioda. Tuttavia, l&#8217;impresa fu ugualmente lanciata con successo e prosper\u00f2 con il supporto dei contatti di distribuzione dei fondatori a Milano. L&#8217;azienda ha anche beneficiato di un impegno per l&#8217;introduzione di nuovi e moderni concetti di design.<\/p>\n<p>In seguito a controversie, Cappellin si ritir\u00f2 dallo studio nel 1925, prendendo la maggior parte dei maestri vetrai dell&#8217;azienda e lanciando un concorrente. Venini si riorganizza con nuovi soffiatori e, prima come Soffiati Muranesi Venini &amp; C. e poi come Venini &amp; C., raggiungendo una posizione di design leader tra le aziende muranesi. Lo stesso Venini ha avuto un ruolo nella progettazione di alcuni dei prodotti pi\u00f9 noti dello studio, tra cui la famosa serie &#8220;fazzoletto&#8221; da lui creata con il designer Fulvio Bianconi.<\/p>\n<p>L&#8217;esclusiva tecnica Canne rende unici i suoi colori, sapientemente combinati dal maestro vetraio e poi fusi e soffiati a mano libera con la tecnica Mano Volante. Il genio creativo di Fulvio Bianconi rende la sua forma inimitabile, ricordando gonne che ondeggiano nella brezza. Ogni Fazzoletto a Canne \u00e8 davvero unico: non ce n&#8217;\u00e8 un altro come questo da nessuna parte<\/p>\n<p><a href=\"https:\/\/www.fecarotta.com\/it\/fecarotta-gioielli-company\/\" target=\"_blank\" rel=\"noopener noreferrer\">La nostra azienda<\/a><\/p>\n","protected":false},"excerpt":{"rendered":"<p>Vaso FAZZOLETTO VENINI CRISTALLO<\/p>\n<p>CARATTERISTICHE<\/p>\n<p>ALTEZZA: 24 cm<\/p>\n<p class=\"e195cbst1 css-iynkaq e9nrmco0\">DIAMETRO: 20\u00a0cm<\/p>\n<h4 class=\"e195cbst6 css-1xnij1x e9nrmco0\">MANO VOLANTE, SABBIATO<\/h4>\n<p class=\"e195cbst1 css-iynkaq e9nrmco0\">PESO UNITARIO: 1,2\u00a0kg<\/p>\n","protected":false},"featured_media":113126,"template":"","meta":{"_acf_changed":false},"product_brand":[],"product_cat":[1807,113,114],"product_tag":[],"class_list":{"0":"post-113124","1":"product","2":"type-product","3":"status-publish","4":"has-post-thumbnail","6":"product_cat-home-design","7":"product_cat-porcellane-e-cristalli","8":"product_cat-vasi","9":"pa_brand-venini","10":"pa_collection-art-glass","12":"first","13":"outofstock","14":"purchasable","15":"product-type-simple","16":"add-to-wishlist-before_image"},"acf":[],"yoast_head":"<!-- This site is optimized with the Yoast SEO plugin v27.5 - https:\/\/yoast.com\/product\/yoast-seo-wordpress\/ -->\n<title>Vaso FAZZOLETTO VENINI frozen h.24 - Fecarotta Gioielli<\/title>\n<meta name=\"description\" content=\"Vaso FAZZOLETTO VENINI UVA ROSSO. Acquista le collezioni dei vetri Venini su fecarotta.it con codice sconto e coupon di benvenuto\" \/>\n<meta name=\"robots\" content=\"index, follow, max-snippet:-1, max-image-preview:large, max-video-preview:-1\" \/>\n<link rel=\"canonical\" href=\"https:\/\/www.fecarotta.com\/it\/prodotto\/vaso-fazzoletto-venini-cristallo\/\" \/>\n<meta property=\"og:locale\" content=\"it_IT\" \/>\n<meta property=\"og:type\" content=\"article\" \/>\n<meta property=\"og:title\" content=\"Vaso FAZZOLETTO VENINI frozen h.24 - Fecarotta Gioielli\" \/>\n<meta property=\"og:description\" content=\"Vaso FAZZOLETTO VENINI UVA ROSSO. Acquista le collezioni dei vetri Venini su fecarotta.it con codice sconto e coupon di benvenuto\" \/>\n<meta property=\"og:url\" content=\"https:\/\/www.fecarotta.com\/it\/prodotto\/vaso-fazzoletto-venini-cristallo\/\" \/>\n<meta property=\"og:site_name\" content=\"Fecarotta Gioielli\" \/>\n<meta property=\"article:publisher\" content=\"https:\/\/www.facebook.com\/fecarottagioielli\" \/>\n<meta property=\"article:modified_time\" content=\"2026-04-01T09:15:31+00:00\" \/>\n<meta property=\"og:image\" content=\"https:\/\/storage1208.cdn-immedia.net\/wp-content\/uploads\/2022\/12\/70002_oro.jpg\" \/>\n\t<meta property=\"og:image:width\" content=\"1000\" \/>\n\t<meta property=\"og:image:height\" content=\"1000\" \/>\n\t<meta property=\"og:image:type\" content=\"image\/jpeg\" \/>\n<meta name=\"twitter:card\" content=\"summary_large_image\" \/>\n<meta name=\"twitter:label1\" content=\"Tempo di lettura stimato\" \/>\n\t<meta name=\"twitter:data1\" content=\"2 minuti\" \/>\n<script type=\"application\/ld+json\" class=\"yoast-schema-graph\">{\"@context\":\"https:\\\/\\\/schema.org\",\"@graph\":[{\"@type\":\"WebPage\",\"@id\":\"https:\\\/\\\/www.fecarotta.com\\\/it\\\/prodotto\\\/vaso-fazzoletto-venini-cristallo\\\/\",\"url\":\"https:\\\/\\\/www.fecarotta.com\\\/it\\\/prodotto\\\/vaso-fazzoletto-venini-cristallo\\\/\",\"name\":\"Vaso FAZZOLETTO VENINI frozen h.24 - Fecarotta Gioielli\",\"isPartOf\":{\"@id\":\"https:\\\/\\\/www.fecarotta.com\\\/it\\\/#website\"},\"primaryImageOfPage\":{\"@id\":\"https:\\\/\\\/www.fecarotta.com\\\/it\\\/prodotto\\\/vaso-fazzoletto-venini-cristallo\\\/#primaryimage\"},\"image\":{\"@id\":\"https:\\\/\\\/www.fecarotta.com\\\/it\\\/prodotto\\\/vaso-fazzoletto-venini-cristallo\\\/#primaryimage\"},\"thumbnailUrl\":\"https:\\\/\\\/www.fecarotta.com\\\/wp-content\\\/uploads\\\/2022\\\/12\\\/70002_oro.jpg\",\"datePublished\":\"2022-12-16T15:23:04+00:00\",\"dateModified\":\"2026-04-01T09:15:31+00:00\",\"description\":\"Vaso FAZZOLETTO VENINI UVA ROSSO. Acquista le collezioni dei vetri Venini su fecarotta.it con codice sconto e coupon di benvenuto\",\"breadcrumb\":{\"@id\":\"https:\\\/\\\/www.fecarotta.com\\\/it\\\/prodotto\\\/vaso-fazzoletto-venini-cristallo\\\/#breadcrumb\"},\"inLanguage\":\"it-IT\",\"potentialAction\":[{\"@type\":\"ReadAction\",\"target\":[\"https:\\\/\\\/www.fecarotta.com\\\/it\\\/prodotto\\\/vaso-fazzoletto-venini-cristallo\\\/\"]}]},{\"@type\":\"ImageObject\",\"inLanguage\":\"it-IT\",\"@id\":\"https:\\\/\\\/www.fecarotta.com\\\/it\\\/prodotto\\\/vaso-fazzoletto-venini-cristallo\\\/#primaryimage\",\"url\":\"https:\\\/\\\/www.fecarotta.com\\\/wp-content\\\/uploads\\\/2022\\\/12\\\/70002_oro.jpg\",\"contentUrl\":\"https:\\\/\\\/www.fecarotta.com\\\/wp-content\\\/uploads\\\/2022\\\/12\\\/70002_oro.jpg\",\"width\":1000,\"height\":1000},{\"@type\":\"BreadcrumbList\",\"@id\":\"https:\\\/\\\/www.fecarotta.com\\\/it\\\/prodotto\\\/vaso-fazzoletto-venini-cristallo\\\/#breadcrumb\",\"itemListElement\":[{\"@type\":\"ListItem\",\"position\":1,\"name\":\"Home\",\"item\":\"https:\\\/\\\/www.fecarotta.com\\\/it\\\/\"},{\"@type\":\"ListItem\",\"position\":2,\"name\":\"Negozio\",\"item\":\"https:\\\/\\\/www.fecarotta.com\\\/it\\\/negozio\\\/\"},{\"@type\":\"ListItem\",\"position\":3,\"name\":\"Vaso FAZZOLETTO VENINI frozen h.24\"}]},{\"@type\":\"WebSite\",\"@id\":\"https:\\\/\\\/www.fecarotta.com\\\/it\\\/#website\",\"url\":\"https:\\\/\\\/www.fecarotta.com\\\/it\\\/\",\"name\":\"Fecarotta Gioielli\",\"description\":\"\",\"publisher\":{\"@id\":\"https:\\\/\\\/www.fecarotta.com\\\/it\\\/#organization\"},\"potentialAction\":[{\"@type\":\"SearchAction\",\"target\":{\"@type\":\"EntryPoint\",\"urlTemplate\":\"https:\\\/\\\/www.fecarotta.com\\\/it\\\/?s={search_term_string}\"},\"query-input\":{\"@type\":\"PropertyValueSpecification\",\"valueRequired\":true,\"valueName\":\"search_term_string\"}}],\"inLanguage\":\"it-IT\"},{\"@type\":\"Organization\",\"@id\":\"https:\\\/\\\/www.fecarotta.com\\\/it\\\/#organization\",\"name\":\"Fecarotta Gioielli\",\"url\":\"https:\\\/\\\/www.fecarotta.com\\\/it\\\/\",\"logo\":{\"@type\":\"ImageObject\",\"inLanguage\":\"it-IT\",\"@id\":\"https:\\\/\\\/www.fecarotta.com\\\/it\\\/#\\\/schema\\\/logo\\\/image\\\/\",\"url\":\"https:\\\/\\\/www.fecarotta.com\\\/wp-content\\\/uploads\\\/2025\\\/03\\\/logo-gmb-fecarotta.jpg\",\"contentUrl\":\"https:\\\/\\\/www.fecarotta.com\\\/wp-content\\\/uploads\\\/2025\\\/03\\\/logo-gmb-fecarotta.jpg\",\"width\":500,\"height\":500,\"caption\":\"Fecarotta Gioielli\"},\"image\":{\"@id\":\"https:\\\/\\\/www.fecarotta.com\\\/it\\\/#\\\/schema\\\/logo\\\/image\\\/\"},\"sameAs\":[\"https:\\\/\\\/www.facebook.com\\\/fecarottagioielli\",\"http:\\\/\\\/www.instagram.com\\\/fecarotta.it\",\"https:\\\/\\\/www.linkedin.com\\\/company\\\/fecarotta-it\\\/\",\"https:\\\/\\\/api.whatsapp.com\\\/send?phone=393913323691&text=Salve, vorrei qualche informazione in merito ai vostri prodotti.\"]}]}<\/script>\n<!-- \/ Yoast SEO plugin. -->","yoast_head_json":{"title":"Vaso FAZZOLETTO VENINI frozen h.24 - Fecarotta Gioielli","description":"Vaso FAZZOLETTO VENINI UVA ROSSO. Acquista le collezioni dei vetri Venini su fecarotta.it con codice sconto e coupon di benvenuto","robots":{"index":"index","follow":"follow","max-snippet":"max-snippet:-1","max-image-preview":"max-image-preview:large","max-video-preview":"max-video-preview:-1"},"canonical":"https:\/\/www.fecarotta.com\/it\/prodotto\/vaso-fazzoletto-venini-cristallo\/","og_locale":"it_IT","og_type":"article","og_title":"Vaso FAZZOLETTO VENINI frozen h.24 - Fecarotta Gioielli","og_description":"Vaso FAZZOLETTO VENINI UVA ROSSO. Acquista le collezioni dei vetri Venini su fecarotta.it con codice sconto e coupon di benvenuto","og_url":"https:\/\/www.fecarotta.com\/it\/prodotto\/vaso-fazzoletto-venini-cristallo\/","og_site_name":"Fecarotta Gioielli","article_publisher":"https:\/\/www.facebook.com\/fecarottagioielli","article_modified_time":"2026-04-01T09:15:31+00:00","og_image":[{"width":1000,"height":1000,"url":"https:\/\/storage1208.cdn-immedia.net\/wp-content\/uploads\/2022\/12\/70002_oro.jpg","type":"image\/jpeg"}],"twitter_card":"summary_large_image","twitter_misc":{"Tempo di lettura stimato":"2 minuti"},"schema":{"@context":"https:\/\/schema.org","@graph":[{"@type":"WebPage","@id":"https:\/\/www.fecarotta.com\/it\/prodotto\/vaso-fazzoletto-venini-cristallo\/","url":"https:\/\/www.fecarotta.com\/it\/prodotto\/vaso-fazzoletto-venini-cristallo\/","name":"Vaso FAZZOLETTO VENINI frozen h.24 - Fecarotta Gioielli","isPartOf":{"@id":"https:\/\/www.fecarotta.com\/it\/#website"},"primaryImageOfPage":{"@id":"https:\/\/www.fecarotta.com\/it\/prodotto\/vaso-fazzoletto-venini-cristallo\/#primaryimage"},"image":{"@id":"https:\/\/www.fecarotta.com\/it\/prodotto\/vaso-fazzoletto-venini-cristallo\/#primaryimage"},"thumbnailUrl":"https:\/\/storage1208.cdn-immedia.net\/wp-content\/uploads\/2022\/12\/70002_oro.jpg","datePublished":"2022-12-16T15:23:04+00:00","dateModified":"2026-04-01T09:15:31+00:00","description":"Vaso FAZZOLETTO VENINI UVA ROSSO. Acquista le collezioni dei vetri Venini su fecarotta.it con codice sconto e coupon di benvenuto","breadcrumb":{"@id":"https:\/\/www.fecarotta.com\/it\/prodotto\/vaso-fazzoletto-venini-cristallo\/#breadcrumb"},"inLanguage":"it-IT","potentialAction":[{"@type":"ReadAction","target":["https:\/\/www.fecarotta.com\/it\/prodotto\/vaso-fazzoletto-venini-cristallo\/"]}]},{"@type":"ImageObject","inLanguage":"it-IT","@id":"https:\/\/www.fecarotta.com\/it\/prodotto\/vaso-fazzoletto-venini-cristallo\/#primaryimage","url":"https:\/\/storage1208.cdn-immedia.net\/wp-content\/uploads\/2022\/12\/70002_oro.jpg","contentUrl":"https:\/\/storage1208.cdn-immedia.net\/wp-content\/uploads\/2022\/12\/70002_oro.jpg","width":1000,"height":1000},{"@type":"BreadcrumbList","@id":"https:\/\/www.fecarotta.com\/it\/prodotto\/vaso-fazzoletto-venini-cristallo\/#breadcrumb","itemListElement":[{"@type":"ListItem","position":1,"name":"Home","item":"https:\/\/www.fecarotta.com\/it\/"},{"@type":"ListItem","position":2,"name":"Negozio","item":"https:\/\/www.fecarotta.com\/it\/negozio\/"},{"@type":"ListItem","position":3,"name":"Vaso FAZZOLETTO VENINI frozen h.24"}]},{"@type":"WebSite","@id":"https:\/\/www.fecarotta.com\/it\/#website","url":"https:\/\/www.fecarotta.com\/it\/","name":"Fecarotta Gioielli","description":"","publisher":{"@id":"https:\/\/www.fecarotta.com\/it\/#organization"},"potentialAction":[{"@type":"SearchAction","target":{"@type":"EntryPoint","urlTemplate":"https:\/\/www.fecarotta.com\/it\/?s={search_term_string}"},"query-input":{"@type":"PropertyValueSpecification","valueRequired":true,"valueName":"search_term_string"}}],"inLanguage":"it-IT"},{"@type":"Organization","@id":"https:\/\/www.fecarotta.com\/it\/#organization","name":"Fecarotta Gioielli","url":"https:\/\/www.fecarotta.com\/it\/","logo":{"@type":"ImageObject","inLanguage":"it-IT","@id":"https:\/\/www.fecarotta.com\/it\/#\/schema\/logo\/image\/","url":"https:\/\/storage1208.cdn-immedia.net\/wp-content\/uploads\/2025\/03\/logo-gmb-fecarotta.jpg","contentUrl":"https:\/\/storage1208.cdn-immedia.net\/wp-content\/uploads\/2025\/03\/logo-gmb-fecarotta.jpg","width":500,"height":500,"caption":"Fecarotta Gioielli"},"image":{"@id":"https:\/\/www.fecarotta.com\/it\/#\/schema\/logo\/image\/"},"sameAs":["https:\/\/www.facebook.com\/fecarottagioielli","http:\/\/www.instagram.com\/fecarotta.it","https:\/\/www.linkedin.com\/company\/fecarotta-it\/","https:\/\/api.whatsapp.com\/send?phone=393913323691&text=Salve, vorrei qualche informazione in merito ai vostri prodotti."]}]}},"_links":{"self":[{"href":"https:\/\/www.fecarotta.com\/it\/wp-json\/wp\/v2\/product\/113124","targetHints":{"allow":["GET"]}}],"collection":[{"href":"https:\/\/www.fecarotta.com\/it\/wp-json\/wp\/v2\/product"}],"about":[{"href":"https:\/\/www.fecarotta.com\/it\/wp-json\/wp\/v2\/types\/product"}],"wp:featuredmedia":[{"embeddable":true,"href":"https:\/\/www.fecarotta.com\/it\/wp-json\/wp\/v2\/media\/113126"}],"wp:attachment":[{"href":"https:\/\/www.fecarotta.com\/it\/wp-json\/wp\/v2\/media?parent=113124"}],"wp:term":[{"taxonomy":"product_brand","embeddable":true,"href":"https:\/\/www.fecarotta.com\/it\/wp-json\/wp\/v2\/product_brand?post=113124"},{"taxonomy":"product_cat","embeddable":true,"href":"https:\/\/www.fecarotta.com\/it\/wp-json\/wp\/v2\/product_cat?post=113124"},{"taxonomy":"product_tag","embeddable":true,"href":"https:\/\/www.fecarotta.com\/it\/wp-json\/wp\/v2\/product_tag?post=113124"}],"curies":[{"name":"wp","href":"https:\/\/api.w.org\/{rel}","templated":true}]}}