{"id":110184,"date":"2022-02-24T17:11:44","date_gmt":"2022-02-24T17:11:44","guid":{"rendered":"https:\/\/www.fecarotta.com\/?post_type=product&#038;p=110184"},"modified":"2026-04-22T16:46:44","modified_gmt":"2026-04-22T16:46:44","slug":"gucci-anello-interlocking-g-18-carati-con-topazio","status":"publish","type":"product","link":"https:\/\/www.fecarotta.com\/it\/prodotto\/gucci-anello-interlocking-g-18-carati-con-topazio\/","title":{"rendered":"Anello GUCCI Interlocking 18 carati topazio"},"content":{"rendered":"<p class=\"accordion-button\">Gucci Anello Interlocking G 18 carati con topazio<\/p>\n<p class=\"accordion-button\">DETTAGLI PRODOTTO<br \/>\nStile \u200e662428 J8550 4200<br \/>\nIn questo anello, l&#8217;emblematico logo GG viene presentato in oro bianco 18 carati. Differenti combinazioni del logo sembrano qui ciondoli a forma di fiore con un delicato topazio azzurro al centro.<\/p>\n<p>Oro bianco 18 carati<br \/>\nDettagli GG<br \/>\n1 topazio, per un totale di 0,3 carati circa<br \/>\nCastone: 6,5 mm x 6,5 mm<br \/>\nLarghezza fascia: 6,6 mm<br \/>\nFabbricato in Italia<br \/>\nGucci garantisce, al proprio interno e nella propria filiera, il rispetto degli standard di Responsabilit\u00e0 Sociale e Ambientale in linea con la sua strategia di sostenibilit\u00e0. L\u2019oro, il platino e i diamanti Gucci sono certificati dal Responsible Jewellery Council, istituito per promuovere pratiche etiche, sociali e ambientali responsabili, volte a garantire il rispetto dei diritti umani in tutta la filiera dell\u2019oro e dei diamanti, dalle miniere alla vendita<\/p>\n<div id=\"product-details\" class=\"accordion-drawer\">\n<div class=\"product-detail\">\n<h5>La Storia<\/h5>\n<p>Gucci \u00e8 uno dei brand italiani di alta moda tra i pi\u00f9 famosi del mondo, e i suoi orologi e gioielli rispecchiano appieno la tradizione di stile e originalit\u00e0 di cui l\u2019azienda fondata a Firenze da Guccio Gucci nell\u2019ormai lontano 1921 si \u00e8 sempre fatta portabandiera.<\/p>\n<p>Nel 1921 Guccio Gucci fond\u00f2 a Firenze l\u2019azienda omonima per la produzione di articoli di pelletteria, guanti e valigeria. Nel 1923 il primo marchio della casa di moda riportava solamente il nome del fondatore nel carattere calligra\ufb01co, probabilmente derivato dalla sua \ufb01rma.<\/p>\n<p>E&#8217; il 1960 Aldo Gucci, uno dei tre \ufb01gli di Guccio, disegna il simbolo con le due \u201cG\u201d incrociate, chiaro riferimento alle iniziali del fondatore; questo segno grafico, non ancora diventato il marchio dell\u2019azienda, viene riproposto in diverse fogge e cio\u00e8; fuse in un cerchio, contrapposte, invertite e in forma astratta. Quindi nel 1971 il logot\u00ecpo sar\u00e0 composto con un carattere graziato mentre solo nel 1992,con la direzione artistica di Alessandro Michele, comparir\u00e0 ufficialmente nel marchio aziendale il simbolo della doppia \u201cG\u201d, fino ad allora utilizzato solo come griffe sulle borse, calzature e cinture.<\/p>\n<p>A partire dal 1998 la comunicazione ufficiale sar\u00e0 affidata al solo logot\u00ecpo composto con carattere graziato lapidario, molto spaziato; \u00e8 con questo marchio che l\u2019azienda si presenta nel mondo come espressione distintiva del \u201cmade in Italy\u201d.<\/p>\n<p>Nel 2019 il nuovo monogramma Gucci impreziosisce gli accessori come gioielli e borse; presenta le due G sovrapposte e rivolte entrambe a destra.<\/p>\n<p>Ogni oggetto \u00e8 corredato\u00a0 dalla confezione originale. FG Fecarotta Gioielli \u00e8 concessionario ufficiale del marchio Gucci.&#8221;<\/p>\n<p>&nbsp;<\/p>\n<p>&nbsp;<\/p>\n<p>&nbsp;<\/p>\n<p><a href=\"https:\/\/www.fecarotta.com\/it\/fecarotta-gioielli-company\/\" target=\"_blank\" rel=\"noopener noreferrer\">La nostra Azienda<\/a><\/p>\n<p><a href=\"https:\/\/www.youtube.com\/user\/gucciofficial\" target=\"_blank\" rel=\"noopener noreferrer\">Gucci official video<\/a><\/p>\n<\/div>\n<\/div>\n","protected":false},"excerpt":{"rendered":"<div id=\"product-details\" class=\"accordion-drawer\">\n<div class=\"product-detail\">\n<p>Gucci Anello Interlocking G 18 carati con topazio<\/p>\n<\/div>\n<\/div>\n","protected":false},"featured_media":110188,"template":"","meta":{"_acf_changed":false},"product_brand":[],"product_cat":[96,2310,27],"product_tag":[],"class_list":{"0":"post-110184","1":"product","2":"type-product","3":"status-publish","4":"has-post-thumbnail","6":"product_cat-anelli","7":"product_cat-donna","8":"product_cat-gioielli","9":"pa_brand-gucci-gioielli","10":"pa_collection-interlocking-g","11":"pa_gender-donna","12":"pa_size-814","14":"first","15":"instock","16":"shipping-taxable","17":"purchasable","18":"product-type-variable","19":"add-to-wishlist-before_image"},"acf":[],"yoast_head":"<!-- This site is optimized with the Yoast SEO plugin v27.5 - https:\/\/yoast.com\/product\/yoast-seo-wordpress\/ -->\n<title>Anello GUCCI Interlocking 18 carati topazio - Fecarotta Gioielli<\/title>\n<meta name=\"description\" content=\"Anello GUCCI Interlocking 18 carati topazio Acquista online con codice sconto\" \/>\n<meta name=\"robots\" content=\"index, follow, max-snippet:-1, max-image-preview:large, max-video-preview:-1\" \/>\n<link rel=\"canonical\" href=\"https:\/\/www.fecarotta.com\/it\/prodotto\/gucci-anello-interlocking-g-18-carati-con-topazio\/\" \/>\n<meta property=\"og:locale\" content=\"it_IT\" \/>\n<meta property=\"og:type\" content=\"article\" \/>\n<meta property=\"og:title\" content=\"Anello GUCCI Interlocking 18 carati topazio - Fecarotta Gioielli\" \/>\n<meta property=\"og:description\" content=\"Anello GUCCI Interlocking 18 carati topazio Acquista online con codice sconto\" \/>\n<meta property=\"og:url\" content=\"https:\/\/www.fecarotta.com\/it\/prodotto\/gucci-anello-interlocking-g-18-carati-con-topazio\/\" \/>\n<meta property=\"og:site_name\" content=\"Fecarotta Gioielli\" \/>\n<meta property=\"article:publisher\" content=\"https:\/\/www.facebook.com\/fecarottagioielli\" \/>\n<meta property=\"article:modified_time\" content=\"2026-04-22T16:46:44+00:00\" \/>\n<meta property=\"og:image\" content=\"https:\/\/storage1208.cdn-immedia.net\/wp-content\/uploads\/2022\/07\/662428-J8550-4200-.jpg\" \/>\n\t<meta property=\"og:image:width\" content=\"1080\" \/>\n\t<meta property=\"og:image:height\" content=\"1080\" \/>\n\t<meta property=\"og:image:type\" content=\"image\/jpeg\" \/>\n<meta name=\"twitter:card\" content=\"summary_large_image\" \/>\n<meta name=\"twitter:label1\" content=\"Tempo di lettura stimato\" \/>\n\t<meta name=\"twitter:data1\" content=\"2 minuti\" \/>\n<script type=\"application\/ld+json\" class=\"yoast-schema-graph\">{\"@context\":\"https:\\\/\\\/schema.org\",\"@graph\":[{\"@type\":\"WebPage\",\"@id\":\"https:\\\/\\\/www.fecarotta.com\\\/it\\\/prodotto\\\/gucci-anello-interlocking-g-18-carati-con-topazio\\\/\",\"url\":\"https:\\\/\\\/www.fecarotta.com\\\/it\\\/prodotto\\\/gucci-anello-interlocking-g-18-carati-con-topazio\\\/\",\"name\":\"Anello GUCCI Interlocking 18 carati topazio - Fecarotta Gioielli\",\"isPartOf\":{\"@id\":\"https:\\\/\\\/www.fecarotta.com\\\/it\\\/#website\"},\"primaryImageOfPage\":{\"@id\":\"https:\\\/\\\/www.fecarotta.com\\\/it\\\/prodotto\\\/gucci-anello-interlocking-g-18-carati-con-topazio\\\/#primaryimage\"},\"image\":{\"@id\":\"https:\\\/\\\/www.fecarotta.com\\\/it\\\/prodotto\\\/gucci-anello-interlocking-g-18-carati-con-topazio\\\/#primaryimage\"},\"thumbnailUrl\":\"https:\\\/\\\/www.fecarotta.com\\\/wp-content\\\/uploads\\\/2022\\\/07\\\/662428-J8550-4200-.jpg\",\"datePublished\":\"2022-02-24T17:11:44+00:00\",\"dateModified\":\"2026-04-22T16:46:44+00:00\",\"description\":\"Anello GUCCI Interlocking 18 carati topazio Acquista online con codice sconto\",\"breadcrumb\":{\"@id\":\"https:\\\/\\\/www.fecarotta.com\\\/it\\\/prodotto\\\/gucci-anello-interlocking-g-18-carati-con-topazio\\\/#breadcrumb\"},\"inLanguage\":\"it-IT\",\"potentialAction\":[{\"@type\":\"ReadAction\",\"target\":[\"https:\\\/\\\/www.fecarotta.com\\\/it\\\/prodotto\\\/gucci-anello-interlocking-g-18-carati-con-topazio\\\/\"]}]},{\"@type\":\"ImageObject\",\"inLanguage\":\"it-IT\",\"@id\":\"https:\\\/\\\/www.fecarotta.com\\\/it\\\/prodotto\\\/gucci-anello-interlocking-g-18-carati-con-topazio\\\/#primaryimage\",\"url\":\"https:\\\/\\\/www.fecarotta.com\\\/wp-content\\\/uploads\\\/2022\\\/07\\\/662428-J8550-4200-.jpg\",\"contentUrl\":\"https:\\\/\\\/www.fecarotta.com\\\/wp-content\\\/uploads\\\/2022\\\/07\\\/662428-J8550-4200-.jpg\",\"width\":1080,\"height\":1080},{\"@type\":\"BreadcrumbList\",\"@id\":\"https:\\\/\\\/www.fecarotta.com\\\/it\\\/prodotto\\\/gucci-anello-interlocking-g-18-carati-con-topazio\\\/#breadcrumb\",\"itemListElement\":[{\"@type\":\"ListItem\",\"position\":1,\"name\":\"Home\",\"item\":\"https:\\\/\\\/www.fecarotta.com\\\/it\\\/\"},{\"@type\":\"ListItem\",\"position\":2,\"name\":\"Negozio\",\"item\":\"https:\\\/\\\/www.fecarotta.com\\\/it\\\/negozio\\\/\"},{\"@type\":\"ListItem\",\"position\":3,\"name\":\"Anello GUCCI Interlocking 18 carati topazio\"}]},{\"@type\":\"WebSite\",\"@id\":\"https:\\\/\\\/www.fecarotta.com\\\/it\\\/#website\",\"url\":\"https:\\\/\\\/www.fecarotta.com\\\/it\\\/\",\"name\":\"Fecarotta Gioielli\",\"description\":\"\",\"publisher\":{\"@id\":\"https:\\\/\\\/www.fecarotta.com\\\/it\\\/#organization\"},\"potentialAction\":[{\"@type\":\"SearchAction\",\"target\":{\"@type\":\"EntryPoint\",\"urlTemplate\":\"https:\\\/\\\/www.fecarotta.com\\\/it\\\/?s={search_term_string}\"},\"query-input\":{\"@type\":\"PropertyValueSpecification\",\"valueRequired\":true,\"valueName\":\"search_term_string\"}}],\"inLanguage\":\"it-IT\"},{\"@type\":\"Organization\",\"@id\":\"https:\\\/\\\/www.fecarotta.com\\\/it\\\/#organization\",\"name\":\"Fecarotta Gioielli\",\"url\":\"https:\\\/\\\/www.fecarotta.com\\\/it\\\/\",\"logo\":{\"@type\":\"ImageObject\",\"inLanguage\":\"it-IT\",\"@id\":\"https:\\\/\\\/www.fecarotta.com\\\/it\\\/#\\\/schema\\\/logo\\\/image\\\/\",\"url\":\"https:\\\/\\\/www.fecarotta.com\\\/wp-content\\\/uploads\\\/2025\\\/03\\\/logo-gmb-fecarotta.jpg\",\"contentUrl\":\"https:\\\/\\\/www.fecarotta.com\\\/wp-content\\\/uploads\\\/2025\\\/03\\\/logo-gmb-fecarotta.jpg\",\"width\":500,\"height\":500,\"caption\":\"Fecarotta Gioielli\"},\"image\":{\"@id\":\"https:\\\/\\\/www.fecarotta.com\\\/it\\\/#\\\/schema\\\/logo\\\/image\\\/\"},\"sameAs\":[\"https:\\\/\\\/www.facebook.com\\\/fecarottagioielli\",\"http:\\\/\\\/www.instagram.com\\\/fecarotta.it\",\"https:\\\/\\\/www.linkedin.com\\\/company\\\/fecarotta-it\\\/\",\"https:\\\/\\\/api.whatsapp.com\\\/send?phone=393913323691&text=Salve, vorrei qualche informazione in merito ai vostri prodotti.\"]}]}<\/script>\n<!-- \/ Yoast SEO plugin. -->","yoast_head_json":{"title":"Anello GUCCI Interlocking 18 carati topazio - Fecarotta Gioielli","description":"Anello GUCCI Interlocking 18 carati topazio Acquista online con codice sconto","robots":{"index":"index","follow":"follow","max-snippet":"max-snippet:-1","max-image-preview":"max-image-preview:large","max-video-preview":"max-video-preview:-1"},"canonical":"https:\/\/www.fecarotta.com\/it\/prodotto\/gucci-anello-interlocking-g-18-carati-con-topazio\/","og_locale":"it_IT","og_type":"article","og_title":"Anello GUCCI Interlocking 18 carati topazio - Fecarotta Gioielli","og_description":"Anello GUCCI Interlocking 18 carati topazio Acquista online con codice sconto","og_url":"https:\/\/www.fecarotta.com\/it\/prodotto\/gucci-anello-interlocking-g-18-carati-con-topazio\/","og_site_name":"Fecarotta Gioielli","article_publisher":"https:\/\/www.facebook.com\/fecarottagioielli","article_modified_time":"2026-04-22T16:46:44+00:00","og_image":[{"width":1080,"height":1080,"url":"https:\/\/storage1208.cdn-immedia.net\/wp-content\/uploads\/2022\/07\/662428-J8550-4200-.jpg","type":"image\/jpeg"}],"twitter_card":"summary_large_image","twitter_misc":{"Tempo di lettura stimato":"2 minuti"},"schema":{"@context":"https:\/\/schema.org","@graph":[{"@type":"WebPage","@id":"https:\/\/www.fecarotta.com\/it\/prodotto\/gucci-anello-interlocking-g-18-carati-con-topazio\/","url":"https:\/\/www.fecarotta.com\/it\/prodotto\/gucci-anello-interlocking-g-18-carati-con-topazio\/","name":"Anello GUCCI Interlocking 18 carati topazio - Fecarotta Gioielli","isPartOf":{"@id":"https:\/\/www.fecarotta.com\/it\/#website"},"primaryImageOfPage":{"@id":"https:\/\/www.fecarotta.com\/it\/prodotto\/gucci-anello-interlocking-g-18-carati-con-topazio\/#primaryimage"},"image":{"@id":"https:\/\/www.fecarotta.com\/it\/prodotto\/gucci-anello-interlocking-g-18-carati-con-topazio\/#primaryimage"},"thumbnailUrl":"https:\/\/storage1208.cdn-immedia.net\/wp-content\/uploads\/2022\/07\/662428-J8550-4200-.jpg","datePublished":"2022-02-24T17:11:44+00:00","dateModified":"2026-04-22T16:46:44+00:00","description":"Anello GUCCI Interlocking 18 carati topazio Acquista online con codice sconto","breadcrumb":{"@id":"https:\/\/www.fecarotta.com\/it\/prodotto\/gucci-anello-interlocking-g-18-carati-con-topazio\/#breadcrumb"},"inLanguage":"it-IT","potentialAction":[{"@type":"ReadAction","target":["https:\/\/www.fecarotta.com\/it\/prodotto\/gucci-anello-interlocking-g-18-carati-con-topazio\/"]}]},{"@type":"ImageObject","inLanguage":"it-IT","@id":"https:\/\/www.fecarotta.com\/it\/prodotto\/gucci-anello-interlocking-g-18-carati-con-topazio\/#primaryimage","url":"https:\/\/storage1208.cdn-immedia.net\/wp-content\/uploads\/2022\/07\/662428-J8550-4200-.jpg","contentUrl":"https:\/\/storage1208.cdn-immedia.net\/wp-content\/uploads\/2022\/07\/662428-J8550-4200-.jpg","width":1080,"height":1080},{"@type":"BreadcrumbList","@id":"https:\/\/www.fecarotta.com\/it\/prodotto\/gucci-anello-interlocking-g-18-carati-con-topazio\/#breadcrumb","itemListElement":[{"@type":"ListItem","position":1,"name":"Home","item":"https:\/\/www.fecarotta.com\/it\/"},{"@type":"ListItem","position":2,"name":"Negozio","item":"https:\/\/www.fecarotta.com\/it\/negozio\/"},{"@type":"ListItem","position":3,"name":"Anello GUCCI Interlocking 18 carati topazio"}]},{"@type":"WebSite","@id":"https:\/\/www.fecarotta.com\/it\/#website","url":"https:\/\/www.fecarotta.com\/it\/","name":"Fecarotta Gioielli","description":"","publisher":{"@id":"https:\/\/www.fecarotta.com\/it\/#organization"},"potentialAction":[{"@type":"SearchAction","target":{"@type":"EntryPoint","urlTemplate":"https:\/\/www.fecarotta.com\/it\/?s={search_term_string}"},"query-input":{"@type":"PropertyValueSpecification","valueRequired":true,"valueName":"search_term_string"}}],"inLanguage":"it-IT"},{"@type":"Organization","@id":"https:\/\/www.fecarotta.com\/it\/#organization","name":"Fecarotta Gioielli","url":"https:\/\/www.fecarotta.com\/it\/","logo":{"@type":"ImageObject","inLanguage":"it-IT","@id":"https:\/\/www.fecarotta.com\/it\/#\/schema\/logo\/image\/","url":"https:\/\/storage1208.cdn-immedia.net\/wp-content\/uploads\/2025\/03\/logo-gmb-fecarotta.jpg","contentUrl":"https:\/\/storage1208.cdn-immedia.net\/wp-content\/uploads\/2025\/03\/logo-gmb-fecarotta.jpg","width":500,"height":500,"caption":"Fecarotta Gioielli"},"image":{"@id":"https:\/\/www.fecarotta.com\/it\/#\/schema\/logo\/image\/"},"sameAs":["https:\/\/www.facebook.com\/fecarottagioielli","http:\/\/www.instagram.com\/fecarotta.it","https:\/\/www.linkedin.com\/company\/fecarotta-it\/","https:\/\/api.whatsapp.com\/send?phone=393913323691&text=Salve, vorrei qualche informazione in merito ai vostri prodotti."]}]}},"_links":{"self":[{"href":"https:\/\/www.fecarotta.com\/it\/wp-json\/wp\/v2\/product\/110184","targetHints":{"allow":["GET"]}}],"collection":[{"href":"https:\/\/www.fecarotta.com\/it\/wp-json\/wp\/v2\/product"}],"about":[{"href":"https:\/\/www.fecarotta.com\/it\/wp-json\/wp\/v2\/types\/product"}],"wp:featuredmedia":[{"embeddable":true,"href":"https:\/\/www.fecarotta.com\/it\/wp-json\/wp\/v2\/media\/110188"}],"wp:attachment":[{"href":"https:\/\/www.fecarotta.com\/it\/wp-json\/wp\/v2\/media?parent=110184"}],"wp:term":[{"taxonomy":"product_brand","embeddable":true,"href":"https:\/\/www.fecarotta.com\/it\/wp-json\/wp\/v2\/product_brand?post=110184"},{"taxonomy":"product_cat","embeddable":true,"href":"https:\/\/www.fecarotta.com\/it\/wp-json\/wp\/v2\/product_cat?post=110184"},{"taxonomy":"product_tag","embeddable":true,"href":"https:\/\/www.fecarotta.com\/it\/wp-json\/wp\/v2\/product_tag?post=110184"}],"curies":[{"name":"wp","href":"https:\/\/api.w.org\/{rel}","templated":true}]}}