{"id":109453,"date":"2022-06-13T06:00:31","date_gmt":"2022-06-13T06:00:31","guid":{"rendered":"https:\/\/www.fecarotta.com\/?post_type=product&#038;p=109453"},"modified":"2025-07-05T16:11:37","modified_gmt":"2025-07-05T16:11:37","slug":"orologio-bvlgari-bvlgari-5","status":"publish","type":"product","link":"https:\/\/www.fecarotta.com\/it\/prodotto\/orologio-bvlgari-bvlgari-5\/","title":{"rendered":"Orologio BVLGARI BVLGARI"},"content":{"rendered":"<div class=\"cell description medium-shrink\">\n<div class=\"tab-container active\">\n<div class=\"grid-container text-center card-description-small\" style=\"text-align: left\">\n<p>Dotato di un movimento di manifattura interamente realizzato in-house, l\u2019orologio BVLGARI BVLGARI Solotempo unisce all\u2019eccellenza dell\u2019orologeria svizzera il talento creativo del design italiano. Rievocando le origini romane della Maison, la collezione BVLGARI BVLGARI \u00e8 un perfetto connubio tra eleganza e performance, tradizione e modernit\u00e0. Una collezione dal fascino iconico che da oltre quarant\u2019anni incarna pienamente l\u2019audacia dello stile Bvlgari. Ispirato alle iscrizioni incise lungo il bordo delle antiche monete romane, il doppio logo \u00e8 oggi un simbolo dell\u2019impareggiabile maestria di Bvlgari nel tradurre la ricca tradizione del marchio in nuove creazioni dall\u2019eleganza senza tempo.<\/p>\n<\/div>\n<\/div>\n<\/div>\n<p>&nbsp;<\/p>\n<p>&nbsp;<\/p>\n<div class=\"cell description medium-shrink\">\n<div class=\"tab-container active\">\n<div class=\"grid-container text-center card-description-small\" style=\"text-align: left\">\n<p>Orologio bvlgari bvlgari\u00a0Solotempo con movimento meccanico di manifattura a carica automatica e datario, calibro BVL 191 &#8211; Solotempo con finiture c\u00f4tes de Gen\u00e8ve, anglage e colima\u00e7onnage, cassa di 41 mm in acciaio inossidabile, lunetta in acciaio inossidabile con doppio logo, corona in acciaio inossidabile, quadrante nero e bracciale con fibbia d\u00e9ployante in acciaio inossidabile.<\/p>\n<p>&nbsp;<\/p>\n<p>Diametro (mm): 41<br \/>\nForma della cassa: Rotonda<br \/>\nFunzioni: Ora-minuti-Secondi-data<br \/>\nTipo di movimento: Automatico<br \/>\nMateriale del cinturino: Acciaio inossidabile<br \/>\nRiserva di carica: 42 hours<br \/>\nFrequenza: 28&#8217;800 VpH (4Hz)<br \/>\nImpermeabilit\u00e0: 50 m<br \/>\nFibbia: Fibbia ad Ardiglione<br \/>\nFabbricato in: Svizzera<br \/>\nMateriale: Acciaio<br \/>\nMisura: M<br \/>\nColore: Nero<\/p>\n<\/div>\n<\/div>\n<\/div>\n<p>&nbsp;<\/p>\n","protected":false},"excerpt":{"rendered":"<p>Orologio BVLGARI BVLGARI Solotempo con movimento meccanico di manifattura a carica automatica e datario.<\/p>\n","protected":false},"featured_media":109457,"template":"","meta":{"_acf_changed":false},"product_brand":[],"product_cat":[24,206,99,2304],"product_tag":[3091,3138,3113],"class_list":{"0":"post-109453","1":"product","2":"type-product","3":"status-publish","4":"has-post-thumbnail","6":"product_cat-non-vendibile-online","7":"product_cat-orologi","8":"product_cat-orologi-automatici","9":"product_cat-uomo","10":"product_tag-bvlgari","11":"product_tag-bvlgari-bvlgari","12":"product_tag-orologio-bulgari","13":"pa_brand-bulgari","14":"pa_collection-bvlgari-bvlgari","15":"pa_gender-uomo","17":"first","18":"outofstock","19":"purchasable","20":"product-type-simple","21":"add-to-wishlist-before_image"},"acf":[],"yoast_head":"<!-- This site is optimized with the Yoast SEO plugin v27.5 - https:\/\/yoast.com\/product\/yoast-seo-wordpress\/ -->\n<title>Orologio BVLGARI BVLGARI - Fecarotta Gioielli<\/title>\n<meta name=\"description\" content=\"Orologio BVLGARI BVLGARI Resort Limited Edition\" \/>\n<meta name=\"robots\" content=\"index, follow, max-snippet:-1, max-image-preview:large, max-video-preview:-1\" \/>\n<link rel=\"canonical\" href=\"https:\/\/www.fecarotta.com\/it\/prodotto\/orologio-bvlgari-bvlgari-5\/\" \/>\n<meta property=\"og:locale\" content=\"it_IT\" \/>\n<meta property=\"og:type\" content=\"article\" \/>\n<meta property=\"og:title\" content=\"Orologio BVLGARI BVLGARI - Fecarotta Gioielli\" \/>\n<meta property=\"og:description\" content=\"Orologio BVLGARI BVLGARI Resort Limited Edition\" \/>\n<meta property=\"og:url\" content=\"https:\/\/www.fecarotta.com\/it\/prodotto\/orologio-bvlgari-bvlgari-5\/\" \/>\n<meta property=\"og:site_name\" content=\"Fecarotta Gioielli\" \/>\n<meta property=\"article:publisher\" content=\"https:\/\/www.facebook.com\/fecarottagioielli\" \/>\n<meta property=\"article:modified_time\" content=\"2025-07-05T16:11:37+00:00\" \/>\n<meta property=\"og:image\" content=\"https:\/\/storage1208.cdn-immedia.net\/wp-content\/uploads\/2022\/06\/30.jpg\" \/>\n\t<meta property=\"og:image:width\" content=\"1080\" \/>\n\t<meta property=\"og:image:height\" content=\"1080\" \/>\n\t<meta property=\"og:image:type\" content=\"image\/jpeg\" \/>\n<meta name=\"twitter:card\" content=\"summary_large_image\" \/>\n<meta name=\"twitter:label1\" content=\"Tempo di lettura stimato\" \/>\n\t<meta name=\"twitter:data1\" content=\"2 minuti\" \/>\n<script type=\"application\/ld+json\" class=\"yoast-schema-graph\">{\"@context\":\"https:\\\/\\\/schema.org\",\"@graph\":[{\"@type\":\"WebPage\",\"@id\":\"https:\\\/\\\/www.fecarotta.com\\\/it\\\/prodotto\\\/orologio-bvlgari-bvlgari-5\\\/\",\"url\":\"https:\\\/\\\/www.fecarotta.com\\\/it\\\/prodotto\\\/orologio-bvlgari-bvlgari-5\\\/\",\"name\":\"Orologio BVLGARI BVLGARI - Fecarotta Gioielli\",\"isPartOf\":{\"@id\":\"https:\\\/\\\/www.fecarotta.com\\\/it\\\/#website\"},\"primaryImageOfPage\":{\"@id\":\"https:\\\/\\\/www.fecarotta.com\\\/it\\\/prodotto\\\/orologio-bvlgari-bvlgari-5\\\/#primaryimage\"},\"image\":{\"@id\":\"https:\\\/\\\/www.fecarotta.com\\\/it\\\/prodotto\\\/orologio-bvlgari-bvlgari-5\\\/#primaryimage\"},\"thumbnailUrl\":\"https:\\\/\\\/www.fecarotta.com\\\/wp-content\\\/uploads\\\/2022\\\/06\\\/30.jpg\",\"datePublished\":\"2022-06-13T06:00:31+00:00\",\"dateModified\":\"2025-07-05T16:11:37+00:00\",\"description\":\"Orologio BVLGARI BVLGARI Resort Limited Edition\",\"breadcrumb\":{\"@id\":\"https:\\\/\\\/www.fecarotta.com\\\/it\\\/prodotto\\\/orologio-bvlgari-bvlgari-5\\\/#breadcrumb\"},\"inLanguage\":\"it-IT\",\"potentialAction\":[{\"@type\":\"ReadAction\",\"target\":[\"https:\\\/\\\/www.fecarotta.com\\\/it\\\/prodotto\\\/orologio-bvlgari-bvlgari-5\\\/\"]}]},{\"@type\":\"ImageObject\",\"inLanguage\":\"it-IT\",\"@id\":\"https:\\\/\\\/www.fecarotta.com\\\/it\\\/prodotto\\\/orologio-bvlgari-bvlgari-5\\\/#primaryimage\",\"url\":\"https:\\\/\\\/www.fecarotta.com\\\/wp-content\\\/uploads\\\/2022\\\/06\\\/30.jpg\",\"contentUrl\":\"https:\\\/\\\/www.fecarotta.com\\\/wp-content\\\/uploads\\\/2022\\\/06\\\/30.jpg\",\"width\":1080,\"height\":1080},{\"@type\":\"BreadcrumbList\",\"@id\":\"https:\\\/\\\/www.fecarotta.com\\\/it\\\/prodotto\\\/orologio-bvlgari-bvlgari-5\\\/#breadcrumb\",\"itemListElement\":[{\"@type\":\"ListItem\",\"position\":1,\"name\":\"Home\",\"item\":\"https:\\\/\\\/www.fecarotta.com\\\/it\\\/\"},{\"@type\":\"ListItem\",\"position\":2,\"name\":\"Negozio\",\"item\":\"https:\\\/\\\/www.fecarotta.com\\\/it\\\/negozio\\\/\"},{\"@type\":\"ListItem\",\"position\":3,\"name\":\"Orologio BVLGARI BVLGARI\"}]},{\"@type\":\"WebSite\",\"@id\":\"https:\\\/\\\/www.fecarotta.com\\\/it\\\/#website\",\"url\":\"https:\\\/\\\/www.fecarotta.com\\\/it\\\/\",\"name\":\"Fecarotta Gioielli\",\"description\":\"\",\"publisher\":{\"@id\":\"https:\\\/\\\/www.fecarotta.com\\\/it\\\/#organization\"},\"potentialAction\":[{\"@type\":\"SearchAction\",\"target\":{\"@type\":\"EntryPoint\",\"urlTemplate\":\"https:\\\/\\\/www.fecarotta.com\\\/it\\\/?s={search_term_string}\"},\"query-input\":{\"@type\":\"PropertyValueSpecification\",\"valueRequired\":true,\"valueName\":\"search_term_string\"}}],\"inLanguage\":\"it-IT\"},{\"@type\":\"Organization\",\"@id\":\"https:\\\/\\\/www.fecarotta.com\\\/it\\\/#organization\",\"name\":\"Fecarotta Gioielli\",\"url\":\"https:\\\/\\\/www.fecarotta.com\\\/it\\\/\",\"logo\":{\"@type\":\"ImageObject\",\"inLanguage\":\"it-IT\",\"@id\":\"https:\\\/\\\/www.fecarotta.com\\\/it\\\/#\\\/schema\\\/logo\\\/image\\\/\",\"url\":\"https:\\\/\\\/www.fecarotta.com\\\/wp-content\\\/uploads\\\/2025\\\/03\\\/logo-gmb-fecarotta.jpg\",\"contentUrl\":\"https:\\\/\\\/www.fecarotta.com\\\/wp-content\\\/uploads\\\/2025\\\/03\\\/logo-gmb-fecarotta.jpg\",\"width\":500,\"height\":500,\"caption\":\"Fecarotta Gioielli\"},\"image\":{\"@id\":\"https:\\\/\\\/www.fecarotta.com\\\/it\\\/#\\\/schema\\\/logo\\\/image\\\/\"},\"sameAs\":[\"https:\\\/\\\/www.facebook.com\\\/fecarottagioielli\",\"http:\\\/\\\/www.instagram.com\\\/fecarotta.it\",\"https:\\\/\\\/www.linkedin.com\\\/company\\\/fecarotta-it\\\/\",\"https:\\\/\\\/api.whatsapp.com\\\/send?phone=393913323691&text=Salve, vorrei qualche informazione in merito ai vostri prodotti.\"]}]}<\/script>\n<!-- \/ Yoast SEO plugin. -->","yoast_head_json":{"title":"Orologio BVLGARI BVLGARI - Fecarotta Gioielli","description":"Orologio BVLGARI BVLGARI Resort Limited Edition","robots":{"index":"index","follow":"follow","max-snippet":"max-snippet:-1","max-image-preview":"max-image-preview:large","max-video-preview":"max-video-preview:-1"},"canonical":"https:\/\/www.fecarotta.com\/it\/prodotto\/orologio-bvlgari-bvlgari-5\/","og_locale":"it_IT","og_type":"article","og_title":"Orologio BVLGARI BVLGARI - Fecarotta Gioielli","og_description":"Orologio BVLGARI BVLGARI Resort Limited Edition","og_url":"https:\/\/www.fecarotta.com\/it\/prodotto\/orologio-bvlgari-bvlgari-5\/","og_site_name":"Fecarotta Gioielli","article_publisher":"https:\/\/www.facebook.com\/fecarottagioielli","article_modified_time":"2025-07-05T16:11:37+00:00","og_image":[{"width":1080,"height":1080,"url":"https:\/\/storage1208.cdn-immedia.net\/wp-content\/uploads\/2022\/06\/30.jpg","type":"image\/jpeg"}],"twitter_card":"summary_large_image","twitter_misc":{"Tempo di lettura stimato":"2 minuti"},"schema":{"@context":"https:\/\/schema.org","@graph":[{"@type":"WebPage","@id":"https:\/\/www.fecarotta.com\/it\/prodotto\/orologio-bvlgari-bvlgari-5\/","url":"https:\/\/www.fecarotta.com\/it\/prodotto\/orologio-bvlgari-bvlgari-5\/","name":"Orologio BVLGARI BVLGARI - Fecarotta Gioielli","isPartOf":{"@id":"https:\/\/www.fecarotta.com\/it\/#website"},"primaryImageOfPage":{"@id":"https:\/\/www.fecarotta.com\/it\/prodotto\/orologio-bvlgari-bvlgari-5\/#primaryimage"},"image":{"@id":"https:\/\/www.fecarotta.com\/it\/prodotto\/orologio-bvlgari-bvlgari-5\/#primaryimage"},"thumbnailUrl":"https:\/\/storage1208.cdn-immedia.net\/wp-content\/uploads\/2022\/06\/30.jpg","datePublished":"2022-06-13T06:00:31+00:00","dateModified":"2025-07-05T16:11:37+00:00","description":"Orologio BVLGARI BVLGARI Resort Limited Edition","breadcrumb":{"@id":"https:\/\/www.fecarotta.com\/it\/prodotto\/orologio-bvlgari-bvlgari-5\/#breadcrumb"},"inLanguage":"it-IT","potentialAction":[{"@type":"ReadAction","target":["https:\/\/www.fecarotta.com\/it\/prodotto\/orologio-bvlgari-bvlgari-5\/"]}]},{"@type":"ImageObject","inLanguage":"it-IT","@id":"https:\/\/www.fecarotta.com\/it\/prodotto\/orologio-bvlgari-bvlgari-5\/#primaryimage","url":"https:\/\/storage1208.cdn-immedia.net\/wp-content\/uploads\/2022\/06\/30.jpg","contentUrl":"https:\/\/storage1208.cdn-immedia.net\/wp-content\/uploads\/2022\/06\/30.jpg","width":1080,"height":1080},{"@type":"BreadcrumbList","@id":"https:\/\/www.fecarotta.com\/it\/prodotto\/orologio-bvlgari-bvlgari-5\/#breadcrumb","itemListElement":[{"@type":"ListItem","position":1,"name":"Home","item":"https:\/\/www.fecarotta.com\/it\/"},{"@type":"ListItem","position":2,"name":"Negozio","item":"https:\/\/www.fecarotta.com\/it\/negozio\/"},{"@type":"ListItem","position":3,"name":"Orologio BVLGARI BVLGARI"}]},{"@type":"WebSite","@id":"https:\/\/www.fecarotta.com\/it\/#website","url":"https:\/\/www.fecarotta.com\/it\/","name":"Fecarotta Gioielli","description":"","publisher":{"@id":"https:\/\/www.fecarotta.com\/it\/#organization"},"potentialAction":[{"@type":"SearchAction","target":{"@type":"EntryPoint","urlTemplate":"https:\/\/www.fecarotta.com\/it\/?s={search_term_string}"},"query-input":{"@type":"PropertyValueSpecification","valueRequired":true,"valueName":"search_term_string"}}],"inLanguage":"it-IT"},{"@type":"Organization","@id":"https:\/\/www.fecarotta.com\/it\/#organization","name":"Fecarotta Gioielli","url":"https:\/\/www.fecarotta.com\/it\/","logo":{"@type":"ImageObject","inLanguage":"it-IT","@id":"https:\/\/www.fecarotta.com\/it\/#\/schema\/logo\/image\/","url":"https:\/\/storage1208.cdn-immedia.net\/wp-content\/uploads\/2025\/03\/logo-gmb-fecarotta.jpg","contentUrl":"https:\/\/storage1208.cdn-immedia.net\/wp-content\/uploads\/2025\/03\/logo-gmb-fecarotta.jpg","width":500,"height":500,"caption":"Fecarotta Gioielli"},"image":{"@id":"https:\/\/www.fecarotta.com\/it\/#\/schema\/logo\/image\/"},"sameAs":["https:\/\/www.facebook.com\/fecarottagioielli","http:\/\/www.instagram.com\/fecarotta.it","https:\/\/www.linkedin.com\/company\/fecarotta-it\/","https:\/\/api.whatsapp.com\/send?phone=393913323691&text=Salve, vorrei qualche informazione in merito ai vostri prodotti."]}]}},"_links":{"self":[{"href":"https:\/\/www.fecarotta.com\/it\/wp-json\/wp\/v2\/product\/109453","targetHints":{"allow":["GET"]}}],"collection":[{"href":"https:\/\/www.fecarotta.com\/it\/wp-json\/wp\/v2\/product"}],"about":[{"href":"https:\/\/www.fecarotta.com\/it\/wp-json\/wp\/v2\/types\/product"}],"wp:featuredmedia":[{"embeddable":true,"href":"https:\/\/www.fecarotta.com\/it\/wp-json\/wp\/v2\/media\/109457"}],"wp:attachment":[{"href":"https:\/\/www.fecarotta.com\/it\/wp-json\/wp\/v2\/media?parent=109453"}],"wp:term":[{"taxonomy":"product_brand","embeddable":true,"href":"https:\/\/www.fecarotta.com\/it\/wp-json\/wp\/v2\/product_brand?post=109453"},{"taxonomy":"product_cat","embeddable":true,"href":"https:\/\/www.fecarotta.com\/it\/wp-json\/wp\/v2\/product_cat?post=109453"},{"taxonomy":"product_tag","embeddable":true,"href":"https:\/\/www.fecarotta.com\/it\/wp-json\/wp\/v2\/product_tag?post=109453"}],"curies":[{"name":"wp","href":"https:\/\/api.w.org\/{rel}","templated":true}]}}