{"id":109392,"date":"2022-06-13T05:38:38","date_gmt":"2022-06-13T05:38:38","guid":{"rendered":"https:\/\/www.fecarotta.com\/?post_type=product&#038;p=109392"},"modified":"2025-06-25T09:42:17","modified_gmt":"2025-06-25T09:42:17","slug":"bvlgari-bvlgari-orologio","status":"publish","type":"product","link":"https:\/\/www.fecarotta.com\/it\/prodotto\/bvlgari-bvlgari-orologio\/","title":{"rendered":"Bvlgari Bvlgari Orologio"},"content":{"rendered":"<div class=\"cell description medium-shrink\">\n<div class=\"tab-container active\">\n<div class=\"grid-container text-center card-description-small\" style=\"text-align: left\">\n<p>Unendo all\u2019eccellenza dell\u2019orologeria svizzera l\u2019audace creativit\u00e0 del design italiano, l&#8217;orologio BVLGARI BVLGARI in acciaio inossidabile \u00e8 un perfetto connubio tra eleganza e maestria d&#8217;eccezione. Ispirato alle iscrizioni riportate lungo il bordo delle antiche monete romane, l&#8217;iconico doppio logo inciso sulla lunetta a contorno al quadrante argentato soleil \u00e8 simbolo dell\u2019impareggiabile maestria di Bulgari nell\u2019unire tradizione e modernit\u00e0 in creazioni dal fascino senza tempo, capaci di andare oltre ogni epoca e tendenza.<\/p>\n<p>&nbsp;<\/p>\n<p>Orologio\u00a0bvlgari bvlgari con movimento meccanico di manifattura a carica automatica e datario, calibro BVL 191 &#8211; Solotempo con finiture c\u00f4tes de Gen\u00e8ve, anglage e colima\u00e7onnage, riserva di carica di 42 ore, frequenza 28.800 VpH (4 Hz). Cassa di 41 mm in acciaio inossidabile, lunetta in acciaio inossidabile con doppio logo, corona in acciaio inossidabile con inserto in ceramica nera, quadrante argentato soleil, bracciale con fibbia d\u00e9ployant\u00e9 in acciaio inossidabile. Impermeabile fino a 50 metri.<\/p>\n<p>&nbsp;<\/p>\n<p>Diametro (mm): 41<br \/>\nForma della cassa: Rotonda<br \/>\nFunzioni: Ora-minuti-Secondi-data<br \/>\nTipo di movimento: Automatico<br \/>\nMateriale del cinturino: Acciaio inossidabile<br \/>\nRiserva di carica: 42 hours<br \/>\nFrequenza: 28&#8217;800 VpH (4Hz)<br \/>\nImpermeabilit\u00e0: 50 m<br \/>\nFabbricato in: Svizzera<br \/>\nMateriale: Acciaio<br \/>\nColore cinturino: Argento<br \/>\nMisura: M<\/p>\n<\/div>\n<\/div>\n<\/div>\n","protected":false},"excerpt":{"rendered":"<p>Orologio bvlgari bvlgari con movimento meccanico di manifattura a carica automatica e datario.<\/p>\n","protected":false},"featured_media":109396,"template":"","meta":{"_acf_changed":false},"product_brand":[],"product_cat":[24,206,99],"product_tag":[3091,3138,3113],"class_list":{"0":"post-109392","1":"product","2":"type-product","3":"status-publish","4":"has-post-thumbnail","6":"product_cat-non-vendibile-online","7":"product_cat-orologi","8":"product_cat-orologi-automatici","9":"product_tag-bvlgari","10":"product_tag-bvlgari-bvlgari","11":"product_tag-orologio-bulgari","12":"pa_brand-bulgari","13":"pa_collection-bvlgari-bvlgari","14":"pa_gender-uomo","16":"first","17":"instock","18":"purchasable","19":"product-type-simple","20":"add-to-wishlist-before_image"},"acf":[],"yoast_head":"<!-- This site is optimized with the Yoast SEO plugin v27.5 - https:\/\/yoast.com\/product\/yoast-seo-wordpress\/ -->\n<title>Bvlgari Bvlgari Orologio - Fecarotta Gioielli<\/title>\n<meta name=\"description\" content=\"BVLGARI BVLGARI OROLOGIO\" \/>\n<meta name=\"robots\" content=\"index, follow, max-snippet:-1, max-image-preview:large, max-video-preview:-1\" \/>\n<link rel=\"canonical\" href=\"https:\/\/www.fecarotta.com\/it\/prodotto\/bvlgari-bvlgari-orologio\/\" \/>\n<meta property=\"og:locale\" content=\"it_IT\" \/>\n<meta property=\"og:type\" content=\"article\" \/>\n<meta property=\"og:title\" content=\"Bvlgari Bvlgari Orologio - Fecarotta Gioielli\" \/>\n<meta property=\"og:description\" content=\"BVLGARI BVLGARI OROLOGIO\" \/>\n<meta property=\"og:url\" content=\"https:\/\/www.fecarotta.com\/it\/prodotto\/bvlgari-bvlgari-orologio\/\" \/>\n<meta property=\"og:site_name\" content=\"Fecarotta Gioielli\" \/>\n<meta property=\"article:publisher\" content=\"https:\/\/www.facebook.com\/fecarottagioielli\" \/>\n<meta property=\"article:modified_time\" content=\"2025-06-25T09:42:17+00:00\" \/>\n<meta property=\"og:image\" content=\"https:\/\/storage1208.cdn-immedia.net\/wp-content\/uploads\/2022\/06\/103652.jpeg\" \/>\n\t<meta property=\"og:image:width\" content=\"1080\" \/>\n\t<meta property=\"og:image:height\" content=\"1080\" \/>\n\t<meta property=\"og:image:type\" content=\"image\/jpeg\" \/>\n<meta name=\"twitter:card\" content=\"summary_large_image\" \/>\n<meta name=\"twitter:label1\" content=\"Tempo di lettura stimato\" \/>\n\t<meta name=\"twitter:data1\" content=\"2 minuti\" \/>\n<script type=\"application\/ld+json\" class=\"yoast-schema-graph\">{\"@context\":\"https:\\\/\\\/schema.org\",\"@graph\":[{\"@type\":\"WebPage\",\"@id\":\"https:\\\/\\\/www.fecarotta.com\\\/it\\\/prodotto\\\/bvlgari-bvlgari-orologio\\\/\",\"url\":\"https:\\\/\\\/www.fecarotta.com\\\/it\\\/prodotto\\\/bvlgari-bvlgari-orologio\\\/\",\"name\":\"Bvlgari Bvlgari Orologio - Fecarotta Gioielli\",\"isPartOf\":{\"@id\":\"https:\\\/\\\/www.fecarotta.com\\\/it\\\/#website\"},\"primaryImageOfPage\":{\"@id\":\"https:\\\/\\\/www.fecarotta.com\\\/it\\\/prodotto\\\/bvlgari-bvlgari-orologio\\\/#primaryimage\"},\"image\":{\"@id\":\"https:\\\/\\\/www.fecarotta.com\\\/it\\\/prodotto\\\/bvlgari-bvlgari-orologio\\\/#primaryimage\"},\"thumbnailUrl\":\"https:\\\/\\\/www.fecarotta.com\\\/wp-content\\\/uploads\\\/2022\\\/06\\\/103652.jpeg\",\"datePublished\":\"2022-06-13T05:38:38+00:00\",\"dateModified\":\"2025-06-25T09:42:17+00:00\",\"description\":\"BVLGARI BVLGARI OROLOGIO\",\"breadcrumb\":{\"@id\":\"https:\\\/\\\/www.fecarotta.com\\\/it\\\/prodotto\\\/bvlgari-bvlgari-orologio\\\/#breadcrumb\"},\"inLanguage\":\"it-IT\",\"potentialAction\":[{\"@type\":\"ReadAction\",\"target\":[\"https:\\\/\\\/www.fecarotta.com\\\/it\\\/prodotto\\\/bvlgari-bvlgari-orologio\\\/\"]}]},{\"@type\":\"ImageObject\",\"inLanguage\":\"it-IT\",\"@id\":\"https:\\\/\\\/www.fecarotta.com\\\/it\\\/prodotto\\\/bvlgari-bvlgari-orologio\\\/#primaryimage\",\"url\":\"https:\\\/\\\/www.fecarotta.com\\\/wp-content\\\/uploads\\\/2022\\\/06\\\/103652.jpeg\",\"contentUrl\":\"https:\\\/\\\/www.fecarotta.com\\\/wp-content\\\/uploads\\\/2022\\\/06\\\/103652.jpeg\",\"width\":1080,\"height\":1080},{\"@type\":\"BreadcrumbList\",\"@id\":\"https:\\\/\\\/www.fecarotta.com\\\/it\\\/prodotto\\\/bvlgari-bvlgari-orologio\\\/#breadcrumb\",\"itemListElement\":[{\"@type\":\"ListItem\",\"position\":1,\"name\":\"Home\",\"item\":\"https:\\\/\\\/www.fecarotta.com\\\/it\\\/\"},{\"@type\":\"ListItem\",\"position\":2,\"name\":\"Negozio\",\"item\":\"https:\\\/\\\/www.fecarotta.com\\\/it\\\/negozio\\\/\"},{\"@type\":\"ListItem\",\"position\":3,\"name\":\"Bvlgari Bvlgari Orologio\"}]},{\"@type\":\"WebSite\",\"@id\":\"https:\\\/\\\/www.fecarotta.com\\\/it\\\/#website\",\"url\":\"https:\\\/\\\/www.fecarotta.com\\\/it\\\/\",\"name\":\"Fecarotta Gioielli\",\"description\":\"\",\"publisher\":{\"@id\":\"https:\\\/\\\/www.fecarotta.com\\\/it\\\/#organization\"},\"potentialAction\":[{\"@type\":\"SearchAction\",\"target\":{\"@type\":\"EntryPoint\",\"urlTemplate\":\"https:\\\/\\\/www.fecarotta.com\\\/it\\\/?s={search_term_string}\"},\"query-input\":{\"@type\":\"PropertyValueSpecification\",\"valueRequired\":true,\"valueName\":\"search_term_string\"}}],\"inLanguage\":\"it-IT\"},{\"@type\":\"Organization\",\"@id\":\"https:\\\/\\\/www.fecarotta.com\\\/it\\\/#organization\",\"name\":\"Fecarotta Gioielli\",\"url\":\"https:\\\/\\\/www.fecarotta.com\\\/it\\\/\",\"logo\":{\"@type\":\"ImageObject\",\"inLanguage\":\"it-IT\",\"@id\":\"https:\\\/\\\/www.fecarotta.com\\\/it\\\/#\\\/schema\\\/logo\\\/image\\\/\",\"url\":\"https:\\\/\\\/www.fecarotta.com\\\/wp-content\\\/uploads\\\/2025\\\/03\\\/logo-gmb-fecarotta.jpg\",\"contentUrl\":\"https:\\\/\\\/www.fecarotta.com\\\/wp-content\\\/uploads\\\/2025\\\/03\\\/logo-gmb-fecarotta.jpg\",\"width\":500,\"height\":500,\"caption\":\"Fecarotta Gioielli\"},\"image\":{\"@id\":\"https:\\\/\\\/www.fecarotta.com\\\/it\\\/#\\\/schema\\\/logo\\\/image\\\/\"},\"sameAs\":[\"https:\\\/\\\/www.facebook.com\\\/fecarottagioielli\",\"http:\\\/\\\/www.instagram.com\\\/fecarotta.it\",\"https:\\\/\\\/www.linkedin.com\\\/company\\\/fecarotta-it\\\/\",\"https:\\\/\\\/api.whatsapp.com\\\/send?phone=393913323691&text=Salve, vorrei qualche informazione in merito ai vostri prodotti.\"]}]}<\/script>\n<!-- \/ Yoast SEO plugin. -->","yoast_head_json":{"title":"Bvlgari Bvlgari Orologio - Fecarotta Gioielli","description":"BVLGARI BVLGARI OROLOGIO","robots":{"index":"index","follow":"follow","max-snippet":"max-snippet:-1","max-image-preview":"max-image-preview:large","max-video-preview":"max-video-preview:-1"},"canonical":"https:\/\/www.fecarotta.com\/it\/prodotto\/bvlgari-bvlgari-orologio\/","og_locale":"it_IT","og_type":"article","og_title":"Bvlgari Bvlgari Orologio - Fecarotta Gioielli","og_description":"BVLGARI BVLGARI OROLOGIO","og_url":"https:\/\/www.fecarotta.com\/it\/prodotto\/bvlgari-bvlgari-orologio\/","og_site_name":"Fecarotta Gioielli","article_publisher":"https:\/\/www.facebook.com\/fecarottagioielli","article_modified_time":"2025-06-25T09:42:17+00:00","og_image":[{"width":1080,"height":1080,"url":"https:\/\/storage1208.cdn-immedia.net\/wp-content\/uploads\/2022\/06\/103652.jpeg","type":"image\/jpeg"}],"twitter_card":"summary_large_image","twitter_misc":{"Tempo di lettura stimato":"2 minuti"},"schema":{"@context":"https:\/\/schema.org","@graph":[{"@type":"WebPage","@id":"https:\/\/www.fecarotta.com\/it\/prodotto\/bvlgari-bvlgari-orologio\/","url":"https:\/\/www.fecarotta.com\/it\/prodotto\/bvlgari-bvlgari-orologio\/","name":"Bvlgari Bvlgari Orologio - Fecarotta Gioielli","isPartOf":{"@id":"https:\/\/www.fecarotta.com\/it\/#website"},"primaryImageOfPage":{"@id":"https:\/\/www.fecarotta.com\/it\/prodotto\/bvlgari-bvlgari-orologio\/#primaryimage"},"image":{"@id":"https:\/\/www.fecarotta.com\/it\/prodotto\/bvlgari-bvlgari-orologio\/#primaryimage"},"thumbnailUrl":"https:\/\/storage1208.cdn-immedia.net\/wp-content\/uploads\/2022\/06\/103652.jpeg","datePublished":"2022-06-13T05:38:38+00:00","dateModified":"2025-06-25T09:42:17+00:00","description":"BVLGARI BVLGARI OROLOGIO","breadcrumb":{"@id":"https:\/\/www.fecarotta.com\/it\/prodotto\/bvlgari-bvlgari-orologio\/#breadcrumb"},"inLanguage":"it-IT","potentialAction":[{"@type":"ReadAction","target":["https:\/\/www.fecarotta.com\/it\/prodotto\/bvlgari-bvlgari-orologio\/"]}]},{"@type":"ImageObject","inLanguage":"it-IT","@id":"https:\/\/www.fecarotta.com\/it\/prodotto\/bvlgari-bvlgari-orologio\/#primaryimage","url":"https:\/\/storage1208.cdn-immedia.net\/wp-content\/uploads\/2022\/06\/103652.jpeg","contentUrl":"https:\/\/storage1208.cdn-immedia.net\/wp-content\/uploads\/2022\/06\/103652.jpeg","width":1080,"height":1080},{"@type":"BreadcrumbList","@id":"https:\/\/www.fecarotta.com\/it\/prodotto\/bvlgari-bvlgari-orologio\/#breadcrumb","itemListElement":[{"@type":"ListItem","position":1,"name":"Home","item":"https:\/\/www.fecarotta.com\/it\/"},{"@type":"ListItem","position":2,"name":"Negozio","item":"https:\/\/www.fecarotta.com\/it\/negozio\/"},{"@type":"ListItem","position":3,"name":"Bvlgari Bvlgari Orologio"}]},{"@type":"WebSite","@id":"https:\/\/www.fecarotta.com\/it\/#website","url":"https:\/\/www.fecarotta.com\/it\/","name":"Fecarotta Gioielli","description":"","publisher":{"@id":"https:\/\/www.fecarotta.com\/it\/#organization"},"potentialAction":[{"@type":"SearchAction","target":{"@type":"EntryPoint","urlTemplate":"https:\/\/www.fecarotta.com\/it\/?s={search_term_string}"},"query-input":{"@type":"PropertyValueSpecification","valueRequired":true,"valueName":"search_term_string"}}],"inLanguage":"it-IT"},{"@type":"Organization","@id":"https:\/\/www.fecarotta.com\/it\/#organization","name":"Fecarotta Gioielli","url":"https:\/\/www.fecarotta.com\/it\/","logo":{"@type":"ImageObject","inLanguage":"it-IT","@id":"https:\/\/www.fecarotta.com\/it\/#\/schema\/logo\/image\/","url":"https:\/\/storage1208.cdn-immedia.net\/wp-content\/uploads\/2025\/03\/logo-gmb-fecarotta.jpg","contentUrl":"https:\/\/storage1208.cdn-immedia.net\/wp-content\/uploads\/2025\/03\/logo-gmb-fecarotta.jpg","width":500,"height":500,"caption":"Fecarotta Gioielli"},"image":{"@id":"https:\/\/www.fecarotta.com\/it\/#\/schema\/logo\/image\/"},"sameAs":["https:\/\/www.facebook.com\/fecarottagioielli","http:\/\/www.instagram.com\/fecarotta.it","https:\/\/www.linkedin.com\/company\/fecarotta-it\/","https:\/\/api.whatsapp.com\/send?phone=393913323691&text=Salve, vorrei qualche informazione in merito ai vostri prodotti."]}]}},"_links":{"self":[{"href":"https:\/\/www.fecarotta.com\/it\/wp-json\/wp\/v2\/product\/109392","targetHints":{"allow":["GET"]}}],"collection":[{"href":"https:\/\/www.fecarotta.com\/it\/wp-json\/wp\/v2\/product"}],"about":[{"href":"https:\/\/www.fecarotta.com\/it\/wp-json\/wp\/v2\/types\/product"}],"wp:featuredmedia":[{"embeddable":true,"href":"https:\/\/www.fecarotta.com\/it\/wp-json\/wp\/v2\/media\/109396"}],"wp:attachment":[{"href":"https:\/\/www.fecarotta.com\/it\/wp-json\/wp\/v2\/media?parent=109392"}],"wp:term":[{"taxonomy":"product_brand","embeddable":true,"href":"https:\/\/www.fecarotta.com\/it\/wp-json\/wp\/v2\/product_brand?post=109392"},{"taxonomy":"product_cat","embeddable":true,"href":"https:\/\/www.fecarotta.com\/it\/wp-json\/wp\/v2\/product_cat?post=109392"},{"taxonomy":"product_tag","embeddable":true,"href":"https:\/\/www.fecarotta.com\/it\/wp-json\/wp\/v2\/product_tag?post=109392"}],"curies":[{"name":"wp","href":"https:\/\/api.w.org\/{rel}","templated":true}]}}