{"id":108476,"date":"2022-04-07T08:15:11","date_gmt":"2022-04-07T08:15:11","guid":{"rendered":"https:\/\/www.fecarotta.com\/?post_type=product&#038;p=108476"},"modified":"2026-02-11T10:03:36","modified_gmt":"2026-02-11T10:03:36","slug":"chantecler-orecchini-enchante-2","status":"publish","type":"product","link":"https:\/\/www.fecarotta.com\/it\/prodotto\/chantecler-orecchini-enchante-2\/","title":{"rendered":"CHANTECLER Orecchini Enchant\u00e9"},"content":{"rendered":"<p>CHANTECLER Orecchini Enchant\u00e9<\/p>\n<p>&nbsp;<\/p>\n<p>Capri rappresenta per Chantecler \u00e8 l&#8217;origine di tutto. Qui energie, colori e profumi creano quotidianamente qualcosa di irripetibile e straordinario che con amore abbiamo trasformato in gioielli.<\/p>\n<p>Oggi Chantecler non sarebbe la stessa azienda se Capri, oltre a essere fulcro del nostro equilibrio, non fosse anche centro di un mondo che decide gli stili e segna i tempi. Chantecler coniuga tradizione e contemporaneit\u00e0.\u00a0 La nostra Isola \u00e8 da sempre luogo d&#8217;incontro dei personaggi pi\u00f9 influenti, delle dive da copertina e degli intellettuali di spessore che le donano quello spirito internazionale che la rende cos\u00ec speciale e che a noi ha regalato il privilegio di poterci crescere.<\/p>\n<h3>La collezione Paillettes<\/h3>\n<p>Ispirata alla Dolce Vita caprese degli anni Cinquanta, Paillettes, di cui fa parte l&#8217;Anello Paillettes oro rosa diamanti e smalto nero, \u00e8 il simbolo di un\u2019epoca festosa e libera. L\u2019idea \u00e8 quella delle paillettes, usate per decorare gli abiti pi\u00f9 eleganti e renderli naturalmente pi\u00f9 scintillanti. Pi\u00f9 che gioielli, le creazioni Paillettes sono vere e proprie cascate di gioia effervescente, proprio come lo spirito caprese; l\u2019oro rosa circonda gli smalti colorati rosa cipria, verde acqua, bianco, nero e azzurro Capri. Lunghe collane che si prestano a essere indossate multiple in colori e lunghezze diverse e insieme ad anelli, orecchini e bracciali realizzate anche in oro e diamanti. Il colore \u00e8 realizzato con l\u2019antica tecnica dello smalto cattedrale, lo stesso che si usava nei gioielli dell\u2019Art-Nouveau. Tradizioni antiche e stile contemporaneo, \u00e8 questo il cuore dei gioielli Chantecler e di Paillettes in particolare. Paillettes \u00e8 glamour, \u00e8 brio ed energia, \u00e8 joie de vivre.<\/p>\n<p>&nbsp;<\/p>\n<p>&nbsp;<\/p>\n<p><a href=\"https:\/\/www.fecarotta.com\/it\/fecarotta-gioielli-company\/\" target=\"_blank\" rel=\"noopener noreferrer\">La nostra Azienda<\/a><\/p>\n<p><a href=\"https:\/\/www.youtube.com\/user\/ChanteclerCapri\" target=\"_blank\" rel=\"noopener noreferrer\">Chantecler Official Video<\/a><\/p>\n","protected":false},"excerpt":{"rendered":"<p>CHANTECLER Orecchini Enchant\u00e9<\/p>\n<p>Orecchini a lobo Enchant\u00e9 in oro rosa 18Kt, diamanti e kogolong<br \/>\nOro GR 6,10 KT 18<br \/>\nDiamante CT 0,40 NR 56<br \/>\nKogolong(casciolong) GR 1,00 NR 1<\/p>\n","protected":false},"featured_media":108478,"template":"","meta":{"_acf_changed":false},"product_brand":[],"product_cat":[2310,27,35],"product_tag":[],"class_list":{"0":"post-108476","1":"product","2":"type-product","3":"status-publish","4":"has-post-thumbnail","6":"product_cat-donna","7":"product_cat-gioielli","8":"product_cat-orecchini-2-jewels","9":"pa_brand-chantecler","10":"pa_collection-enchante","11":"pa_gender-donna","13":"first","14":"onbackorder","15":"shipping-taxable","16":"purchasable","17":"product-type-simple","18":"add-to-wishlist-before_image"},"acf":[],"yoast_head":"<!-- This site is optimized with the Yoast SEO plugin v27.5 - https:\/\/yoast.com\/product\/yoast-seo-wordpress\/ -->\n<title>CHANTECLER Orecchini Enchant\u00e9 - Fecarotta Gioielli<\/title>\n<meta name=\"description\" content=\"CHANTECLER Orecchini Enchant\u00e9, disponibile online. FG Fecarotta Gioielli, gioiellieri da oltre 200 anni\" \/>\n<meta name=\"robots\" content=\"index, follow, max-snippet:-1, max-image-preview:large, max-video-preview:-1\" \/>\n<link rel=\"canonical\" href=\"https:\/\/www.fecarotta.com\/it\/prodotto\/chantecler-orecchini-enchante-2\/\" \/>\n<meta property=\"og:locale\" content=\"it_IT\" \/>\n<meta property=\"og:type\" content=\"article\" \/>\n<meta property=\"og:title\" content=\"CHANTECLER Orecchini Enchant\u00e9 - Fecarotta Gioielli\" \/>\n<meta property=\"og:description\" content=\"CHANTECLER Orecchini Enchant\u00e9, disponibile online. FG Fecarotta Gioielli, gioiellieri da oltre 200 anni\" \/>\n<meta property=\"og:url\" content=\"https:\/\/www.fecarotta.com\/it\/prodotto\/chantecler-orecchini-enchante-2\/\" \/>\n<meta property=\"og:site_name\" content=\"Fecarotta Gioielli\" \/>\n<meta property=\"article:publisher\" content=\"https:\/\/www.facebook.com\/fecarottagioielli\" \/>\n<meta property=\"article:modified_time\" content=\"2026-02-11T10:03:36+00:00\" \/>\n<meta property=\"og:image\" content=\"https:\/\/storage1208.cdn-immedia.net\/wp-content\/uploads\/2022\/05\/41665_fronte-_thumb_960724.png\" \/>\n\t<meta property=\"og:image:width\" content=\"1000\" \/>\n\t<meta property=\"og:image:height\" content=\"1000\" \/>\n\t<meta property=\"og:image:type\" content=\"image\/png\" \/>\n<meta name=\"twitter:card\" content=\"summary_large_image\" \/>\n<meta name=\"twitter:label1\" content=\"Tempo di lettura stimato\" \/>\n\t<meta name=\"twitter:data1\" content=\"2 minuti\" \/>\n<script type=\"application\/ld+json\" class=\"yoast-schema-graph\">{\"@context\":\"https:\\\/\\\/schema.org\",\"@graph\":[{\"@type\":\"WebPage\",\"@id\":\"https:\\\/\\\/www.fecarotta.com\\\/it\\\/prodotto\\\/chantecler-orecchini-enchante-2\\\/\",\"url\":\"https:\\\/\\\/www.fecarotta.com\\\/it\\\/prodotto\\\/chantecler-orecchini-enchante-2\\\/\",\"name\":\"CHANTECLER Orecchini Enchant\u00e9 - Fecarotta Gioielli\",\"isPartOf\":{\"@id\":\"https:\\\/\\\/www.fecarotta.com\\\/it\\\/#website\"},\"primaryImageOfPage\":{\"@id\":\"https:\\\/\\\/www.fecarotta.com\\\/it\\\/prodotto\\\/chantecler-orecchini-enchante-2\\\/#primaryimage\"},\"image\":{\"@id\":\"https:\\\/\\\/www.fecarotta.com\\\/it\\\/prodotto\\\/chantecler-orecchini-enchante-2\\\/#primaryimage\"},\"thumbnailUrl\":\"https:\\\/\\\/www.fecarotta.com\\\/wp-content\\\/uploads\\\/2022\\\/05\\\/41665_fronte-_thumb_960724.png\",\"datePublished\":\"2022-04-07T08:15:11+00:00\",\"dateModified\":\"2026-02-11T10:03:36+00:00\",\"description\":\"CHANTECLER Orecchini Enchant\u00e9, disponibile online. FG Fecarotta Gioielli, gioiellieri da oltre 200 anni\",\"breadcrumb\":{\"@id\":\"https:\\\/\\\/www.fecarotta.com\\\/it\\\/prodotto\\\/chantecler-orecchini-enchante-2\\\/#breadcrumb\"},\"inLanguage\":\"it-IT\",\"potentialAction\":[{\"@type\":\"ReadAction\",\"target\":[\"https:\\\/\\\/www.fecarotta.com\\\/it\\\/prodotto\\\/chantecler-orecchini-enchante-2\\\/\"]}]},{\"@type\":\"ImageObject\",\"inLanguage\":\"it-IT\",\"@id\":\"https:\\\/\\\/www.fecarotta.com\\\/it\\\/prodotto\\\/chantecler-orecchini-enchante-2\\\/#primaryimage\",\"url\":\"https:\\\/\\\/www.fecarotta.com\\\/wp-content\\\/uploads\\\/2022\\\/05\\\/41665_fronte-_thumb_960724.png\",\"contentUrl\":\"https:\\\/\\\/www.fecarotta.com\\\/wp-content\\\/uploads\\\/2022\\\/05\\\/41665_fronte-_thumb_960724.png\",\"width\":1000,\"height\":1000,\"caption\":\"Orecchini a lobo Enchant\u00e9 in oro rosa 18Kt, diamanti e kogolong EARRINGS DIAMOND SCONTO DISCOUNT\"},{\"@type\":\"BreadcrumbList\",\"@id\":\"https:\\\/\\\/www.fecarotta.com\\\/it\\\/prodotto\\\/chantecler-orecchini-enchante-2\\\/#breadcrumb\",\"itemListElement\":[{\"@type\":\"ListItem\",\"position\":1,\"name\":\"Home\",\"item\":\"https:\\\/\\\/www.fecarotta.com\\\/it\\\/\"},{\"@type\":\"ListItem\",\"position\":2,\"name\":\"Negozio\",\"item\":\"https:\\\/\\\/www.fecarotta.com\\\/it\\\/negozio\\\/\"},{\"@type\":\"ListItem\",\"position\":3,\"name\":\"CHANTECLER Orecchini Enchant\u00e9\"}]},{\"@type\":\"WebSite\",\"@id\":\"https:\\\/\\\/www.fecarotta.com\\\/it\\\/#website\",\"url\":\"https:\\\/\\\/www.fecarotta.com\\\/it\\\/\",\"name\":\"Fecarotta Gioielli\",\"description\":\"\",\"publisher\":{\"@id\":\"https:\\\/\\\/www.fecarotta.com\\\/it\\\/#organization\"},\"potentialAction\":[{\"@type\":\"SearchAction\",\"target\":{\"@type\":\"EntryPoint\",\"urlTemplate\":\"https:\\\/\\\/www.fecarotta.com\\\/it\\\/?s={search_term_string}\"},\"query-input\":{\"@type\":\"PropertyValueSpecification\",\"valueRequired\":true,\"valueName\":\"search_term_string\"}}],\"inLanguage\":\"it-IT\"},{\"@type\":\"Organization\",\"@id\":\"https:\\\/\\\/www.fecarotta.com\\\/it\\\/#organization\",\"name\":\"Fecarotta Gioielli\",\"url\":\"https:\\\/\\\/www.fecarotta.com\\\/it\\\/\",\"logo\":{\"@type\":\"ImageObject\",\"inLanguage\":\"it-IT\",\"@id\":\"https:\\\/\\\/www.fecarotta.com\\\/it\\\/#\\\/schema\\\/logo\\\/image\\\/\",\"url\":\"https:\\\/\\\/www.fecarotta.com\\\/wp-content\\\/uploads\\\/2025\\\/03\\\/logo-gmb-fecarotta.jpg\",\"contentUrl\":\"https:\\\/\\\/www.fecarotta.com\\\/wp-content\\\/uploads\\\/2025\\\/03\\\/logo-gmb-fecarotta.jpg\",\"width\":500,\"height\":500,\"caption\":\"Fecarotta Gioielli\"},\"image\":{\"@id\":\"https:\\\/\\\/www.fecarotta.com\\\/it\\\/#\\\/schema\\\/logo\\\/image\\\/\"},\"sameAs\":[\"https:\\\/\\\/www.facebook.com\\\/fecarottagioielli\",\"http:\\\/\\\/www.instagram.com\\\/fecarotta.it\",\"https:\\\/\\\/www.linkedin.com\\\/company\\\/fecarotta-it\\\/\",\"https:\\\/\\\/api.whatsapp.com\\\/send?phone=393913323691&text=Salve, vorrei qualche informazione in merito ai vostri prodotti.\"]}]}<\/script>\n<!-- \/ Yoast SEO plugin. -->","yoast_head_json":{"title":"CHANTECLER Orecchini Enchant\u00e9 - Fecarotta Gioielli","description":"CHANTECLER Orecchini Enchant\u00e9, disponibile online. FG Fecarotta Gioielli, gioiellieri da oltre 200 anni","robots":{"index":"index","follow":"follow","max-snippet":"max-snippet:-1","max-image-preview":"max-image-preview:large","max-video-preview":"max-video-preview:-1"},"canonical":"https:\/\/www.fecarotta.com\/it\/prodotto\/chantecler-orecchini-enchante-2\/","og_locale":"it_IT","og_type":"article","og_title":"CHANTECLER Orecchini Enchant\u00e9 - Fecarotta Gioielli","og_description":"CHANTECLER Orecchini Enchant\u00e9, disponibile online. FG Fecarotta Gioielli, gioiellieri da oltre 200 anni","og_url":"https:\/\/www.fecarotta.com\/it\/prodotto\/chantecler-orecchini-enchante-2\/","og_site_name":"Fecarotta Gioielli","article_publisher":"https:\/\/www.facebook.com\/fecarottagioielli","article_modified_time":"2026-02-11T10:03:36+00:00","og_image":[{"width":1000,"height":1000,"url":"https:\/\/storage1208.cdn-immedia.net\/wp-content\/uploads\/2022\/05\/41665_fronte-_thumb_960724.png","type":"image\/png"}],"twitter_card":"summary_large_image","twitter_misc":{"Tempo di lettura stimato":"2 minuti"},"schema":{"@context":"https:\/\/schema.org","@graph":[{"@type":"WebPage","@id":"https:\/\/www.fecarotta.com\/it\/prodotto\/chantecler-orecchini-enchante-2\/","url":"https:\/\/www.fecarotta.com\/it\/prodotto\/chantecler-orecchini-enchante-2\/","name":"CHANTECLER Orecchini Enchant\u00e9 - Fecarotta Gioielli","isPartOf":{"@id":"https:\/\/www.fecarotta.com\/it\/#website"},"primaryImageOfPage":{"@id":"https:\/\/www.fecarotta.com\/it\/prodotto\/chantecler-orecchini-enchante-2\/#primaryimage"},"image":{"@id":"https:\/\/www.fecarotta.com\/it\/prodotto\/chantecler-orecchini-enchante-2\/#primaryimage"},"thumbnailUrl":"https:\/\/storage1208.cdn-immedia.net\/wp-content\/uploads\/2022\/05\/41665_fronte-_thumb_960724.png","datePublished":"2022-04-07T08:15:11+00:00","dateModified":"2026-02-11T10:03:36+00:00","description":"CHANTECLER Orecchini Enchant\u00e9, disponibile online. FG Fecarotta Gioielli, gioiellieri da oltre 200 anni","breadcrumb":{"@id":"https:\/\/www.fecarotta.com\/it\/prodotto\/chantecler-orecchini-enchante-2\/#breadcrumb"},"inLanguage":"it-IT","potentialAction":[{"@type":"ReadAction","target":["https:\/\/www.fecarotta.com\/it\/prodotto\/chantecler-orecchini-enchante-2\/"]}]},{"@type":"ImageObject","inLanguage":"it-IT","@id":"https:\/\/www.fecarotta.com\/it\/prodotto\/chantecler-orecchini-enchante-2\/#primaryimage","url":"https:\/\/storage1208.cdn-immedia.net\/wp-content\/uploads\/2022\/05\/41665_fronte-_thumb_960724.png","contentUrl":"https:\/\/storage1208.cdn-immedia.net\/wp-content\/uploads\/2022\/05\/41665_fronte-_thumb_960724.png","width":1000,"height":1000,"caption":"Orecchini a lobo Enchant\u00e9 in oro rosa 18Kt, diamanti e kogolong EARRINGS DIAMOND SCONTO DISCOUNT"},{"@type":"BreadcrumbList","@id":"https:\/\/www.fecarotta.com\/it\/prodotto\/chantecler-orecchini-enchante-2\/#breadcrumb","itemListElement":[{"@type":"ListItem","position":1,"name":"Home","item":"https:\/\/www.fecarotta.com\/it\/"},{"@type":"ListItem","position":2,"name":"Negozio","item":"https:\/\/www.fecarotta.com\/it\/negozio\/"},{"@type":"ListItem","position":3,"name":"CHANTECLER Orecchini Enchant\u00e9"}]},{"@type":"WebSite","@id":"https:\/\/www.fecarotta.com\/it\/#website","url":"https:\/\/www.fecarotta.com\/it\/","name":"Fecarotta Gioielli","description":"","publisher":{"@id":"https:\/\/www.fecarotta.com\/it\/#organization"},"potentialAction":[{"@type":"SearchAction","target":{"@type":"EntryPoint","urlTemplate":"https:\/\/www.fecarotta.com\/it\/?s={search_term_string}"},"query-input":{"@type":"PropertyValueSpecification","valueRequired":true,"valueName":"search_term_string"}}],"inLanguage":"it-IT"},{"@type":"Organization","@id":"https:\/\/www.fecarotta.com\/it\/#organization","name":"Fecarotta Gioielli","url":"https:\/\/www.fecarotta.com\/it\/","logo":{"@type":"ImageObject","inLanguage":"it-IT","@id":"https:\/\/www.fecarotta.com\/it\/#\/schema\/logo\/image\/","url":"https:\/\/storage1208.cdn-immedia.net\/wp-content\/uploads\/2025\/03\/logo-gmb-fecarotta.jpg","contentUrl":"https:\/\/storage1208.cdn-immedia.net\/wp-content\/uploads\/2025\/03\/logo-gmb-fecarotta.jpg","width":500,"height":500,"caption":"Fecarotta Gioielli"},"image":{"@id":"https:\/\/www.fecarotta.com\/it\/#\/schema\/logo\/image\/"},"sameAs":["https:\/\/www.facebook.com\/fecarottagioielli","http:\/\/www.instagram.com\/fecarotta.it","https:\/\/www.linkedin.com\/company\/fecarotta-it\/","https:\/\/api.whatsapp.com\/send?phone=393913323691&text=Salve, vorrei qualche informazione in merito ai vostri prodotti."]}]}},"_links":{"self":[{"href":"https:\/\/www.fecarotta.com\/it\/wp-json\/wp\/v2\/product\/108476","targetHints":{"allow":["GET"]}}],"collection":[{"href":"https:\/\/www.fecarotta.com\/it\/wp-json\/wp\/v2\/product"}],"about":[{"href":"https:\/\/www.fecarotta.com\/it\/wp-json\/wp\/v2\/types\/product"}],"wp:featuredmedia":[{"embeddable":true,"href":"https:\/\/www.fecarotta.com\/it\/wp-json\/wp\/v2\/media\/108478"}],"wp:attachment":[{"href":"https:\/\/www.fecarotta.com\/it\/wp-json\/wp\/v2\/media?parent=108476"}],"wp:term":[{"taxonomy":"product_brand","embeddable":true,"href":"https:\/\/www.fecarotta.com\/it\/wp-json\/wp\/v2\/product_brand?post=108476"},{"taxonomy":"product_cat","embeddable":true,"href":"https:\/\/www.fecarotta.com\/it\/wp-json\/wp\/v2\/product_cat?post=108476"},{"taxonomy":"product_tag","embeddable":true,"href":"https:\/\/www.fecarotta.com\/it\/wp-json\/wp\/v2\/product_tag?post=108476"}],"curies":[{"name":"wp","href":"https:\/\/api.w.org\/{rel}","templated":true}]}}