{"id":107693,"date":"2022-04-07T07:59:50","date_gmt":"2022-04-07T07:59:50","guid":{"rendered":"https:\/\/www.fecarotta.com\/?post_type=product&#038;p=107693"},"modified":"2026-04-01T11:58:58","modified_gmt":"2026-04-01T11:58:58","slug":"bulgari-b-zero1-anello-4","status":"publish","type":"product","link":"https:\/\/www.fecarotta.com\/it\/prodotto\/bulgari-b-zero1-anello-4\/","title":{"rendered":"Bulgari B.ZERO1 Anello"},"content":{"rendered":"<p class=\"product-name show-for-medium\">Bulgari B.ZERO1 Anello<\/p>\n<h4>La Storia della Maison Bvlgari<\/h4>\n<p>Fondato a Roma nel 1884 da Sotirio Bulgari, argentiere greco di talento, il marchio si afferma rapidamente come emblema dell\u2019eccellenza italiana, particolarmente evidente nel pregevole savoir-faire e nelle magnifiche creazioni gioielliere.<\/p>\n<p>Negli anni, le generazioni Bulgari hanno dato vita a uno stile distintivo caratterizzato da vivaci combinazioni di colori, volumi dall\u2019equilibrio raffinato e motivi inconfondibili che celebrano le origini romane della Maison. Senza mai dimenticare la propria tradizione culturale, Bvlgari ha introdotto innovazioni in grado di riscrivere le regole della gioielleria mondiale e ha lanciato nuove tendenze divenute icone del design contemporaneo.<\/p>\n<p>Durante gli anni della Dolce Vita il negozio di via Condotti diventa una delle mete preferite della mondanit\u00e0 e delle celebrit\u00e0 internazionali, contribuendo a consolidare la fama internazionale della Maison. All\u2019inizio degli anni Settanta Bvlgari conquista l\u2019Europa e gli Stati Uniti. I fratelli Bulgari della terza generazione infondono nuova linfa creativa attingendo da innumerevoli fonti di ispirazione che spaziano dall\u2019Estremo Oriente alla Pop Art e incontrano il gusto della donna moderna e dinamica. La loro visione pionieristica conduce all\u2019affermazione dell\u2019orologio BVLGARI BVLGARI, che diventa ben presto un grande classico e una dichiarazione di stile senza precedenti.<\/p>\n<h5 class=\"title style-scope ytd-video-primary-info-renderer\"><a href=\"https:\/\/www.youtube.com\/watch?v=Yuaeo51gAvE\" target=\"_blank\" rel=\"noopener noreferrer\">BVLGARI OFFICIAL VIDEO<\/a><\/h5>\n<p><a href=\"https:\/\/www.fecarotta.com\/it\/bvlgari\/\" target=\"_blank\" rel=\"noopener noreferrer\">La nostra Azienda<\/a><\/p>\n","protected":false},"excerpt":{"rendered":"<div class=\"product-short-description show-for-medium\">\n<p>Anello B.zero1 a una fascia in oro bianco 18 kt con pav\u00e9 di diamanti lungo la spirale.<br \/>\nIspirato all\u2019anfiteatro pi\u00f9 famoso al mondo, il Colosseo, l&#8217;anello B.zero1 \u00e8 una suprema attestazione del talento creativo di Bulgari. Con la purezza del suo design, che rievoca la magnificenza della Citt\u00e0 Eterna, la spirale rappresenta la perfetta armonia tra passato, presente e futuro ed \u00e8 un emblema dello spirito pionieristico che anima la collezione. Anello B.zero1 a una fascia in oro bianco 18 kt con pav\u00e9 di diamanti. Prezzo variabile a seconda della misura.<br \/>\nRef.: 329341<br \/>\nPietra: Diamanti<br \/>\nFabbricato in: Italia<\/p>\n<p>Materiale: Oro bianco<br \/>\nDiamanti (carati): 0.43<\/p>\n<\/div>\n","protected":false},"featured_media":107701,"template":"","meta":{"_acf_changed":false},"product_brand":[],"product_cat":[96,2381,27,24],"product_tag":[3100,3091],"class_list":{"0":"post-107693","1":"product","2":"type-product","3":"status-publish","4":"has-post-thumbnail","6":"product_cat-anelli","7":"product_cat-fedine-e-verette","8":"product_cat-gioielli","9":"product_cat-non-vendibile-online","10":"product_tag-b-zero1","11":"product_tag-bvlgari","12":"pa_brand-bulgari","13":"pa_collection-b-zero1","14":"pa_gender-donna","15":"pa_gender-unisex","16":"pa_gender-uomo","18":"first","19":"instock","20":"purchasable","21":"product-type-simple","22":"add-to-wishlist-before_image"},"acf":[],"yoast_head":"<!-- This site is optimized with the Yoast SEO plugin v27.5 - https:\/\/yoast.com\/product\/yoast-seo-wordpress\/ -->\n<title>Bulgari B.ZERO1 Anello - Fecarotta Gioielli<\/title>\n<meta name=\"description\" content=\"Bulgari B.ZERO1 Anello. Scopri gioielli, accessori e profumi BVLGARI su fecarotta.com Gioiellieri in Italia da oltre 200 anni\" \/>\n<meta name=\"robots\" content=\"index, follow, max-snippet:-1, max-image-preview:large, max-video-preview:-1\" \/>\n<link rel=\"canonical\" href=\"https:\/\/www.fecarotta.com\/it\/prodotto\/bulgari-b-zero1-anello-4\/\" \/>\n<meta property=\"og:locale\" content=\"it_IT\" \/>\n<meta property=\"og:type\" content=\"article\" \/>\n<meta property=\"og:title\" content=\"Bulgari B.ZERO1 Anello - Fecarotta Gioielli\" \/>\n<meta property=\"og:description\" content=\"Bulgari B.ZERO1 Anello. Scopri gioielli, accessori e profumi BVLGARI su fecarotta.com Gioiellieri in Italia da oltre 200 anni\" \/>\n<meta property=\"og:url\" content=\"https:\/\/www.fecarotta.com\/it\/prodotto\/bulgari-b-zero1-anello-4\/\" \/>\n<meta property=\"og:site_name\" content=\"Fecarotta Gioielli\" \/>\n<meta property=\"article:publisher\" content=\"https:\/\/www.facebook.com\/fecarottagioielli\" \/>\n<meta property=\"article:modified_time\" content=\"2026-04-01T11:58:58+00:00\" \/>\n<meta property=\"og:image\" content=\"https:\/\/storage1208.cdn-immedia.net\/wp-content\/uploads\/2022\/04\/329341.jpeg\" \/>\n\t<meta property=\"og:image:width\" content=\"1080\" \/>\n\t<meta property=\"og:image:height\" content=\"1080\" \/>\n\t<meta property=\"og:image:type\" content=\"image\/jpeg\" \/>\n<meta name=\"twitter:card\" content=\"summary_large_image\" \/>\n<meta name=\"twitter:label1\" content=\"Tempo di lettura stimato\" \/>\n\t<meta name=\"twitter:data1\" content=\"2 minuti\" \/>\n<script type=\"application\/ld+json\" class=\"yoast-schema-graph\">{\"@context\":\"https:\\\/\\\/schema.org\",\"@graph\":[{\"@type\":\"WebPage\",\"@id\":\"https:\\\/\\\/www.fecarotta.com\\\/it\\\/prodotto\\\/bulgari-b-zero1-anello-4\\\/\",\"url\":\"https:\\\/\\\/www.fecarotta.com\\\/it\\\/prodotto\\\/bulgari-b-zero1-anello-4\\\/\",\"name\":\"Bulgari B.ZERO1 Anello - Fecarotta Gioielli\",\"isPartOf\":{\"@id\":\"https:\\\/\\\/www.fecarotta.com\\\/it\\\/#website\"},\"primaryImageOfPage\":{\"@id\":\"https:\\\/\\\/www.fecarotta.com\\\/it\\\/prodotto\\\/bulgari-b-zero1-anello-4\\\/#primaryimage\"},\"image\":{\"@id\":\"https:\\\/\\\/www.fecarotta.com\\\/it\\\/prodotto\\\/bulgari-b-zero1-anello-4\\\/#primaryimage\"},\"thumbnailUrl\":\"https:\\\/\\\/www.fecarotta.com\\\/wp-content\\\/uploads\\\/2022\\\/04\\\/329341.jpeg\",\"datePublished\":\"2022-04-07T07:59:50+00:00\",\"dateModified\":\"2026-04-01T11:58:58+00:00\",\"description\":\"Bulgari B.ZERO1 Anello. Scopri gioielli, accessori e profumi BVLGARI su fecarotta.com Gioiellieri in Italia da oltre 200 anni\",\"breadcrumb\":{\"@id\":\"https:\\\/\\\/www.fecarotta.com\\\/it\\\/prodotto\\\/bulgari-b-zero1-anello-4\\\/#breadcrumb\"},\"inLanguage\":\"it-IT\",\"potentialAction\":[{\"@type\":\"ReadAction\",\"target\":[\"https:\\\/\\\/www.fecarotta.com\\\/it\\\/prodotto\\\/bulgari-b-zero1-anello-4\\\/\"]}]},{\"@type\":\"ImageObject\",\"inLanguage\":\"it-IT\",\"@id\":\"https:\\\/\\\/www.fecarotta.com\\\/it\\\/prodotto\\\/bulgari-b-zero1-anello-4\\\/#primaryimage\",\"url\":\"https:\\\/\\\/www.fecarotta.com\\\/wp-content\\\/uploads\\\/2022\\\/04\\\/329341.jpeg\",\"contentUrl\":\"https:\\\/\\\/www.fecarotta.com\\\/wp-content\\\/uploads\\\/2022\\\/04\\\/329341.jpeg\",\"width\":1080,\"height\":1080},{\"@type\":\"BreadcrumbList\",\"@id\":\"https:\\\/\\\/www.fecarotta.com\\\/it\\\/prodotto\\\/bulgari-b-zero1-anello-4\\\/#breadcrumb\",\"itemListElement\":[{\"@type\":\"ListItem\",\"position\":1,\"name\":\"Home\",\"item\":\"https:\\\/\\\/www.fecarotta.com\\\/it\\\/\"},{\"@type\":\"ListItem\",\"position\":2,\"name\":\"Negozio\",\"item\":\"https:\\\/\\\/www.fecarotta.com\\\/it\\\/negozio\\\/\"},{\"@type\":\"ListItem\",\"position\":3,\"name\":\"Bulgari B.ZERO1 Anello\"}]},{\"@type\":\"WebSite\",\"@id\":\"https:\\\/\\\/www.fecarotta.com\\\/it\\\/#website\",\"url\":\"https:\\\/\\\/www.fecarotta.com\\\/it\\\/\",\"name\":\"Fecarotta Gioielli\",\"description\":\"\",\"publisher\":{\"@id\":\"https:\\\/\\\/www.fecarotta.com\\\/it\\\/#organization\"},\"potentialAction\":[{\"@type\":\"SearchAction\",\"target\":{\"@type\":\"EntryPoint\",\"urlTemplate\":\"https:\\\/\\\/www.fecarotta.com\\\/it\\\/?s={search_term_string}\"},\"query-input\":{\"@type\":\"PropertyValueSpecification\",\"valueRequired\":true,\"valueName\":\"search_term_string\"}}],\"inLanguage\":\"it-IT\"},{\"@type\":\"Organization\",\"@id\":\"https:\\\/\\\/www.fecarotta.com\\\/it\\\/#organization\",\"name\":\"Fecarotta Gioielli\",\"url\":\"https:\\\/\\\/www.fecarotta.com\\\/it\\\/\",\"logo\":{\"@type\":\"ImageObject\",\"inLanguage\":\"it-IT\",\"@id\":\"https:\\\/\\\/www.fecarotta.com\\\/it\\\/#\\\/schema\\\/logo\\\/image\\\/\",\"url\":\"https:\\\/\\\/www.fecarotta.com\\\/wp-content\\\/uploads\\\/2025\\\/03\\\/logo-gmb-fecarotta.jpg\",\"contentUrl\":\"https:\\\/\\\/www.fecarotta.com\\\/wp-content\\\/uploads\\\/2025\\\/03\\\/logo-gmb-fecarotta.jpg\",\"width\":500,\"height\":500,\"caption\":\"Fecarotta Gioielli\"},\"image\":{\"@id\":\"https:\\\/\\\/www.fecarotta.com\\\/it\\\/#\\\/schema\\\/logo\\\/image\\\/\"},\"sameAs\":[\"https:\\\/\\\/www.facebook.com\\\/fecarottagioielli\",\"http:\\\/\\\/www.instagram.com\\\/fecarotta.it\",\"https:\\\/\\\/www.linkedin.com\\\/company\\\/fecarotta-it\\\/\",\"https:\\\/\\\/api.whatsapp.com\\\/send?phone=393913323691&text=Salve, vorrei qualche informazione in merito ai vostri prodotti.\"]}]}<\/script>\n<!-- \/ Yoast SEO plugin. -->","yoast_head_json":{"title":"Bulgari B.ZERO1 Anello - Fecarotta Gioielli","description":"Bulgari B.ZERO1 Anello. Scopri gioielli, accessori e profumi BVLGARI su fecarotta.com Gioiellieri in Italia da oltre 200 anni","robots":{"index":"index","follow":"follow","max-snippet":"max-snippet:-1","max-image-preview":"max-image-preview:large","max-video-preview":"max-video-preview:-1"},"canonical":"https:\/\/www.fecarotta.com\/it\/prodotto\/bulgari-b-zero1-anello-4\/","og_locale":"it_IT","og_type":"article","og_title":"Bulgari B.ZERO1 Anello - Fecarotta Gioielli","og_description":"Bulgari B.ZERO1 Anello. Scopri gioielli, accessori e profumi BVLGARI su fecarotta.com Gioiellieri in Italia da oltre 200 anni","og_url":"https:\/\/www.fecarotta.com\/it\/prodotto\/bulgari-b-zero1-anello-4\/","og_site_name":"Fecarotta Gioielli","article_publisher":"https:\/\/www.facebook.com\/fecarottagioielli","article_modified_time":"2026-04-01T11:58:58+00:00","og_image":[{"width":1080,"height":1080,"url":"https:\/\/storage1208.cdn-immedia.net\/wp-content\/uploads\/2022\/04\/329341.jpeg","type":"image\/jpeg"}],"twitter_card":"summary_large_image","twitter_misc":{"Tempo di lettura stimato":"2 minuti"},"schema":{"@context":"https:\/\/schema.org","@graph":[{"@type":"WebPage","@id":"https:\/\/www.fecarotta.com\/it\/prodotto\/bulgari-b-zero1-anello-4\/","url":"https:\/\/www.fecarotta.com\/it\/prodotto\/bulgari-b-zero1-anello-4\/","name":"Bulgari B.ZERO1 Anello - Fecarotta Gioielli","isPartOf":{"@id":"https:\/\/www.fecarotta.com\/it\/#website"},"primaryImageOfPage":{"@id":"https:\/\/www.fecarotta.com\/it\/prodotto\/bulgari-b-zero1-anello-4\/#primaryimage"},"image":{"@id":"https:\/\/www.fecarotta.com\/it\/prodotto\/bulgari-b-zero1-anello-4\/#primaryimage"},"thumbnailUrl":"https:\/\/storage1208.cdn-immedia.net\/wp-content\/uploads\/2022\/04\/329341.jpeg","datePublished":"2022-04-07T07:59:50+00:00","dateModified":"2026-04-01T11:58:58+00:00","description":"Bulgari B.ZERO1 Anello. Scopri gioielli, accessori e profumi BVLGARI su fecarotta.com Gioiellieri in Italia da oltre 200 anni","breadcrumb":{"@id":"https:\/\/www.fecarotta.com\/it\/prodotto\/bulgari-b-zero1-anello-4\/#breadcrumb"},"inLanguage":"it-IT","potentialAction":[{"@type":"ReadAction","target":["https:\/\/www.fecarotta.com\/it\/prodotto\/bulgari-b-zero1-anello-4\/"]}]},{"@type":"ImageObject","inLanguage":"it-IT","@id":"https:\/\/www.fecarotta.com\/it\/prodotto\/bulgari-b-zero1-anello-4\/#primaryimage","url":"https:\/\/storage1208.cdn-immedia.net\/wp-content\/uploads\/2022\/04\/329341.jpeg","contentUrl":"https:\/\/storage1208.cdn-immedia.net\/wp-content\/uploads\/2022\/04\/329341.jpeg","width":1080,"height":1080},{"@type":"BreadcrumbList","@id":"https:\/\/www.fecarotta.com\/it\/prodotto\/bulgari-b-zero1-anello-4\/#breadcrumb","itemListElement":[{"@type":"ListItem","position":1,"name":"Home","item":"https:\/\/www.fecarotta.com\/it\/"},{"@type":"ListItem","position":2,"name":"Negozio","item":"https:\/\/www.fecarotta.com\/it\/negozio\/"},{"@type":"ListItem","position":3,"name":"Bulgari B.ZERO1 Anello"}]},{"@type":"WebSite","@id":"https:\/\/www.fecarotta.com\/it\/#website","url":"https:\/\/www.fecarotta.com\/it\/","name":"Fecarotta Gioielli","description":"","publisher":{"@id":"https:\/\/www.fecarotta.com\/it\/#organization"},"potentialAction":[{"@type":"SearchAction","target":{"@type":"EntryPoint","urlTemplate":"https:\/\/www.fecarotta.com\/it\/?s={search_term_string}"},"query-input":{"@type":"PropertyValueSpecification","valueRequired":true,"valueName":"search_term_string"}}],"inLanguage":"it-IT"},{"@type":"Organization","@id":"https:\/\/www.fecarotta.com\/it\/#organization","name":"Fecarotta Gioielli","url":"https:\/\/www.fecarotta.com\/it\/","logo":{"@type":"ImageObject","inLanguage":"it-IT","@id":"https:\/\/www.fecarotta.com\/it\/#\/schema\/logo\/image\/","url":"https:\/\/storage1208.cdn-immedia.net\/wp-content\/uploads\/2025\/03\/logo-gmb-fecarotta.jpg","contentUrl":"https:\/\/storage1208.cdn-immedia.net\/wp-content\/uploads\/2025\/03\/logo-gmb-fecarotta.jpg","width":500,"height":500,"caption":"Fecarotta Gioielli"},"image":{"@id":"https:\/\/www.fecarotta.com\/it\/#\/schema\/logo\/image\/"},"sameAs":["https:\/\/www.facebook.com\/fecarottagioielli","http:\/\/www.instagram.com\/fecarotta.it","https:\/\/www.linkedin.com\/company\/fecarotta-it\/","https:\/\/api.whatsapp.com\/send?phone=393913323691&text=Salve, vorrei qualche informazione in merito ai vostri prodotti."]}]}},"_links":{"self":[{"href":"https:\/\/www.fecarotta.com\/it\/wp-json\/wp\/v2\/product\/107693","targetHints":{"allow":["GET"]}}],"collection":[{"href":"https:\/\/www.fecarotta.com\/it\/wp-json\/wp\/v2\/product"}],"about":[{"href":"https:\/\/www.fecarotta.com\/it\/wp-json\/wp\/v2\/types\/product"}],"wp:featuredmedia":[{"embeddable":true,"href":"https:\/\/www.fecarotta.com\/it\/wp-json\/wp\/v2\/media\/107701"}],"wp:attachment":[{"href":"https:\/\/www.fecarotta.com\/it\/wp-json\/wp\/v2\/media?parent=107693"}],"wp:term":[{"taxonomy":"product_brand","embeddable":true,"href":"https:\/\/www.fecarotta.com\/it\/wp-json\/wp\/v2\/product_brand?post=107693"},{"taxonomy":"product_cat","embeddable":true,"href":"https:\/\/www.fecarotta.com\/it\/wp-json\/wp\/v2\/product_cat?post=107693"},{"taxonomy":"product_tag","embeddable":true,"href":"https:\/\/www.fecarotta.com\/it\/wp-json\/wp\/v2\/product_tag?post=107693"}],"curies":[{"name":"wp","href":"https:\/\/api.w.org\/{rel}","templated":true}]}}